{"id":10122,"date":"2022-10-07T17:01:48","date_gmt":"2022-10-07T17:01:48","guid":{"rendered":"http:\/\/lacomponella.com\/WordPress3\/?page_id=10122"},"modified":"2022-10-07T17:01:49","modified_gmt":"2022-10-07T17:01:49","slug":"miot-u-2022","status":"publish","type":"page","link":"https:\/\/lacomponella.com\/WordPress3\/?page_id=10122","title":{"rendered":"Miot U &#8211; 2022"},"content":{"rendered":"<p><span style=\"color: #993300;\"><strong>MIOT &#8222;U&#8221; &#8211; 6 szczeni\u0105t (4 suczki i 2 pieski).<\/strong><\/span><\/p>\n<p>To skojarzenie to powt\u00f3rka najbardziej udanego miotu w historii naszej hodowli czyli miotu B z roku 2020. Skojarzenie tej pary da\u0142o suczk\u0119 <strong>BATHSHEBA REA La Componella,<\/strong> kt\u00f3ra w roku 2021 zdoby\u0142a Mlodzie\u017cowe Zwyci\u0119stwo \u015awiata, czyli najwy\u017cszy tytu\u0142 jaki jest do zdobycia na wystawach. W roku 2021 osi\u0105gne\u0142a tak\u017ce tytu\u0142 M\u0142odzie\u017cowy Champion Polski. W roku 2022 osi\u0105gne\u0142a tytu\u0142 Champion Polski, rozpocz\u0119\u0142a Interchampionat, zdoby\u0142a Zwyciestwo S\u0142owacji, Zwyci\u0119stwo na Wystawie Champion\u00f3w. BATHSHEBA REA La Componella sta\u0142a ju\u017c na podium BIS\u00f3w czyli fina\u0142\u00f3w ca\u0142ej wystawy, na lokacie 1, 1 i 4.<\/p>\n<p><img fetchpriority=\"high\" decoding=\"async\" class=\"aligncenter size-full wp-image-9863\" src=\"http:\/\/lacomponella.com\/WordPress3\/wp-content\/uploads\/2022\/05\/IMG_1911.jpg\" alt=\"\" width=\"4747\" height=\"3835\" srcset=\"https:\/\/lacomponella.com\/WordPress3\/wp-content\/uploads\/2022\/05\/IMG_1911.jpg 4747w, https:\/\/lacomponella.com\/WordPress3\/wp-content\/uploads\/2022\/05\/IMG_1911-300x242.jpg 300w, https:\/\/lacomponella.com\/WordPress3\/wp-content\/uploads\/2022\/05\/IMG_1911-768x620.jpg 768w, https:\/\/lacomponella.com\/WordPress3\/wp-content\/uploads\/2022\/05\/IMG_1911-1024x827.jpg 1024w\" sizes=\"(max-width: 4747px) 100vw, 4747px\" \/><\/p>\n<p><strong><span style=\"color: #ff0000;\"><span style=\"color: #800080;\"><br \/>\n<span style=\"color: #008000;\">Ojciec:<\/span><\/span><\/span><\/strong><span style=\"color: #008000;\"><strong>VICTOR VALDES\u00a0du Chemin des Sorci\u00e9res<br \/>\nMatka: LITTLE MISS DAYDREAM Stary Machnac<\/strong><\/span><\/p>\n<p>Nasze szczeni\u0119ta po przebadanych rodzicach s\u0105 wolne od:<br \/>\n<strong>-SDCA1\u00a0 (wolny od ataxii)<\/strong><br \/>\n<strong>-SDCA2\u00a0 (wolny od ataxii)<br \/>\n<\/strong><strong>-Cardiomyopathy with Juvenile Mortality (wolny od kardiomiopatii)<\/strong><\/p>\n<p>Szczeni\u0119ta:<\/p>\n<p>UNPLUGGED &#8211; wolna suczka, w wystawowych r\u0119kach<br \/>\n<img decoding=\"async\" class=\"aligncenter size-full wp-image-10080\" src=\"http:\/\/lacomponella.com\/WordPress3\/wp-content\/uploads\/2022\/07\/Unplugged-suka-1.jpg\" alt=\"\" width=\"6000\" height=\"4000\" srcset=\"https:\/\/lacomponella.com\/WordPress3\/wp-content\/uploads\/2022\/07\/Unplugged-suka-1.jpg 6000w, https:\/\/lacomponella.com\/WordPress3\/wp-content\/uploads\/2022\/07\/Unplugged-suka-1-300x200.jpg 300w, https:\/\/lacomponella.com\/WordPress3\/wp-content\/uploads\/2022\/07\/Unplugged-suka-1-768x512.jpg 768w, https:\/\/lacomponella.com\/WordPress3\/wp-content\/uploads\/2022\/07\/Unplugged-suka-1-1024x683.jpg 1024w\" sizes=\"(max-width: 6000px) 100vw, 6000px\" \/> <img decoding=\"async\" class=\"aligncenter size-full wp-image-10081\" src=\"http:\/\/lacomponella.com\/WordPress3\/wp-content\/uploads\/2022\/07\/Unplugged-suka-5.jpg\" alt=\"\" width=\"3875\" height=\"5813\" srcset=\"https:\/\/lacomponella.com\/WordPress3\/wp-content\/uploads\/2022\/07\/Unplugged-suka-5.jpg 3875w, https:\/\/lacomponella.com\/WordPress3\/wp-content\/uploads\/2022\/07\/Unplugged-suka-5-200x300.jpg 200w, https:\/\/lacomponella.com\/WordPress3\/wp-content\/uploads\/2022\/07\/Unplugged-suka-5-768x1152.jpg 768w, https:\/\/lacomponella.com\/WordPress3\/wp-content\/uploads\/2022\/07\/Unplugged-suka-5-683x1024.jpg 683w\" sizes=\"(max-width: 3875px) 100vw, 3875px\" \/> <img loading=\"lazy\" decoding=\"async\" class=\"aligncenter size-full wp-image-10082\" src=\"http:\/\/lacomponella.com\/WordPress3\/wp-content\/uploads\/2022\/07\/Unplugged-suka-16.jpg\" alt=\"\" width=\"6000\" height=\"4000\" srcset=\"https:\/\/lacomponella.com\/WordPress3\/wp-content\/uploads\/2022\/07\/Unplugged-suka-16.jpg 6000w, https:\/\/lacomponella.com\/WordPress3\/wp-content\/uploads\/2022\/07\/Unplugged-suka-16-300x200.jpg 300w, https:\/\/lacomponella.com\/WordPress3\/wp-content\/uploads\/2022\/07\/Unplugged-suka-16-768x512.jpg 768w, https:\/\/lacomponella.com\/WordPress3\/wp-content\/uploads\/2022\/07\/Unplugged-suka-16-1024x683.jpg 1024w\" sizes=\"(max-width: 6000px) 100vw, 6000px\" \/> <img loading=\"lazy\" decoding=\"async\" class=\"aligncenter size-full wp-image-10083\" src=\"http:\/\/lacomponella.com\/WordPress3\/wp-content\/uploads\/2022\/07\/Unplugged-suka-8.jpg\" alt=\"\" width=\"4000\" height=\"6000\" srcset=\"https:\/\/lacomponella.com\/WordPress3\/wp-content\/uploads\/2022\/07\/Unplugged-suka-8.jpg 4000w, https:\/\/lacomponella.com\/WordPress3\/wp-content\/uploads\/2022\/07\/Unplugged-suka-8-200x300.jpg 200w, https:\/\/lacomponella.com\/WordPress3\/wp-content\/uploads\/2022\/07\/Unplugged-suka-8-768x1152.jpg 768w, https:\/\/lacomponella.com\/WordPress3\/wp-content\/uploads\/2022\/07\/Unplugged-suka-8-683x1024.jpg 683w\" sizes=\"(max-width: 4000px) 100vw, 4000px\" \/> <img loading=\"lazy\" decoding=\"async\" class=\"aligncenter size-full wp-image-10084\" src=\"http:\/\/lacomponella.com\/WordPress3\/wp-content\/uploads\/2022\/07\/Unplugged-suka-10.jpg\" alt=\"\" width=\"4000\" height=\"6000\" srcset=\"https:\/\/lacomponella.com\/WordPress3\/wp-content\/uploads\/2022\/07\/Unplugged-suka-10.jpg 4000w, https:\/\/lacomponella.com\/WordPress3\/wp-content\/uploads\/2022\/07\/Unplugged-suka-10-200x300.jpg 200w, https:\/\/lacomponella.com\/WordPress3\/wp-content\/uploads\/2022\/07\/Unplugged-suka-10-768x1152.jpg 768w, https:\/\/lacomponella.com\/WordPress3\/wp-content\/uploads\/2022\/07\/Unplugged-suka-10-683x1024.jpg 683w\" sizes=\"(max-width: 4000px) 100vw, 4000px\" \/><\/p>\n<h6><span style=\"color: #008000;\">Szczeniaki w pierwszych 2 tygodniach \u017cycia<\/span><img loading=\"lazy\" decoding=\"async\" class=\"aligncenter size-full wp-image-9255\" src=\"http:\/\/lacomponella.com\/WordPress3\/wp-content\/uploads\/2022\/02\/IMG_1777.jpg\" alt=\"\" width=\"2399\" height=\"1514\" srcset=\"https:\/\/lacomponella.com\/WordPress3\/wp-content\/uploads\/2022\/02\/IMG_1777.jpg 2399w, https:\/\/lacomponella.com\/WordPress3\/wp-content\/uploads\/2022\/02\/IMG_1777-300x189.jpg 300w, https:\/\/lacomponella.com\/WordPress3\/wp-content\/uploads\/2022\/02\/IMG_1777-768x485.jpg 768w, https:\/\/lacomponella.com\/WordPress3\/wp-content\/uploads\/2022\/02\/IMG_1777-1024x646.jpg 1024w\" sizes=\"(max-width: 2399px) 100vw, 2399px\" \/> <img loading=\"lazy\" decoding=\"async\" class=\"aligncenter size-full wp-image-9256\" src=\"http:\/\/lacomponella.com\/WordPress3\/wp-content\/uploads\/2022\/02\/IMG_1789.jpg\" alt=\"\" width=\"2400\" height=\"1600\" srcset=\"https:\/\/lacomponella.com\/WordPress3\/wp-content\/uploads\/2022\/02\/IMG_1789.jpg 2400w, https:\/\/lacomponella.com\/WordPress3\/wp-content\/uploads\/2022\/02\/IMG_1789-300x200.jpg 300w, https:\/\/lacomponella.com\/WordPress3\/wp-content\/uploads\/2022\/02\/IMG_1789-768x512.jpg 768w, https:\/\/lacomponella.com\/WordPress3\/wp-content\/uploads\/2022\/02\/IMG_1789-1024x683.jpg 1024w\" sizes=\"(max-width: 2400px) 100vw, 2400px\" \/> <img loading=\"lazy\" decoding=\"async\" class=\"aligncenter size-full wp-image-9257\" src=\"http:\/\/lacomponella.com\/WordPress3\/wp-content\/uploads\/2022\/02\/IMG_1803.jpg\" alt=\"\" width=\"2230\" height=\"1429\" srcset=\"https:\/\/lacomponella.com\/WordPress3\/wp-content\/uploads\/2022\/02\/IMG_1803.jpg 2230w, https:\/\/lacomponella.com\/WordPress3\/wp-content\/uploads\/2022\/02\/IMG_1803-300x192.jpg 300w, https:\/\/lacomponella.com\/WordPress3\/wp-content\/uploads\/2022\/02\/IMG_1803-768x492.jpg 768w, https:\/\/lacomponella.com\/WordPress3\/wp-content\/uploads\/2022\/02\/IMG_1803-1024x656.jpg 1024w\" sizes=\"(max-width: 2230px) 100vw, 2230px\" \/> <img loading=\"lazy\" decoding=\"async\" class=\"aligncenter size-full wp-image-9258\" src=\"http:\/\/lacomponella.com\/WordPress3\/wp-content\/uploads\/2022\/02\/IMG_1804.jpg\" alt=\"\" width=\"1823\" height=\"1428\" srcset=\"https:\/\/lacomponella.com\/WordPress3\/wp-content\/uploads\/2022\/02\/IMG_1804.jpg 1823w, https:\/\/lacomponella.com\/WordPress3\/wp-content\/uploads\/2022\/02\/IMG_1804-300x235.jpg 300w, https:\/\/lacomponella.com\/WordPress3\/wp-content\/uploads\/2022\/02\/IMG_1804-768x602.jpg 768w, https:\/\/lacomponella.com\/WordPress3\/wp-content\/uploads\/2022\/02\/IMG_1804-1024x802.jpg 1024w\" sizes=\"(max-width: 1823px) 100vw, 1823px\" \/> <img loading=\"lazy\" decoding=\"async\" class=\"aligncenter size-full wp-image-9259\" src=\"http:\/\/lacomponella.com\/WordPress3\/wp-content\/uploads\/2022\/02\/IMG_1807.jpg\" alt=\"\" width=\"2400\" height=\"1600\" srcset=\"https:\/\/lacomponella.com\/WordPress3\/wp-content\/uploads\/2022\/02\/IMG_1807.jpg 2400w, https:\/\/lacomponella.com\/WordPress3\/wp-content\/uploads\/2022\/02\/IMG_1807-300x200.jpg 300w, https:\/\/lacomponella.com\/WordPress3\/wp-content\/uploads\/2022\/02\/IMG_1807-768x512.jpg 768w, https:\/\/lacomponella.com\/WordPress3\/wp-content\/uploads\/2022\/02\/IMG_1807-1024x683.jpg 1024w\" sizes=\"(max-width: 2400px) 100vw, 2400px\" \/> <img loading=\"lazy\" decoding=\"async\" class=\"aligncenter size-full wp-image-9260\" src=\"http:\/\/lacomponella.com\/WordPress3\/wp-content\/uploads\/2022\/02\/IMG_1809.jpg\" alt=\"\" width=\"2400\" height=\"1600\" srcset=\"https:\/\/lacomponella.com\/WordPress3\/wp-content\/uploads\/2022\/02\/IMG_1809.jpg 2400w, https:\/\/lacomponella.com\/WordPress3\/wp-content\/uploads\/2022\/02\/IMG_1809-300x200.jpg 300w, https:\/\/lacomponella.com\/WordPress3\/wp-content\/uploads\/2022\/02\/IMG_1809-768x512.jpg 768w, https:\/\/lacomponella.com\/WordPress3\/wp-content\/uploads\/2022\/02\/IMG_1809-1024x683.jpg 1024w\" sizes=\"(max-width: 2400px) 100vw, 2400px\" \/> <img loading=\"lazy\" decoding=\"async\" class=\"aligncenter size-full wp-image-9261\" src=\"http:\/\/lacomponella.com\/WordPress3\/wp-content\/uploads\/2022\/02\/IMG_1812.jpg\" alt=\"\" width=\"1922\" height=\"1391\" srcset=\"https:\/\/lacomponella.com\/WordPress3\/wp-content\/uploads\/2022\/02\/IMG_1812.jpg 1922w, https:\/\/lacomponella.com\/WordPress3\/wp-content\/uploads\/2022\/02\/IMG_1812-300x217.jpg 300w, https:\/\/lacomponella.com\/WordPress3\/wp-content\/uploads\/2022\/02\/IMG_1812-768x556.jpg 768w, https:\/\/lacomponella.com\/WordPress3\/wp-content\/uploads\/2022\/02\/IMG_1812-1024x741.jpg 1024w\" sizes=\"(max-width: 1922px) 100vw, 1922px\" \/> <img loading=\"lazy\" decoding=\"async\" class=\"aligncenter size-full wp-image-9262\" src=\"http:\/\/lacomponella.com\/WordPress3\/wp-content\/uploads\/2022\/02\/IMG_1814.jpg\" alt=\"\" width=\"1854\" height=\"1594\" srcset=\"https:\/\/lacomponella.com\/WordPress3\/wp-content\/uploads\/2022\/02\/IMG_1814.jpg 1854w, https:\/\/lacomponella.com\/WordPress3\/wp-content\/uploads\/2022\/02\/IMG_1814-300x258.jpg 300w, https:\/\/lacomponella.com\/WordPress3\/wp-content\/uploads\/2022\/02\/IMG_1814-768x660.jpg 768w, https:\/\/lacomponella.com\/WordPress3\/wp-content\/uploads\/2022\/02\/IMG_1814-1024x880.jpg 1024w\" sizes=\"(max-width: 1854px) 100vw, 1854px\" \/> <img loading=\"lazy\" decoding=\"async\" class=\"aligncenter size-full wp-image-9263\" src=\"http:\/\/lacomponella.com\/WordPress3\/wp-content\/uploads\/2022\/02\/IMG_1817.jpg\" alt=\"\" width=\"2400\" height=\"1600\" srcset=\"https:\/\/lacomponella.com\/WordPress3\/wp-content\/uploads\/2022\/02\/IMG_1817.jpg 2400w, https:\/\/lacomponella.com\/WordPress3\/wp-content\/uploads\/2022\/02\/IMG_1817-300x200.jpg 300w, https:\/\/lacomponella.com\/WordPress3\/wp-content\/uploads\/2022\/02\/IMG_1817-768x512.jpg 768w, https:\/\/lacomponella.com\/WordPress3\/wp-content\/uploads\/2022\/02\/IMG_1817-1024x683.jpg 1024w\" sizes=\"(max-width: 2400px) 100vw, 2400px\" \/> <img loading=\"lazy\" decoding=\"async\" class=\"aligncenter size-full wp-image-9264\" src=\"http:\/\/lacomponella.com\/WordPress3\/wp-content\/uploads\/2022\/02\/IMG_1818.jpg\" alt=\"\" width=\"2020\" height=\"1492\" srcset=\"https:\/\/lacomponella.com\/WordPress3\/wp-content\/uploads\/2022\/02\/IMG_1818.jpg 2020w, https:\/\/lacomponella.com\/WordPress3\/wp-content\/uploads\/2022\/02\/IMG_1818-300x222.jpg 300w, https:\/\/lacomponella.com\/WordPress3\/wp-content\/uploads\/2022\/02\/IMG_1818-768x567.jpg 768w, https:\/\/lacomponella.com\/WordPress3\/wp-content\/uploads\/2022\/02\/IMG_1818-1024x756.jpg 1024w\" sizes=\"(max-width: 2020px) 100vw, 2020px\" \/> <img loading=\"lazy\" decoding=\"async\" class=\"aligncenter size-full wp-image-9265\" src=\"http:\/\/lacomponella.com\/WordPress3\/wp-content\/uploads\/2022\/02\/IMG_1820.jpg\" alt=\"\" width=\"1188\" height=\"1356\" srcset=\"https:\/\/lacomponella.com\/WordPress3\/wp-content\/uploads\/2022\/02\/IMG_1820.jpg 1188w, https:\/\/lacomponella.com\/WordPress3\/wp-content\/uploads\/2022\/02\/IMG_1820-263x300.jpg 263w, https:\/\/lacomponella.com\/WordPress3\/wp-content\/uploads\/2022\/02\/IMG_1820-768x877.jpg 768w, https:\/\/lacomponella.com\/WordPress3\/wp-content\/uploads\/2022\/02\/IMG_1820-897x1024.jpg 897w\" sizes=\"(max-width: 1188px) 100vw, 1188px\" \/> <img loading=\"lazy\" decoding=\"async\" class=\"aligncenter size-full wp-image-9266\" src=\"http:\/\/lacomponella.com\/WordPress3\/wp-content\/uploads\/2022\/02\/IMG_1830.jpg\" alt=\"\" width=\"2400\" height=\"1600\" srcset=\"https:\/\/lacomponella.com\/WordPress3\/wp-content\/uploads\/2022\/02\/IMG_1830.jpg 2400w, https:\/\/lacomponella.com\/WordPress3\/wp-content\/uploads\/2022\/02\/IMG_1830-300x200.jpg 300w, https:\/\/lacomponella.com\/WordPress3\/wp-content\/uploads\/2022\/02\/IMG_1830-768x512.jpg 768w, https:\/\/lacomponella.com\/WordPress3\/wp-content\/uploads\/2022\/02\/IMG_1830-1024x683.jpg 1024w\" sizes=\"(max-width: 2400px) 100vw, 2400px\" \/> <img loading=\"lazy\" decoding=\"async\" class=\"aligncenter size-full wp-image-9267\" src=\"http:\/\/lacomponella.com\/WordPress3\/wp-content\/uploads\/2022\/02\/IMG_1831.jpg\" alt=\"\" width=\"2400\" height=\"1600\" srcset=\"https:\/\/lacomponella.com\/WordPress3\/wp-content\/uploads\/2022\/02\/IMG_1831.jpg 2400w, https:\/\/lacomponella.com\/WordPress3\/wp-content\/uploads\/2022\/02\/IMG_1831-300x200.jpg 300w, https:\/\/lacomponella.com\/WordPress3\/wp-content\/uploads\/2022\/02\/IMG_1831-768x512.jpg 768w, https:\/\/lacomponella.com\/WordPress3\/wp-content\/uploads\/2022\/02\/IMG_1831-1024x683.jpg 1024w\" sizes=\"(max-width: 2400px) 100vw, 2400px\" \/><\/h6>\n<p><strong>Ojcem obu miot\u00f3w zosta\u0142:<br \/>\nNajlepszy Reproduktor roku 2020 i 2021<br \/>\nZwyci\u0119zca Klubu<br \/>\nojciec M\u0142odzie\u017cowego Zwyci\u0119zcy \u015awiata 2021<br \/>\nChampion<br \/>\nVICTOR VALDES\u00a0du Chemin des Sorci\u00e9res<\/strong><img loading=\"lazy\" decoding=\"async\" class=\"aligncenter size-full wp-image-7269\" src=\"http:\/\/lacomponella.com\/WordPress3\/wp-content\/uploads\/2019\/12\/IMG_0827.jpg\" alt=\"\" width=\"1945\" height=\"3207\" srcset=\"https:\/\/lacomponella.com\/WordPress3\/wp-content\/uploads\/2019\/12\/IMG_0827.jpg 1945w, https:\/\/lacomponella.com\/WordPress3\/wp-content\/uploads\/2019\/12\/IMG_0827-182x300.jpg 182w, https:\/\/lacomponella.com\/WordPress3\/wp-content\/uploads\/2019\/12\/IMG_0827-768x1266.jpg 768w, https:\/\/lacomponella.com\/WordPress3\/wp-content\/uploads\/2019\/12\/IMG_0827-621x1024.jpg 621w\" sizes=\"(max-width: 1945px) 100vw, 1945px\" \/><\/p>\n<p>&#8212;&#8212;&#8212;- &#8212;&#8212;&#8212;&#8212;&#8212;- &#8212;&#8212;&#8212;&#8212;-<\/p>\n<p>Nasze szczeni\u0119ta\u00a0Owczarka Belgijskiego Groenendael mieszkaj\u0105 na ca\u0142ym\u00a0\u015bwiecie: USA, Kanada, Belgia, Holandia, Szwecja, Niemcy, Litwa, Irlandia, Finlandia, Anglia, Pakistan, Tajlandia i Polska. Wiele z nich b\u0119dzie uczestniczy\u0107 w wystawach i godnie reprezentowa\u0107 nasz\u0105 hodowl\u0119.<\/p>\n","protected":false},"excerpt":{"rendered":"<p>MIOT &#8222;U&#8221; &#8211; 6 szczeni\u0105t (4 suczki i 2 pieski). To skojarzenie to powt\u00f3rka najbardziej udanego miotu w historii naszej hodowli czyli miotu B z roku 2020. Skojarzenie tej pary da\u0142o suczk\u0119 BATHSHEBA REA La Componella, kt\u00f3ra w roku 2021 zdoby\u0142a Mlodzie\u017cowe Zwyci\u0119stwo \u015awiata, czyli najwy\u017cszy tytu\u0142 jaki jest do zdobycia na wystawach. W roku [&hellip;]<\/p>\n","protected":false},"author":1,"featured_media":0,"parent":0,"menu_order":0,"comment_status":"closed","ping_status":"closed","template":"","meta":{"footnotes":""},"class_list":["post-10122","page","type-page","status-publish","hentry"],"yoast_head":"<!-- This site is optimized with the Yoast SEO plugin v27.5 - https:\/\/yoast.com\/product\/yoast-seo-wordpress\/ -->\n<title>Miot U - 2022 - La Componella FCI<\/title>\n<meta name=\"robots\" content=\"index, follow, max-snippet:-1, max-image-preview:large, max-video-preview:-1\" \/>\n<link rel=\"canonical\" href=\"https:\/\/lacomponella.com\/WordPress3\/?page_id=10122\" \/>\n<meta property=\"og:locale\" content=\"pl_PL\" \/>\n<meta property=\"og:type\" content=\"article\" \/>\n<meta property=\"og:title\" content=\"Miot U - 2022 - La Componella FCI\" \/>\n<meta property=\"og:description\" content=\"MIOT &#8222;U&#8221; &#8211; 6 szczeni\u0105t (4 suczki i 2 pieski). To skojarzenie to powt\u00f3rka najbardziej udanego miotu w historii naszej hodowli czyli miotu B z roku 2020. Skojarzenie tej pary da\u0142o suczk\u0119 BATHSHEBA REA La Componella, kt\u00f3ra w roku 2021 zdoby\u0142a Mlodzie\u017cowe Zwyci\u0119stwo \u015awiata, czyli najwy\u017cszy tytu\u0142 jaki jest do zdobycia na wystawach. W roku [&hellip;]\" \/>\n<meta property=\"og:url\" content=\"https:\/\/lacomponella.com\/WordPress3\/?page_id=10122\" \/>\n<meta property=\"og:site_name\" content=\"La Componella FCI\" \/>\n<meta property=\"article:modified_time\" content=\"2022-10-07T17:01:49+00:00\" \/>\n<meta property=\"og:image\" content=\"https:\/\/lacomponella.com\/WordPress3\/wp-content\/uploads\/2022\/05\/IMG_1911-1024x827.jpg\" \/>\n\t<meta property=\"og:image:width\" content=\"1024\" \/>\n\t<meta property=\"og:image:height\" content=\"827\" \/>\n\t<meta property=\"og:image:type\" content=\"image\/jpeg\" \/>\n<meta name=\"twitter:card\" content=\"summary_large_image\" \/>\n<meta name=\"twitter:label1\" content=\"Szacowany czas czytania\" \/>\n\t<meta name=\"twitter:data1\" content=\"1 minuta\" \/>\n<script type=\"application\/ld+json\" class=\"yoast-schema-graph\">{\"@context\":\"https:\\\/\\\/schema.org\",\"@graph\":[{\"@type\":\"WebPage\",\"@id\":\"https:\\\/\\\/lacomponella.com\\\/WordPress3\\\/?page_id=10122\",\"url\":\"https:\\\/\\\/lacomponella.com\\\/WordPress3\\\/?page_id=10122\",\"name\":\"Miot U - 2022 - La Componella FCI\",\"isPartOf\":{\"@id\":\"https:\\\/\\\/lacomponella.com\\\/WordPress3\\\/#website\"},\"primaryImageOfPage\":{\"@id\":\"https:\\\/\\\/lacomponella.com\\\/WordPress3\\\/?page_id=10122#primaryimage\"},\"image\":{\"@id\":\"https:\\\/\\\/lacomponella.com\\\/WordPress3\\\/?page_id=10122#primaryimage\"},\"thumbnailUrl\":\"http:\\\/\\\/lacomponella.com\\\/WordPress3\\\/wp-content\\\/uploads\\\/2022\\\/05\\\/IMG_1911.jpg\",\"datePublished\":\"2022-10-07T17:01:48+00:00\",\"dateModified\":\"2022-10-07T17:01:49+00:00\",\"breadcrumb\":{\"@id\":\"https:\\\/\\\/lacomponella.com\\\/WordPress3\\\/?page_id=10122#breadcrumb\"},\"inLanguage\":\"pl-PL\",\"potentialAction\":[{\"@type\":\"ReadAction\",\"target\":[\"https:\\\/\\\/lacomponella.com\\\/WordPress3\\\/?page_id=10122\"]}]},{\"@type\":\"ImageObject\",\"inLanguage\":\"pl-PL\",\"@id\":\"https:\\\/\\\/lacomponella.com\\\/WordPress3\\\/?page_id=10122#primaryimage\",\"url\":\"https:\\\/\\\/lacomponella.com\\\/WordPress3\\\/wp-content\\\/uploads\\\/2022\\\/05\\\/IMG_1911.jpg\",\"contentUrl\":\"https:\\\/\\\/lacomponella.com\\\/WordPress3\\\/wp-content\\\/uploads\\\/2022\\\/05\\\/IMG_1911.jpg\",\"width\":4747,\"height\":3835},{\"@type\":\"BreadcrumbList\",\"@id\":\"https:\\\/\\\/lacomponella.com\\\/WordPress3\\\/?page_id=10122#breadcrumb\",\"itemListElement\":[{\"@type\":\"ListItem\",\"position\":1,\"name\":\"Strona g\u0142\u00f3wna\",\"item\":\"https:\\\/\\\/lacomponella.com\\\/WordPress3\\\/?page_id=4991\"},{\"@type\":\"ListItem\",\"position\":2,\"name\":\"Miot U &#8211; 2022\"}]},{\"@type\":\"WebSite\",\"@id\":\"https:\\\/\\\/lacomponella.com\\\/WordPress3\\\/#website\",\"url\":\"https:\\\/\\\/lacomponella.com\\\/WordPress3\\\/\",\"name\":\"La Componella FCI\",\"description\":\"Hodowla Dog Niemiecki, Xolo i Owczarek Belgijski\",\"potentialAction\":[{\"@type\":\"SearchAction\",\"target\":{\"@type\":\"EntryPoint\",\"urlTemplate\":\"https:\\\/\\\/lacomponella.com\\\/WordPress3\\\/?s={search_term_string}\"},\"query-input\":{\"@type\":\"PropertyValueSpecification\",\"valueRequired\":true,\"valueName\":\"search_term_string\"}}],\"inLanguage\":\"pl-PL\"}]}<\/script>\n<!-- \/ Yoast SEO plugin. -->","yoast_head_json":{"title":"Miot U - 2022 - La Componella FCI","robots":{"index":"index","follow":"follow","max-snippet":"max-snippet:-1","max-image-preview":"max-image-preview:large","max-video-preview":"max-video-preview:-1"},"canonical":"https:\/\/lacomponella.com\/WordPress3\/?page_id=10122","og_locale":"pl_PL","og_type":"article","og_title":"Miot U - 2022 - La Componella FCI","og_description":"MIOT &#8222;U&#8221; &#8211; 6 szczeni\u0105t (4 suczki i 2 pieski). To skojarzenie to powt\u00f3rka najbardziej udanego miotu w historii naszej hodowli czyli miotu B z roku 2020. Skojarzenie tej pary da\u0142o suczk\u0119 BATHSHEBA REA La Componella, kt\u00f3ra w roku 2021 zdoby\u0142a Mlodzie\u017cowe Zwyci\u0119stwo \u015awiata, czyli najwy\u017cszy tytu\u0142 jaki jest do zdobycia na wystawach. W roku [&hellip;]","og_url":"https:\/\/lacomponella.com\/WordPress3\/?page_id=10122","og_site_name":"La Componella FCI","article_modified_time":"2022-10-07T17:01:49+00:00","og_image":[{"width":1024,"height":827,"url":"https:\/\/lacomponella.com\/WordPress3\/wp-content\/uploads\/2022\/05\/IMG_1911-1024x827.jpg","type":"image\/jpeg"}],"twitter_card":"summary_large_image","twitter_misc":{"Szacowany czas czytania":"1 minuta"},"schema":{"@context":"https:\/\/schema.org","@graph":[{"@type":"WebPage","@id":"https:\/\/lacomponella.com\/WordPress3\/?page_id=10122","url":"https:\/\/lacomponella.com\/WordPress3\/?page_id=10122","name":"Miot U - 2022 - La Componella FCI","isPartOf":{"@id":"https:\/\/lacomponella.com\/WordPress3\/#website"},"primaryImageOfPage":{"@id":"https:\/\/lacomponella.com\/WordPress3\/?page_id=10122#primaryimage"},"image":{"@id":"https:\/\/lacomponella.com\/WordPress3\/?page_id=10122#primaryimage"},"thumbnailUrl":"http:\/\/lacomponella.com\/WordPress3\/wp-content\/uploads\/2022\/05\/IMG_1911.jpg","datePublished":"2022-10-07T17:01:48+00:00","dateModified":"2022-10-07T17:01:49+00:00","breadcrumb":{"@id":"https:\/\/lacomponella.com\/WordPress3\/?page_id=10122#breadcrumb"},"inLanguage":"pl-PL","potentialAction":[{"@type":"ReadAction","target":["https:\/\/lacomponella.com\/WordPress3\/?page_id=10122"]}]},{"@type":"ImageObject","inLanguage":"pl-PL","@id":"https:\/\/lacomponella.com\/WordPress3\/?page_id=10122#primaryimage","url":"https:\/\/lacomponella.com\/WordPress3\/wp-content\/uploads\/2022\/05\/IMG_1911.jpg","contentUrl":"https:\/\/lacomponella.com\/WordPress3\/wp-content\/uploads\/2022\/05\/IMG_1911.jpg","width":4747,"height":3835},{"@type":"BreadcrumbList","@id":"https:\/\/lacomponella.com\/WordPress3\/?page_id=10122#breadcrumb","itemListElement":[{"@type":"ListItem","position":1,"name":"Strona g\u0142\u00f3wna","item":"https:\/\/lacomponella.com\/WordPress3\/?page_id=4991"},{"@type":"ListItem","position":2,"name":"Miot U &#8211; 2022"}]},{"@type":"WebSite","@id":"https:\/\/lacomponella.com\/WordPress3\/#website","url":"https:\/\/lacomponella.com\/WordPress3\/","name":"La Componella FCI","description":"Hodowla Dog Niemiecki, Xolo i Owczarek Belgijski","potentialAction":[{"@type":"SearchAction","target":{"@type":"EntryPoint","urlTemplate":"https:\/\/lacomponella.com\/WordPress3\/?s={search_term_string}"},"query-input":{"@type":"PropertyValueSpecification","valueRequired":true,"valueName":"search_term_string"}}],"inLanguage":"pl-PL"}]}},"_links":{"self":[{"href":"https:\/\/lacomponella.com\/WordPress3\/index.php?rest_route=\/wp\/v2\/pages\/10122","targetHints":{"allow":["GET"]}}],"collection":[{"href":"https:\/\/lacomponella.com\/WordPress3\/index.php?rest_route=\/wp\/v2\/pages"}],"about":[{"href":"https:\/\/lacomponella.com\/WordPress3\/index.php?rest_route=\/wp\/v2\/types\/page"}],"author":[{"embeddable":true,"href":"https:\/\/lacomponella.com\/WordPress3\/index.php?rest_route=\/wp\/v2\/users\/1"}],"replies":[{"embeddable":true,"href":"https:\/\/lacomponella.com\/WordPress3\/index.php?rest_route=%2Fwp%2Fv2%2Fcomments&post=10122"}],"version-history":[{"count":1,"href":"https:\/\/lacomponella.com\/WordPress3\/index.php?rest_route=\/wp\/v2\/pages\/10122\/revisions"}],"predecessor-version":[{"id":10123,"href":"https:\/\/lacomponella.com\/WordPress3\/index.php?rest_route=\/wp\/v2\/pages\/10122\/revisions\/10123"}],"wp:attachment":[{"href":"https:\/\/lacomponella.com\/WordPress3\/index.php?rest_route=%2Fwp%2Fv2%2Fmedia&parent=10122"}],"curies":[{"name":"wp","href":"https:\/\/api.w.org\/{rel}","templated":true}]}}