{"id":10189,"date":"2022-10-08T16:57:12","date_gmt":"2022-10-08T16:57:12","guid":{"rendered":"http:\/\/lacomponella.com\/WordPress3\/?page_id=10189"},"modified":"2026-02-24T01:20:45","modified_gmt":"2026-02-24T01:20:45","slug":"origami-s-vershiny-in-yan","status":"publish","type":"page","link":"https:\/\/lacomponella.com\/WordPress3\/?page_id=10189","title":{"rendered":"ORIGAMI s Vershiny In-Yan"},"content":{"rendered":"<p style=\"text-align: center;\"><span style=\"color: #ff0000;\"><strong>suka hodowlana<\/strong><\/span><br \/>\n<span style=\"color: #ff0000;\"><strong>import z Rosji<\/strong><\/span><\/p>\n<p><span style=\"color: #0000ff;\"><strong>wnuczka naszego Juliusza Cezara:) to by\u0142 pow\u00f3d jej sprowadzenia do naszej hodowli<\/strong><\/span><\/p>\n<p><span style=\"color: #008000;\"><strong>Ma najlepszy charakter na \u015bwiecie. Kocha dzieci i jest bardzo delikatna.<\/strong><\/span><\/p>\n<p><span style=\"color: #ff0000;\"><strong>ur.27.09.2020<br \/>\n<img fetchpriority=\"high\" decoding=\"async\" class=\"aligncenter size-full wp-image-13138\" src=\"https:\/\/lacomponella.com\/WordPress3\/wp-content\/uploads\/2026\/02\/1749931549874.jpg\" alt=\"\" width=\"720\" height=\"959\" srcset=\"https:\/\/lacomponella.com\/WordPress3\/wp-content\/uploads\/2026\/02\/1749931549874.jpg 720w, https:\/\/lacomponella.com\/WordPress3\/wp-content\/uploads\/2026\/02\/1749931549874-225x300.jpg 225w\" sizes=\"(max-width: 720px) 100vw, 720px\" \/><br \/>\n<\/strong><\/span><\/p>\n<p><span style=\"color: #ff0000;\"><strong> <img decoding=\"async\" class=\"aligncenter size-large wp-image-13139\" src=\"https:\/\/lacomponella.com\/WordPress3\/wp-content\/uploads\/2026\/02\/1749931555520.jpg\" alt=\"\" width=\"720\" height=\"651\" srcset=\"https:\/\/lacomponella.com\/WordPress3\/wp-content\/uploads\/2026\/02\/1749931555520.jpg 720w, https:\/\/lacomponella.com\/WordPress3\/wp-content\/uploads\/2026\/02\/1749931555520-300x271.jpg 300w\" sizes=\"(max-width: 720px) 100vw, 720px\" \/><\/strong><\/span><\/p>\n<div style=\"width: 1170px;\" class=\"wp-video\"><!--[if lt IE 9]><script>document.createElement('video');<\/script><![endif]-->\n<video class=\"wp-video-shortcode\" id=\"video-10189-1\" width=\"1170\" height=\"527\" preload=\"metadata\" controls=\"controls\"><source type=\"video\/mp4\" src=\"https:\/\/lacomponella.com\/WordPress3\/wp-content\/uploads\/2026\/02\/VID_20250711_182658501.mp4?_=1\" \/><a href=\"https:\/\/lacomponella.com\/WordPress3\/wp-content\/uploads\/2026\/02\/VID_20250711_182658501.mp4\">https:\/\/lacomponella.com\/WordPress3\/wp-content\/uploads\/2026\/02\/VID_20250711_182658501.mp4<\/a><\/video><\/div>\n<div style=\"width: 1170px;\" class=\"wp-video\"><video class=\"wp-video-shortcode\" id=\"video-10189-2\" width=\"1170\" height=\"527\" preload=\"metadata\" controls=\"controls\"><source type=\"video\/mp4\" src=\"https:\/\/lacomponella.com\/WordPress3\/wp-content\/uploads\/2026\/02\/VID_20250830_195132031.mp4?_=2\" \/><a href=\"https:\/\/lacomponella.com\/WordPress3\/wp-content\/uploads\/2026\/02\/VID_20250830_195132031.mp4\">https:\/\/lacomponella.com\/WordPress3\/wp-content\/uploads\/2026\/02\/VID_20250830_195132031.mp4<\/a><\/video><\/div>\n<div style=\"width: 1170px;\" class=\"wp-video\"><video class=\"wp-video-shortcode\" id=\"video-10189-3\" width=\"1170\" height=\"527\" preload=\"metadata\" controls=\"controls\"><source type=\"video\/mp4\" src=\"https:\/\/lacomponella.com\/WordPress3\/wp-content\/uploads\/2026\/02\/VID_20250830_195202521.mp4?_=3\" \/><a href=\"https:\/\/lacomponella.com\/WordPress3\/wp-content\/uploads\/2026\/02\/VID_20250830_195202521.mp4\">https:\/\/lacomponella.com\/WordPress3\/wp-content\/uploads\/2026\/02\/VID_20250830_195202521.mp4<\/a><\/video><\/div>\n<p>&nbsp;<\/p>\n<p><strong><img decoding=\"async\" class=\"aligncenter size-full wp-image-10192\" src=\"http:\/\/lacomponella.com\/WordPress3\/wp-content\/uploads\/2022\/10\/IMG_9369-1.jpg\" alt=\"\" width=\"3984\" height=\"2656\" srcset=\"https:\/\/lacomponella.com\/WordPress3\/wp-content\/uploads\/2022\/10\/IMG_9369-1.jpg 3984w, https:\/\/lacomponella.com\/WordPress3\/wp-content\/uploads\/2022\/10\/IMG_9369-1-300x200.jpg 300w, https:\/\/lacomponella.com\/WordPress3\/wp-content\/uploads\/2022\/10\/IMG_9369-1-768x512.jpg 768w, https:\/\/lacomponella.com\/WordPress3\/wp-content\/uploads\/2022\/10\/IMG_9369-1-1024x683.jpg 1024w\" sizes=\"(max-width: 3984px) 100vw, 3984px\" \/><\/strong><\/p>\n<p>rodzice Ori:)<br \/>\n<img loading=\"lazy\" decoding=\"async\" class=\"aligncenter size-full wp-image-10207\" src=\"http:\/\/lacomponella.com\/WordPress3\/wp-content\/uploads\/2022\/10\/106811729_3005810146213736_2104219732020965475_o.jpg\" alt=\"\" width=\"1296\" height=\"1944\" srcset=\"https:\/\/lacomponella.com\/WordPress3\/wp-content\/uploads\/2022\/10\/106811729_3005810146213736_2104219732020965475_o.jpg 1296w, https:\/\/lacomponella.com\/WordPress3\/wp-content\/uploads\/2022\/10\/106811729_3005810146213736_2104219732020965475_o-200x300.jpg 200w, https:\/\/lacomponella.com\/WordPress3\/wp-content\/uploads\/2022\/10\/106811729_3005810146213736_2104219732020965475_o-768x1152.jpg 768w, https:\/\/lacomponella.com\/WordPress3\/wp-content\/uploads\/2022\/10\/106811729_3005810146213736_2104219732020965475_o-683x1024.jpg 683w\" sizes=\"(max-width: 1296px) 100vw, 1296px\" \/> <img loading=\"lazy\" decoding=\"async\" class=\"aligncenter size-full wp-image-10206\" src=\"http:\/\/lacomponella.com\/WordPress3\/wp-content\/uploads\/2022\/10\/92586205_2793966944064725_7682478774826303488_o.jpg\" alt=\"\" width=\"760\" height=\"1611\" srcset=\"https:\/\/lacomponella.com\/WordPress3\/wp-content\/uploads\/2022\/10\/92586205_2793966944064725_7682478774826303488_o.jpg 760w, https:\/\/lacomponella.com\/WordPress3\/wp-content\/uploads\/2022\/10\/92586205_2793966944064725_7682478774826303488_o-142x300.jpg 142w, https:\/\/lacomponella.com\/WordPress3\/wp-content\/uploads\/2022\/10\/92586205_2793966944064725_7682478774826303488_o-483x1024.jpg 483w\" sizes=\"(max-width: 760px) 100vw, 760px\" \/> <img loading=\"lazy\" decoding=\"async\" class=\"aligncenter size-full wp-image-10205\" src=\"http:\/\/lacomponella.com\/WordPress3\/wp-content\/uploads\/2022\/10\/92527825_536233139421315072_o.jpg\" alt=\"\" width=\"701\" height=\"1080\" srcset=\"https:\/\/lacomponella.com\/WordPress3\/wp-content\/uploads\/2022\/10\/92527825_536233139421315072_o.jpg 701w, https:\/\/lacomponella.com\/WordPress3\/wp-content\/uploads\/2022\/10\/92527825_536233139421315072_o-195x300.jpg 195w, https:\/\/lacomponella.com\/WordPress3\/wp-content\/uploads\/2022\/10\/92527825_536233139421315072_o-665x1024.jpg 665w\" sizes=\"(max-width: 701px) 100vw, 701px\" \/> <img loading=\"lazy\" decoding=\"async\" class=\"aligncenter size-full wp-image-10204\" src=\"http:\/\/lacomponella.com\/WordPress3\/wp-content\/uploads\/2022\/10\/92527825_2793967914064628_536233139421315072_o.jpg\" alt=\"\" width=\"1227\" height=\"1453\" srcset=\"https:\/\/lacomponella.com\/WordPress3\/wp-content\/uploads\/2022\/10\/92527825_2793967914064628_536233139421315072_o.jpg 1227w, https:\/\/lacomponella.com\/WordPress3\/wp-content\/uploads\/2022\/10\/92527825_2793967914064628_536233139421315072_o-253x300.jpg 253w, https:\/\/lacomponella.com\/WordPress3\/wp-content\/uploads\/2022\/10\/92527825_2793967914064628_536233139421315072_o-768x909.jpg 768w, https:\/\/lacomponella.com\/WordPress3\/wp-content\/uploads\/2022\/10\/92527825_2793967914064628_536233139421315072_o-865x1024.jpg 865w\" sizes=\"(max-width: 1227px) 100vw, 1227px\" \/> <img loading=\"lazy\" decoding=\"async\" class=\"aligncenter size-full wp-image-10203\" src=\"http:\/\/lacomponella.com\/WordPress3\/wp-content\/uploads\/2022\/10\/60569646_2699796523380436_5338036976127836160_n.jpg\" alt=\"\" width=\"700\" height=\"525\" srcset=\"https:\/\/lacomponella.com\/WordPress3\/wp-content\/uploads\/2022\/10\/60569646_2699796523380436_5338036976127836160_n.jpg 700w, https:\/\/lacomponella.com\/WordPress3\/wp-content\/uploads\/2022\/10\/60569646_2699796523380436_5338036976127836160_n-300x225.jpg 300w\" sizes=\"(max-width: 700px) 100vw, 700px\" \/><\/p>\n","protected":false},"excerpt":{"rendered":"<p>suka hodowlana import z Rosji wnuczka naszego Juliusza Cezara:) to by\u0142 pow\u00f3d jej sprowadzenia do naszej hodowli Ma najlepszy charakter na \u015bwiecie. Kocha dzieci i jest bardzo delikatna. ur.27.09.2020 &nbsp; rodzice Ori:)<\/p>\n","protected":false},"author":1,"featured_media":0,"parent":0,"menu_order":0,"comment_status":"closed","ping_status":"closed","template":"","meta":{"footnotes":""},"class_list":["post-10189","page","type-page","status-publish","hentry"],"yoast_head":"<!-- This site is optimized with the Yoast SEO plugin v27.4 - https:\/\/yoast.com\/product\/yoast-seo-wordpress\/ -->\n<title>ORIGAMI s Vershiny In-Yan - La Componella FCI<\/title>\n<meta name=\"robots\" content=\"index, follow, max-snippet:-1, max-image-preview:large, max-video-preview:-1\" \/>\n<link rel=\"canonical\" href=\"https:\/\/lacomponella.com\/WordPress3\/?page_id=10189\" \/>\n<meta property=\"og:locale\" content=\"pl_PL\" \/>\n<meta property=\"og:type\" content=\"article\" \/>\n<meta property=\"og:title\" content=\"ORIGAMI s Vershiny In-Yan - La Componella FCI\" \/>\n<meta property=\"og:description\" content=\"suka hodowlana import z Rosji wnuczka naszego Juliusza Cezara:) to by\u0142 pow\u00f3d jej sprowadzenia do naszej hodowli Ma najlepszy charakter na \u015bwiecie. Kocha dzieci i jest bardzo delikatna. ur.27.09.2020 &nbsp; rodzice Ori:)\" \/>\n<meta property=\"og:url\" content=\"https:\/\/lacomponella.com\/WordPress3\/?page_id=10189\" \/>\n<meta property=\"og:site_name\" content=\"La Componella FCI\" \/>\n<meta property=\"article:modified_time\" content=\"2026-02-24T01:20:45+00:00\" \/>\n<meta property=\"og:image\" content=\"https:\/\/lacomponella.com\/WordPress3\/wp-content\/uploads\/2026\/02\/1749931549874.jpg\" \/>\n\t<meta property=\"og:image:width\" content=\"720\" \/>\n\t<meta property=\"og:image:height\" content=\"959\" \/>\n\t<meta property=\"og:image:type\" content=\"image\/jpeg\" \/>\n<meta name=\"twitter:card\" content=\"summary_large_image\" \/>\n<meta name=\"twitter:label1\" content=\"Szacowany czas czytania\" \/>\n\t<meta name=\"twitter:data1\" content=\"2 minuty\" \/>\n<script type=\"application\/ld+json\" class=\"yoast-schema-graph\">{\"@context\":\"https:\\\/\\\/schema.org\",\"@graph\":[{\"@type\":\"WebPage\",\"@id\":\"https:\\\/\\\/lacomponella.com\\\/WordPress3\\\/?page_id=10189\",\"url\":\"https:\\\/\\\/lacomponella.com\\\/WordPress3\\\/?page_id=10189\",\"name\":\"ORIGAMI s Vershiny In-Yan - La Componella FCI\",\"isPartOf\":{\"@id\":\"https:\\\/\\\/lacomponella.com\\\/WordPress3\\\/#website\"},\"primaryImageOfPage\":{\"@id\":\"https:\\\/\\\/lacomponella.com\\\/WordPress3\\\/?page_id=10189#primaryimage\"},\"image\":{\"@id\":\"https:\\\/\\\/lacomponella.com\\\/WordPress3\\\/?page_id=10189#primaryimage\"},\"thumbnailUrl\":\"https:\\\/\\\/lacomponella.com\\\/WordPress3\\\/wp-content\\\/uploads\\\/2026\\\/02\\\/1749931549874.jpg\",\"datePublished\":\"2022-10-08T16:57:12+00:00\",\"dateModified\":\"2026-02-24T01:20:45+00:00\",\"breadcrumb\":{\"@id\":\"https:\\\/\\\/lacomponella.com\\\/WordPress3\\\/?page_id=10189#breadcrumb\"},\"inLanguage\":\"pl-PL\",\"potentialAction\":[{\"@type\":\"ReadAction\",\"target\":[\"https:\\\/\\\/lacomponella.com\\\/WordPress3\\\/?page_id=10189\"]}]},{\"@type\":\"ImageObject\",\"inLanguage\":\"pl-PL\",\"@id\":\"https:\\\/\\\/lacomponella.com\\\/WordPress3\\\/?page_id=10189#primaryimage\",\"url\":\"https:\\\/\\\/lacomponella.com\\\/WordPress3\\\/wp-content\\\/uploads\\\/2026\\\/02\\\/1749931549874.jpg\",\"contentUrl\":\"https:\\\/\\\/lacomponella.com\\\/WordPress3\\\/wp-content\\\/uploads\\\/2026\\\/02\\\/1749931549874.jpg\",\"width\":720,\"height\":959},{\"@type\":\"BreadcrumbList\",\"@id\":\"https:\\\/\\\/lacomponella.com\\\/WordPress3\\\/?page_id=10189#breadcrumb\",\"itemListElement\":[{\"@type\":\"ListItem\",\"position\":1,\"name\":\"Strona g\u0142\u00f3wna\",\"item\":\"https:\\\/\\\/lacomponella.com\\\/WordPress3\\\/?page_id=4991\"},{\"@type\":\"ListItem\",\"position\":2,\"name\":\"ORIGAMI s Vershiny In-Yan\"}]},{\"@type\":\"WebSite\",\"@id\":\"https:\\\/\\\/lacomponella.com\\\/WordPress3\\\/#website\",\"url\":\"https:\\\/\\\/lacomponella.com\\\/WordPress3\\\/\",\"name\":\"La Componella FCI\",\"description\":\"Hodowla Dog Niemiecki, Xolo i Owczarek Belgijski\",\"potentialAction\":[{\"@type\":\"SearchAction\",\"target\":{\"@type\":\"EntryPoint\",\"urlTemplate\":\"https:\\\/\\\/lacomponella.com\\\/WordPress3\\\/?s={search_term_string}\"},\"query-input\":{\"@type\":\"PropertyValueSpecification\",\"valueRequired\":true,\"valueName\":\"search_term_string\"}}],\"inLanguage\":\"pl-PL\"}]}<\/script>\n<!-- \/ Yoast SEO plugin. -->","yoast_head_json":{"title":"ORIGAMI s Vershiny In-Yan - La Componella FCI","robots":{"index":"index","follow":"follow","max-snippet":"max-snippet:-1","max-image-preview":"max-image-preview:large","max-video-preview":"max-video-preview:-1"},"canonical":"https:\/\/lacomponella.com\/WordPress3\/?page_id=10189","og_locale":"pl_PL","og_type":"article","og_title":"ORIGAMI s Vershiny In-Yan - La Componella FCI","og_description":"suka hodowlana import z Rosji wnuczka naszego Juliusza Cezara:) to by\u0142 pow\u00f3d jej sprowadzenia do naszej hodowli Ma najlepszy charakter na \u015bwiecie. Kocha dzieci i jest bardzo delikatna. ur.27.09.2020 &nbsp; rodzice Ori:)","og_url":"https:\/\/lacomponella.com\/WordPress3\/?page_id=10189","og_site_name":"La Componella FCI","article_modified_time":"2026-02-24T01:20:45+00:00","og_image":[{"width":720,"height":959,"url":"https:\/\/lacomponella.com\/WordPress3\/wp-content\/uploads\/2026\/02\/1749931549874.jpg","type":"image\/jpeg"}],"twitter_card":"summary_large_image","twitter_misc":{"Szacowany czas czytania":"2 minuty"},"schema":{"@context":"https:\/\/schema.org","@graph":[{"@type":"WebPage","@id":"https:\/\/lacomponella.com\/WordPress3\/?page_id=10189","url":"https:\/\/lacomponella.com\/WordPress3\/?page_id=10189","name":"ORIGAMI s Vershiny In-Yan - La Componella FCI","isPartOf":{"@id":"https:\/\/lacomponella.com\/WordPress3\/#website"},"primaryImageOfPage":{"@id":"https:\/\/lacomponella.com\/WordPress3\/?page_id=10189#primaryimage"},"image":{"@id":"https:\/\/lacomponella.com\/WordPress3\/?page_id=10189#primaryimage"},"thumbnailUrl":"https:\/\/lacomponella.com\/WordPress3\/wp-content\/uploads\/2026\/02\/1749931549874.jpg","datePublished":"2022-10-08T16:57:12+00:00","dateModified":"2026-02-24T01:20:45+00:00","breadcrumb":{"@id":"https:\/\/lacomponella.com\/WordPress3\/?page_id=10189#breadcrumb"},"inLanguage":"pl-PL","potentialAction":[{"@type":"ReadAction","target":["https:\/\/lacomponella.com\/WordPress3\/?page_id=10189"]}]},{"@type":"ImageObject","inLanguage":"pl-PL","@id":"https:\/\/lacomponella.com\/WordPress3\/?page_id=10189#primaryimage","url":"https:\/\/lacomponella.com\/WordPress3\/wp-content\/uploads\/2026\/02\/1749931549874.jpg","contentUrl":"https:\/\/lacomponella.com\/WordPress3\/wp-content\/uploads\/2026\/02\/1749931549874.jpg","width":720,"height":959},{"@type":"BreadcrumbList","@id":"https:\/\/lacomponella.com\/WordPress3\/?page_id=10189#breadcrumb","itemListElement":[{"@type":"ListItem","position":1,"name":"Strona g\u0142\u00f3wna","item":"https:\/\/lacomponella.com\/WordPress3\/?page_id=4991"},{"@type":"ListItem","position":2,"name":"ORIGAMI s Vershiny In-Yan"}]},{"@type":"WebSite","@id":"https:\/\/lacomponella.com\/WordPress3\/#website","url":"https:\/\/lacomponella.com\/WordPress3\/","name":"La Componella FCI","description":"Hodowla Dog Niemiecki, Xolo i Owczarek Belgijski","potentialAction":[{"@type":"SearchAction","target":{"@type":"EntryPoint","urlTemplate":"https:\/\/lacomponella.com\/WordPress3\/?s={search_term_string}"},"query-input":{"@type":"PropertyValueSpecification","valueRequired":true,"valueName":"search_term_string"}}],"inLanguage":"pl-PL"}]}},"_links":{"self":[{"href":"https:\/\/lacomponella.com\/WordPress3\/index.php?rest_route=\/wp\/v2\/pages\/10189","targetHints":{"allow":["GET"]}}],"collection":[{"href":"https:\/\/lacomponella.com\/WordPress3\/index.php?rest_route=\/wp\/v2\/pages"}],"about":[{"href":"https:\/\/lacomponella.com\/WordPress3\/index.php?rest_route=\/wp\/v2\/types\/page"}],"author":[{"embeddable":true,"href":"https:\/\/lacomponella.com\/WordPress3\/index.php?rest_route=\/wp\/v2\/users\/1"}],"replies":[{"embeddable":true,"href":"https:\/\/lacomponella.com\/WordPress3\/index.php?rest_route=%2Fwp%2Fv2%2Fcomments&post=10189"}],"version-history":[{"count":4,"href":"https:\/\/lacomponella.com\/WordPress3\/index.php?rest_route=\/wp\/v2\/pages\/10189\/revisions"}],"predecessor-version":[{"id":13146,"href":"https:\/\/lacomponella.com\/WordPress3\/index.php?rest_route=\/wp\/v2\/pages\/10189\/revisions\/13146"}],"wp:attachment":[{"href":"https:\/\/lacomponella.com\/WordPress3\/index.php?rest_route=%2Fwp%2Fv2%2Fmedia&parent=10189"}],"curies":[{"name":"wp","href":"https:\/\/api.w.org\/{rel}","templated":true}]}}