{"id":1044,"date":"2015-05-02T01:14:41","date_gmt":"2015-05-02T01:14:41","guid":{"rendered":"http:\/\/lacomponella.com\/WordPress3\/?page_id=1044"},"modified":"2026-02-04T19:19:15","modified_gmt":"2026-02-04T19:19:15","slug":"szczenieta-xolo-na-sprzedaz","status":"publish","type":"page","link":"https:\/\/lacomponella.com\/WordPress3\/?page_id=1044","title":{"rendered":""},"content":{"rendered":"<h4 style=\"text-align: center; padding-left: 30px;\"><span style=\"color: #0000ff;\"><strong><span class=\"_5mfr\"><span class=\"_6qdm\">Mamy szczeni\u0119ta!!<br \/>Mamy 2 wolne szczeni\u0119ta. Zapraszamy do kontaktu.<\/span><\/span><\/strong><\/span><\/h4>\n<p><img fetchpriority=\"high\" decoding=\"async\" class=\"aligncenter size-full wp-image-12940\" src=\"https:\/\/lacomponella.com\/WordPress3\/wp-content\/uploads\/2025\/12\/IMG_0303-scaled.jpg\" alt=\"\" width=\"2560\" height=\"1707\" srcset=\"https:\/\/lacomponella.com\/WordPress3\/wp-content\/uploads\/2025\/12\/IMG_0303-scaled.jpg 2560w, https:\/\/lacomponella.com\/WordPress3\/wp-content\/uploads\/2025\/12\/IMG_0303-300x200.jpg 300w, https:\/\/lacomponella.com\/WordPress3\/wp-content\/uploads\/2025\/12\/IMG_0303-1024x683.jpg 1024w, https:\/\/lacomponella.com\/WordPress3\/wp-content\/uploads\/2025\/12\/IMG_0303-768x512.jpg 768w, https:\/\/lacomponella.com\/WordPress3\/wp-content\/uploads\/2025\/12\/IMG_0303-1536x1024.jpg 1536w, https:\/\/lacomponella.com\/WordPress3\/wp-content\/uploads\/2025\/12\/IMG_0303-2048x1365.jpg 2048w\" sizes=\"(max-width: 2560px) 100vw, 2560px\" \/> <img decoding=\"async\" class=\"aligncenter size-full wp-image-12941\" src=\"https:\/\/lacomponella.com\/WordPress3\/wp-content\/uploads\/2025\/12\/IMG_0305-scaled.jpg\" alt=\"\" width=\"2560\" height=\"1707\" srcset=\"https:\/\/lacomponella.com\/WordPress3\/wp-content\/uploads\/2025\/12\/IMG_0305-scaled.jpg 2560w, https:\/\/lacomponella.com\/WordPress3\/wp-content\/uploads\/2025\/12\/IMG_0305-300x200.jpg 300w, https:\/\/lacomponella.com\/WordPress3\/wp-content\/uploads\/2025\/12\/IMG_0305-1024x683.jpg 1024w, https:\/\/lacomponella.com\/WordPress3\/wp-content\/uploads\/2025\/12\/IMG_0305-768x512.jpg 768w, https:\/\/lacomponella.com\/WordPress3\/wp-content\/uploads\/2025\/12\/IMG_0305-1536x1024.jpg 1536w, https:\/\/lacomponella.com\/WordPress3\/wp-content\/uploads\/2025\/12\/IMG_0305-2048x1365.jpg 2048w\" sizes=\"(max-width: 2560px) 100vw, 2560px\" \/> <img decoding=\"async\" class=\"aligncenter size-full wp-image-12942\" src=\"https:\/\/lacomponella.com\/WordPress3\/wp-content\/uploads\/2025\/12\/IMG_0308-scaled.jpg\" alt=\"\" width=\"2560\" height=\"1707\" srcset=\"https:\/\/lacomponella.com\/WordPress3\/wp-content\/uploads\/2025\/12\/IMG_0308-scaled.jpg 2560w, https:\/\/lacomponella.com\/WordPress3\/wp-content\/uploads\/2025\/12\/IMG_0308-300x200.jpg 300w, https:\/\/lacomponella.com\/WordPress3\/wp-content\/uploads\/2025\/12\/IMG_0308-1024x683.jpg 1024w, https:\/\/lacomponella.com\/WordPress3\/wp-content\/uploads\/2025\/12\/IMG_0308-768x512.jpg 768w, https:\/\/lacomponella.com\/WordPress3\/wp-content\/uploads\/2025\/12\/IMG_0308-1536x1024.jpg 1536w, https:\/\/lacomponella.com\/WordPress3\/wp-content\/uploads\/2025\/12\/IMG_0308-2048x1365.jpg 2048w\" sizes=\"(max-width: 2560px) 100vw, 2560px\" \/><\/p>\n<h4>\u00a0<\/h4>\n<h4 style=\"text-align: center; padding-left: 30px;\"><span style=\"color: #0000ff;\">Dzia\u0142 &#8222;Szczeni\u0119ta&#8221; podzielili\u015bmy na:<\/span><br \/><a href=\"http:\/\/lacomponella.com\/WordPress3\/?page_id=9532\">-SZCZENI\u0118TA NAGIE<\/a><br \/><a href=\"http:\/\/lacomponella.com\/WordPress3\/?page_id=9489\">-SZCZENI\u0118TA OW\u0141OSIONE<\/a><br \/><span style=\"color: #0000ff;\">Zapraszamy do obu dzia\u0142\u00f3w. Prezentujemy tam wolne maluszki:))<\/span><\/h4>\n<h4 style=\"text-align: center; padding-left: 30px;\"><span style=\"color: #ff0000;\"><strong>Szczeni\u0119ta z naszej hodowli mieszkaj\u0105 ju\u017c w ca\u0142ej Europie: m.in.UK, Niemcy, Holandia, Austria, W\u0142ochy oraz w USA i Kanadzie.<\/strong><\/span><\/h4>\n\n\n<p><\/p>\n","protected":false},"excerpt":{"rendered":"<p>Mamy szczeni\u0119ta!!Mamy 2 wolne szczeni\u0119ta. Zapraszamy do kontaktu. \u00a0 Dzia\u0142 &#8222;Szczeni\u0119ta&#8221; podzielili\u015bmy na:-SZCZENI\u0118TA NAGIE-SZCZENI\u0118TA OW\u0141OSIONEZapraszamy do obu dzia\u0142\u00f3w. Prezentujemy tam wolne maluszki:)) Szczeni\u0119ta z naszej hodowli mieszkaj\u0105 ju\u017c w ca\u0142ej Europie: m.in.UK, Niemcy, Holandia, Austria, W\u0142ochy oraz w USA i Kanadzie.<\/p>\n","protected":false},"author":1,"featured_media":0,"parent":0,"menu_order":0,"comment_status":"closed","ping_status":"closed","template":"","meta":{"footnotes":""},"class_list":["post-1044","page","type-page","status-publish","hentry"],"yoast_head":"<!-- This site is optimized with the Yoast SEO plugin v27.4 - https:\/\/yoast.com\/product\/yoast-seo-wordpress\/ -->\n<title>- La Componella FCI<\/title>\n<meta name=\"robots\" content=\"index, follow, max-snippet:-1, max-image-preview:large, max-video-preview:-1\" \/>\n<link rel=\"canonical\" href=\"https:\/\/lacomponella.com\/WordPress3\/?page_id=1044\" \/>\n<meta property=\"og:locale\" content=\"pl_PL\" \/>\n<meta property=\"og:type\" content=\"article\" \/>\n<meta property=\"og:title\" content=\"- La Componella FCI\" \/>\n<meta property=\"og:description\" content=\"Mamy szczeni\u0119ta!!Mamy 2 wolne szczeni\u0119ta. Zapraszamy do kontaktu. \u00a0 Dzia\u0142 &#8222;Szczeni\u0119ta&#8221; podzielili\u015bmy na:-SZCZENI\u0118TA NAGIE-SZCZENI\u0118TA OW\u0141OSIONEZapraszamy do obu dzia\u0142\u00f3w. Prezentujemy tam wolne maluszki:)) Szczeni\u0119ta z naszej hodowli mieszkaj\u0105 ju\u017c w ca\u0142ej Europie: m.in.UK, Niemcy, Holandia, Austria, W\u0142ochy oraz w USA i Kanadzie.\" \/>\n<meta property=\"og:url\" content=\"https:\/\/lacomponella.com\/WordPress3\/?page_id=1044\" \/>\n<meta property=\"og:site_name\" content=\"La Componella FCI\" \/>\n<meta property=\"article:modified_time\" content=\"2026-02-04T19:19:15+00:00\" \/>\n<meta property=\"og:image\" content=\"https:\/\/lacomponella.com\/WordPress3\/wp-content\/uploads\/2025\/12\/IMG_0303-scaled.jpg\" \/>\n\t<meta property=\"og:image:width\" content=\"2560\" \/>\n\t<meta property=\"og:image:height\" content=\"1707\" \/>\n\t<meta property=\"og:image:type\" content=\"image\/jpeg\" \/>\n<meta name=\"twitter:card\" content=\"summary_large_image\" \/>\n<meta name=\"twitter:label1\" content=\"Szacowany czas czytania\" \/>\n\t<meta name=\"twitter:data1\" content=\"1 minuta\" \/>\n<script type=\"application\/ld+json\" class=\"yoast-schema-graph\">{\"@context\":\"https:\\\/\\\/schema.org\",\"@graph\":[{\"@type\":\"WebPage\",\"@id\":\"https:\\\/\\\/lacomponella.com\\\/WordPress3\\\/?page_id=1044\",\"url\":\"https:\\\/\\\/lacomponella.com\\\/WordPress3\\\/?page_id=1044\",\"name\":\"- La Componella FCI\",\"isPartOf\":{\"@id\":\"https:\\\/\\\/lacomponella.com\\\/WordPress3\\\/#website\"},\"primaryImageOfPage\":{\"@id\":\"https:\\\/\\\/lacomponella.com\\\/WordPress3\\\/?page_id=1044#primaryimage\"},\"image\":{\"@id\":\"https:\\\/\\\/lacomponella.com\\\/WordPress3\\\/?page_id=1044#primaryimage\"},\"thumbnailUrl\":\"https:\\\/\\\/lacomponella.com\\\/WordPress3\\\/wp-content\\\/uploads\\\/2025\\\/12\\\/IMG_0303-scaled.jpg\",\"datePublished\":\"2015-05-02T01:14:41+00:00\",\"dateModified\":\"2026-02-04T19:19:15+00:00\",\"inLanguage\":\"pl-PL\",\"potentialAction\":[{\"@type\":\"ReadAction\",\"target\":[\"https:\\\/\\\/lacomponella.com\\\/WordPress3\\\/?page_id=1044\"]}]},{\"@type\":\"ImageObject\",\"inLanguage\":\"pl-PL\",\"@id\":\"https:\\\/\\\/lacomponella.com\\\/WordPress3\\\/?page_id=1044#primaryimage\",\"url\":\"https:\\\/\\\/lacomponella.com\\\/WordPress3\\\/wp-content\\\/uploads\\\/2025\\\/12\\\/IMG_0303-scaled.jpg\",\"contentUrl\":\"https:\\\/\\\/lacomponella.com\\\/WordPress3\\\/wp-content\\\/uploads\\\/2025\\\/12\\\/IMG_0303-scaled.jpg\",\"width\":2560,\"height\":1707},{\"@type\":\"WebSite\",\"@id\":\"https:\\\/\\\/lacomponella.com\\\/WordPress3\\\/#website\",\"url\":\"https:\\\/\\\/lacomponella.com\\\/WordPress3\\\/\",\"name\":\"La Componella FCI\",\"description\":\"Hodowla Dog Niemiecki, Xolo i Owczarek Belgijski\",\"potentialAction\":[{\"@type\":\"SearchAction\",\"target\":{\"@type\":\"EntryPoint\",\"urlTemplate\":\"https:\\\/\\\/lacomponella.com\\\/WordPress3\\\/?s={search_term_string}\"},\"query-input\":{\"@type\":\"PropertyValueSpecification\",\"valueRequired\":true,\"valueName\":\"search_term_string\"}}],\"inLanguage\":\"pl-PL\"}]}<\/script>\n<!-- \/ Yoast SEO plugin. -->","yoast_head_json":{"title":"- La Componella FCI","robots":{"index":"index","follow":"follow","max-snippet":"max-snippet:-1","max-image-preview":"max-image-preview:large","max-video-preview":"max-video-preview:-1"},"canonical":"https:\/\/lacomponella.com\/WordPress3\/?page_id=1044","og_locale":"pl_PL","og_type":"article","og_title":"- La Componella FCI","og_description":"Mamy szczeni\u0119ta!!Mamy 2 wolne szczeni\u0119ta. Zapraszamy do kontaktu. \u00a0 Dzia\u0142 &#8222;Szczeni\u0119ta&#8221; podzielili\u015bmy na:-SZCZENI\u0118TA NAGIE-SZCZENI\u0118TA OW\u0141OSIONEZapraszamy do obu dzia\u0142\u00f3w. Prezentujemy tam wolne maluszki:)) Szczeni\u0119ta z naszej hodowli mieszkaj\u0105 ju\u017c w ca\u0142ej Europie: m.in.UK, Niemcy, Holandia, Austria, W\u0142ochy oraz w USA i Kanadzie.","og_url":"https:\/\/lacomponella.com\/WordPress3\/?page_id=1044","og_site_name":"La Componella FCI","article_modified_time":"2026-02-04T19:19:15+00:00","og_image":[{"width":2560,"height":1707,"url":"https:\/\/lacomponella.com\/WordPress3\/wp-content\/uploads\/2025\/12\/IMG_0303-scaled.jpg","type":"image\/jpeg"}],"twitter_card":"summary_large_image","twitter_misc":{"Szacowany czas czytania":"1 minuta"},"schema":{"@context":"https:\/\/schema.org","@graph":[{"@type":"WebPage","@id":"https:\/\/lacomponella.com\/WordPress3\/?page_id=1044","url":"https:\/\/lacomponella.com\/WordPress3\/?page_id=1044","name":"- La Componella FCI","isPartOf":{"@id":"https:\/\/lacomponella.com\/WordPress3\/#website"},"primaryImageOfPage":{"@id":"https:\/\/lacomponella.com\/WordPress3\/?page_id=1044#primaryimage"},"image":{"@id":"https:\/\/lacomponella.com\/WordPress3\/?page_id=1044#primaryimage"},"thumbnailUrl":"https:\/\/lacomponella.com\/WordPress3\/wp-content\/uploads\/2025\/12\/IMG_0303-scaled.jpg","datePublished":"2015-05-02T01:14:41+00:00","dateModified":"2026-02-04T19:19:15+00:00","inLanguage":"pl-PL","potentialAction":[{"@type":"ReadAction","target":["https:\/\/lacomponella.com\/WordPress3\/?page_id=1044"]}]},{"@type":"ImageObject","inLanguage":"pl-PL","@id":"https:\/\/lacomponella.com\/WordPress3\/?page_id=1044#primaryimage","url":"https:\/\/lacomponella.com\/WordPress3\/wp-content\/uploads\/2025\/12\/IMG_0303-scaled.jpg","contentUrl":"https:\/\/lacomponella.com\/WordPress3\/wp-content\/uploads\/2025\/12\/IMG_0303-scaled.jpg","width":2560,"height":1707},{"@type":"WebSite","@id":"https:\/\/lacomponella.com\/WordPress3\/#website","url":"https:\/\/lacomponella.com\/WordPress3\/","name":"La Componella FCI","description":"Hodowla Dog Niemiecki, Xolo i Owczarek Belgijski","potentialAction":[{"@type":"SearchAction","target":{"@type":"EntryPoint","urlTemplate":"https:\/\/lacomponella.com\/WordPress3\/?s={search_term_string}"},"query-input":{"@type":"PropertyValueSpecification","valueRequired":true,"valueName":"search_term_string"}}],"inLanguage":"pl-PL"}]}},"_links":{"self":[{"href":"https:\/\/lacomponella.com\/WordPress3\/index.php?rest_route=\/wp\/v2\/pages\/1044","targetHints":{"allow":["GET"]}}],"collection":[{"href":"https:\/\/lacomponella.com\/WordPress3\/index.php?rest_route=\/wp\/v2\/pages"}],"about":[{"href":"https:\/\/lacomponella.com\/WordPress3\/index.php?rest_route=\/wp\/v2\/types\/page"}],"author":[{"embeddable":true,"href":"https:\/\/lacomponella.com\/WordPress3\/index.php?rest_route=\/wp\/v2\/users\/1"}],"replies":[{"embeddable":true,"href":"https:\/\/lacomponella.com\/WordPress3\/index.php?rest_route=%2Fwp%2Fv2%2Fcomments&post=1044"}],"version-history":[{"count":169,"href":"https:\/\/lacomponella.com\/WordPress3\/index.php?rest_route=\/wp\/v2\/pages\/1044\/revisions"}],"predecessor-version":[{"id":13132,"href":"https:\/\/lacomponella.com\/WordPress3\/index.php?rest_route=\/wp\/v2\/pages\/1044\/revisions\/13132"}],"wp:attachment":[{"href":"https:\/\/lacomponella.com\/WordPress3\/index.php?rest_route=%2Fwp%2Fv2%2Fmedia&parent=1044"}],"curies":[{"name":"wp","href":"https:\/\/api.w.org\/{rel}","templated":true}]}}