{"id":1081,"date":"2015-05-03T23:02:18","date_gmt":"2015-05-03T23:02:18","guid":{"rendered":"http:\/\/lacomponella.com\/WordPress3\/?page_id=1081"},"modified":"2022-03-22T20:56:53","modified_gmt":"2022-03-22T20:56:53","slug":"xolo","status":"publish","type":"page","link":"https:\/\/lacomponella.com\/WordPress3\/?page_id=1081","title":{"rendered":""},"content":{"rendered":"<h3 style=\"text-align: left;\">XOLO-Nagi Pies Mexyka\u0144ski<\/h3>\n<h3 style=\"text-align: left;\"><a href=\"http:\/\/lacomponella.com\/WordPress3\/?page_id=1036\">Reproduktory Xolo<\/a><\/h3>\n<h3 style=\"text-align: left;\"><a href=\"http:\/\/lacomponella.com\/WordPress3\/?page_id=1028\">Suki Xolo<\/a><\/h3>\n<h3 style=\"text-align: left;\"><a href=\"http:\/\/lacomponella.com\/WordPress3\/?page_id=1044\">Szczeni\u0119ta Xolo na sprzeda\u017c<\/a><\/h3>\n<h4><a href=\"http:\/\/lacomponella.com\/WordPress3\/?page_id=2233\">Mioty Xolo<\/a><\/h4>\n","protected":false},"excerpt":{"rendered":"<p>XOLO-Nagi Pies Mexyka\u0144ski Reproduktory Xolo Suki Xolo Szczeni\u0119ta Xolo na sprzeda\u017c Mioty Xolo<\/p>\n","protected":false},"author":1,"featured_media":0,"parent":0,"menu_order":0,"comment_status":"closed","ping_status":"closed","template":"","meta":{"footnotes":""},"class_list":["post-1081","page","type-page","status-publish","hentry"],"yoast_head":"<!-- This site is optimized with the Yoast SEO plugin v27.5 - https:\/\/yoast.com\/product\/yoast-seo-wordpress\/ -->\n<title>- La Componella FCI<\/title>\n<meta name=\"robots\" content=\"index, follow, max-snippet:-1, max-image-preview:large, max-video-preview:-1\" \/>\n<link rel=\"canonical\" href=\"https:\/\/lacomponella.com\/WordPress3\/?page_id=1081\" \/>\n<meta property=\"og:locale\" content=\"pl_PL\" \/>\n<meta property=\"og:type\" content=\"article\" \/>\n<meta property=\"og:title\" content=\"- La Componella FCI\" \/>\n<meta property=\"og:description\" content=\"XOLO-Nagi Pies Mexyka\u0144ski Reproduktory Xolo Suki Xolo Szczeni\u0119ta Xolo na sprzeda\u017c Mioty Xolo\" \/>\n<meta property=\"og:url\" content=\"https:\/\/lacomponella.com\/WordPress3\/?page_id=1081\" \/>\n<meta property=\"og:site_name\" content=\"La Componella FCI\" \/>\n<meta property=\"article:modified_time\" content=\"2022-03-22T20:56:53+00:00\" \/>\n<meta name=\"twitter:card\" content=\"summary_large_image\" \/>\n<script type=\"application\/ld+json\" class=\"yoast-schema-graph\">{\"@context\":\"https:\\\/\\\/schema.org\",\"@graph\":[{\"@type\":\"WebPage\",\"@id\":\"https:\\\/\\\/lacomponella.com\\\/WordPress3\\\/?page_id=1081\",\"url\":\"https:\\\/\\\/lacomponella.com\\\/WordPress3\\\/?page_id=1081\",\"name\":\"- La Componella FCI\",\"isPartOf\":{\"@id\":\"https:\\\/\\\/lacomponella.com\\\/WordPress3\\\/#website\"},\"datePublished\":\"2015-05-03T23:02:18+00:00\",\"dateModified\":\"2022-03-22T20:56:53+00:00\",\"inLanguage\":\"pl-PL\",\"potentialAction\":[{\"@type\":\"ReadAction\",\"target\":[\"https:\\\/\\\/lacomponella.com\\\/WordPress3\\\/?page_id=1081\"]}]},{\"@type\":\"WebSite\",\"@id\":\"https:\\\/\\\/lacomponella.com\\\/WordPress3\\\/#website\",\"url\":\"https:\\\/\\\/lacomponella.com\\\/WordPress3\\\/\",\"name\":\"La Componella FCI\",\"description\":\"Hodowla Dog Niemiecki, Xolo i Owczarek Belgijski\",\"potentialAction\":[{\"@type\":\"SearchAction\",\"target\":{\"@type\":\"EntryPoint\",\"urlTemplate\":\"https:\\\/\\\/lacomponella.com\\\/WordPress3\\\/?s={search_term_string}\"},\"query-input\":{\"@type\":\"PropertyValueSpecification\",\"valueRequired\":true,\"valueName\":\"search_term_string\"}}],\"inLanguage\":\"pl-PL\"}]}<\/script>\n<!-- \/ Yoast SEO plugin. -->","yoast_head_json":{"title":"- La Componella FCI","robots":{"index":"index","follow":"follow","max-snippet":"max-snippet:-1","max-image-preview":"max-image-preview:large","max-video-preview":"max-video-preview:-1"},"canonical":"https:\/\/lacomponella.com\/WordPress3\/?page_id=1081","og_locale":"pl_PL","og_type":"article","og_title":"- La Componella FCI","og_description":"XOLO-Nagi Pies Mexyka\u0144ski Reproduktory Xolo Suki Xolo Szczeni\u0119ta Xolo na sprzeda\u017c Mioty Xolo","og_url":"https:\/\/lacomponella.com\/WordPress3\/?page_id=1081","og_site_name":"La Componella FCI","article_modified_time":"2022-03-22T20:56:53+00:00","twitter_card":"summary_large_image","schema":{"@context":"https:\/\/schema.org","@graph":[{"@type":"WebPage","@id":"https:\/\/lacomponella.com\/WordPress3\/?page_id=1081","url":"https:\/\/lacomponella.com\/WordPress3\/?page_id=1081","name":"- La Componella FCI","isPartOf":{"@id":"https:\/\/lacomponella.com\/WordPress3\/#website"},"datePublished":"2015-05-03T23:02:18+00:00","dateModified":"2022-03-22T20:56:53+00:00","inLanguage":"pl-PL","potentialAction":[{"@type":"ReadAction","target":["https:\/\/lacomponella.com\/WordPress3\/?page_id=1081"]}]},{"@type":"WebSite","@id":"https:\/\/lacomponella.com\/WordPress3\/#website","url":"https:\/\/lacomponella.com\/WordPress3\/","name":"La Componella FCI","description":"Hodowla Dog Niemiecki, Xolo i Owczarek Belgijski","potentialAction":[{"@type":"SearchAction","target":{"@type":"EntryPoint","urlTemplate":"https:\/\/lacomponella.com\/WordPress3\/?s={search_term_string}"},"query-input":{"@type":"PropertyValueSpecification","valueRequired":true,"valueName":"search_term_string"}}],"inLanguage":"pl-PL"}]}},"_links":{"self":[{"href":"https:\/\/lacomponella.com\/WordPress3\/index.php?rest_route=\/wp\/v2\/pages\/1081","targetHints":{"allow":["GET"]}}],"collection":[{"href":"https:\/\/lacomponella.com\/WordPress3\/index.php?rest_route=\/wp\/v2\/pages"}],"about":[{"href":"https:\/\/lacomponella.com\/WordPress3\/index.php?rest_route=\/wp\/v2\/types\/page"}],"author":[{"embeddable":true,"href":"https:\/\/lacomponella.com\/WordPress3\/index.php?rest_route=\/wp\/v2\/users\/1"}],"replies":[{"embeddable":true,"href":"https:\/\/lacomponella.com\/WordPress3\/index.php?rest_route=%2Fwp%2Fv2%2Fcomments&post=1081"}],"version-history":[{"count":9,"href":"https:\/\/lacomponella.com\/WordPress3\/index.php?rest_route=\/wp\/v2\/pages\/1081\/revisions"}],"predecessor-version":[{"id":9363,"href":"https:\/\/lacomponella.com\/WordPress3\/index.php?rest_route=\/wp\/v2\/pages\/1081\/revisions\/9363"}],"wp:attachment":[{"href":"https:\/\/lacomponella.com\/WordPress3\/index.php?rest_route=%2Fwp%2Fv2%2Fmedia&parent=1081"}],"curies":[{"name":"wp","href":"https:\/\/api.w.org\/{rel}","templated":true}]}}