{"id":10818,"date":"2023-07-04T20:40:08","date_gmt":"2023-07-04T20:40:08","guid":{"rendered":"http:\/\/lacomponella.com\/WordPress3\/?page_id=10818"},"modified":"2023-07-04T20:40:09","modified_gmt":"2023-07-04T20:40:09","slug":"pusia-la-componella","status":"publish","type":"page","link":"https:\/\/lacomponella.com\/WordPress3\/?page_id=10818","title":{"rendered":"PUSIA La Componella"},"content":{"rendered":"<p>ojciec: Bella Constanta CHOPIN<br \/>\nmatka: ALLY MC BEAL La Componella<\/p>\n<p>Suczka czarna, ow\u0142osiona. Najwi\u0119ksza przyjaci\u00f3\u0142ka naszej c\u00f3rki. Najwspanialszy pies jakiego pozna\u0142am: w\u015br\u00f3d wszystkich naszych ras. To ekstremalnie empatyczna suczka, kt\u00f3ra robi wszystko, \u017ceby ka\u017cdy (cz\u0142owiek i pies) j\u0105 polubi\u0142. Nie mo\u017cna by\u0107 lepszym psem.<\/p>\n<p><img fetchpriority=\"high\" decoding=\"async\" class=\"aligncenter size-full wp-image-10820\" src=\"http:\/\/lacomponella.com\/WordPress3\/wp-content\/uploads\/2023\/07\/IMG_2429.jpg\" alt=\"\" width=\"2400\" height=\"1600\" srcset=\"https:\/\/lacomponella.com\/WordPress3\/wp-content\/uploads\/2023\/07\/IMG_2429.jpg 2400w, https:\/\/lacomponella.com\/WordPress3\/wp-content\/uploads\/2023\/07\/IMG_2429-300x200.jpg 300w, https:\/\/lacomponella.com\/WordPress3\/wp-content\/uploads\/2023\/07\/IMG_2429-768x512.jpg 768w, https:\/\/lacomponella.com\/WordPress3\/wp-content\/uploads\/2023\/07\/IMG_2429-1024x683.jpg 1024w\" sizes=\"(max-width: 2400px) 100vw, 2400px\" \/> <img decoding=\"async\" class=\"aligncenter size-full wp-image-10821\" src=\"http:\/\/lacomponella.com\/WordPress3\/wp-content\/uploads\/2023\/07\/IMG_2450.jpg\" alt=\"\" width=\"2400\" height=\"1600\" srcset=\"https:\/\/lacomponella.com\/WordPress3\/wp-content\/uploads\/2023\/07\/IMG_2450.jpg 2400w, https:\/\/lacomponella.com\/WordPress3\/wp-content\/uploads\/2023\/07\/IMG_2450-300x200.jpg 300w, https:\/\/lacomponella.com\/WordPress3\/wp-content\/uploads\/2023\/07\/IMG_2450-768x512.jpg 768w, https:\/\/lacomponella.com\/WordPress3\/wp-content\/uploads\/2023\/07\/IMG_2450-1024x683.jpg 1024w\" sizes=\"(max-width: 2400px) 100vw, 2400px\" \/><\/p>\n","protected":false},"excerpt":{"rendered":"<p>ojciec: Bella Constanta CHOPIN matka: ALLY MC BEAL La Componella Suczka czarna, ow\u0142osiona. Najwi\u0119ksza przyjaci\u00f3\u0142ka naszej c\u00f3rki. Najwspanialszy pies jakiego pozna\u0142am: w\u015br\u00f3d wszystkich naszych ras. To ekstremalnie empatyczna suczka, kt\u00f3ra robi wszystko, \u017ceby ka\u017cdy (cz\u0142owiek i pies) j\u0105 polubi\u0142. Nie mo\u017cna by\u0107 lepszym psem.<\/p>\n","protected":false},"author":1,"featured_media":0,"parent":0,"menu_order":0,"comment_status":"closed","ping_status":"closed","template":"","meta":{"footnotes":""},"class_list":["post-10818","page","type-page","status-publish","hentry"],"yoast_head":"<!-- This site is optimized with the Yoast SEO plugin v27.4 - https:\/\/yoast.com\/product\/yoast-seo-wordpress\/ -->\n<title>PUSIA La Componella - La Componella FCI<\/title>\n<meta name=\"robots\" content=\"index, follow, max-snippet:-1, max-image-preview:large, max-video-preview:-1\" \/>\n<link rel=\"canonical\" href=\"https:\/\/lacomponella.com\/WordPress3\/?page_id=10818\" \/>\n<meta property=\"og:locale\" content=\"pl_PL\" \/>\n<meta property=\"og:type\" content=\"article\" \/>\n<meta property=\"og:title\" content=\"PUSIA La Componella - La Componella FCI\" \/>\n<meta property=\"og:description\" content=\"ojciec: Bella Constanta CHOPIN matka: ALLY MC BEAL La Componella Suczka czarna, ow\u0142osiona. Najwi\u0119ksza przyjaci\u00f3\u0142ka naszej c\u00f3rki. Najwspanialszy pies jakiego pozna\u0142am: w\u015br\u00f3d wszystkich naszych ras. To ekstremalnie empatyczna suczka, kt\u00f3ra robi wszystko, \u017ceby ka\u017cdy (cz\u0142owiek i pies) j\u0105 polubi\u0142. Nie mo\u017cna by\u0107 lepszym psem.\" \/>\n<meta property=\"og:url\" content=\"https:\/\/lacomponella.com\/WordPress3\/?page_id=10818\" \/>\n<meta property=\"og:site_name\" content=\"La Componella FCI\" \/>\n<meta property=\"article:modified_time\" content=\"2023-07-04T20:40:09+00:00\" \/>\n<meta property=\"og:image\" content=\"https:\/\/lacomponella.com\/WordPress3\/wp-content\/uploads\/2023\/07\/IMG_2429.jpg\" \/>\n\t<meta property=\"og:image:width\" content=\"2400\" \/>\n\t<meta property=\"og:image:height\" content=\"1600\" \/>\n\t<meta property=\"og:image:type\" content=\"image\/jpeg\" \/>\n<meta name=\"twitter:card\" content=\"summary_large_image\" \/>\n<script type=\"application\/ld+json\" class=\"yoast-schema-graph\">{\"@context\":\"https:\\\/\\\/schema.org\",\"@graph\":[{\"@type\":\"WebPage\",\"@id\":\"https:\\\/\\\/lacomponella.com\\\/WordPress3\\\/?page_id=10818\",\"url\":\"https:\\\/\\\/lacomponella.com\\\/WordPress3\\\/?page_id=10818\",\"name\":\"PUSIA La Componella - La Componella FCI\",\"isPartOf\":{\"@id\":\"https:\\\/\\\/lacomponella.com\\\/WordPress3\\\/#website\"},\"primaryImageOfPage\":{\"@id\":\"https:\\\/\\\/lacomponella.com\\\/WordPress3\\\/?page_id=10818#primaryimage\"},\"image\":{\"@id\":\"https:\\\/\\\/lacomponella.com\\\/WordPress3\\\/?page_id=10818#primaryimage\"},\"thumbnailUrl\":\"http:\\\/\\\/lacomponella.com\\\/WordPress3\\\/wp-content\\\/uploads\\\/2023\\\/07\\\/IMG_2429.jpg\",\"datePublished\":\"2023-07-04T20:40:08+00:00\",\"dateModified\":\"2023-07-04T20:40:09+00:00\",\"breadcrumb\":{\"@id\":\"https:\\\/\\\/lacomponella.com\\\/WordPress3\\\/?page_id=10818#breadcrumb\"},\"inLanguage\":\"pl-PL\",\"potentialAction\":[{\"@type\":\"ReadAction\",\"target\":[\"https:\\\/\\\/lacomponella.com\\\/WordPress3\\\/?page_id=10818\"]}]},{\"@type\":\"ImageObject\",\"inLanguage\":\"pl-PL\",\"@id\":\"https:\\\/\\\/lacomponella.com\\\/WordPress3\\\/?page_id=10818#primaryimage\",\"url\":\"https:\\\/\\\/lacomponella.com\\\/WordPress3\\\/wp-content\\\/uploads\\\/2023\\\/07\\\/IMG_2429.jpg\",\"contentUrl\":\"https:\\\/\\\/lacomponella.com\\\/WordPress3\\\/wp-content\\\/uploads\\\/2023\\\/07\\\/IMG_2429.jpg\",\"width\":2400,\"height\":1600},{\"@type\":\"BreadcrumbList\",\"@id\":\"https:\\\/\\\/lacomponella.com\\\/WordPress3\\\/?page_id=10818#breadcrumb\",\"itemListElement\":[{\"@type\":\"ListItem\",\"position\":1,\"name\":\"Strona g\u0142\u00f3wna\",\"item\":\"https:\\\/\\\/lacomponella.com\\\/WordPress3\\\/?page_id=4991\"},{\"@type\":\"ListItem\",\"position\":2,\"name\":\"PUSIA La Componella\"}]},{\"@type\":\"WebSite\",\"@id\":\"https:\\\/\\\/lacomponella.com\\\/WordPress3\\\/#website\",\"url\":\"https:\\\/\\\/lacomponella.com\\\/WordPress3\\\/\",\"name\":\"La Componella FCI\",\"description\":\"Hodowla Dog Niemiecki, Xolo i Owczarek Belgijski\",\"potentialAction\":[{\"@type\":\"SearchAction\",\"target\":{\"@type\":\"EntryPoint\",\"urlTemplate\":\"https:\\\/\\\/lacomponella.com\\\/WordPress3\\\/?s={search_term_string}\"},\"query-input\":{\"@type\":\"PropertyValueSpecification\",\"valueRequired\":true,\"valueName\":\"search_term_string\"}}],\"inLanguage\":\"pl-PL\"}]}<\/script>\n<!-- \/ Yoast SEO plugin. -->","yoast_head_json":{"title":"PUSIA La Componella - La Componella FCI","robots":{"index":"index","follow":"follow","max-snippet":"max-snippet:-1","max-image-preview":"max-image-preview:large","max-video-preview":"max-video-preview:-1"},"canonical":"https:\/\/lacomponella.com\/WordPress3\/?page_id=10818","og_locale":"pl_PL","og_type":"article","og_title":"PUSIA La Componella - La Componella FCI","og_description":"ojciec: Bella Constanta CHOPIN matka: ALLY MC BEAL La Componella Suczka czarna, ow\u0142osiona. Najwi\u0119ksza przyjaci\u00f3\u0142ka naszej c\u00f3rki. Najwspanialszy pies jakiego pozna\u0142am: w\u015br\u00f3d wszystkich naszych ras. To ekstremalnie empatyczna suczka, kt\u00f3ra robi wszystko, \u017ceby ka\u017cdy (cz\u0142owiek i pies) j\u0105 polubi\u0142. Nie mo\u017cna by\u0107 lepszym psem.","og_url":"https:\/\/lacomponella.com\/WordPress3\/?page_id=10818","og_site_name":"La Componella FCI","article_modified_time":"2023-07-04T20:40:09+00:00","og_image":[{"width":2400,"height":1600,"url":"https:\/\/lacomponella.com\/WordPress3\/wp-content\/uploads\/2023\/07\/IMG_2429.jpg","type":"image\/jpeg"}],"twitter_card":"summary_large_image","schema":{"@context":"https:\/\/schema.org","@graph":[{"@type":"WebPage","@id":"https:\/\/lacomponella.com\/WordPress3\/?page_id=10818","url":"https:\/\/lacomponella.com\/WordPress3\/?page_id=10818","name":"PUSIA La Componella - La Componella FCI","isPartOf":{"@id":"https:\/\/lacomponella.com\/WordPress3\/#website"},"primaryImageOfPage":{"@id":"https:\/\/lacomponella.com\/WordPress3\/?page_id=10818#primaryimage"},"image":{"@id":"https:\/\/lacomponella.com\/WordPress3\/?page_id=10818#primaryimage"},"thumbnailUrl":"http:\/\/lacomponella.com\/WordPress3\/wp-content\/uploads\/2023\/07\/IMG_2429.jpg","datePublished":"2023-07-04T20:40:08+00:00","dateModified":"2023-07-04T20:40:09+00:00","breadcrumb":{"@id":"https:\/\/lacomponella.com\/WordPress3\/?page_id=10818#breadcrumb"},"inLanguage":"pl-PL","potentialAction":[{"@type":"ReadAction","target":["https:\/\/lacomponella.com\/WordPress3\/?page_id=10818"]}]},{"@type":"ImageObject","inLanguage":"pl-PL","@id":"https:\/\/lacomponella.com\/WordPress3\/?page_id=10818#primaryimage","url":"https:\/\/lacomponella.com\/WordPress3\/wp-content\/uploads\/2023\/07\/IMG_2429.jpg","contentUrl":"https:\/\/lacomponella.com\/WordPress3\/wp-content\/uploads\/2023\/07\/IMG_2429.jpg","width":2400,"height":1600},{"@type":"BreadcrumbList","@id":"https:\/\/lacomponella.com\/WordPress3\/?page_id=10818#breadcrumb","itemListElement":[{"@type":"ListItem","position":1,"name":"Strona g\u0142\u00f3wna","item":"https:\/\/lacomponella.com\/WordPress3\/?page_id=4991"},{"@type":"ListItem","position":2,"name":"PUSIA La Componella"}]},{"@type":"WebSite","@id":"https:\/\/lacomponella.com\/WordPress3\/#website","url":"https:\/\/lacomponella.com\/WordPress3\/","name":"La Componella FCI","description":"Hodowla Dog Niemiecki, Xolo i Owczarek Belgijski","potentialAction":[{"@type":"SearchAction","target":{"@type":"EntryPoint","urlTemplate":"https:\/\/lacomponella.com\/WordPress3\/?s={search_term_string}"},"query-input":{"@type":"PropertyValueSpecification","valueRequired":true,"valueName":"search_term_string"}}],"inLanguage":"pl-PL"}]}},"_links":{"self":[{"href":"https:\/\/lacomponella.com\/WordPress3\/index.php?rest_route=\/wp\/v2\/pages\/10818","targetHints":{"allow":["GET"]}}],"collection":[{"href":"https:\/\/lacomponella.com\/WordPress3\/index.php?rest_route=\/wp\/v2\/pages"}],"about":[{"href":"https:\/\/lacomponella.com\/WordPress3\/index.php?rest_route=\/wp\/v2\/types\/page"}],"author":[{"embeddable":true,"href":"https:\/\/lacomponella.com\/WordPress3\/index.php?rest_route=\/wp\/v2\/users\/1"}],"replies":[{"embeddable":true,"href":"https:\/\/lacomponella.com\/WordPress3\/index.php?rest_route=%2Fwp%2Fv2%2Fcomments&post=10818"}],"version-history":[{"count":2,"href":"https:\/\/lacomponella.com\/WordPress3\/index.php?rest_route=\/wp\/v2\/pages\/10818\/revisions"}],"predecessor-version":[{"id":11139,"href":"https:\/\/lacomponella.com\/WordPress3\/index.php?rest_route=\/wp\/v2\/pages\/10818\/revisions\/11139"}],"wp:attachment":[{"href":"https:\/\/lacomponella.com\/WordPress3\/index.php?rest_route=%2Fwp%2Fv2%2Fmedia&parent=10818"}],"curies":[{"name":"wp","href":"https:\/\/api.w.org\/{rel}","templated":true}]}}