{"id":1101,"date":"2015-05-25T13:33:22","date_gmt":"2015-05-25T13:33:22","guid":{"rendered":"http:\/\/lacomponella.com\/WordPress3\/?page_id=1101"},"modified":"2015-05-25T13:33:22","modified_gmt":"2015-05-25T13:33:22","slug":"o-rasie","status":"publish","type":"page","link":"https:\/\/lacomponella.com\/WordPress3\/?page_id=1101","title":{"rendered":"O rasie"},"content":{"rendered":"<p class=\"p1\"><b>Wzorzec FCI nr 234 \/16.02.2011 <\/b><span class=\"s1\"><b>NAGI PIES MEKSYKAN\u0301SKI<\/b><\/span><\/p>\n<p class=\"p1\"><i>Odmiana bezw\u0142osa \/ Odmiana ow\u0142osiona<\/i><\/p>\n<p class=\"p1\">Wersja polska: styczen\u0301 2012 <b>POCHODZENIE<\/b>: Meksyk <b>DATA PUBLIKACJI OBOWIA\u0328ZUJA\u0328CEGO WZORCA<\/b>: 13.10.2010 <b>UZ\u0307YTKOWOS\u0301C\u0301<\/b>: Standard: pies str\u00f3z\u0307uja\u0328cy. S\u0301redni: pies str\u00f3z\u0307uja\u0328cy. Miniaturowy: pies do towarzystwa.<\/p>\n<p class=\"p1\"><b>KLASYFIKACJA F.C.I.<\/b>: Grupa 5: Szpice i psy ras pierwotnych. Sekcja 6: Psy ras pierwotnych.<\/p>\n<p class=\"p1\">Bez pr\u00f3b pracy.<\/p>\n<p class=\"p1\"><b>WSTE\u0328P<\/b>: Gen odpowiadaja\u0328cy za brak w\u0142os\u00f3w jest dominuja\u0328cy. Tym niemniej jednak, niekt\u00f3re szczenie\u0328ta rodza\u0328 sie\u0328 z siers\u0301cia\u0328. \u0141a\u0328czenie ze soba\u0328 dw\u00f3ch ps\u00f3w bezw\u0142osych prowadzi do urodzenia najmniejszej liczby ow\u0142osionych szczenia\u0328t; jest zatem preferowane. Udowodniono, iz\u0307 taki program hodowlany utrzymuje i poprawia jakos\u0301c\u0301 rasy. Kojarzenie ze soba\u0328 dw\u00f3ch ps\u00f3w bezw\u0142osych sprzyja jednak pojawianiu sie\u0328 s\u0301miertelnego genu u statystycznie rzecz biora\u0328c 25 % homozygotycznych szczenia\u0328t; nalez\u0307y wie\u0328c miec\u0301 to na uwadze. Biora\u0328c pod uwage\u0328 rzadkos\u0301c\u0301 rasy oraz trudnos\u0301ci, zwia\u0328zane ze znajdowaniem zwierza\u0328t hodowlanych, z jakimi borykaja\u0328 sie\u0328 hodowcy w odleg\u0142ych zaka\u0328tkach s\u0301wiata, a takz\u0307e w celu zapewnienia rasie genetycznej r\u00f3z\u0307norodnos\u0301ci, dobrze zbudowane ow\u0142osione psy meksykan\u0301skie moga\u0328 byc\u0301 uz\u0307ywane do hodowli, lecz nie moga\u0328 uczestniczyc\u0301 w wystawach. Kojarzenie ze soba\u0328 ow\u0142osionych ps\u00f3w meksykan\u0301skich jest niedopuszczalne. Hodowlane ow\u0142osione nagie psy meksykan\u0301skie musza\u0328 byc\u0301 potomstwem rodowodowych rodzic\u00f3w, z rodowodem zawieraja\u0328cym przynajmniej jedno pokolenie wyhodowane poprzez kojarzenie ze soba\u0328 ps\u00f3w bezw\u0142osych. Mie\u0328so nagiego psa meksykan\u0301skiego <b>Xoloitzcuintli (w je\u0328zyku Nahuatl) <\/b>uwaz\u0307ano za przysmak w przedkolonialnym Meksyku; rytualnie, podczas specjalnych obrze\u0328d\u00f3w religijnych, spoz\u0307ywali je tubylczy Meksykanie. Dlatego tez\u0307 nagi pies meksykan\u0301ski sta\u0142 sie\u0328 rzadkos\u0301cia\u0328; jego populacja by\u0142a bliska wyginie\u0328ciu. Meksykan\u0301ski Zwia\u0328zek Kynologiczny (Federaci\u00f3n Canofila Mexicana) ocali\u0142 te\u0328 rodzima\u0328 rase\u0328, zas\u0301 od 1940 r. wizerunek nagiego psa meksykan\u0301skiego to jego logo.<\/p>\n<p class=\"p1\"><b>KR\u00d3TKI RYS HISTORYCZNY<\/b>: Pocza\u0328tek rasy datuje sie\u0328 na bardzo odleg\u0142e czasy. Tubylczy lud spoz\u0307ywa\u0142 wysoce poz\u0307a\u0328dane mie\u0328so nagiego psa meksykan\u0301skiego podczas specjalnych obrze\u0328d\u00f3w. Nagi pies meksykan\u0301ski (<b>Xoloitzcuintle w je\u0328zyku hiszpan\u0301skim, lub Xoloitzcuintli w je\u0328zyku Nahuatl)<\/b>) uwaz\u0307any by\u0142 za przedstawiciela boga Xolotla, od kt\u00f3rego oczywis\u0301cie pochodzi jego nazwa. Jego rola\u0328 by\u0142o prowadzenie dusz zmar\u0142ych w ich we\u0328dr\u00f3wce do odwiecznego celu. Bezw\u0142osa odmiana rasy jest znana takz\u0307e pod nazwa\u0328 \u201dperro pel\u00f3n mexicano\u201d. Odmiana ow\u0142osiona by\u0142a znana ws\u0301r\u00f3d autochton\u00f3w jako \u201cizcuintle\u201d.<\/p>\n<p class=\"p1\"><b>WRAZ\u0307ENIE OG\u00d3LNE<\/b>: <b>Odmiana bezw\u0142osa<\/b>: To bardzo atrakcyjny pies; jego najistotniejsza\u0328 cecha\u0328 jest ca\u0142kowity lub niemal ca\u0142kowity brak w\u0142os\u00f3w oraz g\u0142adka, mie\u0328kka sk\u00f3ra. Ma on proporcjonalny tu\u0142\u00f3w, pojemna\u0328 klatke\u0328 piersiowa\u0328, dobrze wysklepione z\u0307ebra oraz d\u0142ugie kon\u0301czyny i ogon. <b>Odmiana ow\u0142osiona<\/b>: To bardzo atrakcyjny, ca\u0142kowicie ow\u0142osiony pies, o r\u00f3wnie harmonijnych proporcjach, co odmiana bezw\u0142osa. Szata moz\u0307e byc\u0301 dowolnej mas\u0301ci, d\u0142ugos\u0301ci i struktury. Tu\u0142\u00f3w proporcjonalny, pojemna klatka piersiowa, dobrze wysklepione z\u0307ebra oraz d\u0142ugie kon\u0301czyny i ogon.<\/p>\n<p class=\"p1\"><b>WAZ\u0307NE PROPORCJE<\/b>: Tu\u0142\u00f3w, mierzony od najbardziej wysunie\u0328tego do przodu punktu \u0142opatki do szczytu zadu oraz od najwyz\u0307szego miejsca w k\u0142e\u0328bie do pod\u0142oz\u0307a, jest nieco d\u0142uz\u0307szy, niz\u0307 wyz\u0307szy \u2013 stosunek oko\u0142o 10:9. Suki moga\u0328 byc\u0301 nieco d\u0142uz\u0307sze, niz\u0307 psy, ze wzgle\u0328du na swa\u0328 funkcje\u0328 rozrodcza\u0328. Czaszka i kufa \u2013 mniej wie\u0328cej r\u00f3wnej d\u0142ugos\u0301ci.<\/p>\n<p class=\"p1\"><b>ZACHOWAANIE\/TEMPERAMENT<\/b>: Nagi pies meksykan\u0301ski jest psem cichym i spokojnym, radosnym, czujnym i inteligentnym, podejrzliwym w stosunku do obcych; to dobry pies str\u00f3z\u0307uja\u0328cy i doskona\u0142y pies do towarzystwa. Nigdy nie jest agresywny.<\/p>\n<p class=\"p1\"><b>G\u0141OWA:<\/b><\/p>\n<p class=\"p1\">M\u00d3ZGOCZASZKA : Czaszka: Lupoidalnego (wilczego) typu, szeroka i mocna, klinowatego kszta\u0142tu. Widziana z g\u00f3ry \u2013 szeroka i elegancka; zwe\u0328z\u0307aja\u0328ca sie\u0328 ku kufie, ze s\u0142abo zaznaczonym guzem potylicznym. Linie profilu niemal r\u00f3wnoleg\u0142e. Stop: Niewielki, lecz dobrze zaznaczony. TRZEWIOCZASZKA: Nos: Nos powinien byc\u0301 ciemny u ps\u00f3w ciemnej mas\u0301ci. Moz\u0307e byc\u0301 bra\u0328zowy lub r\u00f3z\u0307owy u ps\u00f3w bra\u0328zowych, r\u00f3z\u0307owy lub bra\u0328zowy u ps\u00f3w mas\u0301ci blond oraz ce\u0328tkowany u ps\u00f3w ce\u0328tkowanych. Kufa: Widziana z boku \u2013 prosta, o bardzo silnej szcze\u0328ce i z\u0307uchwie. Wargi: Napie\u0328te i s\u0301cis\u0301le przylegaja\u0328ce. Uze\u0328bienie: <b>Nagi pies meksykan\u0301ski<\/b>: Szcze\u0328ka i z\u0307uchwa mocne. Siekacze powinny dok\u0142adnie stykac sie\u0328 w zgryzie noz\u0307ycowym, a g\u00f3rne siekacze zachodzic\u0301 na dolne. Wewne\u0328trzna powierzchnia g\u00f3rnych siekaczy powinna dotykac\u0301 zewne\u0328trznej powierzchni dolnych siekaczy, przydaja\u0328c kufie szerokos\u0301ci. Dopuszczalny jest r\u00f3wniez\u0307 zgryz ce\u0328gowy, krawe\u0328dz\u0301 do krawe\u0328dzi. Brak kilku siekaczy, k\u0142\u00f3w, trzonowc\u00f3w lub przedtrzonowc\u00f3w, ba\u0328dz\u0301 tez\u0307 nier\u00f3wno ustawione ze\u0328by nie powinny obniz\u0307ac\u0301 oceny, gdyz\u0307 wiele ps\u00f3w nie ma g\u0142e\u0328bokich korzeni ze\u0328bowych. Genetycznie, brak w\u0142osa jest s\u0301cis\u0301le zwia\u0328zany z brakiem ze\u0328b\u00f3w. <b>Ow\u0142osiony pies meksykan\u0301ski: <\/b>Wymagane jest pe\u0142ne uze\u0328bienie w zgryzie noz\u0307ycowym <b>lub ce\u0328gowym<\/b>. Je\u0328zyk: Je\u0328zyk nagiego psa meksykan\u0301skiego jest zwykle r\u00f3z\u0307owy; moz\u0307e jednak miec\u0301 czarne znaczenia, ce\u0328tki lub paski, co cze\u0328sto zdarza sie\u0328 u tej rasy. Je\u0328zyk znajduje sie\u0328 zawsze wewna\u0328trz jamy ustnej. Policzki: Lekko wysklepione. Oczy: S\u0301redniej wielkos\u0301ci, migda\u0142owego kszta\u0142tu, o czujnym i bardzo inteligentnym wyrazie. Kolor, w zalez\u0307nos\u0301ci od koloru sk\u00f3ry, waha sie\u0328 od czarnego, bra\u0328zowego, orzechowego, bursztynowego do odcieni z\u0307\u00f3\u0142ci. Preferowane sa\u0328 ciemniejsze kolory; obydwoje oczu powinno byc\u0301 tego samego koloru. Powieki powinny byc\u0301 dobrze pigmentowane \u2013 czarne, bra\u0328zowe lub szare, u ps\u00f3w ciemnego koloru. Powieki jasnego koloru lub r\u00f3z\u0307owe sa\u0328 dopuszczalne u ps\u00f3w jasnego koloru, choc\u0301 nie sa\u0328 to kolory poz\u0307a\u0328dane. <b>Uszy<\/b>: <b>Odmiana bezw\u0142osa<\/b>: D\u0142ugie, duz\u0307e, wyraziste, bardzo eleganckie uszy o delikatnej strukturze; przypominaja\u0328 uszy nietoperza. Powinny byc\u0301 stoja\u0328ce, gdy pies czuwa. W pozycji czuwaja\u0328cej ich os\u0301 powinna byc\u0301 nachylona pod ka\u0328tem 50-80 stopni wzgle\u0328dem poziomu. <b>Odmiana ow\u0142osiona<\/b>: D\u0142ugie, duz\u0307e i eleganckie uszy. Moga\u0328 byc\u0301 wyprostowane lub wisza\u0328ce. Dopuszczalna jest kaz\u0307da pozycja. Gdy pies czuwa, obydwoje uszu powinno byc\u0301 w tej samej pozycji.<\/p>\n<p class=\"p1\"><b>SZYJA<\/b>: G\u00f3rna linia: Noszona wysoko. G\u00f3rna linia nieco \u0142ukowata. D\u0142ugos\u0301c\u0301: Proporcjonalnie d\u0142uga. Kszta\u0142t: Szczup\u0142a, gie\u0328tka, dobrze umie\u0328s\u0301niona i bardzo elegancka. Sk\u00f3ra szyi: Sk\u00f3ra na szyi jest mocna, elastyczna i s\u0301cis\u0301le przylegaja\u0328ca, bez \u0142a\u0142oku. Szczenie\u0328ta maja\u0328 [na szyi] fa\u0142dy, kt\u00f3re znikaja\u0328 z wiekiem.<\/p>\n<p class=\"p1\"><b>TU\u0141\u00d3W<\/b>: Mocnej budowy. Grzbiet: G\u00f3rna linia idealnie prosta i pozioma. Psy z \u0142e\u0328kowatym (lordoza) lub \u0142ukowatym (kifoza) grzbietem \u2013 niepoz\u0307a\u0328dane. Le\u0328dz\u0301wie: Mocne i umie\u0328s\u0301nione. Klatka piersiowa: Widziana z boku \u2013 d\u0142uga i g\u0142e\u0328boka, sie\u0328gaja\u0328ca \u0142okci. Z\u0307ebra nieznacznie wysklepione, lecz nigdy p\u0142askie. Widziane z przodu, g\u00f3rna cze\u0328s\u0301c\u0301 klatki piersiowej jest dobrej szerokos\u0301ci. Przedpiersie nie powinno wystawac\u0301. Brzuch: Elegancka linia. Brzuch umie\u0328s\u0301niony i umiarkowanie podcia\u0328gnie\u0328ty.<\/p>\n<p class=\"p1\"><b>OGON<\/b>: D\u0142ugi, cienki, zwe\u0328z\u0307aja\u0328cy sie\u0328 od nasady ku koniuszkowi; u bezw\u0142osych nagich ps\u00f3w meksykan\u0301skich moz\u0307e byc\u0301 pokryty ke\u0328pkami w\u0142os\u00f3w; u odmiany ow\u0142osionej \u2013 ca\u0142kowicie pokryty w\u0142osem. W ruchu \u2013 noszony zagie\u0328ty do g\u00f3ry, nigdy nie dotyka grzbietu. W spoczynku \u2013 powinien zwisac\u0301, na kon\u0301cu lekko zagie\u0328ty w haczyk. Czasem schowany jest pomie\u0328dzy nogami \u2013 ze wzgle\u0328du na niska\u0328 temperature\u0328; moz\u0307e byc\u0301 to odczytywane r\u00f3wniez\u0307 jako oznaka p\u0142ochliwos\u0301ci. Ogon powinien sie\u0328gac\u0301 niemal stawu skokowego. Gdy pies jest w spoczynku, ogon powinien stanowic\u0301 przed\u0142uz\u0307enie zadu.<\/p>\n<p class=\"p1\"><b>KON\u0301CZYNY<\/b>: KON\u0301CZYNY PRZEDNIE : Przednie kon\u0301czyny: Widziane z przodu \u2013 proste i prostopad\u0142e wzgle\u0328dem pod\u0142oz\u0307a. \u0141opatki: P\u0142askie i umie\u0328s\u0301nione, z dobrym ka\u0328towaniem mie\u0328dzy \u0142opatka\u0328 a kos\u0301cia\u0328 ramienna\u0328, pozwalaja\u0328cym na d\u0142ugi, swobodny i elegancki wykrok. \u0141okcie: Mocne. S\u0301cis\u0301le przylegaja\u0328 do klatki piersiowej; nigdy nie sa\u0328 wykre\u0328cone na zewna\u0328trz. Przedramie\u0328: ogla\u0328dane z przodu proste i pionowe do pod\u0142oz\u0307a. \u0141apy: \u0141apy s\u0301redniej d\u0142ugos\u0301ci (zaje\u0328cza \u0142apa), z wysklepionymi i zwartymi palcami; u bezw\u0142osej odmiany nagiego psa meksykan\u0301skiego moga\u0328 byc\u0301 pokryte pojedynczymi, kr\u00f3tkimi i grubymi w\u0142osami, natomiast u ow\u0142osionej odmiany nagiego psa meksykan\u0301skiego \u2013 moga\u0328 byc\u0301 pokryte w\u0142osem. Czarne pazury u ps\u00f3w ciemnej mas\u0301ci; jas\u0301niejsze u ps\u00f3w bra\u0328zowych i blond. Pazury powinny byc\u0301 przycinane. Opuszki mocne i bardzo odporne na kaz\u0307de warunki terenowe. Dobrze wykszta\u0142cone b\u0142ony mie\u0328dzy palcami. Palce szcza\u0328tkowe powinny byc\u0301 usuwane ze wszystkich czterech kon\u0301czyn, z wyja\u0328tkiem kraj\u00f3w, gdzie usuwanie ich jest nielegalne. KON\u0301CZYNY TYLNE: Profil zadu powinien byc\u0301 nieco wypuk\u0142y, nachylony pod ka\u0328tem ok. 40 stopni wzgle\u0328dem poziomu. Kon\u0301czyny tylne powinny byc\u0301 mocne i dobrze umie\u0328s\u0301nione, o umiarkowanie ka\u0328towanym kolanie. Tylne nogi: Widziane z ty\u0142u \u2013 idealnie proste i r\u00f3wnoleg\u0142e. Ka\u0328t mie\u0328dzy miednica\u0328 a stawem udowym, kolanem i stawem skokowym sa\u0328 na tyle rozwarte, by umoz\u0307liwiac\u0301 swobodny i energiczny ruch n\u00f3g. Krowia postawa powinna byc\u0301 surowo oceniana. Widziane z ty\u0142u, tylne nogi nie moga\u0328 byc\u0301 zbiez\u0307ne. \u0141apy: <b>jak przednie.<\/b><\/p>\n<p class=\"p1\"><b>CH\u00d3D\/RUCH <\/b>: Zgodnie ze swym ka\u0328towaniem, pies powinien poruszac\u0301 sie\u0328 swobodnie, z d\u0142ugim, eleganckim i spre\u0328z\u0307ystym krokiem. K\u0142us szybki i p\u0142ynny; g\u0142owa i ogon noszone wysoko.<\/p>\n<p class=\"p1\"><b>SK\u00d3RA<\/b>: <b>Odmiana bezw\u0142osa<\/b>: Ze wzgle\u0328du na ca\u0142kowity brak w\u0142osa, sk\u00f3ra tej rasy ma wielkie znaczenie. Jest ona g\u0142adka, wraz\u0307liwa na dotyk i z powodu bezpos\u0301redniej emisji ciep\u0142a, wynikaja\u0328cej z braku w\u0142osa \u2013 ciep\u0142a w dotyku. Jednakowoz\u0307 temperatura cia\u0142a jest taka sama, jak u ps\u00f3w ow\u0142osionych. R\u00f3z\u0307nica mie\u0328dzy nagim psem meksykan\u0301skim a ow\u0142osionymi rasami, kt\u00f3rych ciep\u0142ota cia\u0142a jest rozpraszana poprzez naturalna\u0328 wentylacje\u0328, polega na tym, iz\u0307 \u2013 ze wzgle\u0328du na brak naturalnej bariery ochronnej \u2013 sk\u00f3ra nagiego psa meksykan\u0301skiego wymaga wie\u0328kszej ochrony przed ekspozycja\u0328 na s\u0301wiat\u0142o s\u0142oneczne i szkodliwe czynniki s\u0301rodowiskowe. Blizny powypadkowe nie sa\u0328 oceniane ujemnie. Pies ten poci sie\u0328 przez \u0142apy (opuszki i b\u0142ony mie\u0328dzy palcami); dlatego tez\u0307 rzadko dyszy w innej, niz\u0307 skrajnie wysokiej temperaturze. Pies powinien nie miec\u0301 wyraz\u0301nych problem\u00f3w sk\u00f3rnych. <b>Odmiana ow\u0142osiona<\/b>: Sk\u00f3ra ow\u0142osionego nagiego psa meksykan\u0301skiego jest g\u0142adka i powinna byc\u0301 ca\u0142kowicie pokryta w\u0142osem.<\/p>\n<p class=\"p1\"><b>SZATA<\/b>: W\u0141OS: <b>Odmiana bezw\u0142osa<\/b>: Charakterystyczna\u0328 cecha\u0328 rasy jest ca\u0142kowity brak w\u0142os\u00f3w na ciele (bezw\u0142osy lub nagi pies), aczkolwiek na czole i z ty\u0142u szyi znajduja\u0328 sie\u0328 pojedyncze kr\u00f3tkie, grube w\u0142osy we wszystkich kolorach; nie powinny one nigdy przekraczac\u0301 2,5 cm d\u0142ugos\u0301ci, ani tworzyc\u0301 d\u0142ugiego, mie\u0328kkiego czuba. Cze\u0328sto spotykane sa\u0328 szorstkie w\u0142osy na \u0142apach i kon\u0301cu ogona, jednakowoz\u0307 ich brak nie powinien byc\u0301 oceniany ujemnie. <b>Odmiana ow\u0142osiona<\/b>: Ta odmiana nagiego psa meksykan\u0301skiego ma w\u0142osy na ca\u0142ym ciele. Moz\u0307na spodziewac\u0301 sie\u0328 bardzo niewielkiej ilos\u0301ci w\u0142os\u00f3w na brzuchu i wewne\u0328trznej stronie tylnych n\u00f3g. <b>D\u0142ugos\u0301c\u0301 i struktura siers\u0301ci bez znaczenia<\/b>.<\/p>\n<p class=\"p1\">MAS\u0301C\u0301: <b>Odmiana bezw\u0142osa<\/b>: Preferowane jednobarwne, jednolite ciemne kolory. Rozpie\u0328tos\u0301c\u0301 kolor\u00f3w waha sie\u0328 od czarnego, czarniawo szarego, \u0142upkowo szarego, ciemnoszarego, rudawego, wa\u0328trobianego, bra\u0328zowego do blond. Moga\u0328 takz\u0307e wyste\u0328powac\u0301 plamy dowolnego koloru, \u0142a\u0328cznie z bia\u0142ymi i tr\u00f3jkolorowymi znaczeniami. <b>Odmiana ow\u0142osiona<\/b>: Moz\u0307e miec\u0301 kaz\u0307dy kolor lub stanowic\u0301 po\u0142a\u0328czenie kolor\u00f3w w r\u00f3z\u0307nych odcieniach.<\/p>\n<p class=\"p1\"><b>WIELKOS\u0301C\u0301<\/b>: Istnieja\u0328 trzy wielkos\u0301ci, zar\u00f3wno suk, jak i ps\u00f3w. Odmiana standard: Od 46 do 60 cm, z tolerancja\u0328 do 2 cm powyz\u0307ej u doskona\u0142ych ps\u00f3w. Odmiana s\u0301rednia: Od 36 do 45 cm. Odmiana miniaturowa: Od 25 do 35 cm.<\/p>\n<p class=\"p1\"><b>WADY<\/b>: Wszelkie odste\u0328pstwa od wyz\u0307ej wymienionych cech nalez\u0307y uznac\u0301 za wady, kt\u00f3rych ocena powinna byc\u0301 proporcjonalna do ich stopnia i zasie\u0328gu oraz wp\u0142ywu na zdrowie i dobrostan psa. \u2022 Bardzo szeroka g\u0142owa. \u2022 U bezw\u0142osej odmiany nagiego psa meksykan\u0301skiego \u2013 obecnos\u0301c\u0301 w\u0142os\u00f3w na cze\u0328s\u0301ciach cia\u0142a nie<\/p>\n<p class=\"p1\">wyszczeg\u00f3lnionych powyz\u0307ej. \u2022 Obwis\u0142a, luz\u0301na lub pomarszczona sk\u00f3ra u doros\u0142ych ps\u00f3w. \u2022 Luz\u0301na, obwis\u0142a lub pomarszczona sk\u00f3ra na szyi u doros\u0142ych ps\u00f3w. \u2022 Nadmierny \u0142a\u0142ok. \u2022 Oczy jasnego koloru, okra\u0328g\u0142e lub wy\u0142upiaste. \u2022 S\u0301cie\u0328ty zad. \u2022 Grzbiet zapadnie\u0328ty lub garbaty. \u2022 <b>Wyraz\u0301nie <\/b>krowa postawia . \u2022 Ogon ciasno zwinie\u0328ty nad grzbietem. \u2022 Kr\u00f3tki ogon. \u2022 P\u0142askie \u0142apy.<\/p>\n<p class=\"p1\"><b>WADY DUZ\u0307E:<\/b><\/p>\n<p class=\"p1\">\u2022 D\u0142ugi, cienki tu\u0142\u00f3w na kr\u00f3tkich nogach.<\/p>\n<p class=\"p1\"><b>WADY DYSKWALIFIKUJA\u0328CE<\/b>: \u2022 Agresja lub wyraz\u0301na le\u0328kliwos\u0301c\u0301. \u2022 Kaz\u0307dy pies, wykazuja\u0328cy wyraz\u0301ne wady budowy lub zaburzenia zachowania, powinien byc\u0301<\/p>\n<p class=\"p1\">zdyskwalifikowany. \u2022 <b>Nietypowe psy. <\/b>\u2022 Przodozgryz lub krzywe szcze\u0328ki. \u2022 <b>Wypadaja\u0328cy je\u0328zyk. . <\/b>\u2022 Niebieskie oczy lub oczy w niebieskie plamy. \u2022 Przycie\u0328te lub wisza\u0328ce uszy u bezw\u0142osego psa meksykan\u0301skiego. \u2022 Obcie\u0328ty ogon. \u2022 W\u0142os na innej cze\u0328s\u0301ci cia\u0142a, niz\u0307 g\u0142owa, uszy, szyja, \u0142apy i ogon u bezw\u0142osego psa meksykan\u0301skiego. \u2022 Psy ow\u0142osione. \u2022 Albinizm, s\u0301lepota, g\u0142uchota. \u2022 Psy wyz\u0307sze, niz\u0307 62 cm lub niz\u0307sze, niz\u0307 25 cm.<\/p>\n<p class=\"p1\"><b>Uwaga<\/b>: Samce powinny miec\u0301 dwa normalnie wykszta\u0142cone ja\u0328dra, ca\u0142kowicie opuszczone do moszny.<\/p>\n<p class=\"p1\"><b>Najnowsze zmiany zapisane sa\u0328 t\u0142ustym drukiem.<\/b><\/p>\n","protected":false},"excerpt":{"rendered":"<p>Wzorzec FCI nr 234 \/16.02.2011 NAGI PIES MEKSYKAN\u0301SKI Odmiana bezw\u0142osa \/ Odmiana ow\u0142osiona Wersja polska: styczen\u0301 2012 POCHODZENIE: Meksyk DATA PUBLIKACJI OBOWIA\u0328ZUJA\u0328CEGO WZORCA: 13.10.2010 UZ\u0307YTKOWOS\u0301C\u0301: Standard: pies str\u00f3z\u0307uja\u0328cy. S\u0301redni: pies str\u00f3z\u0307uja\u0328cy. Miniaturowy: pies do towarzystwa. KLASYFIKACJA F.C.I.: Grupa 5: Szpice i psy ras pierwotnych. Sekcja 6: Psy ras pierwotnych. Bez pr\u00f3b pracy. WSTE\u0328P: Gen odpowiadaja\u0328cy [&hellip;]<\/p>\n","protected":false},"author":1,"featured_media":0,"parent":0,"menu_order":0,"comment_status":"closed","ping_status":"closed","template":"","meta":{"footnotes":""},"class_list":["post-1101","page","type-page","status-publish","hentry"],"yoast_head":"<!-- This site is optimized with the Yoast SEO plugin v27.5 - https:\/\/yoast.com\/product\/yoast-seo-wordpress\/ -->\n<title>O rasie - La Componella FCI<\/title>\n<meta name=\"robots\" content=\"index, follow, max-snippet:-1, max-image-preview:large, max-video-preview:-1\" \/>\n<link rel=\"canonical\" href=\"https:\/\/lacomponella.com\/WordPress3\/?page_id=1101\" \/>\n<meta property=\"og:locale\" content=\"pl_PL\" \/>\n<meta property=\"og:type\" content=\"article\" \/>\n<meta property=\"og:title\" content=\"O rasie - La Componella FCI\" \/>\n<meta property=\"og:description\" content=\"Wzorzec FCI nr 234 \/16.02.2011 NAGI PIES MEKSYKAN\u0301SKI Odmiana bezw\u0142osa \/ Odmiana ow\u0142osiona Wersja polska: styczen\u0301 2012 POCHODZENIE: Meksyk DATA PUBLIKACJI OBOWIA\u0328ZUJA\u0328CEGO WZORCA: 13.10.2010 UZ\u0307YTKOWOS\u0301C\u0301: Standard: pies str\u00f3z\u0307uja\u0328cy. S\u0301redni: pies str\u00f3z\u0307uja\u0328cy. Miniaturowy: pies do towarzystwa. KLASYFIKACJA F.C.I.: Grupa 5: Szpice i psy ras pierwotnych. Sekcja 6: Psy ras pierwotnych. Bez pr\u00f3b pracy. WSTE\u0328P: Gen odpowiadaja\u0328cy [&hellip;]\" \/>\n<meta property=\"og:url\" content=\"https:\/\/lacomponella.com\/WordPress3\/?page_id=1101\" \/>\n<meta property=\"og:site_name\" content=\"La Componella FCI\" \/>\n<meta name=\"twitter:card\" content=\"summary_large_image\" \/>\n<meta name=\"twitter:label1\" content=\"Szacowany czas czytania\" \/>\n\t<meta name=\"twitter:data1\" content=\"12 minut\" \/>\n<script type=\"application\/ld+json\" class=\"yoast-schema-graph\">{\"@context\":\"https:\\\/\\\/schema.org\",\"@graph\":[{\"@type\":\"WebPage\",\"@id\":\"https:\\\/\\\/lacomponella.com\\\/WordPress3\\\/?page_id=1101\",\"url\":\"https:\\\/\\\/lacomponella.com\\\/WordPress3\\\/?page_id=1101\",\"name\":\"O rasie - La Componella FCI\",\"isPartOf\":{\"@id\":\"https:\\\/\\\/lacomponella.com\\\/WordPress3\\\/#website\"},\"datePublished\":\"2015-05-25T13:33:22+00:00\",\"breadcrumb\":{\"@id\":\"https:\\\/\\\/lacomponella.com\\\/WordPress3\\\/?page_id=1101#breadcrumb\"},\"inLanguage\":\"pl-PL\",\"potentialAction\":[{\"@type\":\"ReadAction\",\"target\":[\"https:\\\/\\\/lacomponella.com\\\/WordPress3\\\/?page_id=1101\"]}]},{\"@type\":\"BreadcrumbList\",\"@id\":\"https:\\\/\\\/lacomponella.com\\\/WordPress3\\\/?page_id=1101#breadcrumb\",\"itemListElement\":[{\"@type\":\"ListItem\",\"position\":1,\"name\":\"Strona g\u0142\u00f3wna\",\"item\":\"https:\\\/\\\/lacomponella.com\\\/WordPress3\\\/?page_id=4991\"},{\"@type\":\"ListItem\",\"position\":2,\"name\":\"O rasie\"}]},{\"@type\":\"WebSite\",\"@id\":\"https:\\\/\\\/lacomponella.com\\\/WordPress3\\\/#website\",\"url\":\"https:\\\/\\\/lacomponella.com\\\/WordPress3\\\/\",\"name\":\"La Componella FCI\",\"description\":\"Hodowla Dog Niemiecki, Xolo i Owczarek Belgijski\",\"potentialAction\":[{\"@type\":\"SearchAction\",\"target\":{\"@type\":\"EntryPoint\",\"urlTemplate\":\"https:\\\/\\\/lacomponella.com\\\/WordPress3\\\/?s={search_term_string}\"},\"query-input\":{\"@type\":\"PropertyValueSpecification\",\"valueRequired\":true,\"valueName\":\"search_term_string\"}}],\"inLanguage\":\"pl-PL\"}]}<\/script>\n<!-- \/ Yoast SEO plugin. -->","yoast_head_json":{"title":"O rasie - La Componella FCI","robots":{"index":"index","follow":"follow","max-snippet":"max-snippet:-1","max-image-preview":"max-image-preview:large","max-video-preview":"max-video-preview:-1"},"canonical":"https:\/\/lacomponella.com\/WordPress3\/?page_id=1101","og_locale":"pl_PL","og_type":"article","og_title":"O rasie - La Componella FCI","og_description":"Wzorzec FCI nr 234 \/16.02.2011 NAGI PIES MEKSYKAN\u0301SKI Odmiana bezw\u0142osa \/ Odmiana ow\u0142osiona Wersja polska: styczen\u0301 2012 POCHODZENIE: Meksyk DATA PUBLIKACJI OBOWIA\u0328ZUJA\u0328CEGO WZORCA: 13.10.2010 UZ\u0307YTKOWOS\u0301C\u0301: Standard: pies str\u00f3z\u0307uja\u0328cy. S\u0301redni: pies str\u00f3z\u0307uja\u0328cy. Miniaturowy: pies do towarzystwa. KLASYFIKACJA F.C.I.: Grupa 5: Szpice i psy ras pierwotnych. Sekcja 6: Psy ras pierwotnych. Bez pr\u00f3b pracy. WSTE\u0328P: Gen odpowiadaja\u0328cy [&hellip;]","og_url":"https:\/\/lacomponella.com\/WordPress3\/?page_id=1101","og_site_name":"La Componella FCI","twitter_card":"summary_large_image","twitter_misc":{"Szacowany czas czytania":"12 minut"},"schema":{"@context":"https:\/\/schema.org","@graph":[{"@type":"WebPage","@id":"https:\/\/lacomponella.com\/WordPress3\/?page_id=1101","url":"https:\/\/lacomponella.com\/WordPress3\/?page_id=1101","name":"O rasie - La Componella FCI","isPartOf":{"@id":"https:\/\/lacomponella.com\/WordPress3\/#website"},"datePublished":"2015-05-25T13:33:22+00:00","breadcrumb":{"@id":"https:\/\/lacomponella.com\/WordPress3\/?page_id=1101#breadcrumb"},"inLanguage":"pl-PL","potentialAction":[{"@type":"ReadAction","target":["https:\/\/lacomponella.com\/WordPress3\/?page_id=1101"]}]},{"@type":"BreadcrumbList","@id":"https:\/\/lacomponella.com\/WordPress3\/?page_id=1101#breadcrumb","itemListElement":[{"@type":"ListItem","position":1,"name":"Strona g\u0142\u00f3wna","item":"https:\/\/lacomponella.com\/WordPress3\/?page_id=4991"},{"@type":"ListItem","position":2,"name":"O rasie"}]},{"@type":"WebSite","@id":"https:\/\/lacomponella.com\/WordPress3\/#website","url":"https:\/\/lacomponella.com\/WordPress3\/","name":"La Componella FCI","description":"Hodowla Dog Niemiecki, Xolo i Owczarek Belgijski","potentialAction":[{"@type":"SearchAction","target":{"@type":"EntryPoint","urlTemplate":"https:\/\/lacomponella.com\/WordPress3\/?s={search_term_string}"},"query-input":{"@type":"PropertyValueSpecification","valueRequired":true,"valueName":"search_term_string"}}],"inLanguage":"pl-PL"}]}},"_links":{"self":[{"href":"https:\/\/lacomponella.com\/WordPress3\/index.php?rest_route=\/wp\/v2\/pages\/1101","targetHints":{"allow":["GET"]}}],"collection":[{"href":"https:\/\/lacomponella.com\/WordPress3\/index.php?rest_route=\/wp\/v2\/pages"}],"about":[{"href":"https:\/\/lacomponella.com\/WordPress3\/index.php?rest_route=\/wp\/v2\/types\/page"}],"author":[{"embeddable":true,"href":"https:\/\/lacomponella.com\/WordPress3\/index.php?rest_route=\/wp\/v2\/users\/1"}],"replies":[{"embeddable":true,"href":"https:\/\/lacomponella.com\/WordPress3\/index.php?rest_route=%2Fwp%2Fv2%2Fcomments&post=1101"}],"version-history":[{"count":2,"href":"https:\/\/lacomponella.com\/WordPress3\/index.php?rest_route=\/wp\/v2\/pages\/1101\/revisions"}],"predecessor-version":[{"id":1121,"href":"https:\/\/lacomponella.com\/WordPress3\/index.php?rest_route=\/wp\/v2\/pages\/1101\/revisions\/1121"}],"wp:attachment":[{"href":"https:\/\/lacomponella.com\/WordPress3\/index.php?rest_route=%2Fwp%2Fv2%2Fmedia&parent=1101"}],"curies":[{"name":"wp","href":"https:\/\/api.w.org\/{rel}","templated":true}]}}