{"id":1102,"date":"2015-05-25T12:59:11","date_gmt":"2015-05-25T12:59:11","guid":{"rendered":"http:\/\/lacomponella.com\/WordPress3\/?page_id=1102"},"modified":"2024-09-25T23:07:52","modified_gmt":"2024-09-25T23:07:52","slug":"nasi-pacjenci","status":"publish","type":"page","link":"https:\/\/lacomponella.com\/WordPress3\/?page_id=1102","title":{"rendered":""},"content":{"rendered":"<h3 style=\"text-align: center;\">Nasi pacjenci<\/h3>\n<p style=\"text-align: center;\">Przedstawiamy naszych pacjent\u00f3w, kt\u00f3rych w\u0142a\u015bciciele zgodzili si\u0119 na prezentacj\u0119 w internecie.<\/p>\n<h5>Miot owczark\u00f3w podhala\u0144skich<img fetchpriority=\"high\" decoding=\"async\" class=\"aligncenter size-full wp-image-11851\" src=\"http:\/\/lacomponella.com\/WordPress3\/wp-content\/uploads\/2024\/09\/b180ca08-823e-4278-b131-f9917ce439e9.jpg\" alt=\"\" width=\"1536\" height=\"2040\" srcset=\"https:\/\/lacomponella.com\/WordPress3\/wp-content\/uploads\/2024\/09\/b180ca08-823e-4278-b131-f9917ce439e9.jpg 1536w, https:\/\/lacomponella.com\/WordPress3\/wp-content\/uploads\/2024\/09\/b180ca08-823e-4278-b131-f9917ce439e9-226x300.jpg 226w, https:\/\/lacomponella.com\/WordPress3\/wp-content\/uploads\/2024\/09\/b180ca08-823e-4278-b131-f9917ce439e9-768x1020.jpg 768w, https:\/\/lacomponella.com\/WordPress3\/wp-content\/uploads\/2024\/09\/b180ca08-823e-4278-b131-f9917ce439e9-771x1024.jpg 771w\" sizes=\"(max-width: 1536px) 100vw, 1536px\" \/> <img decoding=\"async\" class=\"aligncenter size-full wp-image-11850\" src=\"http:\/\/lacomponella.com\/WordPress3\/wp-content\/uploads\/2024\/09\/878eec23-df53-40ed-8bd6-e3e31e7f5791.jpg\" alt=\"\" width=\"1536\" height=\"2040\" srcset=\"https:\/\/lacomponella.com\/WordPress3\/wp-content\/uploads\/2024\/09\/878eec23-df53-40ed-8bd6-e3e31e7f5791.jpg 1536w, https:\/\/lacomponella.com\/WordPress3\/wp-content\/uploads\/2024\/09\/878eec23-df53-40ed-8bd6-e3e31e7f5791-226x300.jpg 226w, https:\/\/lacomponella.com\/WordPress3\/wp-content\/uploads\/2024\/09\/878eec23-df53-40ed-8bd6-e3e31e7f5791-768x1020.jpg 768w, https:\/\/lacomponella.com\/WordPress3\/wp-content\/uploads\/2024\/09\/878eec23-df53-40ed-8bd6-e3e31e7f5791-771x1024.jpg 771w\" sizes=\"(max-width: 1536px) 100vw, 1536px\" \/><\/h5>\n<p style=\"text-align: center;\">Opr\u00f3cz ps\u00f3w i kot\u00f3w leczymy te\u017c male\u0144stwa takie jak to:<br \/>\n<a href=\"http:\/\/lacomponella.com\/WordPress3\/wp-content\/uploads\/2015\/05\/mms_img1728592812.jpg\"><img decoding=\"async\" class=\"aligncenter  wp-image-3434\" src=\"http:\/\/lacomponella.com\/WordPress3\/wp-content\/uploads\/2015\/05\/mms_img1728592812.jpg\" alt=\"mms_img1728592812\" width=\"328\" height=\"583\" srcset=\"https:\/\/lacomponella.com\/WordPress3\/wp-content\/uploads\/2015\/05\/mms_img1728592812.jpg 576w, https:\/\/lacomponella.com\/WordPress3\/wp-content\/uploads\/2015\/05\/mms_img1728592812-169x300.jpg 169w\" sizes=\"(max-width: 328px) 100vw, 328px\" \/><\/a><\/p>\n<h5 style=\"text-align: center;\">LEO<br \/>\n<a href=\"http:\/\/lacomponella.com\/WordPress3\/wp-content\/uploads\/2015\/05\/DSC_00371.jpg\"><img loading=\"lazy\" decoding=\"async\" class=\"size-medium wp-image-1113\" src=\"http:\/\/lacomponella.com\/WordPress3\/wp-content\/uploads\/2015\/05\/DSC_00371-300x169.jpg\" alt=\"DSC_0037\" width=\"300\" height=\"169\" srcset=\"https:\/\/lacomponella.com\/WordPress3\/wp-content\/uploads\/2015\/05\/DSC_00371-300x169.jpg 300w, https:\/\/lacomponella.com\/WordPress3\/wp-content\/uploads\/2015\/05\/DSC_00371-1024x576.jpg 1024w\" sizes=\"(max-width: 300px) 100vw, 300px\" \/><\/a> <a href=\"http:\/\/lacomponella.com\/WordPress3\/wp-content\/uploads\/2015\/05\/DSC_01061.jpg\"><img loading=\"lazy\" decoding=\"async\" class=\"size-medium wp-image-1115\" src=\"http:\/\/lacomponella.com\/WordPress3\/wp-content\/uploads\/2015\/05\/DSC_01061-300x262.jpg\" alt=\"DSC_0106\" width=\"300\" height=\"262\" srcset=\"https:\/\/lacomponella.com\/WordPress3\/wp-content\/uploads\/2015\/05\/DSC_01061-300x262.jpg 300w, https:\/\/lacomponella.com\/WordPress3\/wp-content\/uploads\/2015\/05\/DSC_01061-1024x896.jpg 1024w, https:\/\/lacomponella.com\/WordPress3\/wp-content\/uploads\/2015\/05\/DSC_01061.jpg 1746w\" sizes=\"(max-width: 300px) 100vw, 300px\" \/><\/a> <a href=\"http:\/\/lacomponella.com\/WordPress3\/wp-content\/uploads\/2015\/05\/IMG_20150505_192335.jpg\"><img loading=\"lazy\" decoding=\"async\" class=\" size-medium wp-image-1116 aligncenter\" src=\"http:\/\/lacomponella.com\/WordPress3\/wp-content\/uploads\/2015\/05\/IMG_20150505_192335-225x300.jpg\" alt=\"IMG_20150505_192335\" width=\"225\" height=\"300\" srcset=\"https:\/\/lacomponella.com\/WordPress3\/wp-content\/uploads\/2015\/05\/IMG_20150505_192335-225x300.jpg 225w, https:\/\/lacomponella.com\/WordPress3\/wp-content\/uploads\/2015\/05\/IMG_20150505_192335-768x1024.jpg 768w, https:\/\/lacomponella.com\/WordPress3\/wp-content\/uploads\/2015\/05\/IMG_20150505_192335.jpg 1944w\" sizes=\"(max-width: 225px) 100vw, 225px\" \/><\/a><\/h5>\n<h5 style=\"text-align: center;\"><strong>Czibi<\/strong><\/h5>\n<h5><strong> <a href=\"http:\/\/lacomponella.com\/WordPress3\/wp-content\/uploads\/2015\/05\/czibi.jpg\"><img loading=\"lazy\" decoding=\"async\" class=\"size-full wp-image-1386 aligncenter\" src=\"http:\/\/lacomponella.com\/WordPress3\/wp-content\/uploads\/2015\/05\/czibi.jpg\" alt=\"czibi\" width=\"437\" height=\"589\" srcset=\"https:\/\/lacomponella.com\/WordPress3\/wp-content\/uploads\/2015\/05\/czibi.jpg 437w, https:\/\/lacomponella.com\/WordPress3\/wp-content\/uploads\/2015\/05\/czibi-223x300.jpg 223w\" sizes=\"(max-width: 437px) 100vw, 437px\" \/><\/a><br \/>\n<\/strong><\/h5>\n<h5 style=\"text-align: center;\"><strong>Tajson i Dora<\/strong><\/h5>\n<h5 style=\"text-align: center;\"><a href=\"http:\/\/lacomponella.com\/WordPress3\/wp-content\/uploads\/2015\/05\/Tajson-i-Dora.jpg\"><img loading=\"lazy\" decoding=\"async\" class=\" size-full wp-image-1387 aligncenter\" src=\"http:\/\/lacomponella.com\/WordPress3\/wp-content\/uploads\/2015\/05\/Tajson-i-Dora.jpg\" alt=\"Tajson i Dora\" width=\"2048\" height=\"1536\" srcset=\"https:\/\/lacomponella.com\/WordPress3\/wp-content\/uploads\/2015\/05\/Tajson-i-Dora.jpg 2048w, https:\/\/lacomponella.com\/WordPress3\/wp-content\/uploads\/2015\/05\/Tajson-i-Dora-300x225.jpg 300w, https:\/\/lacomponella.com\/WordPress3\/wp-content\/uploads\/2015\/05\/Tajson-i-Dora-1024x768.jpg 1024w\" sizes=\"(max-width: 2048px) 100vw, 2048px\" \/><\/a><\/h5>\n","protected":false},"excerpt":{"rendered":"<p>Nasi pacjenci Przedstawiamy naszych pacjent\u00f3w, kt\u00f3rych w\u0142a\u015bciciele zgodzili si\u0119 na prezentacj\u0119 w internecie. Miot owczark\u00f3w podhala\u0144skich Opr\u00f3cz ps\u00f3w i kot\u00f3w leczymy te\u017c male\u0144stwa takie jak to: LEO Czibi Tajson i Dora<\/p>\n","protected":false},"author":1,"featured_media":0,"parent":0,"menu_order":0,"comment_status":"closed","ping_status":"closed","template":"","meta":{"footnotes":""},"class_list":["post-1102","page","type-page","status-publish","hentry"],"yoast_head":"<!-- This site is optimized with the Yoast SEO plugin v27.4 - https:\/\/yoast.com\/product\/yoast-seo-wordpress\/ -->\n<title>- La Componella FCI<\/title>\n<meta name=\"robots\" content=\"index, follow, max-snippet:-1, max-image-preview:large, max-video-preview:-1\" \/>\n<link rel=\"canonical\" href=\"https:\/\/lacomponella.com\/WordPress3\/?page_id=1102\" \/>\n<meta property=\"og:locale\" content=\"pl_PL\" \/>\n<meta property=\"og:type\" content=\"article\" \/>\n<meta property=\"og:title\" content=\"- La Componella FCI\" \/>\n<meta property=\"og:description\" content=\"Nasi pacjenci Przedstawiamy naszych pacjent\u00f3w, kt\u00f3rych w\u0142a\u015bciciele zgodzili si\u0119 na prezentacj\u0119 w internecie. Miot owczark\u00f3w podhala\u0144skich Opr\u00f3cz ps\u00f3w i kot\u00f3w leczymy te\u017c male\u0144stwa takie jak to: LEO Czibi Tajson i Dora\" \/>\n<meta property=\"og:url\" content=\"https:\/\/lacomponella.com\/WordPress3\/?page_id=1102\" \/>\n<meta property=\"og:site_name\" content=\"La Componella FCI\" \/>\n<meta property=\"article:modified_time\" content=\"2024-09-25T23:07:52+00:00\" \/>\n<meta property=\"og:image\" content=\"https:\/\/lacomponella.com\/WordPress3\/wp-content\/uploads\/2024\/09\/b180ca08-823e-4278-b131-f9917ce439e9.jpg\" \/>\n\t<meta property=\"og:image:width\" content=\"1536\" \/>\n\t<meta property=\"og:image:height\" content=\"2040\" \/>\n\t<meta property=\"og:image:type\" content=\"image\/jpeg\" \/>\n<meta name=\"twitter:card\" content=\"summary_large_image\" \/>\n<script type=\"application\/ld+json\" class=\"yoast-schema-graph\">{\"@context\":\"https:\\\/\\\/schema.org\",\"@graph\":[{\"@type\":\"WebPage\",\"@id\":\"https:\\\/\\\/lacomponella.com\\\/WordPress3\\\/?page_id=1102\",\"url\":\"https:\\\/\\\/lacomponella.com\\\/WordPress3\\\/?page_id=1102\",\"name\":\"- La Componella FCI\",\"isPartOf\":{\"@id\":\"https:\\\/\\\/lacomponella.com\\\/WordPress3\\\/#website\"},\"primaryImageOfPage\":{\"@id\":\"https:\\\/\\\/lacomponella.com\\\/WordPress3\\\/?page_id=1102#primaryimage\"},\"image\":{\"@id\":\"https:\\\/\\\/lacomponella.com\\\/WordPress3\\\/?page_id=1102#primaryimage\"},\"thumbnailUrl\":\"http:\\\/\\\/lacomponella.com\\\/WordPress3\\\/wp-content\\\/uploads\\\/2024\\\/09\\\/b180ca08-823e-4278-b131-f9917ce439e9.jpg\",\"datePublished\":\"2015-05-25T12:59:11+00:00\",\"dateModified\":\"2024-09-25T23:07:52+00:00\",\"inLanguage\":\"pl-PL\",\"potentialAction\":[{\"@type\":\"ReadAction\",\"target\":[\"https:\\\/\\\/lacomponella.com\\\/WordPress3\\\/?page_id=1102\"]}]},{\"@type\":\"ImageObject\",\"inLanguage\":\"pl-PL\",\"@id\":\"https:\\\/\\\/lacomponella.com\\\/WordPress3\\\/?page_id=1102#primaryimage\",\"url\":\"https:\\\/\\\/lacomponella.com\\\/WordPress3\\\/wp-content\\\/uploads\\\/2024\\\/09\\\/b180ca08-823e-4278-b131-f9917ce439e9.jpg\",\"contentUrl\":\"https:\\\/\\\/lacomponella.com\\\/WordPress3\\\/wp-content\\\/uploads\\\/2024\\\/09\\\/b180ca08-823e-4278-b131-f9917ce439e9.jpg\",\"width\":1536,\"height\":2040},{\"@type\":\"WebSite\",\"@id\":\"https:\\\/\\\/lacomponella.com\\\/WordPress3\\\/#website\",\"url\":\"https:\\\/\\\/lacomponella.com\\\/WordPress3\\\/\",\"name\":\"La Componella FCI\",\"description\":\"Hodowla Dog Niemiecki, Xolo i Owczarek Belgijski\",\"potentialAction\":[{\"@type\":\"SearchAction\",\"target\":{\"@type\":\"EntryPoint\",\"urlTemplate\":\"https:\\\/\\\/lacomponella.com\\\/WordPress3\\\/?s={search_term_string}\"},\"query-input\":{\"@type\":\"PropertyValueSpecification\",\"valueRequired\":true,\"valueName\":\"search_term_string\"}}],\"inLanguage\":\"pl-PL\"}]}<\/script>\n<!-- \/ Yoast SEO plugin. -->","yoast_head_json":{"title":"- La Componella FCI","robots":{"index":"index","follow":"follow","max-snippet":"max-snippet:-1","max-image-preview":"max-image-preview:large","max-video-preview":"max-video-preview:-1"},"canonical":"https:\/\/lacomponella.com\/WordPress3\/?page_id=1102","og_locale":"pl_PL","og_type":"article","og_title":"- La Componella FCI","og_description":"Nasi pacjenci Przedstawiamy naszych pacjent\u00f3w, kt\u00f3rych w\u0142a\u015bciciele zgodzili si\u0119 na prezentacj\u0119 w internecie. Miot owczark\u00f3w podhala\u0144skich Opr\u00f3cz ps\u00f3w i kot\u00f3w leczymy te\u017c male\u0144stwa takie jak to: LEO Czibi Tajson i Dora","og_url":"https:\/\/lacomponella.com\/WordPress3\/?page_id=1102","og_site_name":"La Componella FCI","article_modified_time":"2024-09-25T23:07:52+00:00","og_image":[{"width":1536,"height":2040,"url":"https:\/\/lacomponella.com\/WordPress3\/wp-content\/uploads\/2024\/09\/b180ca08-823e-4278-b131-f9917ce439e9.jpg","type":"image\/jpeg"}],"twitter_card":"summary_large_image","schema":{"@context":"https:\/\/schema.org","@graph":[{"@type":"WebPage","@id":"https:\/\/lacomponella.com\/WordPress3\/?page_id=1102","url":"https:\/\/lacomponella.com\/WordPress3\/?page_id=1102","name":"- La Componella FCI","isPartOf":{"@id":"https:\/\/lacomponella.com\/WordPress3\/#website"},"primaryImageOfPage":{"@id":"https:\/\/lacomponella.com\/WordPress3\/?page_id=1102#primaryimage"},"image":{"@id":"https:\/\/lacomponella.com\/WordPress3\/?page_id=1102#primaryimage"},"thumbnailUrl":"http:\/\/lacomponella.com\/WordPress3\/wp-content\/uploads\/2024\/09\/b180ca08-823e-4278-b131-f9917ce439e9.jpg","datePublished":"2015-05-25T12:59:11+00:00","dateModified":"2024-09-25T23:07:52+00:00","inLanguage":"pl-PL","potentialAction":[{"@type":"ReadAction","target":["https:\/\/lacomponella.com\/WordPress3\/?page_id=1102"]}]},{"@type":"ImageObject","inLanguage":"pl-PL","@id":"https:\/\/lacomponella.com\/WordPress3\/?page_id=1102#primaryimage","url":"https:\/\/lacomponella.com\/WordPress3\/wp-content\/uploads\/2024\/09\/b180ca08-823e-4278-b131-f9917ce439e9.jpg","contentUrl":"https:\/\/lacomponella.com\/WordPress3\/wp-content\/uploads\/2024\/09\/b180ca08-823e-4278-b131-f9917ce439e9.jpg","width":1536,"height":2040},{"@type":"WebSite","@id":"https:\/\/lacomponella.com\/WordPress3\/#website","url":"https:\/\/lacomponella.com\/WordPress3\/","name":"La Componella FCI","description":"Hodowla Dog Niemiecki, Xolo i Owczarek Belgijski","potentialAction":[{"@type":"SearchAction","target":{"@type":"EntryPoint","urlTemplate":"https:\/\/lacomponella.com\/WordPress3\/?s={search_term_string}"},"query-input":{"@type":"PropertyValueSpecification","valueRequired":true,"valueName":"search_term_string"}}],"inLanguage":"pl-PL"}]}},"_links":{"self":[{"href":"https:\/\/lacomponella.com\/WordPress3\/index.php?rest_route=\/wp\/v2\/pages\/1102","targetHints":{"allow":["GET"]}}],"collection":[{"href":"https:\/\/lacomponella.com\/WordPress3\/index.php?rest_route=\/wp\/v2\/pages"}],"about":[{"href":"https:\/\/lacomponella.com\/WordPress3\/index.php?rest_route=\/wp\/v2\/types\/page"}],"author":[{"embeddable":true,"href":"https:\/\/lacomponella.com\/WordPress3\/index.php?rest_route=\/wp\/v2\/users\/1"}],"replies":[{"embeddable":true,"href":"https:\/\/lacomponella.com\/WordPress3\/index.php?rest_route=%2Fwp%2Fv2%2Fcomments&post=1102"}],"version-history":[{"count":5,"href":"https:\/\/lacomponella.com\/WordPress3\/index.php?rest_route=\/wp\/v2\/pages\/1102\/revisions"}],"predecessor-version":[{"id":11852,"href":"https:\/\/lacomponella.com\/WordPress3\/index.php?rest_route=\/wp\/v2\/pages\/1102\/revisions\/11852"}],"wp:attachment":[{"href":"https:\/\/lacomponella.com\/WordPress3\/index.php?rest_route=%2Fwp%2Fv2%2Fmedia&parent=1102"}],"curies":[{"name":"wp","href":"https:\/\/api.w.org\/{rel}","templated":true}]}}