{"id":11362,"date":"2024-01-03T18:39:23","date_gmt":"2024-01-03T18:39:23","guid":{"rendered":"http:\/\/lacomponella.com\/WordPress3\/?page_id=11362"},"modified":"2024-01-03T18:39:24","modified_gmt":"2024-01-03T18:39:24","slug":"miot-s-2022","status":"publish","type":"page","link":"https:\/\/lacomponella.com\/WordPress3\/?page_id=11362","title":{"rendered":"Miot S &#8211; 2022"},"content":{"rendered":"<p>6 szczeni\u0105t:<br \/>SNAPI &#8211; czekoladowy samiec ow\u0142osiony, PL<br \/>SPIDER &#8211; czarny samiec ow\u0142osiony, PL<br \/>SNOOPY &#8211; czarny samiec ow\u0142osiony, PL<br \/>SALLY &#8211; czarna suczka naga, Dania<br \/>SUGAR BONE &#8211; czarna suczka ow\u0142osiona, Niemcy<br \/>SWEET KELPIE &#8211; czekoladowa suczka ow\u0142osiona, mieszka z nami, najkocha\u0144sza na \u015bwiecie!<\/p>\n\n\n<p><\/p>\n","protected":false},"excerpt":{"rendered":"<p>6 szczeni\u0105t:SNAPI &#8211; czekoladowy samiec ow\u0142osiony, PLSPIDER &#8211; czarny samiec ow\u0142osiony, PLSNOOPY &#8211; czarny samiec ow\u0142osiony, PLSALLY &#8211; czarna suczka naga, DaniaSUGAR BONE &#8211; czarna suczka ow\u0142osiona, NiemcySWEET KELPIE &#8211; czekoladowa suczka ow\u0142osiona, mieszka z nami, najkocha\u0144sza na \u015bwiecie!<\/p>\n","protected":false},"author":1,"featured_media":0,"parent":0,"menu_order":0,"comment_status":"closed","ping_status":"closed","template":"","meta":{"footnotes":""},"class_list":["post-11362","page","type-page","status-publish","hentry"],"yoast_head":"<!-- This site is optimized with the Yoast SEO plugin v27.4 - https:\/\/yoast.com\/product\/yoast-seo-wordpress\/ -->\n<title>Miot S - 2022 - La Componella FCI<\/title>\n<meta name=\"robots\" content=\"index, follow, max-snippet:-1, max-image-preview:large, max-video-preview:-1\" \/>\n<link rel=\"canonical\" href=\"https:\/\/lacomponella.com\/WordPress3\/?page_id=11362\" \/>\n<meta property=\"og:locale\" content=\"pl_PL\" \/>\n<meta property=\"og:type\" content=\"article\" \/>\n<meta property=\"og:title\" content=\"Miot S - 2022 - La Componella FCI\" \/>\n<meta property=\"og:description\" content=\"6 szczeni\u0105t:SNAPI &#8211; czekoladowy samiec ow\u0142osiony, PLSPIDER &#8211; czarny samiec ow\u0142osiony, PLSNOOPY &#8211; czarny samiec ow\u0142osiony, PLSALLY &#8211; czarna suczka naga, DaniaSUGAR BONE &#8211; czarna suczka ow\u0142osiona, NiemcySWEET KELPIE &#8211; czekoladowa suczka ow\u0142osiona, mieszka z nami, najkocha\u0144sza na \u015bwiecie!\" \/>\n<meta property=\"og:url\" content=\"https:\/\/lacomponella.com\/WordPress3\/?page_id=11362\" \/>\n<meta property=\"og:site_name\" content=\"La Componella FCI\" \/>\n<meta property=\"article:modified_time\" content=\"2024-01-03T18:39:24+00:00\" \/>\n<meta name=\"twitter:card\" content=\"summary_large_image\" \/>\n<script type=\"application\/ld+json\" class=\"yoast-schema-graph\">{\"@context\":\"https:\\\/\\\/schema.org\",\"@graph\":[{\"@type\":\"WebPage\",\"@id\":\"https:\\\/\\\/lacomponella.com\\\/WordPress3\\\/?page_id=11362\",\"url\":\"https:\\\/\\\/lacomponella.com\\\/WordPress3\\\/?page_id=11362\",\"name\":\"Miot S - 2022 - La Componella FCI\",\"isPartOf\":{\"@id\":\"https:\\\/\\\/lacomponella.com\\\/WordPress3\\\/#website\"},\"datePublished\":\"2024-01-03T18:39:23+00:00\",\"dateModified\":\"2024-01-03T18:39:24+00:00\",\"breadcrumb\":{\"@id\":\"https:\\\/\\\/lacomponella.com\\\/WordPress3\\\/?page_id=11362#breadcrumb\"},\"inLanguage\":\"pl-PL\",\"potentialAction\":[{\"@type\":\"ReadAction\",\"target\":[\"https:\\\/\\\/lacomponella.com\\\/WordPress3\\\/?page_id=11362\"]}]},{\"@type\":\"BreadcrumbList\",\"@id\":\"https:\\\/\\\/lacomponella.com\\\/WordPress3\\\/?page_id=11362#breadcrumb\",\"itemListElement\":[{\"@type\":\"ListItem\",\"position\":1,\"name\":\"Strona g\u0142\u00f3wna\",\"item\":\"https:\\\/\\\/lacomponella.com\\\/WordPress3\\\/?page_id=4991\"},{\"@type\":\"ListItem\",\"position\":2,\"name\":\"Miot S &#8211; 2022\"}]},{\"@type\":\"WebSite\",\"@id\":\"https:\\\/\\\/lacomponella.com\\\/WordPress3\\\/#website\",\"url\":\"https:\\\/\\\/lacomponella.com\\\/WordPress3\\\/\",\"name\":\"La Componella FCI\",\"description\":\"Hodowla Dog Niemiecki, Xolo i Owczarek Belgijski\",\"potentialAction\":[{\"@type\":\"SearchAction\",\"target\":{\"@type\":\"EntryPoint\",\"urlTemplate\":\"https:\\\/\\\/lacomponella.com\\\/WordPress3\\\/?s={search_term_string}\"},\"query-input\":{\"@type\":\"PropertyValueSpecification\",\"valueRequired\":true,\"valueName\":\"search_term_string\"}}],\"inLanguage\":\"pl-PL\"}]}<\/script>\n<!-- \/ Yoast SEO plugin. -->","yoast_head_json":{"title":"Miot S - 2022 - La Componella FCI","robots":{"index":"index","follow":"follow","max-snippet":"max-snippet:-1","max-image-preview":"max-image-preview:large","max-video-preview":"max-video-preview:-1"},"canonical":"https:\/\/lacomponella.com\/WordPress3\/?page_id=11362","og_locale":"pl_PL","og_type":"article","og_title":"Miot S - 2022 - La Componella FCI","og_description":"6 szczeni\u0105t:SNAPI &#8211; czekoladowy samiec ow\u0142osiony, PLSPIDER &#8211; czarny samiec ow\u0142osiony, PLSNOOPY &#8211; czarny samiec ow\u0142osiony, PLSALLY &#8211; czarna suczka naga, DaniaSUGAR BONE &#8211; czarna suczka ow\u0142osiona, NiemcySWEET KELPIE &#8211; czekoladowa suczka ow\u0142osiona, mieszka z nami, najkocha\u0144sza na \u015bwiecie!","og_url":"https:\/\/lacomponella.com\/WordPress3\/?page_id=11362","og_site_name":"La Componella FCI","article_modified_time":"2024-01-03T18:39:24+00:00","twitter_card":"summary_large_image","schema":{"@context":"https:\/\/schema.org","@graph":[{"@type":"WebPage","@id":"https:\/\/lacomponella.com\/WordPress3\/?page_id=11362","url":"https:\/\/lacomponella.com\/WordPress3\/?page_id=11362","name":"Miot S - 2022 - La Componella FCI","isPartOf":{"@id":"https:\/\/lacomponella.com\/WordPress3\/#website"},"datePublished":"2024-01-03T18:39:23+00:00","dateModified":"2024-01-03T18:39:24+00:00","breadcrumb":{"@id":"https:\/\/lacomponella.com\/WordPress3\/?page_id=11362#breadcrumb"},"inLanguage":"pl-PL","potentialAction":[{"@type":"ReadAction","target":["https:\/\/lacomponella.com\/WordPress3\/?page_id=11362"]}]},{"@type":"BreadcrumbList","@id":"https:\/\/lacomponella.com\/WordPress3\/?page_id=11362#breadcrumb","itemListElement":[{"@type":"ListItem","position":1,"name":"Strona g\u0142\u00f3wna","item":"https:\/\/lacomponella.com\/WordPress3\/?page_id=4991"},{"@type":"ListItem","position":2,"name":"Miot S &#8211; 2022"}]},{"@type":"WebSite","@id":"https:\/\/lacomponella.com\/WordPress3\/#website","url":"https:\/\/lacomponella.com\/WordPress3\/","name":"La Componella FCI","description":"Hodowla Dog Niemiecki, Xolo i Owczarek Belgijski","potentialAction":[{"@type":"SearchAction","target":{"@type":"EntryPoint","urlTemplate":"https:\/\/lacomponella.com\/WordPress3\/?s={search_term_string}"},"query-input":{"@type":"PropertyValueSpecification","valueRequired":true,"valueName":"search_term_string"}}],"inLanguage":"pl-PL"}]}},"_links":{"self":[{"href":"https:\/\/lacomponella.com\/WordPress3\/index.php?rest_route=\/wp\/v2\/pages\/11362","targetHints":{"allow":["GET"]}}],"collection":[{"href":"https:\/\/lacomponella.com\/WordPress3\/index.php?rest_route=\/wp\/v2\/pages"}],"about":[{"href":"https:\/\/lacomponella.com\/WordPress3\/index.php?rest_route=\/wp\/v2\/types\/page"}],"author":[{"embeddable":true,"href":"https:\/\/lacomponella.com\/WordPress3\/index.php?rest_route=\/wp\/v2\/users\/1"}],"replies":[{"embeddable":true,"href":"https:\/\/lacomponella.com\/WordPress3\/index.php?rest_route=%2Fwp%2Fv2%2Fcomments&post=11362"}],"version-history":[{"count":1,"href":"https:\/\/lacomponella.com\/WordPress3\/index.php?rest_route=\/wp\/v2\/pages\/11362\/revisions"}],"predecessor-version":[{"id":11363,"href":"https:\/\/lacomponella.com\/WordPress3\/index.php?rest_route=\/wp\/v2\/pages\/11362\/revisions\/11363"}],"wp:attachment":[{"href":"https:\/\/lacomponella.com\/WordPress3\/index.php?rest_route=%2Fwp%2Fv2%2Fmedia&parent=11362"}],"curies":[{"name":"wp","href":"https:\/\/api.w.org\/{rel}","templated":true}]}}