{"id":11392,"date":"2024-01-03T22:44:31","date_gmt":"2024-01-03T22:44:31","guid":{"rendered":"http:\/\/lacomponella.com\/WordPress3\/?page_id=11392"},"modified":"2024-04-20T23:32:37","modified_gmt":"2024-04-20T23:32:37","slug":"miot-m-2023","status":"publish","type":"page","link":"https:\/\/lacomponella.com\/WordPress3\/?page_id=11392","title":{"rendered":"Miot M &#8211; 2023"},"content":{"rendered":"<p>ur. 15.10.2023<\/p>\n<p>6 szczeni\u0105t<\/p>\n<p>Pieski<br \/>\nMY SON &#8211; czarny nagi piesek &#8211; USA<br \/>\nMUFFIN &#8211; czarny ow\u0142osiony piesek &#8211; Polska<br \/>\nMY KISS &#8211; czarny ow\u0142osiony piesek &#8211; Finlandia<\/p>\n<p>Suczki:<br \/>\nMY LOVE &#8211; czarna naga suczka &#8211; Kanada<br \/>\nMY SOUL &#8211; czarna naga suczka &#8211; Francja<br \/>\nMY HEART &#8211; czarna naga suczka &#8211; Polska<\/p>\n<p>Ojciec: Bella Constanta Chopin<\/p>\n<p>Matka: MARTHA La Componella FCI<\/p>\n","protected":false},"excerpt":{"rendered":"<p>ur. 15.10.2023 6 szczeni\u0105t Pieski MY SON &#8211; czarny nagi piesek &#8211; USA MUFFIN &#8211; czarny ow\u0142osiony piesek &#8211; Polska MY KISS &#8211; czarny ow\u0142osiony piesek &#8211; Finlandia Suczki: MY LOVE &#8211; czarna naga suczka &#8211; Kanada MY SOUL &#8211; czarna naga suczka &#8211; Francja MY HEART &#8211; czarna naga suczka &#8211; Polska Ojciec: Bella [&hellip;]<\/p>\n","protected":false},"author":1,"featured_media":0,"parent":0,"menu_order":0,"comment_status":"closed","ping_status":"closed","template":"","meta":{"footnotes":""},"class_list":["post-11392","page","type-page","status-publish","hentry"],"yoast_head":"<!-- This site is optimized with the Yoast SEO plugin v27.4 - https:\/\/yoast.com\/product\/yoast-seo-wordpress\/ -->\n<title>Miot M - 2023 - La Componella FCI<\/title>\n<meta name=\"robots\" content=\"index, follow, max-snippet:-1, max-image-preview:large, max-video-preview:-1\" \/>\n<link rel=\"canonical\" href=\"https:\/\/lacomponella.com\/WordPress3\/?page_id=11392\" \/>\n<meta property=\"og:locale\" content=\"pl_PL\" \/>\n<meta property=\"og:type\" content=\"article\" \/>\n<meta property=\"og:title\" content=\"Miot M - 2023 - La Componella FCI\" \/>\n<meta property=\"og:description\" content=\"ur. 15.10.2023 6 szczeni\u0105t Pieski MY SON &#8211; czarny nagi piesek &#8211; USA MUFFIN &#8211; czarny ow\u0142osiony piesek &#8211; Polska MY KISS &#8211; czarny ow\u0142osiony piesek &#8211; Finlandia Suczki: MY LOVE &#8211; czarna naga suczka &#8211; Kanada MY SOUL &#8211; czarna naga suczka &#8211; Francja MY HEART &#8211; czarna naga suczka &#8211; Polska Ojciec: Bella [&hellip;]\" \/>\n<meta property=\"og:url\" content=\"https:\/\/lacomponella.com\/WordPress3\/?page_id=11392\" \/>\n<meta property=\"og:site_name\" content=\"La Componella FCI\" \/>\n<meta property=\"article:modified_time\" content=\"2024-04-20T23:32:37+00:00\" \/>\n<meta name=\"twitter:card\" content=\"summary_large_image\" \/>\n<script type=\"application\/ld+json\" class=\"yoast-schema-graph\">{\"@context\":\"https:\\\/\\\/schema.org\",\"@graph\":[{\"@type\":\"WebPage\",\"@id\":\"https:\\\/\\\/lacomponella.com\\\/WordPress3\\\/?page_id=11392\",\"url\":\"https:\\\/\\\/lacomponella.com\\\/WordPress3\\\/?page_id=11392\",\"name\":\"Miot M - 2023 - La Componella FCI\",\"isPartOf\":{\"@id\":\"https:\\\/\\\/lacomponella.com\\\/WordPress3\\\/#website\"},\"datePublished\":\"2024-01-03T22:44:31+00:00\",\"dateModified\":\"2024-04-20T23:32:37+00:00\",\"breadcrumb\":{\"@id\":\"https:\\\/\\\/lacomponella.com\\\/WordPress3\\\/?page_id=11392#breadcrumb\"},\"inLanguage\":\"pl-PL\",\"potentialAction\":[{\"@type\":\"ReadAction\",\"target\":[\"https:\\\/\\\/lacomponella.com\\\/WordPress3\\\/?page_id=11392\"]}]},{\"@type\":\"BreadcrumbList\",\"@id\":\"https:\\\/\\\/lacomponella.com\\\/WordPress3\\\/?page_id=11392#breadcrumb\",\"itemListElement\":[{\"@type\":\"ListItem\",\"position\":1,\"name\":\"Strona g\u0142\u00f3wna\",\"item\":\"https:\\\/\\\/lacomponella.com\\\/WordPress3\\\/?page_id=4991\"},{\"@type\":\"ListItem\",\"position\":2,\"name\":\"Miot M &#8211; 2023\"}]},{\"@type\":\"WebSite\",\"@id\":\"https:\\\/\\\/lacomponella.com\\\/WordPress3\\\/#website\",\"url\":\"https:\\\/\\\/lacomponella.com\\\/WordPress3\\\/\",\"name\":\"La Componella FCI\",\"description\":\"Hodowla Dog Niemiecki, Xolo i Owczarek Belgijski\",\"potentialAction\":[{\"@type\":\"SearchAction\",\"target\":{\"@type\":\"EntryPoint\",\"urlTemplate\":\"https:\\\/\\\/lacomponella.com\\\/WordPress3\\\/?s={search_term_string}\"},\"query-input\":{\"@type\":\"PropertyValueSpecification\",\"valueRequired\":true,\"valueName\":\"search_term_string\"}}],\"inLanguage\":\"pl-PL\"}]}<\/script>\n<!-- \/ Yoast SEO plugin. -->","yoast_head_json":{"title":"Miot M - 2023 - La Componella FCI","robots":{"index":"index","follow":"follow","max-snippet":"max-snippet:-1","max-image-preview":"max-image-preview:large","max-video-preview":"max-video-preview:-1"},"canonical":"https:\/\/lacomponella.com\/WordPress3\/?page_id=11392","og_locale":"pl_PL","og_type":"article","og_title":"Miot M - 2023 - La Componella FCI","og_description":"ur. 15.10.2023 6 szczeni\u0105t Pieski MY SON &#8211; czarny nagi piesek &#8211; USA MUFFIN &#8211; czarny ow\u0142osiony piesek &#8211; Polska MY KISS &#8211; czarny ow\u0142osiony piesek &#8211; Finlandia Suczki: MY LOVE &#8211; czarna naga suczka &#8211; Kanada MY SOUL &#8211; czarna naga suczka &#8211; Francja MY HEART &#8211; czarna naga suczka &#8211; Polska Ojciec: Bella [&hellip;]","og_url":"https:\/\/lacomponella.com\/WordPress3\/?page_id=11392","og_site_name":"La Componella FCI","article_modified_time":"2024-04-20T23:32:37+00:00","twitter_card":"summary_large_image","schema":{"@context":"https:\/\/schema.org","@graph":[{"@type":"WebPage","@id":"https:\/\/lacomponella.com\/WordPress3\/?page_id=11392","url":"https:\/\/lacomponella.com\/WordPress3\/?page_id=11392","name":"Miot M - 2023 - La Componella FCI","isPartOf":{"@id":"https:\/\/lacomponella.com\/WordPress3\/#website"},"datePublished":"2024-01-03T22:44:31+00:00","dateModified":"2024-04-20T23:32:37+00:00","breadcrumb":{"@id":"https:\/\/lacomponella.com\/WordPress3\/?page_id=11392#breadcrumb"},"inLanguage":"pl-PL","potentialAction":[{"@type":"ReadAction","target":["https:\/\/lacomponella.com\/WordPress3\/?page_id=11392"]}]},{"@type":"BreadcrumbList","@id":"https:\/\/lacomponella.com\/WordPress3\/?page_id=11392#breadcrumb","itemListElement":[{"@type":"ListItem","position":1,"name":"Strona g\u0142\u00f3wna","item":"https:\/\/lacomponella.com\/WordPress3\/?page_id=4991"},{"@type":"ListItem","position":2,"name":"Miot M &#8211; 2023"}]},{"@type":"WebSite","@id":"https:\/\/lacomponella.com\/WordPress3\/#website","url":"https:\/\/lacomponella.com\/WordPress3\/","name":"La Componella FCI","description":"Hodowla Dog Niemiecki, Xolo i Owczarek Belgijski","potentialAction":[{"@type":"SearchAction","target":{"@type":"EntryPoint","urlTemplate":"https:\/\/lacomponella.com\/WordPress3\/?s={search_term_string}"},"query-input":{"@type":"PropertyValueSpecification","valueRequired":true,"valueName":"search_term_string"}}],"inLanguage":"pl-PL"}]}},"_links":{"self":[{"href":"https:\/\/lacomponella.com\/WordPress3\/index.php?rest_route=\/wp\/v2\/pages\/11392","targetHints":{"allow":["GET"]}}],"collection":[{"href":"https:\/\/lacomponella.com\/WordPress3\/index.php?rest_route=\/wp\/v2\/pages"}],"about":[{"href":"https:\/\/lacomponella.com\/WordPress3\/index.php?rest_route=\/wp\/v2\/types\/page"}],"author":[{"embeddable":true,"href":"https:\/\/lacomponella.com\/WordPress3\/index.php?rest_route=\/wp\/v2\/users\/1"}],"replies":[{"embeddable":true,"href":"https:\/\/lacomponella.com\/WordPress3\/index.php?rest_route=%2Fwp%2Fv2%2Fcomments&post=11392"}],"version-history":[{"count":3,"href":"https:\/\/lacomponella.com\/WordPress3\/index.php?rest_route=\/wp\/v2\/pages\/11392\/revisions"}],"predecessor-version":[{"id":11617,"href":"https:\/\/lacomponella.com\/WordPress3\/index.php?rest_route=\/wp\/v2\/pages\/11392\/revisions\/11617"}],"wp:attachment":[{"href":"https:\/\/lacomponella.com\/WordPress3\/index.php?rest_route=%2Fwp%2Fv2%2Fmedia&parent=11392"}],"curies":[{"name":"wp","href":"https:\/\/api.w.org\/{rel}","templated":true}]}}