{"id":11565,"date":"2024-03-09T18:24:32","date_gmt":"2024-03-09T18:24:32","guid":{"rendered":"http:\/\/lacomponella.com\/WordPress3\/?page_id=11565"},"modified":"2024-03-09T18:39:58","modified_gmt":"2024-03-09T18:39:58","slug":"xolo-i-kot","status":"publish","type":"page","link":"https:\/\/lacomponella.com\/WordPress3\/?page_id=11565","title":{"rendered":"Xolo mini i Kot"},"content":{"rendered":"<p>Nagi Pies Mskyka\u0144ski Miniaturowy jest najlepszym na \u015bwiecie przyjacielem kot\u00f3w. Z racji swojej wielko\u015bci i charakteru akcpetuje koty jako cz\u0142onk\u00f3w swojego stada. Oczywi\u015bcie warunkiem musi by\u0107 \u0142agodny charakter kota:)<br \/>\nWiele xolo z naszej hodowli mieszka w nowych domach z kotami. Poni\u017cej prezentujemy poni\u017cej przyk\u0142adow\u0105 przyja\u017a\u0144 OD PIERWSZEGO dnia xolo z naszej hodowli z kotem rasy sphynx o imieniu Labus<\/p>\n<div style=\"width: 368px;\" class=\"wp-video\"><video class=\"wp-video-shortcode\" id=\"video-11565-1\" width=\"368\" height=\"640\" preload=\"metadata\" controls=\"controls\"><source type=\"video\/mp4\" src=\"http:\/\/lacomponella.com\/WordPress3\/wp-content\/uploads\/2024\/03\/super-lizanie750_n.mp4?_=1\" \/><a href=\"http:\/\/lacomponella.com\/WordPress3\/wp-content\/uploads\/2024\/03\/super-lizanie750_n.mp4\">http:\/\/lacomponella.com\/WordPress3\/wp-content\/uploads\/2024\/03\/super-lizanie750_n.mp4<\/a><\/video><\/div>\n<div style=\"width: 368px;\" class=\"wp-video\"><video class=\"wp-video-shortcode\" id=\"video-11565-2\" width=\"368\" height=\"640\" preload=\"metadata\" controls=\"controls\"><source type=\"video\/mp4\" src=\"http:\/\/lacomponella.com\/WordPress3\/wp-content\/uploads\/2024\/03\/w-pude\u0142ku689_n.mp4?_=2\" \/><a href=\"http:\/\/lacomponella.com\/WordPress3\/wp-content\/uploads\/2024\/03\/w-pude\u0142ku689_n.mp4\">http:\/\/lacomponella.com\/WordPress3\/wp-content\/uploads\/2024\/03\/w-pude\u0142ku689_n.mp4<\/a><\/video><\/div>\n<p><img fetchpriority=\"high\" decoding=\"async\" class=\"aligncenter size-full wp-image-11569\" src=\"http:\/\/lacomponella.com\/WordPress3\/wp-content\/uploads\/2024\/03\/423766092_419416920543697_7031763768016380068_n.jpg\" alt=\"\" width=\"1536\" height=\"2048\" srcset=\"https:\/\/lacomponella.com\/WordPress3\/wp-content\/uploads\/2024\/03\/423766092_419416920543697_7031763768016380068_n.jpg 1536w, https:\/\/lacomponella.com\/WordPress3\/wp-content\/uploads\/2024\/03\/423766092_419416920543697_7031763768016380068_n-225x300.jpg 225w, https:\/\/lacomponella.com\/WordPress3\/wp-content\/uploads\/2024\/03\/423766092_419416920543697_7031763768016380068_n-768x1024.jpg 768w\" sizes=\"(max-width: 1536px) 100vw, 1536px\" \/> <img decoding=\"async\" class=\"aligncenter size-full wp-image-11570\" src=\"http:\/\/lacomponella.com\/WordPress3\/wp-content\/uploads\/2024\/03\/429119395_1446822625946229_2662420792264972876_n.jpg\" alt=\"\" width=\"1080\" height=\"1920\" srcset=\"https:\/\/lacomponella.com\/WordPress3\/wp-content\/uploads\/2024\/03\/429119395_1446822625946229_2662420792264972876_n.jpg 1080w, https:\/\/lacomponella.com\/WordPress3\/wp-content\/uploads\/2024\/03\/429119395_1446822625946229_2662420792264972876_n-169x300.jpg 169w, https:\/\/lacomponella.com\/WordPress3\/wp-content\/uploads\/2024\/03\/429119395_1446822625946229_2662420792264972876_n-768x1365.jpg 768w, https:\/\/lacomponella.com\/WordPress3\/wp-content\/uploads\/2024\/03\/429119395_1446822625946229_2662420792264972876_n-576x1024.jpg 576w\" sizes=\"(max-width: 1080px) 100vw, 1080px\" \/> <img decoding=\"async\" class=\"aligncenter size-full wp-image-11571\" src=\"http:\/\/lacomponella.com\/WordPress3\/wp-content\/uploads\/2024\/03\/429687495_7265690370160599_6817406708135256553_n.jpg\" alt=\"\" width=\"2048\" height=\"1536\" srcset=\"https:\/\/lacomponella.com\/WordPress3\/wp-content\/uploads\/2024\/03\/429687495_7265690370160599_6817406708135256553_n.jpg 2048w, https:\/\/lacomponella.com\/WordPress3\/wp-content\/uploads\/2024\/03\/429687495_7265690370160599_6817406708135256553_n-300x225.jpg 300w, https:\/\/lacomponella.com\/WordPress3\/wp-content\/uploads\/2024\/03\/429687495_7265690370160599_6817406708135256553_n-768x576.jpg 768w, https:\/\/lacomponella.com\/WordPress3\/wp-content\/uploads\/2024\/03\/429687495_7265690370160599_6817406708135256553_n-1024x768.jpg 1024w\" sizes=\"(max-width: 2048px) 100vw, 2048px\" \/> <img loading=\"lazy\" decoding=\"async\" class=\"aligncenter size-full wp-image-11572\" src=\"http:\/\/lacomponella.com\/WordPress3\/wp-content\/uploads\/2024\/03\/429719946_1590759451464530_6296918410232511794_n.jpg\" alt=\"\" width=\"1536\" height=\"2048\" srcset=\"https:\/\/lacomponella.com\/WordPress3\/wp-content\/uploads\/2024\/03\/429719946_1590759451464530_6296918410232511794_n.jpg 1536w, https:\/\/lacomponella.com\/WordPress3\/wp-content\/uploads\/2024\/03\/429719946_1590759451464530_6296918410232511794_n-225x300.jpg 225w, https:\/\/lacomponella.com\/WordPress3\/wp-content\/uploads\/2024\/03\/429719946_1590759451464530_6296918410232511794_n-768x1024.jpg 768w\" sizes=\"(max-width: 1536px) 100vw, 1536px\" \/> <img loading=\"lazy\" decoding=\"async\" class=\"aligncenter size-full wp-image-11574\" src=\"http:\/\/lacomponella.com\/WordPress3\/wp-content\/uploads\/2024\/03\/431175913_7299100366819599_3563932523358169938_n.jpg\" alt=\"\" width=\"1536\" height=\"2048\" srcset=\"https:\/\/lacomponella.com\/WordPress3\/wp-content\/uploads\/2024\/03\/431175913_7299100366819599_3563932523358169938_n.jpg 1536w, https:\/\/lacomponella.com\/WordPress3\/wp-content\/uploads\/2024\/03\/431175913_7299100366819599_3563932523358169938_n-225x300.jpg 225w, https:\/\/lacomponella.com\/WordPress3\/wp-content\/uploads\/2024\/03\/431175913_7299100366819599_3563932523358169938_n-768x1024.jpg 768w\" sizes=\"(max-width: 1536px) 100vw, 1536px\" \/> <img loading=\"lazy\" decoding=\"async\" class=\"aligncenter size-full wp-image-11575\" src=\"http:\/\/lacomponella.com\/WordPress3\/wp-content\/uploads\/2024\/03\/FB-drugie-1.jpg\" alt=\"\" width=\"1536\" height=\"2048\" srcset=\"https:\/\/lacomponella.com\/WordPress3\/wp-content\/uploads\/2024\/03\/FB-drugie-1.jpg 1536w, https:\/\/lacomponella.com\/WordPress3\/wp-content\/uploads\/2024\/03\/FB-drugie-1-225x300.jpg 225w, https:\/\/lacomponella.com\/WordPress3\/wp-content\/uploads\/2024\/03\/FB-drugie-1-768x1024.jpg 768w\" sizes=\"(max-width: 1536px) 100vw, 1536px\" \/> <img loading=\"lazy\" decoding=\"async\" class=\"aligncenter size-full wp-image-11576\" src=\"http:\/\/lacomponella.com\/WordPress3\/wp-content\/uploads\/2024\/03\/FB-drugie-2.jpg\" alt=\"\" width=\"843\" height=\"1124\" srcset=\"https:\/\/lacomponella.com\/WordPress3\/wp-content\/uploads\/2024\/03\/FB-drugie-2.jpg 843w, https:\/\/lacomponella.com\/WordPress3\/wp-content\/uploads\/2024\/03\/FB-drugie-2-225x300.jpg 225w, https:\/\/lacomponella.com\/WordPress3\/wp-content\/uploads\/2024\/03\/FB-drugie-2-768x1024.jpg 768w\" sizes=\"(max-width: 843px) 100vw, 843px\" \/> <img loading=\"lazy\" decoding=\"async\" class=\"aligncenter size-full wp-image-11577\" src=\"http:\/\/lacomponella.com\/WordPress3\/wp-content\/uploads\/2024\/03\/FB-drugie-3.jpg\" alt=\"\" width=\"2048\" height=\"1536\" srcset=\"https:\/\/lacomponella.com\/WordPress3\/wp-content\/uploads\/2024\/03\/FB-drugie-3.jpg 2048w, https:\/\/lacomponella.com\/WordPress3\/wp-content\/uploads\/2024\/03\/FB-drugie-3-300x225.jpg 300w, https:\/\/lacomponella.com\/WordPress3\/wp-content\/uploads\/2024\/03\/FB-drugie-3-768x576.jpg 768w, https:\/\/lacomponella.com\/WordPress3\/wp-content\/uploads\/2024\/03\/FB-drugie-3-1024x768.jpg 1024w\" sizes=\"(max-width: 2048px) 100vw, 2048px\" \/> <img loading=\"lazy\" decoding=\"async\" class=\"aligncenter size-full wp-image-11578\" src=\"http:\/\/lacomponella.com\/WordPress3\/wp-content\/uploads\/2024\/03\/FB-drugie-4.jpg\" alt=\"\" width=\"1080\" height=\"1920\" srcset=\"https:\/\/lacomponella.com\/WordPress3\/wp-content\/uploads\/2024\/03\/FB-drugie-4.jpg 1080w, https:\/\/lacomponella.com\/WordPress3\/wp-content\/uploads\/2024\/03\/FB-drugie-4-169x300.jpg 169w, https:\/\/lacomponella.com\/WordPress3\/wp-content\/uploads\/2024\/03\/FB-drugie-4-768x1365.jpg 768w, https:\/\/lacomponella.com\/WordPress3\/wp-content\/uploads\/2024\/03\/FB-drugie-4-576x1024.jpg 576w\" sizes=\"(max-width: 1080px) 100vw, 1080px\" \/> <img loading=\"lazy\" decoding=\"async\" class=\"aligncenter size-full wp-image-11579\" src=\"http:\/\/lacomponella.com\/WordPress3\/wp-content\/uploads\/2024\/03\/FB-pierws-1.jpg\" alt=\"\" width=\"1536\" height=\"2048\" srcset=\"https:\/\/lacomponella.com\/WordPress3\/wp-content\/uploads\/2024\/03\/FB-pierws-1.jpg 1536w, https:\/\/lacomponella.com\/WordPress3\/wp-content\/uploads\/2024\/03\/FB-pierws-1-225x300.jpg 225w, https:\/\/lacomponella.com\/WordPress3\/wp-content\/uploads\/2024\/03\/FB-pierws-1-768x1024.jpg 768w\" sizes=\"(max-width: 1536px) 100vw, 1536px\" \/> <img loading=\"lazy\" decoding=\"async\" class=\"aligncenter size-full wp-image-11580\" src=\"http:\/\/lacomponella.com\/WordPress3\/wp-content\/uploads\/2024\/03\/FB-pierws-2.jpg\" alt=\"\" width=\"1080\" height=\"1920\" srcset=\"https:\/\/lacomponella.com\/WordPress3\/wp-content\/uploads\/2024\/03\/FB-pierws-2.jpg 1080w, https:\/\/lacomponella.com\/WordPress3\/wp-content\/uploads\/2024\/03\/FB-pierws-2-169x300.jpg 169w, https:\/\/lacomponella.com\/WordPress3\/wp-content\/uploads\/2024\/03\/FB-pierws-2-768x1365.jpg 768w, https:\/\/lacomponella.com\/WordPress3\/wp-content\/uploads\/2024\/03\/FB-pierws-2-576x1024.jpg 576w\" sizes=\"(max-width: 1080px) 100vw, 1080px\" \/><\/p>\n","protected":false},"excerpt":{"rendered":"<p>Nagi Pies Mskyka\u0144ski Miniaturowy jest najlepszym na \u015bwiecie przyjacielem kot\u00f3w. Z racji swojej wielko\u015bci i charakteru akcpetuje koty jako cz\u0142onk\u00f3w swojego stada. Oczywi\u015bcie warunkiem musi by\u0107 \u0142agodny charakter kota:) Wiele xolo z naszej hodowli mieszka w nowych domach z kotami. Poni\u017cej prezentujemy poni\u017cej przyk\u0142adow\u0105 przyja\u017a\u0144 OD PIERWSZEGO dnia xolo z naszej hodowli z kotem rasy [&hellip;]<\/p>\n","protected":false},"author":1,"featured_media":0,"parent":0,"menu_order":0,"comment_status":"closed","ping_status":"closed","template":"","meta":{"footnotes":""},"class_list":["post-11565","page","type-page","status-publish","hentry"],"yoast_head":"<!-- This site is optimized with the Yoast SEO plugin v27.5 - https:\/\/yoast.com\/product\/yoast-seo-wordpress\/ -->\n<title>Xolo mini i Kot - La Componella FCI<\/title>\n<meta name=\"robots\" content=\"index, follow, max-snippet:-1, max-image-preview:large, max-video-preview:-1\" \/>\n<link rel=\"canonical\" href=\"https:\/\/lacomponella.com\/WordPress3\/?page_id=11565\" \/>\n<meta property=\"og:locale\" content=\"pl_PL\" \/>\n<meta property=\"og:type\" content=\"article\" \/>\n<meta property=\"og:title\" content=\"Xolo mini i Kot - La Componella FCI\" \/>\n<meta property=\"og:description\" content=\"Nagi Pies Mskyka\u0144ski Miniaturowy jest najlepszym na \u015bwiecie przyjacielem kot\u00f3w. Z racji swojej wielko\u015bci i charakteru akcpetuje koty jako cz\u0142onk\u00f3w swojego stada. Oczywi\u015bcie warunkiem musi by\u0107 \u0142agodny charakter kota:) Wiele xolo z naszej hodowli mieszka w nowych domach z kotami. Poni\u017cej prezentujemy poni\u017cej przyk\u0142adow\u0105 przyja\u017a\u0144 OD PIERWSZEGO dnia xolo z naszej hodowli z kotem rasy [&hellip;]\" \/>\n<meta property=\"og:url\" content=\"https:\/\/lacomponella.com\/WordPress3\/?page_id=11565\" \/>\n<meta property=\"og:site_name\" content=\"La Componella FCI\" \/>\n<meta property=\"article:modified_time\" content=\"2024-03-09T18:39:58+00:00\" \/>\n<meta property=\"og:image\" content=\"https:\/\/lacomponella.com\/WordPress3\/wp-content\/uploads\/2024\/03\/423766092_419416920543697_7031763768016380068_n.jpg\" \/>\n\t<meta property=\"og:image:width\" content=\"1536\" \/>\n\t<meta property=\"og:image:height\" content=\"2048\" \/>\n\t<meta property=\"og:image:type\" content=\"image\/jpeg\" \/>\n<meta name=\"twitter:card\" content=\"summary_large_image\" \/>\n<script type=\"application\/ld+json\" class=\"yoast-schema-graph\">{\"@context\":\"https:\\\/\\\/schema.org\",\"@graph\":[{\"@type\":\"WebPage\",\"@id\":\"https:\\\/\\\/lacomponella.com\\\/WordPress3\\\/?page_id=11565\",\"url\":\"https:\\\/\\\/lacomponella.com\\\/WordPress3\\\/?page_id=11565\",\"name\":\"Xolo mini i Kot - La Componella FCI\",\"isPartOf\":{\"@id\":\"https:\\\/\\\/lacomponella.com\\\/WordPress3\\\/#website\"},\"primaryImageOfPage\":{\"@id\":\"https:\\\/\\\/lacomponella.com\\\/WordPress3\\\/?page_id=11565#primaryimage\"},\"image\":{\"@id\":\"https:\\\/\\\/lacomponella.com\\\/WordPress3\\\/?page_id=11565#primaryimage\"},\"thumbnailUrl\":\"http:\\\/\\\/lacomponella.com\\\/WordPress3\\\/wp-content\\\/uploads\\\/2024\\\/03\\\/423766092_419416920543697_7031763768016380068_n.jpg\",\"datePublished\":\"2024-03-09T18:24:32+00:00\",\"dateModified\":\"2024-03-09T18:39:58+00:00\",\"breadcrumb\":{\"@id\":\"https:\\\/\\\/lacomponella.com\\\/WordPress3\\\/?page_id=11565#breadcrumb\"},\"inLanguage\":\"pl-PL\",\"potentialAction\":[{\"@type\":\"ReadAction\",\"target\":[\"https:\\\/\\\/lacomponella.com\\\/WordPress3\\\/?page_id=11565\"]}]},{\"@type\":\"ImageObject\",\"inLanguage\":\"pl-PL\",\"@id\":\"https:\\\/\\\/lacomponella.com\\\/WordPress3\\\/?page_id=11565#primaryimage\",\"url\":\"https:\\\/\\\/lacomponella.com\\\/WordPress3\\\/wp-content\\\/uploads\\\/2024\\\/03\\\/423766092_419416920543697_7031763768016380068_n.jpg\",\"contentUrl\":\"https:\\\/\\\/lacomponella.com\\\/WordPress3\\\/wp-content\\\/uploads\\\/2024\\\/03\\\/423766092_419416920543697_7031763768016380068_n.jpg\",\"width\":1536,\"height\":2048},{\"@type\":\"BreadcrumbList\",\"@id\":\"https:\\\/\\\/lacomponella.com\\\/WordPress3\\\/?page_id=11565#breadcrumb\",\"itemListElement\":[{\"@type\":\"ListItem\",\"position\":1,\"name\":\"Strona g\u0142\u00f3wna\",\"item\":\"https:\\\/\\\/lacomponella.com\\\/WordPress3\\\/?page_id=4991\"},{\"@type\":\"ListItem\",\"position\":2,\"name\":\"Xolo mini i Kot\"}]},{\"@type\":\"WebSite\",\"@id\":\"https:\\\/\\\/lacomponella.com\\\/WordPress3\\\/#website\",\"url\":\"https:\\\/\\\/lacomponella.com\\\/WordPress3\\\/\",\"name\":\"La Componella FCI\",\"description\":\"Hodowla Dog Niemiecki, Xolo i Owczarek Belgijski\",\"potentialAction\":[{\"@type\":\"SearchAction\",\"target\":{\"@type\":\"EntryPoint\",\"urlTemplate\":\"https:\\\/\\\/lacomponella.com\\\/WordPress3\\\/?s={search_term_string}\"},\"query-input\":{\"@type\":\"PropertyValueSpecification\",\"valueRequired\":true,\"valueName\":\"search_term_string\"}}],\"inLanguage\":\"pl-PL\"}]}<\/script>\n<!-- \/ Yoast SEO plugin. -->","yoast_head_json":{"title":"Xolo mini i Kot - La Componella FCI","robots":{"index":"index","follow":"follow","max-snippet":"max-snippet:-1","max-image-preview":"max-image-preview:large","max-video-preview":"max-video-preview:-1"},"canonical":"https:\/\/lacomponella.com\/WordPress3\/?page_id=11565","og_locale":"pl_PL","og_type":"article","og_title":"Xolo mini i Kot - La Componella FCI","og_description":"Nagi Pies Mskyka\u0144ski Miniaturowy jest najlepszym na \u015bwiecie przyjacielem kot\u00f3w. Z racji swojej wielko\u015bci i charakteru akcpetuje koty jako cz\u0142onk\u00f3w swojego stada. Oczywi\u015bcie warunkiem musi by\u0107 \u0142agodny charakter kota:) Wiele xolo z naszej hodowli mieszka w nowych domach z kotami. Poni\u017cej prezentujemy poni\u017cej przyk\u0142adow\u0105 przyja\u017a\u0144 OD PIERWSZEGO dnia xolo z naszej hodowli z kotem rasy [&hellip;]","og_url":"https:\/\/lacomponella.com\/WordPress3\/?page_id=11565","og_site_name":"La Componella FCI","article_modified_time":"2024-03-09T18:39:58+00:00","og_image":[{"width":1536,"height":2048,"url":"https:\/\/lacomponella.com\/WordPress3\/wp-content\/uploads\/2024\/03\/423766092_419416920543697_7031763768016380068_n.jpg","type":"image\/jpeg"}],"twitter_card":"summary_large_image","schema":{"@context":"https:\/\/schema.org","@graph":[{"@type":"WebPage","@id":"https:\/\/lacomponella.com\/WordPress3\/?page_id=11565","url":"https:\/\/lacomponella.com\/WordPress3\/?page_id=11565","name":"Xolo mini i Kot - La Componella FCI","isPartOf":{"@id":"https:\/\/lacomponella.com\/WordPress3\/#website"},"primaryImageOfPage":{"@id":"https:\/\/lacomponella.com\/WordPress3\/?page_id=11565#primaryimage"},"image":{"@id":"https:\/\/lacomponella.com\/WordPress3\/?page_id=11565#primaryimage"},"thumbnailUrl":"http:\/\/lacomponella.com\/WordPress3\/wp-content\/uploads\/2024\/03\/423766092_419416920543697_7031763768016380068_n.jpg","datePublished":"2024-03-09T18:24:32+00:00","dateModified":"2024-03-09T18:39:58+00:00","breadcrumb":{"@id":"https:\/\/lacomponella.com\/WordPress3\/?page_id=11565#breadcrumb"},"inLanguage":"pl-PL","potentialAction":[{"@type":"ReadAction","target":["https:\/\/lacomponella.com\/WordPress3\/?page_id=11565"]}]},{"@type":"ImageObject","inLanguage":"pl-PL","@id":"https:\/\/lacomponella.com\/WordPress3\/?page_id=11565#primaryimage","url":"https:\/\/lacomponella.com\/WordPress3\/wp-content\/uploads\/2024\/03\/423766092_419416920543697_7031763768016380068_n.jpg","contentUrl":"https:\/\/lacomponella.com\/WordPress3\/wp-content\/uploads\/2024\/03\/423766092_419416920543697_7031763768016380068_n.jpg","width":1536,"height":2048},{"@type":"BreadcrumbList","@id":"https:\/\/lacomponella.com\/WordPress3\/?page_id=11565#breadcrumb","itemListElement":[{"@type":"ListItem","position":1,"name":"Strona g\u0142\u00f3wna","item":"https:\/\/lacomponella.com\/WordPress3\/?page_id=4991"},{"@type":"ListItem","position":2,"name":"Xolo mini i Kot"}]},{"@type":"WebSite","@id":"https:\/\/lacomponella.com\/WordPress3\/#website","url":"https:\/\/lacomponella.com\/WordPress3\/","name":"La Componella FCI","description":"Hodowla Dog Niemiecki, Xolo i Owczarek Belgijski","potentialAction":[{"@type":"SearchAction","target":{"@type":"EntryPoint","urlTemplate":"https:\/\/lacomponella.com\/WordPress3\/?s={search_term_string}"},"query-input":{"@type":"PropertyValueSpecification","valueRequired":true,"valueName":"search_term_string"}}],"inLanguage":"pl-PL"}]}},"_links":{"self":[{"href":"https:\/\/lacomponella.com\/WordPress3\/index.php?rest_route=\/wp\/v2\/pages\/11565","targetHints":{"allow":["GET"]}}],"collection":[{"href":"https:\/\/lacomponella.com\/WordPress3\/index.php?rest_route=\/wp\/v2\/pages"}],"about":[{"href":"https:\/\/lacomponella.com\/WordPress3\/index.php?rest_route=\/wp\/v2\/types\/page"}],"author":[{"embeddable":true,"href":"https:\/\/lacomponella.com\/WordPress3\/index.php?rest_route=\/wp\/v2\/users\/1"}],"replies":[{"embeddable":true,"href":"https:\/\/lacomponella.com\/WordPress3\/index.php?rest_route=%2Fwp%2Fv2%2Fcomments&post=11565"}],"version-history":[{"count":3,"href":"https:\/\/lacomponella.com\/WordPress3\/index.php?rest_route=\/wp\/v2\/pages\/11565\/revisions"}],"predecessor-version":[{"id":11590,"href":"https:\/\/lacomponella.com\/WordPress3\/index.php?rest_route=\/wp\/v2\/pages\/11565\/revisions\/11590"}],"wp:attachment":[{"href":"https:\/\/lacomponella.com\/WordPress3\/index.php?rest_route=%2Fwp%2Fv2%2Fmedia&parent=11565"}],"curies":[{"name":"wp","href":"https:\/\/api.w.org\/{rel}","templated":true}]}}