{"id":11728,"date":"2024-08-06T23:58:25","date_gmt":"2024-08-06T23:58:25","guid":{"rendered":"http:\/\/lacomponella.com\/WordPress3\/?page_id=11728"},"modified":"2024-10-03T19:42:22","modified_gmt":"2024-10-03T19:42:22","slug":"stud-male-grand-blue","status":"publish","type":"page","link":"https:\/\/lacomponella.com\/WordPress3\/?page_id=11728","title":{"rendered":"Stud Male Grand Blue"},"content":{"rendered":"<h2><span style=\"color: #ff0000;\">FIGO HUGO II La Componella (FCI)<\/span><\/h2>\n<p>born 17.04.2023<\/p>\n<p><img fetchpriority=\"high\" decoding=\"async\" class=\"aligncenter size-full wp-image-11760\" src=\"http:\/\/lacomponella.com\/WordPress3\/wp-content\/uploads\/2024\/08\/3681538d-ca06-416d-90e0-a5795c9e077e.jpg\" alt=\"\" width=\"1100\" height=\"771\" srcset=\"https:\/\/lacomponella.com\/WordPress3\/wp-content\/uploads\/2024\/08\/3681538d-ca06-416d-90e0-a5795c9e077e.jpg 1100w, https:\/\/lacomponella.com\/WordPress3\/wp-content\/uploads\/2024\/08\/3681538d-ca06-416d-90e0-a5795c9e077e-300x210.jpg 300w, https:\/\/lacomponella.com\/WordPress3\/wp-content\/uploads\/2024\/08\/3681538d-ca06-416d-90e0-a5795c9e077e-768x538.jpg 768w, https:\/\/lacomponella.com\/WordPress3\/wp-content\/uploads\/2024\/08\/3681538d-ca06-416d-90e0-a5795c9e077e-1024x718.jpg 1024w\" sizes=\"(max-width: 1100px) 100vw, 1100px\" \/><\/p>\n<p><span style=\"color: #800080;\"><strong>***Shows***<br \/>\n<\/strong><\/span>Champion Polski M\u0142odzie\u017cy<br \/>\nInterchampion C.I.B.-J \u2013 Mi\u0119dzynarodowy M\u0142odzie\u017cowy Mistrz Pi\u0119kno\u015bci<br \/>\nM\u0142odzie\u017cowy Zwyci\u0119zca Polski 2024<br \/>\nZwyci\u0119zca Klubu 2024<br \/>\nIHA TULLN 2024 \u2013 DANUBE WINNER<br \/>\nIHA TULLN 2024 \u2013 CRUFTS QUALIFIKATION<br \/>\nTOP DOG 2023<br \/>\nBest in Show1 Wystawa Ps\u00f3w My\u015bliwskich Dobrzej\u00f3w o\/ Legnica<br \/>\n\uf0a7 IDS Wroc\u0142aw 28\/09\/2024 V1, CWC,FCI-CACIB , BOB<br \/>\n\uf0a7 14. CACIB Leipzig 07\/09\/2024 V1 , FCI-CACIB, Anw.Dt.Ch.VDH, CAC, BOB,<br \/>\n\uf0a7 Krajowa Wystawa Ps\u00f3w My\u015bliwskich &#8211; I\u0142owa 1.09.2024, V1,CWC,BOB,BOG 2<br \/>\n\uf0a7 MVP Interdog Bohemia Ml.Boleslav 17.8.2024 , V1, CAC , FCI-CACIB, BOB<br \/>\n\uf0a7 Krajowa Wystawa Ps\u00f3w Ras My\u015bliwskich 15.08.24 Dobrzej\u00f3w o\/Legnica V1, CWC, BOB BIG1 Best in Show1<br \/>\n\uf0a7 Klubow\u0105 Wystawa Ps\u00f3w Go\u0144czych. Bogus\u0142awice 03.08.2024. V1, CWC,BOB ZW. Klubu<br \/>\n\uf0a7 LIII KWPR Jelenia G\u00f3ra 30.06.2024 V1,CWC, ,Zw. M\u0142. BOB BOG4<br \/>\n\uf0a7 Krajowa Wystawa Ps\u00f3w My\u015bliwskich 29\/06\/2024 Jelenia G\u00f3ra, V1,CWC,Zw.M\u0142.BOB .BOG3<br \/>\n\uf0a7 \u00d6KV IHA Tulln 8\/06\/2024 V1,CAC, CACIB-J ,JUGEND-CRUFTS QUALIFICATION, BOB,<br \/>\n\uf0a7 \u00d6KV IHA Tulln 7\/06\/2024 V1,CAC, ,CACIB-J, DANUBE WINNER, BOB, BOG5<br \/>\n\uf0a7 MVP Litom\u011b\u0159ice V1,CAJC BOJ CACIB-J BOB<br \/>\n\uf0a7 IDS Babimost 19.05.2024r.,V1,CWC, ,CACIB-J,Zw.M\u0142 BOB<br \/>\n\uf0a7 Dog Show \u015awiebodzice 06.04.2024r V1,CWC Zw.M\u0142, BOB,<br \/>\n\uf0a7 XXVII IDS Katowice 2024, V1.CWC.Zw M\u0142. CACIB-J<br \/>\n\uf0a7 X IDS LUBIN 28-01-2024r , CWC, CACIB-J, Zw. M\u0142. BOB<br \/>\n\uf0a7 DS 2.12.2023 \u015awiebodzice Best Puppy in Breed<br \/>\n\uf0a7 DUO CACIB WROC\u0141AW 24.09.2023 , Best Minor Puppy in Breed<br \/>\n\uf0a7 LII Karkonoska Wystawa Ps\u00f3w Rasowych, 17\/09\/2023 Jelenia G\u00f3ra, Best Minor Puppy in Breed<br \/>\n\uf0a7 Krajowa Wystawa Ps\u00f3w My\u015bliwskich I\u0142owa 10\/09\/2023 Best Minor Puppy in Breed<br \/>\n\uf0a7 XIII Krajowa Wystawa Ps\u00f3w My\u015bliwskich \u2013 Kliczk\u00f3w 26.08.2023 Best Minor Puppy in Breed<\/p>\n<p><img decoding=\"async\" class=\"aligncenter size-full wp-image-11726\" src=\"http:\/\/lacomponella.com\/WordPress3\/wp-content\/uploads\/2024\/08\/421938077_428042626215404_7704103519545353012_n.jpg\" alt=\"\" width=\"756\" height=\"1100\" srcset=\"https:\/\/lacomponella.com\/WordPress3\/wp-content\/uploads\/2024\/08\/421938077_428042626215404_7704103519545353012_n.jpg 756w, https:\/\/lacomponella.com\/WordPress3\/wp-content\/uploads\/2024\/08\/421938077_428042626215404_7704103519545353012_n-206x300.jpg 206w, https:\/\/lacomponella.com\/WordPress3\/wp-content\/uploads\/2024\/08\/421938077_428042626215404_7704103519545353012_n-704x1024.jpg 704w\" sizes=\"(max-width: 756px) 100vw, 756px\" \/><img decoding=\"async\" class=\"aligncenter size-full wp-image-11761\" src=\"http:\/\/lacomponella.com\/WordPress3\/wp-content\/uploads\/2024\/08\/7fc5f79b-a5bb-4f5d-b1ad-d4dd6a27089a.jpg\" alt=\"\" width=\"647\" height=\"892\" srcset=\"https:\/\/lacomponella.com\/WordPress3\/wp-content\/uploads\/2024\/08\/7fc5f79b-a5bb-4f5d-b1ad-d4dd6a27089a.jpg 647w, https:\/\/lacomponella.com\/WordPress3\/wp-content\/uploads\/2024\/08\/7fc5f79b-a5bb-4f5d-b1ad-d4dd6a27089a-218x300.jpg 218w\" sizes=\"(max-width: 647px) 100vw, 647px\" \/> <img loading=\"lazy\" decoding=\"async\" class=\"aligncenter size-full wp-image-11762\" src=\"http:\/\/lacomponella.com\/WordPress3\/wp-content\/uploads\/2024\/08\/be4db06e-61c4-4368-be16-e37812e6ad51.jpg\" alt=\"\" width=\"2048\" height=\"1428\" srcset=\"https:\/\/lacomponella.com\/WordPress3\/wp-content\/uploads\/2024\/08\/be4db06e-61c4-4368-be16-e37812e6ad51.jpg 2048w, https:\/\/lacomponella.com\/WordPress3\/wp-content\/uploads\/2024\/08\/be4db06e-61c4-4368-be16-e37812e6ad51-300x209.jpg 300w, https:\/\/lacomponella.com\/WordPress3\/wp-content\/uploads\/2024\/08\/be4db06e-61c4-4368-be16-e37812e6ad51-768x536.jpg 768w, https:\/\/lacomponella.com\/WordPress3\/wp-content\/uploads\/2024\/08\/be4db06e-61c4-4368-be16-e37812e6ad51-1024x714.jpg 1024w\" sizes=\"(max-width: 2048px) 100vw, 2048px\" \/><br \/>\n<img loading=\"lazy\" decoding=\"async\" class=\"aligncenter size-full wp-image-11764\" src=\"http:\/\/lacomponella.com\/WordPress3\/wp-content\/uploads\/2024\/08\/Inter-Hugo-Junior-3cdf02.jpg\" alt=\"\" width=\"3939\" height=\"2764\" srcset=\"https:\/\/lacomponella.com\/WordPress3\/wp-content\/uploads\/2024\/08\/Inter-Hugo-Junior-3cdf02.jpg 3939w, https:\/\/lacomponella.com\/WordPress3\/wp-content\/uploads\/2024\/08\/Inter-Hugo-Junior-3cdf02-300x211.jpg 300w, https:\/\/lacomponella.com\/WordPress3\/wp-content\/uploads\/2024\/08\/Inter-Hugo-Junior-3cdf02-768x539.jpg 768w, https:\/\/lacomponella.com\/WordPress3\/wp-content\/uploads\/2024\/08\/Inter-Hugo-Junior-3cdf02-1024x719.jpg 1024w\" sizes=\"(max-width: 3939px) 100vw, 3939px\" \/> <img loading=\"lazy\" decoding=\"async\" class=\"aligncenter size-full wp-image-11765\" src=\"http:\/\/lacomponella.com\/WordPress3\/wp-content\/uploads\/2024\/08\/M\u0142-ch-pl-3064.jpg\" alt=\"\" width=\"720\" height=\"509\" srcset=\"https:\/\/lacomponella.com\/WordPress3\/wp-content\/uploads\/2024\/08\/M\u0142-ch-pl-3064.jpg 720w, https:\/\/lacomponella.com\/WordPress3\/wp-content\/uploads\/2024\/08\/M\u0142-ch-pl-3064-300x212.jpg 300w\" sizes=\"(max-width: 720px) 100vw, 720px\" \/><\/p>\n","protected":false},"excerpt":{"rendered":"<p>FIGO HUGO II La Componella (FCI) born 17.04.2023 ***Shows*** Champion Polski M\u0142odzie\u017cy Interchampion C.I.B.-J \u2013 Mi\u0119dzynarodowy M\u0142odzie\u017cowy Mistrz Pi\u0119kno\u015bci M\u0142odzie\u017cowy Zwyci\u0119zca Polski 2024 Zwyci\u0119zca Klubu 2024 IHA TULLN 2024 \u2013 DANUBE WINNER IHA TULLN 2024 \u2013 CRUFTS QUALIFIKATION TOP DOG 2023 Best in Show1 Wystawa Ps\u00f3w My\u015bliwskich Dobrzej\u00f3w o\/ Legnica \uf0a7 IDS Wroc\u0142aw 28\/09\/2024 V1, [&hellip;]<\/p>\n","protected":false},"author":1,"featured_media":0,"parent":0,"menu_order":0,"comment_status":"closed","ping_status":"closed","template":"","meta":{"footnotes":""},"class_list":["post-11728","page","type-page","status-publish","hentry"],"yoast_head":"<!-- This site is optimized with the Yoast SEO plugin v27.5 - https:\/\/yoast.com\/product\/yoast-seo-wordpress\/ -->\n<title>Stud Male Grand Blue - La Componella FCI<\/title>\n<meta name=\"robots\" content=\"index, follow, max-snippet:-1, max-image-preview:large, max-video-preview:-1\" \/>\n<link rel=\"canonical\" href=\"https:\/\/lacomponella.com\/WordPress3\/?page_id=11728\" \/>\n<meta property=\"og:locale\" content=\"pl_PL\" \/>\n<meta property=\"og:type\" content=\"article\" \/>\n<meta property=\"og:title\" content=\"Stud Male Grand Blue - La Componella FCI\" \/>\n<meta property=\"og:description\" content=\"FIGO HUGO II La Componella (FCI) born 17.04.2023 ***Shows*** Champion Polski M\u0142odzie\u017cy Interchampion C.I.B.-J \u2013 Mi\u0119dzynarodowy M\u0142odzie\u017cowy Mistrz Pi\u0119kno\u015bci M\u0142odzie\u017cowy Zwyci\u0119zca Polski 2024 Zwyci\u0119zca Klubu 2024 IHA TULLN 2024 \u2013 DANUBE WINNER IHA TULLN 2024 \u2013 CRUFTS QUALIFIKATION TOP DOG 2023 Best in Show1 Wystawa Ps\u00f3w My\u015bliwskich Dobrzej\u00f3w o\/ Legnica \uf0a7 IDS Wroc\u0142aw 28\/09\/2024 V1, [&hellip;]\" \/>\n<meta property=\"og:url\" content=\"https:\/\/lacomponella.com\/WordPress3\/?page_id=11728\" \/>\n<meta property=\"og:site_name\" content=\"La Componella FCI\" \/>\n<meta property=\"article:modified_time\" content=\"2024-10-03T19:42:22+00:00\" \/>\n<meta property=\"og:image\" content=\"https:\/\/lacomponella.com\/WordPress3\/wp-content\/uploads\/2024\/08\/3681538d-ca06-416d-90e0-a5795c9e077e.jpg\" \/>\n\t<meta property=\"og:image:width\" content=\"1100\" \/>\n\t<meta property=\"og:image:height\" content=\"771\" \/>\n\t<meta property=\"og:image:type\" content=\"image\/jpeg\" \/>\n<meta name=\"twitter:card\" content=\"summary_large_image\" \/>\n<meta name=\"twitter:label1\" content=\"Szacowany czas czytania\" \/>\n\t<meta name=\"twitter:data1\" content=\"1 minuta\" \/>\n<script type=\"application\/ld+json\" class=\"yoast-schema-graph\">{\"@context\":\"https:\\\/\\\/schema.org\",\"@graph\":[{\"@type\":\"WebPage\",\"@id\":\"https:\\\/\\\/lacomponella.com\\\/WordPress3\\\/?page_id=11728\",\"url\":\"https:\\\/\\\/lacomponella.com\\\/WordPress3\\\/?page_id=11728\",\"name\":\"Stud Male Grand Blue - La Componella FCI\",\"isPartOf\":{\"@id\":\"https:\\\/\\\/lacomponella.com\\\/WordPress3\\\/#website\"},\"primaryImageOfPage\":{\"@id\":\"https:\\\/\\\/lacomponella.com\\\/WordPress3\\\/?page_id=11728#primaryimage\"},\"image\":{\"@id\":\"https:\\\/\\\/lacomponella.com\\\/WordPress3\\\/?page_id=11728#primaryimage\"},\"thumbnailUrl\":\"http:\\\/\\\/lacomponella.com\\\/WordPress3\\\/wp-content\\\/uploads\\\/2024\\\/08\\\/3681538d-ca06-416d-90e0-a5795c9e077e.jpg\",\"datePublished\":\"2024-08-06T23:58:25+00:00\",\"dateModified\":\"2024-10-03T19:42:22+00:00\",\"breadcrumb\":{\"@id\":\"https:\\\/\\\/lacomponella.com\\\/WordPress3\\\/?page_id=11728#breadcrumb\"},\"inLanguage\":\"pl-PL\",\"potentialAction\":[{\"@type\":\"ReadAction\",\"target\":[\"https:\\\/\\\/lacomponella.com\\\/WordPress3\\\/?page_id=11728\"]}]},{\"@type\":\"ImageObject\",\"inLanguage\":\"pl-PL\",\"@id\":\"https:\\\/\\\/lacomponella.com\\\/WordPress3\\\/?page_id=11728#primaryimage\",\"url\":\"https:\\\/\\\/lacomponella.com\\\/WordPress3\\\/wp-content\\\/uploads\\\/2024\\\/08\\\/3681538d-ca06-416d-90e0-a5795c9e077e.jpg\",\"contentUrl\":\"https:\\\/\\\/lacomponella.com\\\/WordPress3\\\/wp-content\\\/uploads\\\/2024\\\/08\\\/3681538d-ca06-416d-90e0-a5795c9e077e.jpg\",\"width\":1100,\"height\":771},{\"@type\":\"BreadcrumbList\",\"@id\":\"https:\\\/\\\/lacomponella.com\\\/WordPress3\\\/?page_id=11728#breadcrumb\",\"itemListElement\":[{\"@type\":\"ListItem\",\"position\":1,\"name\":\"Strona g\u0142\u00f3wna\",\"item\":\"https:\\\/\\\/lacomponella.com\\\/WordPress3\\\/?page_id=4991\"},{\"@type\":\"ListItem\",\"position\":2,\"name\":\"Stud Male Grand Blue\"}]},{\"@type\":\"WebSite\",\"@id\":\"https:\\\/\\\/lacomponella.com\\\/WordPress3\\\/#website\",\"url\":\"https:\\\/\\\/lacomponella.com\\\/WordPress3\\\/\",\"name\":\"La Componella FCI\",\"description\":\"Hodowla Dog Niemiecki, Xolo i Owczarek Belgijski\",\"potentialAction\":[{\"@type\":\"SearchAction\",\"target\":{\"@type\":\"EntryPoint\",\"urlTemplate\":\"https:\\\/\\\/lacomponella.com\\\/WordPress3\\\/?s={search_term_string}\"},\"query-input\":{\"@type\":\"PropertyValueSpecification\",\"valueRequired\":true,\"valueName\":\"search_term_string\"}}],\"inLanguage\":\"pl-PL\"}]}<\/script>\n<!-- \/ Yoast SEO plugin. -->","yoast_head_json":{"title":"Stud Male Grand Blue - La Componella FCI","robots":{"index":"index","follow":"follow","max-snippet":"max-snippet:-1","max-image-preview":"max-image-preview:large","max-video-preview":"max-video-preview:-1"},"canonical":"https:\/\/lacomponella.com\/WordPress3\/?page_id=11728","og_locale":"pl_PL","og_type":"article","og_title":"Stud Male Grand Blue - La Componella FCI","og_description":"FIGO HUGO II La Componella (FCI) born 17.04.2023 ***Shows*** Champion Polski M\u0142odzie\u017cy Interchampion C.I.B.-J \u2013 Mi\u0119dzynarodowy M\u0142odzie\u017cowy Mistrz Pi\u0119kno\u015bci M\u0142odzie\u017cowy Zwyci\u0119zca Polski 2024 Zwyci\u0119zca Klubu 2024 IHA TULLN 2024 \u2013 DANUBE WINNER IHA TULLN 2024 \u2013 CRUFTS QUALIFIKATION TOP DOG 2023 Best in Show1 Wystawa Ps\u00f3w My\u015bliwskich Dobrzej\u00f3w o\/ Legnica \uf0a7 IDS Wroc\u0142aw 28\/09\/2024 V1, [&hellip;]","og_url":"https:\/\/lacomponella.com\/WordPress3\/?page_id=11728","og_site_name":"La Componella FCI","article_modified_time":"2024-10-03T19:42:22+00:00","og_image":[{"width":1100,"height":771,"url":"https:\/\/lacomponella.com\/WordPress3\/wp-content\/uploads\/2024\/08\/3681538d-ca06-416d-90e0-a5795c9e077e.jpg","type":"image\/jpeg"}],"twitter_card":"summary_large_image","twitter_misc":{"Szacowany czas czytania":"1 minuta"},"schema":{"@context":"https:\/\/schema.org","@graph":[{"@type":"WebPage","@id":"https:\/\/lacomponella.com\/WordPress3\/?page_id=11728","url":"https:\/\/lacomponella.com\/WordPress3\/?page_id=11728","name":"Stud Male Grand Blue - La Componella FCI","isPartOf":{"@id":"https:\/\/lacomponella.com\/WordPress3\/#website"},"primaryImageOfPage":{"@id":"https:\/\/lacomponella.com\/WordPress3\/?page_id=11728#primaryimage"},"image":{"@id":"https:\/\/lacomponella.com\/WordPress3\/?page_id=11728#primaryimage"},"thumbnailUrl":"http:\/\/lacomponella.com\/WordPress3\/wp-content\/uploads\/2024\/08\/3681538d-ca06-416d-90e0-a5795c9e077e.jpg","datePublished":"2024-08-06T23:58:25+00:00","dateModified":"2024-10-03T19:42:22+00:00","breadcrumb":{"@id":"https:\/\/lacomponella.com\/WordPress3\/?page_id=11728#breadcrumb"},"inLanguage":"pl-PL","potentialAction":[{"@type":"ReadAction","target":["https:\/\/lacomponella.com\/WordPress3\/?page_id=11728"]}]},{"@type":"ImageObject","inLanguage":"pl-PL","@id":"https:\/\/lacomponella.com\/WordPress3\/?page_id=11728#primaryimage","url":"https:\/\/lacomponella.com\/WordPress3\/wp-content\/uploads\/2024\/08\/3681538d-ca06-416d-90e0-a5795c9e077e.jpg","contentUrl":"https:\/\/lacomponella.com\/WordPress3\/wp-content\/uploads\/2024\/08\/3681538d-ca06-416d-90e0-a5795c9e077e.jpg","width":1100,"height":771},{"@type":"BreadcrumbList","@id":"https:\/\/lacomponella.com\/WordPress3\/?page_id=11728#breadcrumb","itemListElement":[{"@type":"ListItem","position":1,"name":"Strona g\u0142\u00f3wna","item":"https:\/\/lacomponella.com\/WordPress3\/?page_id=4991"},{"@type":"ListItem","position":2,"name":"Stud Male Grand Blue"}]},{"@type":"WebSite","@id":"https:\/\/lacomponella.com\/WordPress3\/#website","url":"https:\/\/lacomponella.com\/WordPress3\/","name":"La Componella FCI","description":"Hodowla Dog Niemiecki, Xolo i Owczarek Belgijski","potentialAction":[{"@type":"SearchAction","target":{"@type":"EntryPoint","urlTemplate":"https:\/\/lacomponella.com\/WordPress3\/?s={search_term_string}"},"query-input":{"@type":"PropertyValueSpecification","valueRequired":true,"valueName":"search_term_string"}}],"inLanguage":"pl-PL"}]}},"_links":{"self":[{"href":"https:\/\/lacomponella.com\/WordPress3\/index.php?rest_route=\/wp\/v2\/pages\/11728","targetHints":{"allow":["GET"]}}],"collection":[{"href":"https:\/\/lacomponella.com\/WordPress3\/index.php?rest_route=\/wp\/v2\/pages"}],"about":[{"href":"https:\/\/lacomponella.com\/WordPress3\/index.php?rest_route=\/wp\/v2\/types\/page"}],"author":[{"embeddable":true,"href":"https:\/\/lacomponella.com\/WordPress3\/index.php?rest_route=\/wp\/v2\/users\/1"}],"replies":[{"embeddable":true,"href":"https:\/\/lacomponella.com\/WordPress3\/index.php?rest_route=%2Fwp%2Fv2%2Fcomments&post=11728"}],"version-history":[{"count":4,"href":"https:\/\/lacomponella.com\/WordPress3\/index.php?rest_route=\/wp\/v2\/pages\/11728\/revisions"}],"predecessor-version":[{"id":11912,"href":"https:\/\/lacomponella.com\/WordPress3\/index.php?rest_route=\/wp\/v2\/pages\/11728\/revisions\/11912"}],"wp:attachment":[{"href":"https:\/\/lacomponella.com\/WordPress3\/index.php?rest_route=%2Fwp%2Fv2%2Fmedia&parent=11728"}],"curies":[{"name":"wp","href":"https:\/\/api.w.org\/{rel}","templated":true}]}}