{"id":11903,"date":"2024-10-03T18:56:49","date_gmt":"2024-10-03T18:56:49","guid":{"rendered":"http:\/\/lacomponella.com\/WordPress3\/?page_id=11903"},"modified":"2024-10-03T18:56:50","modified_gmt":"2024-10-03T18:56:50","slug":"kiss-of-rain-la-componella","status":"publish","type":"page","link":"https:\/\/lacomponella.com\/WordPress3\/?page_id=11903","title":{"rendered":"KISS OF RAIN La Componella"},"content":{"rendered":"<p>b\u0142\u0119kitna suczka na warunku hodowlanym, mieszka z nasz\u0105 przyjaci\u00f3\u0142k\u0105 \ud83d\ude42<\/p>\n","protected":false},"excerpt":{"rendered":"<p>b\u0142\u0119kitna suczka na warunku hodowlanym, mieszka z nasz\u0105 przyjaci\u00f3\u0142k\u0105 \ud83d\ude42<\/p>\n","protected":false},"author":1,"featured_media":0,"parent":0,"menu_order":0,"comment_status":"closed","ping_status":"closed","template":"","meta":{"footnotes":""},"class_list":["post-11903","page","type-page","status-publish","hentry"],"yoast_head":"<!-- This site is optimized with the Yoast SEO plugin v27.4 - https:\/\/yoast.com\/product\/yoast-seo-wordpress\/ -->\n<title>KISS OF RAIN La Componella - La Componella FCI<\/title>\n<meta name=\"robots\" content=\"index, follow, max-snippet:-1, max-image-preview:large, max-video-preview:-1\" \/>\n<link rel=\"canonical\" href=\"https:\/\/lacomponella.com\/WordPress3\/?page_id=11903\" \/>\n<meta property=\"og:locale\" content=\"pl_PL\" \/>\n<meta property=\"og:type\" content=\"article\" \/>\n<meta property=\"og:title\" content=\"KISS OF RAIN La Componella - La Componella FCI\" \/>\n<meta property=\"og:description\" content=\"b\u0142\u0119kitna suczka na warunku hodowlanym, mieszka z nasz\u0105 przyjaci\u00f3\u0142k\u0105 \ud83d\ude42\" \/>\n<meta property=\"og:url\" content=\"https:\/\/lacomponella.com\/WordPress3\/?page_id=11903\" \/>\n<meta property=\"og:site_name\" content=\"La Componella FCI\" \/>\n<meta property=\"article:modified_time\" content=\"2024-10-03T18:56:50+00:00\" \/>\n<meta name=\"twitter:card\" content=\"summary_large_image\" \/>\n<script type=\"application\/ld+json\" class=\"yoast-schema-graph\">{\"@context\":\"https:\\\/\\\/schema.org\",\"@graph\":[{\"@type\":\"WebPage\",\"@id\":\"https:\\\/\\\/lacomponella.com\\\/WordPress3\\\/?page_id=11903\",\"url\":\"https:\\\/\\\/lacomponella.com\\\/WordPress3\\\/?page_id=11903\",\"name\":\"KISS OF RAIN La Componella - La Componella FCI\",\"isPartOf\":{\"@id\":\"https:\\\/\\\/lacomponella.com\\\/WordPress3\\\/#website\"},\"datePublished\":\"2024-10-03T18:56:49+00:00\",\"dateModified\":\"2024-10-03T18:56:50+00:00\",\"breadcrumb\":{\"@id\":\"https:\\\/\\\/lacomponella.com\\\/WordPress3\\\/?page_id=11903#breadcrumb\"},\"inLanguage\":\"pl-PL\",\"potentialAction\":[{\"@type\":\"ReadAction\",\"target\":[\"https:\\\/\\\/lacomponella.com\\\/WordPress3\\\/?page_id=11903\"]}]},{\"@type\":\"BreadcrumbList\",\"@id\":\"https:\\\/\\\/lacomponella.com\\\/WordPress3\\\/?page_id=11903#breadcrumb\",\"itemListElement\":[{\"@type\":\"ListItem\",\"position\":1,\"name\":\"Strona g\u0142\u00f3wna\",\"item\":\"https:\\\/\\\/lacomponella.com\\\/WordPress3\\\/?page_id=4991\"},{\"@type\":\"ListItem\",\"position\":2,\"name\":\"KISS OF RAIN La Componella\"}]},{\"@type\":\"WebSite\",\"@id\":\"https:\\\/\\\/lacomponella.com\\\/WordPress3\\\/#website\",\"url\":\"https:\\\/\\\/lacomponella.com\\\/WordPress3\\\/\",\"name\":\"La Componella FCI\",\"description\":\"Hodowla Dog Niemiecki, Xolo i Owczarek Belgijski\",\"potentialAction\":[{\"@type\":\"SearchAction\",\"target\":{\"@type\":\"EntryPoint\",\"urlTemplate\":\"https:\\\/\\\/lacomponella.com\\\/WordPress3\\\/?s={search_term_string}\"},\"query-input\":{\"@type\":\"PropertyValueSpecification\",\"valueRequired\":true,\"valueName\":\"search_term_string\"}}],\"inLanguage\":\"pl-PL\"}]}<\/script>\n<!-- \/ Yoast SEO plugin. -->","yoast_head_json":{"title":"KISS OF RAIN La Componella - La Componella FCI","robots":{"index":"index","follow":"follow","max-snippet":"max-snippet:-1","max-image-preview":"max-image-preview:large","max-video-preview":"max-video-preview:-1"},"canonical":"https:\/\/lacomponella.com\/WordPress3\/?page_id=11903","og_locale":"pl_PL","og_type":"article","og_title":"KISS OF RAIN La Componella - La Componella FCI","og_description":"b\u0142\u0119kitna suczka na warunku hodowlanym, mieszka z nasz\u0105 przyjaci\u00f3\u0142k\u0105 \ud83d\ude42","og_url":"https:\/\/lacomponella.com\/WordPress3\/?page_id=11903","og_site_name":"La Componella FCI","article_modified_time":"2024-10-03T18:56:50+00:00","twitter_card":"summary_large_image","schema":{"@context":"https:\/\/schema.org","@graph":[{"@type":"WebPage","@id":"https:\/\/lacomponella.com\/WordPress3\/?page_id=11903","url":"https:\/\/lacomponella.com\/WordPress3\/?page_id=11903","name":"KISS OF RAIN La Componella - La Componella FCI","isPartOf":{"@id":"https:\/\/lacomponella.com\/WordPress3\/#website"},"datePublished":"2024-10-03T18:56:49+00:00","dateModified":"2024-10-03T18:56:50+00:00","breadcrumb":{"@id":"https:\/\/lacomponella.com\/WordPress3\/?page_id=11903#breadcrumb"},"inLanguage":"pl-PL","potentialAction":[{"@type":"ReadAction","target":["https:\/\/lacomponella.com\/WordPress3\/?page_id=11903"]}]},{"@type":"BreadcrumbList","@id":"https:\/\/lacomponella.com\/WordPress3\/?page_id=11903#breadcrumb","itemListElement":[{"@type":"ListItem","position":1,"name":"Strona g\u0142\u00f3wna","item":"https:\/\/lacomponella.com\/WordPress3\/?page_id=4991"},{"@type":"ListItem","position":2,"name":"KISS OF RAIN La Componella"}]},{"@type":"WebSite","@id":"https:\/\/lacomponella.com\/WordPress3\/#website","url":"https:\/\/lacomponella.com\/WordPress3\/","name":"La Componella FCI","description":"Hodowla Dog Niemiecki, Xolo i Owczarek Belgijski","potentialAction":[{"@type":"SearchAction","target":{"@type":"EntryPoint","urlTemplate":"https:\/\/lacomponella.com\/WordPress3\/?s={search_term_string}"},"query-input":{"@type":"PropertyValueSpecification","valueRequired":true,"valueName":"search_term_string"}}],"inLanguage":"pl-PL"}]}},"_links":{"self":[{"href":"https:\/\/lacomponella.com\/WordPress3\/index.php?rest_route=\/wp\/v2\/pages\/11903","targetHints":{"allow":["GET"]}}],"collection":[{"href":"https:\/\/lacomponella.com\/WordPress3\/index.php?rest_route=\/wp\/v2\/pages"}],"about":[{"href":"https:\/\/lacomponella.com\/WordPress3\/index.php?rest_route=\/wp\/v2\/types\/page"}],"author":[{"embeddable":true,"href":"https:\/\/lacomponella.com\/WordPress3\/index.php?rest_route=\/wp\/v2\/users\/1"}],"replies":[{"embeddable":true,"href":"https:\/\/lacomponella.com\/WordPress3\/index.php?rest_route=%2Fwp%2Fv2%2Fcomments&post=11903"}],"version-history":[{"count":1,"href":"https:\/\/lacomponella.com\/WordPress3\/index.php?rest_route=\/wp\/v2\/pages\/11903\/revisions"}],"predecessor-version":[{"id":11906,"href":"https:\/\/lacomponella.com\/WordPress3\/index.php?rest_route=\/wp\/v2\/pages\/11903\/revisions\/11906"}],"wp:attachment":[{"href":"https:\/\/lacomponella.com\/WordPress3\/index.php?rest_route=%2Fwp%2Fv2%2Fmedia&parent=11903"}],"curies":[{"name":"wp","href":"https:\/\/api.w.org\/{rel}","templated":true}]}}