{"id":12527,"date":"2025-05-03T16:38:45","date_gmt":"2025-05-03T16:38:45","guid":{"rendered":"https:\/\/lacomponella.com\/WordPress3\/?page_id=12527"},"modified":"2025-05-03T16:38:46","modified_gmt":"2025-05-03T16:38:46","slug":"jakarta-vom-berufsjager","status":"publish","type":"page","link":"https:\/\/lacomponella.com\/WordPress3\/?page_id=12527","title":{"rendered":"JAKARTA VOM BERUFSJAGER"},"content":{"rendered":"\n<p>Nasza duma, mi\u0142o\u015b\u0107 i rado\u015b\u0107:)<\/p>\n\n\n\n<p>Sukcesy wystawowe:<br>Zwyci\u0119zca \u015awiata <br>Zwyci\u0119zca Europy<br>Zwyci\u0119zca Klubu<br>Champion<br><br>Matka miotu &#8222;F&#8221; w naszej hodowli<\/p>\n\n\n\n<figure class=\"wp-block-image size-large\"><a href=\"https:\/\/lacomponella.com\/WordPress3\/wp-content\/uploads\/2025\/05\/IMG_20220613_204035-scaled.jpg\"><img fetchpriority=\"high\" decoding=\"async\" width=\"768\" height=\"1024\" src=\"https:\/\/lacomponella.com\/WordPress3\/wp-content\/uploads\/2025\/05\/IMG_20220613_204035-768x1024.jpg\" alt=\"\" class=\"wp-image-12533\" srcset=\"https:\/\/lacomponella.com\/WordPress3\/wp-content\/uploads\/2025\/05\/IMG_20220613_204035-768x1024.jpg 768w, https:\/\/lacomponella.com\/WordPress3\/wp-content\/uploads\/2025\/05\/IMG_20220613_204035-225x300.jpg 225w, https:\/\/lacomponella.com\/WordPress3\/wp-content\/uploads\/2025\/05\/IMG_20220613_204035-1152x1536.jpg 1152w, https:\/\/lacomponella.com\/WordPress3\/wp-content\/uploads\/2025\/05\/IMG_20220613_204035-1536x2048.jpg 1536w, https:\/\/lacomponella.com\/WordPress3\/wp-content\/uploads\/2025\/05\/IMG_20220613_204035-scaled.jpg 1920w\" sizes=\"(max-width: 768px) 100vw, 768px\" \/><\/a><\/figure>\n\n\n\n<p><\/p>\n","protected":false},"excerpt":{"rendered":"<p>Nasza duma, mi\u0142o\u015b\u0107 i rado\u015b\u0107:) Sukcesy wystawowe:Zwyci\u0119zca \u015awiata Zwyci\u0119zca EuropyZwyci\u0119zca KlubuChampion Matka miotu &#8222;F&#8221; w naszej hodowli<\/p>\n","protected":false},"author":1,"featured_media":0,"parent":0,"menu_order":0,"comment_status":"closed","ping_status":"closed","template":"","meta":{"footnotes":""},"class_list":["post-12527","page","type-page","status-publish","hentry"],"yoast_head":"<!-- This site is optimized with the Yoast SEO plugin v27.4 - https:\/\/yoast.com\/product\/yoast-seo-wordpress\/ -->\n<title>JAKARTA VOM BERUFSJAGER - La Componella FCI<\/title>\n<meta name=\"robots\" content=\"index, follow, max-snippet:-1, max-image-preview:large, max-video-preview:-1\" \/>\n<link rel=\"canonical\" href=\"https:\/\/lacomponella.com\/WordPress3\/?page_id=12527\" \/>\n<meta property=\"og:locale\" content=\"pl_PL\" \/>\n<meta property=\"og:type\" content=\"article\" \/>\n<meta property=\"og:title\" content=\"JAKARTA VOM BERUFSJAGER - La Componella FCI\" \/>\n<meta property=\"og:description\" content=\"Nasza duma, mi\u0142o\u015b\u0107 i rado\u015b\u0107:) Sukcesy wystawowe:Zwyci\u0119zca \u015awiata Zwyci\u0119zca EuropyZwyci\u0119zca KlubuChampion Matka miotu &#8222;F&#8221; w naszej hodowli\" \/>\n<meta property=\"og:url\" content=\"https:\/\/lacomponella.com\/WordPress3\/?page_id=12527\" \/>\n<meta property=\"og:site_name\" content=\"La Componella FCI\" \/>\n<meta property=\"article:modified_time\" content=\"2025-05-03T16:38:46+00:00\" \/>\n<meta property=\"og:image\" content=\"https:\/\/lacomponella.com\/WordPress3\/wp-content\/uploads\/2025\/05\/IMG_20220613_204035-scaled.jpg\" \/>\n\t<meta property=\"og:image:width\" content=\"1920\" \/>\n\t<meta property=\"og:image:height\" content=\"2560\" \/>\n\t<meta property=\"og:image:type\" content=\"image\/jpeg\" \/>\n<meta name=\"twitter:card\" content=\"summary_large_image\" \/>\n<meta name=\"twitter:label1\" content=\"Szacowany czas czytania\" \/>\n\t<meta name=\"twitter:data1\" content=\"1 minuta\" \/>\n<script type=\"application\/ld+json\" class=\"yoast-schema-graph\">{\"@context\":\"https:\\\/\\\/schema.org\",\"@graph\":[{\"@type\":\"WebPage\",\"@id\":\"https:\\\/\\\/lacomponella.com\\\/WordPress3\\\/?page_id=12527\",\"url\":\"https:\\\/\\\/lacomponella.com\\\/WordPress3\\\/?page_id=12527\",\"name\":\"JAKARTA VOM BERUFSJAGER - La Componella FCI\",\"isPartOf\":{\"@id\":\"https:\\\/\\\/lacomponella.com\\\/WordPress3\\\/#website\"},\"primaryImageOfPage\":{\"@id\":\"https:\\\/\\\/lacomponella.com\\\/WordPress3\\\/?page_id=12527#primaryimage\"},\"image\":{\"@id\":\"https:\\\/\\\/lacomponella.com\\\/WordPress3\\\/?page_id=12527#primaryimage\"},\"thumbnailUrl\":\"https:\\\/\\\/lacomponella.com\\\/WordPress3\\\/wp-content\\\/uploads\\\/2025\\\/05\\\/IMG_20220613_204035-768x1024.jpg\",\"datePublished\":\"2025-05-03T16:38:45+00:00\",\"dateModified\":\"2025-05-03T16:38:46+00:00\",\"breadcrumb\":{\"@id\":\"https:\\\/\\\/lacomponella.com\\\/WordPress3\\\/?page_id=12527#breadcrumb\"},\"inLanguage\":\"pl-PL\",\"potentialAction\":[{\"@type\":\"ReadAction\",\"target\":[\"https:\\\/\\\/lacomponella.com\\\/WordPress3\\\/?page_id=12527\"]}]},{\"@type\":\"ImageObject\",\"inLanguage\":\"pl-PL\",\"@id\":\"https:\\\/\\\/lacomponella.com\\\/WordPress3\\\/?page_id=12527#primaryimage\",\"url\":\"https:\\\/\\\/lacomponella.com\\\/WordPress3\\\/wp-content\\\/uploads\\\/2025\\\/05\\\/IMG_20220613_204035-scaled.jpg\",\"contentUrl\":\"https:\\\/\\\/lacomponella.com\\\/WordPress3\\\/wp-content\\\/uploads\\\/2025\\\/05\\\/IMG_20220613_204035-scaled.jpg\",\"width\":1920,\"height\":2560},{\"@type\":\"BreadcrumbList\",\"@id\":\"https:\\\/\\\/lacomponella.com\\\/WordPress3\\\/?page_id=12527#breadcrumb\",\"itemListElement\":[{\"@type\":\"ListItem\",\"position\":1,\"name\":\"Strona g\u0142\u00f3wna\",\"item\":\"https:\\\/\\\/lacomponella.com\\\/WordPress3\\\/?page_id=4991\"},{\"@type\":\"ListItem\",\"position\":2,\"name\":\"JAKARTA VOM BERUFSJAGER\"}]},{\"@type\":\"WebSite\",\"@id\":\"https:\\\/\\\/lacomponella.com\\\/WordPress3\\\/#website\",\"url\":\"https:\\\/\\\/lacomponella.com\\\/WordPress3\\\/\",\"name\":\"La Componella FCI\",\"description\":\"Hodowla Dog Niemiecki, Xolo i Owczarek Belgijski\",\"potentialAction\":[{\"@type\":\"SearchAction\",\"target\":{\"@type\":\"EntryPoint\",\"urlTemplate\":\"https:\\\/\\\/lacomponella.com\\\/WordPress3\\\/?s={search_term_string}\"},\"query-input\":{\"@type\":\"PropertyValueSpecification\",\"valueRequired\":true,\"valueName\":\"search_term_string\"}}],\"inLanguage\":\"pl-PL\"}]}<\/script>\n<!-- \/ Yoast SEO plugin. -->","yoast_head_json":{"title":"JAKARTA VOM BERUFSJAGER - La Componella FCI","robots":{"index":"index","follow":"follow","max-snippet":"max-snippet:-1","max-image-preview":"max-image-preview:large","max-video-preview":"max-video-preview:-1"},"canonical":"https:\/\/lacomponella.com\/WordPress3\/?page_id=12527","og_locale":"pl_PL","og_type":"article","og_title":"JAKARTA VOM BERUFSJAGER - La Componella FCI","og_description":"Nasza duma, mi\u0142o\u015b\u0107 i rado\u015b\u0107:) Sukcesy wystawowe:Zwyci\u0119zca \u015awiata Zwyci\u0119zca EuropyZwyci\u0119zca KlubuChampion Matka miotu &#8222;F&#8221; w naszej hodowli","og_url":"https:\/\/lacomponella.com\/WordPress3\/?page_id=12527","og_site_name":"La Componella FCI","article_modified_time":"2025-05-03T16:38:46+00:00","og_image":[{"width":1920,"height":2560,"url":"https:\/\/lacomponella.com\/WordPress3\/wp-content\/uploads\/2025\/05\/IMG_20220613_204035-scaled.jpg","type":"image\/jpeg"}],"twitter_card":"summary_large_image","twitter_misc":{"Szacowany czas czytania":"1 minuta"},"schema":{"@context":"https:\/\/schema.org","@graph":[{"@type":"WebPage","@id":"https:\/\/lacomponella.com\/WordPress3\/?page_id=12527","url":"https:\/\/lacomponella.com\/WordPress3\/?page_id=12527","name":"JAKARTA VOM BERUFSJAGER - La Componella FCI","isPartOf":{"@id":"https:\/\/lacomponella.com\/WordPress3\/#website"},"primaryImageOfPage":{"@id":"https:\/\/lacomponella.com\/WordPress3\/?page_id=12527#primaryimage"},"image":{"@id":"https:\/\/lacomponella.com\/WordPress3\/?page_id=12527#primaryimage"},"thumbnailUrl":"https:\/\/lacomponella.com\/WordPress3\/wp-content\/uploads\/2025\/05\/IMG_20220613_204035-768x1024.jpg","datePublished":"2025-05-03T16:38:45+00:00","dateModified":"2025-05-03T16:38:46+00:00","breadcrumb":{"@id":"https:\/\/lacomponella.com\/WordPress3\/?page_id=12527#breadcrumb"},"inLanguage":"pl-PL","potentialAction":[{"@type":"ReadAction","target":["https:\/\/lacomponella.com\/WordPress3\/?page_id=12527"]}]},{"@type":"ImageObject","inLanguage":"pl-PL","@id":"https:\/\/lacomponella.com\/WordPress3\/?page_id=12527#primaryimage","url":"https:\/\/lacomponella.com\/WordPress3\/wp-content\/uploads\/2025\/05\/IMG_20220613_204035-scaled.jpg","contentUrl":"https:\/\/lacomponella.com\/WordPress3\/wp-content\/uploads\/2025\/05\/IMG_20220613_204035-scaled.jpg","width":1920,"height":2560},{"@type":"BreadcrumbList","@id":"https:\/\/lacomponella.com\/WordPress3\/?page_id=12527#breadcrumb","itemListElement":[{"@type":"ListItem","position":1,"name":"Strona g\u0142\u00f3wna","item":"https:\/\/lacomponella.com\/WordPress3\/?page_id=4991"},{"@type":"ListItem","position":2,"name":"JAKARTA VOM BERUFSJAGER"}]},{"@type":"WebSite","@id":"https:\/\/lacomponella.com\/WordPress3\/#website","url":"https:\/\/lacomponella.com\/WordPress3\/","name":"La Componella FCI","description":"Hodowla Dog Niemiecki, Xolo i Owczarek Belgijski","potentialAction":[{"@type":"SearchAction","target":{"@type":"EntryPoint","urlTemplate":"https:\/\/lacomponella.com\/WordPress3\/?s={search_term_string}"},"query-input":{"@type":"PropertyValueSpecification","valueRequired":true,"valueName":"search_term_string"}}],"inLanguage":"pl-PL"}]}},"_links":{"self":[{"href":"https:\/\/lacomponella.com\/WordPress3\/index.php?rest_route=\/wp\/v2\/pages\/12527","targetHints":{"allow":["GET"]}}],"collection":[{"href":"https:\/\/lacomponella.com\/WordPress3\/index.php?rest_route=\/wp\/v2\/pages"}],"about":[{"href":"https:\/\/lacomponella.com\/WordPress3\/index.php?rest_route=\/wp\/v2\/types\/page"}],"author":[{"embeddable":true,"href":"https:\/\/lacomponella.com\/WordPress3\/index.php?rest_route=\/wp\/v2\/users\/1"}],"replies":[{"embeddable":true,"href":"https:\/\/lacomponella.com\/WordPress3\/index.php?rest_route=%2Fwp%2Fv2%2Fcomments&post=12527"}],"version-history":[{"count":1,"href":"https:\/\/lacomponella.com\/WordPress3\/index.php?rest_route=\/wp\/v2\/pages\/12527\/revisions"}],"predecessor-version":[{"id":12534,"href":"https:\/\/lacomponella.com\/WordPress3\/index.php?rest_route=\/wp\/v2\/pages\/12527\/revisions\/12534"}],"wp:attachment":[{"href":"https:\/\/lacomponella.com\/WordPress3\/index.php?rest_route=%2Fwp%2Fv2%2Fmedia&parent=12527"}],"curies":[{"name":"wp","href":"https:\/\/api.w.org\/{rel}","templated":true}]}}