{"id":1278,"date":"2015-07-19T21:16:34","date_gmt":"2015-07-19T21:16:34","guid":{"rendered":"http:\/\/lacomponella.com\/WordPress3\/?page_id=1278"},"modified":"2019-01-30T18:27:29","modified_gmt":"2019-01-30T18:27:29","slug":"miot-i","status":"publish","type":"page","link":"https:\/\/lacomponella.com\/WordPress3\/?page_id=1278","title":{"rendered":""},"content":{"rendered":"<h5><span style=\"color: #ff0000;\"><strong>MIOT &#8222;I&#8221;<\/strong><\/span><strong><span style=\"color: #ff0000;\">\u00a0 \u00a0pierwszy miot w naszej hodowli<\/span><\/strong><\/h5>\n<p><strong>11 sierpnia 2007 urodzi\u0142 si\u0119 1 czarny piesek i 1 czarna suczka<\/strong><\/p>\n<table width=\"650\">\n<tbody>\n<tr>\n<td><strong><strong><a href=\"http:\/\/moloseum.strefa.pl\/YURIY%20Moloseum.htm\">YURIY Moloseum<\/a><\/strong><\/strong><em>Vice\u00a0 M\u0142odzie\u017cowy\u00a0Zwyci\u0119zca\u00a0\u015awiata-Pozna\u0144 2006<\/em><br \/>\n<em>Champion Polski<br \/>\nM<\/em><em>\u0142odzie\u017cowy Champion Polski<br \/>\nM\u0142odzie\u017cowy Zwyc.Klubu&#8217;06<br \/>\n<\/em><em>CAC(kl.Ch.)<\/em><em>-Europejska Wystawa Budapeszt 2008<br \/>\n<\/em><em>dosk.II\/12,Res.CAC(kl.Ch.)-Europejska Klubowa Wystawa Dog\u00f3w Niemieckich EuDDC 2009<\/em><em><br \/>\n4xZwyc.M\u0142,Najlepszy Junior<br \/>\nBiS Junior III miejsce(Krosno&#8217;06)<br \/>\n15xCAC,VDH,2xCACIB 4xRes.CACIB<br \/>\n6xNDPwR<br \/>\n6xBOB<br \/>\nBOG II miejsce(Rzesz\u00f3w&#8217;07)<br \/>\nCruft&#8217;s kwalif.2010\u00a0<strong><br \/>\n<\/strong><\/em><\/td>\n<td><strong>IMAGINATION Polaris<\/strong>Pies Dogoterapeuta2x Zwyci\u0119stwo M<em>\u0142odzie\u017cy<br \/>\n<\/em><br \/>\nHD A\/A (brak dysplazji biodrowej)<br \/>\nED 0\/0 (brak dysplazji \u0142okciowej)<br \/>\nEKG, Echo, Holter &#8211; w normie<\/td>\n<\/tr>\n<\/tbody>\n<\/table>\n<p>suczka\u00a0<strong>IMAGINATION\u00a0<\/strong>-mieszka\u0142a z nami<br \/>\npiesek\u00a0<strong>INZAGHI<\/strong>\u00a0-mieszka\u0142 z nami<\/p>\n","protected":false},"excerpt":{"rendered":"<p>MIOT &#8222;I&#8221;\u00a0 \u00a0pierwszy miot w naszej hodowli 11 sierpnia 2007 urodzi\u0142 si\u0119 1 czarny piesek i 1 czarna suczka YURIY MoloseumVice\u00a0 M\u0142odzie\u017cowy\u00a0Zwyci\u0119zca\u00a0\u015awiata-Pozna\u0144 2006 Champion Polski M\u0142odzie\u017cowy Champion Polski M\u0142odzie\u017cowy Zwyc.Klubu&#8217;06 CAC(kl.Ch.)-Europejska Wystawa Budapeszt 2008 dosk.II\/12,Res.CAC(kl.Ch.)-Europejska Klubowa Wystawa Dog\u00f3w Niemieckich EuDDC 2009 4xZwyc.M\u0142,Najlepszy Junior BiS Junior III miejsce(Krosno&#8217;06) 15xCAC,VDH,2xCACIB 4xRes.CACIB 6xNDPwR 6xBOB BOG II miejsce(Rzesz\u00f3w&#8217;07) Cruft&#8217;s [&hellip;]<\/p>\n","protected":false},"author":1,"featured_media":0,"parent":0,"menu_order":0,"comment_status":"closed","ping_status":"closed","template":"","meta":{"footnotes":""},"class_list":["post-1278","page","type-page","status-publish","hentry"],"yoast_head":"<!-- This site is optimized with the Yoast SEO plugin v27.4 - https:\/\/yoast.com\/product\/yoast-seo-wordpress\/ -->\n<title>- La Componella FCI<\/title>\n<meta name=\"robots\" content=\"index, follow, max-snippet:-1, max-image-preview:large, max-video-preview:-1\" \/>\n<link rel=\"canonical\" href=\"https:\/\/lacomponella.com\/WordPress3\/?page_id=1278\" \/>\n<meta property=\"og:locale\" content=\"pl_PL\" \/>\n<meta property=\"og:type\" content=\"article\" \/>\n<meta property=\"og:title\" content=\"- La Componella FCI\" \/>\n<meta property=\"og:description\" content=\"MIOT &#8222;I&#8221;\u00a0 \u00a0pierwszy miot w naszej hodowli 11 sierpnia 2007 urodzi\u0142 si\u0119 1 czarny piesek i 1 czarna suczka YURIY MoloseumVice\u00a0 M\u0142odzie\u017cowy\u00a0Zwyci\u0119zca\u00a0\u015awiata-Pozna\u0144 2006 Champion Polski M\u0142odzie\u017cowy Champion Polski M\u0142odzie\u017cowy Zwyc.Klubu&#8217;06 CAC(kl.Ch.)-Europejska Wystawa Budapeszt 2008 dosk.II\/12,Res.CAC(kl.Ch.)-Europejska Klubowa Wystawa Dog\u00f3w Niemieckich EuDDC 2009 4xZwyc.M\u0142,Najlepszy Junior BiS Junior III miejsce(Krosno&#8217;06) 15xCAC,VDH,2xCACIB 4xRes.CACIB 6xNDPwR 6xBOB BOG II miejsce(Rzesz\u00f3w&#8217;07) Cruft&#8217;s [&hellip;]\" \/>\n<meta property=\"og:url\" content=\"https:\/\/lacomponella.com\/WordPress3\/?page_id=1278\" \/>\n<meta property=\"og:site_name\" content=\"La Componella FCI\" \/>\n<meta property=\"article:modified_time\" content=\"2019-01-30T18:27:29+00:00\" \/>\n<meta name=\"twitter:card\" content=\"summary_large_image\" \/>\n<meta name=\"twitter:label1\" content=\"Szacowany czas czytania\" \/>\n\t<meta name=\"twitter:data1\" content=\"1 minuta\" \/>\n<script type=\"application\/ld+json\" class=\"yoast-schema-graph\">{\"@context\":\"https:\\\/\\\/schema.org\",\"@graph\":[{\"@type\":\"WebPage\",\"@id\":\"https:\\\/\\\/lacomponella.com\\\/WordPress3\\\/?page_id=1278\",\"url\":\"https:\\\/\\\/lacomponella.com\\\/WordPress3\\\/?page_id=1278\",\"name\":\"- La Componella FCI\",\"isPartOf\":{\"@id\":\"https:\\\/\\\/lacomponella.com\\\/WordPress3\\\/#website\"},\"datePublished\":\"2015-07-19T21:16:34+00:00\",\"dateModified\":\"2019-01-30T18:27:29+00:00\",\"inLanguage\":\"pl-PL\",\"potentialAction\":[{\"@type\":\"ReadAction\",\"target\":[\"https:\\\/\\\/lacomponella.com\\\/WordPress3\\\/?page_id=1278\"]}]},{\"@type\":\"WebSite\",\"@id\":\"https:\\\/\\\/lacomponella.com\\\/WordPress3\\\/#website\",\"url\":\"https:\\\/\\\/lacomponella.com\\\/WordPress3\\\/\",\"name\":\"La Componella FCI\",\"description\":\"Hodowla Dog Niemiecki, Xolo i Owczarek Belgijski\",\"potentialAction\":[{\"@type\":\"SearchAction\",\"target\":{\"@type\":\"EntryPoint\",\"urlTemplate\":\"https:\\\/\\\/lacomponella.com\\\/WordPress3\\\/?s={search_term_string}\"},\"query-input\":{\"@type\":\"PropertyValueSpecification\",\"valueRequired\":true,\"valueName\":\"search_term_string\"}}],\"inLanguage\":\"pl-PL\"}]}<\/script>\n<!-- \/ Yoast SEO plugin. -->","yoast_head_json":{"title":"- La Componella FCI","robots":{"index":"index","follow":"follow","max-snippet":"max-snippet:-1","max-image-preview":"max-image-preview:large","max-video-preview":"max-video-preview:-1"},"canonical":"https:\/\/lacomponella.com\/WordPress3\/?page_id=1278","og_locale":"pl_PL","og_type":"article","og_title":"- La Componella FCI","og_description":"MIOT &#8222;I&#8221;\u00a0 \u00a0pierwszy miot w naszej hodowli 11 sierpnia 2007 urodzi\u0142 si\u0119 1 czarny piesek i 1 czarna suczka YURIY MoloseumVice\u00a0 M\u0142odzie\u017cowy\u00a0Zwyci\u0119zca\u00a0\u015awiata-Pozna\u0144 2006 Champion Polski M\u0142odzie\u017cowy Champion Polski M\u0142odzie\u017cowy Zwyc.Klubu&#8217;06 CAC(kl.Ch.)-Europejska Wystawa Budapeszt 2008 dosk.II\/12,Res.CAC(kl.Ch.)-Europejska Klubowa Wystawa Dog\u00f3w Niemieckich EuDDC 2009 4xZwyc.M\u0142,Najlepszy Junior BiS Junior III miejsce(Krosno&#8217;06) 15xCAC,VDH,2xCACIB 4xRes.CACIB 6xNDPwR 6xBOB BOG II miejsce(Rzesz\u00f3w&#8217;07) Cruft&#8217;s [&hellip;]","og_url":"https:\/\/lacomponella.com\/WordPress3\/?page_id=1278","og_site_name":"La Componella FCI","article_modified_time":"2019-01-30T18:27:29+00:00","twitter_card":"summary_large_image","twitter_misc":{"Szacowany czas czytania":"1 minuta"},"schema":{"@context":"https:\/\/schema.org","@graph":[{"@type":"WebPage","@id":"https:\/\/lacomponella.com\/WordPress3\/?page_id=1278","url":"https:\/\/lacomponella.com\/WordPress3\/?page_id=1278","name":"- La Componella FCI","isPartOf":{"@id":"https:\/\/lacomponella.com\/WordPress3\/#website"},"datePublished":"2015-07-19T21:16:34+00:00","dateModified":"2019-01-30T18:27:29+00:00","inLanguage":"pl-PL","potentialAction":[{"@type":"ReadAction","target":["https:\/\/lacomponella.com\/WordPress3\/?page_id=1278"]}]},{"@type":"WebSite","@id":"https:\/\/lacomponella.com\/WordPress3\/#website","url":"https:\/\/lacomponella.com\/WordPress3\/","name":"La Componella FCI","description":"Hodowla Dog Niemiecki, Xolo i Owczarek Belgijski","potentialAction":[{"@type":"SearchAction","target":{"@type":"EntryPoint","urlTemplate":"https:\/\/lacomponella.com\/WordPress3\/?s={search_term_string}"},"query-input":{"@type":"PropertyValueSpecification","valueRequired":true,"valueName":"search_term_string"}}],"inLanguage":"pl-PL"}]}},"_links":{"self":[{"href":"https:\/\/lacomponella.com\/WordPress3\/index.php?rest_route=\/wp\/v2\/pages\/1278","targetHints":{"allow":["GET"]}}],"collection":[{"href":"https:\/\/lacomponella.com\/WordPress3\/index.php?rest_route=\/wp\/v2\/pages"}],"about":[{"href":"https:\/\/lacomponella.com\/WordPress3\/index.php?rest_route=\/wp\/v2\/types\/page"}],"author":[{"embeddable":true,"href":"https:\/\/lacomponella.com\/WordPress3\/index.php?rest_route=\/wp\/v2\/users\/1"}],"replies":[{"embeddable":true,"href":"https:\/\/lacomponella.com\/WordPress3\/index.php?rest_route=%2Fwp%2Fv2%2Fcomments&post=1278"}],"version-history":[{"count":7,"href":"https:\/\/lacomponella.com\/WordPress3\/index.php?rest_route=\/wp\/v2\/pages\/1278\/revisions"}],"predecessor-version":[{"id":5327,"href":"https:\/\/lacomponella.com\/WordPress3\/index.php?rest_route=\/wp\/v2\/pages\/1278\/revisions\/5327"}],"wp:attachment":[{"href":"https:\/\/lacomponella.com\/WordPress3\/index.php?rest_route=%2Fwp%2Fv2%2Fmedia&parent=1278"}],"curies":[{"name":"wp","href":"https:\/\/api.w.org\/{rel}","templated":true}]}}