{"id":1281,"date":"2015-07-19T21:17:43","date_gmt":"2015-07-19T21:17:43","guid":{"rendered":"http:\/\/lacomponella.com\/WordPress3\/?page_id=1281"},"modified":"2018-04-09T11:22:15","modified_gmt":"2018-04-09T11:22:15","slug":"miot-m","status":"publish","type":"page","link":"https:\/\/lacomponella.com\/WordPress3\/?page_id=1281","title":{"rendered":""},"content":{"rendered":"<h2><span style=\"color: #ff0000;\"><strong>MIOT &#8222;M&#8221;\u00a0&#8211; krycie na \u0141otwie<\/strong><\/span><\/h2>\n<p><strong>12 marca 2011\u00a0 urodzi\u0142o si\u0119\u00a0 9 szczeni\u0105t- 2 pieski i 7 suczek<\/strong><\/p>\n<p><strong>Pieski<\/strong>:<br \/>\n<strong>\u00a0MARLON BRANDO &#8211;<\/strong>zosta\u0142 w naszej hodowli<br \/>\n<strong>MERLOT<\/strong> -mieszka we Francji<\/p>\n<p><strong>Suczki<\/strong>:<strong><br \/>\nMILI\u00a0<\/strong><br \/>\n<strong>MARADONA\u00a0<\/strong><br \/>\n<strong>MIGLIORA &#8211;\u00a0mieszka na Bia\u0142orusi<\/strong><br \/>\n<strong>MIURA -mieszka w Niemczech<\/strong><\/p>\n<p><strong>MARYLIN MONROE<br \/>\n<\/strong>3 SUKA WYSTAWY \u015aWIATOWEJ W AUSTRII \u00a02012 !!!<br \/>\nM\u0142odzie\u017cowy Champion Polski<br \/>\n3x wybitnie obiecuj\u0105ca 1 miejsce, 2x Best Puppy, 1x Best Baby<br \/>\n1x BIS Szczeni\u0105t IV (Wystawa Klubowa Dog\u00f3w Niemieckich)<br \/>\n3x Zwyci\u0119zca Mlodzie\u017cy, 2x Best Junior<\/p>\n<p><strong>MONTMARTRE<\/strong> &#8211;\u00a0mieszka ze swoim tat\u0105 MERLOT Armada w hodowli Silver Steel na \u0141otwie<strong><br \/>\n<\/strong><\/p>\n<p><strong>MANNDI<\/strong> \u00a0 -mieszka w Finlandii<\/p>\n<p>Ojcem maluszk\u00f3w jest Interchampion\u00a0<strong><a href=\"http:\/\/picasaweb.google.com\/112181180536048103776\/MERLOTArmada#\">MERLOT Armada<\/a>.<\/strong>\u00a0<a href=\"http:\/\/picasaweb.google.com\/112181180536048103776\/MERLOTArmada#\">Galeria Merlota &#8211;&gt;tutaj<\/a><\/p>\n<table width=\"650\">\n<tbody>\n<tr>\n<td><strong><br \/>\n<a href=\"https:\/\/picasaweb.google.com\/112181180536048103776\/IMAGINATIONLaComponellaFCI#\">IMAGINATION La Componella FCI<\/a><\/strong><br \/>\nChampion Polski<br \/>\nChampion Ukrainy<br \/>\nM\u0142odzie\u017cowy Zwyci\u0119zca Klubu<br \/>\nM\u0142odzie\u017cowy Champion Polski<br \/>\n2x Zwyci\u0119zca<br \/>\n4x Zwyci\u0119stwo M\u0142odzie\u017cy<br \/>\n3x Best Junior<br \/>\n2x BOB<br \/>\nHD A\/A (brak dysplazji biodrowej)<br \/>\nED 0\/0 (brak dysplazji \u0142okciowej)<br \/>\nEKG, Echo, Holter &#8211; w normie<\/td>\n<td><strong><a href=\"http:\/\/picasaweb.google.com\/112181180536048103776\/MERLOTArmada#\"><br \/>\nMERLOT Armada<\/a><\/strong>Interchampion<br \/>\nZwyci\u0119zca EUDDC (Europejskiego Klubu Doga)<br \/>\nChampion \u0141otwy<br \/>\nChampion Litwy<br \/>\nChampion Mo\u0142dawii<br \/>\nZwyci\u0119zca Klubu Litwy<br \/>\nChampion Rosji<br \/>\nM\u0142odzie\u017cowy Champion \u0141otwy<br \/>\n4x CACIB<br \/>\nmulti CAC<br \/>\nHD A\/A (wolny od dysplazji biodrowej)<br \/>\nED 0\/0 (wolny od dysplazji \u0142okciowej)<br \/>\nEKG, Echo &#8211; w normie<\/td>\n<\/tr>\n<\/tbody>\n<\/table>\n<p><strong><a href=\"http:\/\/picasaweb.google.com\/112181180536048103776\/MERLOTArmada#\">MERLOT Armada<\/a>\u00a0<\/strong>to doskona\u0142y anatomicznie, przebadany pod k\u0105tem chor\u00f3b genetycznych reproduktor, kt\u00f3ry mieszka na \u0141otwie.<br \/>\nUj\u0105\u0142 nas swoim charakterem i wdzi\u0119kiem. W oczach s\u0119dzi\u00f3w to doskona\u0142y pies, czego dowodem s\u0105 jego osi\u0105gni\u0119cia wystawowe.<\/p>\n","protected":false},"excerpt":{"rendered":"<p>MIOT &#8222;M&#8221;\u00a0&#8211; krycie na \u0141otwie 12 marca 2011\u00a0 urodzi\u0142o si\u0119\u00a0 9 szczeni\u0105t- 2 pieski i 7 suczek Pieski: \u00a0MARLON BRANDO &#8211;zosta\u0142 w naszej hodowli MERLOT -mieszka we Francji Suczki: MILI\u00a0 MARADONA\u00a0 MIGLIORA &#8211;\u00a0mieszka na Bia\u0142orusi MIURA -mieszka w Niemczech MARYLIN MONROE 3 SUKA WYSTAWY \u015aWIATOWEJ W AUSTRII \u00a02012 !!! M\u0142odzie\u017cowy Champion Polski 3x wybitnie obiecuj\u0105ca [&hellip;]<\/p>\n","protected":false},"author":1,"featured_media":0,"parent":0,"menu_order":0,"comment_status":"closed","ping_status":"closed","template":"","meta":{"footnotes":""},"class_list":["post-1281","page","type-page","status-publish","hentry"],"yoast_head":"<!-- This site is optimized with the Yoast SEO plugin v27.4 - https:\/\/yoast.com\/product\/yoast-seo-wordpress\/ -->\n<title>- La Componella FCI<\/title>\n<meta name=\"robots\" content=\"index, follow, max-snippet:-1, max-image-preview:large, max-video-preview:-1\" \/>\n<link rel=\"canonical\" href=\"https:\/\/lacomponella.com\/WordPress3\/?page_id=1281\" \/>\n<meta property=\"og:locale\" content=\"pl_PL\" \/>\n<meta property=\"og:type\" content=\"article\" \/>\n<meta property=\"og:title\" content=\"- La Componella FCI\" \/>\n<meta property=\"og:description\" content=\"MIOT &#8222;M&#8221;\u00a0&#8211; krycie na \u0141otwie 12 marca 2011\u00a0 urodzi\u0142o si\u0119\u00a0 9 szczeni\u0105t- 2 pieski i 7 suczek Pieski: \u00a0MARLON BRANDO &#8211;zosta\u0142 w naszej hodowli MERLOT -mieszka we Francji Suczki: MILI\u00a0 MARADONA\u00a0 MIGLIORA &#8211;\u00a0mieszka na Bia\u0142orusi MIURA -mieszka w Niemczech MARYLIN MONROE 3 SUKA WYSTAWY \u015aWIATOWEJ W AUSTRII \u00a02012 !!! M\u0142odzie\u017cowy Champion Polski 3x wybitnie obiecuj\u0105ca [&hellip;]\" \/>\n<meta property=\"og:url\" content=\"https:\/\/lacomponella.com\/WordPress3\/?page_id=1281\" \/>\n<meta property=\"og:site_name\" content=\"La Componella FCI\" \/>\n<meta property=\"article:modified_time\" content=\"2018-04-09T11:22:15+00:00\" \/>\n<meta name=\"twitter:card\" content=\"summary_large_image\" \/>\n<meta name=\"twitter:label1\" content=\"Szacowany czas czytania\" \/>\n\t<meta name=\"twitter:data1\" content=\"1 minuta\" \/>\n<script type=\"application\/ld+json\" class=\"yoast-schema-graph\">{\"@context\":\"https:\\\/\\\/schema.org\",\"@graph\":[{\"@type\":\"WebPage\",\"@id\":\"https:\\\/\\\/lacomponella.com\\\/WordPress3\\\/?page_id=1281\",\"url\":\"https:\\\/\\\/lacomponella.com\\\/WordPress3\\\/?page_id=1281\",\"name\":\"- La Componella FCI\",\"isPartOf\":{\"@id\":\"https:\\\/\\\/lacomponella.com\\\/WordPress3\\\/#website\"},\"datePublished\":\"2015-07-19T21:17:43+00:00\",\"dateModified\":\"2018-04-09T11:22:15+00:00\",\"inLanguage\":\"pl-PL\",\"potentialAction\":[{\"@type\":\"ReadAction\",\"target\":[\"https:\\\/\\\/lacomponella.com\\\/WordPress3\\\/?page_id=1281\"]}]},{\"@type\":\"WebSite\",\"@id\":\"https:\\\/\\\/lacomponella.com\\\/WordPress3\\\/#website\",\"url\":\"https:\\\/\\\/lacomponella.com\\\/WordPress3\\\/\",\"name\":\"La Componella FCI\",\"description\":\"Hodowla Dog Niemiecki, Xolo i Owczarek Belgijski\",\"potentialAction\":[{\"@type\":\"SearchAction\",\"target\":{\"@type\":\"EntryPoint\",\"urlTemplate\":\"https:\\\/\\\/lacomponella.com\\\/WordPress3\\\/?s={search_term_string}\"},\"query-input\":{\"@type\":\"PropertyValueSpecification\",\"valueRequired\":true,\"valueName\":\"search_term_string\"}}],\"inLanguage\":\"pl-PL\"}]}<\/script>\n<!-- \/ Yoast SEO plugin. -->","yoast_head_json":{"title":"- La Componella FCI","robots":{"index":"index","follow":"follow","max-snippet":"max-snippet:-1","max-image-preview":"max-image-preview:large","max-video-preview":"max-video-preview:-1"},"canonical":"https:\/\/lacomponella.com\/WordPress3\/?page_id=1281","og_locale":"pl_PL","og_type":"article","og_title":"- La Componella FCI","og_description":"MIOT &#8222;M&#8221;\u00a0&#8211; krycie na \u0141otwie 12 marca 2011\u00a0 urodzi\u0142o si\u0119\u00a0 9 szczeni\u0105t- 2 pieski i 7 suczek Pieski: \u00a0MARLON BRANDO &#8211;zosta\u0142 w naszej hodowli MERLOT -mieszka we Francji Suczki: MILI\u00a0 MARADONA\u00a0 MIGLIORA &#8211;\u00a0mieszka na Bia\u0142orusi MIURA -mieszka w Niemczech MARYLIN MONROE 3 SUKA WYSTAWY \u015aWIATOWEJ W AUSTRII \u00a02012 !!! M\u0142odzie\u017cowy Champion Polski 3x wybitnie obiecuj\u0105ca [&hellip;]","og_url":"https:\/\/lacomponella.com\/WordPress3\/?page_id=1281","og_site_name":"La Componella FCI","article_modified_time":"2018-04-09T11:22:15+00:00","twitter_card":"summary_large_image","twitter_misc":{"Szacowany czas czytania":"1 minuta"},"schema":{"@context":"https:\/\/schema.org","@graph":[{"@type":"WebPage","@id":"https:\/\/lacomponella.com\/WordPress3\/?page_id=1281","url":"https:\/\/lacomponella.com\/WordPress3\/?page_id=1281","name":"- La Componella FCI","isPartOf":{"@id":"https:\/\/lacomponella.com\/WordPress3\/#website"},"datePublished":"2015-07-19T21:17:43+00:00","dateModified":"2018-04-09T11:22:15+00:00","inLanguage":"pl-PL","potentialAction":[{"@type":"ReadAction","target":["https:\/\/lacomponella.com\/WordPress3\/?page_id=1281"]}]},{"@type":"WebSite","@id":"https:\/\/lacomponella.com\/WordPress3\/#website","url":"https:\/\/lacomponella.com\/WordPress3\/","name":"La Componella FCI","description":"Hodowla Dog Niemiecki, Xolo i Owczarek Belgijski","potentialAction":[{"@type":"SearchAction","target":{"@type":"EntryPoint","urlTemplate":"https:\/\/lacomponella.com\/WordPress3\/?s={search_term_string}"},"query-input":{"@type":"PropertyValueSpecification","valueRequired":true,"valueName":"search_term_string"}}],"inLanguage":"pl-PL"}]}},"_links":{"self":[{"href":"https:\/\/lacomponella.com\/WordPress3\/index.php?rest_route=\/wp\/v2\/pages\/1281","targetHints":{"allow":["GET"]}}],"collection":[{"href":"https:\/\/lacomponella.com\/WordPress3\/index.php?rest_route=\/wp\/v2\/pages"}],"about":[{"href":"https:\/\/lacomponella.com\/WordPress3\/index.php?rest_route=\/wp\/v2\/types\/page"}],"author":[{"embeddable":true,"href":"https:\/\/lacomponella.com\/WordPress3\/index.php?rest_route=\/wp\/v2\/users\/1"}],"replies":[{"embeddable":true,"href":"https:\/\/lacomponella.com\/WordPress3\/index.php?rest_route=%2Fwp%2Fv2%2Fcomments&post=1281"}],"version-history":[{"count":6,"href":"https:\/\/lacomponella.com\/WordPress3\/index.php?rest_route=\/wp\/v2\/pages\/1281\/revisions"}],"predecessor-version":[{"id":3754,"href":"https:\/\/lacomponella.com\/WordPress3\/index.php?rest_route=\/wp\/v2\/pages\/1281\/revisions\/3754"}],"wp:attachment":[{"href":"https:\/\/lacomponella.com\/WordPress3\/index.php?rest_route=%2Fwp%2Fv2%2Fmedia&parent=1281"}],"curies":[{"name":"wp","href":"https:\/\/api.w.org\/{rel}","templated":true}]}}