{"id":1284,"date":"2015-07-19T21:19:21","date_gmt":"2015-07-19T21:19:21","guid":{"rendered":"http:\/\/lacomponella.com\/WordPress3\/?page_id=1284"},"modified":"2018-04-09T11:22:02","modified_gmt":"2018-04-09T11:22:02","slug":"miot-o","status":"publish","type":"page","link":"https:\/\/lacomponella.com\/WordPress3\/?page_id=1284","title":{"rendered":""},"content":{"rendered":"<h4><span style=\"color: #ff0000;\"><strong>MIOT &#8222;O&#8221; &#8211; krycie w Czechach<\/strong><\/span><\/h4>\n<p><strong>\u00a010.03.2012 urodzi\u0142o si\u0119 8 szczeni\u0105t: 1 piesek i 7 suczek<\/strong><\/p>\n<p><strong>*<a href=\"https:\/\/picasaweb.google.com\/103772591381431048640\/MiotO1dzien#\">Galeria wsp\u00f3lna w wieku 0-1 tygodnia<br \/>\n<\/a>*<a href=\"https:\/\/picasaweb.google.com\/103772591381431048640\/25Tygodnia#\">Galeria wsp\u00f3lna w wieku 2 tygodni<br \/>\n<\/a><a href=\"https:\/\/picasaweb.google.com\/103772591381431048640\/OMiot335tyg#\">*Galeria wsp\u00f3lna w wieku 3-3,5 tygodnia<\/a>\u00a0<\/strong><\/p>\n<p><strong>Piesek:<br \/>\nO`NEAL\u00a0\u00a0<\/strong><a href=\"https:\/\/picasaweb.google.com\/103772591381431048640\/ONeal1dzien#\">1dzie\u0144<\/a>\u00a0\/\u00a0<a href=\"https:\/\/picasaweb.google.com\/103772591381431048640\/ONeal1tydz#\">7dni<\/a>\u00a0 \/\u00a0<a href=\"https:\/\/picasaweb.google.com\/103772591381431048640\/ONeal25tyg#\">2,5tyg.<\/a>\u00a0\/\u00a0<a href=\"https:\/\/picasaweb.google.com\/103772591381431048640\/ONeal35tyg#\">3,5tyg.<\/a>\u00a0\/\u00a0<a href=\"https:\/\/picasaweb.google.com\/103772591381431048640\/ONeal5tyg02#\">5tyg.<\/a>\u00a0 -mieszka w nowym domu (Austria)<\/p>\n<p><strong>Suczki:<br \/>\nO`HARA SCARLETT\u00a0\u00a0\u00a0\u00a0<\/strong><a href=\"https:\/\/picasaweb.google.com\/103772591381431048640\/Arlekinka1#\">1dzie\u0144<\/a>\u00a0\u00a0\/\u00a0\u00a0<a href=\"https:\/\/picasaweb.google.com\/103772591381431048640\/Arlekinka11tydz#\">7dni<\/a>\u00a0\/\u00a0\u00a0<a href=\"https:\/\/picasaweb.google.com\/103772591381431048640\/OHaraScarlett25tyg#\">2,5tyg.<\/a>\u00a0\/\u00a0<a href=\"https:\/\/picasaweb.google.com\/103772591381431048640\/OHara35tyg#\">3,5tyg.<\/a>\u00a0\/\u00a0<a href=\"https:\/\/picasaweb.google.com\/103772591381431048640\/OHara5tyg#\">5tyg.<\/a>\u00a0&#8211; mieszka w nowym domu<strong><br \/>\n<a href=\"https:\/\/picasaweb.google.com\/103772591381431048640\/OharaWNowymDomu#\">galeria w nowym domu<\/a><\/strong><\/p>\n<p>OPRAH WINFREY\u00a0\u00a0\u00a0\u00a0<a href=\"https:\/\/picasaweb.google.com\/103772591381431048640\/Arlekinka3#\">1dzie\u0144<\/a>\u00a0\u00a0\/\u00a0\u00a0<a href=\"https:\/\/picasaweb.google.com\/103772591381431048640\/Arlekinka31tydz#\">7dni<\/a>\u00a0\/\u00a0\u00a0<a href=\"https:\/\/picasaweb.google.com\/103772591381431048640\/OprahWinfrey25tyg#\">2,5tyg.<\/a>\u00a0\/\u00a0<a href=\"https:\/\/picasaweb.google.com\/103772591381431048640\/Oprah35tyg#\">3,5tyg.<\/a>\u00a0 \/\u00a0\u00a0<a href=\"https:\/\/picasaweb.google.com\/103772591381431048640\/Oprah5tyg#\">5tyg.<\/a>\u00a0\u00a0-mieszka w nowym domu z Han\u0105 i Romim (S\u0142owacja)<strong><br \/>\n<a href=\"https:\/\/picasaweb.google.com\/103772591381431048640\/OprahWNowymDomu#\">galeria w nowym domu<br \/>\n<\/a>\u00a0\u00a0\u00a0\u00a0<a href=\"https:\/\/picasaweb.google.com\/103772591381431048640\/OprahWNowymDomu#\">\u00a0\u00a0<\/a>\u00a0\u00a0\u00a0\u00a0<a href=\"https:\/\/picasaweb.google.com\/103772591381431048640\/OprahWNowymDomu#\">\u00a0\u00a0<\/a>\u00a0\u00a0\u00a0\u00a0<a href=\"https:\/\/picasaweb.google.com\/103772591381431048640\/OprahWNowymDomu#\">\u00a0\u00a0<\/a>\u00a0\u00a0\u00a0\u00a0<a href=\"https:\/\/picasaweb.google.com\/103772591381431048640\/OprahWNowymDomu#\">\u00a0\u00a0<\/a>\u00a0\u00a0\u00a0\u00a0<a href=\"https:\/\/picasaweb.google.com\/103772591381431048640\/OprahWNowymDomu#\">\u00a0\u00a0<\/a>\u00a0\u00a0\u00a0\u00a0<a href=\"https:\/\/picasaweb.google.com\/103772591381431048640\/OprahWNowymDomu#\">\u00a0\u00a0<\/a>\u00a0\u00a0\u00a0\u00a0<a href=\"https:\/\/picasaweb.google.com\/103772591381431048640\/OprahWNowymDomu#\">\u00a0\u00a0<\/a>\u00a0\u00a0\u00a0\u00a0<a href=\"https:\/\/picasaweb.google.com\/103772591381431048640\/OprahWNowymDomu#\">\u00a0\u00a0<\/a>\u00a0\u00a0\u00a0 Najlepsze Baby Europy!!!\u00a0\u00a0\u00a0BIS 1\u00a0&#8211; Polska<br \/>\nNajlepsze Baby Klubu Doga w Austrii &#8211; BIS 1\u00a0\u00a0\u00a0!!!<br \/>\n2x Best Baby (Klubowa Wystawa Dog\u00f3w Niemieckich w Czechach)<br \/>\n1x Zwyci\u0119zca Mlodzie\u017cy<\/strong><\/p>\n<p>ORCHIDEA DE FLOS\u00a0\u00a0<a href=\"https:\/\/picasaweb.google.com\/103772591381431048640\/Arlekinka2#\">1dzie\u0144<\/a>\u00a0\u00a0\/\u00a0\u00a0<a href=\"https:\/\/picasaweb.google.com\/103772591381431048640\/Arlekinka21tydz#\">7dni<\/a>\u00a0\/\u00a0\u00a0<a href=\"https:\/\/picasaweb.google.com\/103772591381431048640\/OrchideaDeFlos25tyg#\">2,5tyg.<\/a>\u00a0\/\u00a0<a href=\"https:\/\/picasaweb.google.com\/103772591381431048640\/Orchidea35tyg#\">3,5tyg.<\/a>\u00a0\u00a0\/\u00a0<a href=\"https:\/\/picasaweb.google.com\/103772591381431048640\/Orchidea5tyg#\">5tyg.<\/a>\u00a0&#8211; zostaje w naszej hodowli, mieszka z P.Ewelin\u0105\u00a0<strong><br \/>\n1x Zwyci\u0119zca Mlodzie\u017cy<br \/>\n4x Best Baby<br \/>\n2x Best Puppy<br \/>\n<a href=\"https:\/\/picasaweb.google.com\/103772591381431048640\/OrchideaWNowymDomu#\">galeria w nowym domu<\/a><\/strong><\/p>\n<p>OFELIA\u00a0\u00a0\u00a0\u00a0<a href=\"https:\/\/picasaweb.google.com\/103772591381431048640\/CzarnaZNoskiem1dzien#\">1dzie\u0144<\/a>\u00a0\u00a0\/\u00a0\u00a0<a href=\"https:\/\/picasaweb.google.com\/103772591381431048640\/CzarnaZNoskiem1tydz#\">7dni<\/a>\u00a0\/\u00a0\u00a0<a href=\"https:\/\/picasaweb.google.com\/103772591381431048640\/Ofelia25tyg#\">2,5tyg.<\/a>\u00a0\u00a0\/\u00a0<a href=\"https:\/\/picasaweb.google.com\/103772591381431048640\/Ofelia35tyg#\">3,5tyg.<\/a>\u00a0\/\u00a0<a href=\"https:\/\/picasaweb.google.com\/103772591381431048640\/Ofelia5tyg#\">5tyg.<\/a>\u00a0-mieszka w nowym domu w Bielsku Bia\u0142ej<strong><br \/>\n<\/strong><\/p>\n<p>ORA\u00a0\u00a0\u00a0<a href=\"https:\/\/picasaweb.google.com\/103772591381431048640\/CzarnaCzarneLapki1dzien#\">1dzie\u0144<\/a>\u00a0\u00a0\/\u00a0\u00a0<a href=\"https:\/\/picasaweb.google.com\/103772591381431048640\/CzarnaCzarneLapki1tydz#\">7dni<\/a>\u00a0\/\u00a0\u00a0<a href=\"https:\/\/picasaweb.google.com\/103772591381431048640\/Obama25tyg#\">2,5tyg.<\/a>\u00a0\/\u00a0<a href=\"https:\/\/picasaweb.google.com\/103772591381431048640\/Obama35tyg#\">3,5tyg.<\/a>\u00a0\u00a0\/\u00a0<a href=\"https:\/\/picasaweb.google.com\/103772591381431048640\/Obama5tyg#\">5tyg.<\/a>\u00a0-mieszka w nowym domu (Niemcy)<strong><br \/>\n<\/strong><\/p>\n<p>ONAMA SI\u0141\u0118\u00a0\u00a0\u00a0\u00a0<a href=\"https:\/\/picasaweb.google.com\/103772591381431048640\/OnamaSile1dzien#\">1dzie\u0144<\/a>\u00a0\u00a0\/\u00a0\u00a0<a href=\"https:\/\/picasaweb.google.com\/103772591381431048640\/Onama1tydz#\">7dni<\/a>\u00a0\/\u00a0\u00a0<a href=\"https:\/\/picasaweb.google.com\/103772591381431048640\/Onama25tyg#\">2,5tyg.<\/a>\u00a0\/\u00a0<a href=\"https:\/\/picasaweb.google.com\/103772591381431048640\/Onama35tyg#\">3,5tyg.<\/a>\u00a0\/\u00a0<a href=\"https:\/\/picasaweb.google.com\/103772591381431048640\/Onama5tyg#\">5tyg.<\/a>\u00a0-mieszka w nowym domu w Cz\u0119stochowie<strong><br \/>\n<\/strong><\/p>\n<p>ORGANZA\u00a0\u00a0\u00a0\u00a0\u00a0<a href=\"https:\/\/picasaweb.google.com\/103772591381431048640\/CzarnaBialeLapki1dzien#\">1dzie\u0144<\/a>\u00a0\u00a0\/\u00a0\u00a0<a href=\"https:\/\/picasaweb.google.com\/103772591381431048640\/CzarnaBialeLapki1tydz#\">7dni<\/a>\u00a0\/\u00a0\u00a0<a href=\"https:\/\/picasaweb.google.com\/103772591381431048640\/Organza25tyg#\">2,5tyg.<\/a>\u00a0\/\u00a0<a href=\"https:\/\/picasaweb.google.com\/103772591381431048640\/Organza35tyg#\">3,5tyg.<\/a>\u00a0\/\u00a0\u00a0<a href=\"https:\/\/picasaweb.google.com\/103772591381431048640\/Organza5tyg#\">5tyg.<\/a>\u00a0&#8211; mieszka w nowym domu<\/p>\n<table>\n<tbody>\n<tr>\n<td><strong><br \/>\n<a href=\"https:\/\/picasaweb.google.com\/112181180536048103776\/IMAGINATIONLaComponellaFCI#\">IMAGINATION La Componella FCI<\/a><\/strong><br \/>\nChampion Polski<br \/>\nChampion Ukrainy<br \/>\nM\u0142odzie\u017cowy Zwyci\u0119zca KlubuNajlepsza Suka Hodowlana Roku II<br \/>\nM\u0142odzie\u017cowy Champion Polski<br \/>\n2x Zwyci\u0119zca<br \/>\n4x Zwyci\u0119stwo M\u0142odzie\u017cy<br \/>\n3x Best Junior<br \/>\n2x BOB<br \/>\nHD A\/A (brak dysplazji biodrowej)<br \/>\nED 0\/0 (brak dysplazji \u0142okciowej)<br \/>\nEKG, Echo, Holter &#8211; w normie<\/td>\n<td><strong><a href=\"https:\/\/picasaweb.google.com\/103772591381431048640\/Hanibal#\">HANIBAL Antree Bohemia<\/a><\/strong>Champion Czech<br \/>\nZwyci\u0119zca Klubu Czech3x CACIB<br \/>\n9x CAC<br \/>\n9x Zwyci\u0119zca<br \/>\n6x BOBHD A\/A (brak dysplazji biodrowej)<br \/>\nED 0\/0 (brak dysplazji \u0142okciowej)<br \/>\nserce &#8211; w normie<\/td>\n<\/tr>\n<\/tbody>\n<\/table>\n<p><a href=\"https:\/\/picasaweb.google.com\/103772591381431048640\/Hanibal#\"><strong>Galeria ojca miotu TUTAJ.\u00a0To pierwsze w Polsce krycie tym psem:)<\/strong><\/a><\/p>\n","protected":false},"excerpt":{"rendered":"<p>MIOT &#8222;O&#8221; &#8211; krycie w Czechach \u00a010.03.2012 urodzi\u0142o si\u0119 8 szczeni\u0105t: 1 piesek i 7 suczek *Galeria wsp\u00f3lna w wieku 0-1 tygodnia *Galeria wsp\u00f3lna w wieku 2 tygodni *Galeria wsp\u00f3lna w wieku 3-3,5 tygodnia\u00a0 Piesek: O`NEAL\u00a0\u00a01dzie\u0144\u00a0\/\u00a07dni\u00a0 \/\u00a02,5tyg.\u00a0\/\u00a03,5tyg.\u00a0\/\u00a05tyg.\u00a0 -mieszka w nowym domu (Austria) Suczki: O`HARA SCARLETT\u00a0\u00a0\u00a0\u00a01dzie\u0144\u00a0\u00a0\/\u00a0\u00a07dni\u00a0\/\u00a0\u00a02,5tyg.\u00a0\/\u00a03,5tyg.\u00a0\/\u00a05tyg.\u00a0&#8211; mieszka w nowym domu galeria w nowym domu OPRAH WINFREY\u00a0\u00a0\u00a0\u00a01dzie\u0144\u00a0\u00a0\/\u00a0\u00a07dni\u00a0\/\u00a0\u00a02,5tyg.\u00a0\/\u00a03,5tyg.\u00a0 [&hellip;]<\/p>\n","protected":false},"author":1,"featured_media":0,"parent":0,"menu_order":0,"comment_status":"closed","ping_status":"closed","template":"","meta":{"footnotes":""},"class_list":["post-1284","page","type-page","status-publish","hentry"],"yoast_head":"<!-- This site is optimized with the Yoast SEO plugin v27.4 - https:\/\/yoast.com\/product\/yoast-seo-wordpress\/ -->\n<title>- La Componella FCI<\/title>\n<meta name=\"robots\" content=\"index, follow, max-snippet:-1, max-image-preview:large, max-video-preview:-1\" \/>\n<link rel=\"canonical\" href=\"https:\/\/lacomponella.com\/WordPress3\/?page_id=1284\" \/>\n<meta property=\"og:locale\" content=\"pl_PL\" \/>\n<meta property=\"og:type\" content=\"article\" \/>\n<meta property=\"og:title\" content=\"- La Componella FCI\" \/>\n<meta property=\"og:description\" content=\"MIOT &#8222;O&#8221; &#8211; krycie w Czechach \u00a010.03.2012 urodzi\u0142o si\u0119 8 szczeni\u0105t: 1 piesek i 7 suczek *Galeria wsp\u00f3lna w wieku 0-1 tygodnia *Galeria wsp\u00f3lna w wieku 2 tygodni *Galeria wsp\u00f3lna w wieku 3-3,5 tygodnia\u00a0 Piesek: O`NEAL\u00a0\u00a01dzie\u0144\u00a0\/\u00a07dni\u00a0 \/\u00a02,5tyg.\u00a0\/\u00a03,5tyg.\u00a0\/\u00a05tyg.\u00a0 -mieszka w nowym domu (Austria) Suczki: O`HARA SCARLETT\u00a0\u00a0\u00a0\u00a01dzie\u0144\u00a0\u00a0\/\u00a0\u00a07dni\u00a0\/\u00a0\u00a02,5tyg.\u00a0\/\u00a03,5tyg.\u00a0\/\u00a05tyg.\u00a0&#8211; mieszka w nowym domu galeria w nowym domu OPRAH WINFREY\u00a0\u00a0\u00a0\u00a01dzie\u0144\u00a0\u00a0\/\u00a0\u00a07dni\u00a0\/\u00a0\u00a02,5tyg.\u00a0\/\u00a03,5tyg.\u00a0 [&hellip;]\" \/>\n<meta property=\"og:url\" content=\"https:\/\/lacomponella.com\/WordPress3\/?page_id=1284\" \/>\n<meta property=\"og:site_name\" content=\"La Componella FCI\" \/>\n<meta property=\"article:modified_time\" content=\"2018-04-09T11:22:02+00:00\" \/>\n<meta name=\"twitter:card\" content=\"summary_large_image\" \/>\n<meta name=\"twitter:label1\" content=\"Szacowany czas czytania\" \/>\n\t<meta name=\"twitter:data1\" content=\"1 minuta\" \/>\n<script type=\"application\/ld+json\" class=\"yoast-schema-graph\">{\"@context\":\"https:\\\/\\\/schema.org\",\"@graph\":[{\"@type\":\"WebPage\",\"@id\":\"https:\\\/\\\/lacomponella.com\\\/WordPress3\\\/?page_id=1284\",\"url\":\"https:\\\/\\\/lacomponella.com\\\/WordPress3\\\/?page_id=1284\",\"name\":\"- La Componella FCI\",\"isPartOf\":{\"@id\":\"https:\\\/\\\/lacomponella.com\\\/WordPress3\\\/#website\"},\"datePublished\":\"2015-07-19T21:19:21+00:00\",\"dateModified\":\"2018-04-09T11:22:02+00:00\",\"inLanguage\":\"pl-PL\",\"potentialAction\":[{\"@type\":\"ReadAction\",\"target\":[\"https:\\\/\\\/lacomponella.com\\\/WordPress3\\\/?page_id=1284\"]}]},{\"@type\":\"WebSite\",\"@id\":\"https:\\\/\\\/lacomponella.com\\\/WordPress3\\\/#website\",\"url\":\"https:\\\/\\\/lacomponella.com\\\/WordPress3\\\/\",\"name\":\"La Componella FCI\",\"description\":\"Hodowla Dog Niemiecki, Xolo i Owczarek Belgijski\",\"potentialAction\":[{\"@type\":\"SearchAction\",\"target\":{\"@type\":\"EntryPoint\",\"urlTemplate\":\"https:\\\/\\\/lacomponella.com\\\/WordPress3\\\/?s={search_term_string}\"},\"query-input\":{\"@type\":\"PropertyValueSpecification\",\"valueRequired\":true,\"valueName\":\"search_term_string\"}}],\"inLanguage\":\"pl-PL\"}]}<\/script>\n<!-- \/ Yoast SEO plugin. -->","yoast_head_json":{"title":"- La Componella FCI","robots":{"index":"index","follow":"follow","max-snippet":"max-snippet:-1","max-image-preview":"max-image-preview:large","max-video-preview":"max-video-preview:-1"},"canonical":"https:\/\/lacomponella.com\/WordPress3\/?page_id=1284","og_locale":"pl_PL","og_type":"article","og_title":"- La Componella FCI","og_description":"MIOT &#8222;O&#8221; &#8211; krycie w Czechach \u00a010.03.2012 urodzi\u0142o si\u0119 8 szczeni\u0105t: 1 piesek i 7 suczek *Galeria wsp\u00f3lna w wieku 0-1 tygodnia *Galeria wsp\u00f3lna w wieku 2 tygodni *Galeria wsp\u00f3lna w wieku 3-3,5 tygodnia\u00a0 Piesek: O`NEAL\u00a0\u00a01dzie\u0144\u00a0\/\u00a07dni\u00a0 \/\u00a02,5tyg.\u00a0\/\u00a03,5tyg.\u00a0\/\u00a05tyg.\u00a0 -mieszka w nowym domu (Austria) Suczki: O`HARA SCARLETT\u00a0\u00a0\u00a0\u00a01dzie\u0144\u00a0\u00a0\/\u00a0\u00a07dni\u00a0\/\u00a0\u00a02,5tyg.\u00a0\/\u00a03,5tyg.\u00a0\/\u00a05tyg.\u00a0&#8211; mieszka w nowym domu galeria w nowym domu OPRAH WINFREY\u00a0\u00a0\u00a0\u00a01dzie\u0144\u00a0\u00a0\/\u00a0\u00a07dni\u00a0\/\u00a0\u00a02,5tyg.\u00a0\/\u00a03,5tyg.\u00a0 [&hellip;]","og_url":"https:\/\/lacomponella.com\/WordPress3\/?page_id=1284","og_site_name":"La Componella FCI","article_modified_time":"2018-04-09T11:22:02+00:00","twitter_card":"summary_large_image","twitter_misc":{"Szacowany czas czytania":"1 minuta"},"schema":{"@context":"https:\/\/schema.org","@graph":[{"@type":"WebPage","@id":"https:\/\/lacomponella.com\/WordPress3\/?page_id=1284","url":"https:\/\/lacomponella.com\/WordPress3\/?page_id=1284","name":"- La Componella FCI","isPartOf":{"@id":"https:\/\/lacomponella.com\/WordPress3\/#website"},"datePublished":"2015-07-19T21:19:21+00:00","dateModified":"2018-04-09T11:22:02+00:00","inLanguage":"pl-PL","potentialAction":[{"@type":"ReadAction","target":["https:\/\/lacomponella.com\/WordPress3\/?page_id=1284"]}]},{"@type":"WebSite","@id":"https:\/\/lacomponella.com\/WordPress3\/#website","url":"https:\/\/lacomponella.com\/WordPress3\/","name":"La Componella FCI","description":"Hodowla Dog Niemiecki, Xolo i Owczarek Belgijski","potentialAction":[{"@type":"SearchAction","target":{"@type":"EntryPoint","urlTemplate":"https:\/\/lacomponella.com\/WordPress3\/?s={search_term_string}"},"query-input":{"@type":"PropertyValueSpecification","valueRequired":true,"valueName":"search_term_string"}}],"inLanguage":"pl-PL"}]}},"_links":{"self":[{"href":"https:\/\/lacomponella.com\/WordPress3\/index.php?rest_route=\/wp\/v2\/pages\/1284","targetHints":{"allow":["GET"]}}],"collection":[{"href":"https:\/\/lacomponella.com\/WordPress3\/index.php?rest_route=\/wp\/v2\/pages"}],"about":[{"href":"https:\/\/lacomponella.com\/WordPress3\/index.php?rest_route=\/wp\/v2\/types\/page"}],"author":[{"embeddable":true,"href":"https:\/\/lacomponella.com\/WordPress3\/index.php?rest_route=\/wp\/v2\/users\/1"}],"replies":[{"embeddable":true,"href":"https:\/\/lacomponella.com\/WordPress3\/index.php?rest_route=%2Fwp%2Fv2%2Fcomments&post=1284"}],"version-history":[{"count":5,"href":"https:\/\/lacomponella.com\/WordPress3\/index.php?rest_route=\/wp\/v2\/pages\/1284\/revisions"}],"predecessor-version":[{"id":4930,"href":"https:\/\/lacomponella.com\/WordPress3\/index.php?rest_route=\/wp\/v2\/pages\/1284\/revisions\/4930"}],"wp:attachment":[{"href":"https:\/\/lacomponella.com\/WordPress3\/index.php?rest_route=%2Fwp%2Fv2%2Fmedia&parent=1284"}],"curies":[{"name":"wp","href":"https:\/\/api.w.org\/{rel}","templated":true}]}}