{"id":1296,"date":"2015-07-19T21:23:11","date_gmt":"2015-07-19T21:23:11","guid":{"rendered":"http:\/\/lacomponella.com\/WordPress3\/?page_id=1296"},"modified":"2018-04-09T11:19:08","modified_gmt":"2018-04-09T11:19:08","slug":"miot-z-nowosc","status":"publish","type":"page","link":"https:\/\/lacomponella.com\/WordPress3\/?page_id=1296","title":{"rendered":""},"content":{"rendered":"<h3 style=\"text-align: left;\">Miot Z &#8211; 2015<\/h3>\n<h5 style=\"text-align: left;\">21.04.2015 urodzi\u0142o si\u0119 7 szczeni\u0105t<\/h5>\n<h5 style=\"text-align: left;\"><span style=\"color: #000080;\"><strong>Nasza utytu\u0142owana, sprawdzona, zdrowa sunia hodowlana MARYLIN MONROE La Componella urodzi\u0142a 7 szczeni\u0105t<br \/>\n<\/strong><a href=\"http:\/\/lacomponella.com\/WordPress3\/wp-content\/uploads\/2014\/07\/11050146_766684326762993_286058752347868278_n1.jpg\"><img fetchpriority=\"high\" decoding=\"async\" class=\"alignright size-full wp-image-1003\" src=\"http:\/\/lacomponella.com\/WordPress3\/wp-content\/uploads\/2014\/07\/11050146_766684326762993_286058752347868278_n1.jpg\" alt=\"11050146_766684326762993_286058752347868278_n\" width=\"960\" height=\"720\" srcset=\"https:\/\/lacomponella.com\/WordPress3\/wp-content\/uploads\/2014\/07\/11050146_766684326762993_286058752347868278_n1.jpg 960w, https:\/\/lacomponella.com\/WordPress3\/wp-content\/uploads\/2014\/07\/11050146_766684326762993_286058752347868278_n1-300x225.jpg 300w\" sizes=\"(max-width: 960px) 100vw, 960px\" \/><\/a><\/span><\/h5>\n<p>&nbsp;<\/p>\n<h5 style=\"text-align: left;\"><a href=\"http:\/\/lacomponella.com\/WordPress3\/wp-content\/uploads\/2014\/07\/11084594_750832658348160_462774374_n.png\"><img decoding=\"async\" class=\"alignright size-full wp-image-933\" src=\"http:\/\/lacomponella.com\/WordPress3\/wp-content\/uploads\/2014\/07\/11084594_750832658348160_462774374_n.png\" alt=\"11084594_750832658348160_462774374_n\" width=\"960\" height=\"612\" srcset=\"https:\/\/lacomponella.com\/WordPress3\/wp-content\/uploads\/2014\/07\/11084594_750832658348160_462774374_n.png 960w, https:\/\/lacomponella.com\/WordPress3\/wp-content\/uploads\/2014\/07\/11084594_750832658348160_462774374_n-300x191.png 300w\" sizes=\"(max-width: 960px) 100vw, 960px\" \/><\/a><\/h5>\n<h5 style=\"text-align: left;\">Ojciec miotu &#8211;\u00a0<span style=\"color: #ff9933;\">InterChampion (w zatw.)<br \/>\nChampion Litwy<br \/>\nChampion Polski<br \/>\nZwyci\u0119zca Klubu Polski 2014<br \/>\nZwyci\u0119zca Polski 2013, 2014<br \/>\nZwyci\u0119zca Klubu Austrii 2013<br \/>\nZwyci\u0119zca Klubu Litwy '2014 + BOB + BIS<\/span><\/h5>\n<p>M\u0142odzie\u017cowy Champion Polski<br \/>\nM\u0142odzie\u017cowy Zwyci\u0119zca Klubu Litwy &#8217;13 + BOB + BIS Junior + BIS<\/p>\n<p>9x CACIB, 16x CAC, 7x BOB, 4x Zwyc. M\u0142., 4x Naj. Junior<\/p>\n<p><b><span style=\"color: #ff9933; font-family: Calibri; font-size: x-large;\">HASHICH de la Benjamine<\/span><\/b><br \/>\nur. 03\/03\/2012<br \/>\nHD A<br \/>\nED 0<br \/>\nserce: badanie z 06\/2013 &#8211; OK<\/p>\n<p>wzrost: 89 cm | waga: 90kg<br \/>\nhod.: Veronique Maunder, de la Benjamine (Francja)<br \/>\nw\u0142.: Agnieszka Sroczy\u0144ska, Margarejro FCI<br \/>\n<a href=\"http:\/\/lacomponella.com\/WordPress3\/wp-content\/uploads\/2014\/07\/1536530_10202699494342064_1855439833_n1.jpg\"><img decoding=\"async\" class=\"alignright size-full wp-image-945\" src=\"http:\/\/lacomponella.com\/WordPress3\/wp-content\/uploads\/2014\/07\/1536530_10202699494342064_1855439833_n1.jpg\" alt=\"1536530_10202699494342064_1855439833_n\" width=\"505\" height=\"719\" srcset=\"https:\/\/lacomponella.com\/WordPress3\/wp-content\/uploads\/2014\/07\/1536530_10202699494342064_1855439833_n1.jpg 505w, https:\/\/lacomponella.com\/WordPress3\/wp-content\/uploads\/2014\/07\/1536530_10202699494342064_1855439833_n1-211x300.jpg 211w\" sizes=\"(max-width: 505px) 100vw, 505px\" \/><\/a><a href=\"http:\/\/lacomponella.com\/WordPress3\/wp-content\/uploads\/2014\/07\/1779111_10202699493302038_1265001191_n.jpg\"><img loading=\"lazy\" decoding=\"async\" class=\"alignright size-full wp-image-946\" src=\"http:\/\/lacomponella.com\/WordPress3\/wp-content\/uploads\/2014\/07\/1779111_10202699493302038_1265001191_n.jpg\" alt=\"1779111_10202699493302038_1265001191_n\" width=\"637\" height=\"547\" srcset=\"https:\/\/lacomponella.com\/WordPress3\/wp-content\/uploads\/2014\/07\/1779111_10202699493302038_1265001191_n.jpg 637w, https:\/\/lacomponella.com\/WordPress3\/wp-content\/uploads\/2014\/07\/1779111_10202699493302038_1265001191_n-300x258.jpg 300w\" sizes=\"(max-width: 637px) 100vw, 637px\" \/><\/a><a href=\"http:\/\/lacomponella.com\/WordPress3\/wp-content\/uploads\/2014\/07\/10001578_10202699491782000_337038140_n.jpg\"><img loading=\"lazy\" decoding=\"async\" class=\"alignright size-full wp-image-947\" src=\"http:\/\/lacomponella.com\/WordPress3\/wp-content\/uploads\/2014\/07\/10001578_10202699491782000_337038140_n.jpg\" alt=\"10001578_10202699491782000_337038140_n\" width=\"406\" height=\"544\" srcset=\"https:\/\/lacomponella.com\/WordPress3\/wp-content\/uploads\/2014\/07\/10001578_10202699491782000_337038140_n.jpg 406w, https:\/\/lacomponella.com\/WordPress3\/wp-content\/uploads\/2014\/07\/10001578_10202699491782000_337038140_n-224x300.jpg 224w\" sizes=\"(max-width: 406px) 100vw, 406px\" \/><\/a><a href=\"http:\/\/lacomponella.com\/WordPress3\/wp-content\/uploads\/2014\/07\/hash_2.jpg\"><img loading=\"lazy\" decoding=\"async\" class=\"alignright size-full wp-image-948\" src=\"http:\/\/lacomponella.com\/WordPress3\/wp-content\/uploads\/2014\/07\/hash_2.jpg\" alt=\"hash_2\" width=\"566\" height=\"508\" srcset=\"https:\/\/lacomponella.com\/WordPress3\/wp-content\/uploads\/2014\/07\/hash_2.jpg 566w, https:\/\/lacomponella.com\/WordPress3\/wp-content\/uploads\/2014\/07\/hash_2-300x269.jpg 300w\" sizes=\"(max-width: 566px) 100vw, 566px\" \/><\/a><a href=\"http:\/\/lacomponella.com\/WordPress3\/wp-content\/uploads\/2014\/07\/hash_18.jpg\"><img loading=\"lazy\" decoding=\"async\" class=\"alignright size-full wp-image-949\" src=\"http:\/\/lacomponella.com\/WordPress3\/wp-content\/uploads\/2014\/07\/hash_18.jpg\" alt=\"hash_18\" width=\"334\" height=\"500\" srcset=\"https:\/\/lacomponella.com\/WordPress3\/wp-content\/uploads\/2014\/07\/hash_18.jpg 334w, https:\/\/lacomponella.com\/WordPress3\/wp-content\/uploads\/2014\/07\/hash_18-200x300.jpg 200w\" sizes=\"(max-width: 334px) 100vw, 334px\" \/><\/a><a href=\"http:\/\/lacomponella.com\/WordPress3\/wp-content\/uploads\/2014\/07\/hash.jpg\"><img loading=\"lazy\" decoding=\"async\" class=\"alignright size-full wp-image-950\" src=\"http:\/\/lacomponella.com\/WordPress3\/wp-content\/uploads\/2014\/07\/hash.jpg\" alt=\"hash\" width=\"433\" height=\"650\" srcset=\"https:\/\/lacomponella.com\/WordPress3\/wp-content\/uploads\/2014\/07\/hash.jpg 433w, https:\/\/lacomponella.com\/WordPress3\/wp-content\/uploads\/2014\/07\/hash-200x300.jpg 200w\" sizes=\"(max-width: 433px) 100vw, 433px\" \/><\/a><\/p>\n<p>&nbsp;<\/p>\n<h2 style=\"text-align: center;\"><span style=\"color: #ff0000;\">\u00a0<\/span><\/h2>\n","protected":false},"excerpt":{"rendered":"<p>Miot Z &#8211; 2015 21.04.2015 urodzi\u0142o si\u0119 7 szczeni\u0105t Nasza utytu\u0142owana, sprawdzona, zdrowa sunia hodowlana MARYLIN MONROE La Componella urodzi\u0142a 7 szczeni\u0105t &nbsp; Ojciec miotu &#8211;\u00a0InterChampion (w zatw.) Champion Litwy Champion Polski Zwyci\u0119zca Klubu Polski 2014 Zwyci\u0119zca Polski 2013, 2014 Zwyci\u0119zca Klubu Austrii 2013 Zwyci\u0119zca Klubu Litwy '2014 + BOB + BIS M\u0142odzie\u017cowy Champion Polski [&hellip;]<\/p>\n","protected":false},"author":1,"featured_media":0,"parent":0,"menu_order":0,"comment_status":"closed","ping_status":"closed","template":"","meta":{"footnotes":""},"class_list":["post-1296","page","type-page","status-publish","hentry"],"yoast_head":"<!-- This site is optimized with the Yoast SEO plugin v27.4 - https:\/\/yoast.com\/product\/yoast-seo-wordpress\/ -->\n<title>- La Componella FCI<\/title>\n<meta name=\"robots\" content=\"index, follow, max-snippet:-1, max-image-preview:large, max-video-preview:-1\" \/>\n<link rel=\"canonical\" href=\"https:\/\/lacomponella.com\/WordPress3\/?page_id=1296\" \/>\n<meta property=\"og:locale\" content=\"pl_PL\" \/>\n<meta property=\"og:type\" content=\"article\" \/>\n<meta property=\"og:title\" content=\"- La Componella FCI\" \/>\n<meta property=\"og:description\" content=\"Miot Z &#8211; 2015 21.04.2015 urodzi\u0142o si\u0119 7 szczeni\u0105t Nasza utytu\u0142owana, sprawdzona, zdrowa sunia hodowlana MARYLIN MONROE La Componella urodzi\u0142a 7 szczeni\u0105t &nbsp; Ojciec miotu &#8211;\u00a0InterChampion (w zatw.) Champion Litwy Champion Polski Zwyci\u0119zca Klubu Polski 2014 Zwyci\u0119zca Polski 2013, 2014 Zwyci\u0119zca Klubu Austrii 2013 Zwyci\u0119zca Klubu Litwy &#039;2014 + BOB + BIS M\u0142odzie\u017cowy Champion Polski [&hellip;]\" \/>\n<meta property=\"og:url\" content=\"https:\/\/lacomponella.com\/WordPress3\/?page_id=1296\" \/>\n<meta property=\"og:site_name\" content=\"La Componella FCI\" \/>\n<meta property=\"article:modified_time\" content=\"2018-04-09T11:19:08+00:00\" \/>\n<meta property=\"og:image\" content=\"https:\/\/lacomponella.com\/WordPress3\/wp-content\/uploads\/2014\/07\/11050146_766684326762993_286058752347868278_n1.jpg\" \/>\n\t<meta property=\"og:image:width\" content=\"960\" \/>\n\t<meta property=\"og:image:height\" content=\"720\" \/>\n\t<meta property=\"og:image:type\" content=\"image\/jpeg\" \/>\n<meta name=\"twitter:card\" content=\"summary_large_image\" \/>\n<meta name=\"twitter:label1\" content=\"Szacowany czas czytania\" \/>\n\t<meta name=\"twitter:data1\" content=\"1 minuta\" \/>\n<script type=\"application\/ld+json\" class=\"yoast-schema-graph\">{\"@context\":\"https:\\\/\\\/schema.org\",\"@graph\":[{\"@type\":\"WebPage\",\"@id\":\"https:\\\/\\\/lacomponella.com\\\/WordPress3\\\/?page_id=1296\",\"url\":\"https:\\\/\\\/lacomponella.com\\\/WordPress3\\\/?page_id=1296\",\"name\":\"- La Componella FCI\",\"isPartOf\":{\"@id\":\"https:\\\/\\\/lacomponella.com\\\/WordPress3\\\/#website\"},\"primaryImageOfPage\":{\"@id\":\"https:\\\/\\\/lacomponella.com\\\/WordPress3\\\/?page_id=1296#primaryimage\"},\"image\":{\"@id\":\"https:\\\/\\\/lacomponella.com\\\/WordPress3\\\/?page_id=1296#primaryimage\"},\"thumbnailUrl\":\"http:\\\/\\\/lacomponella.com\\\/WordPress3\\\/wp-content\\\/uploads\\\/2014\\\/07\\\/11050146_766684326762993_286058752347868278_n1.jpg\",\"datePublished\":\"2015-07-19T21:23:11+00:00\",\"dateModified\":\"2018-04-09T11:19:08+00:00\",\"inLanguage\":\"pl-PL\",\"potentialAction\":[{\"@type\":\"ReadAction\",\"target\":[\"https:\\\/\\\/lacomponella.com\\\/WordPress3\\\/?page_id=1296\"]}]},{\"@type\":\"ImageObject\",\"inLanguage\":\"pl-PL\",\"@id\":\"https:\\\/\\\/lacomponella.com\\\/WordPress3\\\/?page_id=1296#primaryimage\",\"url\":\"http:\\\/\\\/lacomponella.com\\\/WordPress3\\\/wp-content\\\/uploads\\\/2014\\\/07\\\/11050146_766684326762993_286058752347868278_n1.jpg\",\"contentUrl\":\"http:\\\/\\\/lacomponella.com\\\/WordPress3\\\/wp-content\\\/uploads\\\/2014\\\/07\\\/11050146_766684326762993_286058752347868278_n1.jpg\"},{\"@type\":\"WebSite\",\"@id\":\"https:\\\/\\\/lacomponella.com\\\/WordPress3\\\/#website\",\"url\":\"https:\\\/\\\/lacomponella.com\\\/WordPress3\\\/\",\"name\":\"La Componella FCI\",\"description\":\"Hodowla Dog Niemiecki, Xolo i Owczarek Belgijski\",\"potentialAction\":[{\"@type\":\"SearchAction\",\"target\":{\"@type\":\"EntryPoint\",\"urlTemplate\":\"https:\\\/\\\/lacomponella.com\\\/WordPress3\\\/?s={search_term_string}\"},\"query-input\":{\"@type\":\"PropertyValueSpecification\",\"valueRequired\":true,\"valueName\":\"search_term_string\"}}],\"inLanguage\":\"pl-PL\"}]}<\/script>\n<!-- \/ Yoast SEO plugin. -->","yoast_head_json":{"title":"- La Componella FCI","robots":{"index":"index","follow":"follow","max-snippet":"max-snippet:-1","max-image-preview":"max-image-preview:large","max-video-preview":"max-video-preview:-1"},"canonical":"https:\/\/lacomponella.com\/WordPress3\/?page_id=1296","og_locale":"pl_PL","og_type":"article","og_title":"- La Componella FCI","og_description":"Miot Z &#8211; 2015 21.04.2015 urodzi\u0142o si\u0119 7 szczeni\u0105t Nasza utytu\u0142owana, sprawdzona, zdrowa sunia hodowlana MARYLIN MONROE La Componella urodzi\u0142a 7 szczeni\u0105t &nbsp; Ojciec miotu &#8211;\u00a0InterChampion (w zatw.) Champion Litwy Champion Polski Zwyci\u0119zca Klubu Polski 2014 Zwyci\u0119zca Polski 2013, 2014 Zwyci\u0119zca Klubu Austrii 2013 Zwyci\u0119zca Klubu Litwy '2014 + BOB + BIS M\u0142odzie\u017cowy Champion Polski [&hellip;]","og_url":"https:\/\/lacomponella.com\/WordPress3\/?page_id=1296","og_site_name":"La Componella FCI","article_modified_time":"2018-04-09T11:19:08+00:00","og_image":[{"width":960,"height":720,"url":"https:\/\/lacomponella.com\/WordPress3\/wp-content\/uploads\/2014\/07\/11050146_766684326762993_286058752347868278_n1.jpg","type":"image\/jpeg"}],"twitter_card":"summary_large_image","twitter_misc":{"Szacowany czas czytania":"1 minuta"},"schema":{"@context":"https:\/\/schema.org","@graph":[{"@type":"WebPage","@id":"https:\/\/lacomponella.com\/WordPress3\/?page_id=1296","url":"https:\/\/lacomponella.com\/WordPress3\/?page_id=1296","name":"- La Componella FCI","isPartOf":{"@id":"https:\/\/lacomponella.com\/WordPress3\/#website"},"primaryImageOfPage":{"@id":"https:\/\/lacomponella.com\/WordPress3\/?page_id=1296#primaryimage"},"image":{"@id":"https:\/\/lacomponella.com\/WordPress3\/?page_id=1296#primaryimage"},"thumbnailUrl":"http:\/\/lacomponella.com\/WordPress3\/wp-content\/uploads\/2014\/07\/11050146_766684326762993_286058752347868278_n1.jpg","datePublished":"2015-07-19T21:23:11+00:00","dateModified":"2018-04-09T11:19:08+00:00","inLanguage":"pl-PL","potentialAction":[{"@type":"ReadAction","target":["https:\/\/lacomponella.com\/WordPress3\/?page_id=1296"]}]},{"@type":"ImageObject","inLanguage":"pl-PL","@id":"https:\/\/lacomponella.com\/WordPress3\/?page_id=1296#primaryimage","url":"http:\/\/lacomponella.com\/WordPress3\/wp-content\/uploads\/2014\/07\/11050146_766684326762993_286058752347868278_n1.jpg","contentUrl":"http:\/\/lacomponella.com\/WordPress3\/wp-content\/uploads\/2014\/07\/11050146_766684326762993_286058752347868278_n1.jpg"},{"@type":"WebSite","@id":"https:\/\/lacomponella.com\/WordPress3\/#website","url":"https:\/\/lacomponella.com\/WordPress3\/","name":"La Componella FCI","description":"Hodowla Dog Niemiecki, Xolo i Owczarek Belgijski","potentialAction":[{"@type":"SearchAction","target":{"@type":"EntryPoint","urlTemplate":"https:\/\/lacomponella.com\/WordPress3\/?s={search_term_string}"},"query-input":{"@type":"PropertyValueSpecification","valueRequired":true,"valueName":"search_term_string"}}],"inLanguage":"pl-PL"}]}},"_links":{"self":[{"href":"https:\/\/lacomponella.com\/WordPress3\/index.php?rest_route=\/wp\/v2\/pages\/1296","targetHints":{"allow":["GET"]}}],"collection":[{"href":"https:\/\/lacomponella.com\/WordPress3\/index.php?rest_route=\/wp\/v2\/pages"}],"about":[{"href":"https:\/\/lacomponella.com\/WordPress3\/index.php?rest_route=\/wp\/v2\/types\/page"}],"author":[{"embeddable":true,"href":"https:\/\/lacomponella.com\/WordPress3\/index.php?rest_route=\/wp\/v2\/users\/1"}],"replies":[{"embeddable":true,"href":"https:\/\/lacomponella.com\/WordPress3\/index.php?rest_route=%2Fwp%2Fv2%2Fcomments&post=1296"}],"version-history":[{"count":5,"href":"https:\/\/lacomponella.com\/WordPress3\/index.php?rest_route=\/wp\/v2\/pages\/1296\/revisions"}],"predecessor-version":[{"id":4923,"href":"https:\/\/lacomponella.com\/WordPress3\/index.php?rest_route=\/wp\/v2\/pages\/1296\/revisions\/4923"}],"wp:attachment":[{"href":"https:\/\/lacomponella.com\/WordPress3\/index.php?rest_route=%2Fwp%2Fv2%2Fmedia&parent=1296"}],"curies":[{"name":"wp","href":"https:\/\/api.w.org\/{rel}","templated":true}]}}