{"id":13014,"date":"2026-01-15T22:31:06","date_gmt":"2026-01-15T22:31:06","guid":{"rendered":"https:\/\/lacomponella.com\/WordPress3\/?page_id=13014"},"modified":"2026-01-15T22:45:13","modified_gmt":"2026-01-15T22:45:13","slug":"rufio-des-terres-de-beaulieu","status":"publish","type":"page","link":"https:\/\/lacomponella.com\/WordPress3\/?page_id=13014","title":{"rendered":"Rufio des Terres de Beaulieu"},"content":{"rendered":"<h2 style=\"text-align: center;\"><span style=\"color: #000080;\"><strong>Rufio des Terres de Beaulieu<br \/>\nImport z Francji<\/strong><\/span><\/h2>\n<p><span style=\"color: #993366;\"><strong>Zdrowie:<\/strong><\/span><br \/>\n<span style=\"color: #993366;\"><strong>-Serce\u00a0 \u2013 serce zdrowe, brak cech kardiomiopatii rozstrzeniowej (DCM), brak przeciwwskaza\u0144 ze strony kardiologicznej do rozrodu<br \/>\n-HD A\/A (brak dysplazji biodrowej)<br \/>\n-ED 0\/0 (brak dysplazji \u0142okciowej)<br \/>\n-zgryz prawid\u0142owy\/uz\u0119bienie pe\u0142ne<br \/>\n-nasienie super jako\u015bci, dost\u0119pne \u015bwie\u017ce, ch\u0142odzone oraz mro\u017cone<\/strong><\/span><\/p>\n<p><span style=\"color: #808000;\">Rodzice: Lancelot des Perles d&#8217;Aphrodite x <span class=\"x3jgonx\">Nadjate de la Benjamine<\/span><\/span><\/p>\n<p><img fetchpriority=\"high\" decoding=\"async\" class=\"aligncenter size-full wp-image-13021\" src=\"https:\/\/lacomponella.com\/WordPress3\/wp-content\/uploads\/2026\/01\/Rufi-sam-2-scaled.jpg\" alt=\"\" width=\"2560\" height=\"1707\" srcset=\"https:\/\/lacomponella.com\/WordPress3\/wp-content\/uploads\/2026\/01\/Rufi-sam-2-scaled.jpg 2560w, https:\/\/lacomponella.com\/WordPress3\/wp-content\/uploads\/2026\/01\/Rufi-sam-2-300x200.jpg 300w, https:\/\/lacomponella.com\/WordPress3\/wp-content\/uploads\/2026\/01\/Rufi-sam-2-1024x683.jpg 1024w, https:\/\/lacomponella.com\/WordPress3\/wp-content\/uploads\/2026\/01\/Rufi-sam-2-768x512.jpg 768w, https:\/\/lacomponella.com\/WordPress3\/wp-content\/uploads\/2026\/01\/Rufi-sam-2-1536x1024.jpg 1536w, https:\/\/lacomponella.com\/WordPress3\/wp-content\/uploads\/2026\/01\/Rufi-sam-2-2048x1365.jpg 2048w\" sizes=\"(max-width: 2560px) 100vw, 2560px\" \/><\/p>\n<p><img decoding=\"async\" class=\"aligncenter size-full wp-image-13020\" src=\"https:\/\/lacomponella.com\/WordPress3\/wp-content\/uploads\/2026\/01\/Rufi-sam-kopiowany.jpg\" alt=\"\" width=\"2468\" height=\"1884\" srcset=\"https:\/\/lacomponella.com\/WordPress3\/wp-content\/uploads\/2026\/01\/Rufi-sam-kopiowany.jpg 2468w, https:\/\/lacomponella.com\/WordPress3\/wp-content\/uploads\/2026\/01\/Rufi-sam-kopiowany-300x229.jpg 300w, https:\/\/lacomponella.com\/WordPress3\/wp-content\/uploads\/2026\/01\/Rufi-sam-kopiowany-1024x782.jpg 1024w, https:\/\/lacomponella.com\/WordPress3\/wp-content\/uploads\/2026\/01\/Rufi-sam-kopiowany-768x586.jpg 768w, https:\/\/lacomponella.com\/WordPress3\/wp-content\/uploads\/2026\/01\/Rufi-sam-kopiowany-1536x1173.jpg 1536w, https:\/\/lacomponella.com\/WordPress3\/wp-content\/uploads\/2026\/01\/Rufi-sam-kopiowany-2048x1563.jpg 2048w\" sizes=\"(max-width: 2468px) 100vw, 2468px\" \/> <img decoding=\"async\" class=\"aligncenter size-full wp-image-13019\" src=\"https:\/\/lacomponella.com\/WordPress3\/wp-content\/uploads\/2026\/01\/rufi-IMG_7818-scaled.jpg\" alt=\"\" width=\"2560\" height=\"1978\" srcset=\"https:\/\/lacomponella.com\/WordPress3\/wp-content\/uploads\/2026\/01\/rufi-IMG_7818-scaled.jpg 2560w, https:\/\/lacomponella.com\/WordPress3\/wp-content\/uploads\/2026\/01\/rufi-IMG_7818-300x232.jpg 300w, https:\/\/lacomponella.com\/WordPress3\/wp-content\/uploads\/2026\/01\/rufi-IMG_7818-1024x791.jpg 1024w, https:\/\/lacomponella.com\/WordPress3\/wp-content\/uploads\/2026\/01\/rufi-IMG_7818-768x593.jpg 768w, https:\/\/lacomponella.com\/WordPress3\/wp-content\/uploads\/2026\/01\/rufi-IMG_7818-1536x1187.jpg 1536w, https:\/\/lacomponella.com\/WordPress3\/wp-content\/uploads\/2026\/01\/rufi-IMG_7818-2048x1582.jpg 2048w\" sizes=\"(max-width: 2560px) 100vw, 2560px\" \/> <img loading=\"lazy\" decoding=\"async\" class=\"aligncenter size-full wp-image-13018\" src=\"https:\/\/lacomponella.com\/WordPress3\/wp-content\/uploads\/2026\/01\/d052b23b-5884-41cd-a437-d198eef516bb.jpg\" alt=\"\" width=\"2048\" height=\"1536\" srcset=\"https:\/\/lacomponella.com\/WordPress3\/wp-content\/uploads\/2026\/01\/d052b23b-5884-41cd-a437-d198eef516bb.jpg 2048w, https:\/\/lacomponella.com\/WordPress3\/wp-content\/uploads\/2026\/01\/d052b23b-5884-41cd-a437-d198eef516bb-300x225.jpg 300w, https:\/\/lacomponella.com\/WordPress3\/wp-content\/uploads\/2026\/01\/d052b23b-5884-41cd-a437-d198eef516bb-1024x768.jpg 1024w, https:\/\/lacomponella.com\/WordPress3\/wp-content\/uploads\/2026\/01\/d052b23b-5884-41cd-a437-d198eef516bb-768x576.jpg 768w, https:\/\/lacomponella.com\/WordPress3\/wp-content\/uploads\/2026\/01\/d052b23b-5884-41cd-a437-d198eef516bb-1536x1152.jpg 1536w\" sizes=\"(max-width: 2048px) 100vw, 2048px\" \/> <img loading=\"lazy\" decoding=\"async\" class=\"aligncenter size-full wp-image-13017\" src=\"https:\/\/lacomponella.com\/WordPress3\/wp-content\/uploads\/2026\/01\/481922086_1155668729591934_6380602675848401390_n-1.jpg\" alt=\"\" width=\"1080\" height=\"974\" srcset=\"https:\/\/lacomponella.com\/WordPress3\/wp-content\/uploads\/2026\/01\/481922086_1155668729591934_6380602675848401390_n-1.jpg 1080w, https:\/\/lacomponella.com\/WordPress3\/wp-content\/uploads\/2026\/01\/481922086_1155668729591934_6380602675848401390_n-1-300x271.jpg 300w, https:\/\/lacomponella.com\/WordPress3\/wp-content\/uploads\/2026\/01\/481922086_1155668729591934_6380602675848401390_n-1-1024x923.jpg 1024w, https:\/\/lacomponella.com\/WordPress3\/wp-content\/uploads\/2026\/01\/481922086_1155668729591934_6380602675848401390_n-1-768x693.jpg 768w\" sizes=\"(max-width: 1080px) 100vw, 1080px\" \/> <img loading=\"lazy\" decoding=\"async\" class=\"aligncenter size-full wp-image-13016\" src=\"https:\/\/lacomponella.com\/WordPress3\/wp-content\/uploads\/2026\/01\/481823055_10162366318064313_73944128708154445_n.jpg\" alt=\"\" width=\"1536\" height=\"2048\" srcset=\"https:\/\/lacomponella.com\/WordPress3\/wp-content\/uploads\/2026\/01\/481823055_10162366318064313_73944128708154445_n.jpg 1536w, https:\/\/lacomponella.com\/WordPress3\/wp-content\/uploads\/2026\/01\/481823055_10162366318064313_73944128708154445_n-225x300.jpg 225w, https:\/\/lacomponella.com\/WordPress3\/wp-content\/uploads\/2026\/01\/481823055_10162366318064313_73944128708154445_n-768x1024.jpg 768w, https:\/\/lacomponella.com\/WordPress3\/wp-content\/uploads\/2026\/01\/481823055_10162366318064313_73944128708154445_n-1152x1536.jpg 1152w\" sizes=\"(max-width: 1536px) 100vw, 1536px\" \/> <img loading=\"lazy\" decoding=\"async\" class=\"aligncenter size-full wp-image-13015\" src=\"https:\/\/lacomponella.com\/WordPress3\/wp-content\/uploads\/2026\/01\/12f37cd3-7652-4476-a56c-b0fbaa688f67.jpg\" alt=\"\" width=\"2048\" height=\"1536\" srcset=\"https:\/\/lacomponella.com\/WordPress3\/wp-content\/uploads\/2026\/01\/12f37cd3-7652-4476-a56c-b0fbaa688f67.jpg 2048w, https:\/\/lacomponella.com\/WordPress3\/wp-content\/uploads\/2026\/01\/12f37cd3-7652-4476-a56c-b0fbaa688f67-300x225.jpg 300w, https:\/\/lacomponella.com\/WordPress3\/wp-content\/uploads\/2026\/01\/12f37cd3-7652-4476-a56c-b0fbaa688f67-1024x768.jpg 1024w, https:\/\/lacomponella.com\/WordPress3\/wp-content\/uploads\/2026\/01\/12f37cd3-7652-4476-a56c-b0fbaa688f67-768x576.jpg 768w, https:\/\/lacomponella.com\/WordPress3\/wp-content\/uploads\/2026\/01\/12f37cd3-7652-4476-a56c-b0fbaa688f67-1536x1152.jpg 1536w\" sizes=\"(max-width: 2048px) 100vw, 2048px\" \/><\/p>\n<p>&nbsp;<\/p>\n","protected":false},"excerpt":{"rendered":"<p>Rufio des Terres de Beaulieu Import z Francji Zdrowie: -Serce\u00a0 \u2013 serce zdrowe, brak cech kardiomiopatii rozstrzeniowej (DCM), brak przeciwwskaza\u0144 ze strony kardiologicznej do rozrodu -HD A\/A (brak dysplazji biodrowej) -ED 0\/0 (brak dysplazji \u0142okciowej) -zgryz prawid\u0142owy\/uz\u0119bienie pe\u0142ne -nasienie super jako\u015bci, dost\u0119pne \u015bwie\u017ce, ch\u0142odzone oraz mro\u017cone Rodzice: Lancelot des Perles d&#8217;Aphrodite x Nadjate de la [&hellip;]<\/p>\n","protected":false},"author":1,"featured_media":0,"parent":0,"menu_order":0,"comment_status":"closed","ping_status":"closed","template":"","meta":{"footnotes":""},"class_list":["post-13014","page","type-page","status-publish","hentry"],"yoast_head":"<!-- This site is optimized with the Yoast SEO plugin v27.4 - https:\/\/yoast.com\/product\/yoast-seo-wordpress\/ -->\n<title>Rufio des Terres de Beaulieu - La Componella FCI<\/title>\n<meta name=\"robots\" content=\"index, follow, max-snippet:-1, max-image-preview:large, max-video-preview:-1\" \/>\n<link rel=\"canonical\" href=\"https:\/\/lacomponella.com\/WordPress3\/?page_id=13014\" \/>\n<meta property=\"og:locale\" content=\"pl_PL\" \/>\n<meta property=\"og:type\" content=\"article\" \/>\n<meta property=\"og:title\" content=\"Rufio des Terres de Beaulieu - La Componella FCI\" \/>\n<meta property=\"og:description\" content=\"Rufio des Terres de Beaulieu Import z Francji Zdrowie: -Serce\u00a0 \u2013 serce zdrowe, brak cech kardiomiopatii rozstrzeniowej (DCM), brak przeciwwskaza\u0144 ze strony kardiologicznej do rozrodu -HD A\/A (brak dysplazji biodrowej) -ED 0\/0 (brak dysplazji \u0142okciowej) -zgryz prawid\u0142owy\/uz\u0119bienie pe\u0142ne -nasienie super jako\u015bci, dost\u0119pne \u015bwie\u017ce, ch\u0142odzone oraz mro\u017cone Rodzice: Lancelot des Perles d&#8217;Aphrodite x Nadjate de la [&hellip;]\" \/>\n<meta property=\"og:url\" content=\"https:\/\/lacomponella.com\/WordPress3\/?page_id=13014\" \/>\n<meta property=\"og:site_name\" content=\"La Componella FCI\" \/>\n<meta property=\"article:modified_time\" content=\"2026-01-15T22:45:13+00:00\" \/>\n<meta property=\"og:image\" content=\"https:\/\/lacomponella.com\/WordPress3\/wp-content\/uploads\/2026\/01\/Rufi-sam-2-scaled.jpg\" \/>\n\t<meta property=\"og:image:width\" content=\"2560\" \/>\n\t<meta property=\"og:image:height\" content=\"1707\" \/>\n\t<meta property=\"og:image:type\" content=\"image\/jpeg\" \/>\n<meta name=\"twitter:card\" content=\"summary_large_image\" \/>\n<meta name=\"twitter:label1\" content=\"Szacowany czas czytania\" \/>\n\t<meta name=\"twitter:data1\" content=\"2 minuty\" \/>\n<script type=\"application\/ld+json\" class=\"yoast-schema-graph\">{\"@context\":\"https:\\\/\\\/schema.org\",\"@graph\":[{\"@type\":\"WebPage\",\"@id\":\"https:\\\/\\\/lacomponella.com\\\/WordPress3\\\/?page_id=13014\",\"url\":\"https:\\\/\\\/lacomponella.com\\\/WordPress3\\\/?page_id=13014\",\"name\":\"Rufio des Terres de Beaulieu - La Componella FCI\",\"isPartOf\":{\"@id\":\"https:\\\/\\\/lacomponella.com\\\/WordPress3\\\/#website\"},\"primaryImageOfPage\":{\"@id\":\"https:\\\/\\\/lacomponella.com\\\/WordPress3\\\/?page_id=13014#primaryimage\"},\"image\":{\"@id\":\"https:\\\/\\\/lacomponella.com\\\/WordPress3\\\/?page_id=13014#primaryimage\"},\"thumbnailUrl\":\"https:\\\/\\\/lacomponella.com\\\/WordPress3\\\/wp-content\\\/uploads\\\/2026\\\/01\\\/Rufi-sam-2-scaled.jpg\",\"datePublished\":\"2026-01-15T22:31:06+00:00\",\"dateModified\":\"2026-01-15T22:45:13+00:00\",\"breadcrumb\":{\"@id\":\"https:\\\/\\\/lacomponella.com\\\/WordPress3\\\/?page_id=13014#breadcrumb\"},\"inLanguage\":\"pl-PL\",\"potentialAction\":[{\"@type\":\"ReadAction\",\"target\":[\"https:\\\/\\\/lacomponella.com\\\/WordPress3\\\/?page_id=13014\"]}]},{\"@type\":\"ImageObject\",\"inLanguage\":\"pl-PL\",\"@id\":\"https:\\\/\\\/lacomponella.com\\\/WordPress3\\\/?page_id=13014#primaryimage\",\"url\":\"https:\\\/\\\/lacomponella.com\\\/WordPress3\\\/wp-content\\\/uploads\\\/2026\\\/01\\\/Rufi-sam-2-scaled.jpg\",\"contentUrl\":\"https:\\\/\\\/lacomponella.com\\\/WordPress3\\\/wp-content\\\/uploads\\\/2026\\\/01\\\/Rufi-sam-2-scaled.jpg\",\"width\":2560,\"height\":1707},{\"@type\":\"BreadcrumbList\",\"@id\":\"https:\\\/\\\/lacomponella.com\\\/WordPress3\\\/?page_id=13014#breadcrumb\",\"itemListElement\":[{\"@type\":\"ListItem\",\"position\":1,\"name\":\"Strona g\u0142\u00f3wna\",\"item\":\"https:\\\/\\\/lacomponella.com\\\/WordPress3\\\/?page_id=4991\"},{\"@type\":\"ListItem\",\"position\":2,\"name\":\"Rufio des Terres de Beaulieu\"}]},{\"@type\":\"WebSite\",\"@id\":\"https:\\\/\\\/lacomponella.com\\\/WordPress3\\\/#website\",\"url\":\"https:\\\/\\\/lacomponella.com\\\/WordPress3\\\/\",\"name\":\"La Componella FCI\",\"description\":\"Hodowla Dog Niemiecki, Xolo i Owczarek Belgijski\",\"potentialAction\":[{\"@type\":\"SearchAction\",\"target\":{\"@type\":\"EntryPoint\",\"urlTemplate\":\"https:\\\/\\\/lacomponella.com\\\/WordPress3\\\/?s={search_term_string}\"},\"query-input\":{\"@type\":\"PropertyValueSpecification\",\"valueRequired\":true,\"valueName\":\"search_term_string\"}}],\"inLanguage\":\"pl-PL\"}]}<\/script>\n<!-- \/ Yoast SEO plugin. -->","yoast_head_json":{"title":"Rufio des Terres de Beaulieu - La Componella FCI","robots":{"index":"index","follow":"follow","max-snippet":"max-snippet:-1","max-image-preview":"max-image-preview:large","max-video-preview":"max-video-preview:-1"},"canonical":"https:\/\/lacomponella.com\/WordPress3\/?page_id=13014","og_locale":"pl_PL","og_type":"article","og_title":"Rufio des Terres de Beaulieu - La Componella FCI","og_description":"Rufio des Terres de Beaulieu Import z Francji Zdrowie: -Serce\u00a0 \u2013 serce zdrowe, brak cech kardiomiopatii rozstrzeniowej (DCM), brak przeciwwskaza\u0144 ze strony kardiologicznej do rozrodu -HD A\/A (brak dysplazji biodrowej) -ED 0\/0 (brak dysplazji \u0142okciowej) -zgryz prawid\u0142owy\/uz\u0119bienie pe\u0142ne -nasienie super jako\u015bci, dost\u0119pne \u015bwie\u017ce, ch\u0142odzone oraz mro\u017cone Rodzice: Lancelot des Perles d&#8217;Aphrodite x Nadjate de la [&hellip;]","og_url":"https:\/\/lacomponella.com\/WordPress3\/?page_id=13014","og_site_name":"La Componella FCI","article_modified_time":"2026-01-15T22:45:13+00:00","og_image":[{"width":2560,"height":1707,"url":"https:\/\/lacomponella.com\/WordPress3\/wp-content\/uploads\/2026\/01\/Rufi-sam-2-scaled.jpg","type":"image\/jpeg"}],"twitter_card":"summary_large_image","twitter_misc":{"Szacowany czas czytania":"2 minuty"},"schema":{"@context":"https:\/\/schema.org","@graph":[{"@type":"WebPage","@id":"https:\/\/lacomponella.com\/WordPress3\/?page_id=13014","url":"https:\/\/lacomponella.com\/WordPress3\/?page_id=13014","name":"Rufio des Terres de Beaulieu - La Componella FCI","isPartOf":{"@id":"https:\/\/lacomponella.com\/WordPress3\/#website"},"primaryImageOfPage":{"@id":"https:\/\/lacomponella.com\/WordPress3\/?page_id=13014#primaryimage"},"image":{"@id":"https:\/\/lacomponella.com\/WordPress3\/?page_id=13014#primaryimage"},"thumbnailUrl":"https:\/\/lacomponella.com\/WordPress3\/wp-content\/uploads\/2026\/01\/Rufi-sam-2-scaled.jpg","datePublished":"2026-01-15T22:31:06+00:00","dateModified":"2026-01-15T22:45:13+00:00","breadcrumb":{"@id":"https:\/\/lacomponella.com\/WordPress3\/?page_id=13014#breadcrumb"},"inLanguage":"pl-PL","potentialAction":[{"@type":"ReadAction","target":["https:\/\/lacomponella.com\/WordPress3\/?page_id=13014"]}]},{"@type":"ImageObject","inLanguage":"pl-PL","@id":"https:\/\/lacomponella.com\/WordPress3\/?page_id=13014#primaryimage","url":"https:\/\/lacomponella.com\/WordPress3\/wp-content\/uploads\/2026\/01\/Rufi-sam-2-scaled.jpg","contentUrl":"https:\/\/lacomponella.com\/WordPress3\/wp-content\/uploads\/2026\/01\/Rufi-sam-2-scaled.jpg","width":2560,"height":1707},{"@type":"BreadcrumbList","@id":"https:\/\/lacomponella.com\/WordPress3\/?page_id=13014#breadcrumb","itemListElement":[{"@type":"ListItem","position":1,"name":"Strona g\u0142\u00f3wna","item":"https:\/\/lacomponella.com\/WordPress3\/?page_id=4991"},{"@type":"ListItem","position":2,"name":"Rufio des Terres de Beaulieu"}]},{"@type":"WebSite","@id":"https:\/\/lacomponella.com\/WordPress3\/#website","url":"https:\/\/lacomponella.com\/WordPress3\/","name":"La Componella FCI","description":"Hodowla Dog Niemiecki, Xolo i Owczarek Belgijski","potentialAction":[{"@type":"SearchAction","target":{"@type":"EntryPoint","urlTemplate":"https:\/\/lacomponella.com\/WordPress3\/?s={search_term_string}"},"query-input":{"@type":"PropertyValueSpecification","valueRequired":true,"valueName":"search_term_string"}}],"inLanguage":"pl-PL"}]}},"_links":{"self":[{"href":"https:\/\/lacomponella.com\/WordPress3\/index.php?rest_route=\/wp\/v2\/pages\/13014","targetHints":{"allow":["GET"]}}],"collection":[{"href":"https:\/\/lacomponella.com\/WordPress3\/index.php?rest_route=\/wp\/v2\/pages"}],"about":[{"href":"https:\/\/lacomponella.com\/WordPress3\/index.php?rest_route=\/wp\/v2\/types\/page"}],"author":[{"embeddable":true,"href":"https:\/\/lacomponella.com\/WordPress3\/index.php?rest_route=\/wp\/v2\/users\/1"}],"replies":[{"embeddable":true,"href":"https:\/\/lacomponella.com\/WordPress3\/index.php?rest_route=%2Fwp%2Fv2%2Fcomments&post=13014"}],"version-history":[{"count":3,"href":"https:\/\/lacomponella.com\/WordPress3\/index.php?rest_route=\/wp\/v2\/pages\/13014\/revisions"}],"predecessor-version":[{"id":13030,"href":"https:\/\/lacomponella.com\/WordPress3\/index.php?rest_route=\/wp\/v2\/pages\/13014\/revisions\/13030"}],"wp:attachment":[{"href":"https:\/\/lacomponella.com\/WordPress3\/index.php?rest_route=%2Fwp%2Fv2%2Fmedia&parent=13014"}],"curies":[{"name":"wp","href":"https:\/\/api.w.org\/{rel}","templated":true}]}}