{"id":1350,"date":"2015-07-19T22:09:22","date_gmt":"2015-07-19T22:09:22","guid":{"rendered":"http:\/\/lacomponella.com\/WordPress3\/?page_id=1350"},"modified":"2020-02-05T22:38:11","modified_gmt":"2020-02-05T22:38:11","slug":"jdore-des-terres-de-brandon","status":"publish","type":"page","link":"https:\/\/lacomponella.com\/WordPress3\/?page_id=1350","title":{"rendered":""},"content":{"rendered":"<h3 style=\"text-align: center;\">J&#8217;DORE des Terres de Brandon<\/h3>\n<h4 style=\"text-align: center;\"><span style=\"color: #ff00ff;\">IMPORT FRANCJA<br \/>\n***Nasz do\u015bwiadczony reproduktor ***<\/span><\/h4>\n<h5><span style=\"color: #b028b8;\">1.miot &#8222;C&#8221; w naszej hodowli<\/span><br \/>\n<span style=\"color: #b028b8;\"> 2.miot &#8222;F&#8221; w naszej hodowli<\/span><br \/>\n<span style=\"color: #b028b8;\"> 3.miot &#8222;G&#8221; w naszej hodowli<\/span><br \/>\n<span style=\"color: #b028b8;\"> 4. miot\u00a0&#8222;M&#8221; w hodowli von Wiederholz (Czechy)- 12 szczeni\u0105t!!!<br \/>\n5.miot &#8222;K&#8221; w naszej hodowli<br \/>\n6.miot w hodowli Bohemica Hastav (Czechy)<br \/>\n7.miot &#8222;P&#8221; w naszej hodowli<br \/>\n8.miot &#8222;R&#8221; w naszej hodowli<br \/>\n9.miot &#8222;U&#8221; w naszej hodowli<br \/>\n10.miot w hodowli Platinum<br \/>\n11.miot &#8222;H&#8221; w naszej hodowli<br \/>\n12.miot &#8222;V&#8221; w naszej hodowli<\/span><\/h5>\n<p><span style=\"color: #ff0000;\">***** ***** ***** *****<\/span><\/p>\n<h5 style=\"text-align: center;\">ojciec naszego r<span style=\"color: #000000;\">eproduktora to\u00a0<a style=\"color: #000000;\" href=\"http:\/\/www.labenjamine.com\/francais\/males\/ghandal.htm\" target=\"_blank\" rel=\"noopener\">GHANDAL De La Benjamine<\/a><\/span><br \/>\n<a href=\"http:\/\/www.labenjamine.com\/francais\/males\/ghandal.htm\" target=\"_blank\" rel=\"noopener\"><span style=\"color: #000000;\"> strona ojca-tutaj<\/span><br \/>\n<\/a><a href=\"http:\/\/lacomponella.com\/WordPress3\/wp-content\/uploads\/2015\/07\/gandal1.jpg\"><img fetchpriority=\"high\" decoding=\"async\" class=\"size-full wp-image-2053\" src=\"http:\/\/lacomponella.com\/WordPress3\/wp-content\/uploads\/2015\/07\/gandal1.jpg\" alt=\"gandal\" width=\"536\" height=\"479\" srcset=\"https:\/\/lacomponella.com\/WordPress3\/wp-content\/uploads\/2015\/07\/gandal1.jpg 536w, https:\/\/lacomponella.com\/WordPress3\/wp-content\/uploads\/2015\/07\/gandal1-300x268.jpg 300w\" sizes=\"(max-width: 536px) 100vw, 536px\" \/><\/a><a href=\"http:\/\/lacomponella.com\/WordPress3\/wp-content\/uploads\/2015\/07\/ghandal-a1.jpg\"><img decoding=\"async\" class=\"size-large wp-image-2054\" src=\"http:\/\/lacomponella.com\/WordPress3\/wp-content\/uploads\/2015\/07\/ghandal-a1.jpg\" alt=\"ghandal-a\" width=\"360\" height=\"467\" srcset=\"https:\/\/lacomponella.com\/WordPress3\/wp-content\/uploads\/2015\/07\/ghandal-a1.jpg 360w, https:\/\/lacomponella.com\/WordPress3\/wp-content\/uploads\/2015\/07\/ghandal-a1-231x300.jpg 231w\" sizes=\"(max-width: 360px) 100vw, 360px\" \/><\/a><a href=\"http:\/\/www.labenjamine.com\/francais\/males\/ghandal.htm\" target=\"_blank\" rel=\"noopener\"><br \/>\n<\/a><\/h5>\n<h5 style=\"text-align: center;\">m.GANDHARA Des terres de Brandon<\/h5>\n<h6><span style=\"color: #333399;\">Wystawy:<strong><span style=\"color: #000080;\"><br \/>\n<span style=\"color: #ff0000;\">&#8212; by\u0142wystawiany w: Italy, France, Spain, Austria, Bulgaria, Romania, Ukraine and Poland<\/span><br \/>\nopen Interchampion!!!<br \/>\nvice-Club Winner of France (junior)!!!<br \/>\nChampion of Romania<br \/>\nChampion of Bulgaria<br \/>\no.Champion of Spain<br \/>\nChampion of Poland<br \/>\no.Champion of Ukraine<br \/>\no.Champion of Austria<br \/>\n9x CACIB<br \/>\n18xCAC (Poland, Ukraine, Romania, Bulgaria)<br \/>\n6 x Junior Winner<br \/>\n5x Best Junior in Breed (Junior BOB)<br \/>\n4x BOS<br \/>\n13x BOB (Best of Breed)<br \/>\nexcellent on World Dog Show 2015 (Italy)<\/span><\/strong><br \/>\n<\/span><\/h6>\n<p style=\"text-align: left;\"><strong>Zdrowie:<\/strong><br \/>\n<strong>Serce (doppler) &#8211; serce zdrowe, brak cech kardiomiopatii rozstrzeniowej\u00a0(DCM), brak przeciwwskaza\u0144 ze strony kardiologicznej do rozrodu<strong><span style=\"font-size: small;\"><br \/>\nHD A\/A (brak dysplazji biodrowej)<br \/>\nED 0\/0 (brak dysplazji \u0142okciowej)<br \/>\nzgryz prawid\u0142owy, uz\u0119bienie pe\u0142ne<\/span><\/strong><br \/>\n<\/strong><\/p>\n<p style=\"text-align: center;\"><strong>ur. 17.07.2014<\/strong><\/p>\n<p style=\"text-align: center;\"><a href=\"http:\/\/lacomponella.com\/WordPress3\/wp-content\/uploads\/2015\/07\/45564567_494370314380049_4389153313166196736_n1.jpg\"><img decoding=\"async\" class=\"aligncenter size-full wp-image-5201\" src=\"http:\/\/lacomponella.com\/WordPress3\/wp-content\/uploads\/2015\/07\/45564567_494370314380049_4389153313166196736_n1.jpg\" alt=\"45564567_494370314380049_4389153313166196736_n\" width=\"1500\" height=\"2250\" srcset=\"https:\/\/lacomponella.com\/WordPress3\/wp-content\/uploads\/2015\/07\/45564567_494370314380049_4389153313166196736_n1.jpg 1500w, https:\/\/lacomponella.com\/WordPress3\/wp-content\/uploads\/2015\/07\/45564567_494370314380049_4389153313166196736_n1-200x300.jpg 200w, https:\/\/lacomponella.com\/WordPress3\/wp-content\/uploads\/2015\/07\/45564567_494370314380049_4389153313166196736_n1-683x1024.jpg 683w\" sizes=\"(max-width: 1500px) 100vw, 1500px\" \/><\/a> <a href=\"http:\/\/lacomponella.com\/WordPress3\/wp-content\/uploads\/2015\/07\/45581120_950924751775152_6826328837379325952_n1.jpg\"><img loading=\"lazy\" decoding=\"async\" class=\"aligncenter size-full wp-image-5202\" src=\"http:\/\/lacomponella.com\/WordPress3\/wp-content\/uploads\/2015\/07\/45581120_950924751775152_6826328837379325952_n1.jpg\" alt=\"45581120_950924751775152_6826328837379325952_n\" width=\"1500\" height=\"2249\" srcset=\"https:\/\/lacomponella.com\/WordPress3\/wp-content\/uploads\/2015\/07\/45581120_950924751775152_6826328837379325952_n1.jpg 1500w, https:\/\/lacomponella.com\/WordPress3\/wp-content\/uploads\/2015\/07\/45581120_950924751775152_6826328837379325952_n1-200x300.jpg 200w, https:\/\/lacomponella.com\/WordPress3\/wp-content\/uploads\/2015\/07\/45581120_950924751775152_6826328837379325952_n1-683x1024.jpg 683w\" sizes=\"(max-width: 1500px) 100vw, 1500px\" \/><\/a> <a href=\"http:\/\/lacomponella.com\/WordPress3\/wp-content\/uploads\/2015\/07\/45583922_1164832043672502_976604786344329216_n1.jpg\"><img loading=\"lazy\" decoding=\"async\" class=\"aligncenter size-full wp-image-5203\" src=\"http:\/\/lacomponella.com\/WordPress3\/wp-content\/uploads\/2015\/07\/45583922_1164832043672502_976604786344329216_n1.jpg\" alt=\"45583922_1164832043672502_976604786344329216_n\" width=\"1500\" height=\"2250\" srcset=\"https:\/\/lacomponella.com\/WordPress3\/wp-content\/uploads\/2015\/07\/45583922_1164832043672502_976604786344329216_n1.jpg 1500w, https:\/\/lacomponella.com\/WordPress3\/wp-content\/uploads\/2015\/07\/45583922_1164832043672502_976604786344329216_n1-200x300.jpg 200w, https:\/\/lacomponella.com\/WordPress3\/wp-content\/uploads\/2015\/07\/45583922_1164832043672502_976604786344329216_n1-683x1024.jpg 683w\" sizes=\"(max-width: 1500px) 100vw, 1500px\" \/><\/a><\/p>\n<p style=\"text-align: center;\"><a href=\"http:\/\/lacomponella.com\/WordPress3\/wp-content\/uploads\/2015\/07\/IMG_0511.jpg\"><img loading=\"lazy\" decoding=\"async\" class=\" size-large wp-image-4328 aligncenter\" src=\"http:\/\/lacomponella.com\/WordPress3\/wp-content\/uploads\/2015\/07\/IMG_0511-1024x683.jpg\" alt=\"IMG_0511\" width=\"604\" height=\"403\" srcset=\"https:\/\/lacomponella.com\/WordPress3\/wp-content\/uploads\/2015\/07\/IMG_0511-1024x683.jpg 1024w, https:\/\/lacomponella.com\/WordPress3\/wp-content\/uploads\/2015\/07\/IMG_0511-300x200.jpg 300w\" sizes=\"(max-width: 604px) 100vw, 604px\" \/><\/a><\/p>\n<p style=\"text-align: center;\"><a href=\"http:\/\/lacomponella.com\/WordPress3\/wp-content\/uploads\/2015\/07\/IMG_0507.jpg\"><img loading=\"lazy\" decoding=\"async\" class=\"aligncenter size-large wp-image-4329\" src=\"http:\/\/lacomponella.com\/WordPress3\/wp-content\/uploads\/2015\/07\/IMG_0507-1024x798.jpg\" alt=\"IMG_0507\" width=\"604\" height=\"471\" srcset=\"https:\/\/lacomponella.com\/WordPress3\/wp-content\/uploads\/2015\/07\/IMG_0507-1024x798.jpg 1024w, https:\/\/lacomponella.com\/WordPress3\/wp-content\/uploads\/2015\/07\/IMG_0507-300x234.jpg 300w\" sizes=\"(max-width: 604px) 100vw, 604px\" \/><\/a><\/p>\n<p style=\"text-align: center;\"><a href=\"http:\/\/lacomponella.com\/WordPress3\/wp-content\/uploads\/2015\/07\/IMG_2791.jpg\"><img loading=\"lazy\" decoding=\"async\" class=\" size-full wp-image-2046 aligncenter\" src=\"http:\/\/lacomponella.com\/WordPress3\/wp-content\/uploads\/2015\/07\/IMG_2791.jpg\" alt=\"IMG_2791\" width=\"425\" height=\"626\" srcset=\"https:\/\/lacomponella.com\/WordPress3\/wp-content\/uploads\/2015\/07\/IMG_2791.jpg 425w, https:\/\/lacomponella.com\/WordPress3\/wp-content\/uploads\/2015\/07\/IMG_2791-204x300.jpg 204w\" sizes=\"(max-width: 425px) 100vw, 425px\" \/><\/a><\/p>\n","protected":false},"excerpt":{"rendered":"<p>J&#8217;DORE des Terres de Brandon IMPORT FRANCJA ***Nasz do\u015bwiadczony reproduktor *** 1.miot &#8222;C&#8221; w naszej hodowli 2.miot &#8222;F&#8221; w naszej hodowli 3.miot &#8222;G&#8221; w naszej hodowli 4. miot\u00a0&#8222;M&#8221; w hodowli von Wiederholz (Czechy)- 12 szczeni\u0105t!!! 5.miot &#8222;K&#8221; w naszej hodowli 6.miot w hodowli Bohemica Hastav (Czechy) 7.miot &#8222;P&#8221; w naszej hodowli 8.miot &#8222;R&#8221; w naszej [&hellip;]<\/p>\n","protected":false},"author":1,"featured_media":0,"parent":0,"menu_order":0,"comment_status":"closed","ping_status":"closed","template":"","meta":{"footnotes":""},"class_list":["post-1350","page","type-page","status-publish","hentry"],"yoast_head":"<!-- This site is optimized with the Yoast SEO plugin v27.4 - https:\/\/yoast.com\/product\/yoast-seo-wordpress\/ -->\n<title>- La Componella FCI<\/title>\n<meta name=\"robots\" content=\"index, follow, max-snippet:-1, max-image-preview:large, max-video-preview:-1\" \/>\n<link rel=\"canonical\" href=\"https:\/\/lacomponella.com\/WordPress3\/?page_id=1350\" \/>\n<meta property=\"og:locale\" content=\"pl_PL\" \/>\n<meta property=\"og:type\" content=\"article\" \/>\n<meta property=\"og:title\" content=\"- La Componella FCI\" \/>\n<meta property=\"og:description\" content=\"J&#8217;DORE des Terres de Brandon IMPORT FRANCJA ***Nasz do\u015bwiadczony reproduktor *** 1.miot &#8222;C&#8221; w naszej hodowli 2.miot &#8222;F&#8221; w naszej hodowli 3.miot &#8222;G&#8221; w naszej hodowli 4. miot\u00a0&#8222;M&#8221; w hodowli von Wiederholz (Czechy)- 12 szczeni\u0105t!!! 5.miot &#8222;K&#8221; w naszej hodowli 6.miot w hodowli Bohemica Hastav (Czechy) 7.miot &#8222;P&#8221; w naszej hodowli 8.miot &#8222;R&#8221; w naszej [&hellip;]\" \/>\n<meta property=\"og:url\" content=\"https:\/\/lacomponella.com\/WordPress3\/?page_id=1350\" \/>\n<meta property=\"og:site_name\" content=\"La Componella FCI\" \/>\n<meta property=\"article:modified_time\" content=\"2020-02-05T22:38:11+00:00\" \/>\n<meta property=\"og:image\" content=\"https:\/\/lacomponella.com\/WordPress3\/wp-content\/uploads\/2015\/07\/gandal1.jpg\" \/>\n\t<meta property=\"og:image:width\" content=\"536\" \/>\n\t<meta property=\"og:image:height\" content=\"479\" \/>\n\t<meta property=\"og:image:type\" content=\"image\/jpeg\" \/>\n<meta name=\"twitter:card\" content=\"summary_large_image\" \/>\n<meta name=\"twitter:label1\" content=\"Szacowany czas czytania\" \/>\n\t<meta name=\"twitter:data1\" content=\"1 minuta\" \/>\n<script type=\"application\/ld+json\" class=\"yoast-schema-graph\">{\"@context\":\"https:\\\/\\\/schema.org\",\"@graph\":[{\"@type\":\"WebPage\",\"@id\":\"https:\\\/\\\/lacomponella.com\\\/WordPress3\\\/?page_id=1350\",\"url\":\"https:\\\/\\\/lacomponella.com\\\/WordPress3\\\/?page_id=1350\",\"name\":\"- La Componella FCI\",\"isPartOf\":{\"@id\":\"https:\\\/\\\/lacomponella.com\\\/WordPress3\\\/#website\"},\"primaryImageOfPage\":{\"@id\":\"https:\\\/\\\/lacomponella.com\\\/WordPress3\\\/?page_id=1350#primaryimage\"},\"image\":{\"@id\":\"https:\\\/\\\/lacomponella.com\\\/WordPress3\\\/?page_id=1350#primaryimage\"},\"thumbnailUrl\":\"http:\\\/\\\/lacomponella.com\\\/WordPress3\\\/wp-content\\\/uploads\\\/2015\\\/07\\\/gandal1.jpg\",\"datePublished\":\"2015-07-19T22:09:22+00:00\",\"dateModified\":\"2020-02-05T22:38:11+00:00\",\"inLanguage\":\"pl-PL\",\"potentialAction\":[{\"@type\":\"ReadAction\",\"target\":[\"https:\\\/\\\/lacomponella.com\\\/WordPress3\\\/?page_id=1350\"]}]},{\"@type\":\"ImageObject\",\"inLanguage\":\"pl-PL\",\"@id\":\"https:\\\/\\\/lacomponella.com\\\/WordPress3\\\/?page_id=1350#primaryimage\",\"url\":\"http:\\\/\\\/lacomponella.com\\\/WordPress3\\\/wp-content\\\/uploads\\\/2015\\\/07\\\/gandal1.jpg\",\"contentUrl\":\"http:\\\/\\\/lacomponella.com\\\/WordPress3\\\/wp-content\\\/uploads\\\/2015\\\/07\\\/gandal1.jpg\"},{\"@type\":\"WebSite\",\"@id\":\"https:\\\/\\\/lacomponella.com\\\/WordPress3\\\/#website\",\"url\":\"https:\\\/\\\/lacomponella.com\\\/WordPress3\\\/\",\"name\":\"La Componella FCI\",\"description\":\"Hodowla Dog Niemiecki, Xolo i Owczarek Belgijski\",\"potentialAction\":[{\"@type\":\"SearchAction\",\"target\":{\"@type\":\"EntryPoint\",\"urlTemplate\":\"https:\\\/\\\/lacomponella.com\\\/WordPress3\\\/?s={search_term_string}\"},\"query-input\":{\"@type\":\"PropertyValueSpecification\",\"valueRequired\":true,\"valueName\":\"search_term_string\"}}],\"inLanguage\":\"pl-PL\"}]}<\/script>\n<!-- \/ Yoast SEO plugin. -->","yoast_head_json":{"title":"- La Componella FCI","robots":{"index":"index","follow":"follow","max-snippet":"max-snippet:-1","max-image-preview":"max-image-preview:large","max-video-preview":"max-video-preview:-1"},"canonical":"https:\/\/lacomponella.com\/WordPress3\/?page_id=1350","og_locale":"pl_PL","og_type":"article","og_title":"- La Componella FCI","og_description":"J&#8217;DORE des Terres de Brandon IMPORT FRANCJA ***Nasz do\u015bwiadczony reproduktor *** 1.miot &#8222;C&#8221; w naszej hodowli 2.miot &#8222;F&#8221; w naszej hodowli 3.miot &#8222;G&#8221; w naszej hodowli 4. miot\u00a0&#8222;M&#8221; w hodowli von Wiederholz (Czechy)- 12 szczeni\u0105t!!! 5.miot &#8222;K&#8221; w naszej hodowli 6.miot w hodowli Bohemica Hastav (Czechy) 7.miot &#8222;P&#8221; w naszej hodowli 8.miot &#8222;R&#8221; w naszej [&hellip;]","og_url":"https:\/\/lacomponella.com\/WordPress3\/?page_id=1350","og_site_name":"La Componella FCI","article_modified_time":"2020-02-05T22:38:11+00:00","og_image":[{"width":536,"height":479,"url":"https:\/\/lacomponella.com\/WordPress3\/wp-content\/uploads\/2015\/07\/gandal1.jpg","type":"image\/jpeg"}],"twitter_card":"summary_large_image","twitter_misc":{"Szacowany czas czytania":"1 minuta"},"schema":{"@context":"https:\/\/schema.org","@graph":[{"@type":"WebPage","@id":"https:\/\/lacomponella.com\/WordPress3\/?page_id=1350","url":"https:\/\/lacomponella.com\/WordPress3\/?page_id=1350","name":"- La Componella FCI","isPartOf":{"@id":"https:\/\/lacomponella.com\/WordPress3\/#website"},"primaryImageOfPage":{"@id":"https:\/\/lacomponella.com\/WordPress3\/?page_id=1350#primaryimage"},"image":{"@id":"https:\/\/lacomponella.com\/WordPress3\/?page_id=1350#primaryimage"},"thumbnailUrl":"http:\/\/lacomponella.com\/WordPress3\/wp-content\/uploads\/2015\/07\/gandal1.jpg","datePublished":"2015-07-19T22:09:22+00:00","dateModified":"2020-02-05T22:38:11+00:00","inLanguage":"pl-PL","potentialAction":[{"@type":"ReadAction","target":["https:\/\/lacomponella.com\/WordPress3\/?page_id=1350"]}]},{"@type":"ImageObject","inLanguage":"pl-PL","@id":"https:\/\/lacomponella.com\/WordPress3\/?page_id=1350#primaryimage","url":"http:\/\/lacomponella.com\/WordPress3\/wp-content\/uploads\/2015\/07\/gandal1.jpg","contentUrl":"http:\/\/lacomponella.com\/WordPress3\/wp-content\/uploads\/2015\/07\/gandal1.jpg"},{"@type":"WebSite","@id":"https:\/\/lacomponella.com\/WordPress3\/#website","url":"https:\/\/lacomponella.com\/WordPress3\/","name":"La Componella FCI","description":"Hodowla Dog Niemiecki, Xolo i Owczarek Belgijski","potentialAction":[{"@type":"SearchAction","target":{"@type":"EntryPoint","urlTemplate":"https:\/\/lacomponella.com\/WordPress3\/?s={search_term_string}"},"query-input":{"@type":"PropertyValueSpecification","valueRequired":true,"valueName":"search_term_string"}}],"inLanguage":"pl-PL"}]}},"_links":{"self":[{"href":"https:\/\/lacomponella.com\/WordPress3\/index.php?rest_route=\/wp\/v2\/pages\/1350","targetHints":{"allow":["GET"]}}],"collection":[{"href":"https:\/\/lacomponella.com\/WordPress3\/index.php?rest_route=\/wp\/v2\/pages"}],"about":[{"href":"https:\/\/lacomponella.com\/WordPress3\/index.php?rest_route=\/wp\/v2\/types\/page"}],"author":[{"embeddable":true,"href":"https:\/\/lacomponella.com\/WordPress3\/index.php?rest_route=\/wp\/v2\/users\/1"}],"replies":[{"embeddable":true,"href":"https:\/\/lacomponella.com\/WordPress3\/index.php?rest_route=%2Fwp%2Fv2%2Fcomments&post=1350"}],"version-history":[{"count":31,"href":"https:\/\/lacomponella.com\/WordPress3\/index.php?rest_route=\/wp\/v2\/pages\/1350\/revisions"}],"predecessor-version":[{"id":7430,"href":"https:\/\/lacomponella.com\/WordPress3\/index.php?rest_route=\/wp\/v2\/pages\/1350\/revisions\/7430"}],"wp:attachment":[{"href":"https:\/\/lacomponella.com\/WordPress3\/index.php?rest_route=%2Fwp%2Fv2%2Fmedia&parent=1350"}],"curies":[{"name":"wp","href":"https:\/\/api.w.org\/{rel}","templated":true}]}}