{"id":15,"date":"2014-07-06T09:46:28","date_gmt":"2014-07-06T09:46:28","guid":{"rendered":"http:\/\/lacomponella.com\/WordPress3\/?page_id=15"},"modified":"2026-01-15T22:43:54","modified_gmt":"2026-01-15T22:43:54","slug":"reproduktory-dogi","status":"publish","type":"page","link":"https:\/\/lacomponella.com\/WordPress3\/?page_id=15","title":{"rendered":"Reproduktory Dogi"},"content":{"rendered":"<h3 class=\"entry-title\" style=\"text-align: center;\">Reproduktory Dogi<\/h3>\n<p style=\"text-align: center;\"><a href=\"https:\/\/lacomponella.com\/WordPress3\/?page_id=13014\"><span style=\"color: #0000ff;\"><strong><span class=\"x3jgonx\">Rufio des Terres de Beaulieu<\/span><\/strong><\/span><\/a><\/p>\n<p><img decoding=\"async\" class=\"aligncenter size-thumbnail wp-image-13012\" src=\"https:\/\/lacomponella.com\/WordPress3\/wp-content\/uploads\/2026\/01\/Rufi-sam-1-150x150.jpg\" alt=\"\" width=\"150\" height=\"150\" \/><\/p>\n<p style=\"text-align: center;\"><a href=\"http:\/\/lacomponella.com\/WordPress3\/?page_id=6030\" target=\"_blank\" rel=\"noopener\"><strong><span style=\"color: #0000ff;\">ELISEO della Torre di Velia (import W\u0142ochy) wnuk Ghandala, dost\u0119pny dla suk<\/span><\/strong><\/a><\/p>\n<p style=\"text-align: center;\"><img decoding=\"async\" class=\"aligncenter  wp-image-8218\" src=\"http:\/\/lacomponella.com\/WordPress3\/wp-content\/uploads\/2020\/10\/IMG_7443-220x300.jpg\" alt=\"\" width=\"143\" height=\"195\" srcset=\"https:\/\/lacomponella.com\/WordPress3\/wp-content\/uploads\/2020\/10\/IMG_7443-220x300.jpg 220w, https:\/\/lacomponella.com\/WordPress3\/wp-content\/uploads\/2020\/10\/IMG_7443-768x1047.jpg 768w, https:\/\/lacomponella.com\/WordPress3\/wp-content\/uploads\/2020\/10\/IMG_7443-751x1024.jpg 751w, https:\/\/lacomponella.com\/WordPress3\/wp-content\/uploads\/2020\/10\/IMG_7443.jpg 1676w\" sizes=\"(max-width: 143px) 100vw, 143px\" \/><\/p>\n<p style=\"text-align: center;\"><span style=\"color: #0000ff;\"><strong><span style=\"color: #0000ff;\"><a style=\"color: #0000ff;\" href=\"https:\/\/lacomponella.com\/WordPress3\/?page_id=12366\">KISS OF ROSE La Componella- z krycia we Francji, dost\u0119pny dla suk<\/a><\/span><br \/><img decoding=\"async\" class=\"aligncenter size-thumbnail wp-image-12363\" src=\"https:\/\/lacomponella.com\/WordPress3\/wp-content\/uploads\/2025\/03\/A-MarleyIMG_7173-150x150.jpg\" alt=\"\" width=\"150\" height=\"150\" \/><br \/><\/strong><\/span><\/p>\n<p style=\"text-align: center;\"><strong>Reproduktory, kt\u00f3re mieszka\u0142y z nami<\/strong><\/p>\n<p style=\"text-align: center;\"><strong><span style=\"color: #0000ff;\">TASCO de la Benjamine (import Francja)<\/span><\/strong><br \/><img loading=\"lazy\" decoding=\"async\" class=\"aligncenter size-thumbnail wp-image-12008\" src=\"http:\/\/lacomponella.com\/WordPress3\/wp-content\/uploads\/2024\/10\/935A0857i-150x150.jpg\" alt=\"\" width=\"150\" height=\"150\" \/><\/p>\n<p style=\"text-align: center;\"><span style=\"color: #ff0000;\"><strong><span style=\"color: #0000ff;\"><a style=\"color: #0000ff;\" href=\"http:\/\/lacomponella.com\/WordPress3\/?page_id=9633\">SYLVESTER STALLONE de La benjamine (import Francja)<\/a>\u00a0wnuk Ghandala<\/span><br \/><img loading=\"lazy\" decoding=\"async\" class=\"aligncenter size-thumbnail wp-image-9631\" src=\"http:\/\/lacomponella.com\/WordPress3\/wp-content\/uploads\/2022\/04\/IMG_7245-150x150.jpg\" alt=\"\" width=\"150\" height=\"150\" \/><br \/><\/strong><\/span><span style=\"color: #800080;\"><strong><a style=\"color: #800080;\" href=\"http:\/\/lacomponella.com\/WordPress3\/?page_id=1350\"><span style=\"color: #0000ff;\">J`DORE des Terres de Brandon- import z Francji, syn Ghandala<\/span><br \/><img loading=\"lazy\" decoding=\"async\" class=\"aligncenter size-thumbnail wp-image-8063\" src=\"http:\/\/lacomponella.com\/WordPress3\/wp-content\/uploads\/2020\/07\/15392916_1348950088490160_3317718605454389339_o-150x150.jpg\" alt=\"\" width=\"150\" height=\"150\" \/><\/a><br \/><span style=\"color: #0000ff;\"><a style=\"color: #0000ff;\" href=\"http:\/\/lacomponella.com\/WordPress3\/?page_id=1524\">JULIUS CAESAR des Terres de Brandon &#8211; import z Francji, syn Ghandala<\/a><\/span><br \/><img loading=\"lazy\" decoding=\"async\" class=\"aligncenter size-thumbnail wp-image-8066\" src=\"http:\/\/lacomponella.com\/WordPress3\/wp-content\/uploads\/2020\/07\/43504185_275297799983659_3476059200365264896_n-150x150.jpg\" alt=\"\" width=\"150\" height=\"150\" \/><\/strong><\/span><\/p>\n<p style=\"text-align: center;\"><span style=\"color: #800080;\"><strong><span style=\"color: #0000ff;\">MARLON BRANDO La Componella<br \/><img loading=\"lazy\" decoding=\"async\" class=\"aligncenter size-thumbnail wp-image-12037\" src=\"http:\/\/lacomponella.com\/WordPress3\/wp-content\/uploads\/2024\/10\/546469_437814756270369_1705821493_n-1-150x150.jpg\" alt=\"\" width=\"150\" height=\"150\" \/><br \/><\/span><\/strong><\/span><strong><span style=\"color: #0000ff;\">INZAGHI La Componella\u00a0<br \/><img loading=\"lazy\" decoding=\"async\" class=\"aligncenter size-thumbnail wp-image-12011\" src=\"http:\/\/lacomponella.com\/WordPress3\/wp-content\/uploads\/2024\/10\/InzaghiKielce-150x150.jpg\" alt=\"\" width=\"150\" height=\"150\" \/><br \/><\/span><\/strong><\/p>\n\n\n<p><\/p>\n","protected":false},"excerpt":{"rendered":"<p>Reproduktory Dogi Rufio des Terres de Beaulieu ELISEO della Torre di Velia (import W\u0142ochy) wnuk Ghandala, dost\u0119pny dla suk KISS OF ROSE La Componella- z krycia we Francji, dost\u0119pny dla suk Reproduktory, kt\u00f3re mieszka\u0142y z nami TASCO de la Benjamine (import Francja) SYLVESTER STALLONE de La benjamine (import Francja)\u00a0wnuk GhandalaJ`DORE des Terres de Brandon- import [&hellip;]<\/p>\n","protected":false},"author":1,"featured_media":0,"parent":0,"menu_order":0,"comment_status":"closed","ping_status":"closed","template":"","meta":{"footnotes":""},"class_list":["post-15","page","type-page","status-publish","hentry"],"yoast_head":"<!-- This site is optimized with the Yoast SEO plugin v27.4 - https:\/\/yoast.com\/product\/yoast-seo-wordpress\/ -->\n<title>Reproduktory Dogi - La Componella FCI<\/title>\n<meta name=\"robots\" content=\"index, follow, max-snippet:-1, max-image-preview:large, max-video-preview:-1\" \/>\n<link rel=\"canonical\" href=\"https:\/\/lacomponella.com\/WordPress3\/?page_id=15\" \/>\n<meta property=\"og:locale\" content=\"pl_PL\" \/>\n<meta property=\"og:type\" content=\"article\" \/>\n<meta property=\"og:title\" content=\"Reproduktory Dogi - La Componella FCI\" \/>\n<meta property=\"og:description\" content=\"Reproduktory Dogi Rufio des Terres de Beaulieu ELISEO della Torre di Velia (import W\u0142ochy) wnuk Ghandala, dost\u0119pny dla suk KISS OF ROSE La Componella- z krycia we Francji, dost\u0119pny dla suk Reproduktory, kt\u00f3re mieszka\u0142y z nami TASCO de la Benjamine (import Francja) SYLVESTER STALLONE de La benjamine (import Francja)\u00a0wnuk GhandalaJ`DORE des Terres de Brandon- import [&hellip;]\" \/>\n<meta property=\"og:url\" content=\"https:\/\/lacomponella.com\/WordPress3\/?page_id=15\" \/>\n<meta property=\"og:site_name\" content=\"La Componella FCI\" \/>\n<meta property=\"article:modified_time\" content=\"2026-01-15T22:43:54+00:00\" \/>\n<meta property=\"og:image\" content=\"https:\/\/lacomponella.com\/WordPress3\/wp-content\/uploads\/2026\/01\/Rufi-sam-1-scaled.jpg\" \/>\n\t<meta property=\"og:image:width\" content=\"2560\" \/>\n\t<meta property=\"og:image:height\" content=\"1707\" \/>\n\t<meta property=\"og:image:type\" content=\"image\/jpeg\" \/>\n<meta name=\"twitter:card\" content=\"summary_large_image\" \/>\n<meta name=\"twitter:label1\" content=\"Szacowany czas czytania\" \/>\n\t<meta name=\"twitter:data1\" content=\"3 minuty\" \/>\n<script type=\"application\/ld+json\" class=\"yoast-schema-graph\">{\"@context\":\"https:\\\/\\\/schema.org\",\"@graph\":[{\"@type\":\"WebPage\",\"@id\":\"https:\\\/\\\/lacomponella.com\\\/WordPress3\\\/?page_id=15\",\"url\":\"https:\\\/\\\/lacomponella.com\\\/WordPress3\\\/?page_id=15\",\"name\":\"Reproduktory Dogi - La Componella FCI\",\"isPartOf\":{\"@id\":\"https:\\\/\\\/lacomponella.com\\\/WordPress3\\\/#website\"},\"primaryImageOfPage\":{\"@id\":\"https:\\\/\\\/lacomponella.com\\\/WordPress3\\\/?page_id=15#primaryimage\"},\"image\":{\"@id\":\"https:\\\/\\\/lacomponella.com\\\/WordPress3\\\/?page_id=15#primaryimage\"},\"thumbnailUrl\":\"https:\\\/\\\/lacomponella.com\\\/WordPress3\\\/wp-content\\\/uploads\\\/2026\\\/01\\\/Rufi-sam-1-150x150.jpg\",\"datePublished\":\"2014-07-06T09:46:28+00:00\",\"dateModified\":\"2026-01-15T22:43:54+00:00\",\"breadcrumb\":{\"@id\":\"https:\\\/\\\/lacomponella.com\\\/WordPress3\\\/?page_id=15#breadcrumb\"},\"inLanguage\":\"pl-PL\",\"potentialAction\":[{\"@type\":\"ReadAction\",\"target\":[\"https:\\\/\\\/lacomponella.com\\\/WordPress3\\\/?page_id=15\"]}]},{\"@type\":\"ImageObject\",\"inLanguage\":\"pl-PL\",\"@id\":\"https:\\\/\\\/lacomponella.com\\\/WordPress3\\\/?page_id=15#primaryimage\",\"url\":\"https:\\\/\\\/lacomponella.com\\\/WordPress3\\\/wp-content\\\/uploads\\\/2026\\\/01\\\/Rufi-sam-1-scaled.jpg\",\"contentUrl\":\"https:\\\/\\\/lacomponella.com\\\/WordPress3\\\/wp-content\\\/uploads\\\/2026\\\/01\\\/Rufi-sam-1-scaled.jpg\",\"width\":2560,\"height\":1707},{\"@type\":\"BreadcrumbList\",\"@id\":\"https:\\\/\\\/lacomponella.com\\\/WordPress3\\\/?page_id=15#breadcrumb\",\"itemListElement\":[{\"@type\":\"ListItem\",\"position\":1,\"name\":\"Strona g\u0142\u00f3wna\",\"item\":\"https:\\\/\\\/lacomponella.com\\\/WordPress3\\\/?page_id=4991\"},{\"@type\":\"ListItem\",\"position\":2,\"name\":\"Reproduktory Dogi\"}]},{\"@type\":\"WebSite\",\"@id\":\"https:\\\/\\\/lacomponella.com\\\/WordPress3\\\/#website\",\"url\":\"https:\\\/\\\/lacomponella.com\\\/WordPress3\\\/\",\"name\":\"La Componella FCI\",\"description\":\"Hodowla Dog Niemiecki, Xolo i Owczarek Belgijski\",\"potentialAction\":[{\"@type\":\"SearchAction\",\"target\":{\"@type\":\"EntryPoint\",\"urlTemplate\":\"https:\\\/\\\/lacomponella.com\\\/WordPress3\\\/?s={search_term_string}\"},\"query-input\":{\"@type\":\"PropertyValueSpecification\",\"valueRequired\":true,\"valueName\":\"search_term_string\"}}],\"inLanguage\":\"pl-PL\"}]}<\/script>\n<!-- \/ Yoast SEO plugin. -->","yoast_head_json":{"title":"Reproduktory Dogi - La Componella FCI","robots":{"index":"index","follow":"follow","max-snippet":"max-snippet:-1","max-image-preview":"max-image-preview:large","max-video-preview":"max-video-preview:-1"},"canonical":"https:\/\/lacomponella.com\/WordPress3\/?page_id=15","og_locale":"pl_PL","og_type":"article","og_title":"Reproduktory Dogi - La Componella FCI","og_description":"Reproduktory Dogi Rufio des Terres de Beaulieu ELISEO della Torre di Velia (import W\u0142ochy) wnuk Ghandala, dost\u0119pny dla suk KISS OF ROSE La Componella- z krycia we Francji, dost\u0119pny dla suk Reproduktory, kt\u00f3re mieszka\u0142y z nami TASCO de la Benjamine (import Francja) SYLVESTER STALLONE de La benjamine (import Francja)\u00a0wnuk GhandalaJ`DORE des Terres de Brandon- import [&hellip;]","og_url":"https:\/\/lacomponella.com\/WordPress3\/?page_id=15","og_site_name":"La Componella FCI","article_modified_time":"2026-01-15T22:43:54+00:00","og_image":[{"width":2560,"height":1707,"url":"https:\/\/lacomponella.com\/WordPress3\/wp-content\/uploads\/2026\/01\/Rufi-sam-1-scaled.jpg","type":"image\/jpeg"}],"twitter_card":"summary_large_image","twitter_misc":{"Szacowany czas czytania":"3 minuty"},"schema":{"@context":"https:\/\/schema.org","@graph":[{"@type":"WebPage","@id":"https:\/\/lacomponella.com\/WordPress3\/?page_id=15","url":"https:\/\/lacomponella.com\/WordPress3\/?page_id=15","name":"Reproduktory Dogi - La Componella FCI","isPartOf":{"@id":"https:\/\/lacomponella.com\/WordPress3\/#website"},"primaryImageOfPage":{"@id":"https:\/\/lacomponella.com\/WordPress3\/?page_id=15#primaryimage"},"image":{"@id":"https:\/\/lacomponella.com\/WordPress3\/?page_id=15#primaryimage"},"thumbnailUrl":"https:\/\/lacomponella.com\/WordPress3\/wp-content\/uploads\/2026\/01\/Rufi-sam-1-150x150.jpg","datePublished":"2014-07-06T09:46:28+00:00","dateModified":"2026-01-15T22:43:54+00:00","breadcrumb":{"@id":"https:\/\/lacomponella.com\/WordPress3\/?page_id=15#breadcrumb"},"inLanguage":"pl-PL","potentialAction":[{"@type":"ReadAction","target":["https:\/\/lacomponella.com\/WordPress3\/?page_id=15"]}]},{"@type":"ImageObject","inLanguage":"pl-PL","@id":"https:\/\/lacomponella.com\/WordPress3\/?page_id=15#primaryimage","url":"https:\/\/lacomponella.com\/WordPress3\/wp-content\/uploads\/2026\/01\/Rufi-sam-1-scaled.jpg","contentUrl":"https:\/\/lacomponella.com\/WordPress3\/wp-content\/uploads\/2026\/01\/Rufi-sam-1-scaled.jpg","width":2560,"height":1707},{"@type":"BreadcrumbList","@id":"https:\/\/lacomponella.com\/WordPress3\/?page_id=15#breadcrumb","itemListElement":[{"@type":"ListItem","position":1,"name":"Strona g\u0142\u00f3wna","item":"https:\/\/lacomponella.com\/WordPress3\/?page_id=4991"},{"@type":"ListItem","position":2,"name":"Reproduktory Dogi"}]},{"@type":"WebSite","@id":"https:\/\/lacomponella.com\/WordPress3\/#website","url":"https:\/\/lacomponella.com\/WordPress3\/","name":"La Componella FCI","description":"Hodowla Dog Niemiecki, Xolo i Owczarek Belgijski","potentialAction":[{"@type":"SearchAction","target":{"@type":"EntryPoint","urlTemplate":"https:\/\/lacomponella.com\/WordPress3\/?s={search_term_string}"},"query-input":{"@type":"PropertyValueSpecification","valueRequired":true,"valueName":"search_term_string"}}],"inLanguage":"pl-PL"}]}},"_links":{"self":[{"href":"https:\/\/lacomponella.com\/WordPress3\/index.php?rest_route=\/wp\/v2\/pages\/15","targetHints":{"allow":["GET"]}}],"collection":[{"href":"https:\/\/lacomponella.com\/WordPress3\/index.php?rest_route=\/wp\/v2\/pages"}],"about":[{"href":"https:\/\/lacomponella.com\/WordPress3\/index.php?rest_route=\/wp\/v2\/types\/page"}],"author":[{"embeddable":true,"href":"https:\/\/lacomponella.com\/WordPress3\/index.php?rest_route=\/wp\/v2\/users\/1"}],"replies":[{"embeddable":true,"href":"https:\/\/lacomponella.com\/WordPress3\/index.php?rest_route=%2Fwp%2Fv2%2Fcomments&post=15"}],"version-history":[{"count":43,"href":"https:\/\/lacomponella.com\/WordPress3\/index.php?rest_route=\/wp\/v2\/pages\/15\/revisions"}],"predecessor-version":[{"id":13029,"href":"https:\/\/lacomponella.com\/WordPress3\/index.php?rest_route=\/wp\/v2\/pages\/15\/revisions\/13029"}],"wp:attachment":[{"href":"https:\/\/lacomponella.com\/WordPress3\/index.php?rest_route=%2Fwp%2Fv2%2Fmedia&parent=15"}],"curies":[{"name":"wp","href":"https:\/\/api.w.org\/{rel}","templated":true}]}}