{"id":1524,"date":"2015-10-13T15:27:35","date_gmt":"2015-10-13T15:27:35","guid":{"rendered":"http:\/\/lacomponella.com\/WordPress3\/?page_id=1524"},"modified":"2021-01-25T19:27:17","modified_gmt":"2021-01-25T19:27:17","slug":"julius-caesar-des-terres-de-brandon","status":"publish","type":"page","link":"https:\/\/lacomponella.com\/WordPress3\/?page_id=1524","title":{"rendered":""},"content":{"rendered":"<h3 style=\"text-align: center;\">JULIUS CAESAR des Terres de Brandon<\/h3>\n<h5 style=\"text-align: center;\">Nasz reproduktor:)))<\/h5>\n<h4 style=\"text-align: center;\"><span style=\"color: #ff00ff;\">JULIUS CAESAR des Terres de Brandon<br \/>\nImport z Francji<\/span><\/h4>\n<p><span style=\"color: #800080;\"><span style=\"color: #000080;\"><strong>Jego potomstwo:<\/strong><\/span><br \/>\n<span style=\"color: #000080;\"><strong>1.Miot &#8222;H&#8221; w naszej hodowli \u00a0La Componella, matka JORDANIA\u00a0<\/strong><\/span><\/span><span style=\"color: #000080;\"><strong>Du Jardin De L\u2019Olympe (c\u00f3rka \u00a0HARABAD De L\u2019Oree Des Bois D\u2019Astros).<br \/>\n<\/strong><\/span><br \/>\n<span style=\"color: #000080;\"><strong><span style=\"color: #800080;\">2.Miot &#8222;I&#8221; w naszej hodowli La Componella, matka ZARA La Componella (c\u00f3rka\u00a0HASHISH de la Benjamine)<br \/>\n<\/span><br \/>\n<strong>3.Miot w hodowli<strong>\u00a0 Sozvezdie M (Rosja), matka miotu to ZWYCI\u0118ZCA EUROPY!!! ur<span style=\"color: #000080;\">odzi\u0142o<\/span> si\u0119 6 szczeniat (3 psy arlekiny, 2 suczki arlekinki i pies czarny)<\/strong><\/strong><\/strong><\/span><\/p>\n<p><strong><span style=\"color: #800080;\">4.Miot w hodowli Demon Ognia, matka miotu to c\u00f3rka\u00a0HASHISH de la Benjamine, urodzi\u0142o si\u0119 9 szczeni\u0105t!!<\/span><\/strong><\/p>\n<p><span style=\"color: #000080;\"><strong>5.Miot &#8222;W&#8221; w naszej hodowli La Componella, matka\u00a0JORDANIA<\/strong>\u00a0<span style=\"color: #000080;\"><strong>Du Jardin De L\u2019Olympe (c\u00f3rka \u00a0HARABAD De L\u2019Oree Des Bois D\u2019Astros).<br \/>\n<\/strong><\/span><\/span><br \/>\n<strong><span style=\"color: #800080;\">6.Miot w hodowli\u00a0<a id=\"js_86\" class=\"profileLink\" style=\"color: #800080;\" href=\"https:\/\/web.facebook.com\/profile.php?id=100008418007681&amp;fref=mentions\" data-hovercard=\"\/ajax\/hovercard\/user.php?id=100008418007681&amp;extragetparams=%7B%22fref%22%3A%22mentions%22%7D\" data-hovercard-prefer-more-content-show=\"1\">Z Tuliho Dvora<\/a>\u00a0(S\u0142owacja), w\u0142.lek.wet.Gabriel Drabi\u0161\u010d\u00e1k<\/span><\/strong><\/p>\n<p><span style=\"color: #000080;\"><strong>7.Miot &#8222;B&#8221; w\u00a0naszej hodowli (9 szczeni\u0105t), matka GIANLUIGI BUFFON La Componella<\/strong><\/span><\/p>\n<p><strong><span style=\"color: #800080;\">8.Miot &#8222;G&#8221; w naszej hodowli, matka<\/span>\u00a0<\/strong><span style=\"color: #800080;\"><strong>MICKEY-N Della Zaida Nera<\/strong><\/span><\/p>\n<p><span style=\"color: #000080;\"><strong>9.Miot &#8222;J&#8221; w naszej hodowli (10 szczeni\u0105t)<\/strong><\/span><\/p>\n<p><span style=\"color: #800080;\"><strong>10.Miot w hodowli\u00a0 Goldi Kraund (Rosja) 10 szczeni\u0105t, w tym 5 arlekin\u00f3w\u00a0<\/strong><\/span><\/p>\n<p><span style=\"color: #000080;\"><strong>11.Miot &#8222;U&#8221; w naszej hodowli La Componella<\/strong><\/span><\/p>\n<p><span style=\"color: #800080;\"><strong>12.Miot &#8222;A&#8221; w hodowli Delta Velorum, matka\u00a0Big Dope WALKYRIA, 7 szczeni\u0105t, w tym 4 arlekiny<\/strong><\/span><\/p>\n<p><span style=\"color: #000080;\"><strong>13.Miot w hodowli Gran Beso &#8211; 14 szczeni\u0105t<\/strong><\/span><\/p>\n<p><span style=\"color: #800080;\"><strong>14.Miot w naszej hodowli &#8211; 4 szczeni\u0119ta<br \/>\n<\/strong><\/span><\/p>\n<p><strong><span style=\"color: #000080;\">15.Miot w hodowli Goldi Kraund (Rosja), 5 szczeni\u0105t (2 arlekiny)<\/span><\/strong><\/p>\n<p><a href=\"http:\/\/lacomponella.com\/WordPress3\/wp-content\/uploads\/2015\/10\/43462916_516859305448385_750481144826298368_n.jpg\"><br \/>\n<img fetchpriority=\"high\" decoding=\"async\" class=\"aligncenter size-full wp-image-5216\" src=\"http:\/\/lacomponella.com\/WordPress3\/wp-content\/uploads\/2015\/10\/43462916_516859305448385_750481144826298368_n.jpg\" alt=\"43462916_516859305448385_750481144826298368_n\" width=\"1500\" height=\"2249\" srcset=\"https:\/\/lacomponella.com\/WordPress3\/wp-content\/uploads\/2015\/10\/43462916_516859305448385_750481144826298368_n.jpg 1500w, https:\/\/lacomponella.com\/WordPress3\/wp-content\/uploads\/2015\/10\/43462916_516859305448385_750481144826298368_n-200x300.jpg 200w, https:\/\/lacomponella.com\/WordPress3\/wp-content\/uploads\/2015\/10\/43462916_516859305448385_750481144826298368_n-683x1024.jpg 683w\" sizes=\"(max-width: 1500px) 100vw, 1500px\" \/><\/a> <a href=\"http:\/\/lacomponella.com\/WordPress3\/wp-content\/uploads\/2015\/10\/43504185_275297799983659_3476059200365264896_n.jpg\"><img decoding=\"async\" class=\"aligncenter size-full wp-image-5217\" src=\"http:\/\/lacomponella.com\/WordPress3\/wp-content\/uploads\/2015\/10\/43504185_275297799983659_3476059200365264896_n.jpg\" alt=\"43504185_275297799983659_3476059200365264896_n\" width=\"2478\" height=\"2243\" srcset=\"https:\/\/lacomponella.com\/WordPress3\/wp-content\/uploads\/2015\/10\/43504185_275297799983659_3476059200365264896_n.jpg 2478w, https:\/\/lacomponella.com\/WordPress3\/wp-content\/uploads\/2015\/10\/43504185_275297799983659_3476059200365264896_n-300x272.jpg 300w, https:\/\/lacomponella.com\/WordPress3\/wp-content\/uploads\/2015\/10\/43504185_275297799983659_3476059200365264896_n-1024x927.jpg 1024w\" sizes=\"(max-width: 2478px) 100vw, 2478px\" \/><\/a><\/p>\n<p><a href=\"http:\/\/lacomponella.com\/WordPress3\/wp-content\/uploads\/2015\/10\/32324777_1855487211178947_5884841838245838848_n.jpg\"><img decoding=\"async\" class=\"aligncenter size-full wp-image-5099\" src=\"http:\/\/lacomponella.com\/WordPress3\/wp-content\/uploads\/2015\/10\/32324777_1855487211178947_5884841838245838848_n.jpg\" alt=\"32324777_1855487211178947_5884841838245838848_n\" width=\"1964\" height=\"2009\" srcset=\"https:\/\/lacomponella.com\/WordPress3\/wp-content\/uploads\/2015\/10\/32324777_1855487211178947_5884841838245838848_n.jpg 1964w, https:\/\/lacomponella.com\/WordPress3\/wp-content\/uploads\/2015\/10\/32324777_1855487211178947_5884841838245838848_n-293x300.jpg 293w, https:\/\/lacomponella.com\/WordPress3\/wp-content\/uploads\/2015\/10\/32324777_1855487211178947_5884841838245838848_n-1001x1024.jpg 1001w\" sizes=\"(max-width: 1964px) 100vw, 1964px\" \/><\/a> <a href=\"http:\/\/lacomponella.com\/WordPress3\/wp-content\/uploads\/2015\/10\/32440475_1855484087845926_6635004571376680960_n.jpg\"><img loading=\"lazy\" decoding=\"async\" class=\"aligncenter size-full wp-image-5100\" src=\"http:\/\/lacomponella.com\/WordPress3\/wp-content\/uploads\/2015\/10\/32440475_1855484087845926_6635004571376680960_n.jpg\" alt=\"32440475_1855484087845926_6635004571376680960_n\" width=\"2048\" height=\"1863\" srcset=\"https:\/\/lacomponella.com\/WordPress3\/wp-content\/uploads\/2015\/10\/32440475_1855484087845926_6635004571376680960_n.jpg 2048w, https:\/\/lacomponella.com\/WordPress3\/wp-content\/uploads\/2015\/10\/32440475_1855484087845926_6635004571376680960_n-300x273.jpg 300w, https:\/\/lacomponella.com\/WordPress3\/wp-content\/uploads\/2015\/10\/32440475_1855484087845926_6635004571376680960_n-1024x932.jpg 1024w\" sizes=\"(max-width: 2048px) 100vw, 2048px\" \/><\/a><\/p>\n<h5 style=\"text-align: center;\"><a href=\"http:\/\/lacomponella.com\/WordPress3\/wp-content\/uploads\/2014\/07\/cezar-nowa-fota1.jpg\"><img loading=\"lazy\" decoding=\"async\" class=\"aligncenter size-full wp-image-3158\" src=\"http:\/\/lacomponella.com\/WordPress3\/wp-content\/uploads\/2014\/07\/cezar-nowa-fota1.jpg\" alt=\"cezar-nowa-fota\" width=\"526\" height=\"349\" srcset=\"https:\/\/lacomponella.com\/WordPress3\/wp-content\/uploads\/2014\/07\/cezar-nowa-fota1.jpg 526w, https:\/\/lacomponella.com\/WordPress3\/wp-content\/uploads\/2014\/07\/cezar-nowa-fota1-300x199.jpg 300w\" sizes=\"(max-width: 526px) 100vw, 526px\" \/><\/a><br \/>\n<img loading=\"lazy\" decoding=\"async\" class=\"aligncenter size-full wp-image-7188\" src=\"http:\/\/lacomponella.com\/WordPress3\/wp-content\/uploads\/2019\/11\/47488936_362171391018386_1744969852868624384_n.jpg\" alt=\"\" width=\"720\" height=\"960\" srcset=\"https:\/\/lacomponella.com\/WordPress3\/wp-content\/uploads\/2019\/11\/47488936_362171391018386_1744969852868624384_n.jpg 720w, https:\/\/lacomponella.com\/WordPress3\/wp-content\/uploads\/2019\/11\/47488936_362171391018386_1744969852868624384_n-225x300.jpg 225w\" sizes=\"(max-width: 720px) 100vw, 720px\" \/><br \/>\n&#8212;&#8212;&#8212;&#8212;&#8212;&#8212;&#8212;&#8212;&#8212;&#8212;-<a href=\"http:\/\/www.labenjamine.com\/francais\/males\/ghandal.htm\" target=\"_blank\" rel=\"noopener\"><br \/>\nojciec to GHANDAL De La Benjamine<\/a><br \/>\n<a href=\"http:\/\/www.labenjamine.com\/francais\/males\/ghandal.htm\" target=\"_blank\" rel=\"noopener\"> strona ojca-tutaj<br \/>\n<\/a><a href=\"http:\/\/lacomponella.com\/WordPress3\/wp-content\/uploads\/2015\/07\/gandal1.jpg\"><img loading=\"lazy\" decoding=\"async\" class=\"size-full wp-image-2053\" src=\"http:\/\/lacomponella.com\/WordPress3\/wp-content\/uploads\/2015\/07\/gandal1.jpg\" alt=\"gandal\" width=\"536\" height=\"479\" srcset=\"https:\/\/lacomponella.com\/WordPress3\/wp-content\/uploads\/2015\/07\/gandal1.jpg 536w, https:\/\/lacomponella.com\/WordPress3\/wp-content\/uploads\/2015\/07\/gandal1-300x268.jpg 300w\" sizes=\"(max-width: 536px) 100vw, 536px\" \/><\/a><a href=\"http:\/\/lacomponella.com\/WordPress3\/wp-content\/uploads\/2015\/07\/ghandal-a1.jpg\"><img loading=\"lazy\" decoding=\"async\" class=\"size-full wp-image-2054\" src=\"http:\/\/lacomponella.com\/WordPress3\/wp-content\/uploads\/2015\/07\/ghandal-a1.jpg\" alt=\"ghandal-a\" width=\"360\" height=\"467\" srcset=\"https:\/\/lacomponella.com\/WordPress3\/wp-content\/uploads\/2015\/07\/ghandal-a1.jpg 360w, https:\/\/lacomponella.com\/WordPress3\/wp-content\/uploads\/2015\/07\/ghandal-a1-231x300.jpg 231w\" sizes=\"(max-width: 360px) 100vw, 360px\" \/><\/a><a href=\"http:\/\/www.labenjamine.com\/francais\/males\/ghandal.htm\" target=\"_blank\" rel=\"noopener\"><br \/>\n<\/a><\/h5>\n<h5 style=\"text-align: center;\">m.GANDHARA Des terres de brandon<\/h5>\n<h4 style=\"text-align: center;\">&#8212;&#8212;&#8212;&#8212;&#8212;&#8212;&#8212;&#8212;&#8212;<\/h4>\n<h6><span style=\"color: #000080;\">Wystawy:<br \/>\nrozp.Interchampionat!!!!<br \/>\nChampion Rumunii<br \/>\nChampion Bu\u0142garii<br \/>\nChampion Ukrainy<br \/>\nr.Champion Polski<br \/>\n6x CACIB<br \/>\n10xCAC\/CWC (Polska, Ukraina, Bu\u0142garia, Rumunia)<br \/>\n2x Zwyci\u0119zca M\u0142odzie\u017cy<\/span><br \/>\n<span style=\"color: #000080;\"> 2x Najlepszy Junior w Rasie<\/span><br \/>\n<span style=\"color: #000080;\">4x\u00a0Najlepszy Samiec w Rasie (BOS)<br \/>\n6X BOB (Zwyci\u0119zca Rasy)<\/span><\/h6>\n<h4 style=\"text-align: left;\"><span style=\"color: #800080;\"><strong>Zdrowie:<\/strong><\/span><br \/>\n<span style=\"color: #800080;\"> <strong>Serce (doppler) \u2013 serce zdrowe, brak cech kardiomiopatii rozstrzeniowej\u00a0(DCM), brak przeciwwskaza\u0144 ze strony kardiologicznej do rozrodu<br \/>\n<strong><span style=\"font-size: small;\">HD A\/A (brak dysplazji biodrowej)<br \/>\nED 0\/0 (brak dysplazji \u0142okciowej)<br \/>\nzgryz prawid\u0142owy\/uz\u0119bienie pe\u0142ne<\/span><\/strong><\/strong><\/span><\/h4>\n","protected":false},"excerpt":{"rendered":"<p>JULIUS CAESAR des Terres de Brandon Nasz reproduktor:))) JULIUS CAESAR des Terres de Brandon Import z Francji Jego potomstwo: 1.Miot &#8222;H&#8221; w naszej hodowli \u00a0La Componella, matka JORDANIA\u00a0Du Jardin De L\u2019Olympe (c\u00f3rka \u00a0HARABAD De L\u2019Oree Des Bois D\u2019Astros). 2.Miot &#8222;I&#8221; w naszej hodowli La Componella, matka ZARA La Componella (c\u00f3rka\u00a0HASHISH de la Benjamine) 3.Miot w [&hellip;]<\/p>\n","protected":false},"author":1,"featured_media":0,"parent":0,"menu_order":0,"comment_status":"closed","ping_status":"closed","template":"","meta":{"footnotes":""},"class_list":["post-1524","page","type-page","status-publish","hentry"],"yoast_head":"<!-- This site is optimized with the Yoast SEO plugin v27.4 - https:\/\/yoast.com\/product\/yoast-seo-wordpress\/ -->\n<title>- La Componella FCI<\/title>\n<meta name=\"robots\" content=\"index, follow, max-snippet:-1, max-image-preview:large, max-video-preview:-1\" \/>\n<link rel=\"canonical\" href=\"https:\/\/lacomponella.com\/WordPress3\/?page_id=1524\" \/>\n<meta property=\"og:locale\" content=\"pl_PL\" \/>\n<meta property=\"og:type\" content=\"article\" \/>\n<meta property=\"og:title\" content=\"- La Componella FCI\" \/>\n<meta property=\"og:description\" content=\"JULIUS CAESAR des Terres de Brandon Nasz reproduktor:))) JULIUS CAESAR des Terres de Brandon Import z Francji Jego potomstwo: 1.Miot &#8222;H&#8221; w naszej hodowli \u00a0La Componella, matka JORDANIA\u00a0Du Jardin De L\u2019Olympe (c\u00f3rka \u00a0HARABAD De L\u2019Oree Des Bois D\u2019Astros). 2.Miot &#8222;I&#8221; w naszej hodowli La Componella, matka ZARA La Componella (c\u00f3rka\u00a0HASHISH de la Benjamine) 3.Miot w [&hellip;]\" \/>\n<meta property=\"og:url\" content=\"https:\/\/lacomponella.com\/WordPress3\/?page_id=1524\" \/>\n<meta property=\"og:site_name\" content=\"La Componella FCI\" \/>\n<meta property=\"article:modified_time\" content=\"2021-01-25T19:27:17+00:00\" \/>\n<meta property=\"og:image\" content=\"https:\/\/lacomponella.com\/WordPress3\/wp-content\/uploads\/2015\/10\/43462916_516859305448385_750481144826298368_n.jpg\" \/>\n\t<meta property=\"og:image:width\" content=\"1500\" \/>\n\t<meta property=\"og:image:height\" content=\"2249\" \/>\n\t<meta property=\"og:image:type\" content=\"image\/jpeg\" \/>\n<meta name=\"twitter:card\" content=\"summary_large_image\" \/>\n<meta name=\"twitter:label1\" content=\"Szacowany czas czytania\" \/>\n\t<meta name=\"twitter:data1\" content=\"2 minuty\" \/>\n<script type=\"application\/ld+json\" class=\"yoast-schema-graph\">{\"@context\":\"https:\\\/\\\/schema.org\",\"@graph\":[{\"@type\":\"WebPage\",\"@id\":\"https:\\\/\\\/lacomponella.com\\\/WordPress3\\\/?page_id=1524\",\"url\":\"https:\\\/\\\/lacomponella.com\\\/WordPress3\\\/?page_id=1524\",\"name\":\"- La Componella FCI\",\"isPartOf\":{\"@id\":\"https:\\\/\\\/lacomponella.com\\\/WordPress3\\\/#website\"},\"primaryImageOfPage\":{\"@id\":\"https:\\\/\\\/lacomponella.com\\\/WordPress3\\\/?page_id=1524#primaryimage\"},\"image\":{\"@id\":\"https:\\\/\\\/lacomponella.com\\\/WordPress3\\\/?page_id=1524#primaryimage\"},\"thumbnailUrl\":\"http:\\\/\\\/lacomponella.com\\\/WordPress3\\\/wp-content\\\/uploads\\\/2015\\\/10\\\/43462916_516859305448385_750481144826298368_n.jpg\",\"datePublished\":\"2015-10-13T15:27:35+00:00\",\"dateModified\":\"2021-01-25T19:27:17+00:00\",\"inLanguage\":\"pl-PL\",\"potentialAction\":[{\"@type\":\"ReadAction\",\"target\":[\"https:\\\/\\\/lacomponella.com\\\/WordPress3\\\/?page_id=1524\"]}]},{\"@type\":\"ImageObject\",\"inLanguage\":\"pl-PL\",\"@id\":\"https:\\\/\\\/lacomponella.com\\\/WordPress3\\\/?page_id=1524#primaryimage\",\"url\":\"http:\\\/\\\/lacomponella.com\\\/WordPress3\\\/wp-content\\\/uploads\\\/2015\\\/10\\\/43462916_516859305448385_750481144826298368_n.jpg\",\"contentUrl\":\"http:\\\/\\\/lacomponella.com\\\/WordPress3\\\/wp-content\\\/uploads\\\/2015\\\/10\\\/43462916_516859305448385_750481144826298368_n.jpg\"},{\"@type\":\"WebSite\",\"@id\":\"https:\\\/\\\/lacomponella.com\\\/WordPress3\\\/#website\",\"url\":\"https:\\\/\\\/lacomponella.com\\\/WordPress3\\\/\",\"name\":\"La Componella FCI\",\"description\":\"Hodowla Dog Niemiecki, Xolo i Owczarek Belgijski\",\"potentialAction\":[{\"@type\":\"SearchAction\",\"target\":{\"@type\":\"EntryPoint\",\"urlTemplate\":\"https:\\\/\\\/lacomponella.com\\\/WordPress3\\\/?s={search_term_string}\"},\"query-input\":{\"@type\":\"PropertyValueSpecification\",\"valueRequired\":true,\"valueName\":\"search_term_string\"}}],\"inLanguage\":\"pl-PL\"}]}<\/script>\n<!-- \/ Yoast SEO plugin. -->","yoast_head_json":{"title":"- La Componella FCI","robots":{"index":"index","follow":"follow","max-snippet":"max-snippet:-1","max-image-preview":"max-image-preview:large","max-video-preview":"max-video-preview:-1"},"canonical":"https:\/\/lacomponella.com\/WordPress3\/?page_id=1524","og_locale":"pl_PL","og_type":"article","og_title":"- La Componella FCI","og_description":"JULIUS CAESAR des Terres de Brandon Nasz reproduktor:))) JULIUS CAESAR des Terres de Brandon Import z Francji Jego potomstwo: 1.Miot &#8222;H&#8221; w naszej hodowli \u00a0La Componella, matka JORDANIA\u00a0Du Jardin De L\u2019Olympe (c\u00f3rka \u00a0HARABAD De L\u2019Oree Des Bois D\u2019Astros). 2.Miot &#8222;I&#8221; w naszej hodowli La Componella, matka ZARA La Componella (c\u00f3rka\u00a0HASHISH de la Benjamine) 3.Miot w [&hellip;]","og_url":"https:\/\/lacomponella.com\/WordPress3\/?page_id=1524","og_site_name":"La Componella FCI","article_modified_time":"2021-01-25T19:27:17+00:00","og_image":[{"width":1500,"height":2249,"url":"https:\/\/lacomponella.com\/WordPress3\/wp-content\/uploads\/2015\/10\/43462916_516859305448385_750481144826298368_n.jpg","type":"image\/jpeg"}],"twitter_card":"summary_large_image","twitter_misc":{"Szacowany czas czytania":"2 minuty"},"schema":{"@context":"https:\/\/schema.org","@graph":[{"@type":"WebPage","@id":"https:\/\/lacomponella.com\/WordPress3\/?page_id=1524","url":"https:\/\/lacomponella.com\/WordPress3\/?page_id=1524","name":"- La Componella FCI","isPartOf":{"@id":"https:\/\/lacomponella.com\/WordPress3\/#website"},"primaryImageOfPage":{"@id":"https:\/\/lacomponella.com\/WordPress3\/?page_id=1524#primaryimage"},"image":{"@id":"https:\/\/lacomponella.com\/WordPress3\/?page_id=1524#primaryimage"},"thumbnailUrl":"http:\/\/lacomponella.com\/WordPress3\/wp-content\/uploads\/2015\/10\/43462916_516859305448385_750481144826298368_n.jpg","datePublished":"2015-10-13T15:27:35+00:00","dateModified":"2021-01-25T19:27:17+00:00","inLanguage":"pl-PL","potentialAction":[{"@type":"ReadAction","target":["https:\/\/lacomponella.com\/WordPress3\/?page_id=1524"]}]},{"@type":"ImageObject","inLanguage":"pl-PL","@id":"https:\/\/lacomponella.com\/WordPress3\/?page_id=1524#primaryimage","url":"http:\/\/lacomponella.com\/WordPress3\/wp-content\/uploads\/2015\/10\/43462916_516859305448385_750481144826298368_n.jpg","contentUrl":"http:\/\/lacomponella.com\/WordPress3\/wp-content\/uploads\/2015\/10\/43462916_516859305448385_750481144826298368_n.jpg"},{"@type":"WebSite","@id":"https:\/\/lacomponella.com\/WordPress3\/#website","url":"https:\/\/lacomponella.com\/WordPress3\/","name":"La Componella FCI","description":"Hodowla Dog Niemiecki, Xolo i Owczarek Belgijski","potentialAction":[{"@type":"SearchAction","target":{"@type":"EntryPoint","urlTemplate":"https:\/\/lacomponella.com\/WordPress3\/?s={search_term_string}"},"query-input":{"@type":"PropertyValueSpecification","valueRequired":true,"valueName":"search_term_string"}}],"inLanguage":"pl-PL"}]}},"_links":{"self":[{"href":"https:\/\/lacomponella.com\/WordPress3\/index.php?rest_route=\/wp\/v2\/pages\/1524","targetHints":{"allow":["GET"]}}],"collection":[{"href":"https:\/\/lacomponella.com\/WordPress3\/index.php?rest_route=\/wp\/v2\/pages"}],"about":[{"href":"https:\/\/lacomponella.com\/WordPress3\/index.php?rest_route=\/wp\/v2\/types\/page"}],"author":[{"embeddable":true,"href":"https:\/\/lacomponella.com\/WordPress3\/index.php?rest_route=\/wp\/v2\/users\/1"}],"replies":[{"embeddable":true,"href":"https:\/\/lacomponella.com\/WordPress3\/index.php?rest_route=%2Fwp%2Fv2%2Fcomments&post=1524"}],"version-history":[{"count":33,"href":"https:\/\/lacomponella.com\/WordPress3\/index.php?rest_route=\/wp\/v2\/pages\/1524\/revisions"}],"predecessor-version":[{"id":8361,"href":"https:\/\/lacomponella.com\/WordPress3\/index.php?rest_route=\/wp\/v2\/pages\/1524\/revisions\/8361"}],"wp:attachment":[{"href":"https:\/\/lacomponella.com\/WordPress3\/index.php?rest_route=%2Fwp%2Fv2%2Fmedia&parent=1524"}],"curies":[{"name":"wp","href":"https:\/\/api.w.org\/{rel}","templated":true}]}}