{"id":1578,"date":"2015-11-16T00:23:59","date_gmt":"2015-11-16T00:23:59","guid":{"rendered":"http:\/\/lacomponella.com\/WordPress3\/?page_id=1578"},"modified":"2021-01-25T19:30:50","modified_gmt":"2021-01-25T19:30:50","slug":"1578-2","status":"publish","type":"page","link":"https:\/\/lacomponella.com\/WordPress3\/?page_id=1578","title":{"rendered":""},"content":{"rendered":"<h3 style=\"text-align: center;\">JULIUS CAESAR Des Terres de Brandon FCI<\/h3>\n<h3 style=\"text-align: center;\"><span style=\"color: #ff0000;\">IMPORT FRANCE<br \/>\n***our stud male***<\/span><\/h3>\n<p style=\"text-align: left;\"><span style=\"color: #800080;\"><br \/>\n<span style=\"color: #000080;\"><strong>His Children:<\/strong><\/span><br \/>\n<span style=\"color: #0000ff;\"><strong>1.Litter &#8222;H&#8221; in our kennel La Componella, mother JORDANIA\u00a0<\/strong><\/span><\/span><span style=\"color: #0000ff;\"><strong>Du Jardin De L\u2019Olympe (daughter of\u00a0HARABAD De L\u2019Oree Des Bois D\u2019Astros), 8 puppies<\/strong><\/span><br \/>\n<span style=\"color: #000080;\"><strong><span style=\"color: #800080;\">2.Litter &#8222;I&#8221; in our kennel La Componella, mother ZARA La Componella (daughter of HASHISH de la Benjamine)<\/span><br \/>\n<span style=\"color: #0000ff;\">3.<\/span><strong><span style=\"color: #0000ff;\">Litter in kennel Sozvezdie M (Russia), mother\u00a0is EUROPEAN WINNER!!! (-in Russia, kennel SOZVEZDIE M\u00a0&#8212;-&gt;&gt; \u00a06 puppies (3 harle males, 2 harle females and 1 black male).<\/span><br \/>\n<span style=\"color: #800080;\">4.Litter in kennel Demon Ognia, mother is\u00a0daughter of HASHISH de la Benjamine (9 puppies)<br \/>\n<span style=\"color: #0000ff;\">5.Litter\u00a0 &#8222;W&#8221;\u00a0in our kennel La Componella,\u00a0mother\u00a0JORDANIA\u00a0Du Jardin De L\u2019Olympe (daughter of HARABAD De L\u2019Oree Des Bois D\u2019Astros).<\/span><br \/>\n6.Litter in kennel\u00a0\u00a0<a id=\"js_86\" class=\"profileLink\" href=\"https:\/\/web.facebook.com\/profile.php?id=100008418007681&amp;fref=mentions\" data-hovercard=\"\/ajax\/hovercard\/user.php?id=100008418007681&amp;extragetparams=%7B%22fref%22%3A%22mentions%22%7D\" data-hovercard-prefer-more-content-show=\"1\">Z Tuliho Dvora<\/a>\u00a0(Slovakia), owner, vet dr Gabriel Drabi\u0161\u010d\u00e1k<br \/>\n<span style=\"color: #0000ff;\">7.Litter &#8222;B&#8221; in our kennel (9 puppies) mother GIANLUIGI BUFFON La Componella<br \/>\n<span style=\"color: #800080;\">8.Litter &#8222;G&#8221; in our kennel (5 puppies) mother<\/span><\/span><\/span><\/strong><span style=\"color: #800080;\">\u00a0<\/span><\/strong><\/span><span style=\"color: #0000ff;\"><strong><span style=\"color: #800080;\">MICKEY-N Della Zaida Nera<\/span><br \/>\n9.Litter &#8222;J&#8221; in our kennel (10 puppies)<br \/>\n<span style=\"color: #800080;\">10.Litter in kennel\u00a0Goldi Kraund (Russia) 10 puppies<\/span><br \/>\n11.Litter &#8222;U&#8221; in our kennel<br \/>\n<span style=\"color: #800080;\">12. Litter &#8222;A&#8221; in kennel Delta Velorum, mother Big Dope WALKYRIA, 7 pupies (4 harles)<\/span><br \/>\n13.Litter in kennel Gran Beso &#8211; 14 puppies<br \/>\n<span style=\"color: #800080;\">14.Litter in our kennel &#8211; 4 puppies<br \/>\n<span style=\"color: #0000ff;\">15.Litter in kennel Goldi Kraund (Russia) 5 puppies (2 harlequins)<\/span><\/span><\/strong><\/span><\/p>\n<p style=\"text-align: left;\"><a href=\"http:\/\/lacomponella.com\/WordPress3\/wp-content\/uploads\/2015\/11\/43462916_516859305448385_750481144826298368_n.jpg\"><img fetchpriority=\"high\" decoding=\"async\" class=\"aligncenter size-full wp-image-5211\" src=\"http:\/\/lacomponella.com\/WordPress3\/wp-content\/uploads\/2015\/11\/43462916_516859305448385_750481144826298368_n.jpg\" alt=\"43462916_516859305448385_750481144826298368_n\" width=\"1500\" height=\"2249\" srcset=\"https:\/\/lacomponella.com\/WordPress3\/wp-content\/uploads\/2015\/11\/43462916_516859305448385_750481144826298368_n.jpg 1500w, https:\/\/lacomponella.com\/WordPress3\/wp-content\/uploads\/2015\/11\/43462916_516859305448385_750481144826298368_n-200x300.jpg 200w, https:\/\/lacomponella.com\/WordPress3\/wp-content\/uploads\/2015\/11\/43462916_516859305448385_750481144826298368_n-683x1024.jpg 683w\" sizes=\"(max-width: 1500px) 100vw, 1500px\" \/><\/a> <a href=\"http:\/\/lacomponella.com\/WordPress3\/wp-content\/uploads\/2015\/11\/43504185_275297799983659_3476059200365264896_n.jpg\"><img decoding=\"async\" class=\"aligncenter size-full wp-image-5212\" src=\"http:\/\/lacomponella.com\/WordPress3\/wp-content\/uploads\/2015\/11\/43504185_275297799983659_3476059200365264896_n.jpg\" alt=\"43504185_275297799983659_3476059200365264896_n\" width=\"2478\" height=\"2243\" srcset=\"https:\/\/lacomponella.com\/WordPress3\/wp-content\/uploads\/2015\/11\/43504185_275297799983659_3476059200365264896_n.jpg 2478w, https:\/\/lacomponella.com\/WordPress3\/wp-content\/uploads\/2015\/11\/43504185_275297799983659_3476059200365264896_n-300x272.jpg 300w, https:\/\/lacomponella.com\/WordPress3\/wp-content\/uploads\/2015\/11\/43504185_275297799983659_3476059200365264896_n-1024x927.jpg 1024w\" sizes=\"(max-width: 2478px) 100vw, 2478px\" \/><\/a><\/p>\n<p><a href=\"http:\/\/lacomponella.com\/WordPress3\/wp-content\/uploads\/2015\/11\/32324777_1855487211178947_5884841838245838848_n.jpg\"><img decoding=\"async\" class=\"aligncenter size-full wp-image-5102\" src=\"http:\/\/lacomponella.com\/WordPress3\/wp-content\/uploads\/2015\/11\/32324777_1855487211178947_5884841838245838848_n.jpg\" alt=\"32324777_1855487211178947_5884841838245838848_n\" width=\"1964\" height=\"2009\" srcset=\"https:\/\/lacomponella.com\/WordPress3\/wp-content\/uploads\/2015\/11\/32324777_1855487211178947_5884841838245838848_n.jpg 1964w, https:\/\/lacomponella.com\/WordPress3\/wp-content\/uploads\/2015\/11\/32324777_1855487211178947_5884841838245838848_n-293x300.jpg 293w, https:\/\/lacomponella.com\/WordPress3\/wp-content\/uploads\/2015\/11\/32324777_1855487211178947_5884841838245838848_n-1001x1024.jpg 1001w\" sizes=\"(max-width: 1964px) 100vw, 1964px\" \/><\/a> <a href=\"http:\/\/lacomponella.com\/WordPress3\/wp-content\/uploads\/2015\/11\/32440475_1855484087845926_6635004571376680960_n.jpg\"><img loading=\"lazy\" decoding=\"async\" class=\"aligncenter size-full wp-image-5103\" src=\"http:\/\/lacomponella.com\/WordPress3\/wp-content\/uploads\/2015\/11\/32440475_1855484087845926_6635004571376680960_n.jpg\" alt=\"32440475_1855484087845926_6635004571376680960_n\" width=\"2048\" height=\"1863\" srcset=\"https:\/\/lacomponella.com\/WordPress3\/wp-content\/uploads\/2015\/11\/32440475_1855484087845926_6635004571376680960_n.jpg 2048w, https:\/\/lacomponella.com\/WordPress3\/wp-content\/uploads\/2015\/11\/32440475_1855484087845926_6635004571376680960_n-300x273.jpg 300w, https:\/\/lacomponella.com\/WordPress3\/wp-content\/uploads\/2015\/11\/32440475_1855484087845926_6635004571376680960_n-1024x932.jpg 1024w\" sizes=\"(max-width: 2048px) 100vw, 2048px\" \/><\/a><\/p>\n<p><a href=\"http:\/\/lacomponella.com\/WordPress3\/wp-content\/uploads\/2014\/07\/cezar-nowa-fota.jpg\"><img loading=\"lazy\" decoding=\"async\" class=\"aligncenter size-full wp-image-3155\" src=\"http:\/\/lacomponella.com\/WordPress3\/wp-content\/uploads\/2014\/07\/cezar-nowa-fota.jpg\" alt=\"cezar-nowa-fota\" width=\"526\" height=\"349\" srcset=\"https:\/\/lacomponella.com\/WordPress3\/wp-content\/uploads\/2014\/07\/cezar-nowa-fota.jpg 526w, https:\/\/lacomponella.com\/WordPress3\/wp-content\/uploads\/2014\/07\/cezar-nowa-fota-300x199.jpg 300w\" sizes=\"(max-width: 526px) 100vw, 526px\" \/><\/a><\/p>\n<p><a href=\"http:\/\/lacomponella.com\/WordPress3\/wp-content\/uploads\/2015\/11\/Cezzarro.jpg\"><img loading=\"lazy\" decoding=\"async\" class=\"alignright size-full wp-image-2351\" src=\"http:\/\/lacomponella.com\/WordPress3\/wp-content\/uploads\/2015\/11\/Cezzarro.jpg\" alt=\"Cezzarro\" width=\"506\" height=\"475\" srcset=\"https:\/\/lacomponella.com\/WordPress3\/wp-content\/uploads\/2015\/11\/Cezzarro.jpg 506w, https:\/\/lacomponella.com\/WordPress3\/wp-content\/uploads\/2015\/11\/Cezzarro-300x282.jpg 300w\" sizes=\"(max-width: 506px) 100vw, 506px\" \/><\/a><\/p>\n<h5 style=\"text-align: center;\"><a href=\"http:\/\/www.labenjamine.com\/francais\/males\/ghandal.htm\" target=\"_blank\" rel=\"noopener\">f.GHANDAL De La Benjamine<\/a><br \/>\n<a href=\"http:\/\/www.labenjamine.com\/francais\/males\/ghandal.htm\" target=\"_blank\" rel=\"noopener\"><span style=\"color: #003366;\">site of father-there<br \/>\n<\/span><\/a><a href=\"http:\/\/lacomponella.com\/WordPress3\/wp-content\/uploads\/2015\/07\/gandal.jpg\"><img loading=\"lazy\" decoding=\"async\" class=\"alignright size-full wp-image-2048\" src=\"http:\/\/lacomponella.com\/WordPress3\/wp-content\/uploads\/2015\/07\/gandal.jpg\" alt=\"gandal\" width=\"536\" height=\"479\" srcset=\"https:\/\/lacomponella.com\/WordPress3\/wp-content\/uploads\/2015\/07\/gandal.jpg 536w, https:\/\/lacomponella.com\/WordPress3\/wp-content\/uploads\/2015\/07\/gandal-300x268.jpg 300w\" sizes=\"(max-width: 536px) 100vw, 536px\" \/><\/a> <a href=\"http:\/\/lacomponella.com\/WordPress3\/wp-content\/uploads\/2015\/07\/ghandal-a.jpg\"><img loading=\"lazy\" decoding=\"async\" class=\"alignright size-full wp-image-2049\" src=\"http:\/\/lacomponella.com\/WordPress3\/wp-content\/uploads\/2015\/07\/ghandal-a.jpg\" alt=\"ghandal-a\" width=\"360\" height=\"467\" srcset=\"https:\/\/lacomponella.com\/WordPress3\/wp-content\/uploads\/2015\/07\/ghandal-a.jpg 360w, https:\/\/lacomponella.com\/WordPress3\/wp-content\/uploads\/2015\/07\/ghandal-a-231x300.jpg 231w\" sizes=\"(max-width: 360px) 100vw, 360px\" \/><\/a><\/h5>\n<h5 style=\"text-align: center;\">m.GANDHARA Des terres de brandon<\/h5>\n<h3 style=\"text-align: center;\">Imported from France<\/h3>\n<p style=\"text-align: center;\">born 17.07.2014<\/p>\n<p><strong><span style=\"color: #000080;\">Dog shows:<br \/>\nopen Interchampion!!!<br \/>\nChampion of Romania<br \/>\nChampion of Bulgaria<br \/>\no.Champion of Poland<br \/>\no.Champion of Ukraine<br \/>\n6x CACIB<br \/>\n10xCAC (Poland, Ukraine, Romania, Bulgaria)<br \/>\n2 x Junior Winner<\/span><\/strong><br \/>\n<strong> <span style=\"color: #000080;\">2x Best Junior in Breed (Junior BOB)<\/span><\/strong><br \/>\n<strong><span style=\"color: #000080;\">4x BOS<br \/>\n6x BOB (Best of Breed)<\/span><\/strong><\/p>\n<p style=\"text-align: left;\"><span style=\"color: #800080;\"><strong>HEALTH:<\/strong><\/span><br \/>\n<span style=\"color: #800080;\"><strong>HD A\/A<\/strong><\/span><br \/>\n<span style=\"color: #800080;\"><strong>ED 0\/0<\/strong><\/span><br \/>\n<span style=\"color: #800080;\"><strong>Heart good<\/strong><\/span><br \/>\n<span style=\"color: #800080;\"><strong>scissors bite, full teeth<\/strong><\/span><\/p>\n","protected":false},"excerpt":{"rendered":"<p>JULIUS CAESAR Des Terres de Brandon FCI IMPORT FRANCE ***our stud male*** His Children: 1.Litter &#8222;H&#8221; in our kennel La Componella, mother JORDANIA\u00a0Du Jardin De L\u2019Olympe (daughter of\u00a0HARABAD De L\u2019Oree Des Bois D\u2019Astros), 8 puppies 2.Litter &#8222;I&#8221; in our kennel La Componella, mother ZARA La Componella (daughter of HASHISH de la Benjamine) 3.Litter in kennel [&hellip;]<\/p>\n","protected":false},"author":1,"featured_media":0,"parent":0,"menu_order":0,"comment_status":"closed","ping_status":"closed","template":"","meta":{"footnotes":""},"class_list":["post-1578","page","type-page","status-publish","hentry"],"yoast_head":"<!-- This site is optimized with the Yoast SEO plugin v27.5 - https:\/\/yoast.com\/product\/yoast-seo-wordpress\/ -->\n<title>- La Componella FCI<\/title>\n<meta name=\"robots\" content=\"index, follow, max-snippet:-1, max-image-preview:large, max-video-preview:-1\" \/>\n<link rel=\"canonical\" href=\"https:\/\/lacomponella.com\/WordPress3\/?page_id=1578\" \/>\n<meta property=\"og:locale\" content=\"pl_PL\" \/>\n<meta property=\"og:type\" content=\"article\" \/>\n<meta property=\"og:title\" content=\"- La Componella FCI\" \/>\n<meta property=\"og:description\" content=\"JULIUS CAESAR Des Terres de Brandon FCI IMPORT FRANCE ***our stud male*** His Children: 1.Litter &#8222;H&#8221; in our kennel La Componella, mother JORDANIA\u00a0Du Jardin De L\u2019Olympe (daughter of\u00a0HARABAD De L\u2019Oree Des Bois D\u2019Astros), 8 puppies 2.Litter &#8222;I&#8221; in our kennel La Componella, mother ZARA La Componella (daughter of HASHISH de la Benjamine) 3.Litter in kennel [&hellip;]\" \/>\n<meta property=\"og:url\" content=\"https:\/\/lacomponella.com\/WordPress3\/?page_id=1578\" \/>\n<meta property=\"og:site_name\" content=\"La Componella FCI\" \/>\n<meta property=\"article:modified_time\" content=\"2021-01-25T19:30:50+00:00\" \/>\n<meta property=\"og:image\" content=\"https:\/\/lacomponella.com\/WordPress3\/wp-content\/uploads\/2015\/11\/43462916_516859305448385_750481144826298368_n.jpg\" \/>\n\t<meta property=\"og:image:width\" content=\"1500\" \/>\n\t<meta property=\"og:image:height\" content=\"2249\" \/>\n\t<meta property=\"og:image:type\" content=\"image\/jpeg\" \/>\n<meta name=\"twitter:card\" content=\"summary_large_image\" \/>\n<meta name=\"twitter:label1\" content=\"Szacowany czas czytania\" \/>\n\t<meta name=\"twitter:data1\" content=\"1 minuta\" \/>\n<script type=\"application\/ld+json\" class=\"yoast-schema-graph\">{\"@context\":\"https:\\\/\\\/schema.org\",\"@graph\":[{\"@type\":\"WebPage\",\"@id\":\"https:\\\/\\\/lacomponella.com\\\/WordPress3\\\/?page_id=1578\",\"url\":\"https:\\\/\\\/lacomponella.com\\\/WordPress3\\\/?page_id=1578\",\"name\":\"- La Componella FCI\",\"isPartOf\":{\"@id\":\"https:\\\/\\\/lacomponella.com\\\/WordPress3\\\/#website\"},\"primaryImageOfPage\":{\"@id\":\"https:\\\/\\\/lacomponella.com\\\/WordPress3\\\/?page_id=1578#primaryimage\"},\"image\":{\"@id\":\"https:\\\/\\\/lacomponella.com\\\/WordPress3\\\/?page_id=1578#primaryimage\"},\"thumbnailUrl\":\"http:\\\/\\\/lacomponella.com\\\/WordPress3\\\/wp-content\\\/uploads\\\/2015\\\/11\\\/43462916_516859305448385_750481144826298368_n.jpg\",\"datePublished\":\"2015-11-16T00:23:59+00:00\",\"dateModified\":\"2021-01-25T19:30:50+00:00\",\"inLanguage\":\"pl-PL\",\"potentialAction\":[{\"@type\":\"ReadAction\",\"target\":[\"https:\\\/\\\/lacomponella.com\\\/WordPress3\\\/?page_id=1578\"]}]},{\"@type\":\"ImageObject\",\"inLanguage\":\"pl-PL\",\"@id\":\"https:\\\/\\\/lacomponella.com\\\/WordPress3\\\/?page_id=1578#primaryimage\",\"url\":\"http:\\\/\\\/lacomponella.com\\\/WordPress3\\\/wp-content\\\/uploads\\\/2015\\\/11\\\/43462916_516859305448385_750481144826298368_n.jpg\",\"contentUrl\":\"http:\\\/\\\/lacomponella.com\\\/WordPress3\\\/wp-content\\\/uploads\\\/2015\\\/11\\\/43462916_516859305448385_750481144826298368_n.jpg\"},{\"@type\":\"WebSite\",\"@id\":\"https:\\\/\\\/lacomponella.com\\\/WordPress3\\\/#website\",\"url\":\"https:\\\/\\\/lacomponella.com\\\/WordPress3\\\/\",\"name\":\"La Componella FCI\",\"description\":\"Hodowla Dog Niemiecki, Xolo i Owczarek Belgijski\",\"potentialAction\":[{\"@type\":\"SearchAction\",\"target\":{\"@type\":\"EntryPoint\",\"urlTemplate\":\"https:\\\/\\\/lacomponella.com\\\/WordPress3\\\/?s={search_term_string}\"},\"query-input\":{\"@type\":\"PropertyValueSpecification\",\"valueRequired\":true,\"valueName\":\"search_term_string\"}}],\"inLanguage\":\"pl-PL\"}]}<\/script>\n<!-- \/ Yoast SEO plugin. -->","yoast_head_json":{"title":"- La Componella FCI","robots":{"index":"index","follow":"follow","max-snippet":"max-snippet:-1","max-image-preview":"max-image-preview:large","max-video-preview":"max-video-preview:-1"},"canonical":"https:\/\/lacomponella.com\/WordPress3\/?page_id=1578","og_locale":"pl_PL","og_type":"article","og_title":"- La Componella FCI","og_description":"JULIUS CAESAR Des Terres de Brandon FCI IMPORT FRANCE ***our stud male*** His Children: 1.Litter &#8222;H&#8221; in our kennel La Componella, mother JORDANIA\u00a0Du Jardin De L\u2019Olympe (daughter of\u00a0HARABAD De L\u2019Oree Des Bois D\u2019Astros), 8 puppies 2.Litter &#8222;I&#8221; in our kennel La Componella, mother ZARA La Componella (daughter of HASHISH de la Benjamine) 3.Litter in kennel [&hellip;]","og_url":"https:\/\/lacomponella.com\/WordPress3\/?page_id=1578","og_site_name":"La Componella FCI","article_modified_time":"2021-01-25T19:30:50+00:00","og_image":[{"width":1500,"height":2249,"url":"https:\/\/lacomponella.com\/WordPress3\/wp-content\/uploads\/2015\/11\/43462916_516859305448385_750481144826298368_n.jpg","type":"image\/jpeg"}],"twitter_card":"summary_large_image","twitter_misc":{"Szacowany czas czytania":"1 minuta"},"schema":{"@context":"https:\/\/schema.org","@graph":[{"@type":"WebPage","@id":"https:\/\/lacomponella.com\/WordPress3\/?page_id=1578","url":"https:\/\/lacomponella.com\/WordPress3\/?page_id=1578","name":"- La Componella FCI","isPartOf":{"@id":"https:\/\/lacomponella.com\/WordPress3\/#website"},"primaryImageOfPage":{"@id":"https:\/\/lacomponella.com\/WordPress3\/?page_id=1578#primaryimage"},"image":{"@id":"https:\/\/lacomponella.com\/WordPress3\/?page_id=1578#primaryimage"},"thumbnailUrl":"http:\/\/lacomponella.com\/WordPress3\/wp-content\/uploads\/2015\/11\/43462916_516859305448385_750481144826298368_n.jpg","datePublished":"2015-11-16T00:23:59+00:00","dateModified":"2021-01-25T19:30:50+00:00","inLanguage":"pl-PL","potentialAction":[{"@type":"ReadAction","target":["https:\/\/lacomponella.com\/WordPress3\/?page_id=1578"]}]},{"@type":"ImageObject","inLanguage":"pl-PL","@id":"https:\/\/lacomponella.com\/WordPress3\/?page_id=1578#primaryimage","url":"http:\/\/lacomponella.com\/WordPress3\/wp-content\/uploads\/2015\/11\/43462916_516859305448385_750481144826298368_n.jpg","contentUrl":"http:\/\/lacomponella.com\/WordPress3\/wp-content\/uploads\/2015\/11\/43462916_516859305448385_750481144826298368_n.jpg"},{"@type":"WebSite","@id":"https:\/\/lacomponella.com\/WordPress3\/#website","url":"https:\/\/lacomponella.com\/WordPress3\/","name":"La Componella FCI","description":"Hodowla Dog Niemiecki, Xolo i Owczarek Belgijski","potentialAction":[{"@type":"SearchAction","target":{"@type":"EntryPoint","urlTemplate":"https:\/\/lacomponella.com\/WordPress3\/?s={search_term_string}"},"query-input":{"@type":"PropertyValueSpecification","valueRequired":true,"valueName":"search_term_string"}}],"inLanguage":"pl-PL"}]}},"_links":{"self":[{"href":"https:\/\/lacomponella.com\/WordPress3\/index.php?rest_route=\/wp\/v2\/pages\/1578","targetHints":{"allow":["GET"]}}],"collection":[{"href":"https:\/\/lacomponella.com\/WordPress3\/index.php?rest_route=\/wp\/v2\/pages"}],"about":[{"href":"https:\/\/lacomponella.com\/WordPress3\/index.php?rest_route=\/wp\/v2\/types\/page"}],"author":[{"embeddable":true,"href":"https:\/\/lacomponella.com\/WordPress3\/index.php?rest_route=\/wp\/v2\/users\/1"}],"replies":[{"embeddable":true,"href":"https:\/\/lacomponella.com\/WordPress3\/index.php?rest_route=%2Fwp%2Fv2%2Fcomments&post=1578"}],"version-history":[{"count":28,"href":"https:\/\/lacomponella.com\/WordPress3\/index.php?rest_route=\/wp\/v2\/pages\/1578\/revisions"}],"predecessor-version":[{"id":8363,"href":"https:\/\/lacomponella.com\/WordPress3\/index.php?rest_route=\/wp\/v2\/pages\/1578\/revisions\/8363"}],"wp:attachment":[{"href":"https:\/\/lacomponella.com\/WordPress3\/index.php?rest_route=%2Fwp%2Fv2%2Fmedia&parent=1578"}],"curies":[{"name":"wp","href":"https:\/\/api.w.org\/{rel}","templated":true}]}}