{"id":1591,"date":"2015-11-16T00:59:39","date_gmt":"2015-11-16T00:59:39","guid":{"rendered":"http:\/\/lacomponella.com\/WordPress3\/?page_id=1591"},"modified":"2022-05-15T13:53:48","modified_gmt":"2022-05-15T13:53:48","slug":"desideria-de-xoconochco","status":"publish","type":"page","link":"https:\/\/lacomponella.com\/WordPress3\/?page_id=1591","title":{"rendered":""},"content":{"rendered":"<h3 style=\"text-align: center;\">DESIDERIA de Xoconochco<\/h3>\n<h1 style=\"text-align: center;\"><span style=\"color: #ff0000;\"><strong>Zwyci\u0119zca \u015awiata Weteran\u00f3w 2021!!!<\/strong><\/span><\/h1>\n<h3 style=\"text-align: center;\"><span style=\"color: #800080;\"><strong>Import z Czech<\/strong><\/span><\/h3>\n<p style=\"text-align: center;\"><strong>Zwyci\u0119zca \u015awiata Weteran\u00f3w 2021<br \/>\nNajlepszy Weteran w rasie Wystawy \u015awiatowej 2021<br \/>\nChampion Bu\u0142garii<\/strong><br \/>\n<strong>Grand Champion Bu\u0142garii<\/strong><br \/>\n<strong>Champion Ba\u0142kan<\/strong><br \/>\n<strong>3x r.CACIB<\/strong><br \/>\n<strong>3x CAC<\/strong><\/p>\n<p>o.DOUGLAS de Korrantoh<br \/>\nm.QUIYOCHI (Hoover) Mex.FCI<\/p>\n<p>ma\u015b\u0107 czarna<\/p>\n<p><img fetchpriority=\"high\" decoding=\"async\" class=\"aligncenter size-full wp-image-9829\" src=\"http:\/\/lacomponella.com\/WordPress3\/wp-content\/uploads\/2022\/05\/IMG_2689.jpg\" alt=\"\" width=\"5600\" height=\"3986\" srcset=\"https:\/\/lacomponella.com\/WordPress3\/wp-content\/uploads\/2022\/05\/IMG_2689.jpg 5600w, https:\/\/lacomponella.com\/WordPress3\/wp-content\/uploads\/2022\/05\/IMG_2689-300x214.jpg 300w, https:\/\/lacomponella.com\/WordPress3\/wp-content\/uploads\/2022\/05\/IMG_2689-768x547.jpg 768w, https:\/\/lacomponella.com\/WordPress3\/wp-content\/uploads\/2022\/05\/IMG_2689-1024x729.jpg 1024w\" sizes=\"(max-width: 5600px) 100vw, 5600px\" \/><\/p>\n<p><a href=\"http:\/\/lacomponella.com\/WordPress3\/wp-content\/uploads\/2015\/11\/daisi2.jpg\"><img decoding=\"async\" class=\"alignright size-full wp-image-1593\" src=\"http:\/\/lacomponella.com\/WordPress3\/wp-content\/uploads\/2015\/11\/daisi2.jpg\" alt=\"daisi2\" width=\"358\" height=\"479\" srcset=\"https:\/\/lacomponella.com\/WordPress3\/wp-content\/uploads\/2015\/11\/daisi2.jpg 358w, https:\/\/lacomponella.com\/WordPress3\/wp-content\/uploads\/2015\/11\/daisi2-224x300.jpg 224w\" sizes=\"(max-width: 358px) 100vw, 358px\" \/><\/a><\/p>\n","protected":false},"excerpt":{"rendered":"<p>DESIDERIA de Xoconochco Zwyci\u0119zca \u015awiata Weteran\u00f3w 2021!!! Import z Czech Zwyci\u0119zca \u015awiata Weteran\u00f3w 2021 Najlepszy Weteran w rasie Wystawy \u015awiatowej 2021 Champion Bu\u0142garii Grand Champion Bu\u0142garii Champion Ba\u0142kan 3x r.CACIB 3x CAC o.DOUGLAS de Korrantoh m.QUIYOCHI (Hoover) Mex.FCI ma\u015b\u0107 czarna<\/p>\n","protected":false},"author":1,"featured_media":0,"parent":0,"menu_order":0,"comment_status":"closed","ping_status":"closed","template":"","meta":{"footnotes":""},"class_list":["post-1591","page","type-page","status-publish","hentry"],"yoast_head":"<!-- This site is optimized with the Yoast SEO plugin v27.5 - https:\/\/yoast.com\/product\/yoast-seo-wordpress\/ -->\n<title>- La Componella FCI<\/title>\n<meta name=\"robots\" content=\"index, follow, max-snippet:-1, max-image-preview:large, max-video-preview:-1\" \/>\n<link rel=\"canonical\" href=\"https:\/\/lacomponella.com\/WordPress3\/?page_id=1591\" \/>\n<meta property=\"og:locale\" content=\"pl_PL\" \/>\n<meta property=\"og:type\" content=\"article\" \/>\n<meta property=\"og:title\" content=\"- La Componella FCI\" \/>\n<meta property=\"og:description\" content=\"DESIDERIA de Xoconochco Zwyci\u0119zca \u015awiata Weteran\u00f3w 2021!!! Import z Czech Zwyci\u0119zca \u015awiata Weteran\u00f3w 2021 Najlepszy Weteran w rasie Wystawy \u015awiatowej 2021 Champion Bu\u0142garii Grand Champion Bu\u0142garii Champion Ba\u0142kan 3x r.CACIB 3x CAC o.DOUGLAS de Korrantoh m.QUIYOCHI (Hoover) Mex.FCI ma\u015b\u0107 czarna\" \/>\n<meta property=\"og:url\" content=\"https:\/\/lacomponella.com\/WordPress3\/?page_id=1591\" \/>\n<meta property=\"og:site_name\" content=\"La Componella FCI\" \/>\n<meta property=\"article:modified_time\" content=\"2022-05-15T13:53:48+00:00\" \/>\n<meta property=\"og:image\" content=\"https:\/\/lacomponella.com\/WordPress3\/wp-content\/uploads\/2022\/05\/IMG_2689-1024x729.jpg\" \/>\n\t<meta property=\"og:image:width\" content=\"1024\" \/>\n\t<meta property=\"og:image:height\" content=\"729\" \/>\n\t<meta property=\"og:image:type\" content=\"image\/jpeg\" \/>\n<meta name=\"twitter:card\" content=\"summary_large_image\" \/>\n<script type=\"application\/ld+json\" class=\"yoast-schema-graph\">{\"@context\":\"https:\\\/\\\/schema.org\",\"@graph\":[{\"@type\":\"WebPage\",\"@id\":\"https:\\\/\\\/lacomponella.com\\\/WordPress3\\\/?page_id=1591\",\"url\":\"https:\\\/\\\/lacomponella.com\\\/WordPress3\\\/?page_id=1591\",\"name\":\"- La Componella FCI\",\"isPartOf\":{\"@id\":\"https:\\\/\\\/lacomponella.com\\\/WordPress3\\\/#website\"},\"primaryImageOfPage\":{\"@id\":\"https:\\\/\\\/lacomponella.com\\\/WordPress3\\\/?page_id=1591#primaryimage\"},\"image\":{\"@id\":\"https:\\\/\\\/lacomponella.com\\\/WordPress3\\\/?page_id=1591#primaryimage\"},\"thumbnailUrl\":\"http:\\\/\\\/lacomponella.com\\\/WordPress3\\\/wp-content\\\/uploads\\\/2022\\\/05\\\/IMG_2689.jpg\",\"datePublished\":\"2015-11-16T00:59:39+00:00\",\"dateModified\":\"2022-05-15T13:53:48+00:00\",\"inLanguage\":\"pl-PL\",\"potentialAction\":[{\"@type\":\"ReadAction\",\"target\":[\"https:\\\/\\\/lacomponella.com\\\/WordPress3\\\/?page_id=1591\"]}]},{\"@type\":\"ImageObject\",\"inLanguage\":\"pl-PL\",\"@id\":\"https:\\\/\\\/lacomponella.com\\\/WordPress3\\\/?page_id=1591#primaryimage\",\"url\":\"https:\\\/\\\/lacomponella.com\\\/WordPress3\\\/wp-content\\\/uploads\\\/2022\\\/05\\\/IMG_2689.jpg\",\"contentUrl\":\"https:\\\/\\\/lacomponella.com\\\/WordPress3\\\/wp-content\\\/uploads\\\/2022\\\/05\\\/IMG_2689.jpg\",\"width\":5600,\"height\":3986},{\"@type\":\"WebSite\",\"@id\":\"https:\\\/\\\/lacomponella.com\\\/WordPress3\\\/#website\",\"url\":\"https:\\\/\\\/lacomponella.com\\\/WordPress3\\\/\",\"name\":\"La Componella FCI\",\"description\":\"Hodowla Dog Niemiecki, Xolo i Owczarek Belgijski\",\"potentialAction\":[{\"@type\":\"SearchAction\",\"target\":{\"@type\":\"EntryPoint\",\"urlTemplate\":\"https:\\\/\\\/lacomponella.com\\\/WordPress3\\\/?s={search_term_string}\"},\"query-input\":{\"@type\":\"PropertyValueSpecification\",\"valueRequired\":true,\"valueName\":\"search_term_string\"}}],\"inLanguage\":\"pl-PL\"}]}<\/script>\n<!-- \/ Yoast SEO plugin. -->","yoast_head_json":{"title":"- La Componella FCI","robots":{"index":"index","follow":"follow","max-snippet":"max-snippet:-1","max-image-preview":"max-image-preview:large","max-video-preview":"max-video-preview:-1"},"canonical":"https:\/\/lacomponella.com\/WordPress3\/?page_id=1591","og_locale":"pl_PL","og_type":"article","og_title":"- La Componella FCI","og_description":"DESIDERIA de Xoconochco Zwyci\u0119zca \u015awiata Weteran\u00f3w 2021!!! Import z Czech Zwyci\u0119zca \u015awiata Weteran\u00f3w 2021 Najlepszy Weteran w rasie Wystawy \u015awiatowej 2021 Champion Bu\u0142garii Grand Champion Bu\u0142garii Champion Ba\u0142kan 3x r.CACIB 3x CAC o.DOUGLAS de Korrantoh m.QUIYOCHI (Hoover) Mex.FCI ma\u015b\u0107 czarna","og_url":"https:\/\/lacomponella.com\/WordPress3\/?page_id=1591","og_site_name":"La Componella FCI","article_modified_time":"2022-05-15T13:53:48+00:00","og_image":[{"width":1024,"height":729,"url":"https:\/\/lacomponella.com\/WordPress3\/wp-content\/uploads\/2022\/05\/IMG_2689-1024x729.jpg","type":"image\/jpeg"}],"twitter_card":"summary_large_image","schema":{"@context":"https:\/\/schema.org","@graph":[{"@type":"WebPage","@id":"https:\/\/lacomponella.com\/WordPress3\/?page_id=1591","url":"https:\/\/lacomponella.com\/WordPress3\/?page_id=1591","name":"- La Componella FCI","isPartOf":{"@id":"https:\/\/lacomponella.com\/WordPress3\/#website"},"primaryImageOfPage":{"@id":"https:\/\/lacomponella.com\/WordPress3\/?page_id=1591#primaryimage"},"image":{"@id":"https:\/\/lacomponella.com\/WordPress3\/?page_id=1591#primaryimage"},"thumbnailUrl":"http:\/\/lacomponella.com\/WordPress3\/wp-content\/uploads\/2022\/05\/IMG_2689.jpg","datePublished":"2015-11-16T00:59:39+00:00","dateModified":"2022-05-15T13:53:48+00:00","inLanguage":"pl-PL","potentialAction":[{"@type":"ReadAction","target":["https:\/\/lacomponella.com\/WordPress3\/?page_id=1591"]}]},{"@type":"ImageObject","inLanguage":"pl-PL","@id":"https:\/\/lacomponella.com\/WordPress3\/?page_id=1591#primaryimage","url":"https:\/\/lacomponella.com\/WordPress3\/wp-content\/uploads\/2022\/05\/IMG_2689.jpg","contentUrl":"https:\/\/lacomponella.com\/WordPress3\/wp-content\/uploads\/2022\/05\/IMG_2689.jpg","width":5600,"height":3986},{"@type":"WebSite","@id":"https:\/\/lacomponella.com\/WordPress3\/#website","url":"https:\/\/lacomponella.com\/WordPress3\/","name":"La Componella FCI","description":"Hodowla Dog Niemiecki, Xolo i Owczarek Belgijski","potentialAction":[{"@type":"SearchAction","target":{"@type":"EntryPoint","urlTemplate":"https:\/\/lacomponella.com\/WordPress3\/?s={search_term_string}"},"query-input":{"@type":"PropertyValueSpecification","valueRequired":true,"valueName":"search_term_string"}}],"inLanguage":"pl-PL"}]}},"_links":{"self":[{"href":"https:\/\/lacomponella.com\/WordPress3\/index.php?rest_route=\/wp\/v2\/pages\/1591","targetHints":{"allow":["GET"]}}],"collection":[{"href":"https:\/\/lacomponella.com\/WordPress3\/index.php?rest_route=\/wp\/v2\/pages"}],"about":[{"href":"https:\/\/lacomponella.com\/WordPress3\/index.php?rest_route=\/wp\/v2\/types\/page"}],"author":[{"embeddable":true,"href":"https:\/\/lacomponella.com\/WordPress3\/index.php?rest_route=\/wp\/v2\/users\/1"}],"replies":[{"embeddable":true,"href":"https:\/\/lacomponella.com\/WordPress3\/index.php?rest_route=%2Fwp%2Fv2%2Fcomments&post=1591"}],"version-history":[{"count":10,"href":"https:\/\/lacomponella.com\/WordPress3\/index.php?rest_route=\/wp\/v2\/pages\/1591\/revisions"}],"predecessor-version":[{"id":9830,"href":"https:\/\/lacomponella.com\/WordPress3\/index.php?rest_route=\/wp\/v2\/pages\/1591\/revisions\/9830"}],"wp:attachment":[{"href":"https:\/\/lacomponella.com\/WordPress3\/index.php?rest_route=%2Fwp%2Fv2%2Fmedia&parent=1591"}],"curies":[{"name":"wp","href":"https:\/\/api.w.org\/{rel}","templated":true}]}}