{"id":1665,"date":"2015-11-17T14:49:17","date_gmt":"2015-11-17T14:49:17","guid":{"rendered":"http:\/\/lacomponella.com\/WordPress3\/?page_id=1665"},"modified":"2022-01-24T23:33:17","modified_gmt":"2022-01-24T23:33:17","slug":"little-miss-clever-stary-machnac","status":"publish","type":"page","link":"https:\/\/lacomponella.com\/WordPress3\/?page_id=1665","title":{"rendered":"LITTLE MISS CLEVER Stary Machnac"},"content":{"rendered":"<h3 style=\"text-align: center;\"><span style=\"color: #000080;\">Import ze S\u0142owacji<\/span><\/h3>\n<p style=\"text-align: center;\"><strong>Wystawy:<br \/>\n<\/strong><strong>Champion Bu\u0142garii<br \/>\nChampion Polski<\/strong><br \/>\n<strong>3 x CACIB<\/strong><br \/>\n<strong>3x CAC<\/strong><\/p>\n<p style=\"text-align: left;\"><strong>Zdrowie:<\/strong><br \/>\n<strong>Serce (doppler) \u2013 serce zdrowe, brak cech kardiomiopatii rozstrzeniowej\u00a0(DCM), kwalifikacja do rozrodu<strong><br \/>\nHD A\/A (brak dysplazji biodrowej)<br \/>\nED 0\/0 (brak dysplazji \u0142okciowej)<br \/>\nzgryz prawid\u0142owy, uz\u0119bienie pe\u0142ne<\/strong><\/strong><\/p>\n<p><strong>Testy psychiczne zdane<\/strong><br \/>\n<strong>Test BH\u00a0<\/strong><\/p>\n<p><span style=\"color: #000080;\"><strong>ojciec- T.s. L&#8217;EVANGELIST de la Terre Sauvage, HD A, ED 0\/0, HWT x JCh. + Ch.<\/strong><\/span><br \/>\n<span style=\"color: #000080;\"><strong> matka &#8211; KlCh. HAYD\u00c9E HOPE Star\u00fd Machn\u00e1\u010d, HD A, ED 0\/0<\/strong><\/span><\/p>\n<p><img fetchpriority=\"high\" decoding=\"async\" class=\"aligncenter size-full wp-image-9157\" src=\"http:\/\/lacomponella.com\/WordPress3\/wp-content\/uploads\/2022\/01\/IMG_3642.jpg\" alt=\"\" width=\"3880\" height=\"2935\" srcset=\"https:\/\/lacomponella.com\/WordPress3\/wp-content\/uploads\/2022\/01\/IMG_3642.jpg 3880w, https:\/\/lacomponella.com\/WordPress3\/wp-content\/uploads\/2022\/01\/IMG_3642-300x227.jpg 300w, https:\/\/lacomponella.com\/WordPress3\/wp-content\/uploads\/2022\/01\/IMG_3642-768x581.jpg 768w, https:\/\/lacomponella.com\/WordPress3\/wp-content\/uploads\/2022\/01\/IMG_3642-1024x775.jpg 1024w\" sizes=\"(max-width: 3880px) 100vw, 3880px\" \/> <img decoding=\"async\" class=\"aligncenter size-full wp-image-9158\" src=\"http:\/\/lacomponella.com\/WordPress3\/wp-content\/uploads\/2022\/01\/IMG_3644.jpg\" alt=\"\" width=\"2677\" height=\"2153\" srcset=\"https:\/\/lacomponella.com\/WordPress3\/wp-content\/uploads\/2022\/01\/IMG_3644.jpg 2677w, https:\/\/lacomponella.com\/WordPress3\/wp-content\/uploads\/2022\/01\/IMG_3644-300x241.jpg 300w, https:\/\/lacomponella.com\/WordPress3\/wp-content\/uploads\/2022\/01\/IMG_3644-768x618.jpg 768w, https:\/\/lacomponella.com\/WordPress3\/wp-content\/uploads\/2022\/01\/IMG_3644-1024x824.jpg 1024w\" sizes=\"(max-width: 2677px) 100vw, 2677px\" \/><\/p>\n<figure id=\"attachment_9159\" aria-describedby=\"caption-attachment-9159\" style=\"width: 546px\" class=\"wp-caption aligncenter\"><img decoding=\"async\" class=\"size-full wp-image-9159\" src=\"http:\/\/lacomponella.com\/WordPress3\/wp-content\/uploads\/2022\/01\/PB190006.jpg\" alt=\"\" width=\"546\" height=\"742\" srcset=\"https:\/\/lacomponella.com\/WordPress3\/wp-content\/uploads\/2022\/01\/PB190006.jpg 546w, https:\/\/lacomponella.com\/WordPress3\/wp-content\/uploads\/2022\/01\/PB190006-221x300.jpg 221w\" sizes=\"(max-width: 546px) 100vw, 546px\" \/><figcaption id=\"caption-attachment-9159\" class=\"wp-caption-text\">OLYMPUS DIGITAL CAMERA<\/figcaption><\/figure>\n","protected":false},"excerpt":{"rendered":"<p>Import ze S\u0142owacji Wystawy: Champion Bu\u0142garii Champion Polski 3 x CACIB 3x CAC Zdrowie: Serce (doppler) \u2013 serce zdrowe, brak cech kardiomiopatii rozstrzeniowej\u00a0(DCM), kwalifikacja do rozrodu HD A\/A (brak dysplazji biodrowej) ED 0\/0 (brak dysplazji \u0142okciowej) zgryz prawid\u0142owy, uz\u0119bienie pe\u0142ne Testy psychiczne zdane Test BH\u00a0 ojciec- T.s. L&#8217;EVANGELIST de la Terre Sauvage, HD A, ED [&hellip;]<\/p>\n","protected":false},"author":1,"featured_media":0,"parent":0,"menu_order":0,"comment_status":"closed","ping_status":"closed","template":"","meta":{"footnotes":""},"class_list":["post-1665","page","type-page","status-publish","hentry"],"yoast_head":"<!-- This site is optimized with the Yoast SEO plugin v27.5 - https:\/\/yoast.com\/product\/yoast-seo-wordpress\/ -->\n<title>LITTLE MISS CLEVER Stary Machnac - La Componella FCI<\/title>\n<meta name=\"robots\" content=\"index, follow, max-snippet:-1, max-image-preview:large, max-video-preview:-1\" \/>\n<link rel=\"canonical\" href=\"https:\/\/lacomponella.com\/WordPress3\/?page_id=1665\" \/>\n<meta property=\"og:locale\" content=\"pl_PL\" \/>\n<meta property=\"og:type\" content=\"article\" \/>\n<meta property=\"og:title\" content=\"LITTLE MISS CLEVER Stary Machnac - La Componella FCI\" \/>\n<meta property=\"og:description\" content=\"Import ze S\u0142owacji Wystawy: Champion Bu\u0142garii Champion Polski 3 x CACIB 3x CAC Zdrowie: Serce (doppler) \u2013 serce zdrowe, brak cech kardiomiopatii rozstrzeniowej\u00a0(DCM), kwalifikacja do rozrodu HD A\/A (brak dysplazji biodrowej) ED 0\/0 (brak dysplazji \u0142okciowej) zgryz prawid\u0142owy, uz\u0119bienie pe\u0142ne Testy psychiczne zdane Test BH\u00a0 ojciec- T.s. L&#8217;EVANGELIST de la Terre Sauvage, HD A, ED [&hellip;]\" \/>\n<meta property=\"og:url\" content=\"https:\/\/lacomponella.com\/WordPress3\/?page_id=1665\" \/>\n<meta property=\"og:site_name\" content=\"La Componella FCI\" \/>\n<meta property=\"article:modified_time\" content=\"2022-01-24T23:33:17+00:00\" \/>\n<meta property=\"og:image\" content=\"https:\/\/lacomponella.com\/WordPress3\/wp-content\/uploads\/2022\/01\/IMG_3642.jpg\" \/>\n\t<meta property=\"og:image:width\" content=\"3880\" \/>\n\t<meta property=\"og:image:height\" content=\"2935\" \/>\n\t<meta property=\"og:image:type\" content=\"image\/jpeg\" \/>\n<meta name=\"twitter:card\" content=\"summary_large_image\" \/>\n<script type=\"application\/ld+json\" class=\"yoast-schema-graph\">{\"@context\":\"https:\\\/\\\/schema.org\",\"@graph\":[{\"@type\":\"WebPage\",\"@id\":\"https:\\\/\\\/lacomponella.com\\\/WordPress3\\\/?page_id=1665\",\"url\":\"https:\\\/\\\/lacomponella.com\\\/WordPress3\\\/?page_id=1665\",\"name\":\"LITTLE MISS CLEVER Stary Machnac - La Componella FCI\",\"isPartOf\":{\"@id\":\"https:\\\/\\\/lacomponella.com\\\/WordPress3\\\/#website\"},\"primaryImageOfPage\":{\"@id\":\"https:\\\/\\\/lacomponella.com\\\/WordPress3\\\/?page_id=1665#primaryimage\"},\"image\":{\"@id\":\"https:\\\/\\\/lacomponella.com\\\/WordPress3\\\/?page_id=1665#primaryimage\"},\"thumbnailUrl\":\"http:\\\/\\\/lacomponella.com\\\/WordPress3\\\/wp-content\\\/uploads\\\/2022\\\/01\\\/IMG_3642.jpg\",\"datePublished\":\"2015-11-17T14:49:17+00:00\",\"dateModified\":\"2022-01-24T23:33:17+00:00\",\"breadcrumb\":{\"@id\":\"https:\\\/\\\/lacomponella.com\\\/WordPress3\\\/?page_id=1665#breadcrumb\"},\"inLanguage\":\"pl-PL\",\"potentialAction\":[{\"@type\":\"ReadAction\",\"target\":[\"https:\\\/\\\/lacomponella.com\\\/WordPress3\\\/?page_id=1665\"]}]},{\"@type\":\"ImageObject\",\"inLanguage\":\"pl-PL\",\"@id\":\"https:\\\/\\\/lacomponella.com\\\/WordPress3\\\/?page_id=1665#primaryimage\",\"url\":\"https:\\\/\\\/lacomponella.com\\\/WordPress3\\\/wp-content\\\/uploads\\\/2022\\\/01\\\/IMG_3642.jpg\",\"contentUrl\":\"https:\\\/\\\/lacomponella.com\\\/WordPress3\\\/wp-content\\\/uploads\\\/2022\\\/01\\\/IMG_3642.jpg\",\"width\":3880,\"height\":2935},{\"@type\":\"BreadcrumbList\",\"@id\":\"https:\\\/\\\/lacomponella.com\\\/WordPress3\\\/?page_id=1665#breadcrumb\",\"itemListElement\":[{\"@type\":\"ListItem\",\"position\":1,\"name\":\"Strona g\u0142\u00f3wna\",\"item\":\"https:\\\/\\\/lacomponella.com\\\/WordPress3\\\/?page_id=4991\"},{\"@type\":\"ListItem\",\"position\":2,\"name\":\"LITTLE MISS CLEVER Stary Machnac\"}]},{\"@type\":\"WebSite\",\"@id\":\"https:\\\/\\\/lacomponella.com\\\/WordPress3\\\/#website\",\"url\":\"https:\\\/\\\/lacomponella.com\\\/WordPress3\\\/\",\"name\":\"La Componella FCI\",\"description\":\"Hodowla Dog Niemiecki, Xolo i Owczarek Belgijski\",\"potentialAction\":[{\"@type\":\"SearchAction\",\"target\":{\"@type\":\"EntryPoint\",\"urlTemplate\":\"https:\\\/\\\/lacomponella.com\\\/WordPress3\\\/?s={search_term_string}\"},\"query-input\":{\"@type\":\"PropertyValueSpecification\",\"valueRequired\":true,\"valueName\":\"search_term_string\"}}],\"inLanguage\":\"pl-PL\"}]}<\/script>\n<!-- \/ Yoast SEO plugin. -->","yoast_head_json":{"title":"LITTLE MISS CLEVER Stary Machnac - La Componella FCI","robots":{"index":"index","follow":"follow","max-snippet":"max-snippet:-1","max-image-preview":"max-image-preview:large","max-video-preview":"max-video-preview:-1"},"canonical":"https:\/\/lacomponella.com\/WordPress3\/?page_id=1665","og_locale":"pl_PL","og_type":"article","og_title":"LITTLE MISS CLEVER Stary Machnac - La Componella FCI","og_description":"Import ze S\u0142owacji Wystawy: Champion Bu\u0142garii Champion Polski 3 x CACIB 3x CAC Zdrowie: Serce (doppler) \u2013 serce zdrowe, brak cech kardiomiopatii rozstrzeniowej\u00a0(DCM), kwalifikacja do rozrodu HD A\/A (brak dysplazji biodrowej) ED 0\/0 (brak dysplazji \u0142okciowej) zgryz prawid\u0142owy, uz\u0119bienie pe\u0142ne Testy psychiczne zdane Test BH\u00a0 ojciec- T.s. L&#8217;EVANGELIST de la Terre Sauvage, HD A, ED [&hellip;]","og_url":"https:\/\/lacomponella.com\/WordPress3\/?page_id=1665","og_site_name":"La Componella FCI","article_modified_time":"2022-01-24T23:33:17+00:00","og_image":[{"width":3880,"height":2935,"url":"https:\/\/lacomponella.com\/WordPress3\/wp-content\/uploads\/2022\/01\/IMG_3642.jpg","type":"image\/jpeg"}],"twitter_card":"summary_large_image","schema":{"@context":"https:\/\/schema.org","@graph":[{"@type":"WebPage","@id":"https:\/\/lacomponella.com\/WordPress3\/?page_id=1665","url":"https:\/\/lacomponella.com\/WordPress3\/?page_id=1665","name":"LITTLE MISS CLEVER Stary Machnac - La Componella FCI","isPartOf":{"@id":"https:\/\/lacomponella.com\/WordPress3\/#website"},"primaryImageOfPage":{"@id":"https:\/\/lacomponella.com\/WordPress3\/?page_id=1665#primaryimage"},"image":{"@id":"https:\/\/lacomponella.com\/WordPress3\/?page_id=1665#primaryimage"},"thumbnailUrl":"http:\/\/lacomponella.com\/WordPress3\/wp-content\/uploads\/2022\/01\/IMG_3642.jpg","datePublished":"2015-11-17T14:49:17+00:00","dateModified":"2022-01-24T23:33:17+00:00","breadcrumb":{"@id":"https:\/\/lacomponella.com\/WordPress3\/?page_id=1665#breadcrumb"},"inLanguage":"pl-PL","potentialAction":[{"@type":"ReadAction","target":["https:\/\/lacomponella.com\/WordPress3\/?page_id=1665"]}]},{"@type":"ImageObject","inLanguage":"pl-PL","@id":"https:\/\/lacomponella.com\/WordPress3\/?page_id=1665#primaryimage","url":"https:\/\/lacomponella.com\/WordPress3\/wp-content\/uploads\/2022\/01\/IMG_3642.jpg","contentUrl":"https:\/\/lacomponella.com\/WordPress3\/wp-content\/uploads\/2022\/01\/IMG_3642.jpg","width":3880,"height":2935},{"@type":"BreadcrumbList","@id":"https:\/\/lacomponella.com\/WordPress3\/?page_id=1665#breadcrumb","itemListElement":[{"@type":"ListItem","position":1,"name":"Strona g\u0142\u00f3wna","item":"https:\/\/lacomponella.com\/WordPress3\/?page_id=4991"},{"@type":"ListItem","position":2,"name":"LITTLE MISS CLEVER Stary Machnac"}]},{"@type":"WebSite","@id":"https:\/\/lacomponella.com\/WordPress3\/#website","url":"https:\/\/lacomponella.com\/WordPress3\/","name":"La Componella FCI","description":"Hodowla Dog Niemiecki, Xolo i Owczarek Belgijski","potentialAction":[{"@type":"SearchAction","target":{"@type":"EntryPoint","urlTemplate":"https:\/\/lacomponella.com\/WordPress3\/?s={search_term_string}"},"query-input":{"@type":"PropertyValueSpecification","valueRequired":true,"valueName":"search_term_string"}}],"inLanguage":"pl-PL"}]}},"_links":{"self":[{"href":"https:\/\/lacomponella.com\/WordPress3\/index.php?rest_route=\/wp\/v2\/pages\/1665","targetHints":{"allow":["GET"]}}],"collection":[{"href":"https:\/\/lacomponella.com\/WordPress3\/index.php?rest_route=\/wp\/v2\/pages"}],"about":[{"href":"https:\/\/lacomponella.com\/WordPress3\/index.php?rest_route=\/wp\/v2\/types\/page"}],"author":[{"embeddable":true,"href":"https:\/\/lacomponella.com\/WordPress3\/index.php?rest_route=\/wp\/v2\/users\/1"}],"replies":[{"embeddable":true,"href":"https:\/\/lacomponella.com\/WordPress3\/index.php?rest_route=%2Fwp%2Fv2%2Fcomments&post=1665"}],"version-history":[{"count":9,"href":"https:\/\/lacomponella.com\/WordPress3\/index.php?rest_route=\/wp\/v2\/pages\/1665\/revisions"}],"predecessor-version":[{"id":9160,"href":"https:\/\/lacomponella.com\/WordPress3\/index.php?rest_route=\/wp\/v2\/pages\/1665\/revisions\/9160"}],"wp:attachment":[{"href":"https:\/\/lacomponella.com\/WordPress3\/index.php?rest_route=%2Fwp%2Fv2%2Fmedia&parent=1665"}],"curies":[{"name":"wp","href":"https:\/\/api.w.org\/{rel}","templated":true}]}}