{"id":1668,"date":"2015-11-17T14:52:28","date_gmt":"2015-11-17T14:52:28","guid":{"rendered":"http:\/\/lacomponella.com\/WordPress3\/?page_id=1668"},"modified":"2022-01-24T23:34:30","modified_gmt":"2022-01-24T23:34:30","slug":"little-miss-clever-stary-machnac-fci","status":"publish","type":"page","link":"https:\/\/lacomponella.com\/WordPress3\/?page_id=1668","title":{"rendered":""},"content":{"rendered":"<h3 style=\"text-align: center;\">LITTLE MISS CLEVER Stary Machnac FCI<\/h3>\n<h3 style=\"text-align: center;\"><span style=\"color: #000080;\">Import from Slovakia<\/span><\/h3>\n<p><strong>Psychical test \u2013 passed<\/strong><br \/>\n<strong>BH test<\/strong><\/p>\n<p style=\"text-align: center;\"><span style=\"color: #993300;\"><strong>Dogs shows:<\/strong><\/span><br \/>\n<span style=\"color: #993300;\"><strong>o.Interchampion<\/strong><\/span><br \/>\n<span style=\"color: #993300;\"><strong>Champion of Bulgaria<\/strong><\/span><br \/>\n<span style=\"color: #993300;\"><strong>3xCAC<\/strong><\/span><br \/>\n<span style=\"color: #993300;\"><strong>3xCACIB<\/strong><\/span><\/p>\n<p><strong>HEALTH:<br \/>\nHD A\/A<br \/>\nED 0\/0<br \/>\nscissors bite, full teeth<\/strong><br \/>\n<strong>Heart\u2013\u00a0healthy, without DCM,\u00a0approved for breeding<\/strong><\/p>\n<p><strong><span style=\"color: #000080;\">father &#8211; T.s. L&#8217;EVANGELIST de la Terre Sauvage, HD A, ED 0\/0, HWT x JCh. , Ch. + KlCh.<\/span><\/strong><br \/>\n<strong><span style=\"color: #000080;\"> mother- HAYD\u00c9E HOPE Star\u00fd Machn\u00e1\u010d, HD A, ED 0\/0<\/span><\/strong><\/p>\n<p><img fetchpriority=\"high\" decoding=\"async\" class=\"aligncenter size-full wp-image-9162\" src=\"http:\/\/lacomponella.com\/WordPress3\/wp-content\/uploads\/2022\/01\/IMG_3644-1.jpg\" alt=\"\" width=\"2677\" height=\"2153\" srcset=\"https:\/\/lacomponella.com\/WordPress3\/wp-content\/uploads\/2022\/01\/IMG_3644-1.jpg 2677w, https:\/\/lacomponella.com\/WordPress3\/wp-content\/uploads\/2022\/01\/IMG_3644-1-300x241.jpg 300w, https:\/\/lacomponella.com\/WordPress3\/wp-content\/uploads\/2022\/01\/IMG_3644-1-768x618.jpg 768w, https:\/\/lacomponella.com\/WordPress3\/wp-content\/uploads\/2022\/01\/IMG_3644-1-1024x824.jpg 1024w\" sizes=\"(max-width: 2677px) 100vw, 2677px\" \/><\/p>\n<figure id=\"attachment_9163\" aria-describedby=\"caption-attachment-9163\" style=\"width: 546px\" class=\"wp-caption aligncenter\"><img decoding=\"async\" class=\"size-full wp-image-9163\" src=\"http:\/\/lacomponella.com\/WordPress3\/wp-content\/uploads\/2022\/01\/PB190006-1.jpg\" alt=\"\" width=\"546\" height=\"742\" srcset=\"https:\/\/lacomponella.com\/WordPress3\/wp-content\/uploads\/2022\/01\/PB190006-1.jpg 546w, https:\/\/lacomponella.com\/WordPress3\/wp-content\/uploads\/2022\/01\/PB190006-1-221x300.jpg 221w\" sizes=\"(max-width: 546px) 100vw, 546px\" \/><figcaption id=\"caption-attachment-9163\" class=\"wp-caption-text\">OLYMPUS DIGITAL CAMERA<\/figcaption><\/figure>\n","protected":false},"excerpt":{"rendered":"<p>LITTLE MISS CLEVER Stary Machnac FCI Import from Slovakia Psychical test \u2013 passed BH test Dogs shows: o.Interchampion Champion of Bulgaria 3xCAC 3xCACIB HEALTH: HD A\/A ED 0\/0 scissors bite, full teeth Heart\u2013\u00a0healthy, without DCM,\u00a0approved for breeding father &#8211; T.s. L&#8217;EVANGELIST de la Terre Sauvage, HD A, ED 0\/0, HWT x JCh. , Ch. + [&hellip;]<\/p>\n","protected":false},"author":1,"featured_media":0,"parent":0,"menu_order":0,"comment_status":"closed","ping_status":"closed","template":"","meta":{"footnotes":""},"class_list":["post-1668","page","type-page","status-publish","hentry"],"yoast_head":"<!-- This site is optimized with the Yoast SEO plugin v27.5 - https:\/\/yoast.com\/product\/yoast-seo-wordpress\/ -->\n<title>- La Componella FCI<\/title>\n<meta name=\"robots\" content=\"index, follow, max-snippet:-1, max-image-preview:large, max-video-preview:-1\" \/>\n<link rel=\"canonical\" href=\"https:\/\/lacomponella.com\/WordPress3\/?page_id=1668\" \/>\n<meta property=\"og:locale\" content=\"pl_PL\" \/>\n<meta property=\"og:type\" content=\"article\" \/>\n<meta property=\"og:title\" content=\"- La Componella FCI\" \/>\n<meta property=\"og:description\" content=\"LITTLE MISS CLEVER Stary Machnac FCI Import from Slovakia Psychical test \u2013 passed BH test Dogs shows: o.Interchampion Champion of Bulgaria 3xCAC 3xCACIB HEALTH: HD A\/A ED 0\/0 scissors bite, full teeth Heart\u2013\u00a0healthy, without DCM,\u00a0approved for breeding father &#8211; T.s. L&#8217;EVANGELIST de la Terre Sauvage, HD A, ED 0\/0, HWT x JCh. , Ch. + [&hellip;]\" \/>\n<meta property=\"og:url\" content=\"https:\/\/lacomponella.com\/WordPress3\/?page_id=1668\" \/>\n<meta property=\"og:site_name\" content=\"La Componella FCI\" \/>\n<meta property=\"article:modified_time\" content=\"2022-01-24T23:34:30+00:00\" \/>\n<meta property=\"og:image\" content=\"https:\/\/lacomponella.com\/WordPress3\/wp-content\/uploads\/2022\/01\/IMG_3644-1.jpg\" \/>\n\t<meta property=\"og:image:width\" content=\"2677\" \/>\n\t<meta property=\"og:image:height\" content=\"2153\" \/>\n\t<meta property=\"og:image:type\" content=\"image\/jpeg\" \/>\n<meta name=\"twitter:card\" content=\"summary_large_image\" \/>\n<script type=\"application\/ld+json\" class=\"yoast-schema-graph\">{\"@context\":\"https:\\\/\\\/schema.org\",\"@graph\":[{\"@type\":\"WebPage\",\"@id\":\"https:\\\/\\\/lacomponella.com\\\/WordPress3\\\/?page_id=1668\",\"url\":\"https:\\\/\\\/lacomponella.com\\\/WordPress3\\\/?page_id=1668\",\"name\":\"- La Componella FCI\",\"isPartOf\":{\"@id\":\"https:\\\/\\\/lacomponella.com\\\/WordPress3\\\/#website\"},\"primaryImageOfPage\":{\"@id\":\"https:\\\/\\\/lacomponella.com\\\/WordPress3\\\/?page_id=1668#primaryimage\"},\"image\":{\"@id\":\"https:\\\/\\\/lacomponella.com\\\/WordPress3\\\/?page_id=1668#primaryimage\"},\"thumbnailUrl\":\"http:\\\/\\\/lacomponella.com\\\/WordPress3\\\/wp-content\\\/uploads\\\/2022\\\/01\\\/IMG_3644-1.jpg\",\"datePublished\":\"2015-11-17T14:52:28+00:00\",\"dateModified\":\"2022-01-24T23:34:30+00:00\",\"inLanguage\":\"pl-PL\",\"potentialAction\":[{\"@type\":\"ReadAction\",\"target\":[\"https:\\\/\\\/lacomponella.com\\\/WordPress3\\\/?page_id=1668\"]}]},{\"@type\":\"ImageObject\",\"inLanguage\":\"pl-PL\",\"@id\":\"https:\\\/\\\/lacomponella.com\\\/WordPress3\\\/?page_id=1668#primaryimage\",\"url\":\"https:\\\/\\\/lacomponella.com\\\/WordPress3\\\/wp-content\\\/uploads\\\/2022\\\/01\\\/IMG_3644-1.jpg\",\"contentUrl\":\"https:\\\/\\\/lacomponella.com\\\/WordPress3\\\/wp-content\\\/uploads\\\/2022\\\/01\\\/IMG_3644-1.jpg\",\"width\":2677,\"height\":2153},{\"@type\":\"WebSite\",\"@id\":\"https:\\\/\\\/lacomponella.com\\\/WordPress3\\\/#website\",\"url\":\"https:\\\/\\\/lacomponella.com\\\/WordPress3\\\/\",\"name\":\"La Componella FCI\",\"description\":\"Hodowla Dog Niemiecki, Xolo i Owczarek Belgijski\",\"potentialAction\":[{\"@type\":\"SearchAction\",\"target\":{\"@type\":\"EntryPoint\",\"urlTemplate\":\"https:\\\/\\\/lacomponella.com\\\/WordPress3\\\/?s={search_term_string}\"},\"query-input\":{\"@type\":\"PropertyValueSpecification\",\"valueRequired\":true,\"valueName\":\"search_term_string\"}}],\"inLanguage\":\"pl-PL\"}]}<\/script>\n<!-- \/ Yoast SEO plugin. -->","yoast_head_json":{"title":"- La Componella FCI","robots":{"index":"index","follow":"follow","max-snippet":"max-snippet:-1","max-image-preview":"max-image-preview:large","max-video-preview":"max-video-preview:-1"},"canonical":"https:\/\/lacomponella.com\/WordPress3\/?page_id=1668","og_locale":"pl_PL","og_type":"article","og_title":"- La Componella FCI","og_description":"LITTLE MISS CLEVER Stary Machnac FCI Import from Slovakia Psychical test \u2013 passed BH test Dogs shows: o.Interchampion Champion of Bulgaria 3xCAC 3xCACIB HEALTH: HD A\/A ED 0\/0 scissors bite, full teeth Heart\u2013\u00a0healthy, without DCM,\u00a0approved for breeding father &#8211; T.s. L&#8217;EVANGELIST de la Terre Sauvage, HD A, ED 0\/0, HWT x JCh. , Ch. + [&hellip;]","og_url":"https:\/\/lacomponella.com\/WordPress3\/?page_id=1668","og_site_name":"La Componella FCI","article_modified_time":"2022-01-24T23:34:30+00:00","og_image":[{"width":2677,"height":2153,"url":"https:\/\/lacomponella.com\/WordPress3\/wp-content\/uploads\/2022\/01\/IMG_3644-1.jpg","type":"image\/jpeg"}],"twitter_card":"summary_large_image","schema":{"@context":"https:\/\/schema.org","@graph":[{"@type":"WebPage","@id":"https:\/\/lacomponella.com\/WordPress3\/?page_id=1668","url":"https:\/\/lacomponella.com\/WordPress3\/?page_id=1668","name":"- La Componella FCI","isPartOf":{"@id":"https:\/\/lacomponella.com\/WordPress3\/#website"},"primaryImageOfPage":{"@id":"https:\/\/lacomponella.com\/WordPress3\/?page_id=1668#primaryimage"},"image":{"@id":"https:\/\/lacomponella.com\/WordPress3\/?page_id=1668#primaryimage"},"thumbnailUrl":"http:\/\/lacomponella.com\/WordPress3\/wp-content\/uploads\/2022\/01\/IMG_3644-1.jpg","datePublished":"2015-11-17T14:52:28+00:00","dateModified":"2022-01-24T23:34:30+00:00","inLanguage":"pl-PL","potentialAction":[{"@type":"ReadAction","target":["https:\/\/lacomponella.com\/WordPress3\/?page_id=1668"]}]},{"@type":"ImageObject","inLanguage":"pl-PL","@id":"https:\/\/lacomponella.com\/WordPress3\/?page_id=1668#primaryimage","url":"https:\/\/lacomponella.com\/WordPress3\/wp-content\/uploads\/2022\/01\/IMG_3644-1.jpg","contentUrl":"https:\/\/lacomponella.com\/WordPress3\/wp-content\/uploads\/2022\/01\/IMG_3644-1.jpg","width":2677,"height":2153},{"@type":"WebSite","@id":"https:\/\/lacomponella.com\/WordPress3\/#website","url":"https:\/\/lacomponella.com\/WordPress3\/","name":"La Componella FCI","description":"Hodowla Dog Niemiecki, Xolo i Owczarek Belgijski","potentialAction":[{"@type":"SearchAction","target":{"@type":"EntryPoint","urlTemplate":"https:\/\/lacomponella.com\/WordPress3\/?s={search_term_string}"},"query-input":{"@type":"PropertyValueSpecification","valueRequired":true,"valueName":"search_term_string"}}],"inLanguage":"pl-PL"}]}},"_links":{"self":[{"href":"https:\/\/lacomponella.com\/WordPress3\/index.php?rest_route=\/wp\/v2\/pages\/1668","targetHints":{"allow":["GET"]}}],"collection":[{"href":"https:\/\/lacomponella.com\/WordPress3\/index.php?rest_route=\/wp\/v2\/pages"}],"about":[{"href":"https:\/\/lacomponella.com\/WordPress3\/index.php?rest_route=\/wp\/v2\/types\/page"}],"author":[{"embeddable":true,"href":"https:\/\/lacomponella.com\/WordPress3\/index.php?rest_route=\/wp\/v2\/users\/1"}],"replies":[{"embeddable":true,"href":"https:\/\/lacomponella.com\/WordPress3\/index.php?rest_route=%2Fwp%2Fv2%2Fcomments&post=1668"}],"version-history":[{"count":11,"href":"https:\/\/lacomponella.com\/WordPress3\/index.php?rest_route=\/wp\/v2\/pages\/1668\/revisions"}],"predecessor-version":[{"id":9164,"href":"https:\/\/lacomponella.com\/WordPress3\/index.php?rest_route=\/wp\/v2\/pages\/1668\/revisions\/9164"}],"wp:attachment":[{"href":"https:\/\/lacomponella.com\/WordPress3\/index.php?rest_route=%2Fwp%2Fv2%2Fmedia&parent=1668"}],"curies":[{"name":"wp","href":"https:\/\/api.w.org\/{rel}","templated":true}]}}