{"id":1677,"date":"2015-11-29T00:51:43","date_gmt":"2015-11-29T00:51:43","guid":{"rendered":"http:\/\/lacomponella.com\/WordPress3\/?page_id=1677"},"modified":"2020-10-24T20:55:40","modified_gmt":"2020-10-24T20:55:40","slug":"little-miss-daydream-stary-machnac-fci","status":"publish","type":"page","link":"https:\/\/lacomponella.com\/WordPress3\/?page_id=1677","title":{"rendered":""},"content":{"rendered":"<h3 style=\"text-align: center;\">LITTLE MISS DAYDREAM Stary Machnac FCI<\/h3>\n<h3 style=\"text-align: center;\"><span style=\"color: #800080;\">Import from Slovakia<br \/>\nBest breeding Female 2020!<\/span><\/h3>\n<p style=\"text-align: center;\"><span style=\"color: #993300;\"><strong>Dogs shows:<\/strong><\/span><br \/>\n<span style=\"color: #993300;\"><strong>Champion of Bulgaria<\/strong><\/span><br \/>\n<span style=\"color: #993300;\"><strong>3xCAC<\/strong><\/span><br \/>\n<span style=\"color: #993300;\"><strong>3xr. CACIB<\/strong><\/span><\/p>\n<p><strong>HEALTH:<br \/>\nHD A\/A<br \/>\nED 0\/0<br \/>\nscissors bite, full teeth<\/strong><br \/>\n<strong>Heart\u2013\u00a0healthy, without DCM,\u00a0approved for breeding<br \/>\n<\/strong><strong>\u00a0<\/strong><br \/>\n<strong>Psychical test \u2013 passed<\/strong><br \/>\n<strong>BH test<\/strong><\/p>\n<p><strong><span style=\"color: #000080;\">father \u2013 T.s. L\u2019EVANGELIST de la Terre Sauvage, HD A, ED 0\/0, HWT x JCh. , Ch. + KlCh.<\/span><\/strong><br \/>\n<strong><span style=\"color: #000080;\"> mother- HAYD\u00c9E HOPE Star\u00fd Machn\u00e1\u010d, HD A, ED 0\/0<\/span><\/strong><\/p>\n<p><a href=\"http:\/\/lacomponella.com\/WordPress3\/wp-content\/uploads\/2015\/11\/IMG_3574.jpg\"><img fetchpriority=\"high\" decoding=\"async\" class=\"alignright size-large wp-image-1809\" src=\"http:\/\/lacomponella.com\/WordPress3\/wp-content\/uploads\/2015\/11\/IMG_3574-1024x683.jpg\" alt=\"IMG_3574\" width=\"604\" height=\"403\" srcset=\"https:\/\/lacomponella.com\/WordPress3\/wp-content\/uploads\/2015\/11\/IMG_3574-1024x683.jpg 1024w, https:\/\/lacomponella.com\/WordPress3\/wp-content\/uploads\/2015\/11\/IMG_3574-300x200.jpg 300w\" sizes=\"(max-width: 604px) 100vw, 604px\" \/><\/a><\/p>\n","protected":false},"excerpt":{"rendered":"<p>LITTLE MISS DAYDREAM Stary Machnac FCI Import from Slovakia Best breeding Female 2020! Dogs shows: Champion of Bulgaria 3xCAC 3xr. CACIB HEALTH: HD A\/A ED 0\/0 scissors bite, full teeth Heart\u2013\u00a0healthy, without DCM,\u00a0approved for breeding \u00a0 Psychical test \u2013 passed BH test father \u2013 T.s. L\u2019EVANGELIST de la Terre Sauvage, HD A, ED 0\/0, HWT [&hellip;]<\/p>\n","protected":false},"author":1,"featured_media":0,"parent":0,"menu_order":0,"comment_status":"closed","ping_status":"closed","template":"","meta":{"footnotes":""},"class_list":["post-1677","page","type-page","status-publish","hentry"],"yoast_head":"<!-- This site is optimized with the Yoast SEO plugin v27.4 - https:\/\/yoast.com\/product\/yoast-seo-wordpress\/ -->\n<title>- La Componella FCI<\/title>\n<meta name=\"robots\" content=\"index, follow, max-snippet:-1, max-image-preview:large, max-video-preview:-1\" \/>\n<link rel=\"canonical\" href=\"https:\/\/lacomponella.com\/WordPress3\/?page_id=1677\" \/>\n<meta property=\"og:locale\" content=\"pl_PL\" \/>\n<meta property=\"og:type\" content=\"article\" \/>\n<meta property=\"og:title\" content=\"- La Componella FCI\" \/>\n<meta property=\"og:description\" content=\"LITTLE MISS DAYDREAM Stary Machnac FCI Import from Slovakia Best breeding Female 2020! Dogs shows: Champion of Bulgaria 3xCAC 3xr. CACIB HEALTH: HD A\/A ED 0\/0 scissors bite, full teeth Heart\u2013\u00a0healthy, without DCM,\u00a0approved for breeding \u00a0 Psychical test \u2013 passed BH test father \u2013 T.s. L\u2019EVANGELIST de la Terre Sauvage, HD A, ED 0\/0, HWT [&hellip;]\" \/>\n<meta property=\"og:url\" content=\"https:\/\/lacomponella.com\/WordPress3\/?page_id=1677\" \/>\n<meta property=\"og:site_name\" content=\"La Componella FCI\" \/>\n<meta property=\"article:modified_time\" content=\"2020-10-24T20:55:40+00:00\" \/>\n<meta property=\"og:image\" content=\"https:\/\/lacomponella.com\/WordPress3\/wp-content\/uploads\/2015\/11\/IMG_3574.jpg\" \/>\n\t<meta property=\"og:image:width\" content=\"2592\" \/>\n\t<meta property=\"og:image:height\" content=\"1728\" \/>\n\t<meta property=\"og:image:type\" content=\"image\/jpeg\" \/>\n<meta name=\"twitter:card\" content=\"summary_large_image\" \/>\n<script type=\"application\/ld+json\" class=\"yoast-schema-graph\">{\"@context\":\"https:\\\/\\\/schema.org\",\"@graph\":[{\"@type\":\"WebPage\",\"@id\":\"https:\\\/\\\/lacomponella.com\\\/WordPress3\\\/?page_id=1677\",\"url\":\"https:\\\/\\\/lacomponella.com\\\/WordPress3\\\/?page_id=1677\",\"name\":\"- La Componella FCI\",\"isPartOf\":{\"@id\":\"https:\\\/\\\/lacomponella.com\\\/WordPress3\\\/#website\"},\"primaryImageOfPage\":{\"@id\":\"https:\\\/\\\/lacomponella.com\\\/WordPress3\\\/?page_id=1677#primaryimage\"},\"image\":{\"@id\":\"https:\\\/\\\/lacomponella.com\\\/WordPress3\\\/?page_id=1677#primaryimage\"},\"thumbnailUrl\":\"http:\\\/\\\/lacomponella.com\\\/WordPress3\\\/wp-content\\\/uploads\\\/2015\\\/11\\\/IMG_3574-1024x683.jpg\",\"datePublished\":\"2015-11-29T00:51:43+00:00\",\"dateModified\":\"2020-10-24T20:55:40+00:00\",\"inLanguage\":\"pl-PL\",\"potentialAction\":[{\"@type\":\"ReadAction\",\"target\":[\"https:\\\/\\\/lacomponella.com\\\/WordPress3\\\/?page_id=1677\"]}]},{\"@type\":\"ImageObject\",\"inLanguage\":\"pl-PL\",\"@id\":\"https:\\\/\\\/lacomponella.com\\\/WordPress3\\\/?page_id=1677#primaryimage\",\"url\":\"https:\\\/\\\/lacomponella.com\\\/WordPress3\\\/wp-content\\\/uploads\\\/2015\\\/11\\\/IMG_3574.jpg\",\"contentUrl\":\"https:\\\/\\\/lacomponella.com\\\/WordPress3\\\/wp-content\\\/uploads\\\/2015\\\/11\\\/IMG_3574.jpg\",\"width\":2592,\"height\":1728},{\"@type\":\"WebSite\",\"@id\":\"https:\\\/\\\/lacomponella.com\\\/WordPress3\\\/#website\",\"url\":\"https:\\\/\\\/lacomponella.com\\\/WordPress3\\\/\",\"name\":\"La Componella FCI\",\"description\":\"Hodowla Dog Niemiecki, Xolo i Owczarek Belgijski\",\"potentialAction\":[{\"@type\":\"SearchAction\",\"target\":{\"@type\":\"EntryPoint\",\"urlTemplate\":\"https:\\\/\\\/lacomponella.com\\\/WordPress3\\\/?s={search_term_string}\"},\"query-input\":{\"@type\":\"PropertyValueSpecification\",\"valueRequired\":true,\"valueName\":\"search_term_string\"}}],\"inLanguage\":\"pl-PL\"}]}<\/script>\n<!-- \/ Yoast SEO plugin. -->","yoast_head_json":{"title":"- La Componella FCI","robots":{"index":"index","follow":"follow","max-snippet":"max-snippet:-1","max-image-preview":"max-image-preview:large","max-video-preview":"max-video-preview:-1"},"canonical":"https:\/\/lacomponella.com\/WordPress3\/?page_id=1677","og_locale":"pl_PL","og_type":"article","og_title":"- La Componella FCI","og_description":"LITTLE MISS DAYDREAM Stary Machnac FCI Import from Slovakia Best breeding Female 2020! Dogs shows: Champion of Bulgaria 3xCAC 3xr. CACIB HEALTH: HD A\/A ED 0\/0 scissors bite, full teeth Heart\u2013\u00a0healthy, without DCM,\u00a0approved for breeding \u00a0 Psychical test \u2013 passed BH test father \u2013 T.s. L\u2019EVANGELIST de la Terre Sauvage, HD A, ED 0\/0, HWT [&hellip;]","og_url":"https:\/\/lacomponella.com\/WordPress3\/?page_id=1677","og_site_name":"La Componella FCI","article_modified_time":"2020-10-24T20:55:40+00:00","og_image":[{"width":2592,"height":1728,"url":"https:\/\/lacomponella.com\/WordPress3\/wp-content\/uploads\/2015\/11\/IMG_3574.jpg","type":"image\/jpeg"}],"twitter_card":"summary_large_image","schema":{"@context":"https:\/\/schema.org","@graph":[{"@type":"WebPage","@id":"https:\/\/lacomponella.com\/WordPress3\/?page_id=1677","url":"https:\/\/lacomponella.com\/WordPress3\/?page_id=1677","name":"- La Componella FCI","isPartOf":{"@id":"https:\/\/lacomponella.com\/WordPress3\/#website"},"primaryImageOfPage":{"@id":"https:\/\/lacomponella.com\/WordPress3\/?page_id=1677#primaryimage"},"image":{"@id":"https:\/\/lacomponella.com\/WordPress3\/?page_id=1677#primaryimage"},"thumbnailUrl":"http:\/\/lacomponella.com\/WordPress3\/wp-content\/uploads\/2015\/11\/IMG_3574-1024x683.jpg","datePublished":"2015-11-29T00:51:43+00:00","dateModified":"2020-10-24T20:55:40+00:00","inLanguage":"pl-PL","potentialAction":[{"@type":"ReadAction","target":["https:\/\/lacomponella.com\/WordPress3\/?page_id=1677"]}]},{"@type":"ImageObject","inLanguage":"pl-PL","@id":"https:\/\/lacomponella.com\/WordPress3\/?page_id=1677#primaryimage","url":"https:\/\/lacomponella.com\/WordPress3\/wp-content\/uploads\/2015\/11\/IMG_3574.jpg","contentUrl":"https:\/\/lacomponella.com\/WordPress3\/wp-content\/uploads\/2015\/11\/IMG_3574.jpg","width":2592,"height":1728},{"@type":"WebSite","@id":"https:\/\/lacomponella.com\/WordPress3\/#website","url":"https:\/\/lacomponella.com\/WordPress3\/","name":"La Componella FCI","description":"Hodowla Dog Niemiecki, Xolo i Owczarek Belgijski","potentialAction":[{"@type":"SearchAction","target":{"@type":"EntryPoint","urlTemplate":"https:\/\/lacomponella.com\/WordPress3\/?s={search_term_string}"},"query-input":{"@type":"PropertyValueSpecification","valueRequired":true,"valueName":"search_term_string"}}],"inLanguage":"pl-PL"}]}},"_links":{"self":[{"href":"https:\/\/lacomponella.com\/WordPress3\/index.php?rest_route=\/wp\/v2\/pages\/1677","targetHints":{"allow":["GET"]}}],"collection":[{"href":"https:\/\/lacomponella.com\/WordPress3\/index.php?rest_route=\/wp\/v2\/pages"}],"about":[{"href":"https:\/\/lacomponella.com\/WordPress3\/index.php?rest_route=\/wp\/v2\/types\/page"}],"author":[{"embeddable":true,"href":"https:\/\/lacomponella.com\/WordPress3\/index.php?rest_route=\/wp\/v2\/users\/1"}],"replies":[{"embeddable":true,"href":"https:\/\/lacomponella.com\/WordPress3\/index.php?rest_route=%2Fwp%2Fv2%2Fcomments&post=1677"}],"version-history":[{"count":11,"href":"https:\/\/lacomponella.com\/WordPress3\/index.php?rest_route=\/wp\/v2\/pages\/1677\/revisions"}],"predecessor-version":[{"id":8214,"href":"https:\/\/lacomponella.com\/WordPress3\/index.php?rest_route=\/wp\/v2\/pages\/1677\/revisions\/8214"}],"wp:attachment":[{"href":"https:\/\/lacomponella.com\/WordPress3\/index.php?rest_route=%2Fwp%2Fv2%2Fmedia&parent=1677"}],"curies":[{"name":"wp","href":"https:\/\/api.w.org\/{rel}","templated":true}]}}