{"id":1994,"date":"2016-01-02T19:12:35","date_gmt":"2016-01-02T19:12:35","guid":{"rendered":"http:\/\/lacomponella.com\/WordPress3\/?page_id=1994"},"modified":"2020-12-29T21:49:04","modified_gmt":"2020-12-29T21:49:04","slug":"masha-cro-matic","status":"publish","type":"page","link":"https:\/\/lacomponella.com\/WordPress3\/?page_id=1994","title":{"rendered":"MASHA Cro Matic"},"content":{"rendered":"<h3 style=\"text-align: center;\"><span style=\"color: #000080;\"><strong>Import z Chorwacji<\/strong><\/span><\/h3>\n<p><strong>Testy psychiczne zdane<\/strong><br \/>\n<strong>Test BH\u00a0<\/strong><\/p>\n<p style=\"text-align: center;\"><strong>Wystawy:<br \/>\no.Interchampion!!<\/strong><br \/>\n<strong>Champion Bu\u0142garii<\/strong><br \/>\n<strong>3 x CACIB<\/strong><br \/>\n<strong>3x CAC<\/strong><\/p>\n<p style=\"text-align: left;\"><strong>Zdrowie:<\/strong><br \/>\n<strong>Serce (doppler) \u2013 serce zdrowe, brak cech kardiomiopatii rozstrzeniowej\u00a0(DCM), kwalifikacja do rozrodu<strong><br \/>\nHD A\/A (brak dysplazji biodrowej)<br \/>\nED 0\/0 (brak dysplazji \u0142okciowej)<br \/>\nzgryz prawid\u0142owy, uz\u0119bienie pe\u0142ne<\/strong><\/strong><\/p>\n<p>ojciec\u00a0&#8211; CUPIDO COMME Un Reve Noir<br \/>\nmatka- ROMA NERA Biser od Ravanice<\/p>\n<p><a href=\"http:\/\/lacomponella.com\/WordPress3\/wp-content\/uploads\/2016\/01\/16797382_1419987711386397_7963564158288042950_o1.jpg\"><img fetchpriority=\"high\" decoding=\"async\" class=\"aligncenter size-full wp-image-3542\" src=\"http:\/\/lacomponella.com\/WordPress3\/wp-content\/uploads\/2016\/01\/16797382_1419987711386397_7963564158288042950_o1.jpg\" alt=\"16797382_1419987711386397_7963564158288042950_o\" width=\"752\" height=\"960\" srcset=\"https:\/\/lacomponella.com\/WordPress3\/wp-content\/uploads\/2016\/01\/16797382_1419987711386397_7963564158288042950_o1.jpg 752w, https:\/\/lacomponella.com\/WordPress3\/wp-content\/uploads\/2016\/01\/16797382_1419987711386397_7963564158288042950_o1-235x300.jpg 235w\" sizes=\"(max-width: 752px) 100vw, 752px\" \/><\/a><\/p>\n<p><a href=\"http:\/\/lacomponella.com\/WordPress3\/wp-content\/uploads\/2016\/01\/12431629_1024145934310441_58998571_n.jpg\"><img decoding=\"async\" class=\"alignright size-full wp-image-1995\" src=\"http:\/\/lacomponella.com\/WordPress3\/wp-content\/uploads\/2016\/01\/12431629_1024145934310441_58998571_n.jpg\" alt=\"12431629_1024145934310441_58998571_n\" width=\"833\" height=\"960\" srcset=\"https:\/\/lacomponella.com\/WordPress3\/wp-content\/uploads\/2016\/01\/12431629_1024145934310441_58998571_n.jpg 833w, https:\/\/lacomponella.com\/WordPress3\/wp-content\/uploads\/2016\/01\/12431629_1024145934310441_58998571_n-260x300.jpg 260w\" sizes=\"(max-width: 833px) 100vw, 833px\" \/><\/a> <a href=\"http:\/\/lacomponella.com\/WordPress3\/wp-content\/uploads\/2016\/01\/12434577_1024149190976782_234445937_n.jpg\"><img decoding=\"async\" class=\"alignright size-large wp-image-1996\" src=\"http:\/\/lacomponella.com\/WordPress3\/wp-content\/uploads\/2016\/01\/12434577_1024149190976782_234445937_n.jpg\" alt=\"12434577_1024149190976782_234445937_n\" width=\"604\" height=\"453\" srcset=\"https:\/\/lacomponella.com\/WordPress3\/wp-content\/uploads\/2016\/01\/12434577_1024149190976782_234445937_n.jpg 960w, https:\/\/lacomponella.com\/WordPress3\/wp-content\/uploads\/2016\/01\/12434577_1024149190976782_234445937_n-300x225.jpg 300w\" sizes=\"(max-width: 604px) 100vw, 604px\" \/><\/a> <a href=\"http:\/\/lacomponella.com\/WordPress3\/wp-content\/uploads\/2016\/01\/masha-rod.jpg\"><img loading=\"lazy\" decoding=\"async\" class=\"alignright size-large wp-image-1997\" src=\"http:\/\/lacomponella.com\/WordPress3\/wp-content\/uploads\/2016\/01\/masha-rod.jpg\" alt=\"masha rod\" width=\"604\" height=\"439\" srcset=\"https:\/\/lacomponella.com\/WordPress3\/wp-content\/uploads\/2016\/01\/masha-rod.jpg 960w, https:\/\/lacomponella.com\/WordPress3\/wp-content\/uploads\/2016\/01\/masha-rod-300x218.jpg 300w\" sizes=\"(max-width: 604px) 100vw, 604px\" \/><\/a><\/p>\n","protected":false},"excerpt":{"rendered":"<p>Import z Chorwacji Testy psychiczne zdane Test BH\u00a0 Wystawy: o.Interchampion!! Champion Bu\u0142garii 3 x CACIB 3x CAC Zdrowie: Serce (doppler) \u2013 serce zdrowe, brak cech kardiomiopatii rozstrzeniowej\u00a0(DCM), kwalifikacja do rozrodu HD A\/A (brak dysplazji biodrowej) ED 0\/0 (brak dysplazji \u0142okciowej) zgryz prawid\u0142owy, uz\u0119bienie pe\u0142ne ojciec\u00a0&#8211; CUPIDO COMME Un Reve Noir matka- ROMA NERA Biser od [&hellip;]<\/p>\n","protected":false},"author":1,"featured_media":0,"parent":0,"menu_order":0,"comment_status":"closed","ping_status":"closed","template":"","meta":{"footnotes":""},"class_list":["post-1994","page","type-page","status-publish","hentry"],"yoast_head":"<!-- This site is optimized with the Yoast SEO plugin v27.4 - https:\/\/yoast.com\/product\/yoast-seo-wordpress\/ -->\n<title>MASHA Cro Matic - La Componella FCI<\/title>\n<meta name=\"robots\" content=\"index, follow, max-snippet:-1, max-image-preview:large, max-video-preview:-1\" \/>\n<link rel=\"canonical\" href=\"https:\/\/lacomponella.com\/WordPress3\/?page_id=1994\" \/>\n<meta property=\"og:locale\" content=\"pl_PL\" \/>\n<meta property=\"og:type\" content=\"article\" \/>\n<meta property=\"og:title\" content=\"MASHA Cro Matic - La Componella FCI\" \/>\n<meta property=\"og:description\" content=\"Import z Chorwacji Testy psychiczne zdane Test BH\u00a0 Wystawy: o.Interchampion!! Champion Bu\u0142garii 3 x CACIB 3x CAC Zdrowie: Serce (doppler) \u2013 serce zdrowe, brak cech kardiomiopatii rozstrzeniowej\u00a0(DCM), kwalifikacja do rozrodu HD A\/A (brak dysplazji biodrowej) ED 0\/0 (brak dysplazji \u0142okciowej) zgryz prawid\u0142owy, uz\u0119bienie pe\u0142ne ojciec\u00a0&#8211; CUPIDO COMME Un Reve Noir matka- ROMA NERA Biser od [&hellip;]\" \/>\n<meta property=\"og:url\" content=\"https:\/\/lacomponella.com\/WordPress3\/?page_id=1994\" \/>\n<meta property=\"og:site_name\" content=\"La Componella FCI\" \/>\n<meta property=\"article:modified_time\" content=\"2020-12-29T21:49:04+00:00\" \/>\n<meta property=\"og:image\" content=\"https:\/\/lacomponella.com\/WordPress3\/wp-content\/uploads\/2016\/01\/16797382_1419987711386397_7963564158288042950_o1.jpg\" \/>\n\t<meta property=\"og:image:width\" content=\"752\" \/>\n\t<meta property=\"og:image:height\" content=\"960\" \/>\n\t<meta property=\"og:image:type\" content=\"image\/jpeg\" \/>\n<meta name=\"twitter:card\" content=\"summary_large_image\" \/>\n<script type=\"application\/ld+json\" class=\"yoast-schema-graph\">{\"@context\":\"https:\\\/\\\/schema.org\",\"@graph\":[{\"@type\":\"WebPage\",\"@id\":\"https:\\\/\\\/lacomponella.com\\\/WordPress3\\\/?page_id=1994\",\"url\":\"https:\\\/\\\/lacomponella.com\\\/WordPress3\\\/?page_id=1994\",\"name\":\"MASHA Cro Matic - La Componella FCI\",\"isPartOf\":{\"@id\":\"https:\\\/\\\/lacomponella.com\\\/WordPress3\\\/#website\"},\"primaryImageOfPage\":{\"@id\":\"https:\\\/\\\/lacomponella.com\\\/WordPress3\\\/?page_id=1994#primaryimage\"},\"image\":{\"@id\":\"https:\\\/\\\/lacomponella.com\\\/WordPress3\\\/?page_id=1994#primaryimage\"},\"thumbnailUrl\":\"http:\\\/\\\/lacomponella.com\\\/WordPress3\\\/wp-content\\\/uploads\\\/2016\\\/01\\\/16797382_1419987711386397_7963564158288042950_o1.jpg\",\"datePublished\":\"2016-01-02T19:12:35+00:00\",\"dateModified\":\"2020-12-29T21:49:04+00:00\",\"breadcrumb\":{\"@id\":\"https:\\\/\\\/lacomponella.com\\\/WordPress3\\\/?page_id=1994#breadcrumb\"},\"inLanguage\":\"pl-PL\",\"potentialAction\":[{\"@type\":\"ReadAction\",\"target\":[\"https:\\\/\\\/lacomponella.com\\\/WordPress3\\\/?page_id=1994\"]}]},{\"@type\":\"ImageObject\",\"inLanguage\":\"pl-PL\",\"@id\":\"https:\\\/\\\/lacomponella.com\\\/WordPress3\\\/?page_id=1994#primaryimage\",\"url\":\"http:\\\/\\\/lacomponella.com\\\/WordPress3\\\/wp-content\\\/uploads\\\/2016\\\/01\\\/16797382_1419987711386397_7963564158288042950_o1.jpg\",\"contentUrl\":\"http:\\\/\\\/lacomponella.com\\\/WordPress3\\\/wp-content\\\/uploads\\\/2016\\\/01\\\/16797382_1419987711386397_7963564158288042950_o1.jpg\"},{\"@type\":\"BreadcrumbList\",\"@id\":\"https:\\\/\\\/lacomponella.com\\\/WordPress3\\\/?page_id=1994#breadcrumb\",\"itemListElement\":[{\"@type\":\"ListItem\",\"position\":1,\"name\":\"Strona g\u0142\u00f3wna\",\"item\":\"https:\\\/\\\/lacomponella.com\\\/WordPress3\\\/?page_id=4991\"},{\"@type\":\"ListItem\",\"position\":2,\"name\":\"MASHA Cro Matic\"}]},{\"@type\":\"WebSite\",\"@id\":\"https:\\\/\\\/lacomponella.com\\\/WordPress3\\\/#website\",\"url\":\"https:\\\/\\\/lacomponella.com\\\/WordPress3\\\/\",\"name\":\"La Componella FCI\",\"description\":\"Hodowla Dog Niemiecki, Xolo i Owczarek Belgijski\",\"potentialAction\":[{\"@type\":\"SearchAction\",\"target\":{\"@type\":\"EntryPoint\",\"urlTemplate\":\"https:\\\/\\\/lacomponella.com\\\/WordPress3\\\/?s={search_term_string}\"},\"query-input\":{\"@type\":\"PropertyValueSpecification\",\"valueRequired\":true,\"valueName\":\"search_term_string\"}}],\"inLanguage\":\"pl-PL\"}]}<\/script>\n<!-- \/ Yoast SEO plugin. -->","yoast_head_json":{"title":"MASHA Cro Matic - La Componella FCI","robots":{"index":"index","follow":"follow","max-snippet":"max-snippet:-1","max-image-preview":"max-image-preview:large","max-video-preview":"max-video-preview:-1"},"canonical":"https:\/\/lacomponella.com\/WordPress3\/?page_id=1994","og_locale":"pl_PL","og_type":"article","og_title":"MASHA Cro Matic - La Componella FCI","og_description":"Import z Chorwacji Testy psychiczne zdane Test BH\u00a0 Wystawy: o.Interchampion!! Champion Bu\u0142garii 3 x CACIB 3x CAC Zdrowie: Serce (doppler) \u2013 serce zdrowe, brak cech kardiomiopatii rozstrzeniowej\u00a0(DCM), kwalifikacja do rozrodu HD A\/A (brak dysplazji biodrowej) ED 0\/0 (brak dysplazji \u0142okciowej) zgryz prawid\u0142owy, uz\u0119bienie pe\u0142ne ojciec\u00a0&#8211; CUPIDO COMME Un Reve Noir matka- ROMA NERA Biser od [&hellip;]","og_url":"https:\/\/lacomponella.com\/WordPress3\/?page_id=1994","og_site_name":"La Componella FCI","article_modified_time":"2020-12-29T21:49:04+00:00","og_image":[{"width":752,"height":960,"url":"https:\/\/lacomponella.com\/WordPress3\/wp-content\/uploads\/2016\/01\/16797382_1419987711386397_7963564158288042950_o1.jpg","type":"image\/jpeg"}],"twitter_card":"summary_large_image","schema":{"@context":"https:\/\/schema.org","@graph":[{"@type":"WebPage","@id":"https:\/\/lacomponella.com\/WordPress3\/?page_id=1994","url":"https:\/\/lacomponella.com\/WordPress3\/?page_id=1994","name":"MASHA Cro Matic - La Componella FCI","isPartOf":{"@id":"https:\/\/lacomponella.com\/WordPress3\/#website"},"primaryImageOfPage":{"@id":"https:\/\/lacomponella.com\/WordPress3\/?page_id=1994#primaryimage"},"image":{"@id":"https:\/\/lacomponella.com\/WordPress3\/?page_id=1994#primaryimage"},"thumbnailUrl":"http:\/\/lacomponella.com\/WordPress3\/wp-content\/uploads\/2016\/01\/16797382_1419987711386397_7963564158288042950_o1.jpg","datePublished":"2016-01-02T19:12:35+00:00","dateModified":"2020-12-29T21:49:04+00:00","breadcrumb":{"@id":"https:\/\/lacomponella.com\/WordPress3\/?page_id=1994#breadcrumb"},"inLanguage":"pl-PL","potentialAction":[{"@type":"ReadAction","target":["https:\/\/lacomponella.com\/WordPress3\/?page_id=1994"]}]},{"@type":"ImageObject","inLanguage":"pl-PL","@id":"https:\/\/lacomponella.com\/WordPress3\/?page_id=1994#primaryimage","url":"http:\/\/lacomponella.com\/WordPress3\/wp-content\/uploads\/2016\/01\/16797382_1419987711386397_7963564158288042950_o1.jpg","contentUrl":"http:\/\/lacomponella.com\/WordPress3\/wp-content\/uploads\/2016\/01\/16797382_1419987711386397_7963564158288042950_o1.jpg"},{"@type":"BreadcrumbList","@id":"https:\/\/lacomponella.com\/WordPress3\/?page_id=1994#breadcrumb","itemListElement":[{"@type":"ListItem","position":1,"name":"Strona g\u0142\u00f3wna","item":"https:\/\/lacomponella.com\/WordPress3\/?page_id=4991"},{"@type":"ListItem","position":2,"name":"MASHA Cro Matic"}]},{"@type":"WebSite","@id":"https:\/\/lacomponella.com\/WordPress3\/#website","url":"https:\/\/lacomponella.com\/WordPress3\/","name":"La Componella FCI","description":"Hodowla Dog Niemiecki, Xolo i Owczarek Belgijski","potentialAction":[{"@type":"SearchAction","target":{"@type":"EntryPoint","urlTemplate":"https:\/\/lacomponella.com\/WordPress3\/?s={search_term_string}"},"query-input":{"@type":"PropertyValueSpecification","valueRequired":true,"valueName":"search_term_string"}}],"inLanguage":"pl-PL"}]}},"_links":{"self":[{"href":"https:\/\/lacomponella.com\/WordPress3\/index.php?rest_route=\/wp\/v2\/pages\/1994","targetHints":{"allow":["GET"]}}],"collection":[{"href":"https:\/\/lacomponella.com\/WordPress3\/index.php?rest_route=\/wp\/v2\/pages"}],"about":[{"href":"https:\/\/lacomponella.com\/WordPress3\/index.php?rest_route=\/wp\/v2\/types\/page"}],"author":[{"embeddable":true,"href":"https:\/\/lacomponella.com\/WordPress3\/index.php?rest_route=\/wp\/v2\/users\/1"}],"replies":[{"embeddable":true,"href":"https:\/\/lacomponella.com\/WordPress3\/index.php?rest_route=%2Fwp%2Fv2%2Fcomments&post=1994"}],"version-history":[{"count":7,"href":"https:\/\/lacomponella.com\/WordPress3\/index.php?rest_route=\/wp\/v2\/pages\/1994\/revisions"}],"predecessor-version":[{"id":8299,"href":"https:\/\/lacomponella.com\/WordPress3\/index.php?rest_route=\/wp\/v2\/pages\/1994\/revisions\/8299"}],"wp:attachment":[{"href":"https:\/\/lacomponella.com\/WordPress3\/index.php?rest_route=%2Fwp%2Fv2%2Fmedia&parent=1994"}],"curies":[{"name":"wp","href":"https:\/\/api.w.org\/{rel}","templated":true}]}}