{"id":2022,"date":"2016-01-02T19:19:21","date_gmt":"2016-01-02T19:19:21","guid":{"rendered":"http:\/\/lacomponella.com\/WordPress3\/?page_id=2022"},"modified":"2020-03-28T22:47:42","modified_gmt":"2020-03-28T22:47:42","slug":"missy-cro-matic","status":"publish","type":"page","link":"https:\/\/lacomponella.com\/WordPress3\/?page_id=2022","title":{"rendered":"MISSY Cro Matic"},"content":{"rendered":"<h3 style=\"text-align: center;\"><span style=\"color: #000080;\"><strong>Import z Chorwacji<\/strong><\/span><\/h3>\n<p><strong>Testy psychiczne zdane<\/strong><br \/>\n<strong>Test BH<\/strong><\/p>\n<p style=\"text-align: center;\"><span style=\"color: #993300;\"><strong>Wystawy:<br \/>\no.Interchampion!!<br \/>\n<strong>M\u0142odzie\u017cowy Champion Polski (zdobyty w ci\u0105gu 2 tygodni!!)<\/strong><br \/>\n<strong>3x Zwyci\u0119stwo Rasy<\/strong><br \/>\n<strong>3x Zwyci\u0119zca M\u0142odzie\u017cy<\/strong><br \/>\n<strong>3x Najlepszy Junior w Rasie<br \/>\n1x r.CACIB<\/strong><\/strong><\/span><br \/>\n<span style=\"color: #993300;\"><strong>Champion Bu\u0142garii<br \/>\no.Champion Polski<\/strong><\/span><br \/>\n<span style=\"color: #993300;\"><strong>3 x CACIB<\/strong><\/span><br \/>\n<span style=\"color: #993300;\"><strong>3x CAC<\/strong><\/span><\/p>\n<p><strong>Zdrowie:<\/strong><br \/>\n<strong>Serce (doppler) \u2013 serce zdrowe, brak cech kardiomiopatii rozstrzeniowej\u00a0(DCM), kwalifikacja do rozrodu<strong><br \/>\nHD A\/A (brak dysplazji biodrowej)<br \/>\nED 0\/0 (brak dysplazji \u0142okciowej)<br \/>\nzgryz prawid\u0142owy, uz\u0119bienie pe\u0142ne<\/strong><\/strong><\/p>\n<p><span style=\"color: #000080;\"><strong>ojciec\u00a0\u2013 CUPIDO COMME Un Reve Noir<\/strong><\/span><br \/>\n<span style=\"color: #000080;\"><strong>matka- ROMA NERA Biser od Ravanice<\/strong><\/span><\/p>\n<p><a href=\"http:\/\/lacomponella.com\/WordPress3\/wp-content\/uploads\/2016\/01\/IMG_7848.jpg\"><img fetchpriority=\"high\" decoding=\"async\" class=\"alignright size-full wp-image-2976\" src=\"http:\/\/lacomponella.com\/WordPress3\/wp-content\/uploads\/2016\/01\/IMG_7848.jpg\" alt=\"IMG_7848\" width=\"1609\" height=\"1198\" srcset=\"https:\/\/lacomponella.com\/WordPress3\/wp-content\/uploads\/2016\/01\/IMG_7848.jpg 1609w, https:\/\/lacomponella.com\/WordPress3\/wp-content\/uploads\/2016\/01\/IMG_7848-300x223.jpg 300w, https:\/\/lacomponella.com\/WordPress3\/wp-content\/uploads\/2016\/01\/IMG_7848-1024x762.jpg 1024w\" sizes=\"(max-width: 1609px) 100vw, 1609px\" \/><\/a> <a href=\"http:\/\/lacomponella.com\/WordPress3\/wp-content\/uploads\/2016\/01\/IMG_8072.jpg\"><img decoding=\"async\" class=\"alignright size-full wp-image-2977\" src=\"http:\/\/lacomponella.com\/WordPress3\/wp-content\/uploads\/2016\/01\/IMG_8072.jpg\" alt=\"IMG_8072\" width=\"1275\" height=\"1843\" srcset=\"https:\/\/lacomponella.com\/WordPress3\/wp-content\/uploads\/2016\/01\/IMG_8072.jpg 1275w, https:\/\/lacomponella.com\/WordPress3\/wp-content\/uploads\/2016\/01\/IMG_8072-208x300.jpg 208w, https:\/\/lacomponella.com\/WordPress3\/wp-content\/uploads\/2016\/01\/IMG_8072-708x1024.jpg 708w\" sizes=\"(max-width: 1275px) 100vw, 1275px\" \/><\/a><\/p>\n","protected":false},"excerpt":{"rendered":"<p>Import z Chorwacji Testy psychiczne zdane Test BH Wystawy: o.Interchampion!! M\u0142odzie\u017cowy Champion Polski (zdobyty w ci\u0105gu 2 tygodni!!) 3x Zwyci\u0119stwo Rasy 3x Zwyci\u0119zca M\u0142odzie\u017cy 3x Najlepszy Junior w Rasie 1x r.CACIB Champion Bu\u0142garii o.Champion Polski 3 x CACIB 3x CAC Zdrowie: Serce (doppler) \u2013 serce zdrowe, brak cech kardiomiopatii rozstrzeniowej\u00a0(DCM), kwalifikacja do rozrodu HD A\/A [&hellip;]<\/p>\n","protected":false},"author":1,"featured_media":0,"parent":0,"menu_order":0,"comment_status":"closed","ping_status":"closed","template":"","meta":{"footnotes":""},"class_list":["post-2022","page","type-page","status-publish","hentry"],"yoast_head":"<!-- This site is optimized with the Yoast SEO plugin v27.4 - https:\/\/yoast.com\/product\/yoast-seo-wordpress\/ -->\n<title>MISSY Cro Matic - La Componella FCI<\/title>\n<meta name=\"robots\" content=\"index, follow, max-snippet:-1, max-image-preview:large, max-video-preview:-1\" \/>\n<link rel=\"canonical\" href=\"https:\/\/lacomponella.com\/WordPress3\/?page_id=2022\" \/>\n<meta property=\"og:locale\" content=\"pl_PL\" \/>\n<meta property=\"og:type\" content=\"article\" \/>\n<meta property=\"og:title\" content=\"MISSY Cro Matic - La Componella FCI\" \/>\n<meta property=\"og:description\" content=\"Import z Chorwacji Testy psychiczne zdane Test BH Wystawy: o.Interchampion!! M\u0142odzie\u017cowy Champion Polski (zdobyty w ci\u0105gu 2 tygodni!!) 3x Zwyci\u0119stwo Rasy 3x Zwyci\u0119zca M\u0142odzie\u017cy 3x Najlepszy Junior w Rasie 1x r.CACIB Champion Bu\u0142garii o.Champion Polski 3 x CACIB 3x CAC Zdrowie: Serce (doppler) \u2013 serce zdrowe, brak cech kardiomiopatii rozstrzeniowej\u00a0(DCM), kwalifikacja do rozrodu HD A\/A [&hellip;]\" \/>\n<meta property=\"og:url\" content=\"https:\/\/lacomponella.com\/WordPress3\/?page_id=2022\" \/>\n<meta property=\"og:site_name\" content=\"La Componella FCI\" \/>\n<meta property=\"article:modified_time\" content=\"2020-03-28T22:47:42+00:00\" \/>\n<meta property=\"og:image\" content=\"https:\/\/lacomponella.com\/WordPress3\/wp-content\/uploads\/2016\/01\/IMG_7848.jpg\" \/>\n\t<meta property=\"og:image:width\" content=\"1609\" \/>\n\t<meta property=\"og:image:height\" content=\"1198\" \/>\n\t<meta property=\"og:image:type\" content=\"image\/jpeg\" \/>\n<meta name=\"twitter:card\" content=\"summary_large_image\" \/>\n<script type=\"application\/ld+json\" class=\"yoast-schema-graph\">{\"@context\":\"https:\\\/\\\/schema.org\",\"@graph\":[{\"@type\":\"WebPage\",\"@id\":\"https:\\\/\\\/lacomponella.com\\\/WordPress3\\\/?page_id=2022\",\"url\":\"https:\\\/\\\/lacomponella.com\\\/WordPress3\\\/?page_id=2022\",\"name\":\"MISSY Cro Matic - La Componella FCI\",\"isPartOf\":{\"@id\":\"https:\\\/\\\/lacomponella.com\\\/WordPress3\\\/#website\"},\"primaryImageOfPage\":{\"@id\":\"https:\\\/\\\/lacomponella.com\\\/WordPress3\\\/?page_id=2022#primaryimage\"},\"image\":{\"@id\":\"https:\\\/\\\/lacomponella.com\\\/WordPress3\\\/?page_id=2022#primaryimage\"},\"thumbnailUrl\":\"http:\\\/\\\/lacomponella.com\\\/WordPress3\\\/wp-content\\\/uploads\\\/2016\\\/01\\\/IMG_7848.jpg\",\"datePublished\":\"2016-01-02T19:19:21+00:00\",\"dateModified\":\"2020-03-28T22:47:42+00:00\",\"breadcrumb\":{\"@id\":\"https:\\\/\\\/lacomponella.com\\\/WordPress3\\\/?page_id=2022#breadcrumb\"},\"inLanguage\":\"pl-PL\",\"potentialAction\":[{\"@type\":\"ReadAction\",\"target\":[\"https:\\\/\\\/lacomponella.com\\\/WordPress3\\\/?page_id=2022\"]}]},{\"@type\":\"ImageObject\",\"inLanguage\":\"pl-PL\",\"@id\":\"https:\\\/\\\/lacomponella.com\\\/WordPress3\\\/?page_id=2022#primaryimage\",\"url\":\"http:\\\/\\\/lacomponella.com\\\/WordPress3\\\/wp-content\\\/uploads\\\/2016\\\/01\\\/IMG_7848.jpg\",\"contentUrl\":\"http:\\\/\\\/lacomponella.com\\\/WordPress3\\\/wp-content\\\/uploads\\\/2016\\\/01\\\/IMG_7848.jpg\"},{\"@type\":\"BreadcrumbList\",\"@id\":\"https:\\\/\\\/lacomponella.com\\\/WordPress3\\\/?page_id=2022#breadcrumb\",\"itemListElement\":[{\"@type\":\"ListItem\",\"position\":1,\"name\":\"Strona g\u0142\u00f3wna\",\"item\":\"https:\\\/\\\/lacomponella.com\\\/WordPress3\\\/?page_id=4991\"},{\"@type\":\"ListItem\",\"position\":2,\"name\":\"MISSY Cro Matic\"}]},{\"@type\":\"WebSite\",\"@id\":\"https:\\\/\\\/lacomponella.com\\\/WordPress3\\\/#website\",\"url\":\"https:\\\/\\\/lacomponella.com\\\/WordPress3\\\/\",\"name\":\"La Componella FCI\",\"description\":\"Hodowla Dog Niemiecki, Xolo i Owczarek Belgijski\",\"potentialAction\":[{\"@type\":\"SearchAction\",\"target\":{\"@type\":\"EntryPoint\",\"urlTemplate\":\"https:\\\/\\\/lacomponella.com\\\/WordPress3\\\/?s={search_term_string}\"},\"query-input\":{\"@type\":\"PropertyValueSpecification\",\"valueRequired\":true,\"valueName\":\"search_term_string\"}}],\"inLanguage\":\"pl-PL\"}]}<\/script>\n<!-- \/ Yoast SEO plugin. -->","yoast_head_json":{"title":"MISSY Cro Matic - La Componella FCI","robots":{"index":"index","follow":"follow","max-snippet":"max-snippet:-1","max-image-preview":"max-image-preview:large","max-video-preview":"max-video-preview:-1"},"canonical":"https:\/\/lacomponella.com\/WordPress3\/?page_id=2022","og_locale":"pl_PL","og_type":"article","og_title":"MISSY Cro Matic - La Componella FCI","og_description":"Import z Chorwacji Testy psychiczne zdane Test BH Wystawy: o.Interchampion!! M\u0142odzie\u017cowy Champion Polski (zdobyty w ci\u0105gu 2 tygodni!!) 3x Zwyci\u0119stwo Rasy 3x Zwyci\u0119zca M\u0142odzie\u017cy 3x Najlepszy Junior w Rasie 1x r.CACIB Champion Bu\u0142garii o.Champion Polski 3 x CACIB 3x CAC Zdrowie: Serce (doppler) \u2013 serce zdrowe, brak cech kardiomiopatii rozstrzeniowej\u00a0(DCM), kwalifikacja do rozrodu HD A\/A [&hellip;]","og_url":"https:\/\/lacomponella.com\/WordPress3\/?page_id=2022","og_site_name":"La Componella FCI","article_modified_time":"2020-03-28T22:47:42+00:00","og_image":[{"width":1609,"height":1198,"url":"https:\/\/lacomponella.com\/WordPress3\/wp-content\/uploads\/2016\/01\/IMG_7848.jpg","type":"image\/jpeg"}],"twitter_card":"summary_large_image","schema":{"@context":"https:\/\/schema.org","@graph":[{"@type":"WebPage","@id":"https:\/\/lacomponella.com\/WordPress3\/?page_id=2022","url":"https:\/\/lacomponella.com\/WordPress3\/?page_id=2022","name":"MISSY Cro Matic - La Componella FCI","isPartOf":{"@id":"https:\/\/lacomponella.com\/WordPress3\/#website"},"primaryImageOfPage":{"@id":"https:\/\/lacomponella.com\/WordPress3\/?page_id=2022#primaryimage"},"image":{"@id":"https:\/\/lacomponella.com\/WordPress3\/?page_id=2022#primaryimage"},"thumbnailUrl":"http:\/\/lacomponella.com\/WordPress3\/wp-content\/uploads\/2016\/01\/IMG_7848.jpg","datePublished":"2016-01-02T19:19:21+00:00","dateModified":"2020-03-28T22:47:42+00:00","breadcrumb":{"@id":"https:\/\/lacomponella.com\/WordPress3\/?page_id=2022#breadcrumb"},"inLanguage":"pl-PL","potentialAction":[{"@type":"ReadAction","target":["https:\/\/lacomponella.com\/WordPress3\/?page_id=2022"]}]},{"@type":"ImageObject","inLanguage":"pl-PL","@id":"https:\/\/lacomponella.com\/WordPress3\/?page_id=2022#primaryimage","url":"http:\/\/lacomponella.com\/WordPress3\/wp-content\/uploads\/2016\/01\/IMG_7848.jpg","contentUrl":"http:\/\/lacomponella.com\/WordPress3\/wp-content\/uploads\/2016\/01\/IMG_7848.jpg"},{"@type":"BreadcrumbList","@id":"https:\/\/lacomponella.com\/WordPress3\/?page_id=2022#breadcrumb","itemListElement":[{"@type":"ListItem","position":1,"name":"Strona g\u0142\u00f3wna","item":"https:\/\/lacomponella.com\/WordPress3\/?page_id=4991"},{"@type":"ListItem","position":2,"name":"MISSY Cro Matic"}]},{"@type":"WebSite","@id":"https:\/\/lacomponella.com\/WordPress3\/#website","url":"https:\/\/lacomponella.com\/WordPress3\/","name":"La Componella FCI","description":"Hodowla Dog Niemiecki, Xolo i Owczarek Belgijski","potentialAction":[{"@type":"SearchAction","target":{"@type":"EntryPoint","urlTemplate":"https:\/\/lacomponella.com\/WordPress3\/?s={search_term_string}"},"query-input":{"@type":"PropertyValueSpecification","valueRequired":true,"valueName":"search_term_string"}}],"inLanguage":"pl-PL"}]}},"_links":{"self":[{"href":"https:\/\/lacomponella.com\/WordPress3\/index.php?rest_route=\/wp\/v2\/pages\/2022","targetHints":{"allow":["GET"]}}],"collection":[{"href":"https:\/\/lacomponella.com\/WordPress3\/index.php?rest_route=\/wp\/v2\/pages"}],"about":[{"href":"https:\/\/lacomponella.com\/WordPress3\/index.php?rest_route=\/wp\/v2\/types\/page"}],"author":[{"embeddable":true,"href":"https:\/\/lacomponella.com\/WordPress3\/index.php?rest_route=\/wp\/v2\/users\/1"}],"replies":[{"embeddable":true,"href":"https:\/\/lacomponella.com\/WordPress3\/index.php?rest_route=%2Fwp%2Fv2%2Fcomments&post=2022"}],"version-history":[{"count":8,"href":"https:\/\/lacomponella.com\/WordPress3\/index.php?rest_route=\/wp\/v2\/pages\/2022\/revisions"}],"predecessor-version":[{"id":7537,"href":"https:\/\/lacomponella.com\/WordPress3\/index.php?rest_route=\/wp\/v2\/pages\/2022\/revisions\/7537"}],"wp:attachment":[{"href":"https:\/\/lacomponella.com\/WordPress3\/index.php?rest_route=%2Fwp%2Fv2%2Fmedia&parent=2022"}],"curies":[{"name":"wp","href":"https:\/\/api.w.org\/{rel}","templated":true}]}}