{"id":3172,"date":"2016-12-19T13:08:18","date_gmt":"2016-12-19T13:08:18","guid":{"rendered":"http:\/\/lacomponella.com\/WordPress3\/?page_id=3172"},"modified":"2020-06-30T21:57:11","modified_gmt":"2020-06-30T21:57:11","slug":"luorenza-de-loutsaina","status":"publish","type":"page","link":"https:\/\/lacomponella.com\/WordPress3\/?page_id=3172","title":{"rendered":"LAZULI from Demma Dog"},"content":{"rendered":"<p>Import z\u00a0Chorwacji<\/p>\n<p>ojciec &#8211; Zwyci\u0119zca \u015awiata &#8211; NOE vom Herstallturm<br \/>matka &#8211; BEYONCE from Tamarin Blue (BRANDON von Gigantic Blau x BONNY BLUE Della Baia Azzura)<\/p>\n<p>Wsp\u00f3\u0142w\u0142a\u015bciciel: Sylwia Bedli\u0144ska-G\u00f3ra i jej rodzina. Lazuli ma w tej rodzinie najlepszy dom na \u015bwiecie:))<\/p>\n<p>\u00a0<img fetchpriority=\"high\" decoding=\"async\" class=\"aligncenter size-full wp-image-8009\" src=\"http:\/\/lacomponella.com\/WordPress3\/wp-content\/uploads\/2020\/06\/received_725439214934635-1.jpeg\" alt=\"\" width=\"2225\" height=\"2515\" srcset=\"https:\/\/lacomponella.com\/WordPress3\/wp-content\/uploads\/2020\/06\/received_725439214934635-1.jpeg 2225w, https:\/\/lacomponella.com\/WordPress3\/wp-content\/uploads\/2020\/06\/received_725439214934635-1-265x300.jpeg 265w, https:\/\/lacomponella.com\/WordPress3\/wp-content\/uploads\/2020\/06\/received_725439214934635-1-768x868.jpeg 768w, https:\/\/lacomponella.com\/WordPress3\/wp-content\/uploads\/2020\/06\/received_725439214934635-1-906x1024.jpeg 906w\" sizes=\"(max-width: 2225px) 100vw, 2225px\" \/><\/p>\n<p><img decoding=\"async\" class=\"aligncenter size-full wp-image-8001\" src=\"http:\/\/lacomponella.com\/WordPress3\/wp-content\/uploads\/2020\/06\/91177272_846265905873260_8453016635240873984_n.jpg\" alt=\"\" width=\"840\" height=\"1257\" srcset=\"https:\/\/lacomponella.com\/WordPress3\/wp-content\/uploads\/2020\/06\/91177272_846265905873260_8453016635240873984_n.jpg 840w, https:\/\/lacomponella.com\/WordPress3\/wp-content\/uploads\/2020\/06\/91177272_846265905873260_8453016635240873984_n-200x300.jpg 200w, https:\/\/lacomponella.com\/WordPress3\/wp-content\/uploads\/2020\/06\/91177272_846265905873260_8453016635240873984_n-768x1149.jpg 768w, https:\/\/lacomponella.com\/WordPress3\/wp-content\/uploads\/2020\/06\/91177272_846265905873260_8453016635240873984_n-684x1024.jpg 684w\" sizes=\"(max-width: 840px) 100vw, 840px\" \/><\/p>\n\n\n<p><\/p>\n","protected":false},"excerpt":{"rendered":"<p>Import z\u00a0Chorwacji ojciec &#8211; Zwyci\u0119zca \u015awiata &#8211; NOE vom Herstallturmmatka &#8211; BEYONCE from Tamarin Blue (BRANDON von Gigantic Blau x BONNY BLUE Della Baia Azzura) Wsp\u00f3\u0142w\u0142a\u015bciciel: Sylwia Bedli\u0144ska-G\u00f3ra i jej rodzina. Lazuli ma w tej rodzinie najlepszy dom na \u015bwiecie:)) \u00a0<\/p>\n","protected":false},"author":1,"featured_media":0,"parent":0,"menu_order":0,"comment_status":"closed","ping_status":"closed","template":"","meta":{"footnotes":""},"class_list":["post-3172","page","type-page","status-publish","hentry"],"yoast_head":"<!-- This site is optimized with the Yoast SEO plugin v27.4 - https:\/\/yoast.com\/product\/yoast-seo-wordpress\/ -->\n<title>LAZULI from Demma Dog - La Componella FCI<\/title>\n<meta name=\"robots\" content=\"index, follow, max-snippet:-1, max-image-preview:large, max-video-preview:-1\" \/>\n<link rel=\"canonical\" href=\"https:\/\/lacomponella.com\/WordPress3\/?page_id=3172\" \/>\n<meta property=\"og:locale\" content=\"pl_PL\" \/>\n<meta property=\"og:type\" content=\"article\" \/>\n<meta property=\"og:title\" content=\"LAZULI from Demma Dog - La Componella FCI\" \/>\n<meta property=\"og:description\" content=\"Import z\u00a0Chorwacji ojciec &#8211; Zwyci\u0119zca \u015awiata &#8211; NOE vom Herstallturmmatka &#8211; BEYONCE from Tamarin Blue (BRANDON von Gigantic Blau x BONNY BLUE Della Baia Azzura) Wsp\u00f3\u0142w\u0142a\u015bciciel: Sylwia Bedli\u0144ska-G\u00f3ra i jej rodzina. Lazuli ma w tej rodzinie najlepszy dom na \u015bwiecie:)) \u00a0\" \/>\n<meta property=\"og:url\" content=\"https:\/\/lacomponella.com\/WordPress3\/?page_id=3172\" \/>\n<meta property=\"og:site_name\" content=\"La Componella FCI\" \/>\n<meta property=\"article:modified_time\" content=\"2020-06-30T21:57:11+00:00\" \/>\n<meta property=\"og:image\" content=\"https:\/\/lacomponella.com\/WordPress3\/wp-content\/uploads\/2020\/06\/received_725439214934635-1.jpeg\" \/>\n\t<meta property=\"og:image:width\" content=\"2225\" \/>\n\t<meta property=\"og:image:height\" content=\"2515\" \/>\n\t<meta property=\"og:image:type\" content=\"image\/jpeg\" \/>\n<meta name=\"twitter:card\" content=\"summary_large_image\" \/>\n<script type=\"application\/ld+json\" class=\"yoast-schema-graph\">{\"@context\":\"https:\\\/\\\/schema.org\",\"@graph\":[{\"@type\":\"WebPage\",\"@id\":\"https:\\\/\\\/lacomponella.com\\\/WordPress3\\\/?page_id=3172\",\"url\":\"https:\\\/\\\/lacomponella.com\\\/WordPress3\\\/?page_id=3172\",\"name\":\"LAZULI from Demma Dog - La Componella FCI\",\"isPartOf\":{\"@id\":\"https:\\\/\\\/lacomponella.com\\\/WordPress3\\\/#website\"},\"primaryImageOfPage\":{\"@id\":\"https:\\\/\\\/lacomponella.com\\\/WordPress3\\\/?page_id=3172#primaryimage\"},\"image\":{\"@id\":\"https:\\\/\\\/lacomponella.com\\\/WordPress3\\\/?page_id=3172#primaryimage\"},\"thumbnailUrl\":\"http:\\\/\\\/lacomponella.com\\\/WordPress3\\\/wp-content\\\/uploads\\\/2020\\\/06\\\/received_725439214934635-1.jpeg\",\"datePublished\":\"2016-12-19T13:08:18+00:00\",\"dateModified\":\"2020-06-30T21:57:11+00:00\",\"breadcrumb\":{\"@id\":\"https:\\\/\\\/lacomponella.com\\\/WordPress3\\\/?page_id=3172#breadcrumb\"},\"inLanguage\":\"pl-PL\",\"potentialAction\":[{\"@type\":\"ReadAction\",\"target\":[\"https:\\\/\\\/lacomponella.com\\\/WordPress3\\\/?page_id=3172\"]}]},{\"@type\":\"ImageObject\",\"inLanguage\":\"pl-PL\",\"@id\":\"https:\\\/\\\/lacomponella.com\\\/WordPress3\\\/?page_id=3172#primaryimage\",\"url\":\"https:\\\/\\\/lacomponella.com\\\/WordPress3\\\/wp-content\\\/uploads\\\/2020\\\/06\\\/received_725439214934635-1.jpeg\",\"contentUrl\":\"https:\\\/\\\/lacomponella.com\\\/WordPress3\\\/wp-content\\\/uploads\\\/2020\\\/06\\\/received_725439214934635-1.jpeg\",\"width\":2225,\"height\":2515},{\"@type\":\"BreadcrumbList\",\"@id\":\"https:\\\/\\\/lacomponella.com\\\/WordPress3\\\/?page_id=3172#breadcrumb\",\"itemListElement\":[{\"@type\":\"ListItem\",\"position\":1,\"name\":\"Strona g\u0142\u00f3wna\",\"item\":\"https:\\\/\\\/lacomponella.com\\\/WordPress3\\\/?page_id=4991\"},{\"@type\":\"ListItem\",\"position\":2,\"name\":\"LAZULI from Demma Dog\"}]},{\"@type\":\"WebSite\",\"@id\":\"https:\\\/\\\/lacomponella.com\\\/WordPress3\\\/#website\",\"url\":\"https:\\\/\\\/lacomponella.com\\\/WordPress3\\\/\",\"name\":\"La Componella FCI\",\"description\":\"Hodowla Dog Niemiecki, Xolo i Owczarek Belgijski\",\"potentialAction\":[{\"@type\":\"SearchAction\",\"target\":{\"@type\":\"EntryPoint\",\"urlTemplate\":\"https:\\\/\\\/lacomponella.com\\\/WordPress3\\\/?s={search_term_string}\"},\"query-input\":{\"@type\":\"PropertyValueSpecification\",\"valueRequired\":true,\"valueName\":\"search_term_string\"}}],\"inLanguage\":\"pl-PL\"}]}<\/script>\n<!-- \/ Yoast SEO plugin. -->","yoast_head_json":{"title":"LAZULI from Demma Dog - La Componella FCI","robots":{"index":"index","follow":"follow","max-snippet":"max-snippet:-1","max-image-preview":"max-image-preview:large","max-video-preview":"max-video-preview:-1"},"canonical":"https:\/\/lacomponella.com\/WordPress3\/?page_id=3172","og_locale":"pl_PL","og_type":"article","og_title":"LAZULI from Demma Dog - La Componella FCI","og_description":"Import z\u00a0Chorwacji ojciec &#8211; Zwyci\u0119zca \u015awiata &#8211; NOE vom Herstallturmmatka &#8211; BEYONCE from Tamarin Blue (BRANDON von Gigantic Blau x BONNY BLUE Della Baia Azzura) Wsp\u00f3\u0142w\u0142a\u015bciciel: Sylwia Bedli\u0144ska-G\u00f3ra i jej rodzina. Lazuli ma w tej rodzinie najlepszy dom na \u015bwiecie:)) \u00a0","og_url":"https:\/\/lacomponella.com\/WordPress3\/?page_id=3172","og_site_name":"La Componella FCI","article_modified_time":"2020-06-30T21:57:11+00:00","og_image":[{"width":2225,"height":2515,"url":"https:\/\/lacomponella.com\/WordPress3\/wp-content\/uploads\/2020\/06\/received_725439214934635-1.jpeg","type":"image\/jpeg"}],"twitter_card":"summary_large_image","schema":{"@context":"https:\/\/schema.org","@graph":[{"@type":"WebPage","@id":"https:\/\/lacomponella.com\/WordPress3\/?page_id=3172","url":"https:\/\/lacomponella.com\/WordPress3\/?page_id=3172","name":"LAZULI from Demma Dog - La Componella FCI","isPartOf":{"@id":"https:\/\/lacomponella.com\/WordPress3\/#website"},"primaryImageOfPage":{"@id":"https:\/\/lacomponella.com\/WordPress3\/?page_id=3172#primaryimage"},"image":{"@id":"https:\/\/lacomponella.com\/WordPress3\/?page_id=3172#primaryimage"},"thumbnailUrl":"http:\/\/lacomponella.com\/WordPress3\/wp-content\/uploads\/2020\/06\/received_725439214934635-1.jpeg","datePublished":"2016-12-19T13:08:18+00:00","dateModified":"2020-06-30T21:57:11+00:00","breadcrumb":{"@id":"https:\/\/lacomponella.com\/WordPress3\/?page_id=3172#breadcrumb"},"inLanguage":"pl-PL","potentialAction":[{"@type":"ReadAction","target":["https:\/\/lacomponella.com\/WordPress3\/?page_id=3172"]}]},{"@type":"ImageObject","inLanguage":"pl-PL","@id":"https:\/\/lacomponella.com\/WordPress3\/?page_id=3172#primaryimage","url":"https:\/\/lacomponella.com\/WordPress3\/wp-content\/uploads\/2020\/06\/received_725439214934635-1.jpeg","contentUrl":"https:\/\/lacomponella.com\/WordPress3\/wp-content\/uploads\/2020\/06\/received_725439214934635-1.jpeg","width":2225,"height":2515},{"@type":"BreadcrumbList","@id":"https:\/\/lacomponella.com\/WordPress3\/?page_id=3172#breadcrumb","itemListElement":[{"@type":"ListItem","position":1,"name":"Strona g\u0142\u00f3wna","item":"https:\/\/lacomponella.com\/WordPress3\/?page_id=4991"},{"@type":"ListItem","position":2,"name":"LAZULI from Demma Dog"}]},{"@type":"WebSite","@id":"https:\/\/lacomponella.com\/WordPress3\/#website","url":"https:\/\/lacomponella.com\/WordPress3\/","name":"La Componella FCI","description":"Hodowla Dog Niemiecki, Xolo i Owczarek Belgijski","potentialAction":[{"@type":"SearchAction","target":{"@type":"EntryPoint","urlTemplate":"https:\/\/lacomponella.com\/WordPress3\/?s={search_term_string}"},"query-input":{"@type":"PropertyValueSpecification","valueRequired":true,"valueName":"search_term_string"}}],"inLanguage":"pl-PL"}]}},"_links":{"self":[{"href":"https:\/\/lacomponella.com\/WordPress3\/index.php?rest_route=\/wp\/v2\/pages\/3172","targetHints":{"allow":["GET"]}}],"collection":[{"href":"https:\/\/lacomponella.com\/WordPress3\/index.php?rest_route=\/wp\/v2\/pages"}],"about":[{"href":"https:\/\/lacomponella.com\/WordPress3\/index.php?rest_route=\/wp\/v2\/types\/page"}],"author":[{"embeddable":true,"href":"https:\/\/lacomponella.com\/WordPress3\/index.php?rest_route=\/wp\/v2\/users\/1"}],"replies":[{"embeddable":true,"href":"https:\/\/lacomponella.com\/WordPress3\/index.php?rest_route=%2Fwp%2Fv2%2Fcomments&post=3172"}],"version-history":[{"count":5,"href":"https:\/\/lacomponella.com\/WordPress3\/index.php?rest_route=\/wp\/v2\/pages\/3172\/revisions"}],"predecessor-version":[{"id":8010,"href":"https:\/\/lacomponella.com\/WordPress3\/index.php?rest_route=\/wp\/v2\/pages\/3172\/revisions\/8010"}],"wp:attachment":[{"href":"https:\/\/lacomponella.com\/WordPress3\/index.php?rest_route=%2Fwp%2Fv2%2Fmedia&parent=3172"}],"curies":[{"name":"wp","href":"https:\/\/api.w.org\/{rel}","templated":true}]}}