{"id":33,"date":"2014-07-06T11:02:20","date_gmt":"2014-07-06T11:02:20","guid":{"rendered":"http:\/\/lacomponella.com\/WordPress3\/?page_id=33"},"modified":"2025-08-31T22:42:44","modified_gmt":"2025-08-31T22:42:44","slug":"o-nas","status":"publish","type":"page","link":"https:\/\/lacomponella.com\/WordPress3\/?page_id=33","title":{"rendered":"O nas"},"content":{"rendered":"<p style=\"text-align: center;\"><strong>OTO MY PRYWATNIE:))<\/strong><\/p>\n<p style=\"text-align: center;\"><strong><br \/>\n<\/strong>W hodowli stawiamy na jako\u015b\u0107. Nasze psy mieszkaj\u0105 w domu, nie u\u017cywamy kojc\u00f3w ani klatek. Nasze psy s\u0105 naszymi przyjaci\u00f3\u0142mi. Wa\u017cne dla nas jest, aby nasze skojarzenia by\u0142y ciekawe i wnosi\u0142y wiele dla dobra rasy, jej r\u00f3\u017cnorodno\u015bci genowej oraz poprawienia anatomii.<\/p>\n<p style=\"text-align: left;\">Cz\u0119sto te\u017c uczestniczymy z psami w wystawach, r\u00f3wnie\u017c zagranicznych.<\/p>\n<p style=\"text-align: left;\">Szczeni\u0119ta z naszej hodowli mieszkaj\u0105 w Polsce, USA, Kanadzie, Francji, W\u0142oszech, Finlandii, Irlandii, Rosji, Niemczech, \u0141otwie, Bia\u0142orusi, Austrii, Belgii, Holandii, Norwegii, Czechach, S\u0142owacji, Szwecji, Walii, Litwie Anglii, Pakistanie, Tajlandii.<\/p>\n<p style=\"text-align: left;\">Wiele z wyhodowanych przez nas ps\u00f3w odnosi du\u017ce sukcesy wystawowe i hodowlane. Nasze maluszki daj\u0105 du\u017co rado\u015bci nowym w\u0142a\u015bcicielom. Cz\u0119sto s\u0142yszymy s\u0142owa podzi\u0119kowania. Wielu nowych w\u0142a\u015bcicieli staje si\u0119 dla nas osobami bardzo bliskimi, a nawet przyjaci\u00f3\u0142mi. Du\u017co uzyska\u0142o tytu\u0142 Championa. Jest to dla nas uwie\u0144czenie pasji, jak\u0105 jest hodowla. St\u0105d Hodowcom i osobom chc\u0105cym spr\u00f3bowa\u0107 wystaw\u00a0 i hodowli s\u0142u\u017cymy porad\u0105\u00a0w tym zakresie.<\/p>\n<div class=\"post-body\">\n<p style=\"text-align: left;\">Z pasji narodzi\u0142 si\u0119 nasz Gabinet Weterynaryjny \u201eKozica\u201d mieszcz\u0105cy si\u0119 w Strzelinie. Chcemy leczy\u0107 zachowuj\u0105c zasady etyki i dobrej praktyki weterynaryjnej.<\/p>\n<ul>\n<li style=\"text-align: left;\"><b><span style=\"color: #800080;\">Marta Kozica:<\/span><\/b><\/li>\n<li style=\"text-align: left;\">*6-letnie studia o kierunku \u201eWeterynaria\u201d uko\u0144czone w roku 2007 na Uniwersytecie Przyrodniczym we Wroc\u0142awiu<\/li>\n<li style=\"text-align: left;\">*3-letnie studia specjalizacyjne \u201eChoroby Ps\u00f3w i Kot\u00f3w\u201d uko\u0144czone w roku 2011 na Uniwersytecie Przyrodniczym we Wroc\u0142awiu<\/li>\n<li style=\"text-align: left;\">*hodowca ps\u00f3w rasowych, w\u0142a\u015bciciel hodowli La Componella FCI<\/li>\n<li style=\"text-align: left;\">*asystent kynologiczny wystaw ps\u00f3w rasowych grupy II<\/li>\n<\/ul>\n<ul>\n<li style=\"list-style-type: none;\"><\/li>\n<\/ul>\n<\/div>\n","protected":false},"excerpt":{"rendered":"<p>OTO MY PRYWATNIE:)) W hodowli stawiamy na jako\u015b\u0107. Nasze psy mieszkaj\u0105 w domu, nie u\u017cywamy kojc\u00f3w ani klatek. Nasze psy s\u0105 naszymi przyjaci\u00f3\u0142mi. Wa\u017cne dla nas jest, aby nasze skojarzenia by\u0142y ciekawe i wnosi\u0142y wiele dla dobra rasy, jej r\u00f3\u017cnorodno\u015bci genowej oraz poprawienia anatomii. Cz\u0119sto te\u017c uczestniczymy z psami w wystawach, r\u00f3wnie\u017c zagranicznych. Szczeni\u0119ta z [&hellip;]<\/p>\n","protected":false},"author":1,"featured_media":0,"parent":0,"menu_order":0,"comment_status":"closed","ping_status":"closed","template":"","meta":{"footnotes":""},"class_list":["post-33","page","type-page","status-publish","hentry"],"yoast_head":"<!-- This site is optimized with the Yoast SEO plugin v27.4 - https:\/\/yoast.com\/product\/yoast-seo-wordpress\/ -->\n<title>O nas - La Componella FCI<\/title>\n<meta name=\"robots\" content=\"index, follow, max-snippet:-1, max-image-preview:large, max-video-preview:-1\" \/>\n<link rel=\"canonical\" href=\"https:\/\/lacomponella.com\/WordPress3\/?page_id=33\" \/>\n<meta property=\"og:locale\" content=\"pl_PL\" \/>\n<meta property=\"og:type\" content=\"article\" \/>\n<meta property=\"og:title\" content=\"O nas - La Componella FCI\" \/>\n<meta property=\"og:description\" content=\"OTO MY PRYWATNIE:)) W hodowli stawiamy na jako\u015b\u0107. Nasze psy mieszkaj\u0105 w domu, nie u\u017cywamy kojc\u00f3w ani klatek. Nasze psy s\u0105 naszymi przyjaci\u00f3\u0142mi. Wa\u017cne dla nas jest, aby nasze skojarzenia by\u0142y ciekawe i wnosi\u0142y wiele dla dobra rasy, jej r\u00f3\u017cnorodno\u015bci genowej oraz poprawienia anatomii. Cz\u0119sto te\u017c uczestniczymy z psami w wystawach, r\u00f3wnie\u017c zagranicznych. Szczeni\u0119ta z [&hellip;]\" \/>\n<meta property=\"og:url\" content=\"https:\/\/lacomponella.com\/WordPress3\/?page_id=33\" \/>\n<meta property=\"og:site_name\" content=\"La Componella FCI\" \/>\n<meta property=\"article:modified_time\" content=\"2025-08-31T22:42:44+00:00\" \/>\n<meta name=\"twitter:card\" content=\"summary_large_image\" \/>\n<meta name=\"twitter:label1\" content=\"Szacowany czas czytania\" \/>\n\t<meta name=\"twitter:data1\" content=\"2 minuty\" \/>\n<script type=\"application\/ld+json\" class=\"yoast-schema-graph\">{\"@context\":\"https:\\\/\\\/schema.org\",\"@graph\":[{\"@type\":\"WebPage\",\"@id\":\"https:\\\/\\\/lacomponella.com\\\/WordPress3\\\/?page_id=33\",\"url\":\"https:\\\/\\\/lacomponella.com\\\/WordPress3\\\/?page_id=33\",\"name\":\"O nas - La Componella FCI\",\"isPartOf\":{\"@id\":\"https:\\\/\\\/lacomponella.com\\\/WordPress3\\\/#website\"},\"datePublished\":\"2014-07-06T11:02:20+00:00\",\"dateModified\":\"2025-08-31T22:42:44+00:00\",\"breadcrumb\":{\"@id\":\"https:\\\/\\\/lacomponella.com\\\/WordPress3\\\/?page_id=33#breadcrumb\"},\"inLanguage\":\"pl-PL\",\"potentialAction\":[{\"@type\":\"ReadAction\",\"target\":[\"https:\\\/\\\/lacomponella.com\\\/WordPress3\\\/?page_id=33\"]}]},{\"@type\":\"BreadcrumbList\",\"@id\":\"https:\\\/\\\/lacomponella.com\\\/WordPress3\\\/?page_id=33#breadcrumb\",\"itemListElement\":[{\"@type\":\"ListItem\",\"position\":1,\"name\":\"Strona g\u0142\u00f3wna\",\"item\":\"https:\\\/\\\/lacomponella.com\\\/WordPress3\\\/?page_id=4991\"},{\"@type\":\"ListItem\",\"position\":2,\"name\":\"O nas\"}]},{\"@type\":\"WebSite\",\"@id\":\"https:\\\/\\\/lacomponella.com\\\/WordPress3\\\/#website\",\"url\":\"https:\\\/\\\/lacomponella.com\\\/WordPress3\\\/\",\"name\":\"La Componella FCI\",\"description\":\"Hodowla Dog Niemiecki, Xolo i Owczarek Belgijski\",\"potentialAction\":[{\"@type\":\"SearchAction\",\"target\":{\"@type\":\"EntryPoint\",\"urlTemplate\":\"https:\\\/\\\/lacomponella.com\\\/WordPress3\\\/?s={search_term_string}\"},\"query-input\":{\"@type\":\"PropertyValueSpecification\",\"valueRequired\":true,\"valueName\":\"search_term_string\"}}],\"inLanguage\":\"pl-PL\"}]}<\/script>\n<!-- \/ Yoast SEO plugin. -->","yoast_head_json":{"title":"O nas - La Componella FCI","robots":{"index":"index","follow":"follow","max-snippet":"max-snippet:-1","max-image-preview":"max-image-preview:large","max-video-preview":"max-video-preview:-1"},"canonical":"https:\/\/lacomponella.com\/WordPress3\/?page_id=33","og_locale":"pl_PL","og_type":"article","og_title":"O nas - La Componella FCI","og_description":"OTO MY PRYWATNIE:)) W hodowli stawiamy na jako\u015b\u0107. Nasze psy mieszkaj\u0105 w domu, nie u\u017cywamy kojc\u00f3w ani klatek. Nasze psy s\u0105 naszymi przyjaci\u00f3\u0142mi. Wa\u017cne dla nas jest, aby nasze skojarzenia by\u0142y ciekawe i wnosi\u0142y wiele dla dobra rasy, jej r\u00f3\u017cnorodno\u015bci genowej oraz poprawienia anatomii. Cz\u0119sto te\u017c uczestniczymy z psami w wystawach, r\u00f3wnie\u017c zagranicznych. Szczeni\u0119ta z [&hellip;]","og_url":"https:\/\/lacomponella.com\/WordPress3\/?page_id=33","og_site_name":"La Componella FCI","article_modified_time":"2025-08-31T22:42:44+00:00","twitter_card":"summary_large_image","twitter_misc":{"Szacowany czas czytania":"2 minuty"},"schema":{"@context":"https:\/\/schema.org","@graph":[{"@type":"WebPage","@id":"https:\/\/lacomponella.com\/WordPress3\/?page_id=33","url":"https:\/\/lacomponella.com\/WordPress3\/?page_id=33","name":"O nas - La Componella FCI","isPartOf":{"@id":"https:\/\/lacomponella.com\/WordPress3\/#website"},"datePublished":"2014-07-06T11:02:20+00:00","dateModified":"2025-08-31T22:42:44+00:00","breadcrumb":{"@id":"https:\/\/lacomponella.com\/WordPress3\/?page_id=33#breadcrumb"},"inLanguage":"pl-PL","potentialAction":[{"@type":"ReadAction","target":["https:\/\/lacomponella.com\/WordPress3\/?page_id=33"]}]},{"@type":"BreadcrumbList","@id":"https:\/\/lacomponella.com\/WordPress3\/?page_id=33#breadcrumb","itemListElement":[{"@type":"ListItem","position":1,"name":"Strona g\u0142\u00f3wna","item":"https:\/\/lacomponella.com\/WordPress3\/?page_id=4991"},{"@type":"ListItem","position":2,"name":"O nas"}]},{"@type":"WebSite","@id":"https:\/\/lacomponella.com\/WordPress3\/#website","url":"https:\/\/lacomponella.com\/WordPress3\/","name":"La Componella FCI","description":"Hodowla Dog Niemiecki, Xolo i Owczarek Belgijski","potentialAction":[{"@type":"SearchAction","target":{"@type":"EntryPoint","urlTemplate":"https:\/\/lacomponella.com\/WordPress3\/?s={search_term_string}"},"query-input":{"@type":"PropertyValueSpecification","valueRequired":true,"valueName":"search_term_string"}}],"inLanguage":"pl-PL"}]}},"_links":{"self":[{"href":"https:\/\/lacomponella.com\/WordPress3\/index.php?rest_route=\/wp\/v2\/pages\/33","targetHints":{"allow":["GET"]}}],"collection":[{"href":"https:\/\/lacomponella.com\/WordPress3\/index.php?rest_route=\/wp\/v2\/pages"}],"about":[{"href":"https:\/\/lacomponella.com\/WordPress3\/index.php?rest_route=\/wp\/v2\/types\/page"}],"author":[{"embeddable":true,"href":"https:\/\/lacomponella.com\/WordPress3\/index.php?rest_route=\/wp\/v2\/users\/1"}],"replies":[{"embeddable":true,"href":"https:\/\/lacomponella.com\/WordPress3\/index.php?rest_route=%2Fwp%2Fv2%2Fcomments&post=33"}],"version-history":[{"count":41,"href":"https:\/\/lacomponella.com\/WordPress3\/index.php?rest_route=\/wp\/v2\/pages\/33\/revisions"}],"predecessor-version":[{"id":12802,"href":"https:\/\/lacomponella.com\/WordPress3\/index.php?rest_route=\/wp\/v2\/pages\/33\/revisions\/12802"}],"wp:attachment":[{"href":"https:\/\/lacomponella.com\/WordPress3\/index.php?rest_route=%2Fwp%2Fv2%2Fmedia&parent=33"}],"curies":[{"name":"wp","href":"https:\/\/api.w.org\/{rel}","templated":true}]}}