{"id":4123,"date":"2017-08-30T20:49:10","date_gmt":"2017-08-30T20:49:10","guid":{"rendered":"http:\/\/lacomponella.com\/WordPress3\/?page_id=4123"},"modified":"2019-04-15T17:30:55","modified_gmt":"2019-04-15T17:30:55","slug":"miot-l-2017","status":"publish","type":"page","link":"https:\/\/lacomponella.com\/WordPress3\/?page_id=4123","title":{"rendered":""},"content":{"rendered":"<h3 style=\"text-align: center;\">Miot L &#8211; 2017<\/h3>\n<h3 style=\"text-align: center;\"><strong><span style=\"color: #800000;\">Mamy 6 szczeni\u0105t ur.28.04.2017<\/span><\/strong><\/h3>\n<h5><strong>Pieski:<\/strong><br \/>\n<strong>LARGO<\/strong><br \/>\n<strong>LEONARDO DICAPRIO<\/strong><br \/>\n<strong>LOXO<\/strong><\/h5>\n<h5><strong>Suczki:<\/strong><br \/>\n<strong>LADY GAGA<\/strong><br \/>\n<strong>LEE<\/strong><br \/>\n<strong>LAXA<\/strong><\/h5>\n<p>To filmy z\u00a0pieskiem z tego miotu &#8211; Leonardo Dicaprio:<\/p>\n<p><iframe title=\"Nagi Pies Meksyka\u0144ski Miniaturowy\" width=\"1170\" height=\"878\" src=\"https:\/\/www.youtube.com\/embed\/RfltbBjIPR0?feature=oembed\" frameborder=\"0\" allow=\"accelerometer; autoplay; clipboard-write; encrypted-media; gyroscope; picture-in-picture; web-share\" referrerpolicy=\"strict-origin-when-cross-origin\" allowfullscreen><\/iframe><\/p>\n<p><iframe title=\"Xoloitzcuintli\" width=\"1170\" height=\"878\" src=\"https:\/\/www.youtube.com\/embed\/19H2LjMSJ1E?feature=oembed\" frameborder=\"0\" allow=\"accelerometer; autoplay; clipboard-write; encrypted-media; gyroscope; picture-in-picture; web-share\" referrerpolicy=\"strict-origin-when-cross-origin\" allowfullscreen><\/iframe><\/p>\n<p><iframe title=\"LEONARDO DICAPRIO La Componella 4 xoloitzcuintli\" width=\"1170\" height=\"878\" src=\"https:\/\/www.youtube.com\/embed\/eDSUhcNMO0A?feature=oembed\" frameborder=\"0\" allow=\"accelerometer; autoplay; clipboard-write; encrypted-media; gyroscope; picture-in-picture; web-share\" referrerpolicy=\"strict-origin-when-cross-origin\" allowfullscreen><\/iframe><\/p>\n<p><iframe title=\"LEONARDO DICAPRIO La Componella 2 xoloitzcuintli\" width=\"1170\" height=\"878\" src=\"https:\/\/www.youtube.com\/embed\/4ZZNrfiLAf4?feature=oembed\" frameborder=\"0\" allow=\"accelerometer; autoplay; clipboard-write; encrypted-media; gyroscope; picture-in-picture; web-share\" referrerpolicy=\"strict-origin-when-cross-origin\" allowfullscreen><\/iframe><\/p>\n<p><iframe title=\"LEONARDO DICAPRIO La Componella 3 xoloitzcuintli\" width=\"1170\" height=\"878\" src=\"https:\/\/www.youtube.com\/embed\/-6KdwhFC4aE?feature=oembed\" frameborder=\"0\" allow=\"accelerometer; autoplay; clipboard-write; encrypted-media; gyroscope; picture-in-picture; web-share\" referrerpolicy=\"strict-origin-when-cross-origin\" allowfullscreen><\/iframe><\/p>\n<p><iframe title=\"LEONARDO DICAPRIO La Componella 1 xoloitzcuintli\" width=\"1170\" height=\"878\" src=\"https:\/\/www.youtube.com\/embed\/exSBTxUaVwY?feature=oembed\" frameborder=\"0\" allow=\"accelerometer; autoplay; clipboard-write; encrypted-media; gyroscope; picture-in-picture; web-share\" referrerpolicy=\"strict-origin-when-cross-origin\" allowfullscreen><\/iframe><\/p>\n<p><iframe title=\"LEONARDO DICAPRIO La Componella 3 xoloitzcuintli\" width=\"1170\" height=\"878\" src=\"https:\/\/www.youtube.com\/embed\/OPww_TZCBq4?feature=oembed\" frameborder=\"0\" allow=\"accelerometer; autoplay; clipboard-write; encrypted-media; gyroscope; picture-in-picture; web-share\" referrerpolicy=\"strict-origin-when-cross-origin\" allowfullscreen><\/iframe><\/p>\n<h3 style=\"text-align: center;\">Rodzice miotu L:<\/h3>\n<h5 style=\"text-align: center;\"><span style=\"color: #000000;\">matka &#8211; Champion -EUREKA de Korrantoh<\/span><\/h5>\n<p><a href=\"http:\/\/lacomponella.com\/WordPress3\/wp-content\/uploads\/2015\/05\/eureka11.jpg\"><img fetchpriority=\"high\" decoding=\"async\" class=\"aligncenter size-full wp-image-3648\" src=\"http:\/\/lacomponella.com\/WordPress3\/wp-content\/uploads\/2015\/05\/eureka11.jpg\" alt=\"eureka1\" width=\"470\" height=\"315\" srcset=\"https:\/\/lacomponella.com\/WordPress3\/wp-content\/uploads\/2015\/05\/eureka11.jpg 470w, https:\/\/lacomponella.com\/WordPress3\/wp-content\/uploads\/2015\/05\/eureka11-300x201.jpg 300w\" sizes=\"(max-width: 470px) 100vw, 470px\" \/><\/a><a href=\"http:\/\/lacomponella.com\/WordPress3\/wp-content\/uploads\/2015\/05\/eureka21.jpg\"><img decoding=\"async\" class=\"aligncenter size-full wp-image-3649\" src=\"http:\/\/lacomponella.com\/WordPress3\/wp-content\/uploads\/2015\/05\/eureka21.jpg\" alt=\"eureka2\" width=\"588\" height=\"433\" srcset=\"https:\/\/lacomponella.com\/WordPress3\/wp-content\/uploads\/2015\/05\/eureka21.jpg 588w, https:\/\/lacomponella.com\/WordPress3\/wp-content\/uploads\/2015\/05\/eureka21-300x221.jpg 300w\" sizes=\"(max-width: 588px) 100vw, 588px\" \/><\/a><\/p>\n<h3 style=\"text-align: center;\"><span style=\"color: #ff00ff;\">Ojciec\u00a0&#8211; \u00a0Zwyci\u0119zca \u015awiata!!!! Jacoh de Korrantoh<\/span><\/h3>\n<h3 style=\"text-align: center;\"><span style=\"color: #ff00ff;\"><a href=\"http:\/\/lacomponella.com\/WordPress3\/wp-content\/uploads\/2015\/05\/ww-moj-ww2.jpg\"><img decoding=\"async\" class=\"aligncenter size-full wp-image-3647\" src=\"http:\/\/lacomponella.com\/WordPress3\/wp-content\/uploads\/2015\/05\/ww-moj-ww2.jpg\" alt=\"ww-moj-ww\" width=\"642\" height=\"960\" srcset=\"https:\/\/lacomponella.com\/WordPress3\/wp-content\/uploads\/2015\/05\/ww-moj-ww2.jpg 642w, https:\/\/lacomponella.com\/WordPress3\/wp-content\/uploads\/2015\/05\/ww-moj-ww2-201x300.jpg 201w\" sizes=\"(max-width: 642px) 100vw, 642px\" \/><\/a><\/span><\/h3>\n<h4><strong>Zdj\u0119cia LEONARDO:)<\/strong><\/h4>\n<p><a href=\"http:\/\/lacomponella.com\/WordPress3\/wp-content\/uploads\/2015\/05\/IMG_1365.jpg\"><img loading=\"lazy\" decoding=\"async\" class=\"aligncenter size-large wp-image-3997\" src=\"http:\/\/lacomponella.com\/WordPress3\/wp-content\/uploads\/2015\/05\/IMG_1365-1024x683.jpg\" alt=\"IMG_1365\" width=\"604\" height=\"403\" srcset=\"https:\/\/lacomponella.com\/WordPress3\/wp-content\/uploads\/2015\/05\/IMG_1365-1024x683.jpg 1024w, https:\/\/lacomponella.com\/WordPress3\/wp-content\/uploads\/2015\/05\/IMG_1365-300x200.jpg 300w\" sizes=\"(max-width: 604px) 100vw, 604px\" \/><\/a><a href=\"http:\/\/lacomponella.com\/WordPress3\/wp-content\/uploads\/2015\/05\/IMG_1368.jpg\"><img loading=\"lazy\" decoding=\"async\" class=\"aligncenter size-large wp-image-3998\" src=\"http:\/\/lacomponella.com\/WordPress3\/wp-content\/uploads\/2015\/05\/IMG_1368-1024x683.jpg\" alt=\"IMG_1368\" width=\"604\" height=\"403\" srcset=\"https:\/\/lacomponella.com\/WordPress3\/wp-content\/uploads\/2015\/05\/IMG_1368-1024x683.jpg 1024w, https:\/\/lacomponella.com\/WordPress3\/wp-content\/uploads\/2015\/05\/IMG_1368-300x200.jpg 300w\" sizes=\"(max-width: 604px) 100vw, 604px\" \/><\/a><a href=\"http:\/\/lacomponella.com\/WordPress3\/wp-content\/uploads\/2015\/05\/IMG_1369.jpg\"><img loading=\"lazy\" decoding=\"async\" class=\"aligncenter size-large wp-image-3999\" src=\"http:\/\/lacomponella.com\/WordPress3\/wp-content\/uploads\/2015\/05\/IMG_1369-1024x683.jpg\" alt=\"IMG_1369\" width=\"604\" height=\"403\" srcset=\"https:\/\/lacomponella.com\/WordPress3\/wp-content\/uploads\/2015\/05\/IMG_1369-1024x683.jpg 1024w, https:\/\/lacomponella.com\/WordPress3\/wp-content\/uploads\/2015\/05\/IMG_1369-300x200.jpg 300w\" sizes=\"(max-width: 604px) 100vw, 604px\" \/><\/a><a href=\"http:\/\/lacomponella.com\/WordPress3\/wp-content\/uploads\/2015\/05\/IMG_1373.jpg\"><img loading=\"lazy\" decoding=\"async\" class=\"aligncenter size-large wp-image-4000\" src=\"http:\/\/lacomponella.com\/WordPress3\/wp-content\/uploads\/2015\/05\/IMG_1373-1024x683.jpg\" alt=\"IMG_1373\" width=\"604\" height=\"403\" srcset=\"https:\/\/lacomponella.com\/WordPress3\/wp-content\/uploads\/2015\/05\/IMG_1373-1024x683.jpg 1024w, https:\/\/lacomponella.com\/WordPress3\/wp-content\/uploads\/2015\/05\/IMG_1373-300x200.jpg 300w\" sizes=\"(max-width: 604px) 100vw, 604px\" \/><\/a><a href=\"http:\/\/lacomponella.com\/WordPress3\/wp-content\/uploads\/2015\/05\/IMG_1376.jpg\"><img loading=\"lazy\" decoding=\"async\" class=\"aligncenter size-large wp-image-4001\" src=\"http:\/\/lacomponella.com\/WordPress3\/wp-content\/uploads\/2015\/05\/IMG_1376-1024x683.jpg\" alt=\"IMG_1376\" width=\"604\" height=\"403\" srcset=\"https:\/\/lacomponella.com\/WordPress3\/wp-content\/uploads\/2015\/05\/IMG_1376-1024x683.jpg 1024w, https:\/\/lacomponella.com\/WordPress3\/wp-content\/uploads\/2015\/05\/IMG_1376-300x200.jpg 300w\" sizes=\"(max-width: 604px) 100vw, 604px\" \/><\/a><a href=\"http:\/\/lacomponella.com\/WordPress3\/wp-content\/uploads\/2015\/05\/IMG_1437.jpg\"><img loading=\"lazy\" decoding=\"async\" class=\"aligncenter size-large wp-image-4002\" src=\"http:\/\/lacomponella.com\/WordPress3\/wp-content\/uploads\/2015\/05\/IMG_1437-1024x683.jpg\" alt=\"IMG_1437\" width=\"604\" height=\"403\" srcset=\"https:\/\/lacomponella.com\/WordPress3\/wp-content\/uploads\/2015\/05\/IMG_1437-1024x683.jpg 1024w, https:\/\/lacomponella.com\/WordPress3\/wp-content\/uploads\/2015\/05\/IMG_1437-300x200.jpg 300w\" sizes=\"(max-width: 604px) 100vw, 604px\" \/><\/a><a href=\"http:\/\/lacomponella.com\/WordPress3\/wp-content\/uploads\/2015\/05\/IMG_1439.jpg\"><img loading=\"lazy\" decoding=\"async\" class=\"aligncenter size-large wp-image-4003\" src=\"http:\/\/lacomponella.com\/WordPress3\/wp-content\/uploads\/2015\/05\/IMG_1439-1024x683.jpg\" alt=\"IMG_1439\" width=\"604\" height=\"403\" srcset=\"https:\/\/lacomponella.com\/WordPress3\/wp-content\/uploads\/2015\/05\/IMG_1439-1024x683.jpg 1024w, https:\/\/lacomponella.com\/WordPress3\/wp-content\/uploads\/2015\/05\/IMG_1439-300x200.jpg 300w\" sizes=\"(max-width: 604px) 100vw, 604px\" \/><\/a><\/p>\n<h4 style=\"text-align: center;\">**** ****************** *********<\/h4>\n<h4>Nasze meksyka\u0144czyki razem:))<\/h4>\n<h4><a href=\"http:\/\/lacomponella.com\/WordPress3\/wp-content\/uploads\/2016\/11\/IMG_3624.jpg\"><img loading=\"lazy\" decoding=\"async\" class=\"aligncenter size-full wp-image-3236\" src=\"http:\/\/lacomponella.com\/WordPress3\/wp-content\/uploads\/2016\/11\/IMG_3624.jpg\" alt=\"img_3624\" width=\"2592\" height=\"1728\" srcset=\"https:\/\/lacomponella.com\/WordPress3\/wp-content\/uploads\/2016\/11\/IMG_3624.jpg 2592w, https:\/\/lacomponella.com\/WordPress3\/wp-content\/uploads\/2016\/11\/IMG_3624-300x200.jpg 300w, https:\/\/lacomponella.com\/WordPress3\/wp-content\/uploads\/2016\/11\/IMG_3624-1024x683.jpg 1024w\" sizes=\"(max-width: 2592px) 100vw, 2592px\" \/><\/a><a href=\"http:\/\/lacomponella.com\/WordPress3\/wp-content\/uploads\/2016\/11\/IMG_4290.jpg\"><img loading=\"lazy\" decoding=\"async\" class=\"aligncenter size-full wp-image-3238\" src=\"http:\/\/lacomponella.com\/WordPress3\/wp-content\/uploads\/2016\/11\/IMG_4290.jpg\" alt=\"img_4290\" width=\"2592\" height=\"1728\" srcset=\"https:\/\/lacomponella.com\/WordPress3\/wp-content\/uploads\/2016\/11\/IMG_4290.jpg 2592w, https:\/\/lacomponella.com\/WordPress3\/wp-content\/uploads\/2016\/11\/IMG_4290-300x200.jpg 300w, https:\/\/lacomponella.com\/WordPress3\/wp-content\/uploads\/2016\/11\/IMG_4290-1024x683.jpg 1024w\" sizes=\"(max-width: 2592px) 100vw, 2592px\" \/><\/a><a href=\"http:\/\/lacomponella.com\/WordPress3\/wp-content\/uploads\/2016\/11\/IMG_4741.jpg\"><img loading=\"lazy\" decoding=\"async\" class=\"aligncenter size-full wp-image-3239\" src=\"http:\/\/lacomponella.com\/WordPress3\/wp-content\/uploads\/2016\/11\/IMG_4741.jpg\" alt=\"img_4741\" width=\"2592\" height=\"1728\" srcset=\"https:\/\/lacomponella.com\/WordPress3\/wp-content\/uploads\/2016\/11\/IMG_4741.jpg 2592w, https:\/\/lacomponella.com\/WordPress3\/wp-content\/uploads\/2016\/11\/IMG_4741-300x200.jpg 300w, https:\/\/lacomponella.com\/WordPress3\/wp-content\/uploads\/2016\/11\/IMG_4741-1024x683.jpg 1024w\" sizes=\"(max-width: 2592px) 100vw, 2592px\" \/><\/a><a href=\"http:\/\/lacomponella.com\/WordPress3\/wp-content\/uploads\/2016\/11\/IMG_8653.jpg\"><img loading=\"lazy\" decoding=\"async\" class=\"aligncenter size-full wp-image-3240\" src=\"http:\/\/lacomponella.com\/WordPress3\/wp-content\/uploads\/2016\/11\/IMG_8653.jpg\" alt=\"img_8653\" width=\"2592\" height=\"1728\" srcset=\"https:\/\/lacomponella.com\/WordPress3\/wp-content\/uploads\/2016\/11\/IMG_8653.jpg 2592w, https:\/\/lacomponella.com\/WordPress3\/wp-content\/uploads\/2016\/11\/IMG_8653-300x200.jpg 300w, https:\/\/lacomponella.com\/WordPress3\/wp-content\/uploads\/2016\/11\/IMG_8653-1024x683.jpg 1024w\" sizes=\"(max-width: 2592px) 100vw, 2592px\" \/><\/a><a href=\"http:\/\/lacomponella.com\/WordPress3\/wp-content\/uploads\/2016\/11\/IMG_9334.jpg\"><img loading=\"lazy\" decoding=\"async\" class=\"aligncenter size-full wp-image-3242\" src=\"http:\/\/lacomponella.com\/WordPress3\/wp-content\/uploads\/2016\/11\/IMG_9334.jpg\" alt=\"img_9334\" width=\"1836\" height=\"1260\" srcset=\"https:\/\/lacomponella.com\/WordPress3\/wp-content\/uploads\/2016\/11\/IMG_9334.jpg 1836w, https:\/\/lacomponella.com\/WordPress3\/wp-content\/uploads\/2016\/11\/IMG_9334-300x206.jpg 300w, https:\/\/lacomponella.com\/WordPress3\/wp-content\/uploads\/2016\/11\/IMG_9334-1024x703.jpg 1024w\" sizes=\"(max-width: 1836px) 100vw, 1836px\" \/><\/a><\/h4>\n<p><a href=\"http:\/\/lacomponella.com\/WordPress3\/wp-content\/uploads\/2015\/05\/IMG_8303.jpg\"><img loading=\"lazy\" decoding=\"async\" class=\"alignright size-full wp-image-3017\" src=\"http:\/\/lacomponella.com\/WordPress3\/wp-content\/uploads\/2015\/05\/IMG_8303.jpg\" alt=\"img_8303\" width=\"2592\" height=\"1728\" srcset=\"https:\/\/lacomponella.com\/WordPress3\/wp-content\/uploads\/2015\/05\/IMG_8303.jpg 2592w, https:\/\/lacomponella.com\/WordPress3\/wp-content\/uploads\/2015\/05\/IMG_8303-300x200.jpg 300w, https:\/\/lacomponella.com\/WordPress3\/wp-content\/uploads\/2015\/05\/IMG_8303-1024x683.jpg 1024w\" sizes=\"(max-width: 2592px) 100vw, 2592px\" \/><\/a><\/p>\n","protected":false},"excerpt":{"rendered":"<p>Miot L &#8211; 2017 Mamy 6 szczeni\u0105t ur.28.04.2017 Pieski: LARGO LEONARDO DICAPRIO LOXO Suczki: LADY GAGA LEE LAXA To filmy z\u00a0pieskiem z tego miotu &#8211; Leonardo Dicaprio: Rodzice miotu L: matka &#8211; Champion -EUREKA de Korrantoh Ojciec\u00a0&#8211; \u00a0Zwyci\u0119zca \u015awiata!!!! Jacoh de Korrantoh Zdj\u0119cia LEONARDO:) **** ****************** ********* Nasze meksyka\u0144czyki razem:))<\/p>\n","protected":false},"author":1,"featured_media":0,"parent":0,"menu_order":0,"comment_status":"closed","ping_status":"closed","template":"","meta":{"footnotes":""},"class_list":["post-4123","page","type-page","status-publish","hentry"],"yoast_head":"<!-- This site is optimized with the Yoast SEO plugin v27.4 - https:\/\/yoast.com\/product\/yoast-seo-wordpress\/ -->\n<title>- La Componella FCI<\/title>\n<meta name=\"robots\" content=\"index, follow, max-snippet:-1, max-image-preview:large, max-video-preview:-1\" \/>\n<link rel=\"canonical\" href=\"https:\/\/lacomponella.com\/WordPress3\/?page_id=4123\" \/>\n<meta property=\"og:locale\" content=\"pl_PL\" \/>\n<meta property=\"og:type\" content=\"article\" \/>\n<meta property=\"og:title\" content=\"- La Componella FCI\" \/>\n<meta property=\"og:description\" content=\"Miot L &#8211; 2017 Mamy 6 szczeni\u0105t ur.28.04.2017 Pieski: LARGO LEONARDO DICAPRIO LOXO Suczki: LADY GAGA LEE LAXA To filmy z\u00a0pieskiem z tego miotu &#8211; Leonardo Dicaprio: Rodzice miotu L: matka &#8211; Champion -EUREKA de Korrantoh Ojciec\u00a0&#8211; \u00a0Zwyci\u0119zca \u015awiata!!!! Jacoh de Korrantoh Zdj\u0119cia LEONARDO:) **** ****************** ********* Nasze meksyka\u0144czyki razem:))\" \/>\n<meta property=\"og:url\" content=\"https:\/\/lacomponella.com\/WordPress3\/?page_id=4123\" \/>\n<meta property=\"og:site_name\" content=\"La Componella FCI\" \/>\n<meta property=\"article:modified_time\" content=\"2019-04-15T17:30:55+00:00\" \/>\n<meta property=\"og:image\" content=\"https:\/\/lacomponella.com\/WordPress3\/wp-content\/uploads\/2015\/05\/eureka11.jpg\" \/>\n\t<meta property=\"og:image:width\" content=\"470\" \/>\n\t<meta property=\"og:image:height\" content=\"315\" \/>\n\t<meta property=\"og:image:type\" content=\"image\/jpeg\" \/>\n<meta name=\"twitter:card\" content=\"summary_large_image\" \/>\n<meta name=\"twitter:label1\" content=\"Szacowany czas czytania\" \/>\n\t<meta name=\"twitter:data1\" content=\"1 minuta\" \/>\n<script type=\"application\/ld+json\" class=\"yoast-schema-graph\">{\"@context\":\"https:\\\/\\\/schema.org\",\"@graph\":[{\"@type\":\"WebPage\",\"@id\":\"https:\\\/\\\/lacomponella.com\\\/WordPress3\\\/?page_id=4123\",\"url\":\"https:\\\/\\\/lacomponella.com\\\/WordPress3\\\/?page_id=4123\",\"name\":\"- La Componella FCI\",\"isPartOf\":{\"@id\":\"https:\\\/\\\/lacomponella.com\\\/WordPress3\\\/#website\"},\"primaryImageOfPage\":{\"@id\":\"https:\\\/\\\/lacomponella.com\\\/WordPress3\\\/?page_id=4123#primaryimage\"},\"image\":{\"@id\":\"https:\\\/\\\/lacomponella.com\\\/WordPress3\\\/?page_id=4123#primaryimage\"},\"thumbnailUrl\":\"http:\\\/\\\/lacomponella.com\\\/WordPress3\\\/wp-content\\\/uploads\\\/2015\\\/05\\\/eureka11.jpg\",\"datePublished\":\"2017-08-30T20:49:10+00:00\",\"dateModified\":\"2019-04-15T17:30:55+00:00\",\"inLanguage\":\"pl-PL\",\"potentialAction\":[{\"@type\":\"ReadAction\",\"target\":[\"https:\\\/\\\/lacomponella.com\\\/WordPress3\\\/?page_id=4123\"]}]},{\"@type\":\"ImageObject\",\"inLanguage\":\"pl-PL\",\"@id\":\"https:\\\/\\\/lacomponella.com\\\/WordPress3\\\/?page_id=4123#primaryimage\",\"url\":\"http:\\\/\\\/lacomponella.com\\\/WordPress3\\\/wp-content\\\/uploads\\\/2015\\\/05\\\/eureka11.jpg\",\"contentUrl\":\"http:\\\/\\\/lacomponella.com\\\/WordPress3\\\/wp-content\\\/uploads\\\/2015\\\/05\\\/eureka11.jpg\"},{\"@type\":\"WebSite\",\"@id\":\"https:\\\/\\\/lacomponella.com\\\/WordPress3\\\/#website\",\"url\":\"https:\\\/\\\/lacomponella.com\\\/WordPress3\\\/\",\"name\":\"La Componella FCI\",\"description\":\"Hodowla Dog Niemiecki, Xolo i Owczarek Belgijski\",\"potentialAction\":[{\"@type\":\"SearchAction\",\"target\":{\"@type\":\"EntryPoint\",\"urlTemplate\":\"https:\\\/\\\/lacomponella.com\\\/WordPress3\\\/?s={search_term_string}\"},\"query-input\":{\"@type\":\"PropertyValueSpecification\",\"valueRequired\":true,\"valueName\":\"search_term_string\"}}],\"inLanguage\":\"pl-PL\"}]}<\/script>\n<!-- \/ Yoast SEO plugin. -->","yoast_head_json":{"title":"- La Componella FCI","robots":{"index":"index","follow":"follow","max-snippet":"max-snippet:-1","max-image-preview":"max-image-preview:large","max-video-preview":"max-video-preview:-1"},"canonical":"https:\/\/lacomponella.com\/WordPress3\/?page_id=4123","og_locale":"pl_PL","og_type":"article","og_title":"- La Componella FCI","og_description":"Miot L &#8211; 2017 Mamy 6 szczeni\u0105t ur.28.04.2017 Pieski: LARGO LEONARDO DICAPRIO LOXO Suczki: LADY GAGA LEE LAXA To filmy z\u00a0pieskiem z tego miotu &#8211; Leonardo Dicaprio: Rodzice miotu L: matka &#8211; Champion -EUREKA de Korrantoh Ojciec\u00a0&#8211; \u00a0Zwyci\u0119zca \u015awiata!!!! Jacoh de Korrantoh Zdj\u0119cia LEONARDO:) **** ****************** ********* Nasze meksyka\u0144czyki razem:))","og_url":"https:\/\/lacomponella.com\/WordPress3\/?page_id=4123","og_site_name":"La Componella FCI","article_modified_time":"2019-04-15T17:30:55+00:00","og_image":[{"width":470,"height":315,"url":"https:\/\/lacomponella.com\/WordPress3\/wp-content\/uploads\/2015\/05\/eureka11.jpg","type":"image\/jpeg"}],"twitter_card":"summary_large_image","twitter_misc":{"Szacowany czas czytania":"1 minuta"},"schema":{"@context":"https:\/\/schema.org","@graph":[{"@type":"WebPage","@id":"https:\/\/lacomponella.com\/WordPress3\/?page_id=4123","url":"https:\/\/lacomponella.com\/WordPress3\/?page_id=4123","name":"- La Componella FCI","isPartOf":{"@id":"https:\/\/lacomponella.com\/WordPress3\/#website"},"primaryImageOfPage":{"@id":"https:\/\/lacomponella.com\/WordPress3\/?page_id=4123#primaryimage"},"image":{"@id":"https:\/\/lacomponella.com\/WordPress3\/?page_id=4123#primaryimage"},"thumbnailUrl":"http:\/\/lacomponella.com\/WordPress3\/wp-content\/uploads\/2015\/05\/eureka11.jpg","datePublished":"2017-08-30T20:49:10+00:00","dateModified":"2019-04-15T17:30:55+00:00","inLanguage":"pl-PL","potentialAction":[{"@type":"ReadAction","target":["https:\/\/lacomponella.com\/WordPress3\/?page_id=4123"]}]},{"@type":"ImageObject","inLanguage":"pl-PL","@id":"https:\/\/lacomponella.com\/WordPress3\/?page_id=4123#primaryimage","url":"http:\/\/lacomponella.com\/WordPress3\/wp-content\/uploads\/2015\/05\/eureka11.jpg","contentUrl":"http:\/\/lacomponella.com\/WordPress3\/wp-content\/uploads\/2015\/05\/eureka11.jpg"},{"@type":"WebSite","@id":"https:\/\/lacomponella.com\/WordPress3\/#website","url":"https:\/\/lacomponella.com\/WordPress3\/","name":"La Componella FCI","description":"Hodowla Dog Niemiecki, Xolo i Owczarek Belgijski","potentialAction":[{"@type":"SearchAction","target":{"@type":"EntryPoint","urlTemplate":"https:\/\/lacomponella.com\/WordPress3\/?s={search_term_string}"},"query-input":{"@type":"PropertyValueSpecification","valueRequired":true,"valueName":"search_term_string"}}],"inLanguage":"pl-PL"}]}},"_links":{"self":[{"href":"https:\/\/lacomponella.com\/WordPress3\/index.php?rest_route=\/wp\/v2\/pages\/4123","targetHints":{"allow":["GET"]}}],"collection":[{"href":"https:\/\/lacomponella.com\/WordPress3\/index.php?rest_route=\/wp\/v2\/pages"}],"about":[{"href":"https:\/\/lacomponella.com\/WordPress3\/index.php?rest_route=\/wp\/v2\/types\/page"}],"author":[{"embeddable":true,"href":"https:\/\/lacomponella.com\/WordPress3\/index.php?rest_route=\/wp\/v2\/users\/1"}],"replies":[{"embeddable":true,"href":"https:\/\/lacomponella.com\/WordPress3\/index.php?rest_route=%2Fwp%2Fv2%2Fcomments&post=4123"}],"version-history":[{"count":3,"href":"https:\/\/lacomponella.com\/WordPress3\/index.php?rest_route=\/wp\/v2\/pages\/4123\/revisions"}],"predecessor-version":[{"id":5644,"href":"https:\/\/lacomponella.com\/WordPress3\/index.php?rest_route=\/wp\/v2\/pages\/4123\/revisions\/5644"}],"wp:attachment":[{"href":"https:\/\/lacomponella.com\/WordPress3\/index.php?rest_route=%2Fwp%2Fv2%2Fmedia&parent=4123"}],"curies":[{"name":"wp","href":"https:\/\/api.w.org\/{rel}","templated":true}]}}