{"id":4494,"date":"2018-01-14T17:51:24","date_gmt":"2018-01-14T17:51:24","guid":{"rendered":"http:\/\/lacomponella.com\/WordPress3\/?page_id=4494"},"modified":"2019-01-30T18:26:37","modified_gmt":"2019-01-30T18:26:37","slug":"miot-p-2017","status":"publish","type":"page","link":"https:\/\/lacomponella.com\/WordPress3\/?page_id=4494","title":{"rendered":"Miot P &#8211; 2017"},"content":{"rendered":"<h3 style=\"text-align: center;\"><span style=\"color: #ff0000;\">ur.20.09.2017<\/span><\/h3>\n<h5><span style=\"color: #003366;\"><strong>1. PACO &#8211;\u00a0piesek arlekin, Dania<\/strong><\/span><br \/>\n<span style=\"color: #003366;\">2. PELE &#8211;\u00a0 czarna suczka, zosta\u0142a w hodowli, mieszka ze wsp\u00f3\u0142w\u0142a\u015bcicielk\u0105<\/span><br \/>\n<span style=\"color: #003366;\"><strong>3. PIRLO-\u00a0czarna suczka, mieszka w USA<br \/>\n4. PRADA &#8211;\u00a0suczka arlekinka<\/strong><\/span><\/h5>\n<h5><span style=\"color: #ff0000;\"><strong>PIRLO La Componella\u00a0<\/strong><\/span><\/h5>\n<p><a href=\"http:\/\/lacomponella.com\/WordPress3\/wp-content\/uploads\/2014\/07\/PB060007.jpg\"><img fetchpriority=\"high\" decoding=\"async\" class=\"aligncenter size-large wp-image-4314\" src=\"http:\/\/lacomponella.com\/WordPress3\/wp-content\/uploads\/2014\/07\/PB060007-1024x768.jpg\" alt=\"OLYMPUS DIGITAL CAMERA\" width=\"604\" height=\"453\" srcset=\"https:\/\/lacomponella.com\/WordPress3\/wp-content\/uploads\/2014\/07\/PB060007-1024x768.jpg 1024w, https:\/\/lacomponella.com\/WordPress3\/wp-content\/uploads\/2014\/07\/PB060007-300x225.jpg 300w, https:\/\/lacomponella.com\/WordPress3\/wp-content\/uploads\/2014\/07\/PB060007.jpg 1280w\" sizes=\"(max-width: 604px) 100vw, 604px\" \/><\/a><a href=\"http:\/\/lacomponella.com\/WordPress3\/wp-content\/uploads\/2014\/07\/PB060009.jpg\"><img decoding=\"async\" class=\"aligncenter size-large wp-image-4315\" src=\"http:\/\/lacomponella.com\/WordPress3\/wp-content\/uploads\/2014\/07\/PB060009-1024x768.jpg\" alt=\"OLYMPUS DIGITAL CAMERA\" width=\"604\" height=\"453\" srcset=\"https:\/\/lacomponella.com\/WordPress3\/wp-content\/uploads\/2014\/07\/PB060009-1024x768.jpg 1024w, https:\/\/lacomponella.com\/WordPress3\/wp-content\/uploads\/2014\/07\/PB060009-300x225.jpg 300w, https:\/\/lacomponella.com\/WordPress3\/wp-content\/uploads\/2014\/07\/PB060009.jpg 1280w\" sizes=\"(max-width: 604px) 100vw, 604px\" \/><\/a><a href=\"http:\/\/lacomponella.com\/WordPress3\/wp-content\/uploads\/2014\/07\/PB060015.jpg\"><img decoding=\"async\" class=\"aligncenter size-large wp-image-4316\" src=\"http:\/\/lacomponella.com\/WordPress3\/wp-content\/uploads\/2014\/07\/PB060015-1024x768.jpg\" alt=\"OLYMPUS DIGITAL CAMERA\" width=\"604\" height=\"453\" srcset=\"https:\/\/lacomponella.com\/WordPress3\/wp-content\/uploads\/2014\/07\/PB060015-1024x768.jpg 1024w, https:\/\/lacomponella.com\/WordPress3\/wp-content\/uploads\/2014\/07\/PB060015-300x225.jpg 300w, https:\/\/lacomponella.com\/WordPress3\/wp-content\/uploads\/2014\/07\/PB060015.jpg 1280w\" sizes=\"(max-width: 604px) 100vw, 604px\" \/><\/a><a href=\"http:\/\/lacomponella.com\/WordPress3\/wp-content\/uploads\/2014\/07\/PB060016.jpg\"><img loading=\"lazy\" decoding=\"async\" class=\"aligncenter size-large wp-image-4317\" src=\"http:\/\/lacomponella.com\/WordPress3\/wp-content\/uploads\/2014\/07\/PB060016-1024x768.jpg\" alt=\"OLYMPUS DIGITAL CAMERA\" width=\"604\" height=\"453\" srcset=\"https:\/\/lacomponella.com\/WordPress3\/wp-content\/uploads\/2014\/07\/PB060016-1024x768.jpg 1024w, https:\/\/lacomponella.com\/WordPress3\/wp-content\/uploads\/2014\/07\/PB060016-300x225.jpg 300w, https:\/\/lacomponella.com\/WordPress3\/wp-content\/uploads\/2014\/07\/PB060016.jpg 1280w\" sizes=\"(max-width: 604px) 100vw, 604px\" \/><\/a><a href=\"http:\/\/lacomponella.com\/WordPress3\/wp-content\/uploads\/2014\/07\/PB110025.jpg\"><br \/>\n<\/a><a href=\"http:\/\/lacomponella.com\/WordPress3\/wp-content\/uploads\/2014\/07\/PB110077.jpg\"><br \/>\n<\/a>Rodzice miotu:<\/p>\n<p><a href=\"http:\/\/lacomponella.com\/WordPress3\/wp-content\/uploads\/2015\/11\/12312479_1156594034368891_696670466_n.jpg\"><img loading=\"lazy\" decoding=\"async\" class=\"aligncenter size-full wp-image-1705\" src=\"http:\/\/lacomponella.com\/WordPress3\/wp-content\/uploads\/2015\/11\/12312479_1156594034368891_696670466_n.jpg\" alt=\"12312479_1156594034368891_696670466_n\" width=\"960\" height=\"707\" srcset=\"https:\/\/lacomponella.com\/WordPress3\/wp-content\/uploads\/2015\/11\/12312479_1156594034368891_696670466_n.jpg 960w, https:\/\/lacomponella.com\/WordPress3\/wp-content\/uploads\/2015\/11\/12312479_1156594034368891_696670466_n-300x221.jpg 300w\" sizes=\"(max-width: 960px) 100vw, 960px\" \/><\/a><\/p>\n<p><a href=\"http:\/\/lacomponella.com\/WordPress3\/wp-content\/uploads\/2015\/11\/rodowod-C1.jpg\"><img loading=\"lazy\" decoding=\"async\" class=\"aligncenter size-full wp-image-1959\" src=\"http:\/\/lacomponella.com\/WordPress3\/wp-content\/uploads\/2015\/11\/rodowod-C1.jpg\" alt=\"rodowod C\" width=\"960\" height=\"689\" srcset=\"https:\/\/lacomponella.com\/WordPress3\/wp-content\/uploads\/2015\/11\/rodowod-C1.jpg 960w, https:\/\/lacomponella.com\/WordPress3\/wp-content\/uploads\/2015\/11\/rodowod-C1-300x215.jpg 300w\" sizes=\"(max-width: 960px) 100vw, 960px\" \/><\/a><\/p>\n<h5 style=\"text-align: center;\">&#8212;&#8212; &#8212;&#8212;&#8212; &#8212;&#8212;&#8211;<\/h5>\n<h5 style=\"text-align: center;\"><span style=\"color: #ff0000;\"><strong>Szczeni\u0119ta\u00a0J&#8217;DORE i IRINA sprzed 2 lat:<\/strong><\/span><\/h5>\n<h4><a href=\"http:\/\/lacomponella.com\/WordPress3\/wp-content\/uploads\/2016\/02\/IMG_4803.jpg\"><img loading=\"lazy\" decoding=\"async\" class=\"alignright size-large wp-image-2368\" src=\"http:\/\/lacomponella.com\/WordPress3\/wp-content\/uploads\/2016\/02\/IMG_4803-1024x683.jpg\" alt=\"IMG_4803\" width=\"604\" height=\"403\" srcset=\"https:\/\/lacomponella.com\/WordPress3\/wp-content\/uploads\/2016\/02\/IMG_4803-1024x683.jpg 1024w, https:\/\/lacomponella.com\/WordPress3\/wp-content\/uploads\/2016\/02\/IMG_4803-300x200.jpg 300w\" sizes=\"(max-width: 604px) 100vw, 604px\" \/><\/a><a href=\"http:\/\/lacomponella.com\/WordPress3\/wp-content\/uploads\/2016\/02\/IMG_4798.jpg\"><img loading=\"lazy\" decoding=\"async\" class=\"alignright size-large wp-image-2367\" src=\"http:\/\/lacomponella.com\/WordPress3\/wp-content\/uploads\/2016\/02\/IMG_4798-1024x683.jpg\" alt=\"IMG_4798\" width=\"604\" height=\"403\" srcset=\"https:\/\/lacomponella.com\/WordPress3\/wp-content\/uploads\/2016\/02\/IMG_4798-1024x683.jpg 1024w, https:\/\/lacomponella.com\/WordPress3\/wp-content\/uploads\/2016\/02\/IMG_4798-300x200.jpg 300w\" sizes=\"(max-width: 604px) 100vw, 604px\" \/><\/a><a href=\"http:\/\/lacomponella.com\/WordPress3\/wp-content\/uploads\/2016\/02\/IMG_4793.jpg\"><img loading=\"lazy\" decoding=\"async\" class=\"alignright size-large wp-image-2366\" src=\"http:\/\/lacomponella.com\/WordPress3\/wp-content\/uploads\/2016\/02\/IMG_4793-1024x683.jpg\" alt=\"IMG_4793\" width=\"604\" height=\"403\" srcset=\"https:\/\/lacomponella.com\/WordPress3\/wp-content\/uploads\/2016\/02\/IMG_4793-1024x683.jpg 1024w, https:\/\/lacomponella.com\/WordPress3\/wp-content\/uploads\/2016\/02\/IMG_4793-300x200.jpg 300w\" sizes=\"(max-width: 604px) 100vw, 604px\" \/><\/a><\/h4>\n<h3><span style=\"color: #ff00ff;\">\u00a0<\/span><\/h3>\n<h3 style=\"text-align: center;\">*** *** ***<\/h3>\n","protected":false},"excerpt":{"rendered":"<p>ur.20.09.2017 1. PACO &#8211;\u00a0piesek arlekin, Dania 2. PELE &#8211;\u00a0 czarna suczka, zosta\u0142a w hodowli, mieszka ze wsp\u00f3\u0142w\u0142a\u015bcicielk\u0105 3. PIRLO-\u00a0czarna suczka, mieszka w USA 4. PRADA &#8211;\u00a0suczka arlekinka PIRLO La Componella\u00a0 Rodzice miotu: &#8212;&#8212; &#8212;&#8212;&#8212; &#8212;&#8212;&#8211; Szczeni\u0119ta\u00a0J&#8217;DORE i IRINA sprzed 2 lat: \u00a0 *** *** ***<\/p>\n","protected":false},"author":1,"featured_media":0,"parent":0,"menu_order":0,"comment_status":"closed","ping_status":"closed","template":"","meta":{"footnotes":""},"class_list":["post-4494","page","type-page","status-publish","hentry"],"yoast_head":"<!-- This site is optimized with the Yoast SEO plugin v27.6 - https:\/\/yoast.com\/product\/yoast-seo-wordpress\/ -->\n<title>Miot P - 2017 - La Componella FCI<\/title>\n<meta name=\"robots\" content=\"index, follow, max-snippet:-1, max-image-preview:large, max-video-preview:-1\" \/>\n<link rel=\"canonical\" href=\"https:\/\/lacomponella.com\/WordPress3\/?page_id=4494\" \/>\n<meta property=\"og:locale\" content=\"pl_PL\" \/>\n<meta property=\"og:type\" content=\"article\" \/>\n<meta property=\"og:title\" content=\"Miot P - 2017 - La Componella FCI\" \/>\n<meta property=\"og:description\" content=\"ur.20.09.2017 1. PACO &#8211;\u00a0piesek arlekin, Dania 2. PELE &#8211;\u00a0 czarna suczka, zosta\u0142a w hodowli, mieszka ze wsp\u00f3\u0142w\u0142a\u015bcicielk\u0105 3. PIRLO-\u00a0czarna suczka, mieszka w USA 4. PRADA &#8211;\u00a0suczka arlekinka PIRLO La Componella\u00a0 Rodzice miotu: &#8212;&#8212; &#8212;&#8212;&#8212; &#8212;&#8212;&#8211; Szczeni\u0119ta\u00a0J&#8217;DORE i IRINA sprzed 2 lat: \u00a0 *** *** ***\" \/>\n<meta property=\"og:url\" content=\"https:\/\/lacomponella.com\/WordPress3\/?page_id=4494\" \/>\n<meta property=\"og:site_name\" content=\"La Componella FCI\" \/>\n<meta property=\"article:modified_time\" content=\"2019-01-30T18:26:37+00:00\" \/>\n<meta property=\"og:image\" content=\"https:\/\/lacomponella.com\/WordPress3\/wp-content\/uploads\/2014\/07\/PB060007.jpg\" \/>\n\t<meta property=\"og:image:width\" content=\"1280\" \/>\n\t<meta property=\"og:image:height\" content=\"960\" \/>\n\t<meta property=\"og:image:type\" content=\"image\/jpeg\" \/>\n<meta name=\"twitter:card\" content=\"summary_large_image\" \/>\n<script type=\"application\/ld+json\" class=\"yoast-schema-graph\">{\"@context\":\"https:\\\/\\\/schema.org\",\"@graph\":[{\"@type\":\"WebPage\",\"@id\":\"https:\\\/\\\/lacomponella.com\\\/WordPress3\\\/?page_id=4494\",\"url\":\"https:\\\/\\\/lacomponella.com\\\/WordPress3\\\/?page_id=4494\",\"name\":\"Miot P - 2017 - La Componella FCI\",\"isPartOf\":{\"@id\":\"https:\\\/\\\/lacomponella.com\\\/WordPress3\\\/#website\"},\"primaryImageOfPage\":{\"@id\":\"https:\\\/\\\/lacomponella.com\\\/WordPress3\\\/?page_id=4494#primaryimage\"},\"image\":{\"@id\":\"https:\\\/\\\/lacomponella.com\\\/WordPress3\\\/?page_id=4494#primaryimage\"},\"thumbnailUrl\":\"http:\\\/\\\/lacomponella.com\\\/WordPress3\\\/wp-content\\\/uploads\\\/2014\\\/07\\\/PB060007-1024x768.jpg\",\"datePublished\":\"2018-01-14T17:51:24+00:00\",\"dateModified\":\"2019-01-30T18:26:37+00:00\",\"breadcrumb\":{\"@id\":\"https:\\\/\\\/lacomponella.com\\\/WordPress3\\\/?page_id=4494#breadcrumb\"},\"inLanguage\":\"pl-PL\",\"potentialAction\":[{\"@type\":\"ReadAction\",\"target\":[\"https:\\\/\\\/lacomponella.com\\\/WordPress3\\\/?page_id=4494\"]}]},{\"@type\":\"ImageObject\",\"inLanguage\":\"pl-PL\",\"@id\":\"https:\\\/\\\/lacomponella.com\\\/WordPress3\\\/?page_id=4494#primaryimage\",\"url\":\"https:\\\/\\\/lacomponella.com\\\/WordPress3\\\/wp-content\\\/uploads\\\/2014\\\/07\\\/PB060007.jpg\",\"contentUrl\":\"https:\\\/\\\/lacomponella.com\\\/WordPress3\\\/wp-content\\\/uploads\\\/2014\\\/07\\\/PB060007.jpg\",\"width\":1280,\"height\":960},{\"@type\":\"BreadcrumbList\",\"@id\":\"https:\\\/\\\/lacomponella.com\\\/WordPress3\\\/?page_id=4494#breadcrumb\",\"itemListElement\":[{\"@type\":\"ListItem\",\"position\":1,\"name\":\"Strona g\u0142\u00f3wna\",\"item\":\"https:\\\/\\\/lacomponella.com\\\/WordPress3\\\/?page_id=4991\"},{\"@type\":\"ListItem\",\"position\":2,\"name\":\"Miot P &#8211; 2017\"}]},{\"@type\":\"WebSite\",\"@id\":\"https:\\\/\\\/lacomponella.com\\\/WordPress3\\\/#website\",\"url\":\"https:\\\/\\\/lacomponella.com\\\/WordPress3\\\/\",\"name\":\"La Componella FCI\",\"description\":\"Hodowla Dog Niemiecki, Xolo i Owczarek Belgijski\",\"potentialAction\":[{\"@type\":\"SearchAction\",\"target\":{\"@type\":\"EntryPoint\",\"urlTemplate\":\"https:\\\/\\\/lacomponella.com\\\/WordPress3\\\/?s={search_term_string}\"},\"query-input\":{\"@type\":\"PropertyValueSpecification\",\"valueRequired\":true,\"valueName\":\"search_term_string\"}}],\"inLanguage\":\"pl-PL\"}]}<\/script>\n<!-- \/ Yoast SEO plugin. -->","yoast_head_json":{"title":"Miot P - 2017 - La Componella FCI","robots":{"index":"index","follow":"follow","max-snippet":"max-snippet:-1","max-image-preview":"max-image-preview:large","max-video-preview":"max-video-preview:-1"},"canonical":"https:\/\/lacomponella.com\/WordPress3\/?page_id=4494","og_locale":"pl_PL","og_type":"article","og_title":"Miot P - 2017 - La Componella FCI","og_description":"ur.20.09.2017 1. PACO &#8211;\u00a0piesek arlekin, Dania 2. PELE &#8211;\u00a0 czarna suczka, zosta\u0142a w hodowli, mieszka ze wsp\u00f3\u0142w\u0142a\u015bcicielk\u0105 3. PIRLO-\u00a0czarna suczka, mieszka w USA 4. PRADA &#8211;\u00a0suczka arlekinka PIRLO La Componella\u00a0 Rodzice miotu: &#8212;&#8212; &#8212;&#8212;&#8212; &#8212;&#8212;&#8211; Szczeni\u0119ta\u00a0J&#8217;DORE i IRINA sprzed 2 lat: \u00a0 *** *** ***","og_url":"https:\/\/lacomponella.com\/WordPress3\/?page_id=4494","og_site_name":"La Componella FCI","article_modified_time":"2019-01-30T18:26:37+00:00","og_image":[{"width":1280,"height":960,"url":"https:\/\/lacomponella.com\/WordPress3\/wp-content\/uploads\/2014\/07\/PB060007.jpg","type":"image\/jpeg"}],"twitter_card":"summary_large_image","schema":{"@context":"https:\/\/schema.org","@graph":[{"@type":"WebPage","@id":"https:\/\/lacomponella.com\/WordPress3\/?page_id=4494","url":"https:\/\/lacomponella.com\/WordPress3\/?page_id=4494","name":"Miot P - 2017 - La Componella FCI","isPartOf":{"@id":"https:\/\/lacomponella.com\/WordPress3\/#website"},"primaryImageOfPage":{"@id":"https:\/\/lacomponella.com\/WordPress3\/?page_id=4494#primaryimage"},"image":{"@id":"https:\/\/lacomponella.com\/WordPress3\/?page_id=4494#primaryimage"},"thumbnailUrl":"http:\/\/lacomponella.com\/WordPress3\/wp-content\/uploads\/2014\/07\/PB060007-1024x768.jpg","datePublished":"2018-01-14T17:51:24+00:00","dateModified":"2019-01-30T18:26:37+00:00","breadcrumb":{"@id":"https:\/\/lacomponella.com\/WordPress3\/?page_id=4494#breadcrumb"},"inLanguage":"pl-PL","potentialAction":[{"@type":"ReadAction","target":["https:\/\/lacomponella.com\/WordPress3\/?page_id=4494"]}]},{"@type":"ImageObject","inLanguage":"pl-PL","@id":"https:\/\/lacomponella.com\/WordPress3\/?page_id=4494#primaryimage","url":"https:\/\/lacomponella.com\/WordPress3\/wp-content\/uploads\/2014\/07\/PB060007.jpg","contentUrl":"https:\/\/lacomponella.com\/WordPress3\/wp-content\/uploads\/2014\/07\/PB060007.jpg","width":1280,"height":960},{"@type":"BreadcrumbList","@id":"https:\/\/lacomponella.com\/WordPress3\/?page_id=4494#breadcrumb","itemListElement":[{"@type":"ListItem","position":1,"name":"Strona g\u0142\u00f3wna","item":"https:\/\/lacomponella.com\/WordPress3\/?page_id=4991"},{"@type":"ListItem","position":2,"name":"Miot P &#8211; 2017"}]},{"@type":"WebSite","@id":"https:\/\/lacomponella.com\/WordPress3\/#website","url":"https:\/\/lacomponella.com\/WordPress3\/","name":"La Componella FCI","description":"Hodowla Dog Niemiecki, Xolo i Owczarek Belgijski","potentialAction":[{"@type":"SearchAction","target":{"@type":"EntryPoint","urlTemplate":"https:\/\/lacomponella.com\/WordPress3\/?s={search_term_string}"},"query-input":{"@type":"PropertyValueSpecification","valueRequired":true,"valueName":"search_term_string"}}],"inLanguage":"pl-PL"}]}},"_links":{"self":[{"href":"https:\/\/lacomponella.com\/WordPress3\/index.php?rest_route=\/wp\/v2\/pages\/4494","targetHints":{"allow":["GET"]}}],"collection":[{"href":"https:\/\/lacomponella.com\/WordPress3\/index.php?rest_route=\/wp\/v2\/pages"}],"about":[{"href":"https:\/\/lacomponella.com\/WordPress3\/index.php?rest_route=\/wp\/v2\/types\/page"}],"author":[{"embeddable":true,"href":"https:\/\/lacomponella.com\/WordPress3\/index.php?rest_route=\/wp\/v2\/users\/1"}],"replies":[{"embeddable":true,"href":"https:\/\/lacomponella.com\/WordPress3\/index.php?rest_route=%2Fwp%2Fv2%2Fcomments&post=4494"}],"version-history":[{"count":4,"href":"https:\/\/lacomponella.com\/WordPress3\/index.php?rest_route=\/wp\/v2\/pages\/4494\/revisions"}],"predecessor-version":[{"id":5326,"href":"https:\/\/lacomponella.com\/WordPress3\/index.php?rest_route=\/wp\/v2\/pages\/4494\/revisions\/5326"}],"wp:attachment":[{"href":"https:\/\/lacomponella.com\/WordPress3\/index.php?rest_route=%2Fwp%2Fv2%2Fmedia&parent=4494"}],"curies":[{"name":"wp","href":"https:\/\/api.w.org\/{rel}","templated":true}]}}