{"id":5029,"date":"2018-08-21T20:12:02","date_gmt":"2018-08-21T20:12:02","guid":{"rendered":"http:\/\/lacomponella.com\/WordPress3\/?page_id=5029"},"modified":"2018-08-21T20:12:02","modified_gmt":"2018-08-21T20:12:02","slug":"miot-s-2017","status":"publish","type":"page","link":"https:\/\/lacomponella.com\/WordPress3\/?page_id=5029","title":{"rendered":"Miot S &#8211; 2017"},"content":{"rendered":"<h4 style=\"text-align: center;\">Miot S<\/h4>\n<h4 style=\"text-align: center;\"><span style=\"color: #800080;\">***4 szczeni\u0119ta***<\/span><\/h4>\n<h4 style=\"text-align: center;\">ur.25.12.2017<\/h4>\n<p>1.Nagi czarny piesek SUAREZ La Componella FCI<\/p>\n<p><a href=\"http:\/\/lacomponella.com\/WordPress3\/wp-content\/uploads\/2015\/05\/Suarez-10.jpg\"><img fetchpriority=\"high\" decoding=\"async\" class=\"aligncenter size-large wp-image-4632\" src=\"http:\/\/lacomponella.com\/WordPress3\/wp-content\/uploads\/2015\/05\/Suarez-10.jpg\" alt=\"Suarez (10)\" width=\"604\" height=\"453\" srcset=\"https:\/\/lacomponella.com\/WordPress3\/wp-content\/uploads\/2015\/05\/Suarez-10.jpg 640w, https:\/\/lacomponella.com\/WordPress3\/wp-content\/uploads\/2015\/05\/Suarez-10-300x225.jpg 300w\" sizes=\"(max-width: 604px) 100vw, 604px\" \/><\/a><a href=\"http:\/\/lacomponella.com\/WordPress3\/wp-content\/uploads\/2015\/05\/Suarez-12.jpg\"><img decoding=\"async\" class=\"aligncenter size-large wp-image-4633\" src=\"http:\/\/lacomponella.com\/WordPress3\/wp-content\/uploads\/2015\/05\/Suarez-12.jpg\" alt=\"Suarez (12)\" width=\"604\" height=\"453\" srcset=\"https:\/\/lacomponella.com\/WordPress3\/wp-content\/uploads\/2015\/05\/Suarez-12.jpg 640w, https:\/\/lacomponella.com\/WordPress3\/wp-content\/uploads\/2015\/05\/Suarez-12-300x225.jpg 300w\" sizes=\"(max-width: 604px) 100vw, 604px\" \/><\/a><\/p>\n<h3 style=\"text-align: center;\"><\/h3>\n<p>2. Piesek nagi czarny z bia\u0142ym &#8211; SAMPRAS La Componella FCI<\/p>\n<p><a href=\"http:\/\/lacomponella.com\/WordPress3\/wp-content\/uploads\/2015\/05\/Sampras-2.jpg\"><img decoding=\"async\" class=\"aligncenter size-full wp-image-4627\" src=\"http:\/\/lacomponella.com\/WordPress3\/wp-content\/uploads\/2015\/05\/Sampras-2.jpg\" alt=\"Sampras (2)\" width=\"640\" height=\"480\" srcset=\"https:\/\/lacomponella.com\/WordPress3\/wp-content\/uploads\/2015\/05\/Sampras-2.jpg 640w, https:\/\/lacomponella.com\/WordPress3\/wp-content\/uploads\/2015\/05\/Sampras-2-300x225.jpg 300w\" sizes=\"(max-width: 640px) 100vw, 640px\" \/><\/a><a href=\"http:\/\/lacomponella.com\/WordPress3\/wp-content\/uploads\/2015\/05\/Sampras-4.jpg\"><img loading=\"lazy\" decoding=\"async\" class=\"aligncenter size-large wp-image-4628\" src=\"http:\/\/lacomponella.com\/WordPress3\/wp-content\/uploads\/2015\/05\/Sampras-4.jpg\" alt=\"Sampras (4)\" width=\"604\" height=\"453\" srcset=\"https:\/\/lacomponella.com\/WordPress3\/wp-content\/uploads\/2015\/05\/Sampras-4.jpg 640w, https:\/\/lacomponella.com\/WordPress3\/wp-content\/uploads\/2015\/05\/Sampras-4-300x225.jpg 300w\" sizes=\"(max-width: 604px) 100vw, 604px\" \/><\/a><a href=\"http:\/\/lacomponella.com\/WordPress3\/wp-content\/uploads\/2015\/05\/Sampras-6.jpg\"><br \/>\n<\/a><a href=\"http:\/\/lacomponella.com\/WordPress3\/wp-content\/uploads\/2015\/05\/Sampras-7.jpg\"><img loading=\"lazy\" decoding=\"async\" class=\"aligncenter size-large wp-image-4630\" src=\"http:\/\/lacomponella.com\/WordPress3\/wp-content\/uploads\/2015\/05\/Sampras-7.jpg\" alt=\"Sampras (7)\" width=\"604\" height=\"453\" srcset=\"https:\/\/lacomponella.com\/WordPress3\/wp-content\/uploads\/2015\/05\/Sampras-7.jpg 640w, https:\/\/lacomponella.com\/WordPress3\/wp-content\/uploads\/2015\/05\/Sampras-7-300x225.jpg 300w\" sizes=\"(max-width: 604px) 100vw, 604px\" \/><\/a><\/p>\n<h3 style=\"text-align: center;\"><\/h3>\n<p>3. Ow\u0142osiona suczka czarna SELES La Componella FCI<\/p>\n<p><a href=\"http:\/\/lacomponella.com\/WordPress3\/wp-content\/uploads\/2015\/05\/Seles-4.jpg\"><img loading=\"lazy\" decoding=\"async\" class=\"aligncenter size-full wp-image-4634\" src=\"http:\/\/lacomponella.com\/WordPress3\/wp-content\/uploads\/2015\/05\/Seles-4.jpg\" alt=\"Seles (4)\" width=\"640\" height=\"480\" srcset=\"https:\/\/lacomponella.com\/WordPress3\/wp-content\/uploads\/2015\/05\/Seles-4.jpg 640w, https:\/\/lacomponella.com\/WordPress3\/wp-content\/uploads\/2015\/05\/Seles-4-300x225.jpg 300w\" sizes=\"(max-width: 640px) 100vw, 640px\" \/><\/a><a href=\"http:\/\/lacomponella.com\/WordPress3\/wp-content\/uploads\/2015\/05\/Seles-5.jpg\"><img loading=\"lazy\" decoding=\"async\" class=\"aligncenter size-large wp-image-4635\" src=\"http:\/\/lacomponella.com\/WordPress3\/wp-content\/uploads\/2015\/05\/Seles-5.jpg\" alt=\"Seles (5)\" width=\"604\" height=\"453\" srcset=\"https:\/\/lacomponella.com\/WordPress3\/wp-content\/uploads\/2015\/05\/Seles-5.jpg 640w, https:\/\/lacomponella.com\/WordPress3\/wp-content\/uploads\/2015\/05\/Seles-5-300x225.jpg 300w\" sizes=\"(max-width: 604px) 100vw, 604px\" \/><\/a><a href=\"http:\/\/lacomponella.com\/WordPress3\/wp-content\/uploads\/2015\/05\/Seles-6.jpg\"><img loading=\"lazy\" decoding=\"async\" class=\"aligncenter size-large wp-image-4636\" src=\"http:\/\/lacomponella.com\/WordPress3\/wp-content\/uploads\/2015\/05\/Seles-6.jpg\" alt=\"Seles (6)\" width=\"604\" height=\"453\" srcset=\"https:\/\/lacomponella.com\/WordPress3\/wp-content\/uploads\/2015\/05\/Seles-6.jpg 640w, https:\/\/lacomponella.com\/WordPress3\/wp-content\/uploads\/2015\/05\/Seles-6-300x225.jpg 300w\" sizes=\"(max-width: 604px) 100vw, 604px\" \/><\/a><a href=\"http:\/\/lacomponella.com\/WordPress3\/wp-content\/uploads\/2015\/05\/Seles-11.jpg\"><img loading=\"lazy\" decoding=\"async\" class=\"aligncenter size-large wp-image-4637\" src=\"http:\/\/lacomponella.com\/WordPress3\/wp-content\/uploads\/2015\/05\/Seles-11.jpg\" alt=\"Seles (11)\" width=\"604\" height=\"453\" srcset=\"https:\/\/lacomponella.com\/WordPress3\/wp-content\/uploads\/2015\/05\/Seles-11.jpg 640w, https:\/\/lacomponella.com\/WordPress3\/wp-content\/uploads\/2015\/05\/Seles-11-300x225.jpg 300w\" sizes=\"(max-width: 604px) 100vw, 604px\" \/><\/a><\/p>\n<h4 style=\"text-align: center;\"><\/h4>\n<p>4. Naga suczka czekoladowa z bia\u0142ym- SABATINI La Componella FCI<\/p>\n<p><a href=\"http:\/\/lacomponella.com\/WordPress3\/wp-content\/uploads\/2015\/05\/P1040758.jpg\"><img loading=\"lazy\" decoding=\"async\" class=\"aligncenter size-full wp-image-4458\" src=\"http:\/\/lacomponella.com\/WordPress3\/wp-content\/uploads\/2015\/05\/P1040758.jpg\" alt=\"P1040758\" width=\"640\" height=\"480\" srcset=\"https:\/\/lacomponella.com\/WordPress3\/wp-content\/uploads\/2015\/05\/P1040758.jpg 640w, https:\/\/lacomponella.com\/WordPress3\/wp-content\/uploads\/2015\/05\/P1040758-300x225.jpg 300w\" sizes=\"(max-width: 640px) 100vw, 640px\" \/><\/a><a href=\"http:\/\/lacomponella.com\/WordPress3\/wp-content\/uploads\/2015\/05\/P1040760.jpg\"><img loading=\"lazy\" decoding=\"async\" class=\"aligncenter size-large wp-image-4459\" src=\"http:\/\/lacomponella.com\/WordPress3\/wp-content\/uploads\/2015\/05\/P1040760.jpg\" alt=\"P1040760\" width=\"604\" height=\"453\" srcset=\"https:\/\/lacomponella.com\/WordPress3\/wp-content\/uploads\/2015\/05\/P1040760.jpg 640w, https:\/\/lacomponella.com\/WordPress3\/wp-content\/uploads\/2015\/05\/P1040760-300x225.jpg 300w\" sizes=\"(max-width: 604px) 100vw, 604px\" \/><\/a><a href=\"http:\/\/lacomponella.com\/WordPress3\/wp-content\/uploads\/2015\/05\/P1040761.jpg\"><img loading=\"lazy\" decoding=\"async\" class=\"aligncenter size-large wp-image-4460\" src=\"http:\/\/lacomponella.com\/WordPress3\/wp-content\/uploads\/2015\/05\/P1040761.jpg\" alt=\"P1040761\" width=\"604\" height=\"453\" srcset=\"https:\/\/lacomponella.com\/WordPress3\/wp-content\/uploads\/2015\/05\/P1040761.jpg 640w, https:\/\/lacomponella.com\/WordPress3\/wp-content\/uploads\/2015\/05\/P1040761-300x225.jpg 300w\" sizes=\"(max-width: 604px) 100vw, 604px\" \/><\/a><a href=\"http:\/\/lacomponella.com\/WordPress3\/wp-content\/uploads\/2015\/05\/P1040762.jpg\"><img loading=\"lazy\" decoding=\"async\" class=\"aligncenter size-large wp-image-4461\" src=\"http:\/\/lacomponella.com\/WordPress3\/wp-content\/uploads\/2015\/05\/P1040762.jpg\" alt=\"P1040762\" width=\"604\" height=\"453\" srcset=\"https:\/\/lacomponella.com\/WordPress3\/wp-content\/uploads\/2015\/05\/P1040762.jpg 640w, https:\/\/lacomponella.com\/WordPress3\/wp-content\/uploads\/2015\/05\/P1040762-300x225.jpg 300w\" sizes=\"(max-width: 604px) 100vw, 604px\" \/><\/a><\/p>\n<h3 style=\"text-align: center;\">&#8212;- &#8212;&#8212; &#8212;- &#8212;- &#8212;&#8211;<\/h3>\n<h4 style=\"text-align: center;\">Matka &#8211; ALLY MC BEAL La Componella FCI (suczka urodzona u nas)<\/h4>\n<p><a href=\"http:\/\/lacomponella.com\/WordPress3\/wp-content\/uploads\/2015\/05\/IMG_5429.jpg\"><img loading=\"lazy\" decoding=\"async\" class=\"aligncenter size-large wp-image-4465\" src=\"http:\/\/lacomponella.com\/WordPress3\/wp-content\/uploads\/2015\/05\/IMG_5429-774x1024.jpg\" alt=\"IMG_5429\" width=\"604\" height=\"799\" srcset=\"https:\/\/lacomponella.com\/WordPress3\/wp-content\/uploads\/2015\/05\/IMG_5429-774x1024.jpg 774w, https:\/\/lacomponella.com\/WordPress3\/wp-content\/uploads\/2015\/05\/IMG_5429-227x300.jpg 227w, https:\/\/lacomponella.com\/WordPress3\/wp-content\/uploads\/2015\/05\/IMG_5429.jpg 1334w\" sizes=\"(max-width: 604px) 100vw, 604px\" \/><\/a><a href=\"http:\/\/lacomponella.com\/WordPress3\/wp-content\/uploads\/2015\/05\/Misia0.jpg\"><img loading=\"lazy\" decoding=\"async\" class=\"aligncenter size-large wp-image-4467\" src=\"http:\/\/lacomponella.com\/WordPress3\/wp-content\/uploads\/2015\/05\/Misia0-1024x683.jpg\" alt=\"Misia0\" width=\"604\" height=\"403\" srcset=\"https:\/\/lacomponella.com\/WordPress3\/wp-content\/uploads\/2015\/05\/Misia0-1024x683.jpg 1024w, https:\/\/lacomponella.com\/WordPress3\/wp-content\/uploads\/2015\/05\/Misia0-300x200.jpg 300w\" sizes=\"(max-width: 604px) 100vw, 604px\" \/><\/a><\/p>\n<h4 style=\"text-align: center;\"><span style=\"color: #ff00ff;\"><br \/>\nOjciec\u00a0&#8211; \u00a0Zwyci\u0119zca \u015awiata!!!! Jacoh de Korrantoh<\/span><\/h4>\n<h3 style=\"text-align: center;\"><span style=\"color: #ff00ff;\"><a href=\"http:\/\/lacomponella.com\/WordPress3\/wp-content\/uploads\/2015\/05\/ww-moj-ww2.jpg\"><img loading=\"lazy\" decoding=\"async\" class=\"aligncenter size-full wp-image-3647\" src=\"http:\/\/lacomponella.com\/WordPress3\/wp-content\/uploads\/2015\/05\/ww-moj-ww2.jpg\" alt=\"ww-moj-ww\" width=\"642\" height=\"960\" srcset=\"https:\/\/lacomponella.com\/WordPress3\/wp-content\/uploads\/2015\/05\/ww-moj-ww2.jpg 642w, https:\/\/lacomponella.com\/WordPress3\/wp-content\/uploads\/2015\/05\/ww-moj-ww2-201x300.jpg 201w\" sizes=\"(max-width: 642px) 100vw, 642px\" \/><\/a><\/span><\/h3>\n<h4 style=\"text-align: center;\"><\/h4>\n","protected":false},"excerpt":{"rendered":"<p>Miot S ***4 szczeni\u0119ta*** ur.25.12.2017 1.Nagi czarny piesek SUAREZ La Componella FCI 2. Piesek nagi czarny z bia\u0142ym &#8211; SAMPRAS La Componella FCI 3. Ow\u0142osiona suczka czarna SELES La Componella FCI 4. Naga suczka czekoladowa z bia\u0142ym- SABATINI La Componella FCI &#8212;- &#8212;&#8212; &#8212;- &#8212;- &#8212;&#8211; Matka &#8211; ALLY MC BEAL La Componella FCI (suczka [&hellip;]<\/p>\n","protected":false},"author":1,"featured_media":0,"parent":0,"menu_order":0,"comment_status":"closed","ping_status":"closed","template":"","meta":{"footnotes":""},"class_list":["post-5029","page","type-page","status-publish","hentry"],"yoast_head":"<!-- This site is optimized with the Yoast SEO plugin v27.5 - https:\/\/yoast.com\/product\/yoast-seo-wordpress\/ -->\n<title>Miot S - 2017 - La Componella FCI<\/title>\n<meta name=\"robots\" content=\"index, follow, max-snippet:-1, max-image-preview:large, max-video-preview:-1\" \/>\n<link rel=\"canonical\" href=\"https:\/\/lacomponella.com\/WordPress3\/?page_id=5029\" \/>\n<meta property=\"og:locale\" content=\"pl_PL\" \/>\n<meta property=\"og:type\" content=\"article\" \/>\n<meta property=\"og:title\" content=\"Miot S - 2017 - La Componella FCI\" \/>\n<meta property=\"og:description\" content=\"Miot S ***4 szczeni\u0119ta*** ur.25.12.2017 1.Nagi czarny piesek SUAREZ La Componella FCI 2. Piesek nagi czarny z bia\u0142ym &#8211; SAMPRAS La Componella FCI 3. Ow\u0142osiona suczka czarna SELES La Componella FCI 4. Naga suczka czekoladowa z bia\u0142ym- SABATINI La Componella FCI &#8212;- &#8212;&#8212; &#8212;- &#8212;- &#8212;&#8211; Matka &#8211; ALLY MC BEAL La Componella FCI (suczka [&hellip;]\" \/>\n<meta property=\"og:url\" content=\"https:\/\/lacomponella.com\/WordPress3\/?page_id=5029\" \/>\n<meta property=\"og:site_name\" content=\"La Componella FCI\" \/>\n<meta property=\"og:image\" content=\"https:\/\/lacomponella.com\/WordPress3\/wp-content\/uploads\/2015\/05\/Suarez-10.jpg\" \/>\n\t<meta property=\"og:image:width\" content=\"640\" \/>\n\t<meta property=\"og:image:height\" content=\"480\" \/>\n\t<meta property=\"og:image:type\" content=\"image\/jpeg\" \/>\n<meta name=\"twitter:card\" content=\"summary_large_image\" \/>\n<script type=\"application\/ld+json\" class=\"yoast-schema-graph\">{\"@context\":\"https:\\\/\\\/schema.org\",\"@graph\":[{\"@type\":\"WebPage\",\"@id\":\"https:\\\/\\\/lacomponella.com\\\/WordPress3\\\/?page_id=5029\",\"url\":\"https:\\\/\\\/lacomponella.com\\\/WordPress3\\\/?page_id=5029\",\"name\":\"Miot S - 2017 - La Componella FCI\",\"isPartOf\":{\"@id\":\"https:\\\/\\\/lacomponella.com\\\/WordPress3\\\/#website\"},\"primaryImageOfPage\":{\"@id\":\"https:\\\/\\\/lacomponella.com\\\/WordPress3\\\/?page_id=5029#primaryimage\"},\"image\":{\"@id\":\"https:\\\/\\\/lacomponella.com\\\/WordPress3\\\/?page_id=5029#primaryimage\"},\"thumbnailUrl\":\"http:\\\/\\\/lacomponella.com\\\/WordPress3\\\/wp-content\\\/uploads\\\/2015\\\/05\\\/Suarez-10.jpg\",\"datePublished\":\"2018-08-21T20:12:02+00:00\",\"breadcrumb\":{\"@id\":\"https:\\\/\\\/lacomponella.com\\\/WordPress3\\\/?page_id=5029#breadcrumb\"},\"inLanguage\":\"pl-PL\",\"potentialAction\":[{\"@type\":\"ReadAction\",\"target\":[\"https:\\\/\\\/lacomponella.com\\\/WordPress3\\\/?page_id=5029\"]}]},{\"@type\":\"ImageObject\",\"inLanguage\":\"pl-PL\",\"@id\":\"https:\\\/\\\/lacomponella.com\\\/WordPress3\\\/?page_id=5029#primaryimage\",\"url\":\"http:\\\/\\\/lacomponella.com\\\/WordPress3\\\/wp-content\\\/uploads\\\/2015\\\/05\\\/Suarez-10.jpg\",\"contentUrl\":\"http:\\\/\\\/lacomponella.com\\\/WordPress3\\\/wp-content\\\/uploads\\\/2015\\\/05\\\/Suarez-10.jpg\"},{\"@type\":\"BreadcrumbList\",\"@id\":\"https:\\\/\\\/lacomponella.com\\\/WordPress3\\\/?page_id=5029#breadcrumb\",\"itemListElement\":[{\"@type\":\"ListItem\",\"position\":1,\"name\":\"Strona g\u0142\u00f3wna\",\"item\":\"https:\\\/\\\/lacomponella.com\\\/WordPress3\\\/?page_id=4991\"},{\"@type\":\"ListItem\",\"position\":2,\"name\":\"Miot S &#8211; 2017\"}]},{\"@type\":\"WebSite\",\"@id\":\"https:\\\/\\\/lacomponella.com\\\/WordPress3\\\/#website\",\"url\":\"https:\\\/\\\/lacomponella.com\\\/WordPress3\\\/\",\"name\":\"La Componella FCI\",\"description\":\"Hodowla Dog Niemiecki, Xolo i Owczarek Belgijski\",\"potentialAction\":[{\"@type\":\"SearchAction\",\"target\":{\"@type\":\"EntryPoint\",\"urlTemplate\":\"https:\\\/\\\/lacomponella.com\\\/WordPress3\\\/?s={search_term_string}\"},\"query-input\":{\"@type\":\"PropertyValueSpecification\",\"valueRequired\":true,\"valueName\":\"search_term_string\"}}],\"inLanguage\":\"pl-PL\"}]}<\/script>\n<!-- \/ Yoast SEO plugin. -->","yoast_head_json":{"title":"Miot S - 2017 - La Componella FCI","robots":{"index":"index","follow":"follow","max-snippet":"max-snippet:-1","max-image-preview":"max-image-preview:large","max-video-preview":"max-video-preview:-1"},"canonical":"https:\/\/lacomponella.com\/WordPress3\/?page_id=5029","og_locale":"pl_PL","og_type":"article","og_title":"Miot S - 2017 - La Componella FCI","og_description":"Miot S ***4 szczeni\u0119ta*** ur.25.12.2017 1.Nagi czarny piesek SUAREZ La Componella FCI 2. Piesek nagi czarny z bia\u0142ym &#8211; SAMPRAS La Componella FCI 3. Ow\u0142osiona suczka czarna SELES La Componella FCI 4. Naga suczka czekoladowa z bia\u0142ym- SABATINI La Componella FCI &#8212;- &#8212;&#8212; &#8212;- &#8212;- &#8212;&#8211; Matka &#8211; ALLY MC BEAL La Componella FCI (suczka [&hellip;]","og_url":"https:\/\/lacomponella.com\/WordPress3\/?page_id=5029","og_site_name":"La Componella FCI","og_image":[{"width":640,"height":480,"url":"https:\/\/lacomponella.com\/WordPress3\/wp-content\/uploads\/2015\/05\/Suarez-10.jpg","type":"image\/jpeg"}],"twitter_card":"summary_large_image","schema":{"@context":"https:\/\/schema.org","@graph":[{"@type":"WebPage","@id":"https:\/\/lacomponella.com\/WordPress3\/?page_id=5029","url":"https:\/\/lacomponella.com\/WordPress3\/?page_id=5029","name":"Miot S - 2017 - La Componella FCI","isPartOf":{"@id":"https:\/\/lacomponella.com\/WordPress3\/#website"},"primaryImageOfPage":{"@id":"https:\/\/lacomponella.com\/WordPress3\/?page_id=5029#primaryimage"},"image":{"@id":"https:\/\/lacomponella.com\/WordPress3\/?page_id=5029#primaryimage"},"thumbnailUrl":"http:\/\/lacomponella.com\/WordPress3\/wp-content\/uploads\/2015\/05\/Suarez-10.jpg","datePublished":"2018-08-21T20:12:02+00:00","breadcrumb":{"@id":"https:\/\/lacomponella.com\/WordPress3\/?page_id=5029#breadcrumb"},"inLanguage":"pl-PL","potentialAction":[{"@type":"ReadAction","target":["https:\/\/lacomponella.com\/WordPress3\/?page_id=5029"]}]},{"@type":"ImageObject","inLanguage":"pl-PL","@id":"https:\/\/lacomponella.com\/WordPress3\/?page_id=5029#primaryimage","url":"http:\/\/lacomponella.com\/WordPress3\/wp-content\/uploads\/2015\/05\/Suarez-10.jpg","contentUrl":"http:\/\/lacomponella.com\/WordPress3\/wp-content\/uploads\/2015\/05\/Suarez-10.jpg"},{"@type":"BreadcrumbList","@id":"https:\/\/lacomponella.com\/WordPress3\/?page_id=5029#breadcrumb","itemListElement":[{"@type":"ListItem","position":1,"name":"Strona g\u0142\u00f3wna","item":"https:\/\/lacomponella.com\/WordPress3\/?page_id=4991"},{"@type":"ListItem","position":2,"name":"Miot S &#8211; 2017"}]},{"@type":"WebSite","@id":"https:\/\/lacomponella.com\/WordPress3\/#website","url":"https:\/\/lacomponella.com\/WordPress3\/","name":"La Componella FCI","description":"Hodowla Dog Niemiecki, Xolo i Owczarek Belgijski","potentialAction":[{"@type":"SearchAction","target":{"@type":"EntryPoint","urlTemplate":"https:\/\/lacomponella.com\/WordPress3\/?s={search_term_string}"},"query-input":{"@type":"PropertyValueSpecification","valueRequired":true,"valueName":"search_term_string"}}],"inLanguage":"pl-PL"}]}},"_links":{"self":[{"href":"https:\/\/lacomponella.com\/WordPress3\/index.php?rest_route=\/wp\/v2\/pages\/5029","targetHints":{"allow":["GET"]}}],"collection":[{"href":"https:\/\/lacomponella.com\/WordPress3\/index.php?rest_route=\/wp\/v2\/pages"}],"about":[{"href":"https:\/\/lacomponella.com\/WordPress3\/index.php?rest_route=\/wp\/v2\/types\/page"}],"author":[{"embeddable":true,"href":"https:\/\/lacomponella.com\/WordPress3\/index.php?rest_route=\/wp\/v2\/users\/1"}],"replies":[{"embeddable":true,"href":"https:\/\/lacomponella.com\/WordPress3\/index.php?rest_route=%2Fwp%2Fv2%2Fcomments&post=5029"}],"version-history":[{"count":2,"href":"https:\/\/lacomponella.com\/WordPress3\/index.php?rest_route=\/wp\/v2\/pages\/5029\/revisions"}],"predecessor-version":[{"id":5031,"href":"https:\/\/lacomponella.com\/WordPress3\/index.php?rest_route=\/wp\/v2\/pages\/5029\/revisions\/5031"}],"wp:attachment":[{"href":"https:\/\/lacomponella.com\/WordPress3\/index.php?rest_route=%2Fwp%2Fv2%2Fmedia&parent=5029"}],"curies":[{"name":"wp","href":"https:\/\/api.w.org\/{rel}","templated":true}]}}