{"id":5128,"date":"2018-10-02T16:51:15","date_gmt":"2018-10-02T16:51:15","guid":{"rendered":"http:\/\/lacomponella.com\/WordPress3\/?page_id=5128"},"modified":"2024-10-26T19:53:13","modified_gmt":"2024-10-26T19:53:13","slug":"gianluigi-buffon-la-componella","status":"publish","type":"page","link":"https:\/\/lacomponella.com\/WordPress3\/?page_id=5128","title":{"rendered":"GIANLUIGI BUFFON La Componella"},"content":{"rendered":"<p><strong><span style=\"color: #800080;\">matka &#8211;\u00a0IRINA Du Jardin De L\u2019Olympe<\/span><\/strong><br \/>\n<strong><span style=\"color: #800080;\">ojciec &#8211;\u00a0J\u2019DORE des Terres de Brandon<\/span><\/strong><\/p>\n<p><strong><span style=\"color: #800080;\"><span style=\"color: #008080;\">ur.03.08.2016<\/span><br \/>\n<span style=\"color: #008080;\">Zdrowie:<\/span><br \/>\n<span style=\"color: #008080;\"><strong>Serce (doppler) \u2013 serce zdrowe, brak cech kardiomiopatii rozstrzeniowej\u00a0(DCM), brak przeciwwskaza\u0144 ze strony kardiologicznej do rozrodu<strong><br \/>\nHD A\/A (brak dysplazji biodrowej)<br \/>\nED 0\/0 (brak dysplazji \u0142okciowej)<br \/>\nzgryz prawid\u0142owy, uz\u0119bienie pe\u0142ne<\/strong><\/strong><\/span><br \/>\n<\/span><\/strong><\/p>\n<p><img fetchpriority=\"high\" decoding=\"async\" class=\"aligncenter size-full wp-image-5639\" src=\"http:\/\/lacomponella.com\/WordPress3\/wp-content\/uploads\/2019\/04\/Buffon-1.jpg\" alt=\"\" width=\"1861\" height=\"1453\" srcset=\"https:\/\/lacomponella.com\/WordPress3\/wp-content\/uploads\/2019\/04\/Buffon-1.jpg 1861w, https:\/\/lacomponella.com\/WordPress3\/wp-content\/uploads\/2019\/04\/Buffon-1-300x234.jpg 300w, https:\/\/lacomponella.com\/WordPress3\/wp-content\/uploads\/2019\/04\/Buffon-1-768x600.jpg 768w, https:\/\/lacomponella.com\/WordPress3\/wp-content\/uploads\/2019\/04\/Buffon-1-1024x800.jpg 1024w\" sizes=\"(max-width: 1861px) 100vw, 1861px\" \/><br \/>\n<a href=\"http:\/\/lacomponella.com\/WordPress3\/wp-content\/uploads\/2018\/10\/41263759_464762537356422_8040693727510921216_n.jpg\"><img decoding=\"async\" class=\"aligncenter size-full wp-image-5129\" src=\"http:\/\/lacomponella.com\/WordPress3\/wp-content\/uploads\/2018\/10\/41263759_464762537356422_8040693727510921216_n.jpg\" alt=\"41263759_464762537356422_8040693727510921216_n\" width=\"2730\" height=\"3640\" srcset=\"https:\/\/lacomponella.com\/WordPress3\/wp-content\/uploads\/2018\/10\/41263759_464762537356422_8040693727510921216_n.jpg 2730w, https:\/\/lacomponella.com\/WordPress3\/wp-content\/uploads\/2018\/10\/41263759_464762537356422_8040693727510921216_n-225x300.jpg 225w, https:\/\/lacomponella.com\/WordPress3\/wp-content\/uploads\/2018\/10\/41263759_464762537356422_8040693727510921216_n-768x1024.jpg 768w\" sizes=\"(max-width: 2730px) 100vw, 2730px\" \/><\/a><\/p>\n","protected":false},"excerpt":{"rendered":"<p>matka &#8211;\u00a0IRINA Du Jardin De L\u2019Olympe ojciec &#8211;\u00a0J\u2019DORE des Terres de Brandon ur.03.08.2016 Zdrowie: Serce (doppler) \u2013 serce zdrowe, brak cech kardiomiopatii rozstrzeniowej\u00a0(DCM), brak przeciwwskaza\u0144 ze strony kardiologicznej do rozrodu HD A\/A (brak dysplazji biodrowej) ED 0\/0 (brak dysplazji \u0142okciowej) zgryz prawid\u0142owy, uz\u0119bienie pe\u0142ne<\/p>\n","protected":false},"author":1,"featured_media":0,"parent":0,"menu_order":0,"comment_status":"closed","ping_status":"closed","template":"","meta":{"footnotes":""},"class_list":["post-5128","page","type-page","status-publish","hentry"],"yoast_head":"<!-- This site is optimized with the Yoast SEO plugin v27.4 - https:\/\/yoast.com\/product\/yoast-seo-wordpress\/ -->\n<title>GIANLUIGI BUFFON La Componella - La Componella FCI<\/title>\n<meta name=\"robots\" content=\"index, follow, max-snippet:-1, max-image-preview:large, max-video-preview:-1\" \/>\n<link rel=\"canonical\" href=\"https:\/\/lacomponella.com\/WordPress3\/?page_id=5128\" \/>\n<meta property=\"og:locale\" content=\"pl_PL\" \/>\n<meta property=\"og:type\" content=\"article\" \/>\n<meta property=\"og:title\" content=\"GIANLUIGI BUFFON La Componella - La Componella FCI\" \/>\n<meta property=\"og:description\" content=\"matka &#8211;\u00a0IRINA Du Jardin De L\u2019Olympe ojciec &#8211;\u00a0J\u2019DORE des Terres de Brandon ur.03.08.2016 Zdrowie: Serce (doppler) \u2013 serce zdrowe, brak cech kardiomiopatii rozstrzeniowej\u00a0(DCM), brak przeciwwskaza\u0144 ze strony kardiologicznej do rozrodu HD A\/A (brak dysplazji biodrowej) ED 0\/0 (brak dysplazji \u0142okciowej) zgryz prawid\u0142owy, uz\u0119bienie pe\u0142ne\" \/>\n<meta property=\"og:url\" content=\"https:\/\/lacomponella.com\/WordPress3\/?page_id=5128\" \/>\n<meta property=\"og:site_name\" content=\"La Componella FCI\" \/>\n<meta property=\"article:modified_time\" content=\"2024-10-26T19:53:13+00:00\" \/>\n<meta property=\"og:image\" content=\"https:\/\/lacomponella.com\/WordPress3\/wp-content\/uploads\/2019\/04\/Buffon-1.jpg\" \/>\n\t<meta property=\"og:image:width\" content=\"1861\" \/>\n\t<meta property=\"og:image:height\" content=\"1453\" \/>\n\t<meta property=\"og:image:type\" content=\"image\/jpeg\" \/>\n<meta name=\"twitter:card\" content=\"summary_large_image\" \/>\n<script type=\"application\/ld+json\" class=\"yoast-schema-graph\">{\"@context\":\"https:\\\/\\\/schema.org\",\"@graph\":[{\"@type\":\"WebPage\",\"@id\":\"https:\\\/\\\/lacomponella.com\\\/WordPress3\\\/?page_id=5128\",\"url\":\"https:\\\/\\\/lacomponella.com\\\/WordPress3\\\/?page_id=5128\",\"name\":\"GIANLUIGI BUFFON La Componella - La Componella FCI\",\"isPartOf\":{\"@id\":\"https:\\\/\\\/lacomponella.com\\\/WordPress3\\\/#website\"},\"primaryImageOfPage\":{\"@id\":\"https:\\\/\\\/lacomponella.com\\\/WordPress3\\\/?page_id=5128#primaryimage\"},\"image\":{\"@id\":\"https:\\\/\\\/lacomponella.com\\\/WordPress3\\\/?page_id=5128#primaryimage\"},\"thumbnailUrl\":\"http:\\\/\\\/lacomponella.com\\\/WordPress3\\\/wp-content\\\/uploads\\\/2019\\\/04\\\/Buffon-1.jpg\",\"datePublished\":\"2018-10-02T16:51:15+00:00\",\"dateModified\":\"2024-10-26T19:53:13+00:00\",\"breadcrumb\":{\"@id\":\"https:\\\/\\\/lacomponella.com\\\/WordPress3\\\/?page_id=5128#breadcrumb\"},\"inLanguage\":\"pl-PL\",\"potentialAction\":[{\"@type\":\"ReadAction\",\"target\":[\"https:\\\/\\\/lacomponella.com\\\/WordPress3\\\/?page_id=5128\"]}]},{\"@type\":\"ImageObject\",\"inLanguage\":\"pl-PL\",\"@id\":\"https:\\\/\\\/lacomponella.com\\\/WordPress3\\\/?page_id=5128#primaryimage\",\"url\":\"https:\\\/\\\/lacomponella.com\\\/WordPress3\\\/wp-content\\\/uploads\\\/2019\\\/04\\\/Buffon-1.jpg\",\"contentUrl\":\"https:\\\/\\\/lacomponella.com\\\/WordPress3\\\/wp-content\\\/uploads\\\/2019\\\/04\\\/Buffon-1.jpg\",\"width\":1861,\"height\":1453},{\"@type\":\"BreadcrumbList\",\"@id\":\"https:\\\/\\\/lacomponella.com\\\/WordPress3\\\/?page_id=5128#breadcrumb\",\"itemListElement\":[{\"@type\":\"ListItem\",\"position\":1,\"name\":\"Strona g\u0142\u00f3wna\",\"item\":\"https:\\\/\\\/lacomponella.com\\\/WordPress3\\\/?page_id=4991\"},{\"@type\":\"ListItem\",\"position\":2,\"name\":\"GIANLUIGI BUFFON La Componella\"}]},{\"@type\":\"WebSite\",\"@id\":\"https:\\\/\\\/lacomponella.com\\\/WordPress3\\\/#website\",\"url\":\"https:\\\/\\\/lacomponella.com\\\/WordPress3\\\/\",\"name\":\"La Componella FCI\",\"description\":\"Hodowla Dog Niemiecki, Xolo i Owczarek Belgijski\",\"potentialAction\":[{\"@type\":\"SearchAction\",\"target\":{\"@type\":\"EntryPoint\",\"urlTemplate\":\"https:\\\/\\\/lacomponella.com\\\/WordPress3\\\/?s={search_term_string}\"},\"query-input\":{\"@type\":\"PropertyValueSpecification\",\"valueRequired\":true,\"valueName\":\"search_term_string\"}}],\"inLanguage\":\"pl-PL\"}]}<\/script>\n<!-- \/ Yoast SEO plugin. -->","yoast_head_json":{"title":"GIANLUIGI BUFFON La Componella - La Componella FCI","robots":{"index":"index","follow":"follow","max-snippet":"max-snippet:-1","max-image-preview":"max-image-preview:large","max-video-preview":"max-video-preview:-1"},"canonical":"https:\/\/lacomponella.com\/WordPress3\/?page_id=5128","og_locale":"pl_PL","og_type":"article","og_title":"GIANLUIGI BUFFON La Componella - La Componella FCI","og_description":"matka &#8211;\u00a0IRINA Du Jardin De L\u2019Olympe ojciec &#8211;\u00a0J\u2019DORE des Terres de Brandon ur.03.08.2016 Zdrowie: Serce (doppler) \u2013 serce zdrowe, brak cech kardiomiopatii rozstrzeniowej\u00a0(DCM), brak przeciwwskaza\u0144 ze strony kardiologicznej do rozrodu HD A\/A (brak dysplazji biodrowej) ED 0\/0 (brak dysplazji \u0142okciowej) zgryz prawid\u0142owy, uz\u0119bienie pe\u0142ne","og_url":"https:\/\/lacomponella.com\/WordPress3\/?page_id=5128","og_site_name":"La Componella FCI","article_modified_time":"2024-10-26T19:53:13+00:00","og_image":[{"width":1861,"height":1453,"url":"https:\/\/lacomponella.com\/WordPress3\/wp-content\/uploads\/2019\/04\/Buffon-1.jpg","type":"image\/jpeg"}],"twitter_card":"summary_large_image","schema":{"@context":"https:\/\/schema.org","@graph":[{"@type":"WebPage","@id":"https:\/\/lacomponella.com\/WordPress3\/?page_id=5128","url":"https:\/\/lacomponella.com\/WordPress3\/?page_id=5128","name":"GIANLUIGI BUFFON La Componella - La Componella FCI","isPartOf":{"@id":"https:\/\/lacomponella.com\/WordPress3\/#website"},"primaryImageOfPage":{"@id":"https:\/\/lacomponella.com\/WordPress3\/?page_id=5128#primaryimage"},"image":{"@id":"https:\/\/lacomponella.com\/WordPress3\/?page_id=5128#primaryimage"},"thumbnailUrl":"http:\/\/lacomponella.com\/WordPress3\/wp-content\/uploads\/2019\/04\/Buffon-1.jpg","datePublished":"2018-10-02T16:51:15+00:00","dateModified":"2024-10-26T19:53:13+00:00","breadcrumb":{"@id":"https:\/\/lacomponella.com\/WordPress3\/?page_id=5128#breadcrumb"},"inLanguage":"pl-PL","potentialAction":[{"@type":"ReadAction","target":["https:\/\/lacomponella.com\/WordPress3\/?page_id=5128"]}]},{"@type":"ImageObject","inLanguage":"pl-PL","@id":"https:\/\/lacomponella.com\/WordPress3\/?page_id=5128#primaryimage","url":"https:\/\/lacomponella.com\/WordPress3\/wp-content\/uploads\/2019\/04\/Buffon-1.jpg","contentUrl":"https:\/\/lacomponella.com\/WordPress3\/wp-content\/uploads\/2019\/04\/Buffon-1.jpg","width":1861,"height":1453},{"@type":"BreadcrumbList","@id":"https:\/\/lacomponella.com\/WordPress3\/?page_id=5128#breadcrumb","itemListElement":[{"@type":"ListItem","position":1,"name":"Strona g\u0142\u00f3wna","item":"https:\/\/lacomponella.com\/WordPress3\/?page_id=4991"},{"@type":"ListItem","position":2,"name":"GIANLUIGI BUFFON La Componella"}]},{"@type":"WebSite","@id":"https:\/\/lacomponella.com\/WordPress3\/#website","url":"https:\/\/lacomponella.com\/WordPress3\/","name":"La Componella FCI","description":"Hodowla Dog Niemiecki, Xolo i Owczarek Belgijski","potentialAction":[{"@type":"SearchAction","target":{"@type":"EntryPoint","urlTemplate":"https:\/\/lacomponella.com\/WordPress3\/?s={search_term_string}"},"query-input":{"@type":"PropertyValueSpecification","valueRequired":true,"valueName":"search_term_string"}}],"inLanguage":"pl-PL"}]}},"_links":{"self":[{"href":"https:\/\/lacomponella.com\/WordPress3\/index.php?rest_route=\/wp\/v2\/pages\/5128","targetHints":{"allow":["GET"]}}],"collection":[{"href":"https:\/\/lacomponella.com\/WordPress3\/index.php?rest_route=\/wp\/v2\/pages"}],"about":[{"href":"https:\/\/lacomponella.com\/WordPress3\/index.php?rest_route=\/wp\/v2\/types\/page"}],"author":[{"embeddable":true,"href":"https:\/\/lacomponella.com\/WordPress3\/index.php?rest_route=\/wp\/v2\/users\/1"}],"replies":[{"embeddable":true,"href":"https:\/\/lacomponella.com\/WordPress3\/index.php?rest_route=%2Fwp%2Fv2%2Fcomments&post=5128"}],"version-history":[{"count":5,"href":"https:\/\/lacomponella.com\/WordPress3\/index.php?rest_route=\/wp\/v2\/pages\/5128\/revisions"}],"predecessor-version":[{"id":12004,"href":"https:\/\/lacomponella.com\/WordPress3\/index.php?rest_route=\/wp\/v2\/pages\/5128\/revisions\/12004"}],"wp:attachment":[{"href":"https:\/\/lacomponella.com\/WordPress3\/index.php?rest_route=%2Fwp%2Fv2%2Fmedia&parent=5128"}],"curies":[{"name":"wp","href":"https:\/\/api.w.org\/{rel}","templated":true}]}}