{"id":5138,"date":"2018-10-02T17:01:42","date_gmt":"2018-10-02T17:01:42","guid":{"rendered":"http:\/\/lacomponella.com\/WordPress3\/?page_id=5138"},"modified":"2019-01-01T01:56:23","modified_gmt":"2019-01-01T01:56:23","slug":"gianluca-zambrotta-la-componella","status":"publish","type":"page","link":"https:\/\/lacomponella.com\/WordPress3\/?page_id=5138","title":{"rendered":"GIANLUCA ZAMBROTTA La Componella"},"content":{"rendered":"<h2 style=\"text-align: center;\"><span style=\"color: #ff0000;\">ZWYCI\u0118ZCA KLUBU 2018 !!!<br \/>\n<\/span><\/h2>\n<h2 style=\"text-align: center;\"><span style=\"color: #ff0000;\">NASZA WIELKA DUMA!!<br \/>\nNASZE SPE\u0141NIENIE MARZE\u0143:)<\/span><\/h2>\n<h2 style=\"text-align: center;\"><span style=\"color: #ff0000;\"><a href=\"http:\/\/lacomponella.com\/WordPress3\/wp-content\/uploads\/2018\/04\/42361364_1918701778198573_3666073308069101568_n.jpg\"><img fetchpriority=\"high\" decoding=\"async\" class=\"aligncenter size-full wp-image-5111\" src=\"http:\/\/lacomponella.com\/WordPress3\/wp-content\/uploads\/2018\/04\/42361364_1918701778198573_3666073308069101568_n.jpg\" alt=\"42361364_1918701778198573_3666073308069101568_n\" width=\"2730\" height=\"4096\" srcset=\"https:\/\/lacomponella.com\/WordPress3\/wp-content\/uploads\/2018\/04\/42361364_1918701778198573_3666073308069101568_n.jpg 2730w, https:\/\/lacomponella.com\/WordPress3\/wp-content\/uploads\/2018\/04\/42361364_1918701778198573_3666073308069101568_n-200x300.jpg 200w, https:\/\/lacomponella.com\/WordPress3\/wp-content\/uploads\/2018\/04\/42361364_1918701778198573_3666073308069101568_n-683x1024.jpg 683w\" sizes=\"(max-width: 2730px) 100vw, 2730px\" \/><\/a><\/span><\/h2>\n<h2 style=\"text-align: center;\"><a href=\"http:\/\/lacomponella.com\/WordPress3\/wp-content\/uploads\/2018\/04\/32375178_1855505847843750_9160856769226866688_n.jpg\"><br \/>\n<\/a><a href=\"http:\/\/lacomponella.com\/WordPress3\/wp-content\/uploads\/2018\/04\/32375178_1855505847843750_9160856769226866688_n.jpg\"><img decoding=\"async\" class=\"aligncenter size-full wp-image-5093\" src=\"http:\/\/lacomponella.com\/WordPress3\/wp-content\/uploads\/2018\/04\/32375178_1855505847843750_9160856769226866688_n.jpg\" alt=\"32375178_1855505847843750_9160856769226866688_n\" width=\"2048\" height=\"1823\" srcset=\"https:\/\/lacomponella.com\/WordPress3\/wp-content\/uploads\/2018\/04\/32375178_1855505847843750_9160856769226866688_n.jpg 2048w, https:\/\/lacomponella.com\/WordPress3\/wp-content\/uploads\/2018\/04\/32375178_1855505847843750_9160856769226866688_n-300x267.jpg 300w, https:\/\/lacomponella.com\/WordPress3\/wp-content\/uploads\/2018\/04\/32375178_1855505847843750_9160856769226866688_n-1024x912.jpg 1024w\" sizes=\"(max-width: 2048px) 100vw, 2048px\" \/><\/a><\/h2>\n<p>&nbsp;<\/p>\n<p><strong><span style=\"color: #800080;\">matka &#8211;\u00a0IRINA Du Jardin De L\u2019Olympe<\/span><\/strong><br \/>\n<strong><span style=\"color: #800080;\">ojciec &#8211;\u00a0J\u2019DORE des Terres de Brandon<\/span><\/strong><\/p>\n<p><strong><span style=\"color: #800080;\"><span style=\"color: #008080;\">ur.03.08.2016<\/span><br \/>\n<span style=\"color: #008080;\">Zdrowie:<\/span><br \/>\n<span style=\"color: #008080;\"><strong>Serce (doppler) \u2013 serce zdrowe, brak cech kardiomiopatii rozstrzeniowej\u00a0(DCM), brak przeciwwskaza\u0144 ze strony kardiologicznej do rozrodu<strong><br \/>\nHD A\/A (brak dysplazji biodrowej)<br \/>\nED 0\/0 (brak dysplazji \u0142okciowej)<br \/>\nzgryz prawid\u0142owy, uz\u0119bienie pe\u0142ne<\/strong><\/strong><\/span><br \/>\n<\/span><\/strong><\/p>\n<p>&nbsp;<\/p>\n","protected":false},"excerpt":{"rendered":"<p>ZWYCI\u0118ZCA KLUBU 2018 !!! NASZA WIELKA DUMA!! NASZE SPE\u0141NIENIE MARZE\u0143:) &nbsp; matka &#8211;\u00a0IRINA Du Jardin De L\u2019Olympe ojciec &#8211;\u00a0J\u2019DORE des Terres de Brandon ur.03.08.2016 Zdrowie: Serce (doppler) \u2013 serce zdrowe, brak cech kardiomiopatii rozstrzeniowej\u00a0(DCM), brak przeciwwskaza\u0144 ze strony kardiologicznej do rozrodu HD A\/A (brak dysplazji biodrowej) ED 0\/0 (brak dysplazji \u0142okciowej) zgryz prawid\u0142owy, uz\u0119bienie pe\u0142ne [&hellip;]<\/p>\n","protected":false},"author":1,"featured_media":0,"parent":0,"menu_order":0,"comment_status":"closed","ping_status":"closed","template":"","meta":{"footnotes":""},"class_list":["post-5138","page","type-page","status-publish","hentry"],"yoast_head":"<!-- This site is optimized with the Yoast SEO plugin v27.4 - https:\/\/yoast.com\/product\/yoast-seo-wordpress\/ -->\n<title>GIANLUCA ZAMBROTTA La Componella - La Componella FCI<\/title>\n<meta name=\"robots\" content=\"index, follow, max-snippet:-1, max-image-preview:large, max-video-preview:-1\" \/>\n<link rel=\"canonical\" href=\"https:\/\/lacomponella.com\/WordPress3\/?page_id=5138\" \/>\n<meta property=\"og:locale\" content=\"pl_PL\" \/>\n<meta property=\"og:type\" content=\"article\" \/>\n<meta property=\"og:title\" content=\"GIANLUCA ZAMBROTTA La Componella - La Componella FCI\" \/>\n<meta property=\"og:description\" content=\"ZWYCI\u0118ZCA KLUBU 2018 !!! NASZA WIELKA DUMA!! NASZE SPE\u0141NIENIE MARZE\u0143:) &nbsp; matka &#8211;\u00a0IRINA Du Jardin De L\u2019Olympe ojciec &#8211;\u00a0J\u2019DORE des Terres de Brandon ur.03.08.2016 Zdrowie: Serce (doppler) \u2013 serce zdrowe, brak cech kardiomiopatii rozstrzeniowej\u00a0(DCM), brak przeciwwskaza\u0144 ze strony kardiologicznej do rozrodu HD A\/A (brak dysplazji biodrowej) ED 0\/0 (brak dysplazji \u0142okciowej) zgryz prawid\u0142owy, uz\u0119bienie pe\u0142ne [&hellip;]\" \/>\n<meta property=\"og:url\" content=\"https:\/\/lacomponella.com\/WordPress3\/?page_id=5138\" \/>\n<meta property=\"og:site_name\" content=\"La Componella FCI\" \/>\n<meta property=\"article:modified_time\" content=\"2019-01-01T01:56:23+00:00\" \/>\n<meta property=\"og:image\" content=\"https:\/\/lacomponella.com\/WordPress3\/wp-content\/uploads\/2018\/04\/42361364_1918701778198573_3666073308069101568_n.jpg\" \/>\n\t<meta property=\"og:image:width\" content=\"2730\" \/>\n\t<meta property=\"og:image:height\" content=\"4096\" \/>\n\t<meta property=\"og:image:type\" content=\"image\/jpeg\" \/>\n<meta name=\"twitter:card\" content=\"summary_large_image\" \/>\n<script type=\"application\/ld+json\" class=\"yoast-schema-graph\">{\"@context\":\"https:\\\/\\\/schema.org\",\"@graph\":[{\"@type\":\"WebPage\",\"@id\":\"https:\\\/\\\/lacomponella.com\\\/WordPress3\\\/?page_id=5138\",\"url\":\"https:\\\/\\\/lacomponella.com\\\/WordPress3\\\/?page_id=5138\",\"name\":\"GIANLUCA ZAMBROTTA La Componella - La Componella FCI\",\"isPartOf\":{\"@id\":\"https:\\\/\\\/lacomponella.com\\\/WordPress3\\\/#website\"},\"primaryImageOfPage\":{\"@id\":\"https:\\\/\\\/lacomponella.com\\\/WordPress3\\\/?page_id=5138#primaryimage\"},\"image\":{\"@id\":\"https:\\\/\\\/lacomponella.com\\\/WordPress3\\\/?page_id=5138#primaryimage\"},\"thumbnailUrl\":\"http:\\\/\\\/lacomponella.com\\\/WordPress3\\\/wp-content\\\/uploads\\\/2018\\\/04\\\/42361364_1918701778198573_3666073308069101568_n.jpg\",\"datePublished\":\"2018-10-02T17:01:42+00:00\",\"dateModified\":\"2019-01-01T01:56:23+00:00\",\"breadcrumb\":{\"@id\":\"https:\\\/\\\/lacomponella.com\\\/WordPress3\\\/?page_id=5138#breadcrumb\"},\"inLanguage\":\"pl-PL\",\"potentialAction\":[{\"@type\":\"ReadAction\",\"target\":[\"https:\\\/\\\/lacomponella.com\\\/WordPress3\\\/?page_id=5138\"]}]},{\"@type\":\"ImageObject\",\"inLanguage\":\"pl-PL\",\"@id\":\"https:\\\/\\\/lacomponella.com\\\/WordPress3\\\/?page_id=5138#primaryimage\",\"url\":\"http:\\\/\\\/lacomponella.com\\\/WordPress3\\\/wp-content\\\/uploads\\\/2018\\\/04\\\/42361364_1918701778198573_3666073308069101568_n.jpg\",\"contentUrl\":\"http:\\\/\\\/lacomponella.com\\\/WordPress3\\\/wp-content\\\/uploads\\\/2018\\\/04\\\/42361364_1918701778198573_3666073308069101568_n.jpg\"},{\"@type\":\"BreadcrumbList\",\"@id\":\"https:\\\/\\\/lacomponella.com\\\/WordPress3\\\/?page_id=5138#breadcrumb\",\"itemListElement\":[{\"@type\":\"ListItem\",\"position\":1,\"name\":\"Strona g\u0142\u00f3wna\",\"item\":\"https:\\\/\\\/lacomponella.com\\\/WordPress3\\\/?page_id=4991\"},{\"@type\":\"ListItem\",\"position\":2,\"name\":\"GIANLUCA ZAMBROTTA La Componella\"}]},{\"@type\":\"WebSite\",\"@id\":\"https:\\\/\\\/lacomponella.com\\\/WordPress3\\\/#website\",\"url\":\"https:\\\/\\\/lacomponella.com\\\/WordPress3\\\/\",\"name\":\"La Componella FCI\",\"description\":\"Hodowla Dog Niemiecki, Xolo i Owczarek Belgijski\",\"potentialAction\":[{\"@type\":\"SearchAction\",\"target\":{\"@type\":\"EntryPoint\",\"urlTemplate\":\"https:\\\/\\\/lacomponella.com\\\/WordPress3\\\/?s={search_term_string}\"},\"query-input\":{\"@type\":\"PropertyValueSpecification\",\"valueRequired\":true,\"valueName\":\"search_term_string\"}}],\"inLanguage\":\"pl-PL\"}]}<\/script>\n<!-- \/ Yoast SEO plugin. -->","yoast_head_json":{"title":"GIANLUCA ZAMBROTTA La Componella - La Componella FCI","robots":{"index":"index","follow":"follow","max-snippet":"max-snippet:-1","max-image-preview":"max-image-preview:large","max-video-preview":"max-video-preview:-1"},"canonical":"https:\/\/lacomponella.com\/WordPress3\/?page_id=5138","og_locale":"pl_PL","og_type":"article","og_title":"GIANLUCA ZAMBROTTA La Componella - La Componella FCI","og_description":"ZWYCI\u0118ZCA KLUBU 2018 !!! NASZA WIELKA DUMA!! NASZE SPE\u0141NIENIE MARZE\u0143:) &nbsp; matka &#8211;\u00a0IRINA Du Jardin De L\u2019Olympe ojciec &#8211;\u00a0J\u2019DORE des Terres de Brandon ur.03.08.2016 Zdrowie: Serce (doppler) \u2013 serce zdrowe, brak cech kardiomiopatii rozstrzeniowej\u00a0(DCM), brak przeciwwskaza\u0144 ze strony kardiologicznej do rozrodu HD A\/A (brak dysplazji biodrowej) ED 0\/0 (brak dysplazji \u0142okciowej) zgryz prawid\u0142owy, uz\u0119bienie pe\u0142ne [&hellip;]","og_url":"https:\/\/lacomponella.com\/WordPress3\/?page_id=5138","og_site_name":"La Componella FCI","article_modified_time":"2019-01-01T01:56:23+00:00","og_image":[{"width":2730,"height":4096,"url":"https:\/\/lacomponella.com\/WordPress3\/wp-content\/uploads\/2018\/04\/42361364_1918701778198573_3666073308069101568_n.jpg","type":"image\/jpeg"}],"twitter_card":"summary_large_image","schema":{"@context":"https:\/\/schema.org","@graph":[{"@type":"WebPage","@id":"https:\/\/lacomponella.com\/WordPress3\/?page_id=5138","url":"https:\/\/lacomponella.com\/WordPress3\/?page_id=5138","name":"GIANLUCA ZAMBROTTA La Componella - La Componella FCI","isPartOf":{"@id":"https:\/\/lacomponella.com\/WordPress3\/#website"},"primaryImageOfPage":{"@id":"https:\/\/lacomponella.com\/WordPress3\/?page_id=5138#primaryimage"},"image":{"@id":"https:\/\/lacomponella.com\/WordPress3\/?page_id=5138#primaryimage"},"thumbnailUrl":"http:\/\/lacomponella.com\/WordPress3\/wp-content\/uploads\/2018\/04\/42361364_1918701778198573_3666073308069101568_n.jpg","datePublished":"2018-10-02T17:01:42+00:00","dateModified":"2019-01-01T01:56:23+00:00","breadcrumb":{"@id":"https:\/\/lacomponella.com\/WordPress3\/?page_id=5138#breadcrumb"},"inLanguage":"pl-PL","potentialAction":[{"@type":"ReadAction","target":["https:\/\/lacomponella.com\/WordPress3\/?page_id=5138"]}]},{"@type":"ImageObject","inLanguage":"pl-PL","@id":"https:\/\/lacomponella.com\/WordPress3\/?page_id=5138#primaryimage","url":"http:\/\/lacomponella.com\/WordPress3\/wp-content\/uploads\/2018\/04\/42361364_1918701778198573_3666073308069101568_n.jpg","contentUrl":"http:\/\/lacomponella.com\/WordPress3\/wp-content\/uploads\/2018\/04\/42361364_1918701778198573_3666073308069101568_n.jpg"},{"@type":"BreadcrumbList","@id":"https:\/\/lacomponella.com\/WordPress3\/?page_id=5138#breadcrumb","itemListElement":[{"@type":"ListItem","position":1,"name":"Strona g\u0142\u00f3wna","item":"https:\/\/lacomponella.com\/WordPress3\/?page_id=4991"},{"@type":"ListItem","position":2,"name":"GIANLUCA ZAMBROTTA La Componella"}]},{"@type":"WebSite","@id":"https:\/\/lacomponella.com\/WordPress3\/#website","url":"https:\/\/lacomponella.com\/WordPress3\/","name":"La Componella FCI","description":"Hodowla Dog Niemiecki, Xolo i Owczarek Belgijski","potentialAction":[{"@type":"SearchAction","target":{"@type":"EntryPoint","urlTemplate":"https:\/\/lacomponella.com\/WordPress3\/?s={search_term_string}"},"query-input":{"@type":"PropertyValueSpecification","valueRequired":true,"valueName":"search_term_string"}}],"inLanguage":"pl-PL"}]}},"_links":{"self":[{"href":"https:\/\/lacomponella.com\/WordPress3\/index.php?rest_route=\/wp\/v2\/pages\/5138","targetHints":{"allow":["GET"]}}],"collection":[{"href":"https:\/\/lacomponella.com\/WordPress3\/index.php?rest_route=\/wp\/v2\/pages"}],"about":[{"href":"https:\/\/lacomponella.com\/WordPress3\/index.php?rest_route=\/wp\/v2\/types\/page"}],"author":[{"embeddable":true,"href":"https:\/\/lacomponella.com\/WordPress3\/index.php?rest_route=\/wp\/v2\/users\/1"}],"replies":[{"embeddable":true,"href":"https:\/\/lacomponella.com\/WordPress3\/index.php?rest_route=%2Fwp%2Fv2%2Fcomments&post=5138"}],"version-history":[{"count":3,"href":"https:\/\/lacomponella.com\/WordPress3\/index.php?rest_route=\/wp\/v2\/pages\/5138\/revisions"}],"predecessor-version":[{"id":5140,"href":"https:\/\/lacomponella.com\/WordPress3\/index.php?rest_route=\/wp\/v2\/pages\/5138\/revisions\/5140"}],"wp:attachment":[{"href":"https:\/\/lacomponella.com\/WordPress3\/index.php?rest_route=%2Fwp%2Fv2%2Fmedia&parent=5138"}],"curies":[{"name":"wp","href":"https:\/\/api.w.org\/{rel}","templated":true}]}}