{"id":5257,"date":"2019-01-01T02:00:52","date_gmt":"2019-01-01T02:00:52","guid":{"rendered":"http:\/\/lacomponella.com\/WordPress3\/?page_id=5257"},"modified":"2019-01-03T01:23:27","modified_gmt":"2019-01-03T01:23:27","slug":"miot-t","status":"publish","type":"page","link":"https:\/\/lacomponella.com\/WordPress3\/?page_id=5257","title":{"rendered":"Miot T &#8211; 2017"},"content":{"rendered":"<p><a href=\"http:\/\/lacomponella.com\/WordPress3\/wp-content\/uploads\/2019\/01\/Diego-zapowiedz.jpg\"><img fetchpriority=\"high\" decoding=\"async\" class=\"aligncenter size-full wp-image-5258\" src=\"http:\/\/lacomponella.com\/WordPress3\/wp-content\/uploads\/2019\/01\/Diego-zapowiedz.jpg\" alt=\"Diego zapowiedz\" width=\"672\" height=\"960\" srcset=\"https:\/\/lacomponella.com\/WordPress3\/wp-content\/uploads\/2019\/01\/Diego-zapowiedz.jpg 672w, https:\/\/lacomponella.com\/WordPress3\/wp-content\/uploads\/2019\/01\/Diego-zapowiedz-210x300.jpg 210w\" sizes=\"(max-width: 672px) 100vw, 672px\" \/><\/a><\/p>\n<p>4 szczeni\u0119ta:<\/p>\n<p>TRINIDAD &#8211; Tajlandia<br \/>\nTEVEZ &#8211; Polska<br \/>\nTSONGA &#8211; Polska<br \/>\nTULUZA &#8211; zosta\u0142a w naszej hodowli, mieszka ze wsp\u00f3\u0142w\u0142a\u015bcicielk\u0105<\/p>\n<h4 style=\"text-align: center;\"><a href=\"http:\/\/lacomponella.com\/WordPress3\/wp-content\/uploads\/2017\/12\/miot-Diego.jpg\"><img decoding=\"async\" class=\"aligncenter size-full wp-image-4371\" src=\"http:\/\/lacomponella.com\/WordPress3\/wp-content\/uploads\/2017\/12\/miot-Diego.jpg\" alt=\"miot Diego\" width=\"672\" height=\"960\" srcset=\"https:\/\/lacomponella.com\/WordPress3\/wp-content\/uploads\/2017\/12\/miot-Diego.jpg 672w, https:\/\/lacomponella.com\/WordPress3\/wp-content\/uploads\/2017\/12\/miot-Diego-210x300.jpg 210w\" sizes=\"(max-width: 672px) 100vw, 672px\" \/><\/a><\/h4>\n<h4 style=\"text-align: center;\"><\/h4>\n<p>Suczka 1 &#8211; TSONGA La Componella FCI &#8211;\u00a0mieszka w nowym domu, Polska<\/p>\n<p><a href=\"http:\/\/lacomponella.com\/WordPress3\/wp-content\/uploads\/2017\/02\/suczka3-2.jpg\"><img decoding=\"async\" class=\"aligncenter size-large wp-image-4520\" src=\"http:\/\/lacomponella.com\/WordPress3\/wp-content\/uploads\/2017\/02\/suczka3-2-1024x768.jpg\" alt=\"OLYMPUS DIGITAL CAMERA\" width=\"604\" height=\"453\" srcset=\"https:\/\/lacomponella.com\/WordPress3\/wp-content\/uploads\/2017\/02\/suczka3-2-1024x768.jpg 1024w, https:\/\/lacomponella.com\/WordPress3\/wp-content\/uploads\/2017\/02\/suczka3-2-300x225.jpg 300w, https:\/\/lacomponella.com\/WordPress3\/wp-content\/uploads\/2017\/02\/suczka3-2.jpg 1280w\" sizes=\"(max-width: 604px) 100vw, 604px\" \/><\/a><a href=\"http:\/\/lacomponella.com\/WordPress3\/wp-content\/uploads\/2017\/02\/suczka3-4.jpg\"><img loading=\"lazy\" decoding=\"async\" class=\"aligncenter size-large wp-image-4521\" src=\"http:\/\/lacomponella.com\/WordPress3\/wp-content\/uploads\/2017\/02\/suczka3-4-1024x768.jpg\" alt=\"OLYMPUS DIGITAL CAMERA\" width=\"604\" height=\"453\" srcset=\"https:\/\/lacomponella.com\/WordPress3\/wp-content\/uploads\/2017\/02\/suczka3-4-1024x768.jpg 1024w, https:\/\/lacomponella.com\/WordPress3\/wp-content\/uploads\/2017\/02\/suczka3-4-300x225.jpg 300w, https:\/\/lacomponella.com\/WordPress3\/wp-content\/uploads\/2017\/02\/suczka3-4.jpg 1280w\" sizes=\"(max-width: 604px) 100vw, 604px\" \/><\/a><a href=\"http:\/\/lacomponella.com\/WordPress3\/wp-content\/uploads\/2017\/02\/suczka3-5.jpg\"><img loading=\"lazy\" decoding=\"async\" class=\"aligncenter size-large wp-image-4522\" src=\"http:\/\/lacomponella.com\/WordPress3\/wp-content\/uploads\/2017\/02\/suczka3-5-1024x768.jpg\" alt=\"OLYMPUS DIGITAL CAMERA\" width=\"604\" height=\"453\" srcset=\"https:\/\/lacomponella.com\/WordPress3\/wp-content\/uploads\/2017\/02\/suczka3-5-1024x768.jpg 1024w, https:\/\/lacomponella.com\/WordPress3\/wp-content\/uploads\/2017\/02\/suczka3-5-300x225.jpg 300w, https:\/\/lacomponella.com\/WordPress3\/wp-content\/uploads\/2017\/02\/suczka3-5.jpg 1280w\" sizes=\"(max-width: 604px) 100vw, 604px\" \/><\/a><br \/>\nSuczka 2 &#8211; TULUZA La Componella FCI &#8211;\u00a0zostaje w hodowli, mieszka ze wsp\u00f3\u0142w\u0142a\u015bcicielk\u0105<\/p>\n<p><a href=\"http:\/\/lacomponella.com\/WordPress3\/wp-content\/uploads\/2017\/02\/suczka1-1.jpg\"><img loading=\"lazy\" decoding=\"async\" class=\"aligncenter size-large wp-image-4526\" src=\"http:\/\/lacomponella.com\/WordPress3\/wp-content\/uploads\/2017\/02\/suczka1-1-1024x768.jpg\" alt=\"OLYMPUS DIGITAL CAMERA\" width=\"604\" height=\"453\" srcset=\"https:\/\/lacomponella.com\/WordPress3\/wp-content\/uploads\/2017\/02\/suczka1-1-1024x768.jpg 1024w, https:\/\/lacomponella.com\/WordPress3\/wp-content\/uploads\/2017\/02\/suczka1-1-300x225.jpg 300w, https:\/\/lacomponella.com\/WordPress3\/wp-content\/uploads\/2017\/02\/suczka1-1.jpg 1280w\" sizes=\"(max-width: 604px) 100vw, 604px\" \/><\/a><a href=\"http:\/\/lacomponella.com\/WordPress3\/wp-content\/uploads\/2017\/02\/suczka1-3.jpg\"><img loading=\"lazy\" decoding=\"async\" class=\"aligncenter size-large wp-image-4527\" src=\"http:\/\/lacomponella.com\/WordPress3\/wp-content\/uploads\/2017\/02\/suczka1-3-1024x768.jpg\" alt=\"OLYMPUS DIGITAL CAMERA\" width=\"604\" height=\"453\" srcset=\"https:\/\/lacomponella.com\/WordPress3\/wp-content\/uploads\/2017\/02\/suczka1-3-1024x768.jpg 1024w, https:\/\/lacomponella.com\/WordPress3\/wp-content\/uploads\/2017\/02\/suczka1-3-300x225.jpg 300w, https:\/\/lacomponella.com\/WordPress3\/wp-content\/uploads\/2017\/02\/suczka1-3.jpg 1280w\" sizes=\"(max-width: 604px) 100vw, 604px\" \/><\/a><a href=\"http:\/\/lacomponella.com\/WordPress3\/wp-content\/uploads\/2017\/02\/suczka1-5.jpg\"><img loading=\"lazy\" decoding=\"async\" class=\"aligncenter size-large wp-image-4528\" src=\"http:\/\/lacomponella.com\/WordPress3\/wp-content\/uploads\/2017\/02\/suczka1-5-1024x768.jpg\" alt=\"OLYMPUS DIGITAL CAMERA\" width=\"604\" height=\"453\" srcset=\"https:\/\/lacomponella.com\/WordPress3\/wp-content\/uploads\/2017\/02\/suczka1-5-1024x768.jpg 1024w, https:\/\/lacomponella.com\/WordPress3\/wp-content\/uploads\/2017\/02\/suczka1-5-300x225.jpg 300w, https:\/\/lacomponella.com\/WordPress3\/wp-content\/uploads\/2017\/02\/suczka1-5.jpg 1280w\" sizes=\"(max-width: 604px) 100vw, 604px\" \/><\/a><br \/>\nSuczka 3 &#8211; TEVEZ La Componella FCI &#8211;\u00a0mieszka w nowym domu, Polska<\/p>\n<p><a href=\"http:\/\/lacomponella.com\/WordPress3\/wp-content\/uploads\/2017\/02\/suczka2-1.jpg\"><img loading=\"lazy\" decoding=\"async\" class=\"aligncenter size-large wp-image-4523\" src=\"http:\/\/lacomponella.com\/WordPress3\/wp-content\/uploads\/2017\/02\/suczka2-1-1024x768.jpg\" alt=\"OLYMPUS DIGITAL CAMERA\" width=\"604\" height=\"453\" srcset=\"https:\/\/lacomponella.com\/WordPress3\/wp-content\/uploads\/2017\/02\/suczka2-1-1024x768.jpg 1024w, https:\/\/lacomponella.com\/WordPress3\/wp-content\/uploads\/2017\/02\/suczka2-1-300x225.jpg 300w, https:\/\/lacomponella.com\/WordPress3\/wp-content\/uploads\/2017\/02\/suczka2-1.jpg 1280w\" sizes=\"(max-width: 604px) 100vw, 604px\" \/><\/a><a href=\"http:\/\/lacomponella.com\/WordPress3\/wp-content\/uploads\/2017\/02\/suczka2-2.jpg\"><img loading=\"lazy\" decoding=\"async\" class=\"aligncenter size-large wp-image-4524\" src=\"http:\/\/lacomponella.com\/WordPress3\/wp-content\/uploads\/2017\/02\/suczka2-2-1024x768.jpg\" alt=\"OLYMPUS DIGITAL CAMERA\" width=\"604\" height=\"453\" srcset=\"https:\/\/lacomponella.com\/WordPress3\/wp-content\/uploads\/2017\/02\/suczka2-2-1024x768.jpg 1024w, https:\/\/lacomponella.com\/WordPress3\/wp-content\/uploads\/2017\/02\/suczka2-2-300x225.jpg 300w, https:\/\/lacomponella.com\/WordPress3\/wp-content\/uploads\/2017\/02\/suczka2-2.jpg 1280w\" sizes=\"(max-width: 604px) 100vw, 604px\" \/><\/a><a href=\"http:\/\/lacomponella.com\/WordPress3\/wp-content\/uploads\/2017\/02\/suczka2-4.jpg\"><img loading=\"lazy\" decoding=\"async\" class=\"aligncenter size-large wp-image-4525\" src=\"http:\/\/lacomponella.com\/WordPress3\/wp-content\/uploads\/2017\/02\/suczka2-4-1024x768.jpg\" alt=\"OLYMPUS DIGITAL CAMERA\" width=\"604\" height=\"453\" srcset=\"https:\/\/lacomponella.com\/WordPress3\/wp-content\/uploads\/2017\/02\/suczka2-4-1024x768.jpg 1024w, https:\/\/lacomponella.com\/WordPress3\/wp-content\/uploads\/2017\/02\/suczka2-4-300x225.jpg 300w, https:\/\/lacomponella.com\/WordPress3\/wp-content\/uploads\/2017\/02\/suczka2-4.jpg 1280w\" sizes=\"(max-width: 604px) 100vw, 604px\" \/><\/a><br \/>\nPiesek TRINIDAD La Componella FCI &#8211;\u00a0mieszka w nowym domu, Tajlandia<\/p>\n<p><a href=\"http:\/\/lacomponella.com\/WordPress3\/wp-content\/uploads\/2017\/02\/piesek-1.jpg\"><img loading=\"lazy\" decoding=\"async\" class=\"aligncenter size-large wp-image-4516\" src=\"http:\/\/lacomponella.com\/WordPress3\/wp-content\/uploads\/2017\/02\/piesek-1-1024x768.jpg\" alt=\"OLYMPUS DIGITAL CAMERA\" width=\"604\" height=\"453\" srcset=\"https:\/\/lacomponella.com\/WordPress3\/wp-content\/uploads\/2017\/02\/piesek-1-1024x768.jpg 1024w, https:\/\/lacomponella.com\/WordPress3\/wp-content\/uploads\/2017\/02\/piesek-1-300x225.jpg 300w, https:\/\/lacomponella.com\/WordPress3\/wp-content\/uploads\/2017\/02\/piesek-1.jpg 1280w\" sizes=\"(max-width: 604px) 100vw, 604px\" \/><\/a><a href=\"http:\/\/lacomponella.com\/WordPress3\/wp-content\/uploads\/2017\/02\/piesek-2.jpg\"><img loading=\"lazy\" decoding=\"async\" class=\"aligncenter size-large wp-image-4517\" src=\"http:\/\/lacomponella.com\/WordPress3\/wp-content\/uploads\/2017\/02\/piesek-2-1024x768.jpg\" alt=\"OLYMPUS DIGITAL CAMERA\" width=\"604\" height=\"453\" srcset=\"https:\/\/lacomponella.com\/WordPress3\/wp-content\/uploads\/2017\/02\/piesek-2-1024x768.jpg 1024w, https:\/\/lacomponella.com\/WordPress3\/wp-content\/uploads\/2017\/02\/piesek-2-300x225.jpg 300w, https:\/\/lacomponella.com\/WordPress3\/wp-content\/uploads\/2017\/02\/piesek-2.jpg 1280w\" sizes=\"(max-width: 604px) 100vw, 604px\" \/><\/a><a href=\"http:\/\/lacomponella.com\/WordPress3\/wp-content\/uploads\/2017\/02\/piesek-3.jpg\"><img loading=\"lazy\" decoding=\"async\" class=\"aligncenter size-large wp-image-4518\" src=\"http:\/\/lacomponella.com\/WordPress3\/wp-content\/uploads\/2017\/02\/piesek-3-1024x768.jpg\" alt=\"OLYMPUS DIGITAL CAMERA\" width=\"604\" height=\"453\" srcset=\"https:\/\/lacomponella.com\/WordPress3\/wp-content\/uploads\/2017\/02\/piesek-3-1024x768.jpg 1024w, https:\/\/lacomponella.com\/WordPress3\/wp-content\/uploads\/2017\/02\/piesek-3-300x225.jpg 300w, https:\/\/lacomponella.com\/WordPress3\/wp-content\/uploads\/2017\/02\/piesek-3.jpg 1280w\" sizes=\"(max-width: 604px) 100vw, 604px\" \/><\/a><a href=\"http:\/\/lacomponella.com\/WordPress3\/wp-content\/uploads\/2017\/02\/piesek-4.jpg\"><img loading=\"lazy\" decoding=\"async\" class=\"aligncenter size-large wp-image-4519\" src=\"http:\/\/lacomponella.com\/WordPress3\/wp-content\/uploads\/2017\/02\/piesek-4-1024x768.jpg\" alt=\"OLYMPUS DIGITAL CAMERA\" width=\"604\" height=\"453\" srcset=\"https:\/\/lacomponella.com\/WordPress3\/wp-content\/uploads\/2017\/02\/piesek-4-1024x768.jpg 1024w, https:\/\/lacomponella.com\/WordPress3\/wp-content\/uploads\/2017\/02\/piesek-4-300x225.jpg 300w, https:\/\/lacomponella.com\/WordPress3\/wp-content\/uploads\/2017\/02\/piesek-4.jpg 1280w\" sizes=\"(max-width: 604px) 100vw, 604px\" \/><\/a><\/p>\n<p>&nbsp;<\/p>\n<h4 style=\"text-align: center;\">*<\/h4>\n","protected":false},"excerpt":{"rendered":"<p>4 szczeni\u0119ta: TRINIDAD &#8211; Tajlandia TEVEZ &#8211; Polska TSONGA &#8211; Polska TULUZA &#8211; zosta\u0142a w naszej hodowli, mieszka ze wsp\u00f3\u0142w\u0142a\u015bcicielk\u0105 Suczka 1 &#8211; TSONGA La Componella FCI &#8211;\u00a0mieszka w nowym domu, Polska Suczka 2 &#8211; TULUZA La Componella FCI &#8211;\u00a0zostaje w hodowli, mieszka ze wsp\u00f3\u0142w\u0142a\u015bcicielk\u0105 Suczka 3 &#8211; TEVEZ La Componella FCI &#8211;\u00a0mieszka w nowym [&hellip;]<\/p>\n","protected":false},"author":1,"featured_media":0,"parent":0,"menu_order":0,"comment_status":"closed","ping_status":"closed","template":"","meta":{"footnotes":""},"class_list":["post-5257","page","type-page","status-publish","hentry"],"yoast_head":"<!-- This site is optimized with the Yoast SEO plugin v27.4 - https:\/\/yoast.com\/product\/yoast-seo-wordpress\/ -->\n<title>Miot T - 2017 - La Componella FCI<\/title>\n<meta name=\"robots\" content=\"index, follow, max-snippet:-1, max-image-preview:large, max-video-preview:-1\" \/>\n<link rel=\"canonical\" href=\"https:\/\/lacomponella.com\/WordPress3\/?page_id=5257\" \/>\n<meta property=\"og:locale\" content=\"pl_PL\" \/>\n<meta property=\"og:type\" content=\"article\" \/>\n<meta property=\"og:title\" content=\"Miot T - 2017 - La Componella FCI\" \/>\n<meta property=\"og:description\" content=\"4 szczeni\u0119ta: TRINIDAD &#8211; Tajlandia TEVEZ &#8211; Polska TSONGA &#8211; Polska TULUZA &#8211; zosta\u0142a w naszej hodowli, mieszka ze wsp\u00f3\u0142w\u0142a\u015bcicielk\u0105 Suczka 1 &#8211; TSONGA La Componella FCI &#8211;\u00a0mieszka w nowym domu, Polska Suczka 2 &#8211; TULUZA La Componella FCI &#8211;\u00a0zostaje w hodowli, mieszka ze wsp\u00f3\u0142w\u0142a\u015bcicielk\u0105 Suczka 3 &#8211; TEVEZ La Componella FCI &#8211;\u00a0mieszka w nowym [&hellip;]\" \/>\n<meta property=\"og:url\" content=\"https:\/\/lacomponella.com\/WordPress3\/?page_id=5257\" \/>\n<meta property=\"og:site_name\" content=\"La Componella FCI\" \/>\n<meta property=\"article:modified_time\" content=\"2019-01-03T01:23:27+00:00\" \/>\n<meta property=\"og:image\" content=\"https:\/\/lacomponella.com\/WordPress3\/wp-content\/uploads\/2019\/01\/Diego-zapowiedz.jpg\" \/>\n\t<meta property=\"og:image:width\" content=\"672\" \/>\n\t<meta property=\"og:image:height\" content=\"960\" \/>\n\t<meta property=\"og:image:type\" content=\"image\/jpeg\" \/>\n<meta name=\"twitter:card\" content=\"summary_large_image\" \/>\n<script type=\"application\/ld+json\" class=\"yoast-schema-graph\">{\"@context\":\"https:\\\/\\\/schema.org\",\"@graph\":[{\"@type\":\"WebPage\",\"@id\":\"https:\\\/\\\/lacomponella.com\\\/WordPress3\\\/?page_id=5257\",\"url\":\"https:\\\/\\\/lacomponella.com\\\/WordPress3\\\/?page_id=5257\",\"name\":\"Miot T - 2017 - La Componella FCI\",\"isPartOf\":{\"@id\":\"https:\\\/\\\/lacomponella.com\\\/WordPress3\\\/#website\"},\"primaryImageOfPage\":{\"@id\":\"https:\\\/\\\/lacomponella.com\\\/WordPress3\\\/?page_id=5257#primaryimage\"},\"image\":{\"@id\":\"https:\\\/\\\/lacomponella.com\\\/WordPress3\\\/?page_id=5257#primaryimage\"},\"thumbnailUrl\":\"http:\\\/\\\/lacomponella.com\\\/WordPress3\\\/wp-content\\\/uploads\\\/2019\\\/01\\\/Diego-zapowiedz.jpg\",\"datePublished\":\"2019-01-01T02:00:52+00:00\",\"dateModified\":\"2019-01-03T01:23:27+00:00\",\"breadcrumb\":{\"@id\":\"https:\\\/\\\/lacomponella.com\\\/WordPress3\\\/?page_id=5257#breadcrumb\"},\"inLanguage\":\"pl-PL\",\"potentialAction\":[{\"@type\":\"ReadAction\",\"target\":[\"https:\\\/\\\/lacomponella.com\\\/WordPress3\\\/?page_id=5257\"]}]},{\"@type\":\"ImageObject\",\"inLanguage\":\"pl-PL\",\"@id\":\"https:\\\/\\\/lacomponella.com\\\/WordPress3\\\/?page_id=5257#primaryimage\",\"url\":\"http:\\\/\\\/lacomponella.com\\\/WordPress3\\\/wp-content\\\/uploads\\\/2019\\\/01\\\/Diego-zapowiedz.jpg\",\"contentUrl\":\"http:\\\/\\\/lacomponella.com\\\/WordPress3\\\/wp-content\\\/uploads\\\/2019\\\/01\\\/Diego-zapowiedz.jpg\"},{\"@type\":\"BreadcrumbList\",\"@id\":\"https:\\\/\\\/lacomponella.com\\\/WordPress3\\\/?page_id=5257#breadcrumb\",\"itemListElement\":[{\"@type\":\"ListItem\",\"position\":1,\"name\":\"Strona g\u0142\u00f3wna\",\"item\":\"https:\\\/\\\/lacomponella.com\\\/WordPress3\\\/?page_id=4991\"},{\"@type\":\"ListItem\",\"position\":2,\"name\":\"Miot T &#8211; 2017\"}]},{\"@type\":\"WebSite\",\"@id\":\"https:\\\/\\\/lacomponella.com\\\/WordPress3\\\/#website\",\"url\":\"https:\\\/\\\/lacomponella.com\\\/WordPress3\\\/\",\"name\":\"La Componella FCI\",\"description\":\"Hodowla Dog Niemiecki, Xolo i Owczarek Belgijski\",\"potentialAction\":[{\"@type\":\"SearchAction\",\"target\":{\"@type\":\"EntryPoint\",\"urlTemplate\":\"https:\\\/\\\/lacomponella.com\\\/WordPress3\\\/?s={search_term_string}\"},\"query-input\":{\"@type\":\"PropertyValueSpecification\",\"valueRequired\":true,\"valueName\":\"search_term_string\"}}],\"inLanguage\":\"pl-PL\"}]}<\/script>\n<!-- \/ Yoast SEO plugin. -->","yoast_head_json":{"title":"Miot T - 2017 - La Componella FCI","robots":{"index":"index","follow":"follow","max-snippet":"max-snippet:-1","max-image-preview":"max-image-preview:large","max-video-preview":"max-video-preview:-1"},"canonical":"https:\/\/lacomponella.com\/WordPress3\/?page_id=5257","og_locale":"pl_PL","og_type":"article","og_title":"Miot T - 2017 - La Componella FCI","og_description":"4 szczeni\u0119ta: TRINIDAD &#8211; Tajlandia TEVEZ &#8211; Polska TSONGA &#8211; Polska TULUZA &#8211; zosta\u0142a w naszej hodowli, mieszka ze wsp\u00f3\u0142w\u0142a\u015bcicielk\u0105 Suczka 1 &#8211; TSONGA La Componella FCI &#8211;\u00a0mieszka w nowym domu, Polska Suczka 2 &#8211; TULUZA La Componella FCI &#8211;\u00a0zostaje w hodowli, mieszka ze wsp\u00f3\u0142w\u0142a\u015bcicielk\u0105 Suczka 3 &#8211; TEVEZ La Componella FCI &#8211;\u00a0mieszka w nowym [&hellip;]","og_url":"https:\/\/lacomponella.com\/WordPress3\/?page_id=5257","og_site_name":"La Componella FCI","article_modified_time":"2019-01-03T01:23:27+00:00","og_image":[{"width":672,"height":960,"url":"https:\/\/lacomponella.com\/WordPress3\/wp-content\/uploads\/2019\/01\/Diego-zapowiedz.jpg","type":"image\/jpeg"}],"twitter_card":"summary_large_image","schema":{"@context":"https:\/\/schema.org","@graph":[{"@type":"WebPage","@id":"https:\/\/lacomponella.com\/WordPress3\/?page_id=5257","url":"https:\/\/lacomponella.com\/WordPress3\/?page_id=5257","name":"Miot T - 2017 - La Componella FCI","isPartOf":{"@id":"https:\/\/lacomponella.com\/WordPress3\/#website"},"primaryImageOfPage":{"@id":"https:\/\/lacomponella.com\/WordPress3\/?page_id=5257#primaryimage"},"image":{"@id":"https:\/\/lacomponella.com\/WordPress3\/?page_id=5257#primaryimage"},"thumbnailUrl":"http:\/\/lacomponella.com\/WordPress3\/wp-content\/uploads\/2019\/01\/Diego-zapowiedz.jpg","datePublished":"2019-01-01T02:00:52+00:00","dateModified":"2019-01-03T01:23:27+00:00","breadcrumb":{"@id":"https:\/\/lacomponella.com\/WordPress3\/?page_id=5257#breadcrumb"},"inLanguage":"pl-PL","potentialAction":[{"@type":"ReadAction","target":["https:\/\/lacomponella.com\/WordPress3\/?page_id=5257"]}]},{"@type":"ImageObject","inLanguage":"pl-PL","@id":"https:\/\/lacomponella.com\/WordPress3\/?page_id=5257#primaryimage","url":"http:\/\/lacomponella.com\/WordPress3\/wp-content\/uploads\/2019\/01\/Diego-zapowiedz.jpg","contentUrl":"http:\/\/lacomponella.com\/WordPress3\/wp-content\/uploads\/2019\/01\/Diego-zapowiedz.jpg"},{"@type":"BreadcrumbList","@id":"https:\/\/lacomponella.com\/WordPress3\/?page_id=5257#breadcrumb","itemListElement":[{"@type":"ListItem","position":1,"name":"Strona g\u0142\u00f3wna","item":"https:\/\/lacomponella.com\/WordPress3\/?page_id=4991"},{"@type":"ListItem","position":2,"name":"Miot T &#8211; 2017"}]},{"@type":"WebSite","@id":"https:\/\/lacomponella.com\/WordPress3\/#website","url":"https:\/\/lacomponella.com\/WordPress3\/","name":"La Componella FCI","description":"Hodowla Dog Niemiecki, Xolo i Owczarek Belgijski","potentialAction":[{"@type":"SearchAction","target":{"@type":"EntryPoint","urlTemplate":"https:\/\/lacomponella.com\/WordPress3\/?s={search_term_string}"},"query-input":{"@type":"PropertyValueSpecification","valueRequired":true,"valueName":"search_term_string"}}],"inLanguage":"pl-PL"}]}},"_links":{"self":[{"href":"https:\/\/lacomponella.com\/WordPress3\/index.php?rest_route=\/wp\/v2\/pages\/5257","targetHints":{"allow":["GET"]}}],"collection":[{"href":"https:\/\/lacomponella.com\/WordPress3\/index.php?rest_route=\/wp\/v2\/pages"}],"about":[{"href":"https:\/\/lacomponella.com\/WordPress3\/index.php?rest_route=\/wp\/v2\/types\/page"}],"author":[{"embeddable":true,"href":"https:\/\/lacomponella.com\/WordPress3\/index.php?rest_route=\/wp\/v2\/users\/1"}],"replies":[{"embeddable":true,"href":"https:\/\/lacomponella.com\/WordPress3\/index.php?rest_route=%2Fwp%2Fv2%2Fcomments&post=5257"}],"version-history":[{"count":4,"href":"https:\/\/lacomponella.com\/WordPress3\/index.php?rest_route=\/wp\/v2\/pages\/5257\/revisions"}],"predecessor-version":[{"id":5260,"href":"https:\/\/lacomponella.com\/WordPress3\/index.php?rest_route=\/wp\/v2\/pages\/5257\/revisions\/5260"}],"wp:attachment":[{"href":"https:\/\/lacomponella.com\/WordPress3\/index.php?rest_route=%2Fwp%2Fv2%2Fmedia&parent=5257"}],"curies":[{"name":"wp","href":"https:\/\/api.w.org\/{rel}","templated":true}]}}