{"id":5336,"date":"2019-01-30T19:07:05","date_gmt":"2019-01-30T19:07:05","guid":{"rendered":"http:\/\/lacomponella.com\/WordPress3\/?page_id=5336"},"modified":"2020-03-30T15:14:33","modified_gmt":"2020-03-30T15:14:33","slug":"miot-u-2017","status":"publish","type":"page","link":"https:\/\/lacomponella.com\/WordPress3\/?page_id=5336","title":{"rendered":"Miot U &#8211; 2017"},"content":{"rendered":"<div data-offset-key=\"96c4o-0-0\">10 szczeni\u0105t, ur.28.12.2017Ojciec:\u00a0J\u2019DORE Des Terres de Brandon<br \/>\nMatka:\u00a0MICKEY-N Della Zaida Nera<\/p>\n<\/div>\n<div data-offset-key=\"96c4o-0-0\"><\/div>\n<div class=\"\" data-block=\"true\" data-editor=\"339l\" data-offset-key=\"96c4o-0-0\">\n<div class=\"_1mf _1mj\" data-offset-key=\"96c4o-0-0\"><span data-offset-key=\"96c4o-0-0\">Pieski:<\/span><\/div>\n<\/div>\n<div class=\"\" data-block=\"true\" data-editor=\"339l\" data-offset-key=\"6sk5q-0-0\">\n<div class=\"_1mf _1mj\" data-offset-key=\"6sk5q-0-0\"><span data-offset-key=\"6sk5q-0-0\">U2 &#8211; arlekin, zosta\u0142 w hodowli, mieszka ze wsp\u00f3\u0142w\u0142a\u015bcicielk\u0105<\/span><\/div>\n<\/div>\n<div data-offset-key=\"6sk5q-0-0\"><img fetchpriority=\"high\" decoding=\"async\" class=\"aligncenter size-medium wp-image-5796\" src=\"http:\/\/lacomponella.com\/WordPress3\/wp-content\/uploads\/2019\/06\/39082156_10156504706188416_969844366086504448_n-300x261.jpg\" alt=\"\" width=\"300\" height=\"261\" srcset=\"https:\/\/lacomponella.com\/WordPress3\/wp-content\/uploads\/2019\/06\/39082156_10156504706188416_969844366086504448_n-300x261.jpg 300w, https:\/\/lacomponella.com\/WordPress3\/wp-content\/uploads\/2019\/06\/39082156_10156504706188416_969844366086504448_n-768x669.jpg 768w, https:\/\/lacomponella.com\/WordPress3\/wp-content\/uploads\/2019\/06\/39082156_10156504706188416_969844366086504448_n.jpg 960w\" sizes=\"(max-width: 300px) 100vw, 300px\" \/><\/div>\n<div data-offset-key=\"6sk5q-0-0\"><\/div>\n<div class=\"\" data-block=\"true\" data-editor=\"339l\" data-offset-key=\"527fk-0-0\">\n<div class=\"_1mf _1mj\" data-offset-key=\"527fk-0-0\"><span data-offset-key=\"527fk-0-0\">URLEP &#8211; arlekin, mieszka w UK, w hodowli<\/span><\/div>\n<\/div>\n<div data-offset-key=\"527fk-0-0\"><img decoding=\"async\" class=\"aligncenter size-medium wp-image-5799\" src=\"http:\/\/lacomponella.com\/WordPress3\/wp-content\/uploads\/2019\/06\/urlep11-300x225.jpg\" alt=\"\" width=\"300\" height=\"225\" srcset=\"https:\/\/lacomponella.com\/WordPress3\/wp-content\/uploads\/2019\/06\/urlep11-300x225.jpg 300w, https:\/\/lacomponella.com\/WordPress3\/wp-content\/uploads\/2019\/06\/urlep11-768x576.jpg 768w, https:\/\/lacomponella.com\/WordPress3\/wp-content\/uploads\/2019\/06\/urlep11-1024x768.jpg 1024w\" sizes=\"(max-width: 300px) 100vw, 300px\" \/><\/div>\n<div data-offset-key=\"527fk-0-0\"><\/div>\n<div class=\"\" data-block=\"true\" data-editor=\"339l\" data-offset-key=\"5o8b6-0-0\">\n<div class=\"_1mf _1mj\" data-offset-key=\"5o8b6-0-0\"><span data-offset-key=\"5o8b6-0-0\">UGO &#8211; merle, mieszka w Niemczech<\/span><\/div>\n<\/div>\n<div class=\"\" data-block=\"true\" data-editor=\"339l\" data-offset-key=\"dv3sn-0-0\">\n<div class=\"_1mf _1mj\" data-offset-key=\"dv3sn-0-0\"><span data-offset-key=\"dv3sn-0-0\">URSUS &#8211; czarny, mieszka w USA, w hodowli<\/span><\/div>\n<\/div>\n<div data-offset-key=\"dv3sn-0-0\"><img decoding=\"async\" class=\"aligncenter size-medium wp-image-5797\" src=\"http:\/\/lacomponella.com\/WordPress3\/wp-content\/uploads\/2019\/06\/30069772_1811690085558660_1332650138_o-227x300.jpg\" alt=\"\" width=\"227\" height=\"300\" srcset=\"https:\/\/lacomponella.com\/WordPress3\/wp-content\/uploads\/2019\/06\/30069772_1811690085558660_1332650138_o-227x300.jpg 227w, https:\/\/lacomponella.com\/WordPress3\/wp-content\/uploads\/2019\/06\/30069772_1811690085558660_1332650138_o-768x1014.jpg 768w, https:\/\/lacomponella.com\/WordPress3\/wp-content\/uploads\/2019\/06\/30069772_1811690085558660_1332650138_o-775x1024.jpg 775w, https:\/\/lacomponella.com\/WordPress3\/wp-content\/uploads\/2019\/06\/30069772_1811690085558660_1332650138_o.jpg 1834w\" sizes=\"(max-width: 227px) 100vw, 227px\" \/><\/div>\n<div data-offset-key=\"dv3sn-0-0\"><\/div>\n<div class=\"\" data-block=\"true\" data-editor=\"339l\" data-offset-key=\"dhlgm-0-0\">\n<div class=\"_1mf _1mj\" data-offset-key=\"dhlgm-0-0\"><span data-offset-key=\"dhlgm-0-0\">USHER &#8211; czarny, mieszka w Austrii<br \/>\n<img loading=\"lazy\" decoding=\"async\" class=\"aligncenter size-medium wp-image-5798\" src=\"http:\/\/lacomponella.com\/WordPress3\/wp-content\/uploads\/2019\/06\/Usher-2-225x300.jpg\" alt=\"\" width=\"225\" height=\"300\" srcset=\"https:\/\/lacomponella.com\/WordPress3\/wp-content\/uploads\/2019\/06\/Usher-2-225x300.jpg 225w, https:\/\/lacomponella.com\/WordPress3\/wp-content\/uploads\/2019\/06\/Usher-2.jpg 720w\" sizes=\"(max-width: 225px) 100vw, 225px\" \/><br \/>\n<\/span><\/div>\n<\/div>\n<div data-offset-key=\"dhlgm-0-0\"><\/div>\n<div class=\"\" data-block=\"true\" data-editor=\"339l\" data-offset-key=\"a72u7-0-0\">\n<div class=\"_1mf _1mj\" data-offset-key=\"a72u7-0-0\"><span data-offset-key=\"a72u7-0-0\">Suczki:<\/span><\/div>\n<\/div>\n<div class=\"\" data-block=\"true\" data-editor=\"339l\" data-offset-key=\"e3nt9-0-0\">\n<div class=\"_1mf _1mj\" data-offset-key=\"e3nt9-0-0\"><span data-offset-key=\"e3nt9-0-0\">ULRIKA &#8211; czarna, mieszka w Rosji, w hodowli<\/span><\/div>\n<\/div>\n<div data-offset-key=\"e3nt9-0-0\"><img loading=\"lazy\" decoding=\"async\" class=\"aligncenter size-medium wp-image-5788\" src=\"http:\/\/lacomponella.com\/WordPress3\/wp-content\/uploads\/2019\/06\/43743176_2648701788477006_2262339019184537600_n-169x300.jpg\" alt=\"\" width=\"169\" height=\"300\" srcset=\"https:\/\/lacomponella.com\/WordPress3\/wp-content\/uploads\/2019\/06\/43743176_2648701788477006_2262339019184537600_n-169x300.jpg 169w, https:\/\/lacomponella.com\/WordPress3\/wp-content\/uploads\/2019\/06\/43743176_2648701788477006_2262339019184537600_n.jpg 206w\" sizes=\"(max-width: 169px) 100vw, 169px\" \/> <img loading=\"lazy\" decoding=\"async\" class=\"aligncenter size-large wp-image-5789\" src=\"http:\/\/lacomponella.com\/WordPress3\/wp-content\/uploads\/2019\/06\/53310319_2969799513033897_2362970884613865472_n.jpg\" alt=\"\" width=\"604\" height=\"403\" srcset=\"https:\/\/lacomponella.com\/WordPress3\/wp-content\/uploads\/2019\/06\/53310319_2969799513033897_2362970884613865472_n.jpg 960w, https:\/\/lacomponella.com\/WordPress3\/wp-content\/uploads\/2019\/06\/53310319_2969799513033897_2362970884613865472_n-300x200.jpg 300w, https:\/\/lacomponella.com\/WordPress3\/wp-content\/uploads\/2019\/06\/53310319_2969799513033897_2362970884613865472_n-768x512.jpg 768w\" sizes=\"(max-width: 604px) 100vw, 604px\" \/> <img loading=\"lazy\" decoding=\"async\" class=\"aligncenter size-large wp-image-5790\" src=\"http:\/\/lacomponella.com\/WordPress3\/wp-content\/uploads\/2019\/06\/53478417_2969800683033780_3912073628736290816_n.jpg\" alt=\"\" width=\"444\" height=\"666\" srcset=\"https:\/\/lacomponella.com\/WordPress3\/wp-content\/uploads\/2019\/06\/53478417_2969800683033780_3912073628736290816_n.jpg 444w, https:\/\/lacomponella.com\/WordPress3\/wp-content\/uploads\/2019\/06\/53478417_2969800683033780_3912073628736290816_n-200x300.jpg 200w\" sizes=\"(max-width: 444px) 100vw, 444px\" \/> <img loading=\"lazy\" decoding=\"async\" class=\"aligncenter  wp-image-5791\" src=\"http:\/\/lacomponella.com\/WordPress3\/wp-content\/uploads\/2019\/06\/56997662_3070384136308767_3526811999973408768_n.jpg\" alt=\"\" width=\"441\" height=\"662\" srcset=\"https:\/\/lacomponella.com\/WordPress3\/wp-content\/uploads\/2019\/06\/56997662_3070384136308767_3526811999973408768_n.jpg 592w, https:\/\/lacomponella.com\/WordPress3\/wp-content\/uploads\/2019\/06\/56997662_3070384136308767_3526811999973408768_n-200x300.jpg 200w\" sizes=\"(max-width: 441px) 100vw, 441px\" \/> <img loading=\"lazy\" decoding=\"async\" class=\"aligncenter size-large wp-image-5792\" src=\"http:\/\/lacomponella.com\/WordPress3\/wp-content\/uploads\/2019\/06\/Ulrika-BOB-super.jpg\" alt=\"\" width=\"592\" height=\"888\" srcset=\"https:\/\/lacomponella.com\/WordPress3\/wp-content\/uploads\/2019\/06\/Ulrika-BOB-super.jpg 592w, https:\/\/lacomponella.com\/WordPress3\/wp-content\/uploads\/2019\/06\/Ulrika-BOB-super-200x300.jpg 200w\" sizes=\"(max-width: 592px) 100vw, 592px\" \/><\/div>\n<div data-offset-key=\"e3nt9-0-0\"><\/div>\n<div class=\"\" data-block=\"true\" data-editor=\"339l\" data-offset-key=\"fsdn1-0-0\">\n<div class=\"_1mf _1mj\" data-offset-key=\"fsdn1-0-0\"><span data-offset-key=\"fsdn1-0-0\">ULIANA &#8211; arlekinka, mieszka z nami w hodowli:))<\/span><\/div>\n<\/div>\n<div data-offset-key=\"fsdn1-0-0\"><img loading=\"lazy\" decoding=\"async\" class=\"aligncenter size-medium wp-image-5793\" src=\"http:\/\/lacomponella.com\/WordPress3\/wp-content\/uploads\/2019\/06\/39153072_1323402757790635_2820628108455968768_n-225x300.jpg\" alt=\"\" width=\"225\" height=\"300\" srcset=\"https:\/\/lacomponella.com\/WordPress3\/wp-content\/uploads\/2019\/06\/39153072_1323402757790635_2820628108455968768_n-225x300.jpg 225w, https:\/\/lacomponella.com\/WordPress3\/wp-content\/uploads\/2019\/06\/39153072_1323402757790635_2820628108455968768_n.jpg 600w\" sizes=\"(max-width: 225px) 100vw, 225px\" \/> <img loading=\"lazy\" decoding=\"async\" class=\"aligncenter size-medium wp-image-5794\" src=\"http:\/\/lacomponella.com\/WordPress3\/wp-content\/uploads\/2019\/06\/53347697_263299671223208_3892158612709048320_n-300x297.jpg\" alt=\"\" width=\"300\" height=\"297\" srcset=\"https:\/\/lacomponella.com\/WordPress3\/wp-content\/uploads\/2019\/06\/53347697_263299671223208_3892158612709048320_n-300x297.jpg 300w, https:\/\/lacomponella.com\/WordPress3\/wp-content\/uploads\/2019\/06\/53347697_263299671223208_3892158612709048320_n-150x150.jpg 150w, https:\/\/lacomponella.com\/WordPress3\/wp-content\/uploads\/2019\/06\/53347697_263299671223208_3892158612709048320_n-768x761.jpg 768w, https:\/\/lacomponella.com\/WordPress3\/wp-content\/uploads\/2019\/06\/53347697_263299671223208_3892158612709048320_n-1024x1015.jpg 1024w, https:\/\/lacomponella.com\/WordPress3\/wp-content\/uploads\/2019\/06\/53347697_263299671223208_3892158612709048320_n.jpg 1259w\" sizes=\"(max-width: 300px) 100vw, 300px\" \/> <img loading=\"lazy\" decoding=\"async\" class=\"aligncenter size-medium wp-image-5795\" src=\"http:\/\/lacomponella.com\/WordPress3\/wp-content\/uploads\/2019\/06\/54525930_343310976526901_5063646590921605120_n-300x293.jpg\" alt=\"\" width=\"300\" height=\"293\" srcset=\"https:\/\/lacomponella.com\/WordPress3\/wp-content\/uploads\/2019\/06\/54525930_343310976526901_5063646590921605120_n-300x293.jpg 300w, https:\/\/lacomponella.com\/WordPress3\/wp-content\/uploads\/2019\/06\/54525930_343310976526901_5063646590921605120_n-768x749.jpg 768w, https:\/\/lacomponella.com\/WordPress3\/wp-content\/uploads\/2019\/06\/54525930_343310976526901_5063646590921605120_n.jpg 923w\" sizes=\"(max-width: 300px) 100vw, 300px\" \/><\/div>\n<div data-offset-key=\"fsdn1-0-0\"><\/div>\n<div class=\"\" data-block=\"true\" data-editor=\"339l\" data-offset-key=\"bnnoh-0-0\">\n<div class=\"_1mf _1mj\" data-offset-key=\"bnnoh-0-0\"><span data-offset-key=\"bnnoh-0-0\">UMA &#8211; arlekin, mieszka w USA, w hodowli<\/span><\/div>\n<\/div>\n<div class=\"\" data-block=\"true\" data-editor=\"339l\" data-offset-key=\"1t1ti-0-0\">\n<div class=\"_1mf _1mj\" data-offset-key=\"1t1ti-0-0\"><span data-offset-key=\"1t1ti-0-0\">ULA &#8211; arlekin, mieszka we Francji, w hodowli<\/span><\/div>\n<\/div>\n<div data-offset-key=\"1t1ti-0-0\"><img loading=\"lazy\" decoding=\"async\" class=\"aligncenter size-medium wp-image-5800\" src=\"http:\/\/lacomponella.com\/WordPress3\/wp-content\/uploads\/2019\/06\/Ula-wygrana-253x300.jpg\" alt=\"\" width=\"253\" height=\"300\" srcset=\"https:\/\/lacomponella.com\/WordPress3\/wp-content\/uploads\/2019\/06\/Ula-wygrana-253x300.jpg 253w, https:\/\/lacomponella.com\/WordPress3\/wp-content\/uploads\/2019\/06\/Ula-wygrana.jpg 453w\" sizes=\"(max-width: 253px) 100vw, 253px\" \/><\/div>\n<div data-offset-key=\"1t1ti-0-0\"><\/div>\n<div class=\"\" data-block=\"true\" data-editor=\"339l\" data-offset-key=\"c1k54-0-0\">\n<div class=\"_1mf _1mj\" data-offset-key=\"c1k54-0-0\"><span data-offset-key=\"c1k54-0-0\">UTLINDE &#8211; czarna, mieszka w Niemczech <\/span><\/div>\n<\/div>\n","protected":false},"excerpt":{"rendered":"<p>10 szczeni\u0105t, ur.28.12.2017Ojciec:\u00a0J\u2019DORE Des Terres de Brandon Matka:\u00a0MICKEY-N Della Zaida Nera Pieski: U2 &#8211; arlekin, zosta\u0142 w hodowli, mieszka ze wsp\u00f3\u0142w\u0142a\u015bcicielk\u0105 URLEP &#8211; arlekin, mieszka w UK, w hodowli UGO &#8211; merle, mieszka w Niemczech URSUS &#8211; czarny, mieszka w USA, w hodowli USHER &#8211; czarny, mieszka w Austrii Suczki: ULRIKA &#8211; czarna, mieszka w [&hellip;]<\/p>\n","protected":false},"author":1,"featured_media":0,"parent":0,"menu_order":0,"comment_status":"closed","ping_status":"closed","template":"","meta":{"footnotes":""},"class_list":["post-5336","page","type-page","status-publish","hentry"],"yoast_head":"<!-- This site is optimized with the Yoast SEO plugin v27.5 - https:\/\/yoast.com\/product\/yoast-seo-wordpress\/ -->\n<title>Miot U - 2017 - La Componella FCI<\/title>\n<meta name=\"robots\" content=\"index, follow, max-snippet:-1, max-image-preview:large, max-video-preview:-1\" \/>\n<link rel=\"canonical\" href=\"https:\/\/lacomponella.com\/WordPress3\/?page_id=5336\" \/>\n<meta property=\"og:locale\" content=\"pl_PL\" \/>\n<meta property=\"og:type\" content=\"article\" \/>\n<meta property=\"og:title\" content=\"Miot U - 2017 - La Componella FCI\" \/>\n<meta property=\"og:description\" content=\"10 szczeni\u0105t, ur.28.12.2017Ojciec:\u00a0J\u2019DORE Des Terres de Brandon Matka:\u00a0MICKEY-N Della Zaida Nera Pieski: U2 &#8211; arlekin, zosta\u0142 w hodowli, mieszka ze wsp\u00f3\u0142w\u0142a\u015bcicielk\u0105 URLEP &#8211; arlekin, mieszka w UK, w hodowli UGO &#8211; merle, mieszka w Niemczech URSUS &#8211; czarny, mieszka w USA, w hodowli USHER &#8211; czarny, mieszka w Austrii Suczki: ULRIKA &#8211; czarna, mieszka w [&hellip;]\" \/>\n<meta property=\"og:url\" content=\"https:\/\/lacomponella.com\/WordPress3\/?page_id=5336\" \/>\n<meta property=\"og:site_name\" content=\"La Componella FCI\" \/>\n<meta property=\"article:modified_time\" content=\"2020-03-30T15:14:33+00:00\" \/>\n<meta property=\"og:image\" content=\"https:\/\/lacomponella.com\/WordPress3\/wp-content\/uploads\/2019\/06\/39082156_10156504706188416_969844366086504448_n.jpg\" \/>\n\t<meta property=\"og:image:width\" content=\"960\" \/>\n\t<meta property=\"og:image:height\" content=\"836\" \/>\n\t<meta property=\"og:image:type\" content=\"image\/jpeg\" \/>\n<meta name=\"twitter:card\" content=\"summary_large_image\" \/>\n<script type=\"application\/ld+json\" class=\"yoast-schema-graph\">{\"@context\":\"https:\\\/\\\/schema.org\",\"@graph\":[{\"@type\":\"WebPage\",\"@id\":\"https:\\\/\\\/lacomponella.com\\\/WordPress3\\\/?page_id=5336\",\"url\":\"https:\\\/\\\/lacomponella.com\\\/WordPress3\\\/?page_id=5336\",\"name\":\"Miot U - 2017 - La Componella FCI\",\"isPartOf\":{\"@id\":\"https:\\\/\\\/lacomponella.com\\\/WordPress3\\\/#website\"},\"primaryImageOfPage\":{\"@id\":\"https:\\\/\\\/lacomponella.com\\\/WordPress3\\\/?page_id=5336#primaryimage\"},\"image\":{\"@id\":\"https:\\\/\\\/lacomponella.com\\\/WordPress3\\\/?page_id=5336#primaryimage\"},\"thumbnailUrl\":\"http:\\\/\\\/lacomponella.com\\\/WordPress3\\\/wp-content\\\/uploads\\\/2019\\\/06\\\/39082156_10156504706188416_969844366086504448_n-300x261.jpg\",\"datePublished\":\"2019-01-30T19:07:05+00:00\",\"dateModified\":\"2020-03-30T15:14:33+00:00\",\"breadcrumb\":{\"@id\":\"https:\\\/\\\/lacomponella.com\\\/WordPress3\\\/?page_id=5336#breadcrumb\"},\"inLanguage\":\"pl-PL\",\"potentialAction\":[{\"@type\":\"ReadAction\",\"target\":[\"https:\\\/\\\/lacomponella.com\\\/WordPress3\\\/?page_id=5336\"]}]},{\"@type\":\"ImageObject\",\"inLanguage\":\"pl-PL\",\"@id\":\"https:\\\/\\\/lacomponella.com\\\/WordPress3\\\/?page_id=5336#primaryimage\",\"url\":\"https:\\\/\\\/lacomponella.com\\\/WordPress3\\\/wp-content\\\/uploads\\\/2019\\\/06\\\/39082156_10156504706188416_969844366086504448_n.jpg\",\"contentUrl\":\"https:\\\/\\\/lacomponella.com\\\/WordPress3\\\/wp-content\\\/uploads\\\/2019\\\/06\\\/39082156_10156504706188416_969844366086504448_n.jpg\",\"width\":960,\"height\":836},{\"@type\":\"BreadcrumbList\",\"@id\":\"https:\\\/\\\/lacomponella.com\\\/WordPress3\\\/?page_id=5336#breadcrumb\",\"itemListElement\":[{\"@type\":\"ListItem\",\"position\":1,\"name\":\"Strona g\u0142\u00f3wna\",\"item\":\"https:\\\/\\\/lacomponella.com\\\/WordPress3\\\/?page_id=4991\"},{\"@type\":\"ListItem\",\"position\":2,\"name\":\"Miot U &#8211; 2017\"}]},{\"@type\":\"WebSite\",\"@id\":\"https:\\\/\\\/lacomponella.com\\\/WordPress3\\\/#website\",\"url\":\"https:\\\/\\\/lacomponella.com\\\/WordPress3\\\/\",\"name\":\"La Componella FCI\",\"description\":\"Hodowla Dog Niemiecki, Xolo i Owczarek Belgijski\",\"potentialAction\":[{\"@type\":\"SearchAction\",\"target\":{\"@type\":\"EntryPoint\",\"urlTemplate\":\"https:\\\/\\\/lacomponella.com\\\/WordPress3\\\/?s={search_term_string}\"},\"query-input\":{\"@type\":\"PropertyValueSpecification\",\"valueRequired\":true,\"valueName\":\"search_term_string\"}}],\"inLanguage\":\"pl-PL\"}]}<\/script>\n<!-- \/ Yoast SEO plugin. -->","yoast_head_json":{"title":"Miot U - 2017 - La Componella FCI","robots":{"index":"index","follow":"follow","max-snippet":"max-snippet:-1","max-image-preview":"max-image-preview:large","max-video-preview":"max-video-preview:-1"},"canonical":"https:\/\/lacomponella.com\/WordPress3\/?page_id=5336","og_locale":"pl_PL","og_type":"article","og_title":"Miot U - 2017 - La Componella FCI","og_description":"10 szczeni\u0105t, ur.28.12.2017Ojciec:\u00a0J\u2019DORE Des Terres de Brandon Matka:\u00a0MICKEY-N Della Zaida Nera Pieski: U2 &#8211; arlekin, zosta\u0142 w hodowli, mieszka ze wsp\u00f3\u0142w\u0142a\u015bcicielk\u0105 URLEP &#8211; arlekin, mieszka w UK, w hodowli UGO &#8211; merle, mieszka w Niemczech URSUS &#8211; czarny, mieszka w USA, w hodowli USHER &#8211; czarny, mieszka w Austrii Suczki: ULRIKA &#8211; czarna, mieszka w [&hellip;]","og_url":"https:\/\/lacomponella.com\/WordPress3\/?page_id=5336","og_site_name":"La Componella FCI","article_modified_time":"2020-03-30T15:14:33+00:00","og_image":[{"width":960,"height":836,"url":"https:\/\/lacomponella.com\/WordPress3\/wp-content\/uploads\/2019\/06\/39082156_10156504706188416_969844366086504448_n.jpg","type":"image\/jpeg"}],"twitter_card":"summary_large_image","schema":{"@context":"https:\/\/schema.org","@graph":[{"@type":"WebPage","@id":"https:\/\/lacomponella.com\/WordPress3\/?page_id=5336","url":"https:\/\/lacomponella.com\/WordPress3\/?page_id=5336","name":"Miot U - 2017 - La Componella FCI","isPartOf":{"@id":"https:\/\/lacomponella.com\/WordPress3\/#website"},"primaryImageOfPage":{"@id":"https:\/\/lacomponella.com\/WordPress3\/?page_id=5336#primaryimage"},"image":{"@id":"https:\/\/lacomponella.com\/WordPress3\/?page_id=5336#primaryimage"},"thumbnailUrl":"http:\/\/lacomponella.com\/WordPress3\/wp-content\/uploads\/2019\/06\/39082156_10156504706188416_969844366086504448_n-300x261.jpg","datePublished":"2019-01-30T19:07:05+00:00","dateModified":"2020-03-30T15:14:33+00:00","breadcrumb":{"@id":"https:\/\/lacomponella.com\/WordPress3\/?page_id=5336#breadcrumb"},"inLanguage":"pl-PL","potentialAction":[{"@type":"ReadAction","target":["https:\/\/lacomponella.com\/WordPress3\/?page_id=5336"]}]},{"@type":"ImageObject","inLanguage":"pl-PL","@id":"https:\/\/lacomponella.com\/WordPress3\/?page_id=5336#primaryimage","url":"https:\/\/lacomponella.com\/WordPress3\/wp-content\/uploads\/2019\/06\/39082156_10156504706188416_969844366086504448_n.jpg","contentUrl":"https:\/\/lacomponella.com\/WordPress3\/wp-content\/uploads\/2019\/06\/39082156_10156504706188416_969844366086504448_n.jpg","width":960,"height":836},{"@type":"BreadcrumbList","@id":"https:\/\/lacomponella.com\/WordPress3\/?page_id=5336#breadcrumb","itemListElement":[{"@type":"ListItem","position":1,"name":"Strona g\u0142\u00f3wna","item":"https:\/\/lacomponella.com\/WordPress3\/?page_id=4991"},{"@type":"ListItem","position":2,"name":"Miot U &#8211; 2017"}]},{"@type":"WebSite","@id":"https:\/\/lacomponella.com\/WordPress3\/#website","url":"https:\/\/lacomponella.com\/WordPress3\/","name":"La Componella FCI","description":"Hodowla Dog Niemiecki, Xolo i Owczarek Belgijski","potentialAction":[{"@type":"SearchAction","target":{"@type":"EntryPoint","urlTemplate":"https:\/\/lacomponella.com\/WordPress3\/?s={search_term_string}"},"query-input":{"@type":"PropertyValueSpecification","valueRequired":true,"valueName":"search_term_string"}}],"inLanguage":"pl-PL"}]}},"_links":{"self":[{"href":"https:\/\/lacomponella.com\/WordPress3\/index.php?rest_route=\/wp\/v2\/pages\/5336","targetHints":{"allow":["GET"]}}],"collection":[{"href":"https:\/\/lacomponella.com\/WordPress3\/index.php?rest_route=\/wp\/v2\/pages"}],"about":[{"href":"https:\/\/lacomponella.com\/WordPress3\/index.php?rest_route=\/wp\/v2\/types\/page"}],"author":[{"embeddable":true,"href":"https:\/\/lacomponella.com\/WordPress3\/index.php?rest_route=\/wp\/v2\/users\/1"}],"replies":[{"embeddable":true,"href":"https:\/\/lacomponella.com\/WordPress3\/index.php?rest_route=%2Fwp%2Fv2%2Fcomments&post=5336"}],"version-history":[{"count":4,"href":"https:\/\/lacomponella.com\/WordPress3\/index.php?rest_route=\/wp\/v2\/pages\/5336\/revisions"}],"predecessor-version":[{"id":7549,"href":"https:\/\/lacomponella.com\/WordPress3\/index.php?rest_route=\/wp\/v2\/pages\/5336\/revisions\/7549"}],"wp:attachment":[{"href":"https:\/\/lacomponella.com\/WordPress3\/index.php?rest_route=%2Fwp%2Fv2%2Fmedia&parent=5336"}],"curies":[{"name":"wp","href":"https:\/\/api.w.org\/{rel}","templated":true}]}}