{"id":57,"date":"2014-07-06T11:26:55","date_gmt":"2014-07-06T11:26:55","guid":{"rendered":"http:\/\/lacomponella.com\/WordPress3\/?page_id=57"},"modified":"2025-08-31T22:45:37","modified_gmt":"2025-08-31T22:45:37","slug":"kontakt","status":"publish","type":"page","link":"https:\/\/lacomponella.com\/WordPress3\/?page_id=57","title":{"rendered":"Kontakt"},"content":{"rendered":"<p style=\"text-align: center;\"><strong><span style=\"color: #000080;\">Hodowl\u0119 La Componella FCI ma przyjemno\u015b\u0107 prowadzi\u0107:<\/span><\/strong><br \/>\n<strong><span style=\"color: #000080;\"> lek.wet. Marta Kozica<br \/>\nmgr pedagogiki Jadwiga Kozica &#8211; moja mama<br \/>\nSara &#8211; moja c\u00f3rka<\/span><\/strong><\/p>\n<p><strong><span style=\"color: #800080;\">Nasz hodowla ps\u00f3w jest zarejestrowana w Zwi\u0105zku Kynologicznym w Polsce, kt\u00f3ry nale\u017cy, jako jedyny w Polsce, do FCI. Nie kupujcie Pa\u0144stwo ps\u00f3w z hodowli zarejestrowanych w nowo powsta\u0142ych stowarzyszeniach.\u00a0<\/span><\/strong><\/p>\n<p><strong><span style=\"color: #800000;\">Nasz profil na\u00a0<a style=\"color: #800000;\" href=\"https:\/\/www.facebook.com\/marta.kozica\" target=\"_blank\" rel=\"noopener noreferrer\">FACEBOOK<\/a><\/span><\/strong><\/p>\n<p><strong>martakozica@wp.pl<\/strong><br \/>\n<strong> tel. 660 753 566<\/strong><br \/>\n<strong>po\u0142udniowe okolice Wroc\u0142awia<\/strong><\/p>\n","protected":false},"excerpt":{"rendered":"<p>Hodowl\u0119 La Componella FCI ma przyjemno\u015b\u0107 prowadzi\u0107: lek.wet. Marta Kozica mgr pedagogiki Jadwiga Kozica &#8211; moja mama Sara &#8211; moja c\u00f3rka Nasz hodowla ps\u00f3w jest zarejestrowana w Zwi\u0105zku Kynologicznym w Polsce, kt\u00f3ry nale\u017cy, jako jedyny w Polsce, do FCI. Nie kupujcie Pa\u0144stwo ps\u00f3w z hodowli zarejestrowanych w nowo powsta\u0142ych stowarzyszeniach.\u00a0 Nasz profil na\u00a0FACEBOOK martakozica@wp.pl tel. [&hellip;]<\/p>\n","protected":false},"author":1,"featured_media":0,"parent":0,"menu_order":0,"comment_status":"closed","ping_status":"closed","template":"","meta":{"footnotes":""},"class_list":["post-57","page","type-page","status-publish","hentry"],"yoast_head":"<!-- This site is optimized with the Yoast SEO plugin v27.4 - https:\/\/yoast.com\/product\/yoast-seo-wordpress\/ -->\n<title>Kontakt - La Componella FCI<\/title>\n<meta name=\"robots\" content=\"index, follow, max-snippet:-1, max-image-preview:large, max-video-preview:-1\" \/>\n<link rel=\"canonical\" href=\"https:\/\/lacomponella.com\/WordPress3\/?page_id=57\" \/>\n<meta property=\"og:locale\" content=\"pl_PL\" \/>\n<meta property=\"og:type\" content=\"article\" \/>\n<meta property=\"og:title\" content=\"Kontakt - La Componella FCI\" \/>\n<meta property=\"og:description\" content=\"Hodowl\u0119 La Componella FCI ma przyjemno\u015b\u0107 prowadzi\u0107: lek.wet. Marta Kozica mgr pedagogiki Jadwiga Kozica &#8211; moja mama Sara &#8211; moja c\u00f3rka Nasz hodowla ps\u00f3w jest zarejestrowana w Zwi\u0105zku Kynologicznym w Polsce, kt\u00f3ry nale\u017cy, jako jedyny w Polsce, do FCI. Nie kupujcie Pa\u0144stwo ps\u00f3w z hodowli zarejestrowanych w nowo powsta\u0142ych stowarzyszeniach.\u00a0 Nasz profil na\u00a0FACEBOOK martakozica@wp.pl tel. [&hellip;]\" \/>\n<meta property=\"og:url\" content=\"https:\/\/lacomponella.com\/WordPress3\/?page_id=57\" \/>\n<meta property=\"og:site_name\" content=\"La Componella FCI\" \/>\n<meta property=\"article:modified_time\" content=\"2025-08-31T22:45:37+00:00\" \/>\n<meta name=\"twitter:card\" content=\"summary_large_image\" \/>\n<meta name=\"twitter:label1\" content=\"Szacowany czas czytania\" \/>\n\t<meta name=\"twitter:data1\" content=\"1 minuta\" \/>\n<script type=\"application\/ld+json\" class=\"yoast-schema-graph\">{\"@context\":\"https:\\\/\\\/schema.org\",\"@graph\":[{\"@type\":\"WebPage\",\"@id\":\"https:\\\/\\\/lacomponella.com\\\/WordPress3\\\/?page_id=57\",\"url\":\"https:\\\/\\\/lacomponella.com\\\/WordPress3\\\/?page_id=57\",\"name\":\"Kontakt - La Componella FCI\",\"isPartOf\":{\"@id\":\"https:\\\/\\\/lacomponella.com\\\/WordPress3\\\/#website\"},\"datePublished\":\"2014-07-06T11:26:55+00:00\",\"dateModified\":\"2025-08-31T22:45:37+00:00\",\"breadcrumb\":{\"@id\":\"https:\\\/\\\/lacomponella.com\\\/WordPress3\\\/?page_id=57#breadcrumb\"},\"inLanguage\":\"pl-PL\",\"potentialAction\":[{\"@type\":\"ReadAction\",\"target\":[\"https:\\\/\\\/lacomponella.com\\\/WordPress3\\\/?page_id=57\"]}]},{\"@type\":\"BreadcrumbList\",\"@id\":\"https:\\\/\\\/lacomponella.com\\\/WordPress3\\\/?page_id=57#breadcrumb\",\"itemListElement\":[{\"@type\":\"ListItem\",\"position\":1,\"name\":\"Strona g\u0142\u00f3wna\",\"item\":\"https:\\\/\\\/lacomponella.com\\\/WordPress3\\\/?page_id=4991\"},{\"@type\":\"ListItem\",\"position\":2,\"name\":\"Kontakt\"}]},{\"@type\":\"WebSite\",\"@id\":\"https:\\\/\\\/lacomponella.com\\\/WordPress3\\\/#website\",\"url\":\"https:\\\/\\\/lacomponella.com\\\/WordPress3\\\/\",\"name\":\"La Componella FCI\",\"description\":\"Hodowla Dog Niemiecki, Xolo i Owczarek Belgijski\",\"potentialAction\":[{\"@type\":\"SearchAction\",\"target\":{\"@type\":\"EntryPoint\",\"urlTemplate\":\"https:\\\/\\\/lacomponella.com\\\/WordPress3\\\/?s={search_term_string}\"},\"query-input\":{\"@type\":\"PropertyValueSpecification\",\"valueRequired\":true,\"valueName\":\"search_term_string\"}}],\"inLanguage\":\"pl-PL\"}]}<\/script>\n<!-- \/ Yoast SEO plugin. -->","yoast_head_json":{"title":"Kontakt - La Componella FCI","robots":{"index":"index","follow":"follow","max-snippet":"max-snippet:-1","max-image-preview":"max-image-preview:large","max-video-preview":"max-video-preview:-1"},"canonical":"https:\/\/lacomponella.com\/WordPress3\/?page_id=57","og_locale":"pl_PL","og_type":"article","og_title":"Kontakt - La Componella FCI","og_description":"Hodowl\u0119 La Componella FCI ma przyjemno\u015b\u0107 prowadzi\u0107: lek.wet. Marta Kozica mgr pedagogiki Jadwiga Kozica &#8211; moja mama Sara &#8211; moja c\u00f3rka Nasz hodowla ps\u00f3w jest zarejestrowana w Zwi\u0105zku Kynologicznym w Polsce, kt\u00f3ry nale\u017cy, jako jedyny w Polsce, do FCI. Nie kupujcie Pa\u0144stwo ps\u00f3w z hodowli zarejestrowanych w nowo powsta\u0142ych stowarzyszeniach.\u00a0 Nasz profil na\u00a0FACEBOOK martakozica@wp.pl tel. [&hellip;]","og_url":"https:\/\/lacomponella.com\/WordPress3\/?page_id=57","og_site_name":"La Componella FCI","article_modified_time":"2025-08-31T22:45:37+00:00","twitter_card":"summary_large_image","twitter_misc":{"Szacowany czas czytania":"1 minuta"},"schema":{"@context":"https:\/\/schema.org","@graph":[{"@type":"WebPage","@id":"https:\/\/lacomponella.com\/WordPress3\/?page_id=57","url":"https:\/\/lacomponella.com\/WordPress3\/?page_id=57","name":"Kontakt - La Componella FCI","isPartOf":{"@id":"https:\/\/lacomponella.com\/WordPress3\/#website"},"datePublished":"2014-07-06T11:26:55+00:00","dateModified":"2025-08-31T22:45:37+00:00","breadcrumb":{"@id":"https:\/\/lacomponella.com\/WordPress3\/?page_id=57#breadcrumb"},"inLanguage":"pl-PL","potentialAction":[{"@type":"ReadAction","target":["https:\/\/lacomponella.com\/WordPress3\/?page_id=57"]}]},{"@type":"BreadcrumbList","@id":"https:\/\/lacomponella.com\/WordPress3\/?page_id=57#breadcrumb","itemListElement":[{"@type":"ListItem","position":1,"name":"Strona g\u0142\u00f3wna","item":"https:\/\/lacomponella.com\/WordPress3\/?page_id=4991"},{"@type":"ListItem","position":2,"name":"Kontakt"}]},{"@type":"WebSite","@id":"https:\/\/lacomponella.com\/WordPress3\/#website","url":"https:\/\/lacomponella.com\/WordPress3\/","name":"La Componella FCI","description":"Hodowla Dog Niemiecki, Xolo i Owczarek Belgijski","potentialAction":[{"@type":"SearchAction","target":{"@type":"EntryPoint","urlTemplate":"https:\/\/lacomponella.com\/WordPress3\/?s={search_term_string}"},"query-input":{"@type":"PropertyValueSpecification","valueRequired":true,"valueName":"search_term_string"}}],"inLanguage":"pl-PL"}]}},"_links":{"self":[{"href":"https:\/\/lacomponella.com\/WordPress3\/index.php?rest_route=\/wp\/v2\/pages\/57","targetHints":{"allow":["GET"]}}],"collection":[{"href":"https:\/\/lacomponella.com\/WordPress3\/index.php?rest_route=\/wp\/v2\/pages"}],"about":[{"href":"https:\/\/lacomponella.com\/WordPress3\/index.php?rest_route=\/wp\/v2\/types\/page"}],"author":[{"embeddable":true,"href":"https:\/\/lacomponella.com\/WordPress3\/index.php?rest_route=\/wp\/v2\/users\/1"}],"replies":[{"embeddable":true,"href":"https:\/\/lacomponella.com\/WordPress3\/index.php?rest_route=%2Fwp%2Fv2%2Fcomments&post=57"}],"version-history":[{"count":27,"href":"https:\/\/lacomponella.com\/WordPress3\/index.php?rest_route=\/wp\/v2\/pages\/57\/revisions"}],"predecessor-version":[{"id":12803,"href":"https:\/\/lacomponella.com\/WordPress3\/index.php?rest_route=\/wp\/v2\/pages\/57\/revisions\/12803"}],"wp:attachment":[{"href":"https:\/\/lacomponella.com\/WordPress3\/index.php?rest_route=%2Fwp%2Fv2%2Fmedia&parent=57"}],"curies":[{"name":"wp","href":"https:\/\/api.w.org\/{rel}","templated":true}]}}