{"id":5828,"date":"2019-06-22T20:36:41","date_gmt":"2019-06-22T20:36:41","guid":{"rendered":"http:\/\/lacomponella.com\/WordPress3\/?page_id=5828"},"modified":"2019-06-22T20:37:05","modified_gmt":"2019-06-22T20:37:05","slug":"miot-b-2018","status":"publish","type":"page","link":"https:\/\/lacomponella.com\/WordPress3\/?page_id=5828","title":{"rendered":"Miot B &#8211; 2018"},"content":{"rendered":"<p>9 szczeni\u0105t, ur.24.08.2018<\/p>\n<p><a href=\"http:\/\/lacomponella.com\/WordPress3\/?page_id=1524\">ojciec:JULIUS CAESAR des Terres de Brandon<\/a><br \/>\n<a href=\"http:\/\/lacomponella.com\/WordPress3\/?page_id=5128\">matka:GIANLUIGI BUFFON La Componella<\/a><\/p>\n<p>Pieski:<br \/>\nBECKHAM &#8211; arlekin, mieszka we W\u0142oszech, w\u0142a\u015bcicielami jest ma\u0142\u017ce\u0144stwo \u017co\u0142nierzy Armii Stan\u00f3w Zjednoczonych stacjonuj\u0105cych we W\u0142oszech<br \/>\n<img fetchpriority=\"high\" decoding=\"async\" class=\"aligncenter size-full wp-image-5834\" src=\"http:\/\/lacomponella.com\/WordPress3\/wp-content\/uploads\/2019\/06\/45791245_328311911331490_7191362557452484608_n.jpg\" alt=\"\" width=\"2730\" height=\"3640\" srcset=\"https:\/\/lacomponella.com\/WordPress3\/wp-content\/uploads\/2019\/06\/45791245_328311911331490_7191362557452484608_n.jpg 2730w, https:\/\/lacomponella.com\/WordPress3\/wp-content\/uploads\/2019\/06\/45791245_328311911331490_7191362557452484608_n-225x300.jpg 225w, https:\/\/lacomponella.com\/WordPress3\/wp-content\/uploads\/2019\/06\/45791245_328311911331490_7191362557452484608_n-768x1024.jpg 768w\" sizes=\"(max-width: 2730px) 100vw, 2730px\" \/> <img decoding=\"async\" class=\"aligncenter size-full wp-image-5835\" src=\"http:\/\/lacomponella.com\/WordPress3\/wp-content\/uploads\/2019\/06\/45808186_2143690459215458_4059295070304600064_n.jpg\" alt=\"\" width=\"2730\" height=\"3640\" srcset=\"https:\/\/lacomponella.com\/WordPress3\/wp-content\/uploads\/2019\/06\/45808186_2143690459215458_4059295070304600064_n.jpg 2730w, https:\/\/lacomponella.com\/WordPress3\/wp-content\/uploads\/2019\/06\/45808186_2143690459215458_4059295070304600064_n-225x300.jpg 225w, https:\/\/lacomponella.com\/WordPress3\/wp-content\/uploads\/2019\/06\/45808186_2143690459215458_4059295070304600064_n-768x1024.jpg 768w\" sizes=\"(max-width: 2730px) 100vw, 2730px\" \/> <img decoding=\"async\" class=\"aligncenter size-full wp-image-5836\" src=\"http:\/\/lacomponella.com\/WordPress3\/wp-content\/uploads\/2019\/06\/45863306_347869582444982_8335396112571564032_n.jpg\" alt=\"\" width=\"2730\" height=\"3640\" srcset=\"https:\/\/lacomponella.com\/WordPress3\/wp-content\/uploads\/2019\/06\/45863306_347869582444982_8335396112571564032_n.jpg 2730w, https:\/\/lacomponella.com\/WordPress3\/wp-content\/uploads\/2019\/06\/45863306_347869582444982_8335396112571564032_n-225x300.jpg 225w, https:\/\/lacomponella.com\/WordPress3\/wp-content\/uploads\/2019\/06\/45863306_347869582444982_8335396112571564032_n-768x1024.jpg 768w\" sizes=\"(max-width: 2730px) 100vw, 2730px\" \/><br \/>\nBRUTUS &#8211; czarny, mieszka w USA<br \/>\nBORIS BECKER &#8211; czarny, mieszka w Niemczech<br \/>\nBJORN BORG &#8211; czarny, mieszka w USA<br \/>\nBOOMER &#8211; merle, mieszka w Polsce<\/p>\n<p><strong>Suczki:<\/strong><br \/>\nBAGGIO &#8211; arlekin, mieszka w Boliwii, w hodowli<br \/>\n<img loading=\"lazy\" decoding=\"async\" class=\"aligncenter size-full wp-image-5829\" src=\"http:\/\/lacomponella.com\/WordPress3\/wp-content\/uploads\/2019\/06\/62308083_419080928944025_5543668529812733952_n.jpg\" alt=\"\" width=\"438\" height=\"640\" srcset=\"https:\/\/lacomponella.com\/WordPress3\/wp-content\/uploads\/2019\/06\/62308083_419080928944025_5543668529812733952_n.jpg 438w, https:\/\/lacomponella.com\/WordPress3\/wp-content\/uploads\/2019\/06\/62308083_419080928944025_5543668529812733952_n-205x300.jpg 205w\" sizes=\"(max-width: 438px) 100vw, 438px\" \/><br \/>\nBENZEMA &#8211; arlekin, mieszka w USA<br \/>\n<img loading=\"lazy\" decoding=\"async\" class=\"aligncenter size-full wp-image-5830\" src=\"http:\/\/lacomponella.com\/WordPress3\/wp-content\/uploads\/2019\/06\/46104337_366297610775434_4957901420897501184_n.jpg\" alt=\"\" width=\"1280\" height=\"960\" srcset=\"https:\/\/lacomponella.com\/WordPress3\/wp-content\/uploads\/2019\/06\/46104337_366297610775434_4957901420897501184_n.jpg 1280w, https:\/\/lacomponella.com\/WordPress3\/wp-content\/uploads\/2019\/06\/46104337_366297610775434_4957901420897501184_n-300x225.jpg 300w, https:\/\/lacomponella.com\/WordPress3\/wp-content\/uploads\/2019\/06\/46104337_366297610775434_4957901420897501184_n-768x576.jpg 768w, https:\/\/lacomponella.com\/WordPress3\/wp-content\/uploads\/2019\/06\/46104337_366297610775434_4957901420897501184_n-1024x768.jpg 1024w\" sizes=\"(max-width: 1280px) 100vw, 1280px\" \/><br \/>\nBONALY &#8211; czarna, mieszka w USA<br \/>\n<img loading=\"lazy\" decoding=\"async\" class=\"aligncenter size-full wp-image-5833\" src=\"http:\/\/lacomponella.com\/WordPress3\/wp-content\/uploads\/2019\/06\/50324155_2223151457745852_1738021373172776960_n.jpg\" alt=\"\" width=\"805\" height=\"750\" srcset=\"https:\/\/lacomponella.com\/WordPress3\/wp-content\/uploads\/2019\/06\/50324155_2223151457745852_1738021373172776960_n.jpg 805w, https:\/\/lacomponella.com\/WordPress3\/wp-content\/uploads\/2019\/06\/50324155_2223151457745852_1738021373172776960_n-300x280.jpg 300w, https:\/\/lacomponella.com\/WordPress3\/wp-content\/uploads\/2019\/06\/50324155_2223151457745852_1738021373172776960_n-768x716.jpg 768w\" sizes=\"(max-width: 805px) 100vw, 805px\" \/><br \/>\nBARTOLI &#8211; czarna, mieszka w Boliwii<br \/>\n<img loading=\"lazy\" decoding=\"async\" class=\"aligncenter size-full wp-image-5831\" src=\"http:\/\/lacomponella.com\/WordPress3\/wp-content\/uploads\/2019\/06\/49841043_2212845048776493_612083868186443776_n.jpg\" alt=\"\" width=\"768\" height=\"960\" srcset=\"https:\/\/lacomponella.com\/WordPress3\/wp-content\/uploads\/2019\/06\/49841043_2212845048776493_612083868186443776_n.jpg 768w, https:\/\/lacomponella.com\/WordPress3\/wp-content\/uploads\/2019\/06\/49841043_2212845048776493_612083868186443776_n-240x300.jpg 240w\" sizes=\"(max-width: 768px) 100vw, 768px\" \/> <img loading=\"lazy\" decoding=\"async\" class=\"aligncenter size-full wp-image-5832\" src=\"http:\/\/lacomponella.com\/WordPress3\/wp-content\/uploads\/2019\/06\/49898258_2212844718776526_6025615322722074624_n.jpg\" alt=\"\" width=\"759\" height=\"960\" srcset=\"https:\/\/lacomponella.com\/WordPress3\/wp-content\/uploads\/2019\/06\/49898258_2212844718776526_6025615322722074624_n.jpg 759w, https:\/\/lacomponella.com\/WordPress3\/wp-content\/uploads\/2019\/06\/49898258_2212844718776526_6025615322722074624_n-237x300.jpg 237w\" sizes=\"(max-width: 759px) 100vw, 759px\" \/><\/p>\n","protected":false},"excerpt":{"rendered":"<p>9 szczeni\u0105t, ur.24.08.2018 ojciec:JULIUS CAESAR des Terres de Brandon matka:GIANLUIGI BUFFON La Componella Pieski: BECKHAM &#8211; arlekin, mieszka we W\u0142oszech, w\u0142a\u015bcicielami jest ma\u0142\u017ce\u0144stwo \u017co\u0142nierzy Armii Stan\u00f3w Zjednoczonych stacjonuj\u0105cych we W\u0142oszech BRUTUS &#8211; czarny, mieszka w USA BORIS BECKER &#8211; czarny, mieszka w Niemczech BJORN BORG &#8211; czarny, mieszka w USA BOOMER &#8211; merle, mieszka w [&hellip;]<\/p>\n","protected":false},"author":1,"featured_media":0,"parent":0,"menu_order":0,"comment_status":"closed","ping_status":"closed","template":"","meta":{"footnotes":""},"class_list":["post-5828","page","type-page","status-publish","hentry"],"yoast_head":"<!-- This site is optimized with the Yoast SEO plugin v27.4 - https:\/\/yoast.com\/product\/yoast-seo-wordpress\/ -->\n<title>Miot B - 2018 - La Componella FCI<\/title>\n<meta name=\"robots\" content=\"index, follow, max-snippet:-1, max-image-preview:large, max-video-preview:-1\" \/>\n<link rel=\"canonical\" href=\"https:\/\/lacomponella.com\/WordPress3\/?page_id=5828\" \/>\n<meta property=\"og:locale\" content=\"pl_PL\" \/>\n<meta property=\"og:type\" content=\"article\" \/>\n<meta property=\"og:title\" content=\"Miot B - 2018 - La Componella FCI\" \/>\n<meta property=\"og:description\" content=\"9 szczeni\u0105t, ur.24.08.2018 ojciec:JULIUS CAESAR des Terres de Brandon matka:GIANLUIGI BUFFON La Componella Pieski: BECKHAM &#8211; arlekin, mieszka we W\u0142oszech, w\u0142a\u015bcicielami jest ma\u0142\u017ce\u0144stwo \u017co\u0142nierzy Armii Stan\u00f3w Zjednoczonych stacjonuj\u0105cych we W\u0142oszech BRUTUS &#8211; czarny, mieszka w USA BORIS BECKER &#8211; czarny, mieszka w Niemczech BJORN BORG &#8211; czarny, mieszka w USA BOOMER &#8211; merle, mieszka w [&hellip;]\" \/>\n<meta property=\"og:url\" content=\"https:\/\/lacomponella.com\/WordPress3\/?page_id=5828\" \/>\n<meta property=\"og:site_name\" content=\"La Componella FCI\" \/>\n<meta property=\"article:modified_time\" content=\"2019-06-22T20:37:05+00:00\" \/>\n<meta property=\"og:image\" content=\"https:\/\/lacomponella.com\/WordPress3\/wp-content\/uploads\/2019\/06\/45791245_328311911331490_7191362557452484608_n.jpg\" \/>\n\t<meta property=\"og:image:width\" content=\"2730\" \/>\n\t<meta property=\"og:image:height\" content=\"3640\" \/>\n\t<meta property=\"og:image:type\" content=\"image\/jpeg\" \/>\n<meta name=\"twitter:card\" content=\"summary_large_image\" \/>\n<script type=\"application\/ld+json\" class=\"yoast-schema-graph\">{\"@context\":\"https:\\\/\\\/schema.org\",\"@graph\":[{\"@type\":\"WebPage\",\"@id\":\"https:\\\/\\\/lacomponella.com\\\/WordPress3\\\/?page_id=5828\",\"url\":\"https:\\\/\\\/lacomponella.com\\\/WordPress3\\\/?page_id=5828\",\"name\":\"Miot B - 2018 - La Componella FCI\",\"isPartOf\":{\"@id\":\"https:\\\/\\\/lacomponella.com\\\/WordPress3\\\/#website\"},\"primaryImageOfPage\":{\"@id\":\"https:\\\/\\\/lacomponella.com\\\/WordPress3\\\/?page_id=5828#primaryimage\"},\"image\":{\"@id\":\"https:\\\/\\\/lacomponella.com\\\/WordPress3\\\/?page_id=5828#primaryimage\"},\"thumbnailUrl\":\"http:\\\/\\\/lacomponella.com\\\/WordPress3\\\/wp-content\\\/uploads\\\/2019\\\/06\\\/45791245_328311911331490_7191362557452484608_n.jpg\",\"datePublished\":\"2019-06-22T20:36:41+00:00\",\"dateModified\":\"2019-06-22T20:37:05+00:00\",\"breadcrumb\":{\"@id\":\"https:\\\/\\\/lacomponella.com\\\/WordPress3\\\/?page_id=5828#breadcrumb\"},\"inLanguage\":\"pl-PL\",\"potentialAction\":[{\"@type\":\"ReadAction\",\"target\":[\"https:\\\/\\\/lacomponella.com\\\/WordPress3\\\/?page_id=5828\"]}]},{\"@type\":\"ImageObject\",\"inLanguage\":\"pl-PL\",\"@id\":\"https:\\\/\\\/lacomponella.com\\\/WordPress3\\\/?page_id=5828#primaryimage\",\"url\":\"https:\\\/\\\/lacomponella.com\\\/WordPress3\\\/wp-content\\\/uploads\\\/2019\\\/06\\\/45791245_328311911331490_7191362557452484608_n.jpg\",\"contentUrl\":\"https:\\\/\\\/lacomponella.com\\\/WordPress3\\\/wp-content\\\/uploads\\\/2019\\\/06\\\/45791245_328311911331490_7191362557452484608_n.jpg\",\"width\":2730,\"height\":3640},{\"@type\":\"BreadcrumbList\",\"@id\":\"https:\\\/\\\/lacomponella.com\\\/WordPress3\\\/?page_id=5828#breadcrumb\",\"itemListElement\":[{\"@type\":\"ListItem\",\"position\":1,\"name\":\"Strona g\u0142\u00f3wna\",\"item\":\"https:\\\/\\\/lacomponella.com\\\/WordPress3\\\/?page_id=4991\"},{\"@type\":\"ListItem\",\"position\":2,\"name\":\"Miot B &#8211; 2018\"}]},{\"@type\":\"WebSite\",\"@id\":\"https:\\\/\\\/lacomponella.com\\\/WordPress3\\\/#website\",\"url\":\"https:\\\/\\\/lacomponella.com\\\/WordPress3\\\/\",\"name\":\"La Componella FCI\",\"description\":\"Hodowla Dog Niemiecki, Xolo i Owczarek Belgijski\",\"potentialAction\":[{\"@type\":\"SearchAction\",\"target\":{\"@type\":\"EntryPoint\",\"urlTemplate\":\"https:\\\/\\\/lacomponella.com\\\/WordPress3\\\/?s={search_term_string}\"},\"query-input\":{\"@type\":\"PropertyValueSpecification\",\"valueRequired\":true,\"valueName\":\"search_term_string\"}}],\"inLanguage\":\"pl-PL\"}]}<\/script>\n<!-- \/ Yoast SEO plugin. -->","yoast_head_json":{"title":"Miot B - 2018 - La Componella FCI","robots":{"index":"index","follow":"follow","max-snippet":"max-snippet:-1","max-image-preview":"max-image-preview:large","max-video-preview":"max-video-preview:-1"},"canonical":"https:\/\/lacomponella.com\/WordPress3\/?page_id=5828","og_locale":"pl_PL","og_type":"article","og_title":"Miot B - 2018 - La Componella FCI","og_description":"9 szczeni\u0105t, ur.24.08.2018 ojciec:JULIUS CAESAR des Terres de Brandon matka:GIANLUIGI BUFFON La Componella Pieski: BECKHAM &#8211; arlekin, mieszka we W\u0142oszech, w\u0142a\u015bcicielami jest ma\u0142\u017ce\u0144stwo \u017co\u0142nierzy Armii Stan\u00f3w Zjednoczonych stacjonuj\u0105cych we W\u0142oszech BRUTUS &#8211; czarny, mieszka w USA BORIS BECKER &#8211; czarny, mieszka w Niemczech BJORN BORG &#8211; czarny, mieszka w USA BOOMER &#8211; merle, mieszka w [&hellip;]","og_url":"https:\/\/lacomponella.com\/WordPress3\/?page_id=5828","og_site_name":"La Componella FCI","article_modified_time":"2019-06-22T20:37:05+00:00","og_image":[{"width":2730,"height":3640,"url":"https:\/\/lacomponella.com\/WordPress3\/wp-content\/uploads\/2019\/06\/45791245_328311911331490_7191362557452484608_n.jpg","type":"image\/jpeg"}],"twitter_card":"summary_large_image","schema":{"@context":"https:\/\/schema.org","@graph":[{"@type":"WebPage","@id":"https:\/\/lacomponella.com\/WordPress3\/?page_id=5828","url":"https:\/\/lacomponella.com\/WordPress3\/?page_id=5828","name":"Miot B - 2018 - La Componella FCI","isPartOf":{"@id":"https:\/\/lacomponella.com\/WordPress3\/#website"},"primaryImageOfPage":{"@id":"https:\/\/lacomponella.com\/WordPress3\/?page_id=5828#primaryimage"},"image":{"@id":"https:\/\/lacomponella.com\/WordPress3\/?page_id=5828#primaryimage"},"thumbnailUrl":"http:\/\/lacomponella.com\/WordPress3\/wp-content\/uploads\/2019\/06\/45791245_328311911331490_7191362557452484608_n.jpg","datePublished":"2019-06-22T20:36:41+00:00","dateModified":"2019-06-22T20:37:05+00:00","breadcrumb":{"@id":"https:\/\/lacomponella.com\/WordPress3\/?page_id=5828#breadcrumb"},"inLanguage":"pl-PL","potentialAction":[{"@type":"ReadAction","target":["https:\/\/lacomponella.com\/WordPress3\/?page_id=5828"]}]},{"@type":"ImageObject","inLanguage":"pl-PL","@id":"https:\/\/lacomponella.com\/WordPress3\/?page_id=5828#primaryimage","url":"https:\/\/lacomponella.com\/WordPress3\/wp-content\/uploads\/2019\/06\/45791245_328311911331490_7191362557452484608_n.jpg","contentUrl":"https:\/\/lacomponella.com\/WordPress3\/wp-content\/uploads\/2019\/06\/45791245_328311911331490_7191362557452484608_n.jpg","width":2730,"height":3640},{"@type":"BreadcrumbList","@id":"https:\/\/lacomponella.com\/WordPress3\/?page_id=5828#breadcrumb","itemListElement":[{"@type":"ListItem","position":1,"name":"Strona g\u0142\u00f3wna","item":"https:\/\/lacomponella.com\/WordPress3\/?page_id=4991"},{"@type":"ListItem","position":2,"name":"Miot B &#8211; 2018"}]},{"@type":"WebSite","@id":"https:\/\/lacomponella.com\/WordPress3\/#website","url":"https:\/\/lacomponella.com\/WordPress3\/","name":"La Componella FCI","description":"Hodowla Dog Niemiecki, Xolo i Owczarek Belgijski","potentialAction":[{"@type":"SearchAction","target":{"@type":"EntryPoint","urlTemplate":"https:\/\/lacomponella.com\/WordPress3\/?s={search_term_string}"},"query-input":{"@type":"PropertyValueSpecification","valueRequired":true,"valueName":"search_term_string"}}],"inLanguage":"pl-PL"}]}},"_links":{"self":[{"href":"https:\/\/lacomponella.com\/WordPress3\/index.php?rest_route=\/wp\/v2\/pages\/5828","targetHints":{"allow":["GET"]}}],"collection":[{"href":"https:\/\/lacomponella.com\/WordPress3\/index.php?rest_route=\/wp\/v2\/pages"}],"about":[{"href":"https:\/\/lacomponella.com\/WordPress3\/index.php?rest_route=\/wp\/v2\/types\/page"}],"author":[{"embeddable":true,"href":"https:\/\/lacomponella.com\/WordPress3\/index.php?rest_route=\/wp\/v2\/users\/1"}],"replies":[{"embeddable":true,"href":"https:\/\/lacomponella.com\/WordPress3\/index.php?rest_route=%2Fwp%2Fv2%2Fcomments&post=5828"}],"version-history":[{"count":2,"href":"https:\/\/lacomponella.com\/WordPress3\/index.php?rest_route=\/wp\/v2\/pages\/5828\/revisions"}],"predecessor-version":[{"id":5841,"href":"https:\/\/lacomponella.com\/WordPress3\/index.php?rest_route=\/wp\/v2\/pages\/5828\/revisions\/5841"}],"wp:attachment":[{"href":"https:\/\/lacomponella.com\/WordPress3\/index.php?rest_route=%2Fwp%2Fv2%2Fmedia&parent=5828"}],"curies":[{"name":"wp","href":"https:\/\/api.w.org\/{rel}","templated":true}]}}