{"id":5979,"date":"2019-07-06T16:55:55","date_gmt":"2019-07-06T16:55:55","guid":{"rendered":"http:\/\/lacomponella.com\/WordPress3\/?page_id=5979"},"modified":"2021-05-16T14:48:23","modified_gmt":"2021-05-16T14:48:23","slug":"miot-g-2018","status":"publish","type":"page","link":"https:\/\/lacomponella.com\/WordPress3\/?page_id=5979","title":{"rendered":"Miot G &#8211; 2018"},"content":{"rendered":"<p>Rodzice: JULIUS CAESAR des Terres de Brandon x\u00a0MICKEY-N Della Zaida Nera<\/p>\n<p>5 czarnych szczeni\u0105t ur.06.11.2018.<br \/>\nPieski:<br \/>\nGERARD &#8211; mieszka we W\u0142oszech, w wystawowych r\u0119kach<br \/>\n<img fetchpriority=\"high\" decoding=\"async\" class=\"aligncenter size-full wp-image-5980\" src=\"http:\/\/lacomponella.com\/WordPress3\/wp-content\/uploads\/2019\/07\/Gerard-wlochy.jpg\" alt=\"\" width=\"1050\" height=\"1400\" srcset=\"https:\/\/lacomponella.com\/WordPress3\/wp-content\/uploads\/2019\/07\/Gerard-wlochy.jpg 1050w, https:\/\/lacomponella.com\/WordPress3\/wp-content\/uploads\/2019\/07\/Gerard-wlochy-225x300.jpg 225w, https:\/\/lacomponella.com\/WordPress3\/wp-content\/uploads\/2019\/07\/Gerard-wlochy-768x1024.jpg 768w\" sizes=\"(max-width: 1050px) 100vw, 1050px\" \/><br \/>\nGASCOIGNE &#8211; mieszka w USA<br \/>\n<img decoding=\"async\" class=\"aligncenter size-full wp-image-5981\" src=\"http:\/\/lacomponella.com\/WordPress3\/wp-content\/uploads\/2019\/07\/Gascoigne-usa.jpg\" alt=\"\" width=\"1536\" height=\"2048\" srcset=\"https:\/\/lacomponella.com\/WordPress3\/wp-content\/uploads\/2019\/07\/Gascoigne-usa.jpg 1536w, https:\/\/lacomponella.com\/WordPress3\/wp-content\/uploads\/2019\/07\/Gascoigne-usa-225x300.jpg 225w, https:\/\/lacomponella.com\/WordPress3\/wp-content\/uploads\/2019\/07\/Gascoigne-usa-768x1024.jpg 768w\" sizes=\"(max-width: 1536px) 100vw, 1536px\" \/><br \/>\nSuczki:<br \/>\nGOMEZ &#8211; mieszka w USA, w hodowli<br \/>\n<img decoding=\"async\" class=\"aligncenter size-full wp-image-5982\" src=\"http:\/\/lacomponella.com\/WordPress3\/wp-content\/uploads\/2019\/07\/53796684_436770896863996_6499080225236713472_n.jpg\" alt=\"\" width=\"2730\" height=\"3640\" srcset=\"https:\/\/lacomponella.com\/WordPress3\/wp-content\/uploads\/2019\/07\/53796684_436770896863996_6499080225236713472_n.jpg 2730w, https:\/\/lacomponella.com\/WordPress3\/wp-content\/uploads\/2019\/07\/53796684_436770896863996_6499080225236713472_n-225x300.jpg 225w, https:\/\/lacomponella.com\/WordPress3\/wp-content\/uploads\/2019\/07\/53796684_436770896863996_6499080225236713472_n-768x1024.jpg 768w\" sizes=\"(max-width: 2730px) 100vw, 2730px\" \/> <img loading=\"lazy\" decoding=\"async\" class=\"aligncenter size-full wp-image-5983\" src=\"http:\/\/lacomponella.com\/WordPress3\/wp-content\/uploads\/2019\/07\/58779025_417522835742418_8504320874290085888_n.jpg\" alt=\"\" width=\"3640\" height=\"2730\" srcset=\"https:\/\/lacomponella.com\/WordPress3\/wp-content\/uploads\/2019\/07\/58779025_417522835742418_8504320874290085888_n.jpg 3640w, https:\/\/lacomponella.com\/WordPress3\/wp-content\/uploads\/2019\/07\/58779025_417522835742418_8504320874290085888_n-300x225.jpg 300w, https:\/\/lacomponella.com\/WordPress3\/wp-content\/uploads\/2019\/07\/58779025_417522835742418_8504320874290085888_n-768x576.jpg 768w, https:\/\/lacomponella.com\/WordPress3\/wp-content\/uploads\/2019\/07\/58779025_417522835742418_8504320874290085888_n-1024x768.jpg 1024w\" sizes=\"(max-width: 3640px) 100vw, 3640px\" \/><br \/>\nGATTUSO- zosta\u0142a w hodowli, mieszka ze wsp\u00f3\u0142w\u0142a\u015bcicielk\u0105<br \/>\n<img loading=\"lazy\" decoding=\"async\" class=\"aligncenter size-full wp-image-5984\" src=\"http:\/\/lacomponella.com\/WordPress3\/wp-content\/uploads\/2019\/07\/Gattuso.jpg\" alt=\"\" width=\"1533\" height=\"2048\" srcset=\"https:\/\/lacomponella.com\/WordPress3\/wp-content\/uploads\/2019\/07\/Gattuso.jpg 1533w, https:\/\/lacomponella.com\/WordPress3\/wp-content\/uploads\/2019\/07\/Gattuso-225x300.jpg 225w, https:\/\/lacomponella.com\/WordPress3\/wp-content\/uploads\/2019\/07\/Gattuso-768x1026.jpg 768w, https:\/\/lacomponella.com\/WordPress3\/wp-content\/uploads\/2019\/07\/Gattuso-767x1024.jpg 767w\" sizes=\"(max-width: 1533px) 100vw, 1533px\" \/><br \/>\nGUARDIOLA &#8211; mieszka w UK, w wystawowych r\u0119kach<br \/>\n<img loading=\"lazy\" decoding=\"async\" class=\"aligncenter size-full wp-image-5985\" src=\"http:\/\/lacomponella.com\/WordPress3\/wp-content\/uploads\/2019\/07\/54521419_2317396164988047_2447508786030575616_n.jpg\" alt=\"\" width=\"681\" height=\"960\" srcset=\"https:\/\/lacomponella.com\/WordPress3\/wp-content\/uploads\/2019\/07\/54521419_2317396164988047_2447508786030575616_n.jpg 681w, https:\/\/lacomponella.com\/WordPress3\/wp-content\/uploads\/2019\/07\/54521419_2317396164988047_2447508786030575616_n-213x300.jpg 213w\" sizes=\"(max-width: 681px) 100vw, 681px\" \/> <img loading=\"lazy\" decoding=\"async\" class=\"aligncenter size-full wp-image-5986\" src=\"http:\/\/lacomponella.com\/WordPress3\/wp-content\/uploads\/2019\/07\/55619256_2317398734987790_3081707840256081920_n.jpg\" alt=\"\" width=\"960\" height=\"800\" srcset=\"https:\/\/lacomponella.com\/WordPress3\/wp-content\/uploads\/2019\/07\/55619256_2317398734987790_3081707840256081920_n.jpg 960w, https:\/\/lacomponella.com\/WordPress3\/wp-content\/uploads\/2019\/07\/55619256_2317398734987790_3081707840256081920_n-300x250.jpg 300w, https:\/\/lacomponella.com\/WordPress3\/wp-content\/uploads\/2019\/07\/55619256_2317398734987790_3081707840256081920_n-768x640.jpg 768w\" sizes=\"(max-width: 960px) 100vw, 960px\" \/> <img loading=\"lazy\" decoding=\"async\" class=\"aligncenter size-full wp-image-5987\" src=\"http:\/\/lacomponella.com\/WordPress3\/wp-content\/uploads\/2019\/07\/56393129_2337130439681286_7537483857189142528_n.jpg\" alt=\"\" width=\"946\" height=\"960\" srcset=\"https:\/\/lacomponella.com\/WordPress3\/wp-content\/uploads\/2019\/07\/56393129_2337130439681286_7537483857189142528_n.jpg 946w, https:\/\/lacomponella.com\/WordPress3\/wp-content\/uploads\/2019\/07\/56393129_2337130439681286_7537483857189142528_n-296x300.jpg 296w, https:\/\/lacomponella.com\/WordPress3\/wp-content\/uploads\/2019\/07\/56393129_2337130439681286_7537483857189142528_n-768x779.jpg 768w\" sizes=\"(max-width: 946px) 100vw, 946px\" \/> <img loading=\"lazy\" decoding=\"async\" class=\"aligncenter size-full wp-image-5988\" src=\"http:\/\/lacomponella.com\/WordPress3\/wp-content\/uploads\/2019\/07\/56584280_2337130333014630_2563365022034034688_n.jpg\" alt=\"\" width=\"880\" height=\"727\" srcset=\"https:\/\/lacomponella.com\/WordPress3\/wp-content\/uploads\/2019\/07\/56584280_2337130333014630_2563365022034034688_n.jpg 880w, https:\/\/lacomponella.com\/WordPress3\/wp-content\/uploads\/2019\/07\/56584280_2337130333014630_2563365022034034688_n-300x248.jpg 300w, https:\/\/lacomponella.com\/WordPress3\/wp-content\/uploads\/2019\/07\/56584280_2337130333014630_2563365022034034688_n-768x634.jpg 768w\" sizes=\"(max-width: 880px) 100vw, 880px\" \/><\/p>\n","protected":false},"excerpt":{"rendered":"<p>Rodzice: JULIUS CAESAR des Terres de Brandon x\u00a0MICKEY-N Della Zaida Nera 5 czarnych szczeni\u0105t ur.06.11.2018. Pieski: GERARD &#8211; mieszka we W\u0142oszech, w wystawowych r\u0119kach GASCOIGNE &#8211; mieszka w USA Suczki: GOMEZ &#8211; mieszka w USA, w hodowli GATTUSO- zosta\u0142a w hodowli, mieszka ze wsp\u00f3\u0142w\u0142a\u015bcicielk\u0105 GUARDIOLA &#8211; mieszka w UK, w wystawowych r\u0119kach<\/p>\n","protected":false},"author":1,"featured_media":0,"parent":0,"menu_order":0,"comment_status":"closed","ping_status":"closed","template":"","meta":{"footnotes":""},"class_list":["post-5979","page","type-page","status-publish","hentry"],"yoast_head":"<!-- This site is optimized with the Yoast SEO plugin v27.4 - https:\/\/yoast.com\/product\/yoast-seo-wordpress\/ -->\n<title>Miot G - 2018 - La Componella FCI<\/title>\n<meta name=\"robots\" content=\"index, follow, max-snippet:-1, max-image-preview:large, max-video-preview:-1\" \/>\n<link rel=\"canonical\" href=\"https:\/\/lacomponella.com\/WordPress3\/?page_id=5979\" \/>\n<meta property=\"og:locale\" content=\"pl_PL\" \/>\n<meta property=\"og:type\" content=\"article\" \/>\n<meta property=\"og:title\" content=\"Miot G - 2018 - La Componella FCI\" \/>\n<meta property=\"og:description\" content=\"Rodzice: JULIUS CAESAR des Terres de Brandon x\u00a0MICKEY-N Della Zaida Nera 5 czarnych szczeni\u0105t ur.06.11.2018. Pieski: GERARD &#8211; mieszka we W\u0142oszech, w wystawowych r\u0119kach GASCOIGNE &#8211; mieszka w USA Suczki: GOMEZ &#8211; mieszka w USA, w hodowli GATTUSO- zosta\u0142a w hodowli, mieszka ze wsp\u00f3\u0142w\u0142a\u015bcicielk\u0105 GUARDIOLA &#8211; mieszka w UK, w wystawowych r\u0119kach\" \/>\n<meta property=\"og:url\" content=\"https:\/\/lacomponella.com\/WordPress3\/?page_id=5979\" \/>\n<meta property=\"og:site_name\" content=\"La Componella FCI\" \/>\n<meta property=\"article:modified_time\" content=\"2021-05-16T14:48:23+00:00\" \/>\n<meta property=\"og:image\" content=\"https:\/\/lacomponella.com\/WordPress3\/wp-content\/uploads\/2019\/07\/Gerard-wlochy.jpg\" \/>\n\t<meta property=\"og:image:width\" content=\"1050\" \/>\n\t<meta property=\"og:image:height\" content=\"1400\" \/>\n\t<meta property=\"og:image:type\" content=\"image\/jpeg\" \/>\n<meta name=\"twitter:card\" content=\"summary_large_image\" \/>\n<script type=\"application\/ld+json\" class=\"yoast-schema-graph\">{\"@context\":\"https:\\\/\\\/schema.org\",\"@graph\":[{\"@type\":\"WebPage\",\"@id\":\"https:\\\/\\\/lacomponella.com\\\/WordPress3\\\/?page_id=5979\",\"url\":\"https:\\\/\\\/lacomponella.com\\\/WordPress3\\\/?page_id=5979\",\"name\":\"Miot G - 2018 - La Componella FCI\",\"isPartOf\":{\"@id\":\"https:\\\/\\\/lacomponella.com\\\/WordPress3\\\/#website\"},\"primaryImageOfPage\":{\"@id\":\"https:\\\/\\\/lacomponella.com\\\/WordPress3\\\/?page_id=5979#primaryimage\"},\"image\":{\"@id\":\"https:\\\/\\\/lacomponella.com\\\/WordPress3\\\/?page_id=5979#primaryimage\"},\"thumbnailUrl\":\"http:\\\/\\\/lacomponella.com\\\/WordPress3\\\/wp-content\\\/uploads\\\/2019\\\/07\\\/Gerard-wlochy.jpg\",\"datePublished\":\"2019-07-06T16:55:55+00:00\",\"dateModified\":\"2021-05-16T14:48:23+00:00\",\"breadcrumb\":{\"@id\":\"https:\\\/\\\/lacomponella.com\\\/WordPress3\\\/?page_id=5979#breadcrumb\"},\"inLanguage\":\"pl-PL\",\"potentialAction\":[{\"@type\":\"ReadAction\",\"target\":[\"https:\\\/\\\/lacomponella.com\\\/WordPress3\\\/?page_id=5979\"]}]},{\"@type\":\"ImageObject\",\"inLanguage\":\"pl-PL\",\"@id\":\"https:\\\/\\\/lacomponella.com\\\/WordPress3\\\/?page_id=5979#primaryimage\",\"url\":\"https:\\\/\\\/lacomponella.com\\\/WordPress3\\\/wp-content\\\/uploads\\\/2019\\\/07\\\/Gerard-wlochy.jpg\",\"contentUrl\":\"https:\\\/\\\/lacomponella.com\\\/WordPress3\\\/wp-content\\\/uploads\\\/2019\\\/07\\\/Gerard-wlochy.jpg\",\"width\":1050,\"height\":1400},{\"@type\":\"BreadcrumbList\",\"@id\":\"https:\\\/\\\/lacomponella.com\\\/WordPress3\\\/?page_id=5979#breadcrumb\",\"itemListElement\":[{\"@type\":\"ListItem\",\"position\":1,\"name\":\"Strona g\u0142\u00f3wna\",\"item\":\"https:\\\/\\\/lacomponella.com\\\/WordPress3\\\/?page_id=4991\"},{\"@type\":\"ListItem\",\"position\":2,\"name\":\"Miot G &#8211; 2018\"}]},{\"@type\":\"WebSite\",\"@id\":\"https:\\\/\\\/lacomponella.com\\\/WordPress3\\\/#website\",\"url\":\"https:\\\/\\\/lacomponella.com\\\/WordPress3\\\/\",\"name\":\"La Componella FCI\",\"description\":\"Hodowla Dog Niemiecki, Xolo i Owczarek Belgijski\",\"potentialAction\":[{\"@type\":\"SearchAction\",\"target\":{\"@type\":\"EntryPoint\",\"urlTemplate\":\"https:\\\/\\\/lacomponella.com\\\/WordPress3\\\/?s={search_term_string}\"},\"query-input\":{\"@type\":\"PropertyValueSpecification\",\"valueRequired\":true,\"valueName\":\"search_term_string\"}}],\"inLanguage\":\"pl-PL\"}]}<\/script>\n<!-- \/ Yoast SEO plugin. -->","yoast_head_json":{"title":"Miot G - 2018 - La Componella FCI","robots":{"index":"index","follow":"follow","max-snippet":"max-snippet:-1","max-image-preview":"max-image-preview:large","max-video-preview":"max-video-preview:-1"},"canonical":"https:\/\/lacomponella.com\/WordPress3\/?page_id=5979","og_locale":"pl_PL","og_type":"article","og_title":"Miot G - 2018 - La Componella FCI","og_description":"Rodzice: JULIUS CAESAR des Terres de Brandon x\u00a0MICKEY-N Della Zaida Nera 5 czarnych szczeni\u0105t ur.06.11.2018. Pieski: GERARD &#8211; mieszka we W\u0142oszech, w wystawowych r\u0119kach GASCOIGNE &#8211; mieszka w USA Suczki: GOMEZ &#8211; mieszka w USA, w hodowli GATTUSO- zosta\u0142a w hodowli, mieszka ze wsp\u00f3\u0142w\u0142a\u015bcicielk\u0105 GUARDIOLA &#8211; mieszka w UK, w wystawowych r\u0119kach","og_url":"https:\/\/lacomponella.com\/WordPress3\/?page_id=5979","og_site_name":"La Componella FCI","article_modified_time":"2021-05-16T14:48:23+00:00","og_image":[{"width":1050,"height":1400,"url":"https:\/\/lacomponella.com\/WordPress3\/wp-content\/uploads\/2019\/07\/Gerard-wlochy.jpg","type":"image\/jpeg"}],"twitter_card":"summary_large_image","schema":{"@context":"https:\/\/schema.org","@graph":[{"@type":"WebPage","@id":"https:\/\/lacomponella.com\/WordPress3\/?page_id=5979","url":"https:\/\/lacomponella.com\/WordPress3\/?page_id=5979","name":"Miot G - 2018 - La Componella FCI","isPartOf":{"@id":"https:\/\/lacomponella.com\/WordPress3\/#website"},"primaryImageOfPage":{"@id":"https:\/\/lacomponella.com\/WordPress3\/?page_id=5979#primaryimage"},"image":{"@id":"https:\/\/lacomponella.com\/WordPress3\/?page_id=5979#primaryimage"},"thumbnailUrl":"http:\/\/lacomponella.com\/WordPress3\/wp-content\/uploads\/2019\/07\/Gerard-wlochy.jpg","datePublished":"2019-07-06T16:55:55+00:00","dateModified":"2021-05-16T14:48:23+00:00","breadcrumb":{"@id":"https:\/\/lacomponella.com\/WordPress3\/?page_id=5979#breadcrumb"},"inLanguage":"pl-PL","potentialAction":[{"@type":"ReadAction","target":["https:\/\/lacomponella.com\/WordPress3\/?page_id=5979"]}]},{"@type":"ImageObject","inLanguage":"pl-PL","@id":"https:\/\/lacomponella.com\/WordPress3\/?page_id=5979#primaryimage","url":"https:\/\/lacomponella.com\/WordPress3\/wp-content\/uploads\/2019\/07\/Gerard-wlochy.jpg","contentUrl":"https:\/\/lacomponella.com\/WordPress3\/wp-content\/uploads\/2019\/07\/Gerard-wlochy.jpg","width":1050,"height":1400},{"@type":"BreadcrumbList","@id":"https:\/\/lacomponella.com\/WordPress3\/?page_id=5979#breadcrumb","itemListElement":[{"@type":"ListItem","position":1,"name":"Strona g\u0142\u00f3wna","item":"https:\/\/lacomponella.com\/WordPress3\/?page_id=4991"},{"@type":"ListItem","position":2,"name":"Miot G &#8211; 2018"}]},{"@type":"WebSite","@id":"https:\/\/lacomponella.com\/WordPress3\/#website","url":"https:\/\/lacomponella.com\/WordPress3\/","name":"La Componella FCI","description":"Hodowla Dog Niemiecki, Xolo i Owczarek Belgijski","potentialAction":[{"@type":"SearchAction","target":{"@type":"EntryPoint","urlTemplate":"https:\/\/lacomponella.com\/WordPress3\/?s={search_term_string}"},"query-input":{"@type":"PropertyValueSpecification","valueRequired":true,"valueName":"search_term_string"}}],"inLanguage":"pl-PL"}]}},"_links":{"self":[{"href":"https:\/\/lacomponella.com\/WordPress3\/index.php?rest_route=\/wp\/v2\/pages\/5979","targetHints":{"allow":["GET"]}}],"collection":[{"href":"https:\/\/lacomponella.com\/WordPress3\/index.php?rest_route=\/wp\/v2\/pages"}],"about":[{"href":"https:\/\/lacomponella.com\/WordPress3\/index.php?rest_route=\/wp\/v2\/types\/page"}],"author":[{"embeddable":true,"href":"https:\/\/lacomponella.com\/WordPress3\/index.php?rest_route=\/wp\/v2\/users\/1"}],"replies":[{"embeddable":true,"href":"https:\/\/lacomponella.com\/WordPress3\/index.php?rest_route=%2Fwp%2Fv2%2Fcomments&post=5979"}],"version-history":[{"count":3,"href":"https:\/\/lacomponella.com\/WordPress3\/index.php?rest_route=\/wp\/v2\/pages\/5979\/revisions"}],"predecessor-version":[{"id":8525,"href":"https:\/\/lacomponella.com\/WordPress3\/index.php?rest_route=\/wp\/v2\/pages\/5979\/revisions\/8525"}],"wp:attachment":[{"href":"https:\/\/lacomponella.com\/WordPress3\/index.php?rest_route=%2Fwp%2Fv2%2Fmedia&parent=5979"}],"curies":[{"name":"wp","href":"https:\/\/api.w.org\/{rel}","templated":true}]}}