{"id":6129,"date":"2019-07-22T20:01:57","date_gmt":"2019-07-22T20:01:57","guid":{"rendered":"http:\/\/lacomponella.com\/WordPress3\/?page_id=6129"},"modified":"2020-03-14T19:27:45","modified_gmt":"2020-03-14T19:27:45","slug":"miot-n-2019","status":"publish","type":"page","link":"https:\/\/lacomponella.com\/WordPress3\/?page_id=6129","title":{"rendered":"Miot N &#8211; 2019"},"content":{"rendered":"<h5>Ojciec: JACOH de Korrantoh<br \/>\nMatka: FURAHA Naglis<\/h5>\n<p>6 szczeni\u0105t, ur.15.06.2019<\/p>\n<h5 style=\"text-align: center;\"><span style=\"color: #800000;\">1.piesek nagi czekoladowy- NADAL<br \/>\n<img fetchpriority=\"high\" decoding=\"async\" class=\"aligncenter size-full wp-image-5894\" src=\"http:\/\/lacomponella.com\/WordPress3\/wp-content\/uploads\/2019\/07\/64733879_927073267623759_1164637698648965120_n.jpg\" alt=\"\" width=\"2048\" height=\"1536\" srcset=\"https:\/\/lacomponella.com\/WordPress3\/wp-content\/uploads\/2019\/07\/64733879_927073267623759_1164637698648965120_n.jpg 2048w, https:\/\/lacomponella.com\/WordPress3\/wp-content\/uploads\/2019\/07\/64733879_927073267623759_1164637698648965120_n-300x225.jpg 300w, https:\/\/lacomponella.com\/WordPress3\/wp-content\/uploads\/2019\/07\/64733879_927073267623759_1164637698648965120_n-768x576.jpg 768w, https:\/\/lacomponella.com\/WordPress3\/wp-content\/uploads\/2019\/07\/64733879_927073267623759_1164637698648965120_n-1024x768.jpg 1024w\" sizes=\"(max-width: 2048px) 100vw, 2048px\" \/> <img decoding=\"async\" class=\"aligncenter size-full wp-image-5895\" src=\"http:\/\/lacomponella.com\/WordPress3\/wp-content\/uploads\/2019\/07\/64874149_1084280241780342_7087581682131271680_n.jpg\" alt=\"\" width=\"2048\" height=\"1536\" srcset=\"https:\/\/lacomponella.com\/WordPress3\/wp-content\/uploads\/2019\/07\/64874149_1084280241780342_7087581682131271680_n.jpg 2048w, https:\/\/lacomponella.com\/WordPress3\/wp-content\/uploads\/2019\/07\/64874149_1084280241780342_7087581682131271680_n-300x225.jpg 300w, https:\/\/lacomponella.com\/WordPress3\/wp-content\/uploads\/2019\/07\/64874149_1084280241780342_7087581682131271680_n-768x576.jpg 768w, https:\/\/lacomponella.com\/WordPress3\/wp-content\/uploads\/2019\/07\/64874149_1084280241780342_7087581682131271680_n-1024x768.jpg 1024w\" sizes=\"(max-width: 2048px) 100vw, 2048px\" \/><br \/>\n2.suczka naga czarna &#8211; NEMEZIS<br \/>\n<img decoding=\"async\" class=\"aligncenter size-full wp-image-5906\" src=\"http:\/\/lacomponella.com\/WordPress3\/wp-content\/uploads\/2019\/07\/64637750_628583667627330_7007506445008633856_n.jpg\" alt=\"\" width=\"2048\" height=\"1536\" srcset=\"https:\/\/lacomponella.com\/WordPress3\/wp-content\/uploads\/2019\/07\/64637750_628583667627330_7007506445008633856_n.jpg 2048w, https:\/\/lacomponella.com\/WordPress3\/wp-content\/uploads\/2019\/07\/64637750_628583667627330_7007506445008633856_n-300x225.jpg 300w, https:\/\/lacomponella.com\/WordPress3\/wp-content\/uploads\/2019\/07\/64637750_628583667627330_7007506445008633856_n-768x576.jpg 768w, https:\/\/lacomponella.com\/WordPress3\/wp-content\/uploads\/2019\/07\/64637750_628583667627330_7007506445008633856_n-1024x768.jpg 1024w\" sizes=\"(max-width: 2048px) 100vw, 2048px\" \/><img loading=\"lazy\" decoding=\"async\" class=\"aligncenter size-full wp-image-5905\" src=\"http:\/\/lacomponella.com\/WordPress3\/wp-content\/uploads\/2019\/07\/64465646_486030438604673_6979795294540005376_n.jpg\" alt=\"\" width=\"2048\" height=\"1536\" srcset=\"https:\/\/lacomponella.com\/WordPress3\/wp-content\/uploads\/2019\/07\/64465646_486030438604673_6979795294540005376_n.jpg 2048w, https:\/\/lacomponella.com\/WordPress3\/wp-content\/uploads\/2019\/07\/64465646_486030438604673_6979795294540005376_n-300x225.jpg 300w, https:\/\/lacomponella.com\/WordPress3\/wp-content\/uploads\/2019\/07\/64465646_486030438604673_6979795294540005376_n-768x576.jpg 768w, https:\/\/lacomponella.com\/WordPress3\/wp-content\/uploads\/2019\/07\/64465646_486030438604673_6979795294540005376_n-1024x768.jpg 1024w\" sizes=\"(max-width: 2048px) 100vw, 2048px\" \/><br \/>\n3.suczka ow\u0142osiona bia\u0142o-br\u0105zowa- NELLY\u00a0<\/span><\/h5>\n<p><img loading=\"lazy\" decoding=\"async\" class=\"aligncenter size-full wp-image-5911\" src=\"http:\/\/lacomponella.com\/WordPress3\/wp-content\/uploads\/2019\/07\/64883352_1314438535389762_1317230005410856960_n.jpg\" alt=\"\" width=\"2048\" height=\"1536\" srcset=\"https:\/\/lacomponella.com\/WordPress3\/wp-content\/uploads\/2019\/07\/64883352_1314438535389762_1317230005410856960_n.jpg 2048w, https:\/\/lacomponella.com\/WordPress3\/wp-content\/uploads\/2019\/07\/64883352_1314438535389762_1317230005410856960_n-300x225.jpg 300w, https:\/\/lacomponella.com\/WordPress3\/wp-content\/uploads\/2019\/07\/64883352_1314438535389762_1317230005410856960_n-768x576.jpg 768w, https:\/\/lacomponella.com\/WordPress3\/wp-content\/uploads\/2019\/07\/64883352_1314438535389762_1317230005410856960_n-1024x768.jpg 1024w\" sizes=\"(max-width: 2048px) 100vw, 2048px\" \/> <img loading=\"lazy\" decoding=\"async\" class=\"aligncenter size-full wp-image-5912\" src=\"http:\/\/lacomponella.com\/WordPress3\/wp-content\/uploads\/2019\/07\/64927717_460935561149578_7798713762520760320_n.jpg\" alt=\"\" width=\"2048\" height=\"1536\" srcset=\"https:\/\/lacomponella.com\/WordPress3\/wp-content\/uploads\/2019\/07\/64927717_460935561149578_7798713762520760320_n.jpg 2048w, https:\/\/lacomponella.com\/WordPress3\/wp-content\/uploads\/2019\/07\/64927717_460935561149578_7798713762520760320_n-300x225.jpg 300w, https:\/\/lacomponella.com\/WordPress3\/wp-content\/uploads\/2019\/07\/64927717_460935561149578_7798713762520760320_n-768x576.jpg 768w, https:\/\/lacomponella.com\/WordPress3\/wp-content\/uploads\/2019\/07\/64927717_460935561149578_7798713762520760320_n-1024x768.jpg 1024w\" sizes=\"(max-width: 2048px) 100vw, 2048px\" \/><\/p>\n<h5 style=\"text-align: center;\"><span style=\"color: #993300;\"><strong>4.piesek ow\u0142osiony czarny &#8211; NESTA\u00a0<\/strong><\/span><br \/>\n<img loading=\"lazy\" decoding=\"async\" class=\"aligncenter size-full wp-image-5913\" src=\"http:\/\/lacomponella.com\/WordPress3\/wp-content\/uploads\/2019\/07\/64702820_2320857644819591_5970083036262301696_n.jpg\" alt=\"\" width=\"2048\" height=\"1536\" srcset=\"https:\/\/lacomponella.com\/WordPress3\/wp-content\/uploads\/2019\/07\/64702820_2320857644819591_5970083036262301696_n.jpg 2048w, https:\/\/lacomponella.com\/WordPress3\/wp-content\/uploads\/2019\/07\/64702820_2320857644819591_5970083036262301696_n-300x225.jpg 300w, https:\/\/lacomponella.com\/WordPress3\/wp-content\/uploads\/2019\/07\/64702820_2320857644819591_5970083036262301696_n-768x576.jpg 768w, https:\/\/lacomponella.com\/WordPress3\/wp-content\/uploads\/2019\/07\/64702820_2320857644819591_5970083036262301696_n-1024x768.jpg 1024w\" sizes=\"(max-width: 2048px) 100vw, 2048px\" \/> <img loading=\"lazy\" decoding=\"async\" class=\"aligncenter size-full wp-image-5914\" src=\"http:\/\/lacomponella.com\/WordPress3\/wp-content\/uploads\/2019\/07\/64963266_347513275913104_5852653227320803328_n.jpg\" alt=\"\" width=\"2048\" height=\"1536\" srcset=\"https:\/\/lacomponella.com\/WordPress3\/wp-content\/uploads\/2019\/07\/64963266_347513275913104_5852653227320803328_n.jpg 2048w, https:\/\/lacomponella.com\/WordPress3\/wp-content\/uploads\/2019\/07\/64963266_347513275913104_5852653227320803328_n-300x225.jpg 300w, https:\/\/lacomponella.com\/WordPress3\/wp-content\/uploads\/2019\/07\/64963266_347513275913104_5852653227320803328_n-768x576.jpg 768w, https:\/\/lacomponella.com\/WordPress3\/wp-content\/uploads\/2019\/07\/64963266_347513275913104_5852653227320803328_n-1024x768.jpg 1024w\" sizes=\"(max-width: 2048px) 100vw, 2048px\" \/><br \/>\n<span style=\"color: #993300;\"><strong>5.piesek ow\u0142osiony bia\u0142o-czarny &#8211; NEVILLE\u00a0<\/strong><\/span><br \/>\n<img loading=\"lazy\" decoding=\"async\" class=\"aligncenter size-full wp-image-5915\" src=\"http:\/\/lacomponella.com\/WordPress3\/wp-content\/uploads\/2019\/07\/64490242_415704539280154_800011158655336448_n.jpg\" alt=\"\" width=\"1536\" height=\"2048\" srcset=\"https:\/\/lacomponella.com\/WordPress3\/wp-content\/uploads\/2019\/07\/64490242_415704539280154_800011158655336448_n.jpg 1536w, https:\/\/lacomponella.com\/WordPress3\/wp-content\/uploads\/2019\/07\/64490242_415704539280154_800011158655336448_n-225x300.jpg 225w, https:\/\/lacomponella.com\/WordPress3\/wp-content\/uploads\/2019\/07\/64490242_415704539280154_800011158655336448_n-768x1024.jpg 768w\" sizes=\"(max-width: 1536px) 100vw, 1536px\" \/> <img loading=\"lazy\" decoding=\"async\" class=\"aligncenter size-full wp-image-5916\" src=\"http:\/\/lacomponella.com\/WordPress3\/wp-content\/uploads\/2019\/07\/64580038_2292451637671668_7677325312287309824_n.jpg\" alt=\"\" width=\"2048\" height=\"1536\" srcset=\"https:\/\/lacomponella.com\/WordPress3\/wp-content\/uploads\/2019\/07\/64580038_2292451637671668_7677325312287309824_n.jpg 2048w, https:\/\/lacomponella.com\/WordPress3\/wp-content\/uploads\/2019\/07\/64580038_2292451637671668_7677325312287309824_n-300x225.jpg 300w, https:\/\/lacomponella.com\/WordPress3\/wp-content\/uploads\/2019\/07\/64580038_2292451637671668_7677325312287309824_n-768x576.jpg 768w, https:\/\/lacomponella.com\/WordPress3\/wp-content\/uploads\/2019\/07\/64580038_2292451637671668_7677325312287309824_n-1024x768.jpg 1024w\" sizes=\"(max-width: 2048px) 100vw, 2048px\" \/><br \/>\n<strong><span style=\"color: #993300;\">6.piesek ow\u0142osiony czekoladowy &#8211; NISHIKORI<\/span><\/strong><br \/>\n<img loading=\"lazy\" decoding=\"async\" class=\"aligncenter size-full wp-image-5917\" src=\"http:\/\/lacomponella.com\/WordPress3\/wp-content\/uploads\/2019\/07\/64565187_456020381853426_6379293759149965312_n.jpg\" alt=\"\" width=\"2048\" height=\"1536\" srcset=\"https:\/\/lacomponella.com\/WordPress3\/wp-content\/uploads\/2019\/07\/64565187_456020381853426_6379293759149965312_n.jpg 2048w, https:\/\/lacomponella.com\/WordPress3\/wp-content\/uploads\/2019\/07\/64565187_456020381853426_6379293759149965312_n-300x225.jpg 300w, https:\/\/lacomponella.com\/WordPress3\/wp-content\/uploads\/2019\/07\/64565187_456020381853426_6379293759149965312_n-768x576.jpg 768w, https:\/\/lacomponella.com\/WordPress3\/wp-content\/uploads\/2019\/07\/64565187_456020381853426_6379293759149965312_n-1024x768.jpg 1024w\" sizes=\"(max-width: 2048px) 100vw, 2048px\" \/> <img loading=\"lazy\" decoding=\"async\" class=\"aligncenter size-full wp-image-5918\" src=\"http:\/\/lacomponella.com\/WordPress3\/wp-content\/uploads\/2019\/07\/64958709_196865567907089_507198181247811584_n.jpg\" alt=\"\" width=\"2048\" height=\"1536\" srcset=\"https:\/\/lacomponella.com\/WordPress3\/wp-content\/uploads\/2019\/07\/64958709_196865567907089_507198181247811584_n.jpg 2048w, https:\/\/lacomponella.com\/WordPress3\/wp-content\/uploads\/2019\/07\/64958709_196865567907089_507198181247811584_n-300x225.jpg 300w, https:\/\/lacomponella.com\/WordPress3\/wp-content\/uploads\/2019\/07\/64958709_196865567907089_507198181247811584_n-768x576.jpg 768w, https:\/\/lacomponella.com\/WordPress3\/wp-content\/uploads\/2019\/07\/64958709_196865567907089_507198181247811584_n-1024x768.jpg 1024w\" sizes=\"(max-width: 2048px) 100vw, 2048px\" \/><\/h5>\n<h4 style=\"text-align: center;\"><\/h4>\n","protected":false},"excerpt":{"rendered":"<p>Ojciec: JACOH de Korrantoh Matka: FURAHA Naglis 6 szczeni\u0105t, ur.15.06.2019 1.piesek nagi czekoladowy- NADAL 2.suczka naga czarna &#8211; NEMEZIS 3.suczka ow\u0142osiona bia\u0142o-br\u0105zowa- NELLY\u00a0 4.piesek ow\u0142osiony czarny &#8211; NESTA\u00a0 5.piesek ow\u0142osiony bia\u0142o-czarny &#8211; NEVILLE\u00a0 6.piesek ow\u0142osiony czekoladowy &#8211; NISHIKORI<\/p>\n","protected":false},"author":1,"featured_media":0,"parent":0,"menu_order":0,"comment_status":"closed","ping_status":"closed","template":"","meta":{"footnotes":""},"class_list":["post-6129","page","type-page","status-publish","hentry"],"yoast_head":"<!-- This site is optimized with the Yoast SEO plugin v27.4 - https:\/\/yoast.com\/product\/yoast-seo-wordpress\/ -->\n<title>Miot N - 2019 - La Componella FCI<\/title>\n<meta name=\"robots\" content=\"index, follow, max-snippet:-1, max-image-preview:large, max-video-preview:-1\" \/>\n<link rel=\"canonical\" href=\"https:\/\/lacomponella.com\/WordPress3\/?page_id=6129\" \/>\n<meta property=\"og:locale\" content=\"pl_PL\" \/>\n<meta property=\"og:type\" content=\"article\" \/>\n<meta property=\"og:title\" content=\"Miot N - 2019 - La Componella FCI\" \/>\n<meta property=\"og:description\" content=\"Ojciec: JACOH de Korrantoh Matka: FURAHA Naglis 6 szczeni\u0105t, ur.15.06.2019 1.piesek nagi czekoladowy- NADAL 2.suczka naga czarna &#8211; NEMEZIS 3.suczka ow\u0142osiona bia\u0142o-br\u0105zowa- NELLY\u00a0 4.piesek ow\u0142osiony czarny &#8211; NESTA\u00a0 5.piesek ow\u0142osiony bia\u0142o-czarny &#8211; NEVILLE\u00a0 6.piesek ow\u0142osiony czekoladowy &#8211; NISHIKORI\" \/>\n<meta property=\"og:url\" content=\"https:\/\/lacomponella.com\/WordPress3\/?page_id=6129\" \/>\n<meta property=\"og:site_name\" content=\"La Componella FCI\" \/>\n<meta property=\"article:modified_time\" content=\"2020-03-14T19:27:45+00:00\" \/>\n<meta property=\"og:image\" content=\"https:\/\/lacomponella.com\/WordPress3\/wp-content\/uploads\/2019\/07\/64733879_927073267623759_1164637698648965120_n.jpg\" \/>\n\t<meta property=\"og:image:width\" content=\"2048\" \/>\n\t<meta property=\"og:image:height\" content=\"1536\" \/>\n\t<meta property=\"og:image:type\" content=\"image\/jpeg\" \/>\n<meta name=\"twitter:card\" content=\"summary_large_image\" \/>\n<script type=\"application\/ld+json\" class=\"yoast-schema-graph\">{\"@context\":\"https:\\\/\\\/schema.org\",\"@graph\":[{\"@type\":\"WebPage\",\"@id\":\"https:\\\/\\\/lacomponella.com\\\/WordPress3\\\/?page_id=6129\",\"url\":\"https:\\\/\\\/lacomponella.com\\\/WordPress3\\\/?page_id=6129\",\"name\":\"Miot N - 2019 - La Componella FCI\",\"isPartOf\":{\"@id\":\"https:\\\/\\\/lacomponella.com\\\/WordPress3\\\/#website\"},\"primaryImageOfPage\":{\"@id\":\"https:\\\/\\\/lacomponella.com\\\/WordPress3\\\/?page_id=6129#primaryimage\"},\"image\":{\"@id\":\"https:\\\/\\\/lacomponella.com\\\/WordPress3\\\/?page_id=6129#primaryimage\"},\"thumbnailUrl\":\"http:\\\/\\\/lacomponella.com\\\/WordPress3\\\/wp-content\\\/uploads\\\/2019\\\/07\\\/64733879_927073267623759_1164637698648965120_n.jpg\",\"datePublished\":\"2019-07-22T20:01:57+00:00\",\"dateModified\":\"2020-03-14T19:27:45+00:00\",\"breadcrumb\":{\"@id\":\"https:\\\/\\\/lacomponella.com\\\/WordPress3\\\/?page_id=6129#breadcrumb\"},\"inLanguage\":\"pl-PL\",\"potentialAction\":[{\"@type\":\"ReadAction\",\"target\":[\"https:\\\/\\\/lacomponella.com\\\/WordPress3\\\/?page_id=6129\"]}]},{\"@type\":\"ImageObject\",\"inLanguage\":\"pl-PL\",\"@id\":\"https:\\\/\\\/lacomponella.com\\\/WordPress3\\\/?page_id=6129#primaryimage\",\"url\":\"https:\\\/\\\/lacomponella.com\\\/WordPress3\\\/wp-content\\\/uploads\\\/2019\\\/07\\\/64733879_927073267623759_1164637698648965120_n.jpg\",\"contentUrl\":\"https:\\\/\\\/lacomponella.com\\\/WordPress3\\\/wp-content\\\/uploads\\\/2019\\\/07\\\/64733879_927073267623759_1164637698648965120_n.jpg\",\"width\":2048,\"height\":1536},{\"@type\":\"BreadcrumbList\",\"@id\":\"https:\\\/\\\/lacomponella.com\\\/WordPress3\\\/?page_id=6129#breadcrumb\",\"itemListElement\":[{\"@type\":\"ListItem\",\"position\":1,\"name\":\"Strona g\u0142\u00f3wna\",\"item\":\"https:\\\/\\\/lacomponella.com\\\/WordPress3\\\/?page_id=4991\"},{\"@type\":\"ListItem\",\"position\":2,\"name\":\"Miot N &#8211; 2019\"}]},{\"@type\":\"WebSite\",\"@id\":\"https:\\\/\\\/lacomponella.com\\\/WordPress3\\\/#website\",\"url\":\"https:\\\/\\\/lacomponella.com\\\/WordPress3\\\/\",\"name\":\"La Componella FCI\",\"description\":\"Hodowla Dog Niemiecki, Xolo i Owczarek Belgijski\",\"potentialAction\":[{\"@type\":\"SearchAction\",\"target\":{\"@type\":\"EntryPoint\",\"urlTemplate\":\"https:\\\/\\\/lacomponella.com\\\/WordPress3\\\/?s={search_term_string}\"},\"query-input\":{\"@type\":\"PropertyValueSpecification\",\"valueRequired\":true,\"valueName\":\"search_term_string\"}}],\"inLanguage\":\"pl-PL\"}]}<\/script>\n<!-- \/ Yoast SEO plugin. -->","yoast_head_json":{"title":"Miot N - 2019 - La Componella FCI","robots":{"index":"index","follow":"follow","max-snippet":"max-snippet:-1","max-image-preview":"max-image-preview:large","max-video-preview":"max-video-preview:-1"},"canonical":"https:\/\/lacomponella.com\/WordPress3\/?page_id=6129","og_locale":"pl_PL","og_type":"article","og_title":"Miot N - 2019 - La Componella FCI","og_description":"Ojciec: JACOH de Korrantoh Matka: FURAHA Naglis 6 szczeni\u0105t, ur.15.06.2019 1.piesek nagi czekoladowy- NADAL 2.suczka naga czarna &#8211; NEMEZIS 3.suczka ow\u0142osiona bia\u0142o-br\u0105zowa- NELLY\u00a0 4.piesek ow\u0142osiony czarny &#8211; NESTA\u00a0 5.piesek ow\u0142osiony bia\u0142o-czarny &#8211; NEVILLE\u00a0 6.piesek ow\u0142osiony czekoladowy &#8211; NISHIKORI","og_url":"https:\/\/lacomponella.com\/WordPress3\/?page_id=6129","og_site_name":"La Componella FCI","article_modified_time":"2020-03-14T19:27:45+00:00","og_image":[{"width":2048,"height":1536,"url":"https:\/\/lacomponella.com\/WordPress3\/wp-content\/uploads\/2019\/07\/64733879_927073267623759_1164637698648965120_n.jpg","type":"image\/jpeg"}],"twitter_card":"summary_large_image","schema":{"@context":"https:\/\/schema.org","@graph":[{"@type":"WebPage","@id":"https:\/\/lacomponella.com\/WordPress3\/?page_id=6129","url":"https:\/\/lacomponella.com\/WordPress3\/?page_id=6129","name":"Miot N - 2019 - La Componella FCI","isPartOf":{"@id":"https:\/\/lacomponella.com\/WordPress3\/#website"},"primaryImageOfPage":{"@id":"https:\/\/lacomponella.com\/WordPress3\/?page_id=6129#primaryimage"},"image":{"@id":"https:\/\/lacomponella.com\/WordPress3\/?page_id=6129#primaryimage"},"thumbnailUrl":"http:\/\/lacomponella.com\/WordPress3\/wp-content\/uploads\/2019\/07\/64733879_927073267623759_1164637698648965120_n.jpg","datePublished":"2019-07-22T20:01:57+00:00","dateModified":"2020-03-14T19:27:45+00:00","breadcrumb":{"@id":"https:\/\/lacomponella.com\/WordPress3\/?page_id=6129#breadcrumb"},"inLanguage":"pl-PL","potentialAction":[{"@type":"ReadAction","target":["https:\/\/lacomponella.com\/WordPress3\/?page_id=6129"]}]},{"@type":"ImageObject","inLanguage":"pl-PL","@id":"https:\/\/lacomponella.com\/WordPress3\/?page_id=6129#primaryimage","url":"https:\/\/lacomponella.com\/WordPress3\/wp-content\/uploads\/2019\/07\/64733879_927073267623759_1164637698648965120_n.jpg","contentUrl":"https:\/\/lacomponella.com\/WordPress3\/wp-content\/uploads\/2019\/07\/64733879_927073267623759_1164637698648965120_n.jpg","width":2048,"height":1536},{"@type":"BreadcrumbList","@id":"https:\/\/lacomponella.com\/WordPress3\/?page_id=6129#breadcrumb","itemListElement":[{"@type":"ListItem","position":1,"name":"Strona g\u0142\u00f3wna","item":"https:\/\/lacomponella.com\/WordPress3\/?page_id=4991"},{"@type":"ListItem","position":2,"name":"Miot N &#8211; 2019"}]},{"@type":"WebSite","@id":"https:\/\/lacomponella.com\/WordPress3\/#website","url":"https:\/\/lacomponella.com\/WordPress3\/","name":"La Componella FCI","description":"Hodowla Dog Niemiecki, Xolo i Owczarek Belgijski","potentialAction":[{"@type":"SearchAction","target":{"@type":"EntryPoint","urlTemplate":"https:\/\/lacomponella.com\/WordPress3\/?s={search_term_string}"},"query-input":{"@type":"PropertyValueSpecification","valueRequired":true,"valueName":"search_term_string"}}],"inLanguage":"pl-PL"}]}},"_links":{"self":[{"href":"https:\/\/lacomponella.com\/WordPress3\/index.php?rest_route=\/wp\/v2\/pages\/6129","targetHints":{"allow":["GET"]}}],"collection":[{"href":"https:\/\/lacomponella.com\/WordPress3\/index.php?rest_route=\/wp\/v2\/pages"}],"about":[{"href":"https:\/\/lacomponella.com\/WordPress3\/index.php?rest_route=\/wp\/v2\/types\/page"}],"author":[{"embeddable":true,"href":"https:\/\/lacomponella.com\/WordPress3\/index.php?rest_route=\/wp\/v2\/users\/1"}],"replies":[{"embeddable":true,"href":"https:\/\/lacomponella.com\/WordPress3\/index.php?rest_route=%2Fwp%2Fv2%2Fcomments&post=6129"}],"version-history":[{"count":2,"href":"https:\/\/lacomponella.com\/WordPress3\/index.php?rest_route=\/wp\/v2\/pages\/6129\/revisions"}],"predecessor-version":[{"id":7515,"href":"https:\/\/lacomponella.com\/WordPress3\/index.php?rest_route=\/wp\/v2\/pages\/6129\/revisions\/7515"}],"wp:attachment":[{"href":"https:\/\/lacomponella.com\/WordPress3\/index.php?rest_route=%2Fwp%2Fv2%2Fmedia&parent=6129"}],"curies":[{"name":"wp","href":"https:\/\/api.w.org\/{rel}","templated":true}]}}