{"id":624,"date":"2014-08-20T13:39:09","date_gmt":"2014-08-20T13:39:09","guid":{"rendered":"http:\/\/lacomponella.com\/WordPress3\/?page_id=624"},"modified":"2025-05-03T19:29:50","modified_gmt":"2025-05-03T19:29:50","slug":"sklep-zoologiczny","status":"publish","type":"page","link":"https:\/\/lacomponella.com\/WordPress3\/?page_id=624","title":{"rendered":""},"content":{"rendered":"<h3 style=\"text-align: center;\">Sklep Zoologiczny<\/h3>\n<p style=\"text-align: center;\"><strong>Sklep zoologiczny\u00a0czynny jest:<\/strong><br \/>\n<strong>*pon-pt 14.00-17.00<\/strong><strong><br \/>\n<span style=\"color: #800080;\">Strzelin, ul.Grota Roweckiego 55<\/span><\/strong><br \/>\n<strong>*<\/strong><strong>zapraszamy do kontaktu pod nr 660753566<\/strong><\/p>\n<p style=\"text-align: center;\">Oferujemy:<\/p>\n<ul>\n<li>karmy suche i mokre dla ps\u00f3w i kot\u00f3w<\/li>\n<li>pokarm dla kr\u00f3lik\u00f3w, gryzoni, ptak\u00f3w i rybek<\/li>\n<li>diety weterynaryjne dla ps\u00f3w i kot\u00f3w<\/li>\n<li>szampony piel\u0119gnacyjne i lecznicze<\/li>\n<li>produkty FURMINATOR<\/li>\n<li>\u017cwirki dla kot\u00f3w i gryzoni<\/li>\n<li>podk\u0142ady dla szczeni\u0105t<\/li>\n<li>mleko dla szczeni\u0105t i koci\u0105t<\/li>\n<li>transportery do przewozu kot\u00f3w, ps\u00f3w, gryzoni i kr\u00f3lik\u00f3w<\/li>\n<li>obro\u017ce, smycze i szelki<\/li>\n<li>zabawki dla ps\u00f3w i kot\u00f3w, w tym KONG<\/li>\n<li>\u015brodki na pch\u0142y i kleszcze<\/li>\n<li>obro\u017ce przeciwpaso\u017cytnicze<\/li>\n<li>p\u0142yny do higieny uszu i oczu<\/li>\n<li>tabletki i pasty przeciwpaso\u017cytnicze<\/li>\n<li>preparaty witaminowo-mineralne<\/li>\n<li>majtki na cieczk\u0119<\/li>\n<li>kuwety kryte i odkryte<\/li>\n<li>kaga\u0144ce i haltery (uzdy)<\/li>\n<li>grzebienie i szczotki<\/li>\n<li>miski<\/li>\n<li>szelki do samochodu<\/li>\n<li>ko\u0142nierze ochronne, buty ochronne<\/li>\n<li>wszystko, co tylko Pa\u0144stwo sobie \u017cyczycie na zam\u00f3wienie<\/li>\n<\/ul>\n","protected":false},"excerpt":{"rendered":"<p>Sklep Zoologiczny Sklep zoologiczny\u00a0czynny jest: *pon-pt 14.00-17.00 Strzelin, ul.Grota Roweckiego 55 *zapraszamy do kontaktu pod nr 660753566 Oferujemy: karmy suche i mokre dla ps\u00f3w i kot\u00f3w pokarm dla kr\u00f3lik\u00f3w, gryzoni, ptak\u00f3w i rybek diety weterynaryjne dla ps\u00f3w i kot\u00f3w szampony piel\u0119gnacyjne i lecznicze produkty FURMINATOR \u017cwirki dla kot\u00f3w i gryzoni podk\u0142ady dla szczeni\u0105t mleko dla [&hellip;]<\/p>\n","protected":false},"author":1,"featured_media":0,"parent":0,"menu_order":0,"comment_status":"closed","ping_status":"closed","template":"","meta":{"footnotes":""},"class_list":["post-624","page","type-page","status-publish","hentry"],"yoast_head":"<!-- This site is optimized with the Yoast SEO plugin v27.4 - https:\/\/yoast.com\/product\/yoast-seo-wordpress\/ -->\n<title>- La Componella FCI<\/title>\n<meta name=\"robots\" content=\"index, follow, max-snippet:-1, max-image-preview:large, max-video-preview:-1\" \/>\n<link rel=\"canonical\" href=\"https:\/\/lacomponella.com\/WordPress3\/?page_id=624\" \/>\n<meta property=\"og:locale\" content=\"pl_PL\" \/>\n<meta property=\"og:type\" content=\"article\" \/>\n<meta property=\"og:title\" content=\"- La Componella FCI\" \/>\n<meta property=\"og:description\" content=\"Sklep Zoologiczny Sklep zoologiczny\u00a0czynny jest: *pon-pt 14.00-17.00 Strzelin, ul.Grota Roweckiego 55 *zapraszamy do kontaktu pod nr 660753566 Oferujemy: karmy suche i mokre dla ps\u00f3w i kot\u00f3w pokarm dla kr\u00f3lik\u00f3w, gryzoni, ptak\u00f3w i rybek diety weterynaryjne dla ps\u00f3w i kot\u00f3w szampony piel\u0119gnacyjne i lecznicze produkty FURMINATOR \u017cwirki dla kot\u00f3w i gryzoni podk\u0142ady dla szczeni\u0105t mleko dla [&hellip;]\" \/>\n<meta property=\"og:url\" content=\"https:\/\/lacomponella.com\/WordPress3\/?page_id=624\" \/>\n<meta property=\"og:site_name\" content=\"La Componella FCI\" \/>\n<meta property=\"article:modified_time\" content=\"2025-05-03T19:29:50+00:00\" \/>\n<meta name=\"twitter:card\" content=\"summary_large_image\" \/>\n<meta name=\"twitter:label1\" content=\"Szacowany czas czytania\" \/>\n\t<meta name=\"twitter:data1\" content=\"1 minuta\" \/>\n<script type=\"application\/ld+json\" class=\"yoast-schema-graph\">{\"@context\":\"https:\\\/\\\/schema.org\",\"@graph\":[{\"@type\":\"WebPage\",\"@id\":\"https:\\\/\\\/lacomponella.com\\\/WordPress3\\\/?page_id=624\",\"url\":\"https:\\\/\\\/lacomponella.com\\\/WordPress3\\\/?page_id=624\",\"name\":\"- La Componella FCI\",\"isPartOf\":{\"@id\":\"https:\\\/\\\/lacomponella.com\\\/WordPress3\\\/#website\"},\"datePublished\":\"2014-08-20T13:39:09+00:00\",\"dateModified\":\"2025-05-03T19:29:50+00:00\",\"inLanguage\":\"pl-PL\",\"potentialAction\":[{\"@type\":\"ReadAction\",\"target\":[\"https:\\\/\\\/lacomponella.com\\\/WordPress3\\\/?page_id=624\"]}]},{\"@type\":\"WebSite\",\"@id\":\"https:\\\/\\\/lacomponella.com\\\/WordPress3\\\/#website\",\"url\":\"https:\\\/\\\/lacomponella.com\\\/WordPress3\\\/\",\"name\":\"La Componella FCI\",\"description\":\"Hodowla Dog Niemiecki, Xolo i Owczarek Belgijski\",\"potentialAction\":[{\"@type\":\"SearchAction\",\"target\":{\"@type\":\"EntryPoint\",\"urlTemplate\":\"https:\\\/\\\/lacomponella.com\\\/WordPress3\\\/?s={search_term_string}\"},\"query-input\":{\"@type\":\"PropertyValueSpecification\",\"valueRequired\":true,\"valueName\":\"search_term_string\"}}],\"inLanguage\":\"pl-PL\"}]}<\/script>\n<!-- \/ Yoast SEO plugin. -->","yoast_head_json":{"title":"- La Componella FCI","robots":{"index":"index","follow":"follow","max-snippet":"max-snippet:-1","max-image-preview":"max-image-preview:large","max-video-preview":"max-video-preview:-1"},"canonical":"https:\/\/lacomponella.com\/WordPress3\/?page_id=624","og_locale":"pl_PL","og_type":"article","og_title":"- La Componella FCI","og_description":"Sklep Zoologiczny Sklep zoologiczny\u00a0czynny jest: *pon-pt 14.00-17.00 Strzelin, ul.Grota Roweckiego 55 *zapraszamy do kontaktu pod nr 660753566 Oferujemy: karmy suche i mokre dla ps\u00f3w i kot\u00f3w pokarm dla kr\u00f3lik\u00f3w, gryzoni, ptak\u00f3w i rybek diety weterynaryjne dla ps\u00f3w i kot\u00f3w szampony piel\u0119gnacyjne i lecznicze produkty FURMINATOR \u017cwirki dla kot\u00f3w i gryzoni podk\u0142ady dla szczeni\u0105t mleko dla [&hellip;]","og_url":"https:\/\/lacomponella.com\/WordPress3\/?page_id=624","og_site_name":"La Componella FCI","article_modified_time":"2025-05-03T19:29:50+00:00","twitter_card":"summary_large_image","twitter_misc":{"Szacowany czas czytania":"1 minuta"},"schema":{"@context":"https:\/\/schema.org","@graph":[{"@type":"WebPage","@id":"https:\/\/lacomponella.com\/WordPress3\/?page_id=624","url":"https:\/\/lacomponella.com\/WordPress3\/?page_id=624","name":"- La Componella FCI","isPartOf":{"@id":"https:\/\/lacomponella.com\/WordPress3\/#website"},"datePublished":"2014-08-20T13:39:09+00:00","dateModified":"2025-05-03T19:29:50+00:00","inLanguage":"pl-PL","potentialAction":[{"@type":"ReadAction","target":["https:\/\/lacomponella.com\/WordPress3\/?page_id=624"]}]},{"@type":"WebSite","@id":"https:\/\/lacomponella.com\/WordPress3\/#website","url":"https:\/\/lacomponella.com\/WordPress3\/","name":"La Componella FCI","description":"Hodowla Dog Niemiecki, Xolo i Owczarek Belgijski","potentialAction":[{"@type":"SearchAction","target":{"@type":"EntryPoint","urlTemplate":"https:\/\/lacomponella.com\/WordPress3\/?s={search_term_string}"},"query-input":{"@type":"PropertyValueSpecification","valueRequired":true,"valueName":"search_term_string"}}],"inLanguage":"pl-PL"}]}},"_links":{"self":[{"href":"https:\/\/lacomponella.com\/WordPress3\/index.php?rest_route=\/wp\/v2\/pages\/624","targetHints":{"allow":["GET"]}}],"collection":[{"href":"https:\/\/lacomponella.com\/WordPress3\/index.php?rest_route=\/wp\/v2\/pages"}],"about":[{"href":"https:\/\/lacomponella.com\/WordPress3\/index.php?rest_route=\/wp\/v2\/types\/page"}],"author":[{"embeddable":true,"href":"https:\/\/lacomponella.com\/WordPress3\/index.php?rest_route=\/wp\/v2\/users\/1"}],"replies":[{"embeddable":true,"href":"https:\/\/lacomponella.com\/WordPress3\/index.php?rest_route=%2Fwp%2Fv2%2Fcomments&post=624"}],"version-history":[{"count":13,"href":"https:\/\/lacomponella.com\/WordPress3\/index.php?rest_route=\/wp\/v2\/pages\/624\/revisions"}],"predecessor-version":[{"id":12558,"href":"https:\/\/lacomponella.com\/WordPress3\/index.php?rest_route=\/wp\/v2\/pages\/624\/revisions\/12558"}],"wp:attachment":[{"href":"https:\/\/lacomponella.com\/WordPress3\/index.php?rest_route=%2Fwp%2Fv2%2Fmedia&parent=624"}],"curies":[{"name":"wp","href":"https:\/\/api.w.org\/{rel}","templated":true}]}}