{"id":628,"date":"2014-08-20T13:43:32","date_gmt":"2014-08-20T13:43:32","guid":{"rendered":"http:\/\/lacomponella.com\/WordPress3\/?page_id=628"},"modified":"2020-02-16T00:49:11","modified_gmt":"2020-02-16T00:49:11","slug":"salon-spa","status":"publish","type":"page","link":"https:\/\/lacomponella.com\/WordPress3\/?page_id=628","title":{"rendered":""},"content":{"rendered":"<div class=\"post-body\">\n<p align=\"center\">Salon SPA<\/p>\n<p align=\"center\"><span style=\"color: #ff0000;\"><strong>Salon SPA\u00a0czynny jest:<\/strong><\/span><br \/>\n<span style=\"color: #ff0000;\"><strong>*pon-pt 14.00-17.00<\/strong><strong><br \/>\n<\/strong>Strzelin, ul.Grota Roweckiego 55<\/span><br \/>\n<span style=\"color: #ff0000;\"><strong>*<\/strong><strong>zapraszamy do kontaktu pod nr 660753566<\/strong><\/span><\/p>\n<p align=\"center\"><b>Oferujemy:<\/b><\/p>\n<ul>\n<li>strzy\u017cenie ps\u00f3w i kot\u00f3w &#8211; gratis obcinanie pazur\u00f3w,<\/li>\n<li>obcinanie pazur\u00f3w psom, kotom, ptakom, \u017c\u00f3\u0142wiom, gryzoniom, kr\u00f3likom<\/li>\n<li>korekt\u0119 dzioba ptakom i gadom<\/li>\n<li>czyszczenie uszu<\/li>\n<li>higien\u0119 gruczo\u0142\u00f3w oko\u0142oodbytowych<\/li>\n<li>higien\u0119 jamy ustnej (m.in. ultrad\u017awi\u0119kowe usuwanie kamienia naz\u0119bnego)<\/li>\n<\/ul>\n<\/div>\n","protected":false},"excerpt":{"rendered":"<p>Salon SPA Salon SPA\u00a0czynny jest: *pon-pt 14.00-17.00 Strzelin, ul.Grota Roweckiego 55 *zapraszamy do kontaktu pod nr 660753566 Oferujemy: strzy\u017cenie ps\u00f3w i kot\u00f3w &#8211; gratis obcinanie pazur\u00f3w, obcinanie pazur\u00f3w psom, kotom, ptakom, \u017c\u00f3\u0142wiom, gryzoniom, kr\u00f3likom korekt\u0119 dzioba ptakom i gadom czyszczenie uszu higien\u0119 gruczo\u0142\u00f3w oko\u0142oodbytowych higien\u0119 jamy ustnej (m.in. ultrad\u017awi\u0119kowe usuwanie kamienia naz\u0119bnego)<\/p>\n","protected":false},"author":1,"featured_media":0,"parent":0,"menu_order":0,"comment_status":"closed","ping_status":"closed","template":"","meta":{"footnotes":""},"class_list":["post-628","page","type-page","status-publish","hentry"],"yoast_head":"<!-- This site is optimized with the Yoast SEO plugin v27.4 - https:\/\/yoast.com\/product\/yoast-seo-wordpress\/ -->\n<title>- La Componella FCI<\/title>\n<meta name=\"robots\" content=\"index, follow, max-snippet:-1, max-image-preview:large, max-video-preview:-1\" \/>\n<link rel=\"canonical\" href=\"https:\/\/lacomponella.com\/WordPress3\/?page_id=628\" \/>\n<meta property=\"og:locale\" content=\"pl_PL\" \/>\n<meta property=\"og:type\" content=\"article\" \/>\n<meta property=\"og:title\" content=\"- La Componella FCI\" \/>\n<meta property=\"og:description\" content=\"Salon SPA Salon SPA\u00a0czynny jest: *pon-pt 14.00-17.00 Strzelin, ul.Grota Roweckiego 55 *zapraszamy do kontaktu pod nr 660753566 Oferujemy: strzy\u017cenie ps\u00f3w i kot\u00f3w &#8211; gratis obcinanie pazur\u00f3w, obcinanie pazur\u00f3w psom, kotom, ptakom, \u017c\u00f3\u0142wiom, gryzoniom, kr\u00f3likom korekt\u0119 dzioba ptakom i gadom czyszczenie uszu higien\u0119 gruczo\u0142\u00f3w oko\u0142oodbytowych higien\u0119 jamy ustnej (m.in. ultrad\u017awi\u0119kowe usuwanie kamienia naz\u0119bnego)\" \/>\n<meta property=\"og:url\" content=\"https:\/\/lacomponella.com\/WordPress3\/?page_id=628\" \/>\n<meta property=\"og:site_name\" content=\"La Componella FCI\" \/>\n<meta property=\"article:modified_time\" content=\"2020-02-16T00:49:11+00:00\" \/>\n<meta name=\"twitter:card\" content=\"summary_large_image\" \/>\n<script type=\"application\/ld+json\" class=\"yoast-schema-graph\">{\"@context\":\"https:\\\/\\\/schema.org\",\"@graph\":[{\"@type\":\"WebPage\",\"@id\":\"https:\\\/\\\/lacomponella.com\\\/WordPress3\\\/?page_id=628\",\"url\":\"https:\\\/\\\/lacomponella.com\\\/WordPress3\\\/?page_id=628\",\"name\":\"- La Componella FCI\",\"isPartOf\":{\"@id\":\"https:\\\/\\\/lacomponella.com\\\/WordPress3\\\/#website\"},\"datePublished\":\"2014-08-20T13:43:32+00:00\",\"dateModified\":\"2020-02-16T00:49:11+00:00\",\"inLanguage\":\"pl-PL\",\"potentialAction\":[{\"@type\":\"ReadAction\",\"target\":[\"https:\\\/\\\/lacomponella.com\\\/WordPress3\\\/?page_id=628\"]}]},{\"@type\":\"WebSite\",\"@id\":\"https:\\\/\\\/lacomponella.com\\\/WordPress3\\\/#website\",\"url\":\"https:\\\/\\\/lacomponella.com\\\/WordPress3\\\/\",\"name\":\"La Componella FCI\",\"description\":\"Hodowla Dog Niemiecki, Xolo i Owczarek Belgijski\",\"potentialAction\":[{\"@type\":\"SearchAction\",\"target\":{\"@type\":\"EntryPoint\",\"urlTemplate\":\"https:\\\/\\\/lacomponella.com\\\/WordPress3\\\/?s={search_term_string}\"},\"query-input\":{\"@type\":\"PropertyValueSpecification\",\"valueRequired\":true,\"valueName\":\"search_term_string\"}}],\"inLanguage\":\"pl-PL\"}]}<\/script>\n<!-- \/ Yoast SEO plugin. -->","yoast_head_json":{"title":"- La Componella FCI","robots":{"index":"index","follow":"follow","max-snippet":"max-snippet:-1","max-image-preview":"max-image-preview:large","max-video-preview":"max-video-preview:-1"},"canonical":"https:\/\/lacomponella.com\/WordPress3\/?page_id=628","og_locale":"pl_PL","og_type":"article","og_title":"- La Componella FCI","og_description":"Salon SPA Salon SPA\u00a0czynny jest: *pon-pt 14.00-17.00 Strzelin, ul.Grota Roweckiego 55 *zapraszamy do kontaktu pod nr 660753566 Oferujemy: strzy\u017cenie ps\u00f3w i kot\u00f3w &#8211; gratis obcinanie pazur\u00f3w, obcinanie pazur\u00f3w psom, kotom, ptakom, \u017c\u00f3\u0142wiom, gryzoniom, kr\u00f3likom korekt\u0119 dzioba ptakom i gadom czyszczenie uszu higien\u0119 gruczo\u0142\u00f3w oko\u0142oodbytowych higien\u0119 jamy ustnej (m.in. ultrad\u017awi\u0119kowe usuwanie kamienia naz\u0119bnego)","og_url":"https:\/\/lacomponella.com\/WordPress3\/?page_id=628","og_site_name":"La Componella FCI","article_modified_time":"2020-02-16T00:49:11+00:00","twitter_card":"summary_large_image","schema":{"@context":"https:\/\/schema.org","@graph":[{"@type":"WebPage","@id":"https:\/\/lacomponella.com\/WordPress3\/?page_id=628","url":"https:\/\/lacomponella.com\/WordPress3\/?page_id=628","name":"- La Componella FCI","isPartOf":{"@id":"https:\/\/lacomponella.com\/WordPress3\/#website"},"datePublished":"2014-08-20T13:43:32+00:00","dateModified":"2020-02-16T00:49:11+00:00","inLanguage":"pl-PL","potentialAction":[{"@type":"ReadAction","target":["https:\/\/lacomponella.com\/WordPress3\/?page_id=628"]}]},{"@type":"WebSite","@id":"https:\/\/lacomponella.com\/WordPress3\/#website","url":"https:\/\/lacomponella.com\/WordPress3\/","name":"La Componella FCI","description":"Hodowla Dog Niemiecki, Xolo i Owczarek Belgijski","potentialAction":[{"@type":"SearchAction","target":{"@type":"EntryPoint","urlTemplate":"https:\/\/lacomponella.com\/WordPress3\/?s={search_term_string}"},"query-input":{"@type":"PropertyValueSpecification","valueRequired":true,"valueName":"search_term_string"}}],"inLanguage":"pl-PL"}]}},"_links":{"self":[{"href":"https:\/\/lacomponella.com\/WordPress3\/index.php?rest_route=\/wp\/v2\/pages\/628","targetHints":{"allow":["GET"]}}],"collection":[{"href":"https:\/\/lacomponella.com\/WordPress3\/index.php?rest_route=\/wp\/v2\/pages"}],"about":[{"href":"https:\/\/lacomponella.com\/WordPress3\/index.php?rest_route=\/wp\/v2\/types\/page"}],"author":[{"embeddable":true,"href":"https:\/\/lacomponella.com\/WordPress3\/index.php?rest_route=\/wp\/v2\/users\/1"}],"replies":[{"embeddable":true,"href":"https:\/\/lacomponella.com\/WordPress3\/index.php?rest_route=%2Fwp%2Fv2%2Fcomments&post=628"}],"version-history":[{"count":14,"href":"https:\/\/lacomponella.com\/WordPress3\/index.php?rest_route=\/wp\/v2\/pages\/628\/revisions"}],"predecessor-version":[{"id":7449,"href":"https:\/\/lacomponella.com\/WordPress3\/index.php?rest_route=\/wp\/v2\/pages\/628\/revisions\/7449"}],"wp:attachment":[{"href":"https:\/\/lacomponella.com\/WordPress3\/index.php?rest_route=%2Fwp%2Fv2%2Fmedia&parent=628"}],"curies":[{"name":"wp","href":"https:\/\/api.w.org\/{rel}","templated":true}]}}