{"id":6529,"date":"2019-07-26T21:25:03","date_gmt":"2019-07-26T21:25:03","guid":{"rendered":"http:\/\/lacomponella.com\/WordPress3\/?page_id=6529"},"modified":"2020-03-14T15:10:47","modified_gmt":"2020-03-14T15:10:47","slug":"miot-o-2019","status":"publish","type":"page","link":"https:\/\/lacomponella.com\/WordPress3\/?page_id=6529","title":{"rendered":"Miot O &#8211; 2019"},"content":{"rendered":"<p><span style=\"color: #800000;\">Miot &#8222;O&#8221;<br \/>\n4 szczeni\u0119ta, ur.01.07.2019<br \/>\nOjciec: M\u0142.Zw.\u015awiata JACOH de Korrantoh<br \/>\nMama:Ch.DESIDERIA de Xoconochco<br \/>\n<\/span><\/p>\n<h5 style=\"text-align: center;\"><span style=\"color: #800000;\">1.piesek nagi czarny- OLAF-\u00a0 mieszka w Niemczech<br \/>\n<img fetchpriority=\"high\" decoding=\"async\" class=\"aligncenter size-full wp-image-5934\" src=\"http:\/\/lacomponella.com\/WordPress3\/wp-content\/uploads\/2019\/07\/65615893_2666415470251915_6940954273194704896_n.jpg\" alt=\"\" width=\"2048\" height=\"1536\" srcset=\"https:\/\/lacomponella.com\/WordPress3\/wp-content\/uploads\/2019\/07\/65615893_2666415470251915_6940954273194704896_n.jpg 2048w, https:\/\/lacomponella.com\/WordPress3\/wp-content\/uploads\/2019\/07\/65615893_2666415470251915_6940954273194704896_n-300x225.jpg 300w, https:\/\/lacomponella.com\/WordPress3\/wp-content\/uploads\/2019\/07\/65615893_2666415470251915_6940954273194704896_n-768x576.jpg 768w, https:\/\/lacomponella.com\/WordPress3\/wp-content\/uploads\/2019\/07\/65615893_2666415470251915_6940954273194704896_n-1024x768.jpg 1024w\" sizes=\"(max-width: 2048px) 100vw, 2048px\" \/> <img decoding=\"async\" class=\"aligncenter size-full wp-image-5935\" src=\"http:\/\/lacomponella.com\/WordPress3\/wp-content\/uploads\/2019\/07\/65650823_1183462328527422_6350675215235678208_n.jpg\" alt=\"\" width=\"2048\" height=\"1536\" srcset=\"https:\/\/lacomponella.com\/WordPress3\/wp-content\/uploads\/2019\/07\/65650823_1183462328527422_6350675215235678208_n.jpg 2048w, https:\/\/lacomponella.com\/WordPress3\/wp-content\/uploads\/2019\/07\/65650823_1183462328527422_6350675215235678208_n-300x225.jpg 300w, https:\/\/lacomponella.com\/WordPress3\/wp-content\/uploads\/2019\/07\/65650823_1183462328527422_6350675215235678208_n-768x576.jpg 768w, https:\/\/lacomponella.com\/WordPress3\/wp-content\/uploads\/2019\/07\/65650823_1183462328527422_6350675215235678208_n-1024x768.jpg 1024w\" sizes=\"(max-width: 2048px) 100vw, 2048px\" \/> <img decoding=\"async\" class=\"aligncenter size-full wp-image-5936\" src=\"http:\/\/lacomponella.com\/WordPress3\/wp-content\/uploads\/2019\/07\/65694381_324430651801289_3353901010387992576_n.jpg\" alt=\"\" width=\"2048\" height=\"1536\" srcset=\"https:\/\/lacomponella.com\/WordPress3\/wp-content\/uploads\/2019\/07\/65694381_324430651801289_3353901010387992576_n.jpg 2048w, https:\/\/lacomponella.com\/WordPress3\/wp-content\/uploads\/2019\/07\/65694381_324430651801289_3353901010387992576_n-300x225.jpg 300w, https:\/\/lacomponella.com\/WordPress3\/wp-content\/uploads\/2019\/07\/65694381_324430651801289_3353901010387992576_n-768x576.jpg 768w, https:\/\/lacomponella.com\/WordPress3\/wp-content\/uploads\/2019\/07\/65694381_324430651801289_3353901010387992576_n-1024x768.jpg 1024w\" sizes=\"(max-width: 2048px) 100vw, 2048px\" \/> <img loading=\"lazy\" decoding=\"async\" class=\"aligncenter size-full wp-image-5937\" src=\"http:\/\/lacomponella.com\/WordPress3\/wp-content\/uploads\/2019\/07\/65871462_339923453568276_1803898590876139520_n.jpg\" alt=\"\" width=\"2048\" height=\"1536\" srcset=\"https:\/\/lacomponella.com\/WordPress3\/wp-content\/uploads\/2019\/07\/65871462_339923453568276_1803898590876139520_n.jpg 2048w, https:\/\/lacomponella.com\/WordPress3\/wp-content\/uploads\/2019\/07\/65871462_339923453568276_1803898590876139520_n-300x225.jpg 300w, https:\/\/lacomponella.com\/WordPress3\/wp-content\/uploads\/2019\/07\/65871462_339923453568276_1803898590876139520_n-768x576.jpg 768w, https:\/\/lacomponella.com\/WordPress3\/wp-content\/uploads\/2019\/07\/65871462_339923453568276_1803898590876139520_n-1024x768.jpg 1024w\" sizes=\"(max-width: 2048px) 100vw, 2048px\" \/><br \/>\n<\/span><span style=\"color: #800000;\">2.piesek nagi czarny- OLIVIER- mieszka w Polsce<br \/>\n<img loading=\"lazy\" decoding=\"async\" class=\"aligncenter size-full wp-image-5938\" src=\"http:\/\/lacomponella.com\/WordPress3\/wp-content\/uploads\/2019\/07\/64392550_1125834764277739_2776921907071549440_n.jpg\" alt=\"\" width=\"2048\" height=\"1536\" srcset=\"https:\/\/lacomponella.com\/WordPress3\/wp-content\/uploads\/2019\/07\/64392550_1125834764277739_2776921907071549440_n.jpg 2048w, https:\/\/lacomponella.com\/WordPress3\/wp-content\/uploads\/2019\/07\/64392550_1125834764277739_2776921907071549440_n-300x225.jpg 300w, https:\/\/lacomponella.com\/WordPress3\/wp-content\/uploads\/2019\/07\/64392550_1125834764277739_2776921907071549440_n-768x576.jpg 768w, https:\/\/lacomponella.com\/WordPress3\/wp-content\/uploads\/2019\/07\/64392550_1125834764277739_2776921907071549440_n-1024x768.jpg 1024w\" sizes=\"(max-width: 2048px) 100vw, 2048px\" \/> <img loading=\"lazy\" decoding=\"async\" class=\"aligncenter size-full wp-image-5939\" src=\"http:\/\/lacomponella.com\/WordPress3\/wp-content\/uploads\/2019\/07\/65635378_432575177296585_8112084630955360256_n.jpg\" alt=\"\" width=\"2048\" height=\"1536\" srcset=\"https:\/\/lacomponella.com\/WordPress3\/wp-content\/uploads\/2019\/07\/65635378_432575177296585_8112084630955360256_n.jpg 2048w, https:\/\/lacomponella.com\/WordPress3\/wp-content\/uploads\/2019\/07\/65635378_432575177296585_8112084630955360256_n-300x225.jpg 300w, https:\/\/lacomponella.com\/WordPress3\/wp-content\/uploads\/2019\/07\/65635378_432575177296585_8112084630955360256_n-768x576.jpg 768w, https:\/\/lacomponella.com\/WordPress3\/wp-content\/uploads\/2019\/07\/65635378_432575177296585_8112084630955360256_n-1024x768.jpg 1024w\" sizes=\"(max-width: 2048px) 100vw, 2048px\" \/> <img loading=\"lazy\" decoding=\"async\" class=\"aligncenter size-full wp-image-5940\" src=\"http:\/\/lacomponella.com\/WordPress3\/wp-content\/uploads\/2019\/07\/65676427_709315792831530_6408082379474206720_n.jpg\" alt=\"\" width=\"2048\" height=\"1536\" srcset=\"https:\/\/lacomponella.com\/WordPress3\/wp-content\/uploads\/2019\/07\/65676427_709315792831530_6408082379474206720_n.jpg 2048w, https:\/\/lacomponella.com\/WordPress3\/wp-content\/uploads\/2019\/07\/65676427_709315792831530_6408082379474206720_n-300x225.jpg 300w, https:\/\/lacomponella.com\/WordPress3\/wp-content\/uploads\/2019\/07\/65676427_709315792831530_6408082379474206720_n-768x576.jpg 768w, https:\/\/lacomponella.com\/WordPress3\/wp-content\/uploads\/2019\/07\/65676427_709315792831530_6408082379474206720_n-1024x768.jpg 1024w\" sizes=\"(max-width: 2048px) 100vw, 2048px\" \/><br \/>\n3.naga suczka czarna &#8211; OMILKA- mieszka w Polsce<br \/>\n<img loading=\"lazy\" decoding=\"async\" class=\"aligncenter size-full wp-image-5941\" src=\"http:\/\/lacomponella.com\/WordPress3\/wp-content\/uploads\/2019\/07\/Ortega-1.jpg\" alt=\"\" width=\"2048\" height=\"1536\" srcset=\"https:\/\/lacomponella.com\/WordPress3\/wp-content\/uploads\/2019\/07\/Ortega-1.jpg 2048w, https:\/\/lacomponella.com\/WordPress3\/wp-content\/uploads\/2019\/07\/Ortega-1-300x225.jpg 300w, https:\/\/lacomponella.com\/WordPress3\/wp-content\/uploads\/2019\/07\/Ortega-1-768x576.jpg 768w, https:\/\/lacomponella.com\/WordPress3\/wp-content\/uploads\/2019\/07\/Ortega-1-1024x768.jpg 1024w\" sizes=\"(max-width: 2048px) 100vw, 2048px\" \/> <img loading=\"lazy\" decoding=\"async\" class=\"aligncenter size-full wp-image-5942\" src=\"http:\/\/lacomponella.com\/WordPress3\/wp-content\/uploads\/2019\/07\/Ortega-2.jpg\" alt=\"\" width=\"2048\" height=\"1536\" srcset=\"https:\/\/lacomponella.com\/WordPress3\/wp-content\/uploads\/2019\/07\/Ortega-2.jpg 2048w, https:\/\/lacomponella.com\/WordPress3\/wp-content\/uploads\/2019\/07\/Ortega-2-300x225.jpg 300w, https:\/\/lacomponella.com\/WordPress3\/wp-content\/uploads\/2019\/07\/Ortega-2-768x576.jpg 768w, https:\/\/lacomponella.com\/WordPress3\/wp-content\/uploads\/2019\/07\/Ortega-2-1024x768.jpg 1024w\" sizes=\"(max-width: 2048px) 100vw, 2048px\" \/> <img loading=\"lazy\" decoding=\"async\" class=\"aligncenter size-full wp-image-5943\" src=\"http:\/\/lacomponella.com\/WordPress3\/wp-content\/uploads\/2019\/07\/Ortega-3.jpg\" alt=\"\" width=\"2048\" height=\"1536\" srcset=\"https:\/\/lacomponella.com\/WordPress3\/wp-content\/uploads\/2019\/07\/Ortega-3.jpg 2048w, https:\/\/lacomponella.com\/WordPress3\/wp-content\/uploads\/2019\/07\/Ortega-3-300x225.jpg 300w, https:\/\/lacomponella.com\/WordPress3\/wp-content\/uploads\/2019\/07\/Ortega-3-768x576.jpg 768w, https:\/\/lacomponella.com\/WordPress3\/wp-content\/uploads\/2019\/07\/Ortega-3-1024x768.jpg 1024w\" sizes=\"(max-width: 2048px) 100vw, 2048px\" \/><br \/>\n4.suczka ow\u0142osiona czarna podpalana &#8211; ORTEGA- mieszka w Polsce<br \/>\n<img loading=\"lazy\" decoding=\"async\" class=\"aligncenter size-full wp-image-5944\" src=\"http:\/\/lacomponella.com\/WordPress3\/wp-content\/uploads\/2019\/07\/Onassis-2.jpg\" alt=\"\" width=\"1536\" height=\"2048\" srcset=\"https:\/\/lacomponella.com\/WordPress3\/wp-content\/uploads\/2019\/07\/Onassis-2.jpg 1536w, https:\/\/lacomponella.com\/WordPress3\/wp-content\/uploads\/2019\/07\/Onassis-2-225x300.jpg 225w, https:\/\/lacomponella.com\/WordPress3\/wp-content\/uploads\/2019\/07\/Onassis-2-768x1024.jpg 768w\" sizes=\"(max-width: 1536px) 100vw, 1536px\" \/> <img loading=\"lazy\" decoding=\"async\" class=\"aligncenter size-full wp-image-5945\" src=\"http:\/\/lacomponella.com\/WordPress3\/wp-content\/uploads\/2019\/07\/Onassis-3.jpg\" alt=\"\" width=\"2048\" height=\"1536\" srcset=\"https:\/\/lacomponella.com\/WordPress3\/wp-content\/uploads\/2019\/07\/Onassis-3.jpg 2048w, https:\/\/lacomponella.com\/WordPress3\/wp-content\/uploads\/2019\/07\/Onassis-3-300x225.jpg 300w, https:\/\/lacomponella.com\/WordPress3\/wp-content\/uploads\/2019\/07\/Onassis-3-768x576.jpg 768w, https:\/\/lacomponella.com\/WordPress3\/wp-content\/uploads\/2019\/07\/Onassis-3-1024x768.jpg 1024w\" sizes=\"(max-width: 2048px) 100vw, 2048px\" \/> <img loading=\"lazy\" decoding=\"async\" class=\"aligncenter size-full wp-image-5946\" src=\"http:\/\/lacomponella.com\/WordPress3\/wp-content\/uploads\/2019\/07\/Onassis-4.jpg\" alt=\"\" width=\"2048\" height=\"1536\" srcset=\"https:\/\/lacomponella.com\/WordPress3\/wp-content\/uploads\/2019\/07\/Onassis-4.jpg 2048w, https:\/\/lacomponella.com\/WordPress3\/wp-content\/uploads\/2019\/07\/Onassis-4-300x225.jpg 300w, https:\/\/lacomponella.com\/WordPress3\/wp-content\/uploads\/2019\/07\/Onassis-4-768x576.jpg 768w, https:\/\/lacomponella.com\/WordPress3\/wp-content\/uploads\/2019\/07\/Onassis-4-1024x768.jpg 1024w\" sizes=\"(max-width: 2048px) 100vw, 2048px\" \/><\/span><\/h5>\n<h4 style=\"text-align: center;\">*** ****************** *********<\/h4>\n","protected":false},"excerpt":{"rendered":"<p>Miot &#8222;O&#8221; 4 szczeni\u0119ta, ur.01.07.2019 Ojciec: M\u0142.Zw.\u015awiata JACOH de Korrantoh Mama:Ch.DESIDERIA de Xoconochco 1.piesek nagi czarny- OLAF-\u00a0 mieszka w Niemczech 2.piesek nagi czarny- OLIVIER- mieszka w Polsce 3.naga suczka czarna &#8211; OMILKA- mieszka w Polsce 4.suczka ow\u0142osiona czarna podpalana &#8211; ORTEGA- mieszka w Polsce *** ****************** *********<\/p>\n","protected":false},"author":1,"featured_media":0,"parent":0,"menu_order":0,"comment_status":"closed","ping_status":"closed","template":"","meta":{"footnotes":""},"class_list":["post-6529","page","type-page","status-publish","hentry"],"yoast_head":"<!-- This site is optimized with the Yoast SEO plugin v27.4 - https:\/\/yoast.com\/product\/yoast-seo-wordpress\/ -->\n<title>Miot O - 2019 - La Componella FCI<\/title>\n<meta name=\"robots\" content=\"index, follow, max-snippet:-1, max-image-preview:large, max-video-preview:-1\" \/>\n<link rel=\"canonical\" href=\"https:\/\/lacomponella.com\/WordPress3\/?page_id=6529\" \/>\n<meta property=\"og:locale\" content=\"pl_PL\" \/>\n<meta property=\"og:type\" content=\"article\" \/>\n<meta property=\"og:title\" content=\"Miot O - 2019 - La Componella FCI\" \/>\n<meta property=\"og:description\" content=\"Miot &#8222;O&#8221; 4 szczeni\u0119ta, ur.01.07.2019 Ojciec: M\u0142.Zw.\u015awiata JACOH de Korrantoh Mama:Ch.DESIDERIA de Xoconochco 1.piesek nagi czarny- OLAF-\u00a0 mieszka w Niemczech 2.piesek nagi czarny- OLIVIER- mieszka w Polsce 3.naga suczka czarna &#8211; OMILKA- mieszka w Polsce 4.suczka ow\u0142osiona czarna podpalana &#8211; ORTEGA- mieszka w Polsce *** ****************** *********\" \/>\n<meta property=\"og:url\" content=\"https:\/\/lacomponella.com\/WordPress3\/?page_id=6529\" \/>\n<meta property=\"og:site_name\" content=\"La Componella FCI\" \/>\n<meta property=\"article:modified_time\" content=\"2020-03-14T15:10:47+00:00\" \/>\n<meta property=\"og:image\" content=\"https:\/\/lacomponella.com\/WordPress3\/wp-content\/uploads\/2019\/07\/65615893_2666415470251915_6940954273194704896_n.jpg\" \/>\n\t<meta property=\"og:image:width\" content=\"2048\" \/>\n\t<meta property=\"og:image:height\" content=\"1536\" \/>\n\t<meta property=\"og:image:type\" content=\"image\/jpeg\" \/>\n<meta name=\"twitter:card\" content=\"summary_large_image\" \/>\n<script type=\"application\/ld+json\" class=\"yoast-schema-graph\">{\"@context\":\"https:\\\/\\\/schema.org\",\"@graph\":[{\"@type\":\"WebPage\",\"@id\":\"https:\\\/\\\/lacomponella.com\\\/WordPress3\\\/?page_id=6529\",\"url\":\"https:\\\/\\\/lacomponella.com\\\/WordPress3\\\/?page_id=6529\",\"name\":\"Miot O - 2019 - La Componella FCI\",\"isPartOf\":{\"@id\":\"https:\\\/\\\/lacomponella.com\\\/WordPress3\\\/#website\"},\"primaryImageOfPage\":{\"@id\":\"https:\\\/\\\/lacomponella.com\\\/WordPress3\\\/?page_id=6529#primaryimage\"},\"image\":{\"@id\":\"https:\\\/\\\/lacomponella.com\\\/WordPress3\\\/?page_id=6529#primaryimage\"},\"thumbnailUrl\":\"http:\\\/\\\/lacomponella.com\\\/WordPress3\\\/wp-content\\\/uploads\\\/2019\\\/07\\\/65615893_2666415470251915_6940954273194704896_n.jpg\",\"datePublished\":\"2019-07-26T21:25:03+00:00\",\"dateModified\":\"2020-03-14T15:10:47+00:00\",\"breadcrumb\":{\"@id\":\"https:\\\/\\\/lacomponella.com\\\/WordPress3\\\/?page_id=6529#breadcrumb\"},\"inLanguage\":\"pl-PL\",\"potentialAction\":[{\"@type\":\"ReadAction\",\"target\":[\"https:\\\/\\\/lacomponella.com\\\/WordPress3\\\/?page_id=6529\"]}]},{\"@type\":\"ImageObject\",\"inLanguage\":\"pl-PL\",\"@id\":\"https:\\\/\\\/lacomponella.com\\\/WordPress3\\\/?page_id=6529#primaryimage\",\"url\":\"https:\\\/\\\/lacomponella.com\\\/WordPress3\\\/wp-content\\\/uploads\\\/2019\\\/07\\\/65615893_2666415470251915_6940954273194704896_n.jpg\",\"contentUrl\":\"https:\\\/\\\/lacomponella.com\\\/WordPress3\\\/wp-content\\\/uploads\\\/2019\\\/07\\\/65615893_2666415470251915_6940954273194704896_n.jpg\",\"width\":2048,\"height\":1536},{\"@type\":\"BreadcrumbList\",\"@id\":\"https:\\\/\\\/lacomponella.com\\\/WordPress3\\\/?page_id=6529#breadcrumb\",\"itemListElement\":[{\"@type\":\"ListItem\",\"position\":1,\"name\":\"Strona g\u0142\u00f3wna\",\"item\":\"https:\\\/\\\/lacomponella.com\\\/WordPress3\\\/?page_id=4991\"},{\"@type\":\"ListItem\",\"position\":2,\"name\":\"Miot O &#8211; 2019\"}]},{\"@type\":\"WebSite\",\"@id\":\"https:\\\/\\\/lacomponella.com\\\/WordPress3\\\/#website\",\"url\":\"https:\\\/\\\/lacomponella.com\\\/WordPress3\\\/\",\"name\":\"La Componella FCI\",\"description\":\"Hodowla Dog Niemiecki, Xolo i Owczarek Belgijski\",\"potentialAction\":[{\"@type\":\"SearchAction\",\"target\":{\"@type\":\"EntryPoint\",\"urlTemplate\":\"https:\\\/\\\/lacomponella.com\\\/WordPress3\\\/?s={search_term_string}\"},\"query-input\":{\"@type\":\"PropertyValueSpecification\",\"valueRequired\":true,\"valueName\":\"search_term_string\"}}],\"inLanguage\":\"pl-PL\"}]}<\/script>\n<!-- \/ Yoast SEO plugin. -->","yoast_head_json":{"title":"Miot O - 2019 - La Componella FCI","robots":{"index":"index","follow":"follow","max-snippet":"max-snippet:-1","max-image-preview":"max-image-preview:large","max-video-preview":"max-video-preview:-1"},"canonical":"https:\/\/lacomponella.com\/WordPress3\/?page_id=6529","og_locale":"pl_PL","og_type":"article","og_title":"Miot O - 2019 - La Componella FCI","og_description":"Miot &#8222;O&#8221; 4 szczeni\u0119ta, ur.01.07.2019 Ojciec: M\u0142.Zw.\u015awiata JACOH de Korrantoh Mama:Ch.DESIDERIA de Xoconochco 1.piesek nagi czarny- OLAF-\u00a0 mieszka w Niemczech 2.piesek nagi czarny- OLIVIER- mieszka w Polsce 3.naga suczka czarna &#8211; OMILKA- mieszka w Polsce 4.suczka ow\u0142osiona czarna podpalana &#8211; ORTEGA- mieszka w Polsce *** ****************** *********","og_url":"https:\/\/lacomponella.com\/WordPress3\/?page_id=6529","og_site_name":"La Componella FCI","article_modified_time":"2020-03-14T15:10:47+00:00","og_image":[{"width":2048,"height":1536,"url":"https:\/\/lacomponella.com\/WordPress3\/wp-content\/uploads\/2019\/07\/65615893_2666415470251915_6940954273194704896_n.jpg","type":"image\/jpeg"}],"twitter_card":"summary_large_image","schema":{"@context":"https:\/\/schema.org","@graph":[{"@type":"WebPage","@id":"https:\/\/lacomponella.com\/WordPress3\/?page_id=6529","url":"https:\/\/lacomponella.com\/WordPress3\/?page_id=6529","name":"Miot O - 2019 - La Componella FCI","isPartOf":{"@id":"https:\/\/lacomponella.com\/WordPress3\/#website"},"primaryImageOfPage":{"@id":"https:\/\/lacomponella.com\/WordPress3\/?page_id=6529#primaryimage"},"image":{"@id":"https:\/\/lacomponella.com\/WordPress3\/?page_id=6529#primaryimage"},"thumbnailUrl":"http:\/\/lacomponella.com\/WordPress3\/wp-content\/uploads\/2019\/07\/65615893_2666415470251915_6940954273194704896_n.jpg","datePublished":"2019-07-26T21:25:03+00:00","dateModified":"2020-03-14T15:10:47+00:00","breadcrumb":{"@id":"https:\/\/lacomponella.com\/WordPress3\/?page_id=6529#breadcrumb"},"inLanguage":"pl-PL","potentialAction":[{"@type":"ReadAction","target":["https:\/\/lacomponella.com\/WordPress3\/?page_id=6529"]}]},{"@type":"ImageObject","inLanguage":"pl-PL","@id":"https:\/\/lacomponella.com\/WordPress3\/?page_id=6529#primaryimage","url":"https:\/\/lacomponella.com\/WordPress3\/wp-content\/uploads\/2019\/07\/65615893_2666415470251915_6940954273194704896_n.jpg","contentUrl":"https:\/\/lacomponella.com\/WordPress3\/wp-content\/uploads\/2019\/07\/65615893_2666415470251915_6940954273194704896_n.jpg","width":2048,"height":1536},{"@type":"BreadcrumbList","@id":"https:\/\/lacomponella.com\/WordPress3\/?page_id=6529#breadcrumb","itemListElement":[{"@type":"ListItem","position":1,"name":"Strona g\u0142\u00f3wna","item":"https:\/\/lacomponella.com\/WordPress3\/?page_id=4991"},{"@type":"ListItem","position":2,"name":"Miot O &#8211; 2019"}]},{"@type":"WebSite","@id":"https:\/\/lacomponella.com\/WordPress3\/#website","url":"https:\/\/lacomponella.com\/WordPress3\/","name":"La Componella FCI","description":"Hodowla Dog Niemiecki, Xolo i Owczarek Belgijski","potentialAction":[{"@type":"SearchAction","target":{"@type":"EntryPoint","urlTemplate":"https:\/\/lacomponella.com\/WordPress3\/?s={search_term_string}"},"query-input":{"@type":"PropertyValueSpecification","valueRequired":true,"valueName":"search_term_string"}}],"inLanguage":"pl-PL"}]}},"_links":{"self":[{"href":"https:\/\/lacomponella.com\/WordPress3\/index.php?rest_route=\/wp\/v2\/pages\/6529","targetHints":{"allow":["GET"]}}],"collection":[{"href":"https:\/\/lacomponella.com\/WordPress3\/index.php?rest_route=\/wp\/v2\/pages"}],"about":[{"href":"https:\/\/lacomponella.com\/WordPress3\/index.php?rest_route=\/wp\/v2\/types\/page"}],"author":[{"embeddable":true,"href":"https:\/\/lacomponella.com\/WordPress3\/index.php?rest_route=\/wp\/v2\/users\/1"}],"replies":[{"embeddable":true,"href":"https:\/\/lacomponella.com\/WordPress3\/index.php?rest_route=%2Fwp%2Fv2%2Fcomments&post=6529"}],"version-history":[{"count":2,"href":"https:\/\/lacomponella.com\/WordPress3\/index.php?rest_route=\/wp\/v2\/pages\/6529\/revisions"}],"predecessor-version":[{"id":7475,"href":"https:\/\/lacomponella.com\/WordPress3\/index.php?rest_route=\/wp\/v2\/pages\/6529\/revisions\/7475"}],"wp:attachment":[{"href":"https:\/\/lacomponella.com\/WordPress3\/index.php?rest_route=%2Fwp%2Fv2%2Fmedia&parent=6529"}],"curies":[{"name":"wp","href":"https:\/\/api.w.org\/{rel}","templated":true}]}}