{"id":673,"date":"2014-08-20T15:39:33","date_gmt":"2014-08-20T15:39:33","guid":{"rendered":"http:\/\/lacomponella.com\/WordPress3\/?page_id=673"},"modified":"2022-04-27T22:16:38","modified_gmt":"2022-04-27T22:16:38","slug":"irina-du-jardin-de-lolympe","status":"publish","type":"page","link":"https:\/\/lacomponella.com\/WordPress3\/?page_id=673","title":{"rendered":""},"content":{"rendered":"<h3 style=\"text-align: center;\">IRINA Du Jardin De L\u2019Olympe<\/h3>\n<h3 style=\"text-align: center;\"><span style=\"color: #0000ff;\">Import z Francji<br \/>\nMoja wielka mi\u0142o\u015b\u0107, moja MUZA (tak na ni\u0105 m\u00f3wi\u0142am), moja duma. Do ko\u0144ca w \u015bwietnej formie. Jej ostatnia wystawa to Wystawa \u015awiatowa 2021, na kt\u00f3rej (jak zawsze) uzyska\u0142a ocen\u0119 doskona\u0142\u0105&#8230;<\/span><\/h3>\n<h3 style=\"text-align: center;\">za t\u0119czowym mostem<\/h3>\n<p>ur.17.05.2013<\/p>\n<p><strong>Nasz importowana z Francji sunia IRINA Du Jardin De L\u2019Olympe uzyska\u0142a imponuj\u0105ce wyniki na wystawach:<\/strong><br \/>\n10.05.2014 &#8211; CACIB \u0141\u00f3d\u017a &#8211; lokata 1\/5, ocena doskona\u0142a, Zw.M\u0142odzie\u017cy, Najlepszy Junior w Rasie<br \/>\n18.05.2014 &#8211; CAC Bytom-\u00a0lokata 1\/2, ocena doskona\u0142a, Zw.M\u0142odzie\u017cy, Najlepszy Junior w Rasie, BOS<br \/>\n01.06.2014 &#8211; CACIB Leszno &#8211;\u00a0lokata 1\/4, ocena doskona\u0142a, Zw.M\u0142odzie\u017cy, Najlepszy Junior w Rasie. <strong><span style=\"color: #0000ff;\">IRINA zako\u0144czy\u0142a M\u0142odzie\u017cowy Championat Polski<\/span><\/strong><br \/>\n08.06.2014 &#8211; CAC Kalisz &#8211;\u00a0lokata 1\/2, ocena doskona\u0142a, Zw.M\u0142odzie\u017cy, Najlepszy Junior w Rasie<br \/>\n12.07.2014 &#8211; Klub Doga &#8211;\u00a0lokata 2\/8, ocena doskona\u0142a<br \/>\n30.08.2014- CAC Bia\u0142ystok &#8211;\u00a0lokata 1\/2, ocena doskona\u0142a, CAC, BOS. <strong><span style=\"color: #0000ff;\">IRINA rozpocz\u0119\u0142a doros\u0142y Championat Polski<\/span><\/strong><br \/>\n31.08.2014 &#8211;\u00a0CACIB Bia\u0142ystok &#8211;\u00a0lokata 1\/5, ocena doskona\u0142a, CAC, r.CACIB<br \/>\n20.09.2014 &#8211; CAC Zielona G\u00f3ra &#8211; lokata 1\/3, ocena doskona\u0142a, CAC, BOS<br \/>\n13.11.2014 &#8211; CACIB Sofia (Bu\u0142garia) &#8211;\u00a0lokata 1\/2, ocena doskona\u0142a, CAC, CACIB, BOB. <span style=\"color: #0000ff;\"><strong>IRINA rozpocz\u0119\u0142a Interchampionat<\/strong><\/span> oraz Championat Bu\u0142garii<br \/>\n14.11.2014 &#8211;\u00a0CACIB Sofia (Bu\u0142garia) &#8211;\u00a0lokata 1\/2, ocena doskona\u0142a, CAC, CACIB, BOB. <strong><span style=\"color: #0000ff;\">IRINA zako\u0144czy\u0142a Championat Bu\u0142agarii<\/span><\/strong>.<br \/>\n12.12.2014 &#8211;\u00a0CACIB Sofia (Bu\u0142garia) &#8211;\u00a0lokata 1\/3, ocena doskona\u0142a, CAC, CACIB, BOB. <span style=\"color: #0000ff;\"><strong>IRINA zako\u0144czy\u0142a Grand Championat Bu\u0142garii.<br \/>\n<\/strong><span style=\"color: #000000;\">07.03.2015 &#8211;\u00a0Mi\u0119dzynarodowa\u00a0Wystawa Ps\u00f3w Rasowych Zielona G\u00f3ra<\/span><br \/>\n<span style=\"color: #000000;\">Nasz utytu\u0142owana sunia importowana \u00a0z Francji\u00a0IRINA Du Jardin De L\u2019Olympe wyst\u0119powa\u0142a w klasie champion\u00f3w. Uzyska\u0142a ocen\u0119 doskona\u0142\u0105, lokat\u0119 pierwsz\u0105, wniosek na Championa CAC oraz r.CACIB.<\/span><strong> Zako\u0144czy\u0142a tym samym Championat Polski:))<br \/>\n<\/strong><\/span><\/p>\n<p style=\"text-align: left;\"><strong><span style=\"color: #0000ff;\">Wystawy:<br \/>\n-wystawiana we W\u0142oszech, Francji, Austrii i Polsce<br \/>\nrozp.\u00a0Interchampionat<br \/>\nrozp.Championat Austrii<br \/>\nChampion Polski<br \/>\nChampion \u00a0Bulgarii<br \/>\nGrand Champion Bulgarii<br \/>\nM\u0142odzie\u017cowy\u00a0Champion Polski<br \/>\n3x CACIB<br \/>\n2x r.CACIB<br \/>\n3x BOB<br \/>\n7x CWC<br \/>\n3x BOS\u00a0<\/span><\/strong><br \/>\n<strong> <span style=\"color: #0000ff;\">4x Zwyci\u0119zca M\u0142odzie\u017cy<\/span><\/strong><br \/>\n<strong> <span style=\"color: #0000ff;\">4x Najlepszy Junor w Rasie\u00a0 (BOB Junior)<\/span><\/strong><\/p>\n<p style=\"text-align: left;\"><strong>Zdrowie:<\/strong><br \/>\n<strong>Serce (doppler) \u2013 serce zdrowe, brak cech kardiomiopatii rozstrzeniowej\u00a0(DCM), brak przeciwwskaza\u0144 ze strony kardiologicznej do rozrodu<strong><br \/>\nHD A\/A (brak dysplazji biodrowej)<br \/>\nED 0\/0 (brak dysplazji \u0142okciowej)<br \/>\nzgryz prawid\u0142owy, uz\u0119bienie pe\u0142ne<\/strong><\/strong><\/p>\n<p style=\"text-align: left;\"><a href=\"http:\/\/lacomponella.com\/WordPress3\/wp-content\/uploads\/2014\/08\/11178587_991232987555173_1282440913_n1.jpg\"><img fetchpriority=\"high\" decoding=\"async\" class=\"aligncenter size-full wp-image-4276\" src=\"http:\/\/lacomponella.com\/WordPress3\/wp-content\/uploads\/2014\/08\/11178587_991232987555173_1282440913_n1.jpg\" alt=\"11178587_991232987555173_1282440913_n\" width=\"960\" height=\"640\" srcset=\"https:\/\/lacomponella.com\/WordPress3\/wp-content\/uploads\/2014\/08\/11178587_991232987555173_1282440913_n1.jpg 960w, https:\/\/lacomponella.com\/WordPress3\/wp-content\/uploads\/2014\/08\/11178587_991232987555173_1282440913_n1-300x200.jpg 300w\" sizes=\"(max-width: 960px) 100vw, 960px\" \/><\/a> <a href=\"http:\/\/lacomponella.com\/WordPress3\/wp-content\/uploads\/2014\/08\/11358663_965301660188340_869871477_n1.jpg\"><img decoding=\"async\" class=\"aligncenter size-large wp-image-4277\" src=\"http:\/\/lacomponella.com\/WordPress3\/wp-content\/uploads\/2014\/08\/11358663_965301660188340_869871477_n1.jpg\" alt=\"11358663_965301660188340_869871477_n\" width=\"604\" height=\"906\" srcset=\"https:\/\/lacomponella.com\/WordPress3\/wp-content\/uploads\/2014\/08\/11358663_965301660188340_869871477_n1.jpg 640w, https:\/\/lacomponella.com\/WordPress3\/wp-content\/uploads\/2014\/08\/11358663_965301660188340_869871477_n1-200x300.jpg 200w\" sizes=\"(max-width: 604px) 100vw, 604px\" \/><\/a> <a href=\"http:\/\/lacomponella.com\/WordPress3\/wp-content\/uploads\/2014\/08\/zizu-austria1.jpg\"><img decoding=\"async\" class=\"aligncenter size-large wp-image-4278\" src=\"http:\/\/lacomponella.com\/WordPress3\/wp-content\/uploads\/2014\/08\/zizu-austria1.jpg\" alt=\"zizu austria\" width=\"604\" height=\"403\" srcset=\"https:\/\/lacomponella.com\/WordPress3\/wp-content\/uploads\/2014\/08\/zizu-austria1.jpg 960w, https:\/\/lacomponella.com\/WordPress3\/wp-content\/uploads\/2014\/08\/zizu-austria1-300x200.jpg 300w\" sizes=\"(max-width: 604px) 100vw, 604px\" \/><\/a> <a href=\"http:\/\/lacomponella.com\/WordPress3\/wp-content\/uploads\/2014\/08\/zizu-bielsko-hotel1.jpg\"><img loading=\"lazy\" decoding=\"async\" class=\"aligncenter size-large wp-image-4279\" src=\"http:\/\/lacomponella.com\/WordPress3\/wp-content\/uploads\/2014\/08\/zizu-bielsko-hotel1.jpg\" alt=\"zizu bielsko hotel\" width=\"604\" height=\"402\" srcset=\"https:\/\/lacomponella.com\/WordPress3\/wp-content\/uploads\/2014\/08\/zizu-bielsko-hotel1.jpg 960w, https:\/\/lacomponella.com\/WordPress3\/wp-content\/uploads\/2014\/08\/zizu-bielsko-hotel1-300x200.jpg 300w\" sizes=\"(max-width: 604px) 100vw, 604px\" \/><\/a><\/p>\n<p style=\"text-align: left;\"><a href=\"http:\/\/lacomponella.com\/WordPress3\/wp-content\/uploads\/2014\/08\/zizu-jador-para.jpg\"><img loading=\"lazy\" decoding=\"async\" class=\"aligncenter size-large wp-image-4143\" src=\"http:\/\/lacomponella.com\/WordPress3\/wp-content\/uploads\/2014\/08\/zizu-jador-para-1024x683.jpg\" alt=\"zizu jador para\" width=\"604\" height=\"403\" srcset=\"https:\/\/lacomponella.com\/WordPress3\/wp-content\/uploads\/2014\/08\/zizu-jador-para.jpg 1024w, https:\/\/lacomponella.com\/WordPress3\/wp-content\/uploads\/2014\/08\/zizu-jador-para-300x200.jpg 300w\" sizes=\"(max-width: 604px) 100vw, 604px\" \/><\/a><\/p>\n<p><a style=\"color: #bc360a;\" href=\"http:\/\/lacomponella.com\/WordPress3\/wp-content\/uploads\/2014\/07\/zizuuu2.jpg\"><img loading=\"lazy\" decoding=\"async\" class=\"alignnone size-full wp-image-650\" src=\"http:\/\/lacomponella.com\/WordPress3\/wp-content\/uploads\/2014\/07\/zizuuu2.jpg\" alt=\"zizuuu\" width=\"774\" height=\"639\" srcset=\"https:\/\/lacomponella.com\/WordPress3\/wp-content\/uploads\/2014\/07\/zizuuu2.jpg 774w, https:\/\/lacomponella.com\/WordPress3\/wp-content\/uploads\/2014\/07\/zizuuu2-300x247.jpg 300w\" sizes=\"(max-width: 774px) 100vw, 774px\" \/><\/a><\/p>\n<p><a href=\"http:\/\/lacomponella.com\/WordPress3\/wp-content\/uploads\/2014\/08\/Sofia4.jpg\"><img loading=\"lazy\" decoding=\"async\" class=\"alignright size-large wp-image-791\" src=\"http:\/\/lacomponella.com\/WordPress3\/wp-content\/uploads\/2014\/08\/Sofia4-692x1024.jpg\" alt=\"Sofia4\" width=\"604\" height=\"893\" srcset=\"https:\/\/lacomponella.com\/WordPress3\/wp-content\/uploads\/2014\/08\/Sofia4-692x1024.jpg 692w, https:\/\/lacomponella.com\/WordPress3\/wp-content\/uploads\/2014\/08\/Sofia4-202x300.jpg 202w, https:\/\/lacomponella.com\/WordPress3\/wp-content\/uploads\/2014\/08\/Sofia4.jpg 1242w\" sizes=\"(max-width: 604px) 100vw, 604px\" \/><\/a> <a href=\"http:\/\/lacomponella.com\/WordPress3\/wp-content\/uploads\/2014\/08\/Sofia5.jpg\"><img loading=\"lazy\" decoding=\"async\" class=\"alignright size-large wp-image-792\" src=\"http:\/\/lacomponella.com\/WordPress3\/wp-content\/uploads\/2014\/08\/Sofia5-1024x889.jpg\" alt=\"Sofia5\" width=\"604\" height=\"524\" srcset=\"https:\/\/lacomponella.com\/WordPress3\/wp-content\/uploads\/2014\/08\/Sofia5-1024x889.jpg 1024w, https:\/\/lacomponella.com\/WordPress3\/wp-content\/uploads\/2014\/08\/Sofia5-300x260.jpg 300w, https:\/\/lacomponella.com\/WordPress3\/wp-content\/uploads\/2014\/08\/Sofia5.jpg 1249w\" sizes=\"(max-width: 604px) 100vw, 604px\" \/><\/a> <a href=\"http:\/\/lacomponella.com\/WordPress3\/wp-content\/uploads\/2014\/08\/Sofia44.jpg\"><img loading=\"lazy\" decoding=\"async\" class=\"alignright size-large wp-image-793\" src=\"http:\/\/lacomponella.com\/WordPress3\/wp-content\/uploads\/2014\/08\/Sofia44-768x1024.jpg\" alt=\"Sofia44\" width=\"604\" height=\"805\" srcset=\"https:\/\/lacomponella.com\/WordPress3\/wp-content\/uploads\/2014\/08\/Sofia44-768x1024.jpg 768w, https:\/\/lacomponella.com\/WordPress3\/wp-content\/uploads\/2014\/08\/Sofia44-225x300.jpg 225w, https:\/\/lacomponella.com\/WordPress3\/wp-content\/uploads\/2014\/08\/Sofia44.jpg 1483w\" sizes=\"(max-width: 604px) 100vw, 604px\" \/><\/a><\/p>\n<p><a style=\"color: #bc360a;\" href=\"http:\/\/lacomponella.com\/WordPress3\/wp-content\/uploads\/2014\/07\/10306787_699859886722011_938853638_n.jpg\"><img loading=\"lazy\" decoding=\"async\" class=\"alignnone size-full wp-image-652\" src=\"http:\/\/lacomponella.com\/WordPress3\/wp-content\/uploads\/2014\/07\/10306787_699859886722011_938853638_n.jpg\" alt=\"10306787_699859886722011_938853638_n\" width=\"960\" height=\"638\" srcset=\"https:\/\/lacomponella.com\/WordPress3\/wp-content\/uploads\/2014\/07\/10306787_699859886722011_938853638_n.jpg 960w, https:\/\/lacomponella.com\/WordPress3\/wp-content\/uploads\/2014\/07\/10306787_699859886722011_938853638_n-300x199.jpg 300w\" sizes=\"(max-width: 960px) 100vw, 960px\" \/><br \/>\n<\/a><\/p>\n<p><a style=\"color: #bc360a;\" href=\"http:\/\/lacomponella.com\/WordPress3\/wp-content\/uploads\/2014\/07\/10306787_699859886722011_938853638_n.jpg\">\u00a0<\/a><\/p>\n","protected":false},"excerpt":{"rendered":"<p>IRINA Du Jardin De L\u2019Olympe Import z Francji Moja wielka mi\u0142o\u015b\u0107, moja MUZA (tak na ni\u0105 m\u00f3wi\u0142am), moja duma. Do ko\u0144ca w \u015bwietnej formie. Jej ostatnia wystawa to Wystawa \u015awiatowa 2021, na kt\u00f3rej (jak zawsze) uzyska\u0142a ocen\u0119 doskona\u0142\u0105&#8230; za t\u0119czowym mostem ur.17.05.2013 Nasz importowana z Francji sunia IRINA Du Jardin De L\u2019Olympe uzyska\u0142a imponuj\u0105ce wyniki [&hellip;]<\/p>\n","protected":false},"author":1,"featured_media":0,"parent":0,"menu_order":0,"comment_status":"closed","ping_status":"closed","template":"","meta":{"footnotes":""},"class_list":["post-673","page","type-page","status-publish","hentry"],"yoast_head":"<!-- This site is optimized with the Yoast SEO plugin v27.6 - https:\/\/yoast.com\/product\/yoast-seo-wordpress\/ -->\n<title>- La Componella FCI<\/title>\n<meta name=\"robots\" content=\"index, follow, max-snippet:-1, max-image-preview:large, max-video-preview:-1\" \/>\n<link rel=\"canonical\" href=\"https:\/\/lacomponella.com\/WordPress3\/?page_id=673\" \/>\n<meta property=\"og:locale\" content=\"pl_PL\" \/>\n<meta property=\"og:type\" content=\"article\" \/>\n<meta property=\"og:title\" content=\"- La Componella FCI\" \/>\n<meta property=\"og:description\" content=\"IRINA Du Jardin De L\u2019Olympe Import z Francji Moja wielka mi\u0142o\u015b\u0107, moja MUZA (tak na ni\u0105 m\u00f3wi\u0142am), moja duma. Do ko\u0144ca w \u015bwietnej formie. Jej ostatnia wystawa to Wystawa \u015awiatowa 2021, na kt\u00f3rej (jak zawsze) uzyska\u0142a ocen\u0119 doskona\u0142\u0105&#8230; za t\u0119czowym mostem ur.17.05.2013 Nasz importowana z Francji sunia IRINA Du Jardin De L\u2019Olympe uzyska\u0142a imponuj\u0105ce wyniki [&hellip;]\" \/>\n<meta property=\"og:url\" content=\"https:\/\/lacomponella.com\/WordPress3\/?page_id=673\" \/>\n<meta property=\"og:site_name\" content=\"La Componella FCI\" \/>\n<meta property=\"article:modified_time\" content=\"2022-04-27T22:16:38+00:00\" \/>\n<meta property=\"og:image\" content=\"https:\/\/lacomponella.com\/WordPress3\/wp-content\/uploads\/2014\/08\/11178587_991232987555173_1282440913_n1.jpg\" \/>\n\t<meta property=\"og:image:width\" content=\"960\" \/>\n\t<meta property=\"og:image:height\" content=\"640\" \/>\n\t<meta property=\"og:image:type\" content=\"image\/jpeg\" \/>\n<meta name=\"twitter:card\" content=\"summary_large_image\" \/>\n<meta name=\"twitter:label1\" content=\"Szacowany czas czytania\" \/>\n\t<meta name=\"twitter:data1\" content=\"2 minuty\" \/>\n<script type=\"application\/ld+json\" class=\"yoast-schema-graph\">{\"@context\":\"https:\\\/\\\/schema.org\",\"@graph\":[{\"@type\":\"WebPage\",\"@id\":\"https:\\\/\\\/lacomponella.com\\\/WordPress3\\\/?page_id=673\",\"url\":\"https:\\\/\\\/lacomponella.com\\\/WordPress3\\\/?page_id=673\",\"name\":\"- La Componella FCI\",\"isPartOf\":{\"@id\":\"https:\\\/\\\/lacomponella.com\\\/WordPress3\\\/#website\"},\"primaryImageOfPage\":{\"@id\":\"https:\\\/\\\/lacomponella.com\\\/WordPress3\\\/?page_id=673#primaryimage\"},\"image\":{\"@id\":\"https:\\\/\\\/lacomponella.com\\\/WordPress3\\\/?page_id=673#primaryimage\"},\"thumbnailUrl\":\"http:\\\/\\\/lacomponella.com\\\/WordPress3\\\/wp-content\\\/uploads\\\/2014\\\/08\\\/11178587_991232987555173_1282440913_n1.jpg\",\"datePublished\":\"2014-08-20T15:39:33+00:00\",\"dateModified\":\"2022-04-27T22:16:38+00:00\",\"inLanguage\":\"pl-PL\",\"potentialAction\":[{\"@type\":\"ReadAction\",\"target\":[\"https:\\\/\\\/lacomponella.com\\\/WordPress3\\\/?page_id=673\"]}]},{\"@type\":\"ImageObject\",\"inLanguage\":\"pl-PL\",\"@id\":\"https:\\\/\\\/lacomponella.com\\\/WordPress3\\\/?page_id=673#primaryimage\",\"url\":\"http:\\\/\\\/lacomponella.com\\\/WordPress3\\\/wp-content\\\/uploads\\\/2014\\\/08\\\/11178587_991232987555173_1282440913_n1.jpg\",\"contentUrl\":\"http:\\\/\\\/lacomponella.com\\\/WordPress3\\\/wp-content\\\/uploads\\\/2014\\\/08\\\/11178587_991232987555173_1282440913_n1.jpg\"},{\"@type\":\"WebSite\",\"@id\":\"https:\\\/\\\/lacomponella.com\\\/WordPress3\\\/#website\",\"url\":\"https:\\\/\\\/lacomponella.com\\\/WordPress3\\\/\",\"name\":\"La Componella FCI\",\"description\":\"Hodowla Dog Niemiecki, Xolo i Owczarek Belgijski\",\"potentialAction\":[{\"@type\":\"SearchAction\",\"target\":{\"@type\":\"EntryPoint\",\"urlTemplate\":\"https:\\\/\\\/lacomponella.com\\\/WordPress3\\\/?s={search_term_string}\"},\"query-input\":{\"@type\":\"PropertyValueSpecification\",\"valueRequired\":true,\"valueName\":\"search_term_string\"}}],\"inLanguage\":\"pl-PL\"}]}<\/script>\n<!-- \/ Yoast SEO plugin. -->","yoast_head_json":{"title":"- La Componella FCI","robots":{"index":"index","follow":"follow","max-snippet":"max-snippet:-1","max-image-preview":"max-image-preview:large","max-video-preview":"max-video-preview:-1"},"canonical":"https:\/\/lacomponella.com\/WordPress3\/?page_id=673","og_locale":"pl_PL","og_type":"article","og_title":"- La Componella FCI","og_description":"IRINA Du Jardin De L\u2019Olympe Import z Francji Moja wielka mi\u0142o\u015b\u0107, moja MUZA (tak na ni\u0105 m\u00f3wi\u0142am), moja duma. Do ko\u0144ca w \u015bwietnej formie. Jej ostatnia wystawa to Wystawa \u015awiatowa 2021, na kt\u00f3rej (jak zawsze) uzyska\u0142a ocen\u0119 doskona\u0142\u0105&#8230; za t\u0119czowym mostem ur.17.05.2013 Nasz importowana z Francji sunia IRINA Du Jardin De L\u2019Olympe uzyska\u0142a imponuj\u0105ce wyniki [&hellip;]","og_url":"https:\/\/lacomponella.com\/WordPress3\/?page_id=673","og_site_name":"La Componella FCI","article_modified_time":"2022-04-27T22:16:38+00:00","og_image":[{"width":960,"height":640,"url":"https:\/\/lacomponella.com\/WordPress3\/wp-content\/uploads\/2014\/08\/11178587_991232987555173_1282440913_n1.jpg","type":"image\/jpeg"}],"twitter_card":"summary_large_image","twitter_misc":{"Szacowany czas czytania":"2 minuty"},"schema":{"@context":"https:\/\/schema.org","@graph":[{"@type":"WebPage","@id":"https:\/\/lacomponella.com\/WordPress3\/?page_id=673","url":"https:\/\/lacomponella.com\/WordPress3\/?page_id=673","name":"- La Componella FCI","isPartOf":{"@id":"https:\/\/lacomponella.com\/WordPress3\/#website"},"primaryImageOfPage":{"@id":"https:\/\/lacomponella.com\/WordPress3\/?page_id=673#primaryimage"},"image":{"@id":"https:\/\/lacomponella.com\/WordPress3\/?page_id=673#primaryimage"},"thumbnailUrl":"http:\/\/lacomponella.com\/WordPress3\/wp-content\/uploads\/2014\/08\/11178587_991232987555173_1282440913_n1.jpg","datePublished":"2014-08-20T15:39:33+00:00","dateModified":"2022-04-27T22:16:38+00:00","inLanguage":"pl-PL","potentialAction":[{"@type":"ReadAction","target":["https:\/\/lacomponella.com\/WordPress3\/?page_id=673"]}]},{"@type":"ImageObject","inLanguage":"pl-PL","@id":"https:\/\/lacomponella.com\/WordPress3\/?page_id=673#primaryimage","url":"http:\/\/lacomponella.com\/WordPress3\/wp-content\/uploads\/2014\/08\/11178587_991232987555173_1282440913_n1.jpg","contentUrl":"http:\/\/lacomponella.com\/WordPress3\/wp-content\/uploads\/2014\/08\/11178587_991232987555173_1282440913_n1.jpg"},{"@type":"WebSite","@id":"https:\/\/lacomponella.com\/WordPress3\/#website","url":"https:\/\/lacomponella.com\/WordPress3\/","name":"La Componella FCI","description":"Hodowla Dog Niemiecki, Xolo i Owczarek Belgijski","potentialAction":[{"@type":"SearchAction","target":{"@type":"EntryPoint","urlTemplate":"https:\/\/lacomponella.com\/WordPress3\/?s={search_term_string}"},"query-input":{"@type":"PropertyValueSpecification","valueRequired":true,"valueName":"search_term_string"}}],"inLanguage":"pl-PL"}]}},"_links":{"self":[{"href":"https:\/\/lacomponella.com\/WordPress3\/index.php?rest_route=\/wp\/v2\/pages\/673","targetHints":{"allow":["GET"]}}],"collection":[{"href":"https:\/\/lacomponella.com\/WordPress3\/index.php?rest_route=\/wp\/v2\/pages"}],"about":[{"href":"https:\/\/lacomponella.com\/WordPress3\/index.php?rest_route=\/wp\/v2\/types\/page"}],"author":[{"embeddable":true,"href":"https:\/\/lacomponella.com\/WordPress3\/index.php?rest_route=\/wp\/v2\/users\/1"}],"replies":[{"embeddable":true,"href":"https:\/\/lacomponella.com\/WordPress3\/index.php?rest_route=%2Fwp%2Fv2%2Fcomments&post=673"}],"version-history":[{"count":19,"href":"https:\/\/lacomponella.com\/WordPress3\/index.php?rest_route=\/wp\/v2\/pages\/673\/revisions"}],"predecessor-version":[{"id":9653,"href":"https:\/\/lacomponella.com\/WordPress3\/index.php?rest_route=\/wp\/v2\/pages\/673\/revisions\/9653"}],"wp:attachment":[{"href":"https:\/\/lacomponella.com\/WordPress3\/index.php?rest_route=%2Fwp%2Fv2%2Fmedia&parent=673"}],"curies":[{"name":"wp","href":"https:\/\/api.w.org\/{rel}","templated":true}]}}