{"id":7191,"date":"2019-11-16T21:45:53","date_gmt":"2019-11-16T21:45:53","guid":{"rendered":"http:\/\/lacomponella.com\/WordPress3\/?page_id=7191"},"modified":"2019-11-16T21:45:54","modified_gmt":"2019-11-16T21:45:54","slug":"miot-p-2019","status":"publish","type":"page","link":"https:\/\/lacomponella.com\/WordPress3\/?page_id=7191","title":{"rendered":"Miot P &#8211; 2019"},"content":{"rendered":"<strong>\u00a0 \u00a0 \u00a0 \u00a0 \u00a0 \u00a0 \u00a0 \u00a0 Miot &#8222;P&#8221; ur.01.09.2019<\/strong>\n\n<strong>Mamy 7 szczeni\u0105t:)\u00a0<\/strong>\n\n<img fetchpriority=\"high\" decoding=\"async\" class=\"aligncenter size-full wp-image-6723\" src=\"http:\/\/lacomponella.com\/WordPress3\/wp-content\/uploads\/2019\/09\/LaComponella.jpg\" alt=\"\" width=\"3803\" height=\"4362\" srcset=\"https:\/\/lacomponella.com\/WordPress3\/wp-content\/uploads\/2019\/09\/LaComponella.jpg 3803w, https:\/\/lacomponella.com\/WordPress3\/wp-content\/uploads\/2019\/09\/LaComponella-262x300.jpg 262w, https:\/\/lacomponella.com\/WordPress3\/wp-content\/uploads\/2019\/09\/LaComponella-768x881.jpg 768w, https:\/\/lacomponella.com\/WordPress3\/wp-content\/uploads\/2019\/09\/LaComponella-893x1024.jpg 893w\" sizes=\"(max-width: 3803px) 100vw, 3803px\" \/>\n\nSzczeni\u0119ta 5 tygodni:\n\nCzarna suczka PUMBA &#8211; zosta\u0142a w hodowli, mieszka ze wsp\u00f3\u0142w\u0142a\u015bcicielk\u0105\n<img decoding=\"async\" class=\"aligncenter size-full wp-image-6755\" src=\"http:\/\/lacomponella.com\/WordPress3\/wp-content\/uploads\/2019\/10\/IMG_1292.jpg\" alt=\"\" width=\"2400\" height=\"1600\" srcset=\"https:\/\/lacomponella.com\/WordPress3\/wp-content\/uploads\/2019\/10\/IMG_1292.jpg 2400w, https:\/\/lacomponella.com\/WordPress3\/wp-content\/uploads\/2019\/10\/IMG_1292-300x200.jpg 300w, https:\/\/lacomponella.com\/WordPress3\/wp-content\/uploads\/2019\/10\/IMG_1292-768x512.jpg 768w, https:\/\/lacomponella.com\/WordPress3\/wp-content\/uploads\/2019\/10\/IMG_1292-1024x683.jpg 1024w\" sizes=\"(max-width: 2400px) 100vw, 2400px\" \/> <img decoding=\"async\" class=\"aligncenter size-full wp-image-6756\" src=\"http:\/\/lacomponella.com\/WordPress3\/wp-content\/uploads\/2019\/10\/IMG_1294.jpg\" alt=\"\" width=\"2400\" height=\"1600\" srcset=\"https:\/\/lacomponella.com\/WordPress3\/wp-content\/uploads\/2019\/10\/IMG_1294.jpg 2400w, https:\/\/lacomponella.com\/WordPress3\/wp-content\/uploads\/2019\/10\/IMG_1294-300x200.jpg 300w, https:\/\/lacomponella.com\/WordPress3\/wp-content\/uploads\/2019\/10\/IMG_1294-768x512.jpg 768w, https:\/\/lacomponella.com\/WordPress3\/wp-content\/uploads\/2019\/10\/IMG_1294-1024x683.jpg 1024w\" sizes=\"(max-width: 2400px) 100vw, 2400px\" \/>\n\nCzarna suczka PELARGONIA &#8211;\u00a0mieszka w nowym domu\n<img loading=\"lazy\" decoding=\"async\" class=\"aligncenter size-full wp-image-6757\" src=\"http:\/\/lacomponella.com\/WordPress3\/wp-content\/uploads\/2019\/10\/IMG_1325.jpg\" alt=\"\" width=\"2400\" height=\"1600\" srcset=\"https:\/\/lacomponella.com\/WordPress3\/wp-content\/uploads\/2019\/10\/IMG_1325.jpg 2400w, https:\/\/lacomponella.com\/WordPress3\/wp-content\/uploads\/2019\/10\/IMG_1325-300x200.jpg 300w, https:\/\/lacomponella.com\/WordPress3\/wp-content\/uploads\/2019\/10\/IMG_1325-768x512.jpg 768w, https:\/\/lacomponella.com\/WordPress3\/wp-content\/uploads\/2019\/10\/IMG_1325-1024x683.jpg 1024w\" sizes=\"(max-width: 2400px) 100vw, 2400px\" \/> <img loading=\"lazy\" decoding=\"async\" class=\"aligncenter size-full wp-image-6758\" src=\"http:\/\/lacomponella.com\/WordPress3\/wp-content\/uploads\/2019\/10\/IMG_1336.jpg\" alt=\"\" width=\"2400\" height=\"1600\" srcset=\"https:\/\/lacomponella.com\/WordPress3\/wp-content\/uploads\/2019\/10\/IMG_1336.jpg 2400w, https:\/\/lacomponella.com\/WordPress3\/wp-content\/uploads\/2019\/10\/IMG_1336-300x200.jpg 300w, https:\/\/lacomponella.com\/WordPress3\/wp-content\/uploads\/2019\/10\/IMG_1336-768x512.jpg 768w, https:\/\/lacomponella.com\/WordPress3\/wp-content\/uploads\/2019\/10\/IMG_1336-1024x683.jpg 1024w\" sizes=\"(max-width: 2400px) 100vw, 2400px\" \/>\nCzarna suczka PRETTY BLETKA &#8211; mieszka w nowym domu\n<img loading=\"lazy\" decoding=\"async\" class=\"aligncenter size-full wp-image-6759\" src=\"http:\/\/lacomponella.com\/WordPress3\/wp-content\/uploads\/2019\/10\/IMG_1371.jpg\" alt=\"\" width=\"2400\" height=\"1600\" srcset=\"https:\/\/lacomponella.com\/WordPress3\/wp-content\/uploads\/2019\/10\/IMG_1371.jpg 2400w, https:\/\/lacomponella.com\/WordPress3\/wp-content\/uploads\/2019\/10\/IMG_1371-300x200.jpg 300w, https:\/\/lacomponella.com\/WordPress3\/wp-content\/uploads\/2019\/10\/IMG_1371-768x512.jpg 768w, https:\/\/lacomponella.com\/WordPress3\/wp-content\/uploads\/2019\/10\/IMG_1371-1024x683.jpg 1024w\" sizes=\"(max-width: 2400px) 100vw, 2400px\" \/> <img loading=\"lazy\" decoding=\"async\" class=\"aligncenter size-full wp-image-6760\" src=\"http:\/\/lacomponella.com\/WordPress3\/wp-content\/uploads\/2019\/10\/IMG_1430.jpg\" alt=\"\" width=\"2400\" height=\"1600\" srcset=\"https:\/\/lacomponella.com\/WordPress3\/wp-content\/uploads\/2019\/10\/IMG_1430.jpg 2400w, https:\/\/lacomponella.com\/WordPress3\/wp-content\/uploads\/2019\/10\/IMG_1430-300x200.jpg 300w, https:\/\/lacomponella.com\/WordPress3\/wp-content\/uploads\/2019\/10\/IMG_1430-768x512.jpg 768w, https:\/\/lacomponella.com\/WordPress3\/wp-content\/uploads\/2019\/10\/IMG_1430-1024x683.jpg 1024w\" sizes=\"(max-width: 2400px) 100vw, 2400px\" \/>\nCzarna suczka PIWONIA &#8211; mieszka w nowym domu\n<img loading=\"lazy\" decoding=\"async\" class=\"aligncenter size-full wp-image-6761\" src=\"http:\/\/lacomponella.com\/WordPress3\/wp-content\/uploads\/2019\/10\/IMG_1461.jpg\" alt=\"\" width=\"2400\" height=\"1600\" srcset=\"https:\/\/lacomponella.com\/WordPress3\/wp-content\/uploads\/2019\/10\/IMG_1461.jpg 2400w, https:\/\/lacomponella.com\/WordPress3\/wp-content\/uploads\/2019\/10\/IMG_1461-300x200.jpg 300w, https:\/\/lacomponella.com\/WordPress3\/wp-content\/uploads\/2019\/10\/IMG_1461-768x512.jpg 768w, https:\/\/lacomponella.com\/WordPress3\/wp-content\/uploads\/2019\/10\/IMG_1461-1024x683.jpg 1024w\" sizes=\"(max-width: 2400px) 100vw, 2400px\" \/> <img loading=\"lazy\" decoding=\"async\" class=\"aligncenter size-full wp-image-6762\" src=\"http:\/\/lacomponella.com\/WordPress3\/wp-content\/uploads\/2019\/10\/IMG_1495.jpg\" alt=\"\" width=\"2400\" height=\"1600\" srcset=\"https:\/\/lacomponella.com\/WordPress3\/wp-content\/uploads\/2019\/10\/IMG_1495.jpg 2400w, https:\/\/lacomponella.com\/WordPress3\/wp-content\/uploads\/2019\/10\/IMG_1495-300x200.jpg 300w, https:\/\/lacomponella.com\/WordPress3\/wp-content\/uploads\/2019\/10\/IMG_1495-768x512.jpg 768w, https:\/\/lacomponella.com\/WordPress3\/wp-content\/uploads\/2019\/10\/IMG_1495-1024x683.jpg 1024w\" sizes=\"(max-width: 2400px) 100vw, 2400px\" \/>\nBlue Merle suczka (b\u0142\u0119kitna merle) PYTHIA &#8211; mieszka w Niemczech\n<img loading=\"lazy\" decoding=\"async\" class=\"aligncenter size-full wp-image-6763\" src=\"http:\/\/lacomponella.com\/WordPress3\/wp-content\/uploads\/2019\/10\/IMG_1699.jpg\" alt=\"\" width=\"2400\" height=\"1600\" srcset=\"https:\/\/lacomponella.com\/WordPress3\/wp-content\/uploads\/2019\/10\/IMG_1699.jpg 2400w, https:\/\/lacomponella.com\/WordPress3\/wp-content\/uploads\/2019\/10\/IMG_1699-300x200.jpg 300w, https:\/\/lacomponella.com\/WordPress3\/wp-content\/uploads\/2019\/10\/IMG_1699-768x512.jpg 768w, https:\/\/lacomponella.com\/WordPress3\/wp-content\/uploads\/2019\/10\/IMG_1699-1024x683.jpg 1024w\" sizes=\"(max-width: 2400px) 100vw, 2400px\" \/> <img loading=\"lazy\" decoding=\"async\" class=\"aligncenter size-full wp-image-6764\" src=\"http:\/\/lacomponella.com\/WordPress3\/wp-content\/uploads\/2019\/10\/IMG_1737.jpg\" alt=\"\" width=\"2400\" height=\"1600\" srcset=\"https:\/\/lacomponella.com\/WordPress3\/wp-content\/uploads\/2019\/10\/IMG_1737.jpg 2400w, https:\/\/lacomponella.com\/WordPress3\/wp-content\/uploads\/2019\/10\/IMG_1737-300x200.jpg 300w, https:\/\/lacomponella.com\/WordPress3\/wp-content\/uploads\/2019\/10\/IMG_1737-768x512.jpg 768w, https:\/\/lacomponella.com\/WordPress3\/wp-content\/uploads\/2019\/10\/IMG_1737-1024x683.jpg 1024w\" sizes=\"(max-width: 2400px) 100vw, 2400px\" \/>\nB\u0142\u0119kitny ch\u0142opiec PEDRO ALMODOVAR- mieszka w Warszawie\n<img loading=\"lazy\" decoding=\"async\" class=\"aligncenter size-full wp-image-6765\" src=\"http:\/\/lacomponella.com\/WordPress3\/wp-content\/uploads\/2019\/10\/IMG_1546.jpg\" alt=\"\" width=\"2400\" height=\"1600\" srcset=\"https:\/\/lacomponella.com\/WordPress3\/wp-content\/uploads\/2019\/10\/IMG_1546.jpg 2400w, https:\/\/lacomponella.com\/WordPress3\/wp-content\/uploads\/2019\/10\/IMG_1546-300x200.jpg 300w, https:\/\/lacomponella.com\/WordPress3\/wp-content\/uploads\/2019\/10\/IMG_1546-768x512.jpg 768w, https:\/\/lacomponella.com\/WordPress3\/wp-content\/uploads\/2019\/10\/IMG_1546-1024x683.jpg 1024w\" sizes=\"(max-width: 2400px) 100vw, 2400px\" \/> <img loading=\"lazy\" decoding=\"async\" class=\"aligncenter size-full wp-image-6766\" src=\"http:\/\/lacomponella.com\/WordPress3\/wp-content\/uploads\/2019\/10\/IMG_1601.jpg\" alt=\"\" width=\"2400\" height=\"1600\" srcset=\"https:\/\/lacomponella.com\/WordPress3\/wp-content\/uploads\/2019\/10\/IMG_1601.jpg 2400w, https:\/\/lacomponella.com\/WordPress3\/wp-content\/uploads\/2019\/10\/IMG_1601-300x200.jpg 300w, https:\/\/lacomponella.com\/WordPress3\/wp-content\/uploads\/2019\/10\/IMG_1601-768x512.jpg 768w, https:\/\/lacomponella.com\/WordPress3\/wp-content\/uploads\/2019\/10\/IMG_1601-1024x683.jpg 1024w\" sizes=\"(max-width: 2400px) 100vw, 2400px\" \/>\nCh\u0142opiec arlekin PERSEUS &#8211; mieszka w USA\n<img loading=\"lazy\" decoding=\"async\" class=\"aligncenter size-full wp-image-6767\" src=\"http:\/\/lacomponella.com\/WordPress3\/wp-content\/uploads\/2019\/10\/IMG_1100.jpg\" alt=\"\" width=\"2400\" height=\"1600\" srcset=\"https:\/\/lacomponella.com\/WordPress3\/wp-content\/uploads\/2019\/10\/IMG_1100.jpg 2400w, https:\/\/lacomponella.com\/WordPress3\/wp-content\/uploads\/2019\/10\/IMG_1100-300x200.jpg 300w, https:\/\/lacomponella.com\/WordPress3\/wp-content\/uploads\/2019\/10\/IMG_1100-768x512.jpg 768w, https:\/\/lacomponella.com\/WordPress3\/wp-content\/uploads\/2019\/10\/IMG_1100-1024x683.jpg 1024w\" sizes=\"(max-width: 2400px) 100vw, 2400px\" \/> <img loading=\"lazy\" decoding=\"async\" class=\"aligncenter size-full wp-image-6768\" src=\"http:\/\/lacomponella.com\/WordPress3\/wp-content\/uploads\/2019\/10\/IMG_1143.jpg\" alt=\"\" width=\"2400\" height=\"1600\" srcset=\"https:\/\/lacomponella.com\/WordPress3\/wp-content\/uploads\/2019\/10\/IMG_1143.jpg 2400w, https:\/\/lacomponella.com\/WordPress3\/wp-content\/uploads\/2019\/10\/IMG_1143-300x200.jpg 300w, https:\/\/lacomponella.com\/WordPress3\/wp-content\/uploads\/2019\/10\/IMG_1143-768x512.jpg 768w, https:\/\/lacomponella.com\/WordPress3\/wp-content\/uploads\/2019\/10\/IMG_1143-1024x683.jpg 1024w\" sizes=\"(max-width: 2400px) 100vw, 2400px\" \/>\nRodzice miotu:\n\n<strong>Matka: JORDANIA\u00a0Du Jardin De L\u2019Olympe<\/strong>\n\n<img loading=\"lazy\" decoding=\"async\" class=\"aligncenter size-full wp-image-6688\" src=\"http:\/\/lacomponella.com\/WordPress3\/wp-content\/uploads\/2019\/08\/Ola5.jpg\" alt=\"\" width=\"4288\" height=\"2848\" srcset=\"https:\/\/lacomponella.com\/WordPress3\/wp-content\/uploads\/2019\/08\/Ola5.jpg 4288w, https:\/\/lacomponella.com\/WordPress3\/wp-content\/uploads\/2019\/08\/Ola5-300x199.jpg 300w, https:\/\/lacomponella.com\/WordPress3\/wp-content\/uploads\/2019\/08\/Ola5-768x510.jpg 768w, https:\/\/lacomponella.com\/WordPress3\/wp-content\/uploads\/2019\/08\/Ola5-1024x680.jpg 1024w\" sizes=\"(max-width: 4288px) 100vw, 4288px\" \/>\n\n<strong>\nOjciec:\u00a0Brutus Apollo Hase Dog\n<img loading=\"lazy\" decoding=\"async\" class=\"aligncenter size-full wp-image-6689\" src=\"http:\/\/lacomponella.com\/WordPress3\/wp-content\/uploads\/2019\/08\/27752088_412712322485034_4627448225056886835_n.jpg\" alt=\"\" width=\"720\" height=\"960\" srcset=\"https:\/\/lacomponella.com\/WordPress3\/wp-content\/uploads\/2019\/08\/27752088_412712322485034_4627448225056886835_n.jpg 720w, https:\/\/lacomponella.com\/WordPress3\/wp-content\/uploads\/2019\/08\/27752088_412712322485034_4627448225056886835_n-225x300.jpg 225w\" sizes=\"(max-width: 720px) 100vw, 720px\" \/>\n<\/strong>\n\n<strong>***** ******** *********<\/strong>\n\nPok\u00f3j szczeni\u0105t \/ porod\u00f3wka dla szczeni\u0105t\n\n<a href=\"http:\/\/lacomponella.com\/WordPress3\/wp-content\/uploads\/2014\/07\/IMG_38631.jpg\"><img loading=\"lazy\" decoding=\"async\" class=\"alignright size-large wp-image-2166\" src=\"http:\/\/lacomponella.com\/WordPress3\/wp-content\/uploads\/2014\/07\/IMG_38631-1024x683.jpg\" alt=\"IMG_3863\" width=\"604\" height=\"403\" srcset=\"https:\/\/lacomponella.com\/WordPress3\/wp-content\/uploads\/2014\/07\/IMG_38631-1024x683.jpg 1024w, https:\/\/lacomponella.com\/WordPress3\/wp-content\/uploads\/2014\/07\/IMG_38631-300x200.jpg 300w\" sizes=\"(max-width: 604px) 100vw, 604px\" \/><\/a><a href=\"http:\/\/lacomponella.com\/WordPress3\/wp-content\/uploads\/2014\/07\/IMG_38631.jpg\">\u00a0<\/a>\n\n ","protected":false},"excerpt":{"rendered":"<p>\u00a0 \u00a0 \u00a0 \u00a0 \u00a0 \u00a0 \u00a0 \u00a0 Miot &#8222;P&#8221; ur.01.09.2019 Mamy 7 szczeni\u0105t:)\u00a0 Szczeni\u0119ta 5 tygodni: Czarna suczka PUMBA &#8211; zosta\u0142a w hodowli, mieszka ze wsp\u00f3\u0142w\u0142a\u015bcicielk\u0105 Czarna suczka PELARGONIA &#8211;\u00a0mieszka w nowym domu Czarna suczka PRETTY BLETKA &#8211; mieszka w nowym domu Czarna suczka PIWONIA &#8211; mieszka w nowym domu Blue Merle suczka (b\u0142\u0119kitna [&hellip;]<\/p>\n","protected":false},"author":1,"featured_media":0,"parent":0,"menu_order":0,"comment_status":"closed","ping_status":"closed","template":"","meta":{"footnotes":""},"class_list":["post-7191","page","type-page","status-publish","hentry"],"yoast_head":"<!-- This site is optimized with the Yoast SEO plugin v27.4 - https:\/\/yoast.com\/product\/yoast-seo-wordpress\/ -->\n<title>Miot P - 2019 - La Componella FCI<\/title>\n<meta name=\"robots\" content=\"index, follow, max-snippet:-1, max-image-preview:large, max-video-preview:-1\" \/>\n<link rel=\"canonical\" href=\"https:\/\/lacomponella.com\/WordPress3\/?page_id=7191\" \/>\n<meta property=\"og:locale\" content=\"pl_PL\" \/>\n<meta property=\"og:type\" content=\"article\" \/>\n<meta property=\"og:title\" content=\"Miot P - 2019 - La Componella FCI\" \/>\n<meta property=\"og:description\" content=\"\u00a0 \u00a0 \u00a0 \u00a0 \u00a0 \u00a0 \u00a0 \u00a0 Miot &#8222;P&#8221; ur.01.09.2019 Mamy 7 szczeni\u0105t:)\u00a0 Szczeni\u0119ta 5 tygodni: Czarna suczka PUMBA &#8211; zosta\u0142a w hodowli, mieszka ze wsp\u00f3\u0142w\u0142a\u015bcicielk\u0105 Czarna suczka PELARGONIA &#8211;\u00a0mieszka w nowym domu Czarna suczka PRETTY BLETKA &#8211; mieszka w nowym domu Czarna suczka PIWONIA &#8211; mieszka w nowym domu Blue Merle suczka (b\u0142\u0119kitna [&hellip;]\" \/>\n<meta property=\"og:url\" content=\"https:\/\/lacomponella.com\/WordPress3\/?page_id=7191\" \/>\n<meta property=\"og:site_name\" content=\"La Componella FCI\" \/>\n<meta property=\"article:modified_time\" content=\"2019-11-16T21:45:54+00:00\" \/>\n<meta property=\"og:image\" content=\"https:\/\/lacomponella.com\/WordPress3\/wp-content\/uploads\/2019\/09\/LaComponella-893x1024.jpg\" \/>\n\t<meta property=\"og:image:width\" content=\"893\" \/>\n\t<meta property=\"og:image:height\" content=\"1024\" \/>\n\t<meta property=\"og:image:type\" content=\"image\/jpeg\" \/>\n<meta name=\"twitter:card\" content=\"summary_large_image\" \/>\n<script type=\"application\/ld+json\" class=\"yoast-schema-graph\">{\"@context\":\"https:\\\/\\\/schema.org\",\"@graph\":[{\"@type\":\"WebPage\",\"@id\":\"https:\\\/\\\/lacomponella.com\\\/WordPress3\\\/?page_id=7191\",\"url\":\"https:\\\/\\\/lacomponella.com\\\/WordPress3\\\/?page_id=7191\",\"name\":\"Miot P - 2019 - La Componella FCI\",\"isPartOf\":{\"@id\":\"https:\\\/\\\/lacomponella.com\\\/WordPress3\\\/#website\"},\"primaryImageOfPage\":{\"@id\":\"https:\\\/\\\/lacomponella.com\\\/WordPress3\\\/?page_id=7191#primaryimage\"},\"image\":{\"@id\":\"https:\\\/\\\/lacomponella.com\\\/WordPress3\\\/?page_id=7191#primaryimage\"},\"thumbnailUrl\":\"http:\\\/\\\/lacomponella.com\\\/WordPress3\\\/wp-content\\\/uploads\\\/2019\\\/09\\\/LaComponella.jpg\",\"datePublished\":\"2019-11-16T21:45:53+00:00\",\"dateModified\":\"2019-11-16T21:45:54+00:00\",\"breadcrumb\":{\"@id\":\"https:\\\/\\\/lacomponella.com\\\/WordPress3\\\/?page_id=7191#breadcrumb\"},\"inLanguage\":\"pl-PL\",\"potentialAction\":[{\"@type\":\"ReadAction\",\"target\":[\"https:\\\/\\\/lacomponella.com\\\/WordPress3\\\/?page_id=7191\"]}]},{\"@type\":\"ImageObject\",\"inLanguage\":\"pl-PL\",\"@id\":\"https:\\\/\\\/lacomponella.com\\\/WordPress3\\\/?page_id=7191#primaryimage\",\"url\":\"https:\\\/\\\/lacomponella.com\\\/WordPress3\\\/wp-content\\\/uploads\\\/2019\\\/09\\\/LaComponella.jpg\",\"contentUrl\":\"https:\\\/\\\/lacomponella.com\\\/WordPress3\\\/wp-content\\\/uploads\\\/2019\\\/09\\\/LaComponella.jpg\",\"width\":3803,\"height\":4362},{\"@type\":\"BreadcrumbList\",\"@id\":\"https:\\\/\\\/lacomponella.com\\\/WordPress3\\\/?page_id=7191#breadcrumb\",\"itemListElement\":[{\"@type\":\"ListItem\",\"position\":1,\"name\":\"Strona g\u0142\u00f3wna\",\"item\":\"https:\\\/\\\/lacomponella.com\\\/WordPress3\\\/?page_id=4991\"},{\"@type\":\"ListItem\",\"position\":2,\"name\":\"Miot P &#8211; 2019\"}]},{\"@type\":\"WebSite\",\"@id\":\"https:\\\/\\\/lacomponella.com\\\/WordPress3\\\/#website\",\"url\":\"https:\\\/\\\/lacomponella.com\\\/WordPress3\\\/\",\"name\":\"La Componella FCI\",\"description\":\"Hodowla Dog Niemiecki, Xolo i Owczarek Belgijski\",\"potentialAction\":[{\"@type\":\"SearchAction\",\"target\":{\"@type\":\"EntryPoint\",\"urlTemplate\":\"https:\\\/\\\/lacomponella.com\\\/WordPress3\\\/?s={search_term_string}\"},\"query-input\":{\"@type\":\"PropertyValueSpecification\",\"valueRequired\":true,\"valueName\":\"search_term_string\"}}],\"inLanguage\":\"pl-PL\"}]}<\/script>\n<!-- \/ Yoast SEO plugin. -->","yoast_head_json":{"title":"Miot P - 2019 - La Componella FCI","robots":{"index":"index","follow":"follow","max-snippet":"max-snippet:-1","max-image-preview":"max-image-preview:large","max-video-preview":"max-video-preview:-1"},"canonical":"https:\/\/lacomponella.com\/WordPress3\/?page_id=7191","og_locale":"pl_PL","og_type":"article","og_title":"Miot P - 2019 - La Componella FCI","og_description":"\u00a0 \u00a0 \u00a0 \u00a0 \u00a0 \u00a0 \u00a0 \u00a0 Miot &#8222;P&#8221; ur.01.09.2019 Mamy 7 szczeni\u0105t:)\u00a0 Szczeni\u0119ta 5 tygodni: Czarna suczka PUMBA &#8211; zosta\u0142a w hodowli, mieszka ze wsp\u00f3\u0142w\u0142a\u015bcicielk\u0105 Czarna suczka PELARGONIA &#8211;\u00a0mieszka w nowym domu Czarna suczka PRETTY BLETKA &#8211; mieszka w nowym domu Czarna suczka PIWONIA &#8211; mieszka w nowym domu Blue Merle suczka (b\u0142\u0119kitna [&hellip;]","og_url":"https:\/\/lacomponella.com\/WordPress3\/?page_id=7191","og_site_name":"La Componella FCI","article_modified_time":"2019-11-16T21:45:54+00:00","og_image":[{"width":893,"height":1024,"url":"https:\/\/lacomponella.com\/WordPress3\/wp-content\/uploads\/2019\/09\/LaComponella-893x1024.jpg","type":"image\/jpeg"}],"twitter_card":"summary_large_image","schema":{"@context":"https:\/\/schema.org","@graph":[{"@type":"WebPage","@id":"https:\/\/lacomponella.com\/WordPress3\/?page_id=7191","url":"https:\/\/lacomponella.com\/WordPress3\/?page_id=7191","name":"Miot P - 2019 - La Componella FCI","isPartOf":{"@id":"https:\/\/lacomponella.com\/WordPress3\/#website"},"primaryImageOfPage":{"@id":"https:\/\/lacomponella.com\/WordPress3\/?page_id=7191#primaryimage"},"image":{"@id":"https:\/\/lacomponella.com\/WordPress3\/?page_id=7191#primaryimage"},"thumbnailUrl":"http:\/\/lacomponella.com\/WordPress3\/wp-content\/uploads\/2019\/09\/LaComponella.jpg","datePublished":"2019-11-16T21:45:53+00:00","dateModified":"2019-11-16T21:45:54+00:00","breadcrumb":{"@id":"https:\/\/lacomponella.com\/WordPress3\/?page_id=7191#breadcrumb"},"inLanguage":"pl-PL","potentialAction":[{"@type":"ReadAction","target":["https:\/\/lacomponella.com\/WordPress3\/?page_id=7191"]}]},{"@type":"ImageObject","inLanguage":"pl-PL","@id":"https:\/\/lacomponella.com\/WordPress3\/?page_id=7191#primaryimage","url":"https:\/\/lacomponella.com\/WordPress3\/wp-content\/uploads\/2019\/09\/LaComponella.jpg","contentUrl":"https:\/\/lacomponella.com\/WordPress3\/wp-content\/uploads\/2019\/09\/LaComponella.jpg","width":3803,"height":4362},{"@type":"BreadcrumbList","@id":"https:\/\/lacomponella.com\/WordPress3\/?page_id=7191#breadcrumb","itemListElement":[{"@type":"ListItem","position":1,"name":"Strona g\u0142\u00f3wna","item":"https:\/\/lacomponella.com\/WordPress3\/?page_id=4991"},{"@type":"ListItem","position":2,"name":"Miot P &#8211; 2019"}]},{"@type":"WebSite","@id":"https:\/\/lacomponella.com\/WordPress3\/#website","url":"https:\/\/lacomponella.com\/WordPress3\/","name":"La Componella FCI","description":"Hodowla Dog Niemiecki, Xolo i Owczarek Belgijski","potentialAction":[{"@type":"SearchAction","target":{"@type":"EntryPoint","urlTemplate":"https:\/\/lacomponella.com\/WordPress3\/?s={search_term_string}"},"query-input":{"@type":"PropertyValueSpecification","valueRequired":true,"valueName":"search_term_string"}}],"inLanguage":"pl-PL"}]}},"_links":{"self":[{"href":"https:\/\/lacomponella.com\/WordPress3\/index.php?rest_route=\/wp\/v2\/pages\/7191","targetHints":{"allow":["GET"]}}],"collection":[{"href":"https:\/\/lacomponella.com\/WordPress3\/index.php?rest_route=\/wp\/v2\/pages"}],"about":[{"href":"https:\/\/lacomponella.com\/WordPress3\/index.php?rest_route=\/wp\/v2\/types\/page"}],"author":[{"embeddable":true,"href":"https:\/\/lacomponella.com\/WordPress3\/index.php?rest_route=\/wp\/v2\/users\/1"}],"replies":[{"embeddable":true,"href":"https:\/\/lacomponella.com\/WordPress3\/index.php?rest_route=%2Fwp%2Fv2%2Fcomments&post=7191"}],"version-history":[{"count":2,"href":"https:\/\/lacomponella.com\/WordPress3\/index.php?rest_route=\/wp\/v2\/pages\/7191\/revisions"}],"predecessor-version":[{"id":7479,"href":"https:\/\/lacomponella.com\/WordPress3\/index.php?rest_route=\/wp\/v2\/pages\/7191\/revisions\/7479"}],"wp:attachment":[{"href":"https:\/\/lacomponella.com\/WordPress3\/index.php?rest_route=%2Fwp%2Fv2%2Fmedia&parent=7191"}],"curies":[{"name":"wp","href":"https:\/\/api.w.org\/{rel}","templated":true}]}}