{"id":7777,"date":"2020-05-19T20:40:31","date_gmt":"2020-05-19T20:40:31","guid":{"rendered":"http:\/\/lacomponella.com\/WordPress3\/?page_id=7777"},"modified":"2020-05-19T20:40:32","modified_gmt":"2020-05-19T20:40:32","slug":"miot-w-2020","status":"publish","type":"page","link":"https:\/\/lacomponella.com\/WordPress3\/?page_id=7777","title":{"rendered":"Miot W &#8211; 2020"},"content":{"rendered":"<p>Ojciec:\u00a0<strong>VICTOR VALDES\u00a0du Chemin des Sorci\u00e9res<\/strong><strong><br \/>\n<\/strong>Matka<strong>:\u00a0TULUZA La Componella FCI<\/strong><\/p>\n<p>5 szczeni\u0105t, ur.25.03.2020<\/p>\n<p><strong>Pieski:<\/strong><br \/>\nWIRUS \u2013 Polska<br \/>\nWITEK \u2013 Polska<\/p>\n<p><strong>Suczki:<br \/>\n<\/strong>WAZA \u2013 Polska<br \/>\nWABI \u2013 Polska<br \/>\nWIRA \u2013 Polska<\/p>\n<p><strong>matka: TULUZA La Componella FCI<\/strong><br \/>\nMatka szczeni\u0105t to suczka o wyj\u0105tkowo spokojnej psychice, doskonale funkcjonuj\u0105ca z dw\u00f3jk\u0105 ma\u0142ych dzieci. Przy odchowie maluszk\u00f3w wykazuje si\u0119 cierpliwo\u015bci\u0105, trosk\u0105 i zaanga\u017cowaniem. Ale nie mo\u017ce by\u0107 inaczej jak ma takiego pomocnika:))<\/p>\n<p><span style=\"color: #800080;\"><strong><span style=\"color: #ff0000;\"><img fetchpriority=\"high\" decoding=\"async\" class=\"aligncenter size-full wp-image-7546\" src=\"http:\/\/lacomponella.com\/WordPress3\/wp-content\/uploads\/2020\/03\/91250040_159404488586664_420794756491116544_n.jpg\" alt=\"\" width=\"1536\" height=\"2048\" srcset=\"https:\/\/lacomponella.com\/WordPress3\/wp-content\/uploads\/2020\/03\/91250040_159404488586664_420794756491116544_n.jpg 1536w, https:\/\/lacomponella.com\/WordPress3\/wp-content\/uploads\/2020\/03\/91250040_159404488586664_420794756491116544_n-225x300.jpg 225w, https:\/\/lacomponella.com\/WordPress3\/wp-content\/uploads\/2020\/03\/91250040_159404488586664_420794756491116544_n-768x1024.jpg 768w\" sizes=\"(max-width: 1536px) 100vw, 1536px\" \/> <img decoding=\"async\" class=\"aligncenter size-full wp-image-7547\" src=\"http:\/\/lacomponella.com\/WordPress3\/wp-content\/uploads\/2020\/03\/91447536_237003534111022_4940502332287746048_n.jpg\" alt=\"\" width=\"2048\" height=\"1536\" srcset=\"https:\/\/lacomponella.com\/WordPress3\/wp-content\/uploads\/2020\/03\/91447536_237003534111022_4940502332287746048_n.jpg 2048w, https:\/\/lacomponella.com\/WordPress3\/wp-content\/uploads\/2020\/03\/91447536_237003534111022_4940502332287746048_n-300x225.jpg 300w, https:\/\/lacomponella.com\/WordPress3\/wp-content\/uploads\/2020\/03\/91447536_237003534111022_4940502332287746048_n-768x576.jpg 768w, https:\/\/lacomponella.com\/WordPress3\/wp-content\/uploads\/2020\/03\/91447536_237003534111022_4940502332287746048_n-1024x768.jpg 1024w\" sizes=\"(max-width: 2048px) 100vw, 2048px\" \/><\/span><img decoding=\"async\" class=\"aligncenter size-full wp-image-7545\" src=\"http:\/\/lacomponella.com\/WordPress3\/wp-content\/uploads\/2020\/03\/91033728_497658620931228_5189823886740422656_n.jpg\" alt=\"\" width=\"2048\" height=\"1536\" srcset=\"https:\/\/lacomponella.com\/WordPress3\/wp-content\/uploads\/2020\/03\/91033728_497658620931228_5189823886740422656_n.jpg 2048w, https:\/\/lacomponella.com\/WordPress3\/wp-content\/uploads\/2020\/03\/91033728_497658620931228_5189823886740422656_n-300x225.jpg 300w, https:\/\/lacomponella.com\/WordPress3\/wp-content\/uploads\/2020\/03\/91033728_497658620931228_5189823886740422656_n-768x576.jpg 768w, https:\/\/lacomponella.com\/WordPress3\/wp-content\/uploads\/2020\/03\/91033728_497658620931228_5189823886740422656_n-1024x768.jpg 1024w\" sizes=\"(max-width: 2048px) 100vw, 2048px\" \/><\/strong><\/span><\/p>\n<h5><strong>**<\/strong><strong>***<\/strong><strong>***<\/strong><strong>* **<\/strong><strong>***<\/strong><strong>***<\/strong><strong>***<\/strong><strong>** *<\/strong><strong>***<\/strong><strong>***<\/strong><\/h5>\n","protected":false},"excerpt":{"rendered":"<p>Ojciec:\u00a0VICTOR VALDES\u00a0du Chemin des Sorci\u00e9res Matka:\u00a0TULUZA La Componella FCI 5 szczeni\u0105t, ur.25.03.2020 Pieski: WIRUS \u2013 Polska WITEK \u2013 Polska Suczki: WAZA \u2013 Polska WABI \u2013 Polska WIRA \u2013 Polska matka: TULUZA La Componella FCI Matka szczeni\u0105t to suczka o wyj\u0105tkowo spokojnej psychice, doskonale funkcjonuj\u0105ca z dw\u00f3jk\u0105 ma\u0142ych dzieci. Przy odchowie maluszk\u00f3w wykazuje si\u0119 cierpliwo\u015bci\u0105, trosk\u0105 [&hellip;]<\/p>\n","protected":false},"author":1,"featured_media":0,"parent":0,"menu_order":0,"comment_status":"closed","ping_status":"closed","template":"","meta":{"footnotes":""},"class_list":["post-7777","page","type-page","status-publish","hentry"],"yoast_head":"<!-- This site is optimized with the Yoast SEO plugin v27.4 - https:\/\/yoast.com\/product\/yoast-seo-wordpress\/ -->\n<title>Miot W - 2020 - La Componella FCI<\/title>\n<meta name=\"robots\" content=\"index, follow, max-snippet:-1, max-image-preview:large, max-video-preview:-1\" \/>\n<link rel=\"canonical\" href=\"https:\/\/lacomponella.com\/WordPress3\/?page_id=7777\" \/>\n<meta property=\"og:locale\" content=\"pl_PL\" \/>\n<meta property=\"og:type\" content=\"article\" \/>\n<meta property=\"og:title\" content=\"Miot W - 2020 - La Componella FCI\" \/>\n<meta property=\"og:description\" content=\"Ojciec:\u00a0VICTOR VALDES\u00a0du Chemin des Sorci\u00e9res Matka:\u00a0TULUZA La Componella FCI 5 szczeni\u0105t, ur.25.03.2020 Pieski: WIRUS \u2013 Polska WITEK \u2013 Polska Suczki: WAZA \u2013 Polska WABI \u2013 Polska WIRA \u2013 Polska matka: TULUZA La Componella FCI Matka szczeni\u0105t to suczka o wyj\u0105tkowo spokojnej psychice, doskonale funkcjonuj\u0105ca z dw\u00f3jk\u0105 ma\u0142ych dzieci. Przy odchowie maluszk\u00f3w wykazuje si\u0119 cierpliwo\u015bci\u0105, trosk\u0105 [&hellip;]\" \/>\n<meta property=\"og:url\" content=\"https:\/\/lacomponella.com\/WordPress3\/?page_id=7777\" \/>\n<meta property=\"og:site_name\" content=\"La Componella FCI\" \/>\n<meta property=\"article:modified_time\" content=\"2020-05-19T20:40:32+00:00\" \/>\n<meta property=\"og:image\" content=\"https:\/\/lacomponella.com\/WordPress3\/wp-content\/uploads\/2020\/03\/91250040_159404488586664_420794756491116544_n.jpg\" \/>\n\t<meta property=\"og:image:width\" content=\"1536\" \/>\n\t<meta property=\"og:image:height\" content=\"2048\" \/>\n\t<meta property=\"og:image:type\" content=\"image\/jpeg\" \/>\n<meta name=\"twitter:card\" content=\"summary_large_image\" \/>\n<script type=\"application\/ld+json\" class=\"yoast-schema-graph\">{\"@context\":\"https:\\\/\\\/schema.org\",\"@graph\":[{\"@type\":\"WebPage\",\"@id\":\"https:\\\/\\\/lacomponella.com\\\/WordPress3\\\/?page_id=7777\",\"url\":\"https:\\\/\\\/lacomponella.com\\\/WordPress3\\\/?page_id=7777\",\"name\":\"Miot W - 2020 - La Componella FCI\",\"isPartOf\":{\"@id\":\"https:\\\/\\\/lacomponella.com\\\/WordPress3\\\/#website\"},\"primaryImageOfPage\":{\"@id\":\"https:\\\/\\\/lacomponella.com\\\/WordPress3\\\/?page_id=7777#primaryimage\"},\"image\":{\"@id\":\"https:\\\/\\\/lacomponella.com\\\/WordPress3\\\/?page_id=7777#primaryimage\"},\"thumbnailUrl\":\"http:\\\/\\\/lacomponella.com\\\/WordPress3\\\/wp-content\\\/uploads\\\/2020\\\/03\\\/91250040_159404488586664_420794756491116544_n.jpg\",\"datePublished\":\"2020-05-19T20:40:31+00:00\",\"dateModified\":\"2020-05-19T20:40:32+00:00\",\"breadcrumb\":{\"@id\":\"https:\\\/\\\/lacomponella.com\\\/WordPress3\\\/?page_id=7777#breadcrumb\"},\"inLanguage\":\"pl-PL\",\"potentialAction\":[{\"@type\":\"ReadAction\",\"target\":[\"https:\\\/\\\/lacomponella.com\\\/WordPress3\\\/?page_id=7777\"]}]},{\"@type\":\"ImageObject\",\"inLanguage\":\"pl-PL\",\"@id\":\"https:\\\/\\\/lacomponella.com\\\/WordPress3\\\/?page_id=7777#primaryimage\",\"url\":\"https:\\\/\\\/lacomponella.com\\\/WordPress3\\\/wp-content\\\/uploads\\\/2020\\\/03\\\/91250040_159404488586664_420794756491116544_n.jpg\",\"contentUrl\":\"https:\\\/\\\/lacomponella.com\\\/WordPress3\\\/wp-content\\\/uploads\\\/2020\\\/03\\\/91250040_159404488586664_420794756491116544_n.jpg\",\"width\":1536,\"height\":2048},{\"@type\":\"BreadcrumbList\",\"@id\":\"https:\\\/\\\/lacomponella.com\\\/WordPress3\\\/?page_id=7777#breadcrumb\",\"itemListElement\":[{\"@type\":\"ListItem\",\"position\":1,\"name\":\"Strona g\u0142\u00f3wna\",\"item\":\"https:\\\/\\\/lacomponella.com\\\/WordPress3\\\/?page_id=4991\"},{\"@type\":\"ListItem\",\"position\":2,\"name\":\"Miot W &#8211; 2020\"}]},{\"@type\":\"WebSite\",\"@id\":\"https:\\\/\\\/lacomponella.com\\\/WordPress3\\\/#website\",\"url\":\"https:\\\/\\\/lacomponella.com\\\/WordPress3\\\/\",\"name\":\"La Componella FCI\",\"description\":\"Hodowla Dog Niemiecki, Xolo i Owczarek Belgijski\",\"potentialAction\":[{\"@type\":\"SearchAction\",\"target\":{\"@type\":\"EntryPoint\",\"urlTemplate\":\"https:\\\/\\\/lacomponella.com\\\/WordPress3\\\/?s={search_term_string}\"},\"query-input\":{\"@type\":\"PropertyValueSpecification\",\"valueRequired\":true,\"valueName\":\"search_term_string\"}}],\"inLanguage\":\"pl-PL\"}]}<\/script>\n<!-- \/ Yoast SEO plugin. -->","yoast_head_json":{"title":"Miot W - 2020 - La Componella FCI","robots":{"index":"index","follow":"follow","max-snippet":"max-snippet:-1","max-image-preview":"max-image-preview:large","max-video-preview":"max-video-preview:-1"},"canonical":"https:\/\/lacomponella.com\/WordPress3\/?page_id=7777","og_locale":"pl_PL","og_type":"article","og_title":"Miot W - 2020 - La Componella FCI","og_description":"Ojciec:\u00a0VICTOR VALDES\u00a0du Chemin des Sorci\u00e9res Matka:\u00a0TULUZA La Componella FCI 5 szczeni\u0105t, ur.25.03.2020 Pieski: WIRUS \u2013 Polska WITEK \u2013 Polska Suczki: WAZA \u2013 Polska WABI \u2013 Polska WIRA \u2013 Polska matka: TULUZA La Componella FCI Matka szczeni\u0105t to suczka o wyj\u0105tkowo spokojnej psychice, doskonale funkcjonuj\u0105ca z dw\u00f3jk\u0105 ma\u0142ych dzieci. Przy odchowie maluszk\u00f3w wykazuje si\u0119 cierpliwo\u015bci\u0105, trosk\u0105 [&hellip;]","og_url":"https:\/\/lacomponella.com\/WordPress3\/?page_id=7777","og_site_name":"La Componella FCI","article_modified_time":"2020-05-19T20:40:32+00:00","og_image":[{"width":1536,"height":2048,"url":"https:\/\/lacomponella.com\/WordPress3\/wp-content\/uploads\/2020\/03\/91250040_159404488586664_420794756491116544_n.jpg","type":"image\/jpeg"}],"twitter_card":"summary_large_image","schema":{"@context":"https:\/\/schema.org","@graph":[{"@type":"WebPage","@id":"https:\/\/lacomponella.com\/WordPress3\/?page_id=7777","url":"https:\/\/lacomponella.com\/WordPress3\/?page_id=7777","name":"Miot W - 2020 - La Componella FCI","isPartOf":{"@id":"https:\/\/lacomponella.com\/WordPress3\/#website"},"primaryImageOfPage":{"@id":"https:\/\/lacomponella.com\/WordPress3\/?page_id=7777#primaryimage"},"image":{"@id":"https:\/\/lacomponella.com\/WordPress3\/?page_id=7777#primaryimage"},"thumbnailUrl":"http:\/\/lacomponella.com\/WordPress3\/wp-content\/uploads\/2020\/03\/91250040_159404488586664_420794756491116544_n.jpg","datePublished":"2020-05-19T20:40:31+00:00","dateModified":"2020-05-19T20:40:32+00:00","breadcrumb":{"@id":"https:\/\/lacomponella.com\/WordPress3\/?page_id=7777#breadcrumb"},"inLanguage":"pl-PL","potentialAction":[{"@type":"ReadAction","target":["https:\/\/lacomponella.com\/WordPress3\/?page_id=7777"]}]},{"@type":"ImageObject","inLanguage":"pl-PL","@id":"https:\/\/lacomponella.com\/WordPress3\/?page_id=7777#primaryimage","url":"https:\/\/lacomponella.com\/WordPress3\/wp-content\/uploads\/2020\/03\/91250040_159404488586664_420794756491116544_n.jpg","contentUrl":"https:\/\/lacomponella.com\/WordPress3\/wp-content\/uploads\/2020\/03\/91250040_159404488586664_420794756491116544_n.jpg","width":1536,"height":2048},{"@type":"BreadcrumbList","@id":"https:\/\/lacomponella.com\/WordPress3\/?page_id=7777#breadcrumb","itemListElement":[{"@type":"ListItem","position":1,"name":"Strona g\u0142\u00f3wna","item":"https:\/\/lacomponella.com\/WordPress3\/?page_id=4991"},{"@type":"ListItem","position":2,"name":"Miot W &#8211; 2020"}]},{"@type":"WebSite","@id":"https:\/\/lacomponella.com\/WordPress3\/#website","url":"https:\/\/lacomponella.com\/WordPress3\/","name":"La Componella FCI","description":"Hodowla Dog Niemiecki, Xolo i Owczarek Belgijski","potentialAction":[{"@type":"SearchAction","target":{"@type":"EntryPoint","urlTemplate":"https:\/\/lacomponella.com\/WordPress3\/?s={search_term_string}"},"query-input":{"@type":"PropertyValueSpecification","valueRequired":true,"valueName":"search_term_string"}}],"inLanguage":"pl-PL"}]}},"_links":{"self":[{"href":"https:\/\/lacomponella.com\/WordPress3\/index.php?rest_route=\/wp\/v2\/pages\/7777","targetHints":{"allow":["GET"]}}],"collection":[{"href":"https:\/\/lacomponella.com\/WordPress3\/index.php?rest_route=\/wp\/v2\/pages"}],"about":[{"href":"https:\/\/lacomponella.com\/WordPress3\/index.php?rest_route=\/wp\/v2\/types\/page"}],"author":[{"embeddable":true,"href":"https:\/\/lacomponella.com\/WordPress3\/index.php?rest_route=\/wp\/v2\/users\/1"}],"replies":[{"embeddable":true,"href":"https:\/\/lacomponella.com\/WordPress3\/index.php?rest_route=%2Fwp%2Fv2%2Fcomments&post=7777"}],"version-history":[{"count":1,"href":"https:\/\/lacomponella.com\/WordPress3\/index.php?rest_route=\/wp\/v2\/pages\/7777\/revisions"}],"predecessor-version":[{"id":7806,"href":"https:\/\/lacomponella.com\/WordPress3\/index.php?rest_route=\/wp\/v2\/pages\/7777\/revisions\/7806"}],"wp:attachment":[{"href":"https:\/\/lacomponella.com\/WordPress3\/index.php?rest_route=%2Fwp%2Fv2%2Fmedia&parent=7777"}],"curies":[{"name":"wp","href":"https:\/\/api.w.org\/{rel}","templated":true}]}}