{"id":7842,"date":"2020-05-19T21:16:08","date_gmt":"2020-05-19T21:16:08","guid":{"rendered":"http:\/\/lacomponella.com\/WordPress3\/?page_id=7842"},"modified":"2022-12-07T19:23:53","modified_gmt":"2022-12-07T19:23:53","slug":"roza-iz-tsarskoselskoy-usadby","status":"publish","type":"page","link":"https:\/\/lacomponella.com\/WordPress3\/?page_id=7842","title":{"rendered":"ROZA iz Tsarskoselskoy Usadby"},"content":{"rendered":"<h4 style=\"text-align: center;\"><strong><span style=\"color: #ff0000;\">Import z Rosji<\/span><\/strong><\/h4>\n<p>ur.02.05.2020<br \/>Nasza wielka duma: bardzo wysoka suka, o idealnej anatomii. D\u0142uga szyja, du\u017ce przedpiersie i g\u0142\u0119boka klatka piersiowa<br \/><img fetchpriority=\"high\" decoding=\"async\" class=\"aligncenter size-full wp-image-7843\" src=\"http:\/\/lacomponella.com\/WordPress3\/wp-content\/uploads\/2020\/05\/Roczna-Roza.jpg\" alt=\"\" width=\"1858\" height=\"1259\" srcset=\"https:\/\/lacomponella.com\/WordPress3\/wp-content\/uploads\/2020\/05\/Roczna-Roza.jpg 1858w, https:\/\/lacomponella.com\/WordPress3\/wp-content\/uploads\/2020\/05\/Roczna-Roza-300x203.jpg 300w, https:\/\/lacomponella.com\/WordPress3\/wp-content\/uploads\/2020\/05\/Roczna-Roza-768x520.jpg 768w, https:\/\/lacomponella.com\/WordPress3\/wp-content\/uploads\/2020\/05\/Roczna-Roza-1024x694.jpg 1024w\" sizes=\"(max-width: 1858px) 100vw, 1858px\" \/><img decoding=\"async\" class=\"aligncenter size-full wp-image-10345\" src=\"http:\/\/lacomponella.com\/WordPress3\/wp-content\/uploads\/2022\/12\/IMG_9208.jpg\" alt=\"\" width=\"6000\" height=\"4000\" srcset=\"https:\/\/lacomponella.com\/WordPress3\/wp-content\/uploads\/2022\/12\/IMG_9208.jpg 6000w, https:\/\/lacomponella.com\/WordPress3\/wp-content\/uploads\/2022\/12\/IMG_9208-300x200.jpg 300w, https:\/\/lacomponella.com\/WordPress3\/wp-content\/uploads\/2022\/12\/IMG_9208-768x512.jpg 768w, https:\/\/lacomponella.com\/WordPress3\/wp-content\/uploads\/2022\/12\/IMG_9208-1024x683.jpg 1024w\" sizes=\"(max-width: 6000px) 100vw, 6000px\" \/><br \/>Zdrowie:<br \/>HD A\/A, ED 0\/0<br \/>zgryz no\u017cycowy, uz\u0119bienie pe\u0142ne<br \/>echo serca &#8211; nie ma przeciwskaza\u0144 do rozrodu<br \/><br \/>matka: ZHUZHANA\u00a0iz Tsarskoselskoy Usadby<br \/><span style=\"color: black;\">Grand Champion of Russia<br \/>Champion of Russia<br \/><\/span><span style=\"color: black;\">Champion of Belarus<br \/><\/span><span style=\"color: black;\">Champion of Estonia<br \/><\/span><span style=\"color: black;\">Champion of Lithuania<br \/><\/span>G<span style=\"color: black;\">rand Champion of Russia<br \/><\/span>Junior Champion of\u00a0<span style=\"color: black;\">Russia<\/span><\/p>\n<div id=\"dog_titlestr\" class=\"DictInfoBlock\">HD-A\/A, ED-1 <br \/>Working certificate: T-1<br \/><img decoding=\"async\" class=\"aligncenter size-full wp-image-10335\" src=\"http:\/\/lacomponella.com\/WordPress3\/wp-content\/uploads\/2022\/12\/zuzanna12.jpg\" alt=\"\" width=\"800\" height=\"533\" srcset=\"https:\/\/lacomponella.com\/WordPress3\/wp-content\/uploads\/2022\/12\/zuzanna12.jpg 800w, https:\/\/lacomponella.com\/WordPress3\/wp-content\/uploads\/2022\/12\/zuzanna12-300x200.jpg 300w, https:\/\/lacomponella.com\/WordPress3\/wp-content\/uploads\/2022\/12\/zuzanna12-768x512.jpg 768w\" sizes=\"(max-width: 800px) 100vw, 800px\" \/> <img loading=\"lazy\" decoding=\"async\" class=\"aligncenter size-full wp-image-10336\" src=\"http:\/\/lacomponella.com\/WordPress3\/wp-content\/uploads\/2022\/12\/zuzanna14.jpg\" alt=\"\" width=\"800\" height=\"716\" srcset=\"https:\/\/lacomponella.com\/WordPress3\/wp-content\/uploads\/2022\/12\/zuzanna14.jpg 800w, https:\/\/lacomponella.com\/WordPress3\/wp-content\/uploads\/2022\/12\/zuzanna14-300x269.jpg 300w, https:\/\/lacomponella.com\/WordPress3\/wp-content\/uploads\/2022\/12\/zuzanna14-768x687.jpg 768w\" sizes=\"(max-width: 800px) 100vw, 800px\" \/> <img loading=\"lazy\" decoding=\"async\" class=\"aligncenter size-full wp-image-10337\" src=\"http:\/\/lacomponella.com\/WordPress3\/wp-content\/uploads\/2022\/12\/zuzanna15.jpg\" alt=\"\" width=\"780\" height=\"1170\" srcset=\"https:\/\/lacomponella.com\/WordPress3\/wp-content\/uploads\/2022\/12\/zuzanna15.jpg 780w, https:\/\/lacomponella.com\/WordPress3\/wp-content\/uploads\/2022\/12\/zuzanna15-200x300.jpg 200w, https:\/\/lacomponella.com\/WordPress3\/wp-content\/uploads\/2022\/12\/zuzanna15-768x1152.jpg 768w, https:\/\/lacomponella.com\/WordPress3\/wp-content\/uploads\/2022\/12\/zuzanna15-683x1024.jpg 683w\" sizes=\"(max-width: 780px) 100vw, 780px\" \/> <img loading=\"lazy\" decoding=\"async\" class=\"aligncenter size-full wp-image-10338\" src=\"http:\/\/lacomponella.com\/WordPress3\/wp-content\/uploads\/2022\/12\/zuzanna16.jpg\" alt=\"\" width=\"640\" height=\"633\" srcset=\"https:\/\/lacomponella.com\/WordPress3\/wp-content\/uploads\/2022\/12\/zuzanna16.jpg 640w, https:\/\/lacomponella.com\/WordPress3\/wp-content\/uploads\/2022\/12\/zuzanna16-300x297.jpg 300w\" sizes=\"(max-width: 640px) 100vw, 640px\" \/><br \/>Ojciec: UNICUM Armada<br \/><span style=\"color: black;\">Champion of Lithuania<br \/><\/span><span style=\"color: black;\">Junior Poland Club Winner<br \/><\/span><span style=\"color: black;\">Lithuanian Club Winner<br \/><\/span><span style=\"color: black;\">Res. Junior European Winner<br \/><\/span><span style=\"color: black;\">Junior Champion of Lithuania<br \/><\/span><img loading=\"lazy\" decoding=\"async\" class=\"aligncenter size-full wp-image-10341\" src=\"http:\/\/lacomponella.com\/WordPress3\/wp-content\/uploads\/2022\/12\/Unicum11.jpg\" alt=\"\" width=\"640\" height=\"659\" srcset=\"https:\/\/lacomponella.com\/WordPress3\/wp-content\/uploads\/2022\/12\/Unicum11.jpg 640w, https:\/\/lacomponella.com\/WordPress3\/wp-content\/uploads\/2022\/12\/Unicum11-291x300.jpg 291w\" sizes=\"(max-width: 640px) 100vw, 640px\" \/> <img loading=\"lazy\" decoding=\"async\" class=\"aligncenter size-full wp-image-10342\" src=\"http:\/\/lacomponella.com\/WordPress3\/wp-content\/uploads\/2022\/12\/unicum12.jpg\" alt=\"\" width=\"492\" height=\"738\" srcset=\"https:\/\/lacomponella.com\/WordPress3\/wp-content\/uploads\/2022\/12\/unicum12.jpg 492w, https:\/\/lacomponella.com\/WordPress3\/wp-content\/uploads\/2022\/12\/unicum12-200x300.jpg 200w\" sizes=\"(max-width: 492px) 100vw, 492px\" \/><br \/><br \/><\/div>\n\n\n<p><br><\/p>\n","protected":false},"excerpt":{"rendered":"<p>Import z Rosji ur.02.05.2020Nasza wielka duma: bardzo wysoka suka, o idealnej anatomii. D\u0142uga szyja, du\u017ce przedpiersie i g\u0142\u0119boka klatka piersiowaZdrowie:HD A\/A, ED 0\/0zgryz no\u017cycowy, uz\u0119bienie pe\u0142neecho serca &#8211; nie ma przeciwskaza\u0144 do rozrodu matka: ZHUZHANA\u00a0iz Tsarskoselskoy UsadbyGrand Champion of RussiaChampion of RussiaChampion of BelarusChampion of EstoniaChampion of LithuaniaGrand Champion of RussiaJunior Champion of\u00a0Russia HD-A\/A, ED-1 [&hellip;]<\/p>\n","protected":false},"author":1,"featured_media":0,"parent":0,"menu_order":0,"comment_status":"closed","ping_status":"closed","template":"","meta":{"footnotes":""},"class_list":["post-7842","page","type-page","status-publish","hentry"],"yoast_head":"<!-- This site is optimized with the Yoast SEO plugin v27.4 - https:\/\/yoast.com\/product\/yoast-seo-wordpress\/ -->\n<title>ROZA iz Tsarskoselskoy Usadby - La Componella FCI<\/title>\n<meta name=\"robots\" content=\"index, follow, max-snippet:-1, max-image-preview:large, max-video-preview:-1\" \/>\n<link rel=\"canonical\" href=\"https:\/\/lacomponella.com\/WordPress3\/?page_id=7842\" \/>\n<meta property=\"og:locale\" content=\"pl_PL\" \/>\n<meta property=\"og:type\" content=\"article\" \/>\n<meta property=\"og:title\" content=\"ROZA iz Tsarskoselskoy Usadby - La Componella FCI\" \/>\n<meta property=\"og:description\" content=\"Import z Rosji ur.02.05.2020Nasza wielka duma: bardzo wysoka suka, o idealnej anatomii. D\u0142uga szyja, du\u017ce przedpiersie i g\u0142\u0119boka klatka piersiowaZdrowie:HD A\/A, ED 0\/0zgryz no\u017cycowy, uz\u0119bienie pe\u0142neecho serca &#8211; nie ma przeciwskaza\u0144 do rozrodu matka: ZHUZHANA\u00a0iz Tsarskoselskoy UsadbyGrand Champion of RussiaChampion of RussiaChampion of BelarusChampion of EstoniaChampion of LithuaniaGrand Champion of RussiaJunior Champion of\u00a0Russia HD-A\/A, ED-1 [&hellip;]\" \/>\n<meta property=\"og:url\" content=\"https:\/\/lacomponella.com\/WordPress3\/?page_id=7842\" \/>\n<meta property=\"og:site_name\" content=\"La Componella FCI\" \/>\n<meta property=\"article:modified_time\" content=\"2022-12-07T19:23:53+00:00\" \/>\n<meta property=\"og:image\" content=\"https:\/\/lacomponella.com\/WordPress3\/wp-content\/uploads\/2020\/05\/Roczna-Roza.jpg\" \/>\n\t<meta property=\"og:image:width\" content=\"1858\" \/>\n\t<meta property=\"og:image:height\" content=\"1259\" \/>\n\t<meta property=\"og:image:type\" content=\"image\/jpeg\" \/>\n<meta name=\"twitter:card\" content=\"summary_large_image\" \/>\n<script type=\"application\/ld+json\" class=\"yoast-schema-graph\">{\"@context\":\"https:\\\/\\\/schema.org\",\"@graph\":[{\"@type\":\"WebPage\",\"@id\":\"https:\\\/\\\/lacomponella.com\\\/WordPress3\\\/?page_id=7842\",\"url\":\"https:\\\/\\\/lacomponella.com\\\/WordPress3\\\/?page_id=7842\",\"name\":\"ROZA iz Tsarskoselskoy Usadby - La Componella FCI\",\"isPartOf\":{\"@id\":\"https:\\\/\\\/lacomponella.com\\\/WordPress3\\\/#website\"},\"primaryImageOfPage\":{\"@id\":\"https:\\\/\\\/lacomponella.com\\\/WordPress3\\\/?page_id=7842#primaryimage\"},\"image\":{\"@id\":\"https:\\\/\\\/lacomponella.com\\\/WordPress3\\\/?page_id=7842#primaryimage\"},\"thumbnailUrl\":\"http:\\\/\\\/lacomponella.com\\\/WordPress3\\\/wp-content\\\/uploads\\\/2020\\\/05\\\/Roczna-Roza.jpg\",\"datePublished\":\"2020-05-19T21:16:08+00:00\",\"dateModified\":\"2022-12-07T19:23:53+00:00\",\"breadcrumb\":{\"@id\":\"https:\\\/\\\/lacomponella.com\\\/WordPress3\\\/?page_id=7842#breadcrumb\"},\"inLanguage\":\"pl-PL\",\"potentialAction\":[{\"@type\":\"ReadAction\",\"target\":[\"https:\\\/\\\/lacomponella.com\\\/WordPress3\\\/?page_id=7842\"]}]},{\"@type\":\"ImageObject\",\"inLanguage\":\"pl-PL\",\"@id\":\"https:\\\/\\\/lacomponella.com\\\/WordPress3\\\/?page_id=7842#primaryimage\",\"url\":\"https:\\\/\\\/lacomponella.com\\\/WordPress3\\\/wp-content\\\/uploads\\\/2020\\\/05\\\/Roczna-Roza.jpg\",\"contentUrl\":\"https:\\\/\\\/lacomponella.com\\\/WordPress3\\\/wp-content\\\/uploads\\\/2020\\\/05\\\/Roczna-Roza.jpg\",\"width\":1858,\"height\":1259},{\"@type\":\"BreadcrumbList\",\"@id\":\"https:\\\/\\\/lacomponella.com\\\/WordPress3\\\/?page_id=7842#breadcrumb\",\"itemListElement\":[{\"@type\":\"ListItem\",\"position\":1,\"name\":\"Strona g\u0142\u00f3wna\",\"item\":\"https:\\\/\\\/lacomponella.com\\\/WordPress3\\\/?page_id=4991\"},{\"@type\":\"ListItem\",\"position\":2,\"name\":\"ROZA iz Tsarskoselskoy Usadby\"}]},{\"@type\":\"WebSite\",\"@id\":\"https:\\\/\\\/lacomponella.com\\\/WordPress3\\\/#website\",\"url\":\"https:\\\/\\\/lacomponella.com\\\/WordPress3\\\/\",\"name\":\"La Componella FCI\",\"description\":\"Hodowla Dog Niemiecki, Xolo i Owczarek Belgijski\",\"potentialAction\":[{\"@type\":\"SearchAction\",\"target\":{\"@type\":\"EntryPoint\",\"urlTemplate\":\"https:\\\/\\\/lacomponella.com\\\/WordPress3\\\/?s={search_term_string}\"},\"query-input\":{\"@type\":\"PropertyValueSpecification\",\"valueRequired\":true,\"valueName\":\"search_term_string\"}}],\"inLanguage\":\"pl-PL\"}]}<\/script>\n<!-- \/ Yoast SEO plugin. -->","yoast_head_json":{"title":"ROZA iz Tsarskoselskoy Usadby - La Componella FCI","robots":{"index":"index","follow":"follow","max-snippet":"max-snippet:-1","max-image-preview":"max-image-preview:large","max-video-preview":"max-video-preview:-1"},"canonical":"https:\/\/lacomponella.com\/WordPress3\/?page_id=7842","og_locale":"pl_PL","og_type":"article","og_title":"ROZA iz Tsarskoselskoy Usadby - La Componella FCI","og_description":"Import z Rosji ur.02.05.2020Nasza wielka duma: bardzo wysoka suka, o idealnej anatomii. D\u0142uga szyja, du\u017ce przedpiersie i g\u0142\u0119boka klatka piersiowaZdrowie:HD A\/A, ED 0\/0zgryz no\u017cycowy, uz\u0119bienie pe\u0142neecho serca &#8211; nie ma przeciwskaza\u0144 do rozrodu matka: ZHUZHANA\u00a0iz Tsarskoselskoy UsadbyGrand Champion of RussiaChampion of RussiaChampion of BelarusChampion of EstoniaChampion of LithuaniaGrand Champion of RussiaJunior Champion of\u00a0Russia HD-A\/A, ED-1 [&hellip;]","og_url":"https:\/\/lacomponella.com\/WordPress3\/?page_id=7842","og_site_name":"La Componella FCI","article_modified_time":"2022-12-07T19:23:53+00:00","og_image":[{"width":1858,"height":1259,"url":"https:\/\/lacomponella.com\/WordPress3\/wp-content\/uploads\/2020\/05\/Roczna-Roza.jpg","type":"image\/jpeg"}],"twitter_card":"summary_large_image","schema":{"@context":"https:\/\/schema.org","@graph":[{"@type":"WebPage","@id":"https:\/\/lacomponella.com\/WordPress3\/?page_id=7842","url":"https:\/\/lacomponella.com\/WordPress3\/?page_id=7842","name":"ROZA iz Tsarskoselskoy Usadby - La Componella FCI","isPartOf":{"@id":"https:\/\/lacomponella.com\/WordPress3\/#website"},"primaryImageOfPage":{"@id":"https:\/\/lacomponella.com\/WordPress3\/?page_id=7842#primaryimage"},"image":{"@id":"https:\/\/lacomponella.com\/WordPress3\/?page_id=7842#primaryimage"},"thumbnailUrl":"http:\/\/lacomponella.com\/WordPress3\/wp-content\/uploads\/2020\/05\/Roczna-Roza.jpg","datePublished":"2020-05-19T21:16:08+00:00","dateModified":"2022-12-07T19:23:53+00:00","breadcrumb":{"@id":"https:\/\/lacomponella.com\/WordPress3\/?page_id=7842#breadcrumb"},"inLanguage":"pl-PL","potentialAction":[{"@type":"ReadAction","target":["https:\/\/lacomponella.com\/WordPress3\/?page_id=7842"]}]},{"@type":"ImageObject","inLanguage":"pl-PL","@id":"https:\/\/lacomponella.com\/WordPress3\/?page_id=7842#primaryimage","url":"https:\/\/lacomponella.com\/WordPress3\/wp-content\/uploads\/2020\/05\/Roczna-Roza.jpg","contentUrl":"https:\/\/lacomponella.com\/WordPress3\/wp-content\/uploads\/2020\/05\/Roczna-Roza.jpg","width":1858,"height":1259},{"@type":"BreadcrumbList","@id":"https:\/\/lacomponella.com\/WordPress3\/?page_id=7842#breadcrumb","itemListElement":[{"@type":"ListItem","position":1,"name":"Strona g\u0142\u00f3wna","item":"https:\/\/lacomponella.com\/WordPress3\/?page_id=4991"},{"@type":"ListItem","position":2,"name":"ROZA iz Tsarskoselskoy Usadby"}]},{"@type":"WebSite","@id":"https:\/\/lacomponella.com\/WordPress3\/#website","url":"https:\/\/lacomponella.com\/WordPress3\/","name":"La Componella FCI","description":"Hodowla Dog Niemiecki, Xolo i Owczarek Belgijski","potentialAction":[{"@type":"SearchAction","target":{"@type":"EntryPoint","urlTemplate":"https:\/\/lacomponella.com\/WordPress3\/?s={search_term_string}"},"query-input":{"@type":"PropertyValueSpecification","valueRequired":true,"valueName":"search_term_string"}}],"inLanguage":"pl-PL"}]}},"_links":{"self":[{"href":"https:\/\/lacomponella.com\/WordPress3\/index.php?rest_route=\/wp\/v2\/pages\/7842","targetHints":{"allow":["GET"]}}],"collection":[{"href":"https:\/\/lacomponella.com\/WordPress3\/index.php?rest_route=\/wp\/v2\/pages"}],"about":[{"href":"https:\/\/lacomponella.com\/WordPress3\/index.php?rest_route=\/wp\/v2\/types\/page"}],"author":[{"embeddable":true,"href":"https:\/\/lacomponella.com\/WordPress3\/index.php?rest_route=\/wp\/v2\/users\/1"}],"replies":[{"embeddable":true,"href":"https:\/\/lacomponella.com\/WordPress3\/index.php?rest_route=%2Fwp%2Fv2%2Fcomments&post=7842"}],"version-history":[{"count":4,"href":"https:\/\/lacomponella.com\/WordPress3\/index.php?rest_route=\/wp\/v2\/pages\/7842\/revisions"}],"predecessor-version":[{"id":10346,"href":"https:\/\/lacomponella.com\/WordPress3\/index.php?rest_route=\/wp\/v2\/pages\/7842\/revisions\/10346"}],"wp:attachment":[{"href":"https:\/\/lacomponella.com\/WordPress3\/index.php?rest_route=%2Fwp%2Fv2%2Fmedia&parent=7842"}],"curies":[{"name":"wp","href":"https:\/\/api.w.org\/{rel}","templated":true}]}}