{"id":9102,"date":"2022-01-11T23:04:35","date_gmt":"2022-01-11T23:04:35","guid":{"rendered":"http:\/\/lacomponella.com\/WordPress3\/?page_id=9102"},"modified":"2022-04-01T18:02:19","modified_gmt":"2022-04-01T18:02:19","slug":"miot-k-2021","status":"publish","type":"page","link":"https:\/\/lacomponella.com\/WordPress3\/?page_id=9102","title":{"rendered":"Miot K- 2021"},"content":{"rendered":"<p style=\"text-align: center;\"><span style=\"color: #0000ff;\"><strong><span style=\"color: #ff0000;\">MIOT K ur.03.11.2021<\/span><br \/>\n3 pieski i 5 suczek<\/strong><\/span><\/p>\n<p><strong>Pieski:<br \/>\n<span style=\"color: #800080;\">KAJ &#8211; mieszka w Polsce<br \/>\n<\/span><\/strong><span style=\"color: #800080;\"><strong>KEN &#8211; mieszka w Wielkiej Brytanii<br \/>\n<\/strong><\/span><span style=\"color: #800080;\"><strong>KENJIRO &#8211; mieszka w Polsce<\/strong><\/span><\/p>\n<p><span style=\"color: #800080;\"><strong>Suczki:<br \/>\n<\/strong><\/span><span style=\"color: #800080;\"><strong>KAJA ERIS &#8211; mieszka w Belgii<br \/>\n<\/strong><\/span><span style=\"color: #800080;\"><strong>KAJA KAIRA &#8211; mieszka na Litwie<br \/>\n<\/strong><\/span><span style=\"color: #800080;\"><strong>KIASMA &#8211; mieszka w Polsce<br \/>\n<\/strong><\/span><span style=\"color: #800080;\"><strong>KADEN &#8211; mieszka na Litwie<br \/>\n<\/strong><\/span><span style=\"color: #800080;\"><strong>KEITH &#8211; mieszka w Polsce<\/p>\n<p><\/strong><\/span><span style=\"color: #0000ff;\"><strong><img fetchpriority=\"high\" decoding=\"async\" class=\"aligncenter size-full wp-image-8799\" src=\"http:\/\/lacomponella.com\/WordPress3\/wp-content\/uploads\/2021\/11\/257725615_318696619753966_8509753057609761355_n.jpg\" alt=\"\" width=\"1200\" height=\"911\" srcset=\"https:\/\/lacomponella.com\/WordPress3\/wp-content\/uploads\/2021\/11\/257725615_318696619753966_8509753057609761355_n.jpg 1200w, https:\/\/lacomponella.com\/WordPress3\/wp-content\/uploads\/2021\/11\/257725615_318696619753966_8509753057609761355_n-300x228.jpg 300w, https:\/\/lacomponella.com\/WordPress3\/wp-content\/uploads\/2021\/11\/257725615_318696619753966_8509753057609761355_n-768x583.jpg 768w, https:\/\/lacomponella.com\/WordPress3\/wp-content\/uploads\/2021\/11\/257725615_318696619753966_8509753057609761355_n-1024x777.jpg 1024w\" sizes=\"(max-width: 1200px) 100vw, 1200px\" \/><\/strong><\/span><\/p>\n<p>KADEN<br \/>\n<img decoding=\"async\" class=\"aligncenter size-full wp-image-9036\" src=\"http:\/\/lacomponella.com\/WordPress3\/wp-content\/uploads\/2022\/01\/\u017c\u00f3\u0142ta-1.jpg\" alt=\"\" width=\"3254\" height=\"2540\" srcset=\"https:\/\/lacomponella.com\/WordPress3\/wp-content\/uploads\/2022\/01\/\u017c\u00f3\u0142ta-1.jpg 3254w, https:\/\/lacomponella.com\/WordPress3\/wp-content\/uploads\/2022\/01\/\u017c\u00f3\u0142ta-1-300x234.jpg 300w, https:\/\/lacomponella.com\/WordPress3\/wp-content\/uploads\/2022\/01\/\u017c\u00f3\u0142ta-1-768x599.jpg 768w, https:\/\/lacomponella.com\/WordPress3\/wp-content\/uploads\/2022\/01\/\u017c\u00f3\u0142ta-1-1024x799.jpg 1024w\" sizes=\"(max-width: 3254px) 100vw, 3254px\" \/> <img decoding=\"async\" class=\"aligncenter size-full wp-image-9037\" src=\"http:\/\/lacomponella.com\/WordPress3\/wp-content\/uploads\/2022\/01\/\u017c\u00f3\u0142ta-2.jpg\" alt=\"\" width=\"3275\" height=\"2428\" srcset=\"https:\/\/lacomponella.com\/WordPress3\/wp-content\/uploads\/2022\/01\/\u017c\u00f3\u0142ta-2.jpg 3275w, https:\/\/lacomponella.com\/WordPress3\/wp-content\/uploads\/2022\/01\/\u017c\u00f3\u0142ta-2-300x222.jpg 300w, https:\/\/lacomponella.com\/WordPress3\/wp-content\/uploads\/2022\/01\/\u017c\u00f3\u0142ta-2-768x569.jpg 768w, https:\/\/lacomponella.com\/WordPress3\/wp-content\/uploads\/2022\/01\/\u017c\u00f3\u0142ta-2-1024x759.jpg 1024w\" sizes=\"(max-width: 3275px) 100vw, 3275px\" \/> <img loading=\"lazy\" decoding=\"async\" class=\"aligncenter size-full wp-image-9038\" src=\"http:\/\/lacomponella.com\/WordPress3\/wp-content\/uploads\/2022\/01\/\u017c\u00f3\u0142ta-3.jpg\" alt=\"\" width=\"2616\" height=\"2526\" srcset=\"https:\/\/lacomponella.com\/WordPress3\/wp-content\/uploads\/2022\/01\/\u017c\u00f3\u0142ta-3.jpg 2616w, https:\/\/lacomponella.com\/WordPress3\/wp-content\/uploads\/2022\/01\/\u017c\u00f3\u0142ta-3-300x290.jpg 300w, https:\/\/lacomponella.com\/WordPress3\/wp-content\/uploads\/2022\/01\/\u017c\u00f3\u0142ta-3-768x742.jpg 768w, https:\/\/lacomponella.com\/WordPress3\/wp-content\/uploads\/2022\/01\/\u017c\u00f3\u0142ta-3-1024x989.jpg 1024w\" sizes=\"(max-width: 2616px) 100vw, 2616px\" \/> <img loading=\"lazy\" decoding=\"async\" class=\"aligncenter size-full wp-image-9039\" src=\"http:\/\/lacomponella.com\/WordPress3\/wp-content\/uploads\/2022\/01\/\u017c\u00f3\u0142ta-4.jpg\" alt=\"\" width=\"3226\" height=\"2601\" srcset=\"https:\/\/lacomponella.com\/WordPress3\/wp-content\/uploads\/2022\/01\/\u017c\u00f3\u0142ta-4.jpg 3226w, https:\/\/lacomponella.com\/WordPress3\/wp-content\/uploads\/2022\/01\/\u017c\u00f3\u0142ta-4-300x242.jpg 300w, https:\/\/lacomponella.com\/WordPress3\/wp-content\/uploads\/2022\/01\/\u017c\u00f3\u0142ta-4-768x619.jpg 768w, https:\/\/lacomponella.com\/WordPress3\/wp-content\/uploads\/2022\/01\/\u017c\u00f3\u0142ta-4-1024x826.jpg 1024w\" sizes=\"(max-width: 3226px) 100vw, 3226px\" \/> <img loading=\"lazy\" decoding=\"async\" class=\"aligncenter size-full wp-image-9040\" src=\"http:\/\/lacomponella.com\/WordPress3\/wp-content\/uploads\/2022\/01\/\u017c\u00f3\u0142ta-5.jpg\" alt=\"\" width=\"3201\" height=\"2601\" srcset=\"https:\/\/lacomponella.com\/WordPress3\/wp-content\/uploads\/2022\/01\/\u017c\u00f3\u0142ta-5.jpg 3201w, https:\/\/lacomponella.com\/WordPress3\/wp-content\/uploads\/2022\/01\/\u017c\u00f3\u0142ta-5-300x244.jpg 300w, https:\/\/lacomponella.com\/WordPress3\/wp-content\/uploads\/2022\/01\/\u017c\u00f3\u0142ta-5-768x624.jpg 768w, https:\/\/lacomponella.com\/WordPress3\/wp-content\/uploads\/2022\/01\/\u017c\u00f3\u0142ta-5-1024x832.jpg 1024w\" sizes=\"(max-width: 3201px) 100vw, 3201px\" \/><br \/>\nKEITH<br \/>\n<img loading=\"lazy\" decoding=\"async\" class=\"aligncenter size-full wp-image-9041\" src=\"http:\/\/lacomponella.com\/WordPress3\/wp-content\/uploads\/2022\/01\/krem-pet-1.jpg\" alt=\"\" width=\"3570\" height=\"2646\" srcset=\"https:\/\/lacomponella.com\/WordPress3\/wp-content\/uploads\/2022\/01\/krem-pet-1.jpg 3570w, https:\/\/lacomponella.com\/WordPress3\/wp-content\/uploads\/2022\/01\/krem-pet-1-300x222.jpg 300w, https:\/\/lacomponella.com\/WordPress3\/wp-content\/uploads\/2022\/01\/krem-pet-1-768x569.jpg 768w, https:\/\/lacomponella.com\/WordPress3\/wp-content\/uploads\/2022\/01\/krem-pet-1-1024x759.jpg 1024w\" sizes=\"(max-width: 3570px) 100vw, 3570px\" \/> <img loading=\"lazy\" decoding=\"async\" class=\"aligncenter size-full wp-image-9042\" src=\"http:\/\/lacomponella.com\/WordPress3\/wp-content\/uploads\/2022\/01\/krem-pet-2.jpg\" alt=\"\" width=\"3538\" height=\"2646\" srcset=\"https:\/\/lacomponella.com\/WordPress3\/wp-content\/uploads\/2022\/01\/krem-pet-2.jpg 3538w, https:\/\/lacomponella.com\/WordPress3\/wp-content\/uploads\/2022\/01\/krem-pet-2-300x224.jpg 300w, https:\/\/lacomponella.com\/WordPress3\/wp-content\/uploads\/2022\/01\/krem-pet-2-768x574.jpg 768w, https:\/\/lacomponella.com\/WordPress3\/wp-content\/uploads\/2022\/01\/krem-pet-2-1024x766.jpg 1024w\" sizes=\"(max-width: 3538px) 100vw, 3538px\" \/> <img loading=\"lazy\" decoding=\"async\" class=\"aligncenter size-full wp-image-9043\" src=\"http:\/\/lacomponella.com\/WordPress3\/wp-content\/uploads\/2022\/01\/krem-pet-3.jpg\" alt=\"\" width=\"3322\" height=\"2599\" srcset=\"https:\/\/lacomponella.com\/WordPress3\/wp-content\/uploads\/2022\/01\/krem-pet-3.jpg 3322w, https:\/\/lacomponella.com\/WordPress3\/wp-content\/uploads\/2022\/01\/krem-pet-3-300x235.jpg 300w, https:\/\/lacomponella.com\/WordPress3\/wp-content\/uploads\/2022\/01\/krem-pet-3-768x601.jpg 768w, https:\/\/lacomponella.com\/WordPress3\/wp-content\/uploads\/2022\/01\/krem-pet-3-1024x801.jpg 1024w\" sizes=\"(max-width: 3322px) 100vw, 3322px\" \/> <img loading=\"lazy\" decoding=\"async\" class=\"aligncenter size-full wp-image-9044\" src=\"http:\/\/lacomponella.com\/WordPress3\/wp-content\/uploads\/2022\/01\/krem-pet-4.jpg\" alt=\"\" width=\"3108\" height=\"2589\" srcset=\"https:\/\/lacomponella.com\/WordPress3\/wp-content\/uploads\/2022\/01\/krem-pet-4.jpg 3108w, https:\/\/lacomponella.com\/WordPress3\/wp-content\/uploads\/2022\/01\/krem-pet-4-300x250.jpg 300w, https:\/\/lacomponella.com\/WordPress3\/wp-content\/uploads\/2022\/01\/krem-pet-4-768x640.jpg 768w, https:\/\/lacomponella.com\/WordPress3\/wp-content\/uploads\/2022\/01\/krem-pet-4-1024x853.jpg 1024w\" sizes=\"(max-width: 3108px) 100vw, 3108px\" \/><\/p>\n<div style=\"width: 368px;\" class=\"wp-video\"><!--[if lt IE 9]><script>document.createElement('video');<\/script><![endif]-->\n<video class=\"wp-video-shortcode\" id=\"video-9102-1\" width=\"368\" height=\"656\" preload=\"metadata\" controls=\"controls\"><source type=\"video\/mp4\" src=\"http:\/\/lacomponella.com\/WordPress3\/wp-content\/uploads\/2021\/12\/video-1640109216.mp4?_=1\" \/><a href=\"http:\/\/lacomponella.com\/WordPress3\/wp-content\/uploads\/2021\/12\/video-1640109216.mp4\">http:\/\/lacomponella.com\/WordPress3\/wp-content\/uploads\/2021\/12\/video-1640109216.mp4<\/a><\/video><\/div>\n<div style=\"width: 368px;\" class=\"wp-video\"><video class=\"wp-video-shortcode\" id=\"video-9102-2\" width=\"368\" height=\"656\" preload=\"metadata\" controls=\"controls\"><source type=\"video\/mp4\" src=\"http:\/\/lacomponella.com\/WordPress3\/wp-content\/uploads\/2021\/12\/video-1640109218.mp4?_=2\" \/><a href=\"http:\/\/lacomponella.com\/WordPress3\/wp-content\/uploads\/2021\/12\/video-1640109218.mp4\">http:\/\/lacomponella.com\/WordPress3\/wp-content\/uploads\/2021\/12\/video-1640109218.mp4<\/a><\/video><\/div>\n","protected":false},"excerpt":{"rendered":"<p>MIOT K ur.03.11.2021 3 pieski i 5 suczek Pieski: KAJ &#8211; mieszka w Polsce KEN &#8211; mieszka w Wielkiej Brytanii KENJIRO &#8211; mieszka w Polsce Suczki: KAJA ERIS &#8211; mieszka w Belgii KAJA KAIRA &#8211; mieszka na Litwie KIASMA &#8211; mieszka w Polsce KADEN &#8211; mieszka na Litwie KEITH &#8211; mieszka w Polsce KADEN KEITH<\/p>\n","protected":false},"author":1,"featured_media":0,"parent":0,"menu_order":0,"comment_status":"closed","ping_status":"closed","template":"","meta":{"footnotes":""},"class_list":["post-9102","page","type-page","status-publish","hentry"],"yoast_head":"<!-- This site is optimized with the Yoast SEO plugin v27.4 - https:\/\/yoast.com\/product\/yoast-seo-wordpress\/ -->\n<title>Miot K- 2021 - La Componella FCI<\/title>\n<meta name=\"robots\" content=\"index, follow, max-snippet:-1, max-image-preview:large, max-video-preview:-1\" \/>\n<link rel=\"canonical\" href=\"https:\/\/lacomponella.com\/WordPress3\/?page_id=9102\" \/>\n<meta property=\"og:locale\" content=\"pl_PL\" \/>\n<meta property=\"og:type\" content=\"article\" \/>\n<meta property=\"og:title\" content=\"Miot K- 2021 - La Componella FCI\" \/>\n<meta property=\"og:description\" content=\"MIOT K ur.03.11.2021 3 pieski i 5 suczek Pieski: KAJ &#8211; mieszka w Polsce KEN &#8211; mieszka w Wielkiej Brytanii KENJIRO &#8211; mieszka w Polsce Suczki: KAJA ERIS &#8211; mieszka w Belgii KAJA KAIRA &#8211; mieszka na Litwie KIASMA &#8211; mieszka w Polsce KADEN &#8211; mieszka na Litwie KEITH &#8211; mieszka w Polsce KADEN KEITH\" \/>\n<meta property=\"og:url\" content=\"https:\/\/lacomponella.com\/WordPress3\/?page_id=9102\" \/>\n<meta property=\"og:site_name\" content=\"La Componella FCI\" \/>\n<meta property=\"article:modified_time\" content=\"2022-04-01T18:02:19+00:00\" \/>\n<meta property=\"og:image\" content=\"https:\/\/lacomponella.com\/WordPress3\/wp-content\/uploads\/2021\/11\/257725615_318696619753966_8509753057609761355_n.jpg\" \/>\n\t<meta property=\"og:image:width\" content=\"1200\" \/>\n\t<meta property=\"og:image:height\" content=\"911\" \/>\n\t<meta property=\"og:image:type\" content=\"image\/jpeg\" \/>\n<meta name=\"twitter:card\" content=\"summary_large_image\" \/>\n<script type=\"application\/ld+json\" class=\"yoast-schema-graph\">{\"@context\":\"https:\\\/\\\/schema.org\",\"@graph\":[{\"@type\":\"WebPage\",\"@id\":\"https:\\\/\\\/lacomponella.com\\\/WordPress3\\\/?page_id=9102\",\"url\":\"https:\\\/\\\/lacomponella.com\\\/WordPress3\\\/?page_id=9102\",\"name\":\"Miot K- 2021 - La Componella FCI\",\"isPartOf\":{\"@id\":\"https:\\\/\\\/lacomponella.com\\\/WordPress3\\\/#website\"},\"primaryImageOfPage\":{\"@id\":\"https:\\\/\\\/lacomponella.com\\\/WordPress3\\\/?page_id=9102#primaryimage\"},\"image\":{\"@id\":\"https:\\\/\\\/lacomponella.com\\\/WordPress3\\\/?page_id=9102#primaryimage\"},\"thumbnailUrl\":\"http:\\\/\\\/lacomponella.com\\\/WordPress3\\\/wp-content\\\/uploads\\\/2021\\\/11\\\/257725615_318696619753966_8509753057609761355_n.jpg\",\"datePublished\":\"2022-01-11T23:04:35+00:00\",\"dateModified\":\"2022-04-01T18:02:19+00:00\",\"breadcrumb\":{\"@id\":\"https:\\\/\\\/lacomponella.com\\\/WordPress3\\\/?page_id=9102#breadcrumb\"},\"inLanguage\":\"pl-PL\",\"potentialAction\":[{\"@type\":\"ReadAction\",\"target\":[\"https:\\\/\\\/lacomponella.com\\\/WordPress3\\\/?page_id=9102\"]}]},{\"@type\":\"ImageObject\",\"inLanguage\":\"pl-PL\",\"@id\":\"https:\\\/\\\/lacomponella.com\\\/WordPress3\\\/?page_id=9102#primaryimage\",\"url\":\"https:\\\/\\\/lacomponella.com\\\/WordPress3\\\/wp-content\\\/uploads\\\/2021\\\/11\\\/257725615_318696619753966_8509753057609761355_n.jpg\",\"contentUrl\":\"https:\\\/\\\/lacomponella.com\\\/WordPress3\\\/wp-content\\\/uploads\\\/2021\\\/11\\\/257725615_318696619753966_8509753057609761355_n.jpg\",\"width\":1200,\"height\":911},{\"@type\":\"BreadcrumbList\",\"@id\":\"https:\\\/\\\/lacomponella.com\\\/WordPress3\\\/?page_id=9102#breadcrumb\",\"itemListElement\":[{\"@type\":\"ListItem\",\"position\":1,\"name\":\"Strona g\u0142\u00f3wna\",\"item\":\"https:\\\/\\\/lacomponella.com\\\/WordPress3\\\/?page_id=4991\"},{\"@type\":\"ListItem\",\"position\":2,\"name\":\"Miot K- 2021\"}]},{\"@type\":\"WebSite\",\"@id\":\"https:\\\/\\\/lacomponella.com\\\/WordPress3\\\/#website\",\"url\":\"https:\\\/\\\/lacomponella.com\\\/WordPress3\\\/\",\"name\":\"La Componella FCI\",\"description\":\"Hodowla Dog Niemiecki, Xolo i Owczarek Belgijski\",\"potentialAction\":[{\"@type\":\"SearchAction\",\"target\":{\"@type\":\"EntryPoint\",\"urlTemplate\":\"https:\\\/\\\/lacomponella.com\\\/WordPress3\\\/?s={search_term_string}\"},\"query-input\":{\"@type\":\"PropertyValueSpecification\",\"valueRequired\":true,\"valueName\":\"search_term_string\"}}],\"inLanguage\":\"pl-PL\"}]}<\/script>\n<!-- \/ Yoast SEO plugin. -->","yoast_head_json":{"title":"Miot K- 2021 - La Componella FCI","robots":{"index":"index","follow":"follow","max-snippet":"max-snippet:-1","max-image-preview":"max-image-preview:large","max-video-preview":"max-video-preview:-1"},"canonical":"https:\/\/lacomponella.com\/WordPress3\/?page_id=9102","og_locale":"pl_PL","og_type":"article","og_title":"Miot K- 2021 - La Componella FCI","og_description":"MIOT K ur.03.11.2021 3 pieski i 5 suczek Pieski: KAJ &#8211; mieszka w Polsce KEN &#8211; mieszka w Wielkiej Brytanii KENJIRO &#8211; mieszka w Polsce Suczki: KAJA ERIS &#8211; mieszka w Belgii KAJA KAIRA &#8211; mieszka na Litwie KIASMA &#8211; mieszka w Polsce KADEN &#8211; mieszka na Litwie KEITH &#8211; mieszka w Polsce KADEN KEITH","og_url":"https:\/\/lacomponella.com\/WordPress3\/?page_id=9102","og_site_name":"La Componella FCI","article_modified_time":"2022-04-01T18:02:19+00:00","og_image":[{"width":1200,"height":911,"url":"https:\/\/lacomponella.com\/WordPress3\/wp-content\/uploads\/2021\/11\/257725615_318696619753966_8509753057609761355_n.jpg","type":"image\/jpeg"}],"twitter_card":"summary_large_image","schema":{"@context":"https:\/\/schema.org","@graph":[{"@type":"WebPage","@id":"https:\/\/lacomponella.com\/WordPress3\/?page_id=9102","url":"https:\/\/lacomponella.com\/WordPress3\/?page_id=9102","name":"Miot K- 2021 - La Componella FCI","isPartOf":{"@id":"https:\/\/lacomponella.com\/WordPress3\/#website"},"primaryImageOfPage":{"@id":"https:\/\/lacomponella.com\/WordPress3\/?page_id=9102#primaryimage"},"image":{"@id":"https:\/\/lacomponella.com\/WordPress3\/?page_id=9102#primaryimage"},"thumbnailUrl":"http:\/\/lacomponella.com\/WordPress3\/wp-content\/uploads\/2021\/11\/257725615_318696619753966_8509753057609761355_n.jpg","datePublished":"2022-01-11T23:04:35+00:00","dateModified":"2022-04-01T18:02:19+00:00","breadcrumb":{"@id":"https:\/\/lacomponella.com\/WordPress3\/?page_id=9102#breadcrumb"},"inLanguage":"pl-PL","potentialAction":[{"@type":"ReadAction","target":["https:\/\/lacomponella.com\/WordPress3\/?page_id=9102"]}]},{"@type":"ImageObject","inLanguage":"pl-PL","@id":"https:\/\/lacomponella.com\/WordPress3\/?page_id=9102#primaryimage","url":"https:\/\/lacomponella.com\/WordPress3\/wp-content\/uploads\/2021\/11\/257725615_318696619753966_8509753057609761355_n.jpg","contentUrl":"https:\/\/lacomponella.com\/WordPress3\/wp-content\/uploads\/2021\/11\/257725615_318696619753966_8509753057609761355_n.jpg","width":1200,"height":911},{"@type":"BreadcrumbList","@id":"https:\/\/lacomponella.com\/WordPress3\/?page_id=9102#breadcrumb","itemListElement":[{"@type":"ListItem","position":1,"name":"Strona g\u0142\u00f3wna","item":"https:\/\/lacomponella.com\/WordPress3\/?page_id=4991"},{"@type":"ListItem","position":2,"name":"Miot K- 2021"}]},{"@type":"WebSite","@id":"https:\/\/lacomponella.com\/WordPress3\/#website","url":"https:\/\/lacomponella.com\/WordPress3\/","name":"La Componella FCI","description":"Hodowla Dog Niemiecki, Xolo i Owczarek Belgijski","potentialAction":[{"@type":"SearchAction","target":{"@type":"EntryPoint","urlTemplate":"https:\/\/lacomponella.com\/WordPress3\/?s={search_term_string}"},"query-input":{"@type":"PropertyValueSpecification","valueRequired":true,"valueName":"search_term_string"}}],"inLanguage":"pl-PL"}]}},"_links":{"self":[{"href":"https:\/\/lacomponella.com\/WordPress3\/index.php?rest_route=\/wp\/v2\/pages\/9102","targetHints":{"allow":["GET"]}}],"collection":[{"href":"https:\/\/lacomponella.com\/WordPress3\/index.php?rest_route=\/wp\/v2\/pages"}],"about":[{"href":"https:\/\/lacomponella.com\/WordPress3\/index.php?rest_route=\/wp\/v2\/types\/page"}],"author":[{"embeddable":true,"href":"https:\/\/lacomponella.com\/WordPress3\/index.php?rest_route=\/wp\/v2\/users\/1"}],"replies":[{"embeddable":true,"href":"https:\/\/lacomponella.com\/WordPress3\/index.php?rest_route=%2Fwp%2Fv2%2Fcomments&post=9102"}],"version-history":[{"count":3,"href":"https:\/\/lacomponella.com\/WordPress3\/index.php?rest_route=\/wp\/v2\/pages\/9102\/revisions"}],"predecessor-version":[{"id":9474,"href":"https:\/\/lacomponella.com\/WordPress3\/index.php?rest_route=\/wp\/v2\/pages\/9102\/revisions\/9474"}],"wp:attachment":[{"href":"https:\/\/lacomponella.com\/WordPress3\/index.php?rest_route=%2Fwp%2Fv2%2Fmedia&parent=9102"}],"curies":[{"name":"wp","href":"https:\/\/api.w.org\/{rel}","templated":true}]}}