{"id":9107,"date":"2022-01-11T23:05:44","date_gmt":"2022-01-11T23:05:44","guid":{"rendered":"http:\/\/lacomponella.com\/WordPress3\/?page_id=9107"},"modified":"2022-04-01T17:58:27","modified_gmt":"2022-04-01T17:58:27","slug":"litter-k-2021","status":"publish","type":"page","link":"https:\/\/lacomponella.com\/WordPress3\/?page_id=9107","title":{"rendered":"Litter K &#8211; 2021"},"content":{"rendered":"<p style=\"text-align: center;\"><strong><span style=\"color: #ff0000;\"><span style=\"color: #800080;\"><span style=\"color: #0000ff;\">Litter &#8222;K&#8221; born 03 of November 2021<\/span><br \/>\n3 males and 5 females\u00a0<\/span><\/span><\/strong><\/p>\n<p><strong>Males:<br \/>\n<span style=\"color: #800080;\">KAJ &#8211; lives in Poland<br \/>\n<\/span><\/strong><span style=\"color: #800080;\"><strong>KEN &#8211; lives in UK<br \/>\n<\/strong><\/span><span style=\"color: #800080;\"><strong>KENJIRO &#8211; lives in Poland<\/strong><\/span><\/p>\n<p><span style=\"color: #800080;\"><strong>Females:<br \/>\n<\/strong><\/span><span style=\"color: #800080;\"><strong>KAJA ERIS &#8211; lives in Belgium<br \/>\n<\/strong><\/span><span style=\"color: #800080;\"><strong>KAJA KAIRA &#8211; lives in Lithuania<br \/>\n<\/strong><\/span><span style=\"color: #800080;\"><strong>KIASMA &#8211; lives in Poland<br \/>\n<\/strong><\/span><span style=\"color: #800080;\"><strong>KADEN &#8211; lives in Lithuania<br \/>\n<\/strong><\/span><span style=\"color: #800080;\"><strong>KEITH &#8211; lives in Poland<\/strong><\/span><\/p>\n<p style=\"text-align: center;\"><img fetchpriority=\"high\" decoding=\"async\" class=\"aligncenter size-full wp-image-8802\" src=\"http:\/\/lacomponella.com\/WordPress3\/wp-content\/uploads\/2021\/11\/257725615_318696619753966_8509753057609761355_n-1.jpg\" alt=\"\" width=\"1200\" height=\"911\" srcset=\"https:\/\/lacomponella.com\/WordPress3\/wp-content\/uploads\/2021\/11\/257725615_318696619753966_8509753057609761355_n-1.jpg 1200w, https:\/\/lacomponella.com\/WordPress3\/wp-content\/uploads\/2021\/11\/257725615_318696619753966_8509753057609761355_n-1-300x228.jpg 300w, https:\/\/lacomponella.com\/WordPress3\/wp-content\/uploads\/2021\/11\/257725615_318696619753966_8509753057609761355_n-1-768x583.jpg 768w, https:\/\/lacomponella.com\/WordPress3\/wp-content\/uploads\/2021\/11\/257725615_318696619753966_8509753057609761355_n-1-1024x777.jpg 1024w\" sizes=\"(max-width: 1200px) 100vw, 1200px\" \/><\/p>\n<p>KADEN<br \/>\n<img decoding=\"async\" class=\"aligncenter size-full wp-image-9036\" src=\"http:\/\/lacomponella.com\/WordPress3\/wp-content\/uploads\/2022\/01\/\u017c\u00f3\u0142ta-1.jpg\" alt=\"\" width=\"3254\" height=\"2540\" srcset=\"https:\/\/lacomponella.com\/WordPress3\/wp-content\/uploads\/2022\/01\/\u017c\u00f3\u0142ta-1.jpg 3254w, https:\/\/lacomponella.com\/WordPress3\/wp-content\/uploads\/2022\/01\/\u017c\u00f3\u0142ta-1-300x234.jpg 300w, https:\/\/lacomponella.com\/WordPress3\/wp-content\/uploads\/2022\/01\/\u017c\u00f3\u0142ta-1-768x599.jpg 768w, https:\/\/lacomponella.com\/WordPress3\/wp-content\/uploads\/2022\/01\/\u017c\u00f3\u0142ta-1-1024x799.jpg 1024w\" sizes=\"(max-width: 3254px) 100vw, 3254px\" \/> <img decoding=\"async\" class=\"aligncenter size-full wp-image-9037\" src=\"http:\/\/lacomponella.com\/WordPress3\/wp-content\/uploads\/2022\/01\/\u017c\u00f3\u0142ta-2.jpg\" alt=\"\" width=\"3275\" height=\"2428\" srcset=\"https:\/\/lacomponella.com\/WordPress3\/wp-content\/uploads\/2022\/01\/\u017c\u00f3\u0142ta-2.jpg 3275w, https:\/\/lacomponella.com\/WordPress3\/wp-content\/uploads\/2022\/01\/\u017c\u00f3\u0142ta-2-300x222.jpg 300w, https:\/\/lacomponella.com\/WordPress3\/wp-content\/uploads\/2022\/01\/\u017c\u00f3\u0142ta-2-768x569.jpg 768w, https:\/\/lacomponella.com\/WordPress3\/wp-content\/uploads\/2022\/01\/\u017c\u00f3\u0142ta-2-1024x759.jpg 1024w\" sizes=\"(max-width: 3275px) 100vw, 3275px\" \/> <img loading=\"lazy\" decoding=\"async\" class=\"aligncenter size-full wp-image-9038\" src=\"http:\/\/lacomponella.com\/WordPress3\/wp-content\/uploads\/2022\/01\/\u017c\u00f3\u0142ta-3.jpg\" alt=\"\" width=\"2616\" height=\"2526\" srcset=\"https:\/\/lacomponella.com\/WordPress3\/wp-content\/uploads\/2022\/01\/\u017c\u00f3\u0142ta-3.jpg 2616w, https:\/\/lacomponella.com\/WordPress3\/wp-content\/uploads\/2022\/01\/\u017c\u00f3\u0142ta-3-300x290.jpg 300w, https:\/\/lacomponella.com\/WordPress3\/wp-content\/uploads\/2022\/01\/\u017c\u00f3\u0142ta-3-768x742.jpg 768w, https:\/\/lacomponella.com\/WordPress3\/wp-content\/uploads\/2022\/01\/\u017c\u00f3\u0142ta-3-1024x989.jpg 1024w\" sizes=\"(max-width: 2616px) 100vw, 2616px\" \/> <img loading=\"lazy\" decoding=\"async\" class=\"aligncenter size-full wp-image-9039\" src=\"http:\/\/lacomponella.com\/WordPress3\/wp-content\/uploads\/2022\/01\/\u017c\u00f3\u0142ta-4.jpg\" alt=\"\" width=\"3226\" height=\"2601\" srcset=\"https:\/\/lacomponella.com\/WordPress3\/wp-content\/uploads\/2022\/01\/\u017c\u00f3\u0142ta-4.jpg 3226w, https:\/\/lacomponella.com\/WordPress3\/wp-content\/uploads\/2022\/01\/\u017c\u00f3\u0142ta-4-300x242.jpg 300w, https:\/\/lacomponella.com\/WordPress3\/wp-content\/uploads\/2022\/01\/\u017c\u00f3\u0142ta-4-768x619.jpg 768w, https:\/\/lacomponella.com\/WordPress3\/wp-content\/uploads\/2022\/01\/\u017c\u00f3\u0142ta-4-1024x826.jpg 1024w\" sizes=\"(max-width: 3226px) 100vw, 3226px\" \/> <img loading=\"lazy\" decoding=\"async\" class=\"aligncenter size-full wp-image-9040\" src=\"http:\/\/lacomponella.com\/WordPress3\/wp-content\/uploads\/2022\/01\/\u017c\u00f3\u0142ta-5.jpg\" alt=\"\" width=\"3201\" height=\"2601\" srcset=\"https:\/\/lacomponella.com\/WordPress3\/wp-content\/uploads\/2022\/01\/\u017c\u00f3\u0142ta-5.jpg 3201w, https:\/\/lacomponella.com\/WordPress3\/wp-content\/uploads\/2022\/01\/\u017c\u00f3\u0142ta-5-300x244.jpg 300w, https:\/\/lacomponella.com\/WordPress3\/wp-content\/uploads\/2022\/01\/\u017c\u00f3\u0142ta-5-768x624.jpg 768w, https:\/\/lacomponella.com\/WordPress3\/wp-content\/uploads\/2022\/01\/\u017c\u00f3\u0142ta-5-1024x832.jpg 1024w\" sizes=\"(max-width: 3201px) 100vw, 3201px\" \/><br \/>\nKEITH<br \/>\n<img loading=\"lazy\" decoding=\"async\" class=\"aligncenter size-full wp-image-9041\" src=\"http:\/\/lacomponella.com\/WordPress3\/wp-content\/uploads\/2022\/01\/krem-pet-1.jpg\" alt=\"\" width=\"3570\" height=\"2646\" srcset=\"https:\/\/lacomponella.com\/WordPress3\/wp-content\/uploads\/2022\/01\/krem-pet-1.jpg 3570w, https:\/\/lacomponella.com\/WordPress3\/wp-content\/uploads\/2022\/01\/krem-pet-1-300x222.jpg 300w, https:\/\/lacomponella.com\/WordPress3\/wp-content\/uploads\/2022\/01\/krem-pet-1-768x569.jpg 768w, https:\/\/lacomponella.com\/WordPress3\/wp-content\/uploads\/2022\/01\/krem-pet-1-1024x759.jpg 1024w\" sizes=\"(max-width: 3570px) 100vw, 3570px\" \/> <img loading=\"lazy\" decoding=\"async\" class=\"aligncenter size-full wp-image-9042\" src=\"http:\/\/lacomponella.com\/WordPress3\/wp-content\/uploads\/2022\/01\/krem-pet-2.jpg\" alt=\"\" width=\"3538\" height=\"2646\" srcset=\"https:\/\/lacomponella.com\/WordPress3\/wp-content\/uploads\/2022\/01\/krem-pet-2.jpg 3538w, https:\/\/lacomponella.com\/WordPress3\/wp-content\/uploads\/2022\/01\/krem-pet-2-300x224.jpg 300w, https:\/\/lacomponella.com\/WordPress3\/wp-content\/uploads\/2022\/01\/krem-pet-2-768x574.jpg 768w, https:\/\/lacomponella.com\/WordPress3\/wp-content\/uploads\/2022\/01\/krem-pet-2-1024x766.jpg 1024w\" sizes=\"(max-width: 3538px) 100vw, 3538px\" \/> <img loading=\"lazy\" decoding=\"async\" class=\"aligncenter size-full wp-image-9043\" src=\"http:\/\/lacomponella.com\/WordPress3\/wp-content\/uploads\/2022\/01\/krem-pet-3.jpg\" alt=\"\" width=\"3322\" height=\"2599\" srcset=\"https:\/\/lacomponella.com\/WordPress3\/wp-content\/uploads\/2022\/01\/krem-pet-3.jpg 3322w, https:\/\/lacomponella.com\/WordPress3\/wp-content\/uploads\/2022\/01\/krem-pet-3-300x235.jpg 300w, https:\/\/lacomponella.com\/WordPress3\/wp-content\/uploads\/2022\/01\/krem-pet-3-768x601.jpg 768w, https:\/\/lacomponella.com\/WordPress3\/wp-content\/uploads\/2022\/01\/krem-pet-3-1024x801.jpg 1024w\" sizes=\"(max-width: 3322px) 100vw, 3322px\" \/> <img loading=\"lazy\" decoding=\"async\" class=\"aligncenter size-full wp-image-9044\" src=\"http:\/\/lacomponella.com\/WordPress3\/wp-content\/uploads\/2022\/01\/krem-pet-4.jpg\" alt=\"\" width=\"3108\" height=\"2589\" srcset=\"https:\/\/lacomponella.com\/WordPress3\/wp-content\/uploads\/2022\/01\/krem-pet-4.jpg 3108w, https:\/\/lacomponella.com\/WordPress3\/wp-content\/uploads\/2022\/01\/krem-pet-4-300x250.jpg 300w, https:\/\/lacomponella.com\/WordPress3\/wp-content\/uploads\/2022\/01\/krem-pet-4-768x640.jpg 768w, https:\/\/lacomponella.com\/WordPress3\/wp-content\/uploads\/2022\/01\/krem-pet-4-1024x853.jpg 1024w\" sizes=\"(max-width: 3108px) 100vw, 3108px\" \/><\/p>\n<p>Movies &#8211; puppies in the playground<\/p>\n<div style=\"width: 1080px;\" class=\"wp-video\"><video class=\"wp-video-shortcode\" id=\"video-9107-1\" width=\"1080\" height=\"1920\" preload=\"metadata\" controls=\"controls\"><source type=\"video\/mp4\" src=\"http:\/\/lacomponella.com\/WordPress3\/wp-content\/uploads\/2021\/12\/video-1638569215-1.mp4?_=1\" \/><a href=\"http:\/\/lacomponella.com\/WordPress3\/wp-content\/uploads\/2021\/12\/video-1638569215-1.mp4\">http:\/\/lacomponella.com\/WordPress3\/wp-content\/uploads\/2021\/12\/video-1638569215-1.mp4<\/a><\/video><\/div>\n<div style=\"width: 1080px;\" class=\"wp-video\"><video class=\"wp-video-shortcode\" id=\"video-9107-2\" width=\"1080\" height=\"1920\" preload=\"metadata\" controls=\"controls\"><source type=\"video\/mp4\" src=\"http:\/\/lacomponella.com\/WordPress3\/wp-content\/uploads\/2021\/12\/video-1638569248-1.mp4?_=2\" \/><a href=\"http:\/\/lacomponella.com\/WordPress3\/wp-content\/uploads\/2021\/12\/video-1638569248-1.mp4\">http:\/\/lacomponella.com\/WordPress3\/wp-content\/uploads\/2021\/12\/video-1638569248-1.mp4<\/a><\/video><\/div>\n<div style=\"width: 368px;\" class=\"wp-video\"><video class=\"wp-video-shortcode\" id=\"video-9107-3\" width=\"368\" height=\"656\" preload=\"metadata\" controls=\"controls\"><source type=\"video\/mp4\" src=\"http:\/\/lacomponella.com\/WordPress3\/wp-content\/uploads\/2021\/12\/video-1640109218-1.mp4?_=3\" \/><a href=\"http:\/\/lacomponella.com\/WordPress3\/wp-content\/uploads\/2021\/12\/video-1640109218-1.mp4\">http:\/\/lacomponella.com\/WordPress3\/wp-content\/uploads\/2021\/12\/video-1640109218-1.mp4<\/a><\/video><\/div>\n<div style=\"width: 368px;\" class=\"wp-video\"><video class=\"wp-video-shortcode\" id=\"video-9107-4\" width=\"368\" height=\"656\" preload=\"metadata\" controls=\"controls\"><source type=\"video\/mp4\" src=\"http:\/\/lacomponella.com\/WordPress3\/wp-content\/uploads\/2021\/12\/video-1640109216-1.mp4?_=4\" \/><a href=\"http:\/\/lacomponella.com\/WordPress3\/wp-content\/uploads\/2021\/12\/video-1640109216-1.mp4\">http:\/\/lacomponella.com\/WordPress3\/wp-content\/uploads\/2021\/12\/video-1640109216-1.mp4<\/a><\/video><\/div>\n<h5><strong>***\u00a0<\/strong><strong>***<\/strong><strong>***<\/strong><strong>***<\/strong><strong>* **<\/strong><strong>***<\/strong><strong>***<\/strong><strong>* **<\/strong><strong>***<\/strong><strong>***<\/strong><strong>***<\/strong><strong>** *<\/strong><strong>***<\/strong><strong>***<\/strong><\/h5>\n","protected":false},"excerpt":{"rendered":"<p>Litter &#8222;K&#8221; born 03 of November 2021 3 males and 5 females\u00a0 Males: KAJ &#8211; lives in Poland KEN &#8211; lives in UK KENJIRO &#8211; lives in Poland Females: KAJA ERIS &#8211; lives in Belgium KAJA KAIRA &#8211; lives in Lithuania KIASMA &#8211; lives in Poland KADEN &#8211; lives in Lithuania KEITH &#8211; lives in [&hellip;]<\/p>\n","protected":false},"author":1,"featured_media":0,"parent":0,"menu_order":0,"comment_status":"closed","ping_status":"closed","template":"","meta":{"footnotes":""},"class_list":["post-9107","page","type-page","status-publish","hentry"],"yoast_head":"<!-- This site is optimized with the Yoast SEO plugin v27.5 - https:\/\/yoast.com\/product\/yoast-seo-wordpress\/ -->\n<title>Litter K - 2021 - La Componella FCI<\/title>\n<meta name=\"robots\" content=\"index, follow, max-snippet:-1, max-image-preview:large, max-video-preview:-1\" \/>\n<link rel=\"canonical\" href=\"https:\/\/lacomponella.com\/WordPress3\/?page_id=9107\" \/>\n<meta property=\"og:locale\" content=\"pl_PL\" \/>\n<meta property=\"og:type\" content=\"article\" \/>\n<meta property=\"og:title\" content=\"Litter K - 2021 - La Componella FCI\" \/>\n<meta property=\"og:description\" content=\"Litter &#8222;K&#8221; born 03 of November 2021 3 males and 5 females\u00a0 Males: KAJ &#8211; lives in Poland KEN &#8211; lives in UK KENJIRO &#8211; lives in Poland Females: KAJA ERIS &#8211; lives in Belgium KAJA KAIRA &#8211; lives in Lithuania KIASMA &#8211; lives in Poland KADEN &#8211; lives in Lithuania KEITH &#8211; lives in [&hellip;]\" \/>\n<meta property=\"og:url\" content=\"https:\/\/lacomponella.com\/WordPress3\/?page_id=9107\" \/>\n<meta property=\"og:site_name\" content=\"La Componella FCI\" \/>\n<meta property=\"article:modified_time\" content=\"2022-04-01T17:58:27+00:00\" \/>\n<meta property=\"og:image\" content=\"https:\/\/lacomponella.com\/WordPress3\/wp-content\/uploads\/2021\/11\/257725615_318696619753966_8509753057609761355_n-1.jpg\" \/>\n\t<meta property=\"og:image:width\" content=\"1200\" \/>\n\t<meta property=\"og:image:height\" content=\"911\" \/>\n\t<meta property=\"og:image:type\" content=\"image\/jpeg\" \/>\n<meta name=\"twitter:card\" content=\"summary_large_image\" \/>\n<meta name=\"twitter:label1\" content=\"Szacowany czas czytania\" \/>\n\t<meta name=\"twitter:data1\" content=\"1 minuta\" \/>\n<script type=\"application\/ld+json\" class=\"yoast-schema-graph\">{\"@context\":\"https:\\\/\\\/schema.org\",\"@graph\":[{\"@type\":\"WebPage\",\"@id\":\"https:\\\/\\\/lacomponella.com\\\/WordPress3\\\/?page_id=9107\",\"url\":\"https:\\\/\\\/lacomponella.com\\\/WordPress3\\\/?page_id=9107\",\"name\":\"Litter K - 2021 - La Componella FCI\",\"isPartOf\":{\"@id\":\"https:\\\/\\\/lacomponella.com\\\/WordPress3\\\/#website\"},\"primaryImageOfPage\":{\"@id\":\"https:\\\/\\\/lacomponella.com\\\/WordPress3\\\/?page_id=9107#primaryimage\"},\"image\":{\"@id\":\"https:\\\/\\\/lacomponella.com\\\/WordPress3\\\/?page_id=9107#primaryimage\"},\"thumbnailUrl\":\"http:\\\/\\\/lacomponella.com\\\/WordPress3\\\/wp-content\\\/uploads\\\/2021\\\/11\\\/257725615_318696619753966_8509753057609761355_n-1.jpg\",\"datePublished\":\"2022-01-11T23:05:44+00:00\",\"dateModified\":\"2022-04-01T17:58:27+00:00\",\"breadcrumb\":{\"@id\":\"https:\\\/\\\/lacomponella.com\\\/WordPress3\\\/?page_id=9107#breadcrumb\"},\"inLanguage\":\"pl-PL\",\"potentialAction\":[{\"@type\":\"ReadAction\",\"target\":[\"https:\\\/\\\/lacomponella.com\\\/WordPress3\\\/?page_id=9107\"]}]},{\"@type\":\"ImageObject\",\"inLanguage\":\"pl-PL\",\"@id\":\"https:\\\/\\\/lacomponella.com\\\/WordPress3\\\/?page_id=9107#primaryimage\",\"url\":\"https:\\\/\\\/lacomponella.com\\\/WordPress3\\\/wp-content\\\/uploads\\\/2021\\\/11\\\/257725615_318696619753966_8509753057609761355_n-1.jpg\",\"contentUrl\":\"https:\\\/\\\/lacomponella.com\\\/WordPress3\\\/wp-content\\\/uploads\\\/2021\\\/11\\\/257725615_318696619753966_8509753057609761355_n-1.jpg\",\"width\":1200,\"height\":911},{\"@type\":\"BreadcrumbList\",\"@id\":\"https:\\\/\\\/lacomponella.com\\\/WordPress3\\\/?page_id=9107#breadcrumb\",\"itemListElement\":[{\"@type\":\"ListItem\",\"position\":1,\"name\":\"Strona g\u0142\u00f3wna\",\"item\":\"https:\\\/\\\/lacomponella.com\\\/WordPress3\\\/?page_id=4991\"},{\"@type\":\"ListItem\",\"position\":2,\"name\":\"Litter K &#8211; 2021\"}]},{\"@type\":\"WebSite\",\"@id\":\"https:\\\/\\\/lacomponella.com\\\/WordPress3\\\/#website\",\"url\":\"https:\\\/\\\/lacomponella.com\\\/WordPress3\\\/\",\"name\":\"La Componella FCI\",\"description\":\"Hodowla Dog Niemiecki, Xolo i Owczarek Belgijski\",\"potentialAction\":[{\"@type\":\"SearchAction\",\"target\":{\"@type\":\"EntryPoint\",\"urlTemplate\":\"https:\\\/\\\/lacomponella.com\\\/WordPress3\\\/?s={search_term_string}\"},\"query-input\":{\"@type\":\"PropertyValueSpecification\",\"valueRequired\":true,\"valueName\":\"search_term_string\"}}],\"inLanguage\":\"pl-PL\"}]}<\/script>\n<!-- \/ Yoast SEO plugin. -->","yoast_head_json":{"title":"Litter K - 2021 - La Componella FCI","robots":{"index":"index","follow":"follow","max-snippet":"max-snippet:-1","max-image-preview":"max-image-preview:large","max-video-preview":"max-video-preview:-1"},"canonical":"https:\/\/lacomponella.com\/WordPress3\/?page_id=9107","og_locale":"pl_PL","og_type":"article","og_title":"Litter K - 2021 - La Componella FCI","og_description":"Litter &#8222;K&#8221; born 03 of November 2021 3 males and 5 females\u00a0 Males: KAJ &#8211; lives in Poland KEN &#8211; lives in UK KENJIRO &#8211; lives in Poland Females: KAJA ERIS &#8211; lives in Belgium KAJA KAIRA &#8211; lives in Lithuania KIASMA &#8211; lives in Poland KADEN &#8211; lives in Lithuania KEITH &#8211; lives in [&hellip;]","og_url":"https:\/\/lacomponella.com\/WordPress3\/?page_id=9107","og_site_name":"La Componella FCI","article_modified_time":"2022-04-01T17:58:27+00:00","og_image":[{"width":1200,"height":911,"url":"https:\/\/lacomponella.com\/WordPress3\/wp-content\/uploads\/2021\/11\/257725615_318696619753966_8509753057609761355_n-1.jpg","type":"image\/jpeg"}],"twitter_card":"summary_large_image","twitter_misc":{"Szacowany czas czytania":"1 minuta"},"schema":{"@context":"https:\/\/schema.org","@graph":[{"@type":"WebPage","@id":"https:\/\/lacomponella.com\/WordPress3\/?page_id=9107","url":"https:\/\/lacomponella.com\/WordPress3\/?page_id=9107","name":"Litter K - 2021 - La Componella FCI","isPartOf":{"@id":"https:\/\/lacomponella.com\/WordPress3\/#website"},"primaryImageOfPage":{"@id":"https:\/\/lacomponella.com\/WordPress3\/?page_id=9107#primaryimage"},"image":{"@id":"https:\/\/lacomponella.com\/WordPress3\/?page_id=9107#primaryimage"},"thumbnailUrl":"http:\/\/lacomponella.com\/WordPress3\/wp-content\/uploads\/2021\/11\/257725615_318696619753966_8509753057609761355_n-1.jpg","datePublished":"2022-01-11T23:05:44+00:00","dateModified":"2022-04-01T17:58:27+00:00","breadcrumb":{"@id":"https:\/\/lacomponella.com\/WordPress3\/?page_id=9107#breadcrumb"},"inLanguage":"pl-PL","potentialAction":[{"@type":"ReadAction","target":["https:\/\/lacomponella.com\/WordPress3\/?page_id=9107"]}]},{"@type":"ImageObject","inLanguage":"pl-PL","@id":"https:\/\/lacomponella.com\/WordPress3\/?page_id=9107#primaryimage","url":"https:\/\/lacomponella.com\/WordPress3\/wp-content\/uploads\/2021\/11\/257725615_318696619753966_8509753057609761355_n-1.jpg","contentUrl":"https:\/\/lacomponella.com\/WordPress3\/wp-content\/uploads\/2021\/11\/257725615_318696619753966_8509753057609761355_n-1.jpg","width":1200,"height":911},{"@type":"BreadcrumbList","@id":"https:\/\/lacomponella.com\/WordPress3\/?page_id=9107#breadcrumb","itemListElement":[{"@type":"ListItem","position":1,"name":"Strona g\u0142\u00f3wna","item":"https:\/\/lacomponella.com\/WordPress3\/?page_id=4991"},{"@type":"ListItem","position":2,"name":"Litter K &#8211; 2021"}]},{"@type":"WebSite","@id":"https:\/\/lacomponella.com\/WordPress3\/#website","url":"https:\/\/lacomponella.com\/WordPress3\/","name":"La Componella FCI","description":"Hodowla Dog Niemiecki, Xolo i Owczarek Belgijski","potentialAction":[{"@type":"SearchAction","target":{"@type":"EntryPoint","urlTemplate":"https:\/\/lacomponella.com\/WordPress3\/?s={search_term_string}"},"query-input":{"@type":"PropertyValueSpecification","valueRequired":true,"valueName":"search_term_string"}}],"inLanguage":"pl-PL"}]}},"_links":{"self":[{"href":"https:\/\/lacomponella.com\/WordPress3\/index.php?rest_route=\/wp\/v2\/pages\/9107","targetHints":{"allow":["GET"]}}],"collection":[{"href":"https:\/\/lacomponella.com\/WordPress3\/index.php?rest_route=\/wp\/v2\/pages"}],"about":[{"href":"https:\/\/lacomponella.com\/WordPress3\/index.php?rest_route=\/wp\/v2\/types\/page"}],"author":[{"embeddable":true,"href":"https:\/\/lacomponella.com\/WordPress3\/index.php?rest_route=\/wp\/v2\/users\/1"}],"replies":[{"embeddable":true,"href":"https:\/\/lacomponella.com\/WordPress3\/index.php?rest_route=%2Fwp%2Fv2%2Fcomments&post=9107"}],"version-history":[{"count":3,"href":"https:\/\/lacomponella.com\/WordPress3\/index.php?rest_route=\/wp\/v2\/pages\/9107\/revisions"}],"predecessor-version":[{"id":9472,"href":"https:\/\/lacomponella.com\/WordPress3\/index.php?rest_route=\/wp\/v2\/pages\/9107\/revisions\/9472"}],"wp:attachment":[{"href":"https:\/\/lacomponella.com\/WordPress3\/index.php?rest_route=%2Fwp%2Fv2%2Fmedia&parent=9107"}],"curies":[{"name":"wp","href":"https:\/\/api.w.org\/{rel}","templated":true}]}}